{"id":42592,"date":"2023-09-13T15:19:36","date_gmt":"2023-09-13T15:19:36","guid":{"rendered":"https:\/\/evolve-fitness.eu\/product\/evolve-aerobic-step\/"},"modified":"2026-04-23T10:14:18","modified_gmt":"2026-04-23T07:14:18","slug":"evolve-aerobic-step","status":"publish","type":"product","link":"https:\/\/evolve-fitness.eu\/es\/producto\/evolve-aerobic-step\/","title":{"rendered":"Evolve Aerobic Step"},"content":{"rendered":"\n<section class=\"wp-block-group alignfull has-lightgray-background-color has-background is-layout-constrained wp-block-group-is-layout-constrained\">\n<div class=\"wp-block-columns alignwide is-layout-flex wp-container-core-columns-is-layout-2edb0647 wp-block-columns-is-layout-flex\" style=\"margin-top:0;margin-bottom:0\">\n<div class=\"wp-block-column is-layout-flow wp-block-column-is-layout-flow\" style=\"flex-basis:33.33%\"><\/div>\n\n\n\n<div class=\"wp-block-column is-layout-flow wp-block-column-is-layout-flow\" style=\"flex-basis:66.66%\"><\/div>\n<\/div>\n<\/section>\n\n<section class=\"wp-block-group alignfull black-content has-white-color has-darkgray-background-color has-text-color has-background is-layout-constrained wp-block-group-is-layout-constrained\" style=\"padding-top:var(--wp--preset--spacing--section-bottom);padding-bottom:var(--wp--preset--spacing--section-bottom)\">\n<div class=\"wp-block-columns alignwide mobile-reverse is-layout-flex wp-container-core-columns-is-layout-ca64bf2d wp-block-columns-is-layout-flex\" style=\"margin-bottom:var(--wp--preset--spacing--side-padding)\">\n<div class=\"wp-block-column is-vertically-aligned-center is-layout-flow wp-block-column-is-layout-flow\">\n<h3 class=\"wp-block-heading\" style=\"margin-bottom:var(--wp--preset--spacing--h-3-bottom)\"><strong>Evolve Aerobic Step<\/strong><\/h3>\n\n\n\n<p><strong><em>Herramienta vers\u00e1til para el entrenamiento cardiovascular y de fuerza<\/em><\/strong><\/p>\n\n\n\n<p style=\"margin-bottom:var(--wp--preset--spacing--tb-section-padding)\">El step aer\u00f3bico Evolve es una herramienta de fitness esencial dise\u00f1ada para mejorar tus rutinas de entrenamiento cardiovascular y de fuerza. Perfecto para los ejercicios aer\u00f3bicos de step, ayuda a mejorar la salud cardiovascular, tonificar los m\u00fasculos y aumentar la resistencia. Tambi\u00e9n es ideal para ejercicios de fuerza como las flexiones inclinadas y los step-ups, dirigidos a las piernas y la parte superior del cuerpo.<\/p>\n<\/div>\n\n\n\n<div class=\"wp-block-column is-vertically-aligned-center is-layout-flow wp-block-column-is-layout-flow\">\n<figure class=\"wp-block-image size-large\"><img loading=\"lazy\" decoding=\"async\" width=\"1024\" height=\"683\" src=\"https:\/\/evolve-fitness.eu\/wp-content\/uploads\/2023\/09\/A7_05605-1-1-1024x683.png\" alt=\"\" class=\"wp-image-211575\" srcset=\"https:\/\/evolve-fitness.eu\/wp-content\/uploads\/2023\/09\/A7_05605-1-1-1024x683.png 1024w, https:\/\/evolve-fitness.eu\/wp-content\/uploads\/2023\/09\/A7_05605-1-1-300x200.png 300w, https:\/\/evolve-fitness.eu\/wp-content\/uploads\/2023\/09\/A7_05605-1-1-150x100.png 150w, https:\/\/evolve-fitness.eu\/wp-content\/uploads\/2023\/09\/A7_05605-1-1-768x512.png 768w, https:\/\/evolve-fitness.eu\/wp-content\/uploads\/2023\/09\/A7_05605-1-1-1536x1024.png 1536w, https:\/\/evolve-fitness.eu\/wp-content\/uploads\/2023\/09\/A7_05605-1-1-2048x1365.png 2048w, https:\/\/evolve-fitness.eu\/wp-content\/uploads\/2023\/09\/A7_05605-1-1-600x400.png 600w, https:\/\/evolve-fitness.eu\/wp-content\/uploads\/2023\/09\/A7_05605-1-1-225x150.png 225w\" sizes=\"auto, (max-width: 1024px) 100vw, 1024px\" \/><\/figure>\n<\/div>\n<\/div>\n<\/section>\n","protected":false},"excerpt":{"rendered":"<p>Presentamos el Evolve Aerobic Step: su compa\u00f1ero de fitness definitivo. Con tres alturas ajustables (15 cm, 20 cm y 25 cm), este pelda\u00f1o se adapta a distintas intensidades de ejercicio. Su superficie texturizada antideslizante garantiza estabilidad y seguridad durante los entrenamientos. Tanto si se instala en un gimnasio comercial como en casa, su dise\u00f1o compacto ahorra espacio. Adem\u00e1s, es muy f\u00e1cil de limpiar, incluso despu\u00e9s de sesiones de alta intensidad. Eleve su rutina de fitness con el Evolve Aerobic Step.<\/p>\n","protected":false},"featured_media":211563,"template":"","meta":{"_acf_changed":false,"inline_featured_image":false},"product_brand":[],"product_cat":[2927],"product_tag":[],"class_list":{"0":"post-42592","1":"product","2":"type-product","3":"status-publish","4":"has-post-thumbnail","6":"product_cat-estudio","8":"first","9":"instock","10":"virtual","11":"purchasable","12":"product-type-simple"},"acf":{"long_title":"Evolve Aerobic Step","subtitle":"","specifications":[{"label":"SKU","text_value":"EV-GT-AS-002","icon":"x"},{"label":"Longitud","text_value":"90 cm","icon":"x"},{"label":"Anchura","text_value":"35 cm","icon":"x"},{"label":"Tres opciones de altura","text_value":"15 cm \/ 20 cm \/ 25 cm","icon":"x"},{"label":"Peso","text_value":"8 kg","icon":"x"},{"label":"Carga m\u00e1xima","text_value":"200 kg","icon":"x"},{"label":"Superficie texturizada en relieve","text_value":"","icon":"v"},{"label":"Tama\u00f1o compacto","text_value":"","icon":"v"},{"label":"Superficie f\u00e1cil de limpiar","text_value":"","icon":"v"}],"product_frequently_asked_questions":null},"yoast_head":"<!-- This site is optimized with the Yoast SEO plugin v27.4 - https:\/\/yoast.com\/product\/yoast-seo-wordpress\/ -->\n<title>Evolve Aerobic Step - Evolve<\/title>\n<meta name=\"description\" content=\"Presentamos el Evolve Aerobic Step: su compa\u00f1ero de fitness definitivo. Con tres alturas ajustables (15 cm, 20 cm y 25 cm).\" \/>\n<meta name=\"robots\" content=\"index, follow, max-snippet:-1, max-image-preview:large, max-video-preview:-1\" \/>\n<link rel=\"canonical\" href=\"https:\/\/evolve-fitness.eu\/es\/producto\/evolve-aerobic-step\/\" \/>\n<meta property=\"og:locale\" content=\"es_ES\" \/>\n<meta property=\"og:type\" content=\"article\" \/>\n<meta property=\"og:title\" content=\"Evolve Aerobic Step - Evolve\" \/>\n<meta property=\"og:description\" content=\"Presentamos el Evolve Aerobic Step: su compa\u00f1ero de fitness definitivo. Con tres alturas ajustables (15 cm, 20 cm y 25 cm).\" \/>\n<meta property=\"og:url\" content=\"https:\/\/evolve-fitness.eu\/es\/producto\/evolve-aerobic-step\/\" \/>\n<meta property=\"og:site_name\" content=\"Evolve\" \/>\n<meta property=\"article:publisher\" content=\"https:\/\/www.facebook.com\/EvolveFitnessEurope\" \/>\n<meta property=\"article:modified_time\" content=\"2026-04-23T07:14:18+00:00\" \/>\n<meta property=\"og:image\" content=\"https:\/\/evolve-fitness.eu\/wp-content\/uploads\/2023\/09\/A7_05605-1.png\" \/>\n\t<meta property=\"og:image:width\" content=\"2060\" \/>\n\t<meta property=\"og:image:height\" content=\"1373\" \/>\n\t<meta property=\"og:image:type\" content=\"image\/png\" \/>\n<meta name=\"twitter:card\" content=\"summary_large_image\" \/>\n<script type=\"application\/ld+json\" class=\"yoast-schema-graph\">{\"@context\":\"https:\\\/\\\/schema.org\",\"@graph\":[{\"@type\":\"WebPage\",\"@id\":\"https:\\\/\\\/evolve-fitness.eu\\\/es\\\/producto\\\/evolve-aerobic-step\\\/\",\"url\":\"https:\\\/\\\/evolve-fitness.eu\\\/es\\\/producto\\\/evolve-aerobic-step\\\/\",\"name\":\"Evolve Aerobic Step - Evolve\",\"isPartOf\":{\"@id\":\"https:\\\/\\\/evolve-fitness.eu\\\/es\\\/#website\"},\"primaryImageOfPage\":{\"@id\":\"https:\\\/\\\/evolve-fitness.eu\\\/es\\\/producto\\\/evolve-aerobic-step\\\/#primaryimage\"},\"image\":{\"@id\":\"https:\\\/\\\/evolve-fitness.eu\\\/es\\\/producto\\\/evolve-aerobic-step\\\/#primaryimage\"},\"thumbnailUrl\":\"https:\\\/\\\/evolve-fitness.eu\\\/wp-content\\\/uploads\\\/2023\\\/09\\\/A7_05605-1.png\",\"datePublished\":\"2023-09-13T15:19:36+00:00\",\"dateModified\":\"2026-04-23T07:14:18+00:00\",\"description\":\"Presentamos el Evolve Aerobic Step: su compa\u00f1ero de fitness definitivo. Con tres alturas ajustables (15 cm, 20 cm y 25 cm).\",\"breadcrumb\":{\"@id\":\"https:\\\/\\\/evolve-fitness.eu\\\/es\\\/producto\\\/evolve-aerobic-step\\\/#breadcrumb\"},\"inLanguage\":\"es\",\"potentialAction\":[{\"@type\":\"ReadAction\",\"target\":[\"https:\\\/\\\/evolve-fitness.eu\\\/es\\\/producto\\\/evolve-aerobic-step\\\/\"]}]},{\"@type\":\"ImageObject\",\"inLanguage\":\"es\",\"@id\":\"https:\\\/\\\/evolve-fitness.eu\\\/es\\\/producto\\\/evolve-aerobic-step\\\/#primaryimage\",\"url\":\"https:\\\/\\\/evolve-fitness.eu\\\/wp-content\\\/uploads\\\/2023\\\/09\\\/A7_05605-1.png\",\"contentUrl\":\"https:\\\/\\\/evolve-fitness.eu\\\/wp-content\\\/uploads\\\/2023\\\/09\\\/A7_05605-1.png\",\"width\":2060,\"height\":1373},{\"@type\":\"BreadcrumbList\",\"@id\":\"https:\\\/\\\/evolve-fitness.eu\\\/es\\\/producto\\\/evolve-aerobic-step\\\/#breadcrumb\",\"itemListElement\":[{\"@type\":\"ListItem\",\"position\":1,\"name\":\"Home\",\"item\":\"https:\\\/\\\/evolve-fitness.eu\\\/es\\\/\"},{\"@type\":\"ListItem\",\"position\":2,\"name\":\"Productos\",\"item\":\"https:\\\/\\\/evolve-fitness.eu\\\/es\\\/shop\\\/\"},{\"@type\":\"ListItem\",\"position\":3,\"name\":\"Evolve Aerobic Step\"}]},{\"@type\":\"WebSite\",\"@id\":\"https:\\\/\\\/evolve-fitness.eu\\\/es\\\/#website\",\"url\":\"https:\\\/\\\/evolve-fitness.eu\\\/es\\\/\",\"name\":\"Evolve\",\"description\":\"Your Evolved Gear Arrived\",\"publisher\":{\"@id\":\"https:\\\/\\\/evolve-fitness.eu\\\/es\\\/#organization\"},\"potentialAction\":[{\"@type\":\"SearchAction\",\"target\":{\"@type\":\"EntryPoint\",\"urlTemplate\":\"https:\\\/\\\/evolve-fitness.eu\\\/es\\\/?s={search_term_string}\"},\"query-input\":{\"@type\":\"PropertyValueSpecification\",\"valueRequired\":true,\"valueName\":\"search_term_string\"}}],\"inLanguage\":\"es\"},{\"@type\":\"Organization\",\"@id\":\"https:\\\/\\\/evolve-fitness.eu\\\/es\\\/#organization\",\"name\":\"Evolve\",\"url\":\"https:\\\/\\\/evolve-fitness.eu\\\/es\\\/\",\"logo\":{\"@type\":\"ImageObject\",\"inLanguage\":\"es\",\"@id\":\"https:\\\/\\\/evolve-fitness.eu\\\/es\\\/#\\\/schema\\\/logo\\\/image\\\/\",\"url\":\"https:\\\/\\\/evolve-fitness.eu\\\/wp-content\\\/uploads\\\/2023\\\/05\\\/Evolve-logo.svg\",\"contentUrl\":\"https:\\\/\\\/evolve-fitness.eu\\\/wp-content\\\/uploads\\\/2023\\\/05\\\/Evolve-logo.svg\",\"width\":176,\"height\":20,\"caption\":\"Evolve\"},\"image\":{\"@id\":\"https:\\\/\\\/evolve-fitness.eu\\\/es\\\/#\\\/schema\\\/logo\\\/image\\\/\"},\"sameAs\":[\"https:\\\/\\\/www.facebook.com\\\/EvolveFitnessEurope\"]}]}<\/script>\n<!-- \/ Yoast SEO plugin. -->","yoast_head_json":{"title":"Evolve Aerobic Step - Evolve","description":"Presentamos el Evolve Aerobic Step: su compa\u00f1ero de fitness definitivo. Con tres alturas ajustables (15 cm, 20 cm y 25 cm).","robots":{"index":"index","follow":"follow","max-snippet":"max-snippet:-1","max-image-preview":"max-image-preview:large","max-video-preview":"max-video-preview:-1"},"canonical":"https:\/\/evolve-fitness.eu\/es\/producto\/evolve-aerobic-step\/","og_locale":"es_ES","og_type":"article","og_title":"Evolve Aerobic Step - Evolve","og_description":"Presentamos el Evolve Aerobic Step: su compa\u00f1ero de fitness definitivo. Con tres alturas ajustables (15 cm, 20 cm y 25 cm).","og_url":"https:\/\/evolve-fitness.eu\/es\/producto\/evolve-aerobic-step\/","og_site_name":"Evolve","article_publisher":"https:\/\/www.facebook.com\/EvolveFitnessEurope","article_modified_time":"2026-04-23T07:14:18+00:00","og_image":[{"width":2060,"height":1373,"url":"https:\/\/evolve-fitness.eu\/wp-content\/uploads\/2023\/09\/A7_05605-1.png","type":"image\/png"}],"twitter_card":"summary_large_image","schema":{"@context":"https:\/\/schema.org","@graph":[{"@type":"WebPage","@id":"https:\/\/evolve-fitness.eu\/es\/producto\/evolve-aerobic-step\/","url":"https:\/\/evolve-fitness.eu\/es\/producto\/evolve-aerobic-step\/","name":"Evolve Aerobic Step - Evolve","isPartOf":{"@id":"https:\/\/evolve-fitness.eu\/es\/#website"},"primaryImageOfPage":{"@id":"https:\/\/evolve-fitness.eu\/es\/producto\/evolve-aerobic-step\/#primaryimage"},"image":{"@id":"https:\/\/evolve-fitness.eu\/es\/producto\/evolve-aerobic-step\/#primaryimage"},"thumbnailUrl":"https:\/\/evolve-fitness.eu\/wp-content\/uploads\/2023\/09\/A7_05605-1.png","datePublished":"2023-09-13T15:19:36+00:00","dateModified":"2026-04-23T07:14:18+00:00","description":"Presentamos el Evolve Aerobic Step: su compa\u00f1ero de fitness definitivo. Con tres alturas ajustables (15 cm, 20 cm y 25 cm).","breadcrumb":{"@id":"https:\/\/evolve-fitness.eu\/es\/producto\/evolve-aerobic-step\/#breadcrumb"},"inLanguage":"es","potentialAction":[{"@type":"ReadAction","target":["https:\/\/evolve-fitness.eu\/es\/producto\/evolve-aerobic-step\/"]}]},{"@type":"ImageObject","inLanguage":"es","@id":"https:\/\/evolve-fitness.eu\/es\/producto\/evolve-aerobic-step\/#primaryimage","url":"https:\/\/evolve-fitness.eu\/wp-content\/uploads\/2023\/09\/A7_05605-1.png","contentUrl":"https:\/\/evolve-fitness.eu\/wp-content\/uploads\/2023\/09\/A7_05605-1.png","width":2060,"height":1373},{"@type":"BreadcrumbList","@id":"https:\/\/evolve-fitness.eu\/es\/producto\/evolve-aerobic-step\/#breadcrumb","itemListElement":[{"@type":"ListItem","position":1,"name":"Home","item":"https:\/\/evolve-fitness.eu\/es\/"},{"@type":"ListItem","position":2,"name":"Productos","item":"https:\/\/evolve-fitness.eu\/es\/shop\/"},{"@type":"ListItem","position":3,"name":"Evolve Aerobic Step"}]},{"@type":"WebSite","@id":"https:\/\/evolve-fitness.eu\/es\/#website","url":"https:\/\/evolve-fitness.eu\/es\/","name":"Evolve","description":"Your Evolved Gear Arrived","publisher":{"@id":"https:\/\/evolve-fitness.eu\/es\/#organization"},"potentialAction":[{"@type":"SearchAction","target":{"@type":"EntryPoint","urlTemplate":"https:\/\/evolve-fitness.eu\/es\/?s={search_term_string}"},"query-input":{"@type":"PropertyValueSpecification","valueRequired":true,"valueName":"search_term_string"}}],"inLanguage":"es"},{"@type":"Organization","@id":"https:\/\/evolve-fitness.eu\/es\/#organization","name":"Evolve","url":"https:\/\/evolve-fitness.eu\/es\/","logo":{"@type":"ImageObject","inLanguage":"es","@id":"https:\/\/evolve-fitness.eu\/es\/#\/schema\/logo\/image\/","url":"https:\/\/evolve-fitness.eu\/wp-content\/uploads\/2023\/05\/Evolve-logo.svg","contentUrl":"https:\/\/evolve-fitness.eu\/wp-content\/uploads\/2023\/05\/Evolve-logo.svg","width":176,"height":20,"caption":"Evolve"},"image":{"@id":"https:\/\/evolve-fitness.eu\/es\/#\/schema\/logo\/image\/"},"sameAs":["https:\/\/www.facebook.com\/EvolveFitnessEurope"]}]}},"_links":{"self":[{"href":"https:\/\/evolve-fitness.eu\/es\/wp-json\/wp\/v2\/product\/42592","targetHints":{"allow":["GET"]}}],"collection":[{"href":"https:\/\/evolve-fitness.eu\/es\/wp-json\/wp\/v2\/product"}],"about":[{"href":"https:\/\/evolve-fitness.eu\/es\/wp-json\/wp\/v2\/types\/product"}],"wp:featuredmedia":[{"embeddable":true,"href":"https:\/\/evolve-fitness.eu\/es\/wp-json\/wp\/v2\/media\/211563"}],"wp:attachment":[{"href":"https:\/\/evolve-fitness.eu\/es\/wp-json\/wp\/v2\/media?parent=42592"}],"wp:term":[{"taxonomy":"product_brand","embeddable":true,"href":"https:\/\/evolve-fitness.eu\/es\/wp-json\/wp\/v2\/product_brand?post=42592"},{"taxonomy":"product_cat","embeddable":true,"href":"https:\/\/evolve-fitness.eu\/es\/wp-json\/wp\/v2\/product_cat?post=42592"},{"taxonomy":"product_tag","embeddable":true,"href":"https:\/\/evolve-fitness.eu\/es\/wp-json\/wp\/v2\/product_tag?post=42592"}],"curies":[{"name":"wp","href":"https:\/\/api.w.org\/{rel}","templated":true}]}}