{"id":43047,"date":"2023-09-14T11:39:14","date_gmt":"2023-09-14T11:39:14","guid":{"rendered":"https:\/\/evolve-fitness.eu\/product\/evolve-baldosas-de-goma-para-interiores-con-bonito-acabado-100-x-100-x-15-5-cm\/"},"modified":"2025-01-08T09:42:06","modified_gmt":"2025-01-08T09:42:06","slug":"evolve-baldosas-de-goma-para-interiores-con-bonito-acabado-100-x-100-x-15-5-cm","status":"publish","type":"product","link":"https:\/\/evolve-fitness.eu\/es\/producto\/evolve-baldosas-de-goma-para-interiores-con-bonito-acabado-100-x-100-x-15-5-cm\/","title":{"rendered":"Evolve Baldosas de Goma para Interiores con Bonito Acabado 100 x 100 x 1,5 &#8211; 5 cm"},"content":{"rendered":"\n<section class=\"wp-block-group alignfull has-lightgray-background-color has-background is-layout-constrained wp-block-group-is-layout-constrained\">\n<div class=\"wp-block-columns alignwide is-layout-flex wp-container-core-columns-is-layout-2edb0647 wp-block-columns-is-layout-flex\" style=\"margin-top:0;margin-bottom:0\">\n<div class=\"wp-block-column is-layout-flow wp-block-column-is-layout-flow\" style=\"flex-basis:33.33%\"><\/div>\n\n\n\n<div class=\"wp-block-column is-layout-flow wp-block-column-is-layout-flow\" style=\"flex-basis:66.66%\"><\/div>\n<\/div>\n<\/section>\n\n<section class=\"wp-block-group alignfull black-content has-white-color has-darkgray-background-color has-text-color has-background is-layout-constrained wp-block-group-is-layout-constrained\" style=\"padding-top:var(--wp--preset--spacing--section-bottom);padding-bottom:var(--wp--preset--spacing--section-bottom)\">\n<div class=\"wp-block-columns alignwide is-layout-flex wp-container-core-columns-is-layout-c45ee707 wp-block-columns-is-layout-flex\" style=\"margin-bottom:var(--wp--preset--spacing--side-padding);padding-top:var(--wp--preset--spacing--side-padding)\">\n<div class=\"wp-block-column is-vertically-aligned-center is-layout-flow wp-block-column-is-layout-flow\">\n<h3 class=\"wp-block-heading\"><strong>Tecnolog\u00eda avanzada de capa superior de 20 mm<\/strong><\/h3>\n\n\n\n<p><strong><em><strong><em>Dise\u00f1ado para una durabilidad y seguridad superiores<\/em><\/strong><\/em><\/strong><\/p>\n\n\n\n<p style=\"margin-bottom:var(--wp--preset--spacing--tb-section-padding)\">La innovadora capa superior de 20 mm de las Baldosas para Suelos Interiores Evolve las distingue, proporcionando una resistencia inigualable contra el desgaste causado por equipos pesados y ejercicios de alto impacto. Esta avanzada capa absorbe los impactos, reduce el ruido y mejora el agarre, garantizando una experiencia de entrenamiento m\u00e1s segura y c\u00f3moda. Tanto si dejas caer pesas como si practicas movimientos din\u00e1micos, estas baldosas est\u00e1n fabricadas para soportarlo todo con facilidad.  <br\/><br\/>Gracias a este revestimiento, la superficie de goma parece completamente lisa, lo que evita que se desmorone con el tiempo y facilita su limpieza y mantenimiento.<\/p>\n<\/div>\n\n\n\n<div class=\"wp-block-column is-vertically-aligned-center is-layout-flow wp-block-column-is-layout-flow\">\n<figure class=\"wp-block-image size-large\"><img loading=\"lazy\" decoding=\"async\" width=\"1024\" height=\"512\" src=\"https:\/\/evolve-fitness.eu\/wp-content\/uploads\/2023\/09\/2-6-1024x512.jpg\" alt=\"EV-FT-01-15-NF-50NF\" class=\"wp-image-171217\" srcset=\"https:\/\/evolve-fitness.eu\/wp-content\/uploads\/2023\/09\/2-6-1024x512.jpg 1024w, https:\/\/evolve-fitness.eu\/wp-content\/uploads\/2023\/09\/2-6-300x150.jpg 300w, https:\/\/evolve-fitness.eu\/wp-content\/uploads\/2023\/09\/2-6-150x75.jpg 150w, https:\/\/evolve-fitness.eu\/wp-content\/uploads\/2023\/09\/2-6-768x384.jpg 768w, https:\/\/evolve-fitness.eu\/wp-content\/uploads\/2023\/09\/2-6-1536x768.jpg 1536w, https:\/\/evolve-fitness.eu\/wp-content\/uploads\/2023\/09\/2-6-2048x1024.jpg 2048w, https:\/\/evolve-fitness.eu\/wp-content\/uploads\/2023\/09\/2-6-600x300.jpg 600w\" sizes=\"auto, (max-width: 1024px) 100vw, 1024px\" \/><\/figure>\n<\/div>\n<\/div>\n\n\n\n<div class=\"wp-block-columns alignwide are-vertically-aligned-center mobile-reverse is-layout-flex wp-container-core-columns-is-layout-e8158c2f wp-block-columns-is-layout-flex\" style=\"padding-top:var(--wp--preset--spacing--side-padding)\">\n<div class=\"wp-block-column is-vertically-aligned-center is-layout-flow wp-block-column-is-layout-flow\">\n<figure class=\"wp-block-image size-large\"><img loading=\"lazy\" decoding=\"async\" width=\"576\" height=\"1024\" src=\"https:\/\/evolve-fitness.eu\/wp-content\/uploads\/2023\/09\/1-4-576x1024.jpg\" alt=\"\" class=\"wp-image-171242\" srcset=\"https:\/\/evolve-fitness.eu\/wp-content\/uploads\/2023\/09\/1-4-576x1024.jpg 576w, https:\/\/evolve-fitness.eu\/wp-content\/uploads\/2023\/09\/1-4-169x300.jpg 169w, https:\/\/evolve-fitness.eu\/wp-content\/uploads\/2023\/09\/1-4-84x150.jpg 84w, https:\/\/evolve-fitness.eu\/wp-content\/uploads\/2023\/09\/1-4-768x1365.jpg 768w, https:\/\/evolve-fitness.eu\/wp-content\/uploads\/2023\/09\/1-4-864x1536.jpg 864w, https:\/\/evolve-fitness.eu\/wp-content\/uploads\/2023\/09\/1-4-1152x2048.jpg 1152w, https:\/\/evolve-fitness.eu\/wp-content\/uploads\/2023\/09\/1-4-300x533.jpg 300w, https:\/\/evolve-fitness.eu\/wp-content\/uploads\/2023\/09\/1-4-600x1066.jpg 600w, https:\/\/evolve-fitness.eu\/wp-content\/uploads\/2023\/09\/1-4-scaled.jpg 1440w\" sizes=\"auto, (max-width: 576px) 100vw, 576px\" \/><\/figure>\n<\/div>\n\n\n\n<div class=\"wp-block-column is-vertically-aligned-center is-layout-flow wp-block-column-is-layout-flow\">\n<h3 class=\"wp-block-heading\" style=\"margin-bottom:var(--wp--preset--spacing--h-3-bottom)\"><strong>Soluci\u00f3n vers\u00e1til para suelos deportivos<\/strong><\/h3>\n\n\n\n<p><strong><em><strong><em>Dise\u00f1ado para el Fitness y la Excelencia Atl\u00e9tica<\/em><\/strong><\/em><\/strong><\/p>\n\n\n\n<p style=\"margin-bottom:var(--wp--preset--spacing--tb-section-padding)\">Las baldosas para suelos de interior Evolve son la elecci\u00f3n definitiva para crear un entorno deportivo funcional y vers\u00e1til. Su robusta construcci\u00f3n y superficie antideslizante las hacen adecuadas para una amplia gama de actividades, como levantamiento de pesas, cardio, yoga y deportes de equipo. F\u00e1ciles de instalar y mantener, estas baldosas son una opci\u00f3n de suelo fiable que sirve de apoyo a deportistas de todos los niveles de forma f\u00edsica, ofreciendo comodidad, seguridad y rendimiento en cualquier entorno.  <\/p>\n<\/div>\n<\/div>\n<\/section>\n","protected":false},"excerpt":{"rendered":"<p>Las baldosas para suelos de interior Evolve son soluciones para suelos de primera calidad dise\u00f1adas para soportar los entornos de gimnasio m\u00e1s duros, al tiempo que garantizan la seguridad y la durabilidad con una capa superior especializada de 20 mm. Estas baldosas son ideales para aplicaciones duras, ya que ofrecen una excepcional resistencia a los impactos, reducci\u00f3n del ruido y comodidad para diversas actividades deportivas y de fitness. Es muy f\u00e1cil de mantener y limpiar.  <\/p>\n","protected":false},"featured_media":43061,"template":"","meta":{"_acf_changed":false,"inline_featured_image":false},"product_brand":[],"product_cat":[2563,5253],"product_tag":[],"class_list":{"0":"post-43047","1":"product","2":"type-product","3":"status-publish","4":"has-post-thumbnail","6":"product_cat-plataformas-y-suelos","7":"product_cat-suelos","9":"first","10":"instock","11":"shipping-taxable","12":"purchasable","13":"product-type-variable"},"acf":{"long_title":"Evolve Baldosas de Goma para Interiores con Bonito Acabado 100 x 100 x 1,5 - 5 cm","subtitle":"","specifications":[{"label":"SKU","text_value":"EV-FT-01-15-NF-50NF","icon":"x"},{"label":"Densidad","text_value":"1000 kg \/ m3","icon":"x"},{"label":"Capa superior especial","text_value":"20 mm","icon":"v"}]},"yoast_head":"<!-- This site is optimized with the Yoast SEO plugin v26.6 - https:\/\/yoast.com\/wordpress\/plugins\/seo\/ -->\n<title>Evolve Baldosas de Goma para Interiores con Bonito Acabado 100 x 100 x 1,5 - 5 cm - Evolve<\/title>\n<meta name=\"robots\" content=\"index, follow, max-snippet:-1, max-image-preview:large, max-video-preview:-1\" \/>\n<link rel=\"canonical\" href=\"https:\/\/evolve-fitness.eu\/es\/producto\/evolve-baldosas-de-goma-para-interiores-con-bonito-acabado-100-x-100-x-15-5-cm\/\" \/>\n<meta property=\"og:locale\" content=\"es_ES\" \/>\n<meta property=\"og:type\" content=\"article\" \/>\n<meta property=\"og:title\" content=\"Evolve Baldosas de Goma para Interiores con Bonito Acabado 100 x 100 x 1,5 - 5 cm - Evolve\" \/>\n<meta property=\"og:url\" content=\"https:\/\/evolve-fitness.eu\/es\/producto\/evolve-baldosas-de-goma-para-interiores-con-bonito-acabado-100-x-100-x-15-5-cm\/\" \/>\n<meta property=\"og:site_name\" content=\"Evolve\" \/>\n<meta property=\"article:publisher\" content=\"https:\/\/www.facebook.com\/EvolveFitnessEurope\" \/>\n<meta property=\"article:modified_time\" content=\"2025-01-08T09:42:06+00:00\" \/>\n<meta property=\"og:image\" content=\"https:\/\/evolve-fitness.eu\/wp-content\/uploads\/2023\/09\/Evolve-FT-ID-NF-1.png\" \/>\n\t<meta property=\"og:image:width\" content=\"680\" \/>\n\t<meta property=\"og:image:height\" content=\"600\" \/>\n\t<meta property=\"og:image:type\" content=\"image\/png\" \/>\n<meta name=\"twitter:card\" content=\"summary_large_image\" \/>\n<script type=\"application\/ld+json\" class=\"yoast-schema-graph\">{\"@context\":\"https:\/\/schema.org\",\"@graph\":[{\"@type\":\"WebPage\",\"@id\":\"https:\/\/evolve-fitness.eu\/es\/producto\/evolve-baldosas-de-goma-para-interiores-con-bonito-acabado-100-x-100-x-15-5-cm\/\",\"url\":\"https:\/\/evolve-fitness.eu\/es\/producto\/evolve-baldosas-de-goma-para-interiores-con-bonito-acabado-100-x-100-x-15-5-cm\/\",\"name\":\"Evolve Baldosas de Goma para Interiores con Bonito Acabado 100 x 100 x 1,5 - 5 cm - Evolve\",\"isPartOf\":{\"@id\":\"https:\/\/evolve-fitness.eu\/es\/#website\"},\"primaryImageOfPage\":{\"@id\":\"https:\/\/evolve-fitness.eu\/es\/producto\/evolve-baldosas-de-goma-para-interiores-con-bonito-acabado-100-x-100-x-15-5-cm\/#primaryimage\"},\"image\":{\"@id\":\"https:\/\/evolve-fitness.eu\/es\/producto\/evolve-baldosas-de-goma-para-interiores-con-bonito-acabado-100-x-100-x-15-5-cm\/#primaryimage\"},\"thumbnailUrl\":\"https:\/\/evolve-fitness.eu\/wp-content\/uploads\/2023\/09\/Evolve-FT-ID-NF-1.png\",\"datePublished\":\"2023-09-14T11:39:14+00:00\",\"dateModified\":\"2025-01-08T09:42:06+00:00\",\"breadcrumb\":{\"@id\":\"https:\/\/evolve-fitness.eu\/es\/producto\/evolve-baldosas-de-goma-para-interiores-con-bonito-acabado-100-x-100-x-15-5-cm\/#breadcrumb\"},\"inLanguage\":\"es\",\"potentialAction\":[{\"@type\":\"ReadAction\",\"target\":[\"https:\/\/evolve-fitness.eu\/es\/producto\/evolve-baldosas-de-goma-para-interiores-con-bonito-acabado-100-x-100-x-15-5-cm\/\"]}]},{\"@type\":\"ImageObject\",\"inLanguage\":\"es\",\"@id\":\"https:\/\/evolve-fitness.eu\/es\/producto\/evolve-baldosas-de-goma-para-interiores-con-bonito-acabado-100-x-100-x-15-5-cm\/#primaryimage\",\"url\":\"https:\/\/evolve-fitness.eu\/wp-content\/uploads\/2023\/09\/Evolve-FT-ID-NF-1.png\",\"contentUrl\":\"https:\/\/evolve-fitness.eu\/wp-content\/uploads\/2023\/09\/Evolve-FT-ID-NF-1.png\",\"width\":680,\"height\":600},{\"@type\":\"BreadcrumbList\",\"@id\":\"https:\/\/evolve-fitness.eu\/es\/producto\/evolve-baldosas-de-goma-para-interiores-con-bonito-acabado-100-x-100-x-15-5-cm\/#breadcrumb\",\"itemListElement\":[{\"@type\":\"ListItem\",\"position\":1,\"name\":\"Home\",\"item\":\"https:\/\/evolve-fitness.eu\/es\/\"},{\"@type\":\"ListItem\",\"position\":2,\"name\":\"Productos\",\"item\":\"https:\/\/evolve-fitness.eu\/es\/shop\/\"},{\"@type\":\"ListItem\",\"position\":3,\"name\":\"Evolve Baldosas de Goma para Interiores con Bonito Acabado 100 x 100 x 1,5 &#8211; 5 cm\"}]},{\"@type\":\"WebSite\",\"@id\":\"https:\/\/evolve-fitness.eu\/es\/#website\",\"url\":\"https:\/\/evolve-fitness.eu\/es\/\",\"name\":\"Evolve\",\"description\":\"Your Evolved Gear Arrived\",\"publisher\":{\"@id\":\"https:\/\/evolve-fitness.eu\/es\/#organization\"},\"potentialAction\":[{\"@type\":\"SearchAction\",\"target\":{\"@type\":\"EntryPoint\",\"urlTemplate\":\"https:\/\/evolve-fitness.eu\/es\/?s={search_term_string}\"},\"query-input\":{\"@type\":\"PropertyValueSpecification\",\"valueRequired\":true,\"valueName\":\"search_term_string\"}}],\"inLanguage\":\"es\"},{\"@type\":\"Organization\",\"@id\":\"https:\/\/evolve-fitness.eu\/es\/#organization\",\"name\":\"Evolve\",\"url\":\"https:\/\/evolve-fitness.eu\/es\/\",\"logo\":{\"@type\":\"ImageObject\",\"inLanguage\":\"es\",\"@id\":\"https:\/\/evolve-fitness.eu\/es\/#\/schema\/logo\/image\/\",\"url\":\"https:\/\/evolve-fitness.eu\/wp-content\/uploads\/2023\/05\/Evolve-logo.svg\",\"contentUrl\":\"https:\/\/evolve-fitness.eu\/wp-content\/uploads\/2023\/05\/Evolve-logo.svg\",\"width\":176,\"height\":20,\"caption\":\"Evolve\"},\"image\":{\"@id\":\"https:\/\/evolve-fitness.eu\/es\/#\/schema\/logo\/image\/\"},\"sameAs\":[\"https:\/\/www.facebook.com\/EvolveFitnessEurope\"]}]}<\/script>\n<!-- \/ Yoast SEO plugin. -->","yoast_head_json":{"title":"Evolve Baldosas de Goma para Interiores con Bonito Acabado 100 x 100 x 1,5 - 5 cm - Evolve","robots":{"index":"index","follow":"follow","max-snippet":"max-snippet:-1","max-image-preview":"max-image-preview:large","max-video-preview":"max-video-preview:-1"},"canonical":"https:\/\/evolve-fitness.eu\/es\/producto\/evolve-baldosas-de-goma-para-interiores-con-bonito-acabado-100-x-100-x-15-5-cm\/","og_locale":"es_ES","og_type":"article","og_title":"Evolve Baldosas de Goma para Interiores con Bonito Acabado 100 x 100 x 1,5 - 5 cm - Evolve","og_url":"https:\/\/evolve-fitness.eu\/es\/producto\/evolve-baldosas-de-goma-para-interiores-con-bonito-acabado-100-x-100-x-15-5-cm\/","og_site_name":"Evolve","article_publisher":"https:\/\/www.facebook.com\/EvolveFitnessEurope","article_modified_time":"2025-01-08T09:42:06+00:00","og_image":[{"width":680,"height":600,"url":"https:\/\/evolve-fitness.eu\/wp-content\/uploads\/2023\/09\/Evolve-FT-ID-NF-1.png","type":"image\/png"}],"twitter_card":"summary_large_image","schema":{"@context":"https:\/\/schema.org","@graph":[{"@type":"WebPage","@id":"https:\/\/evolve-fitness.eu\/es\/producto\/evolve-baldosas-de-goma-para-interiores-con-bonito-acabado-100-x-100-x-15-5-cm\/","url":"https:\/\/evolve-fitness.eu\/es\/producto\/evolve-baldosas-de-goma-para-interiores-con-bonito-acabado-100-x-100-x-15-5-cm\/","name":"Evolve Baldosas de Goma para Interiores con Bonito Acabado 100 x 100 x 1,5 - 5 cm - Evolve","isPartOf":{"@id":"https:\/\/evolve-fitness.eu\/es\/#website"},"primaryImageOfPage":{"@id":"https:\/\/evolve-fitness.eu\/es\/producto\/evolve-baldosas-de-goma-para-interiores-con-bonito-acabado-100-x-100-x-15-5-cm\/#primaryimage"},"image":{"@id":"https:\/\/evolve-fitness.eu\/es\/producto\/evolve-baldosas-de-goma-para-interiores-con-bonito-acabado-100-x-100-x-15-5-cm\/#primaryimage"},"thumbnailUrl":"https:\/\/evolve-fitness.eu\/wp-content\/uploads\/2023\/09\/Evolve-FT-ID-NF-1.png","datePublished":"2023-09-14T11:39:14+00:00","dateModified":"2025-01-08T09:42:06+00:00","breadcrumb":{"@id":"https:\/\/evolve-fitness.eu\/es\/producto\/evolve-baldosas-de-goma-para-interiores-con-bonito-acabado-100-x-100-x-15-5-cm\/#breadcrumb"},"inLanguage":"es","potentialAction":[{"@type":"ReadAction","target":["https:\/\/evolve-fitness.eu\/es\/producto\/evolve-baldosas-de-goma-para-interiores-con-bonito-acabado-100-x-100-x-15-5-cm\/"]}]},{"@type":"ImageObject","inLanguage":"es","@id":"https:\/\/evolve-fitness.eu\/es\/producto\/evolve-baldosas-de-goma-para-interiores-con-bonito-acabado-100-x-100-x-15-5-cm\/#primaryimage","url":"https:\/\/evolve-fitness.eu\/wp-content\/uploads\/2023\/09\/Evolve-FT-ID-NF-1.png","contentUrl":"https:\/\/evolve-fitness.eu\/wp-content\/uploads\/2023\/09\/Evolve-FT-ID-NF-1.png","width":680,"height":600},{"@type":"BreadcrumbList","@id":"https:\/\/evolve-fitness.eu\/es\/producto\/evolve-baldosas-de-goma-para-interiores-con-bonito-acabado-100-x-100-x-15-5-cm\/#breadcrumb","itemListElement":[{"@type":"ListItem","position":1,"name":"Home","item":"https:\/\/evolve-fitness.eu\/es\/"},{"@type":"ListItem","position":2,"name":"Productos","item":"https:\/\/evolve-fitness.eu\/es\/shop\/"},{"@type":"ListItem","position":3,"name":"Evolve Baldosas de Goma para Interiores con Bonito Acabado 100 x 100 x 1,5 &#8211; 5 cm"}]},{"@type":"WebSite","@id":"https:\/\/evolve-fitness.eu\/es\/#website","url":"https:\/\/evolve-fitness.eu\/es\/","name":"Evolve","description":"Your Evolved Gear Arrived","publisher":{"@id":"https:\/\/evolve-fitness.eu\/es\/#organization"},"potentialAction":[{"@type":"SearchAction","target":{"@type":"EntryPoint","urlTemplate":"https:\/\/evolve-fitness.eu\/es\/?s={search_term_string}"},"query-input":{"@type":"PropertyValueSpecification","valueRequired":true,"valueName":"search_term_string"}}],"inLanguage":"es"},{"@type":"Organization","@id":"https:\/\/evolve-fitness.eu\/es\/#organization","name":"Evolve","url":"https:\/\/evolve-fitness.eu\/es\/","logo":{"@type":"ImageObject","inLanguage":"es","@id":"https:\/\/evolve-fitness.eu\/es\/#\/schema\/logo\/image\/","url":"https:\/\/evolve-fitness.eu\/wp-content\/uploads\/2023\/05\/Evolve-logo.svg","contentUrl":"https:\/\/evolve-fitness.eu\/wp-content\/uploads\/2023\/05\/Evolve-logo.svg","width":176,"height":20,"caption":"Evolve"},"image":{"@id":"https:\/\/evolve-fitness.eu\/es\/#\/schema\/logo\/image\/"},"sameAs":["https:\/\/www.facebook.com\/EvolveFitnessEurope"]}]}},"_links":{"self":[{"href":"https:\/\/evolve-fitness.eu\/es\/wp-json\/wp\/v2\/product\/43047","targetHints":{"allow":["GET"]}}],"collection":[{"href":"https:\/\/evolve-fitness.eu\/es\/wp-json\/wp\/v2\/product"}],"about":[{"href":"https:\/\/evolve-fitness.eu\/es\/wp-json\/wp\/v2\/types\/product"}],"wp:featuredmedia":[{"embeddable":true,"href":"https:\/\/evolve-fitness.eu\/es\/wp-json\/wp\/v2\/media\/43061"}],"wp:attachment":[{"href":"https:\/\/evolve-fitness.eu\/es\/wp-json\/wp\/v2\/media?parent=43047"}],"wp:term":[{"taxonomy":"product_brand","embeddable":true,"href":"https:\/\/evolve-fitness.eu\/es\/wp-json\/wp\/v2\/product_brand?post=43047"},{"taxonomy":"product_cat","embeddable":true,"href":"https:\/\/evolve-fitness.eu\/es\/wp-json\/wp\/v2\/product_cat?post=43047"},{"taxonomy":"product_tag","embeddable":true,"href":"https:\/\/evolve-fitness.eu\/es\/wp-json\/wp\/v2\/product_tag?post=43047"}],"curies":[{"name":"wp","href":"https:\/\/api.w.org\/{rel}","templated":true}]}}