{"id":43352,"date":"2023-09-15T07:25:39","date_gmt":"2023-09-15T04:25:39","guid":{"rendered":"https:\/\/evolve-fitness.eu\/product\/juego-de-almohadillas-blandas-evolve\/"},"modified":"2024-11-26T06:28:51","modified_gmt":"2024-11-26T06:28:51","slug":"juego-de-almohadillas-blandas-evolve","status":"publish","type":"product","link":"https:\/\/evolve-fitness.eu\/es\/producto\/juego-de-almohadillas-blandas-evolve\/","title":{"rendered":"Juego de almohadillas blandas Evolve"},"content":{"rendered":"\n<section class=\"wp-block-group alignfull has-lightgray-background-color has-background is-layout-constrained wp-block-group-is-layout-constrained\">\n<div class=\"wp-block-columns alignwide is-layout-flex wp-container-core-columns-is-layout-2edb0647 wp-block-columns-is-layout-flex\" style=\"margin-top:0;margin-bottom:0\">\n<div class=\"wp-block-column is-layout-flow wp-block-column-is-layout-flow\" style=\"flex-basis:33.33%\"><\/div>\n\n\n\n<div class=\"wp-block-column is-layout-flow wp-block-column-is-layout-flow\" style=\"flex-basis:66.66%\"><\/div>\n<\/div>\n<\/section>\n\n<section class=\"wp-block-group alignfull black-content has-white-color has-darkgray-background-color has-text-color has-background is-layout-constrained wp-block-group-is-layout-constrained\" style=\"padding-top:var(--wp--preset--spacing--section-bottom);padding-bottom:var(--wp--preset--spacing--section-bottom)\">\n<div class=\"wp-block-columns alignwide mobile-reverse is-layout-flex wp-container-core-columns-is-layout-ca64bf2d wp-block-columns-is-layout-flex\" style=\"margin-bottom:var(--wp--preset--spacing--side-padding)\">\n<div class=\"wp-block-column is-vertically-aligned-center is-layout-flow wp-block-column-is-layout-flow\">\n<h3 class=\"wp-block-heading\" style=\"margin-bottom:var(--wp--preset--spacing--h-3-bottom)\"><strong><strong>Maximice su entrenamiento con movilidad<\/strong><\/strong><\/h3>\n\n\n\n<p><strong><em><em>Protecci\u00f3n port\u00e1til<\/em><\/em><\/strong><\/p>\n\n\n\n<p style=\"margin-bottom:var(--wp--preset--spacing--tb-section-padding)\">El Juego de Almohadillas Blandas Evolve ofrece una soluci\u00f3n m\u00f3vil y eficaz para los atletas que buscan reducir el ruido y el impacto durante las sesiones de levantamiento de cargas pesadas.\nEstas almohadillas port\u00e1tiles garantizan la protecci\u00f3n del suelo y del equipo, lo que las convierte en una opci\u00f3n ideal tanto para gimnasios dom\u00e9sticos como comerciales, donde la optimizaci\u00f3n del espacio y el control del ruido son esenciales. <\/p>\n<\/div>\n\n\n\n<div class=\"wp-block-column is-vertically-aligned-center is-layout-flow wp-block-column-is-layout-flow\">\n<figure class=\"wp-block-video\"><video height=\"1080\" style=\"aspect-ratio: 1920 \/ 1080;\" width=\"1920\" autoplay=\"\" controls=\"\" loop=\"\" muted=\"\" src=\"https:\/\/evolve-fitness.eu\/wp-content\/uploads\/2023\/09\/Evolve-Soft-Drop-Pad-Set-Video.mp4\"><\/video><\/figure>\n<\/div>\n<\/div>\n\n\n\n<div class=\"wp-block-columns alignwide is-layout-flex wp-container-core-columns-is-layout-c45ee707 wp-block-columns-is-layout-flex\" style=\"margin-bottom:var(--wp--preset--spacing--side-padding);padding-top:var(--wp--preset--spacing--side-padding)\">\n<div class=\"wp-block-column is-vertically-aligned-center is-layout-flow wp-block-column-is-layout-flow\">\n<figure class=\"wp-block-image size-large\"><img loading=\"lazy\" decoding=\"async\" width=\"1024\" height=\"683\" src=\"https:\/\/evolve-fitness.eu\/wp-content\/uploads\/2023\/09\/Evolve-Soft-Drop-Pad-Set-EV-PF-DP-100-1024x683.jpg\" alt=\"EV-PF-DP-100\" class=\"wp-image-10846\" srcset=\"https:\/\/evolve-fitness.eu\/wp-content\/uploads\/2023\/09\/Evolve-Soft-Drop-Pad-Set-EV-PF-DP-100-1024x683.jpg 1024w, https:\/\/evolve-fitness.eu\/wp-content\/uploads\/2023\/09\/Evolve-Soft-Drop-Pad-Set-EV-PF-DP-100-300x200.jpg 300w, https:\/\/evolve-fitness.eu\/wp-content\/uploads\/2023\/09\/Evolve-Soft-Drop-Pad-Set-EV-PF-DP-100-225x150.jpg 225w, https:\/\/evolve-fitness.eu\/wp-content\/uploads\/2023\/09\/Evolve-Soft-Drop-Pad-Set-EV-PF-DP-100-600x400.jpg 600w, https:\/\/evolve-fitness.eu\/wp-content\/uploads\/2023\/09\/Evolve-Soft-Drop-Pad-Set-EV-PF-DP-100-150x100.jpg 150w, https:\/\/evolve-fitness.eu\/wp-content\/uploads\/2023\/09\/Evolve-Soft-Drop-Pad-Set-EV-PF-DP-100-768x512.jpg 768w, https:\/\/evolve-fitness.eu\/wp-content\/uploads\/2023\/09\/Evolve-Soft-Drop-Pad-Set-EV-PF-DP-100-1536x1024.jpg 1536w, https:\/\/evolve-fitness.eu\/wp-content\/uploads\/2023\/09\/Evolve-Soft-Drop-Pad-Set-EV-PF-DP-100-2048x1365.jpg 2048w\" sizes=\"auto, (max-width: 1024px) 100vw, 1024px\" \/><\/figure>\n<\/div>\n\n\n\n<div class=\"wp-block-column is-vertically-aligned-center is-layout-flow wp-block-column-is-layout-flow\">\n<h3 class=\"wp-block-heading\" style=\"margin-bottom:var(--wp--preset--spacing--h-3-bottom)\"><strong><strong><strong>Materiales innovadores: Resistencia y estilo<\/strong><\/strong><\/strong><\/h3>\n\n\n\n<p><strong><em><em><em>Dise\u00f1o de carbono para una calidad superior<\/em><\/em><\/em><\/strong><\/p>\n\n\n\n<p>El juego de almohadillas blandas Evolve est\u00e1 fabricado con materiales innovadores, y presenta un elegante dise\u00f1o de carbono que no s\u00f3lo aumenta la durabilidad, sino que tambi\u00e9n a\u00f1ade una est\u00e9tica moderna a tu espacio de entrenamiento.\nEstos materiales se eligen por su capacidad para absorber eficazmente los impactos, garantizando la longevidad de las almohadillas y la seguridad de tu equipo. <\/p>\n<\/div>\n<\/div>\n\n\n\n<div class=\"wp-block-columns alignwide is-layout-flex wp-container-core-columns-is-layout-c45ee707 wp-block-columns-is-layout-flex\" style=\"margin-bottom:var(--wp--preset--spacing--side-padding);padding-top:var(--wp--preset--spacing--side-padding)\">\n<div class=\"wp-block-column is-vertically-aligned-center is-layout-flow wp-block-column-is-layout-flow\">\n<h3 class=\"wp-block-heading\" style=\"margin-bottom:var(--wp--preset--spacing--h-3-bottom)\"><strong><strong>Construido para durar: la durabilidad se une al dise\u00f1o<\/strong><\/strong><\/h3>\n\n\n\n<p><strong><em><em>Dise\u00f1ado para resistir<\/em><\/em><\/strong><\/p>\n\n\n\n<p>El juego de almohadillas blandas Evolve destaca por su excepcional durabilidad, dise\u00f1adas para soportar los rigores del uso intensivo en cualquier entorno de fitness.\nFabricadas con materiales de alta calidad, estas almohadillas est\u00e1n dise\u00f1adas para soportar el impacto de los entrenamientos intensos, garantizando un rendimiento y una fiabilidad duraderos.\nIdeales para quienes buscan una soluci\u00f3n duradera para proteger sus suelos y equipos.  <\/p>\n<\/div>\n\n\n\n<div class=\"wp-block-column is-vertically-aligned-center is-layout-flow wp-block-column-is-layout-flow\">\n<figure class=\"wp-block-video\"><video height=\"1080\" style=\"aspect-ratio: 1920 \/ 1080;\" width=\"1920\" autoplay=\"\" controls=\"\" loop=\"\" muted=\"\" src=\"https:\/\/evolve-fitness.eu\/wp-content\/uploads\/2024\/01\/Evolve-Soft-Drop-Pad-Set-2.mp4\"><\/video><\/figure>\n<\/div>\n<\/div>\n\n\n\n<div class=\"wp-block-columns alignwide is-layout-flex wp-container-core-columns-is-layout-c45ee707 wp-block-columns-is-layout-flex\" style=\"margin-bottom:var(--wp--preset--spacing--side-padding);padding-top:var(--wp--preset--spacing--side-padding)\">\n<div class=\"wp-block-column is-vertically-aligned-center is-layout-flow wp-block-column-is-layout-flow\">\n<figure class=\"wp-block-image size-large\"><img loading=\"lazy\" decoding=\"async\" width=\"1024\" height=\"683\" src=\"https:\/\/evolve-fitness.eu\/wp-content\/uploads\/2023\/09\/Evolve-Soft-Drop-Pad-Set-Plate-EV-PF-DP-100-1024x683.jpg\" alt=\"EV-PF-DP-100\" class=\"wp-image-10850\" srcset=\"https:\/\/evolve-fitness.eu\/wp-content\/uploads\/2023\/09\/Evolve-Soft-Drop-Pad-Set-Plate-EV-PF-DP-100-1024x683.jpg 1024w, https:\/\/evolve-fitness.eu\/wp-content\/uploads\/2023\/09\/Evolve-Soft-Drop-Pad-Set-Plate-EV-PF-DP-100-300x200.jpg 300w, https:\/\/evolve-fitness.eu\/wp-content\/uploads\/2023\/09\/Evolve-Soft-Drop-Pad-Set-Plate-EV-PF-DP-100-225x150.jpg 225w, https:\/\/evolve-fitness.eu\/wp-content\/uploads\/2023\/09\/Evolve-Soft-Drop-Pad-Set-Plate-EV-PF-DP-100-600x400.jpg 600w, https:\/\/evolve-fitness.eu\/wp-content\/uploads\/2023\/09\/Evolve-Soft-Drop-Pad-Set-Plate-EV-PF-DP-100-150x100.jpg 150w, https:\/\/evolve-fitness.eu\/wp-content\/uploads\/2023\/09\/Evolve-Soft-Drop-Pad-Set-Plate-EV-PF-DP-100-768x512.jpg 768w, https:\/\/evolve-fitness.eu\/wp-content\/uploads\/2023\/09\/Evolve-Soft-Drop-Pad-Set-Plate-EV-PF-DP-100-1536x1024.jpg 1536w, https:\/\/evolve-fitness.eu\/wp-content\/uploads\/2023\/09\/Evolve-Soft-Drop-Pad-Set-Plate-EV-PF-DP-100-2048x1365.jpg 2048w\" sizes=\"auto, (max-width: 1024px) 100vw, 1024px\" \/><\/figure>\n<\/div>\n\n\n\n<div class=\"wp-block-column is-vertically-aligned-center is-layout-flow wp-block-column-is-layout-flow\">\n<h3 class=\"wp-block-heading\" style=\"margin-bottom:var(--wp--preset--spacing--h-3-bottom)\"><strong><strong><strong><strong><strong>Integraci\u00f3n perfecta<\/strong><\/strong><\/strong><\/strong><\/strong><\/h3>\n\n\n\n<p><strong><em><strong><strong><strong><strong><strong><strong>Est\u00e9tica y Funcionalidad<\/strong><\/strong><\/strong><\/strong><\/strong><\/strong>lidad<em>que armoniza con la Serie Carbono de Evolve<\/em><\/em><\/strong><\/p>\n\n\n\n<p>Para una integraci\u00f3n perfecta en tu gimnasio, el conjunto de almohadillas blandas Evolve est\u00e1 dise\u00f1ado para complementar otros equipos Evolve, incluidas las barras, los pesos libres y los art\u00edculos de la serie de carbono.\nEl dise\u00f1o cohesivo garantiza un aspecto y una sensaci\u00f3n unificados en todo tu espacio de entrenamiento, mejorando tanto la funcionalidad como el atractivo est\u00e9tico. <\/p>\n<\/div>\n<\/div>\n<\/section>\n","protected":false},"excerpt":{"rendered":"<p>Presentamos el juego de almohadillas blandas Evolve: la soluci\u00f3n definitiva para proteger el ruido y el suelo \u00bfEst\u00e1 cansado del ruido constante y de los da\u00f1os en el suelo causados por las ca\u00eddas de pesas y barras en su gimnasio? No busque m\u00e1s: Evolve Soft Drop Pad Set. Dise\u00f1adas para revolucionar su espacio de entrenamiento, estas almohadillas est\u00e1n dise\u00f1adas para reducir el ruido, proteger el suelo y ofrecer un toque de estilo moderno a su gimnasio.<\/p>\n","protected":false},"featured_media":43369,"template":"","meta":{"_acf_changed":false,"inline_featured_image":false},"product_brand":[],"product_cat":[2846,3884],"product_tag":[],"class_list":{"0":"post-43352","1":"product","2":"type-product","3":"status-publish","4":"has-post-thumbnail","6":"product_cat-transversal-y-funcional","7":"product_cat-equipamiento-funcional","9":"first","10":"instock","11":"virtual","12":"purchasable","13":"product-type-simple"},"acf":{"long_title":"Juego de almohadillas blandas Evolve","subtitle":"","specifications":[{"label":"SKU","text_value":"EV-PF-DP-100","icon":"x"},{"label":"Dimensiones","text_value":"76 x 60 x 20 cm","icon":"x"},{"label":"Peso","text_value":"20 kg","icon":"x"},{"label":"Resistente al moho","text_value":"","icon":"v"},{"label":"Cubierta de PVC de gran resistencia al desgarro","text_value":"","icon":"v"},{"label":"Aspecto carbono","text_value":"","icon":"v"},{"label":"La espuma de alta densidad absorbe y difumina el ruido","text_value":"","icon":"v"}]},"yoast_head":"<!-- This site is optimized with the Yoast SEO plugin v26.6 - https:\/\/yoast.com\/wordpress\/plugins\/seo\/ -->\n<title>Juego de almohadillas blandas Evolve - Evolve<\/title>\n<meta name=\"robots\" content=\"index, follow, max-snippet:-1, max-image-preview:large, max-video-preview:-1\" \/>\n<link rel=\"canonical\" href=\"https:\/\/evolve-fitness.eu\/es\/producto\/juego-de-almohadillas-blandas-evolve\/\" \/>\n<meta property=\"og:locale\" content=\"es_ES\" \/>\n<meta property=\"og:type\" content=\"article\" \/>\n<meta property=\"og:title\" content=\"Juego de almohadillas blandas Evolve - Evolve\" \/>\n<meta property=\"og:url\" content=\"https:\/\/evolve-fitness.eu\/es\/producto\/juego-de-almohadillas-blandas-evolve\/\" \/>\n<meta property=\"og:site_name\" content=\"Evolve\" \/>\n<meta property=\"article:publisher\" content=\"https:\/\/www.facebook.com\/EvolveFitnessEurope\" \/>\n<meta property=\"article:modified_time\" content=\"2024-11-26T06:28:51+00:00\" \/>\n<meta property=\"og:image\" content=\"https:\/\/evolve-fitness.eu\/wp-content\/uploads\/2023\/09\/Soft-Drop-Pad-Set.png\" \/>\n\t<meta property=\"og:image:width\" content=\"680\" \/>\n\t<meta property=\"og:image:height\" content=\"600\" \/>\n\t<meta property=\"og:image:type\" content=\"image\/png\" \/>\n<meta name=\"twitter:card\" content=\"summary_large_image\" \/>\n<script type=\"application\/ld+json\" class=\"yoast-schema-graph\">{\"@context\":\"https:\/\/schema.org\",\"@graph\":[{\"@type\":\"WebPage\",\"@id\":\"https:\/\/evolve-fitness.eu\/es\/producto\/juego-de-almohadillas-blandas-evolve\/\",\"url\":\"https:\/\/evolve-fitness.eu\/es\/producto\/juego-de-almohadillas-blandas-evolve\/\",\"name\":\"Juego de almohadillas blandas Evolve - Evolve\",\"isPartOf\":{\"@id\":\"https:\/\/evolve-fitness.eu\/es\/#website\"},\"primaryImageOfPage\":{\"@id\":\"https:\/\/evolve-fitness.eu\/es\/producto\/juego-de-almohadillas-blandas-evolve\/#primaryimage\"},\"image\":{\"@id\":\"https:\/\/evolve-fitness.eu\/es\/producto\/juego-de-almohadillas-blandas-evolve\/#primaryimage\"},\"thumbnailUrl\":\"https:\/\/evolve-fitness.eu\/wp-content\/uploads\/2023\/09\/Soft-Drop-Pad-Set.png\",\"datePublished\":\"2023-09-15T04:25:39+00:00\",\"dateModified\":\"2024-11-26T06:28:51+00:00\",\"breadcrumb\":{\"@id\":\"https:\/\/evolve-fitness.eu\/es\/producto\/juego-de-almohadillas-blandas-evolve\/#breadcrumb\"},\"inLanguage\":\"es\",\"potentialAction\":[{\"@type\":\"ReadAction\",\"target\":[\"https:\/\/evolve-fitness.eu\/es\/producto\/juego-de-almohadillas-blandas-evolve\/\"]}]},{\"@type\":\"ImageObject\",\"inLanguage\":\"es\",\"@id\":\"https:\/\/evolve-fitness.eu\/es\/producto\/juego-de-almohadillas-blandas-evolve\/#primaryimage\",\"url\":\"https:\/\/evolve-fitness.eu\/wp-content\/uploads\/2023\/09\/Soft-Drop-Pad-Set.png\",\"contentUrl\":\"https:\/\/evolve-fitness.eu\/wp-content\/uploads\/2023\/09\/Soft-Drop-Pad-Set.png\",\"width\":680,\"height\":600,\"caption\":\"EV-PF-DP-100\"},{\"@type\":\"BreadcrumbList\",\"@id\":\"https:\/\/evolve-fitness.eu\/es\/producto\/juego-de-almohadillas-blandas-evolve\/#breadcrumb\",\"itemListElement\":[{\"@type\":\"ListItem\",\"position\":1,\"name\":\"Home\",\"item\":\"https:\/\/evolve-fitness.eu\/es\/\"},{\"@type\":\"ListItem\",\"position\":2,\"name\":\"Productos\",\"item\":\"https:\/\/evolve-fitness.eu\/es\/shop\/\"},{\"@type\":\"ListItem\",\"position\":3,\"name\":\"Juego de almohadillas blandas Evolve\"}]},{\"@type\":\"WebSite\",\"@id\":\"https:\/\/evolve-fitness.eu\/es\/#website\",\"url\":\"https:\/\/evolve-fitness.eu\/es\/\",\"name\":\"Evolve\",\"description\":\"Your Evolved Gear Arrived\",\"publisher\":{\"@id\":\"https:\/\/evolve-fitness.eu\/es\/#organization\"},\"potentialAction\":[{\"@type\":\"SearchAction\",\"target\":{\"@type\":\"EntryPoint\",\"urlTemplate\":\"https:\/\/evolve-fitness.eu\/es\/?s={search_term_string}\"},\"query-input\":{\"@type\":\"PropertyValueSpecification\",\"valueRequired\":true,\"valueName\":\"search_term_string\"}}],\"inLanguage\":\"es\"},{\"@type\":\"Organization\",\"@id\":\"https:\/\/evolve-fitness.eu\/es\/#organization\",\"name\":\"Evolve\",\"url\":\"https:\/\/evolve-fitness.eu\/es\/\",\"logo\":{\"@type\":\"ImageObject\",\"inLanguage\":\"es\",\"@id\":\"https:\/\/evolve-fitness.eu\/es\/#\/schema\/logo\/image\/\",\"url\":\"https:\/\/evolve-fitness.eu\/wp-content\/uploads\/2023\/05\/Evolve-logo.svg\",\"contentUrl\":\"https:\/\/evolve-fitness.eu\/wp-content\/uploads\/2023\/05\/Evolve-logo.svg\",\"width\":176,\"height\":20,\"caption\":\"Evolve\"},\"image\":{\"@id\":\"https:\/\/evolve-fitness.eu\/es\/#\/schema\/logo\/image\/\"},\"sameAs\":[\"https:\/\/www.facebook.com\/EvolveFitnessEurope\"]}]}<\/script>\n<!-- \/ Yoast SEO plugin. -->","yoast_head_json":{"title":"Juego de almohadillas blandas Evolve - Evolve","robots":{"index":"index","follow":"follow","max-snippet":"max-snippet:-1","max-image-preview":"max-image-preview:large","max-video-preview":"max-video-preview:-1"},"canonical":"https:\/\/evolve-fitness.eu\/es\/producto\/juego-de-almohadillas-blandas-evolve\/","og_locale":"es_ES","og_type":"article","og_title":"Juego de almohadillas blandas Evolve - Evolve","og_url":"https:\/\/evolve-fitness.eu\/es\/producto\/juego-de-almohadillas-blandas-evolve\/","og_site_name":"Evolve","article_publisher":"https:\/\/www.facebook.com\/EvolveFitnessEurope","article_modified_time":"2024-11-26T06:28:51+00:00","og_image":[{"width":680,"height":600,"url":"https:\/\/evolve-fitness.eu\/wp-content\/uploads\/2023\/09\/Soft-Drop-Pad-Set.png","type":"image\/png"}],"twitter_card":"summary_large_image","schema":{"@context":"https:\/\/schema.org","@graph":[{"@type":"WebPage","@id":"https:\/\/evolve-fitness.eu\/es\/producto\/juego-de-almohadillas-blandas-evolve\/","url":"https:\/\/evolve-fitness.eu\/es\/producto\/juego-de-almohadillas-blandas-evolve\/","name":"Juego de almohadillas blandas Evolve - Evolve","isPartOf":{"@id":"https:\/\/evolve-fitness.eu\/es\/#website"},"primaryImageOfPage":{"@id":"https:\/\/evolve-fitness.eu\/es\/producto\/juego-de-almohadillas-blandas-evolve\/#primaryimage"},"image":{"@id":"https:\/\/evolve-fitness.eu\/es\/producto\/juego-de-almohadillas-blandas-evolve\/#primaryimage"},"thumbnailUrl":"https:\/\/evolve-fitness.eu\/wp-content\/uploads\/2023\/09\/Soft-Drop-Pad-Set.png","datePublished":"2023-09-15T04:25:39+00:00","dateModified":"2024-11-26T06:28:51+00:00","breadcrumb":{"@id":"https:\/\/evolve-fitness.eu\/es\/producto\/juego-de-almohadillas-blandas-evolve\/#breadcrumb"},"inLanguage":"es","potentialAction":[{"@type":"ReadAction","target":["https:\/\/evolve-fitness.eu\/es\/producto\/juego-de-almohadillas-blandas-evolve\/"]}]},{"@type":"ImageObject","inLanguage":"es","@id":"https:\/\/evolve-fitness.eu\/es\/producto\/juego-de-almohadillas-blandas-evolve\/#primaryimage","url":"https:\/\/evolve-fitness.eu\/wp-content\/uploads\/2023\/09\/Soft-Drop-Pad-Set.png","contentUrl":"https:\/\/evolve-fitness.eu\/wp-content\/uploads\/2023\/09\/Soft-Drop-Pad-Set.png","width":680,"height":600,"caption":"EV-PF-DP-100"},{"@type":"BreadcrumbList","@id":"https:\/\/evolve-fitness.eu\/es\/producto\/juego-de-almohadillas-blandas-evolve\/#breadcrumb","itemListElement":[{"@type":"ListItem","position":1,"name":"Home","item":"https:\/\/evolve-fitness.eu\/es\/"},{"@type":"ListItem","position":2,"name":"Productos","item":"https:\/\/evolve-fitness.eu\/es\/shop\/"},{"@type":"ListItem","position":3,"name":"Juego de almohadillas blandas Evolve"}]},{"@type":"WebSite","@id":"https:\/\/evolve-fitness.eu\/es\/#website","url":"https:\/\/evolve-fitness.eu\/es\/","name":"Evolve","description":"Your Evolved Gear Arrived","publisher":{"@id":"https:\/\/evolve-fitness.eu\/es\/#organization"},"potentialAction":[{"@type":"SearchAction","target":{"@type":"EntryPoint","urlTemplate":"https:\/\/evolve-fitness.eu\/es\/?s={search_term_string}"},"query-input":{"@type":"PropertyValueSpecification","valueRequired":true,"valueName":"search_term_string"}}],"inLanguage":"es"},{"@type":"Organization","@id":"https:\/\/evolve-fitness.eu\/es\/#organization","name":"Evolve","url":"https:\/\/evolve-fitness.eu\/es\/","logo":{"@type":"ImageObject","inLanguage":"es","@id":"https:\/\/evolve-fitness.eu\/es\/#\/schema\/logo\/image\/","url":"https:\/\/evolve-fitness.eu\/wp-content\/uploads\/2023\/05\/Evolve-logo.svg","contentUrl":"https:\/\/evolve-fitness.eu\/wp-content\/uploads\/2023\/05\/Evolve-logo.svg","width":176,"height":20,"caption":"Evolve"},"image":{"@id":"https:\/\/evolve-fitness.eu\/es\/#\/schema\/logo\/image\/"},"sameAs":["https:\/\/www.facebook.com\/EvolveFitnessEurope"]}]}},"_links":{"self":[{"href":"https:\/\/evolve-fitness.eu\/es\/wp-json\/wp\/v2\/product\/43352","targetHints":{"allow":["GET"]}}],"collection":[{"href":"https:\/\/evolve-fitness.eu\/es\/wp-json\/wp\/v2\/product"}],"about":[{"href":"https:\/\/evolve-fitness.eu\/es\/wp-json\/wp\/v2\/types\/product"}],"wp:featuredmedia":[{"embeddable":true,"href":"https:\/\/evolve-fitness.eu\/es\/wp-json\/wp\/v2\/media\/43369"}],"wp:attachment":[{"href":"https:\/\/evolve-fitness.eu\/es\/wp-json\/wp\/v2\/media?parent=43352"}],"wp:term":[{"taxonomy":"product_brand","embeddable":true,"href":"https:\/\/evolve-fitness.eu\/es\/wp-json\/wp\/v2\/product_brand?post=43352"},{"taxonomy":"product_cat","embeddable":true,"href":"https:\/\/evolve-fitness.eu\/es\/wp-json\/wp\/v2\/product_cat?post=43352"},{"taxonomy":"product_tag","embeddable":true,"href":"https:\/\/evolve-fitness.eu\/es\/wp-json\/wp\/v2\/product_tag?post=43352"}],"curies":[{"name":"wp","href":"https:\/\/api.w.org\/{rel}","templated":true}]}}