{"id":43864,"date":"2023-09-15T06:41:38","date_gmt":"2023-09-15T06:41:38","guid":{"rendered":"https:\/\/evolve-fitness.eu\/product\/evolve-soft-plyo-box-3-en-1\/"},"modified":"2025-01-27T13:23:11","modified_gmt":"2025-01-27T13:23:11","slug":"evolve-soft-plyo-box-3-en-1","status":"publish","type":"product","link":"https:\/\/evolve-fitness.eu\/es\/producto\/evolve-soft-plyo-box-3-en-1\/","title":{"rendered":"Evolve Soft Plyo Box 3 en 1"},"content":{"rendered":"\n<section class=\"wp-block-group alignfull has-lightgray-background-color has-background is-layout-constrained wp-block-group-is-layout-constrained\">\n<div class=\"wp-block-columns alignwide is-layout-flex wp-container-core-columns-is-layout-2edb0647 wp-block-columns-is-layout-flex\" style=\"margin-top:0;margin-bottom:0\">\n<div class=\"wp-block-column is-layout-flow wp-block-column-is-layout-flow\" style=\"flex-basis:33.33%\"><\/div>\n\n\n\n<div class=\"wp-block-column is-layout-flow wp-block-column-is-layout-flow\" style=\"flex-basis:66.66%\"><\/div>\n<\/div>\n<\/section>\n\n<section class=\"wp-block-group alignfull black-content has-white-color has-darkgray-background-color has-text-color has-background is-layout-constrained wp-block-group-is-layout-constrained\" style=\"padding-top:var(--wp--preset--spacing--section-bottom);padding-bottom:var(--wp--preset--spacing--section-bottom)\">\n<div class=\"wp-block-columns alignwide is-layout-flex wp-container-core-columns-is-layout-c45ee707 wp-block-columns-is-layout-flex\" style=\"margin-bottom:var(--wp--preset--spacing--side-padding);padding-top:var(--wp--preset--spacing--side-padding)\">\n<div class=\"wp-block-column is-vertically-aligned-center is-layout-flow wp-block-column-is-layout-flow\">\n<figure class=\"wp-block-video\"><video height=\"1080\" style=\"aspect-ratio: 1920 \/ 1080;\" width=\"1920\" autoplay=\"\" controls=\"\" loop=\"\" muted=\"\" src=\"https:\/\/evolve-fitness.eu\/wp-content\/uploads\/2023\/09\/EV-PF-SP-300.mp4\"><\/video><\/figure>\n<\/div>\n\n\n\n<div class=\"wp-block-column is-vertically-aligned-center is-layout-constrained wp-block-column-is-layout-constrained\">\n<h3 class=\"wp-block-heading\" style=\"margin-bottom:var(--wp--preset--spacing--h-3-bottom)\">Soft Plyo Box 3 en 1  <\/h3>\n\n\n\n<p><strong><em><strong><em>Equipos de fitness vers\u00e1tiles<\/em><\/strong><\/em><\/strong><\/p>\n\n\n\n<p style=\"margin-bottom:var(--wp--preset--spacing--tb-section-padding)\">Ofrece tres alturas ajustables (51 cm, 61 cm, 76 cm) \u00a1en una sola caja! Est\u00e1 dise\u00f1ado para una variedad de ejercicios como saltos de caja, flexiones y estocadas. El producto presenta un n\u00facleo de espuma de alta densidad y una cubierta de PVC de gran resistencia al desgarro con un elegante aspecto de carbono. Este plyo box es ideal tanto para uso comercial como dom\u00e9stico, garantizando entrenamientos respetuosos con las articulaciones, protegiendo caderas, rodillas y tobillos gracias a su superficie antideslizante.<\/p>\n\n\n\n<h3 class=\"wp-block-heading\" style=\"margin-bottom:var(--wp--preset--spacing--h-3-bottom)\">Aspecto distintivo de carbono<\/h3>\n\n\n\n<p><em><strong>Un atractivo est\u00e9tico a\u00f1adido a su funcionalidad<\/strong><\/em><\/p>\n\n\n\n<p>Este elegante dise\u00f1o, conseguido gracias a una cubierta de PVC de alta resistencia al desgarro, no s\u00f3lo realza el aspecto visual del equipo, sino que tambi\u00e9n contribuye a su durabilidad. El aspecto de carbono le confiere una apariencia moderna y profesional, lo que la hace adecuada tanto para gimnasios dom\u00e9sticos como para gimnasios comerciales, y su superficie antideslizante garantiza la seguridad incluso durante entrenamientos intensos.<\/p>\n<\/div>\n<\/div>\n\n\n\n<div class=\"wp-block-columns alignwide is-layout-flex wp-container-core-columns-is-layout-c45ee707 wp-block-columns-is-layout-flex\" style=\"margin-bottom:var(--wp--preset--spacing--side-padding);padding-top:var(--wp--preset--spacing--side-padding)\">\n<div class=\"wp-block-column is-vertically-aligned-center is-layout-flow wp-block-column-is-layout-flow\">\n<h3 class=\"wp-block-heading\" style=\"margin-bottom:var(--wp--preset--spacing--h-3-bottom)\">tu cuerpo es todo lo que necesitas<\/h3>\n\n\n\n<p>Ideal para ejercicios de peso corporal<\/p>\n\n\n\n<p>El conjunto de almohadillas blandas Evolve es ideal para mejorar tus rutinas de ejercicios con el peso corporal, ya que ofrece comodidad y reduce el impacto. Aqu\u00ed tienes algunos de los mejores ejercicios para realizar con estas almohadillas:<\/p>\n\n\n\n<ol class=\"wp-block-list\">\n<li><strong>Flexiones<\/strong>: Reduce la tensi\u00f3n de la mu\u00f1eca con una mayor amortiguaci\u00f3n.<\/li>\n\n\n\n<li><strong>Burpees<\/strong>: Suaviza el aterrizaje, minimizando el ruido y el impacto.<\/li>\n\n\n\n<li><strong>Planchas y Variaciones<\/strong>: Proporciona una superficie estable y c\u00f3moda para los antebrazos.<\/li>\n\n\n\n<li><strong>Escaladores<\/strong>: Alivia el impacto articular, permitiendo movimientos m\u00e1s suaves.<\/li>\n\n\n\n<li><strong>Estocadas<\/strong>: Amortigua las rodillas durante las estocadas profundas para mejorar la comodidad y la forma.<\/li>\n<\/ol>\n\n\n\n<p>Estas almohadillas garantizan una experiencia de entrenamiento m\u00e1s segura y c\u00f3moda.<\/p>\n<\/div>\n\n\n\n<div class=\"wp-block-column is-vertically-aligned-center is-layout-flow wp-block-column-is-layout-flow\">\n<div class=\"wp-block-columns is-layout-flex wp-container-core-columns-is-layout-9d6595d7 wp-block-columns-is-layout-flex\">\n<div class=\"wp-block-column is-layout-flow wp-block-column-is-layout-flow\">\n<figure class=\"wp-block-video\"><video height=\"1080\" style=\"aspect-ratio: 1920 \/ 1080;\" width=\"1920\" autoplay=\"\" controls=\"\" loop=\"\" muted=\"\" src=\"https:\/\/evolve-fitness.eu\/wp-content\/uploads\/2024\/07\/5.mp4\"><\/video><\/figure>\n<\/div>\n<\/div>\n<\/div>\n<\/div>\n\n\n\n<div class=\"wp-block-columns alignwide is-layout-flex wp-container-core-columns-is-layout-c45ee707 wp-block-columns-is-layout-flex\" style=\"margin-bottom:var(--wp--preset--spacing--side-padding);padding-top:var(--wp--preset--spacing--side-padding)\">\n<div class=\"wp-block-column is-vertically-aligned-center is-layout-flow wp-block-column-is-layout-flow\">\n<figure class=\"wp-block-image size-large\"><img loading=\"lazy\" decoding=\"async\" width=\"1024\" height=\"683\" src=\"https:\/\/evolve-fitness.eu\/wp-content\/uploads\/2024\/01\/EV-PF-SP-300-51-76-1024x683.webp\" alt=\"EV-PF-SP-300\" class=\"wp-image-9784\" srcset=\"https:\/\/evolve-fitness.eu\/wp-content\/uploads\/2024\/01\/EV-PF-SP-300-51-76-1024x683.webp 1024w, https:\/\/evolve-fitness.eu\/wp-content\/uploads\/2024\/01\/EV-PF-SP-300-51-76-300x200.webp 300w, https:\/\/evolve-fitness.eu\/wp-content\/uploads\/2024\/01\/EV-PF-SP-300-51-76-225x150.webp 225w, https:\/\/evolve-fitness.eu\/wp-content\/uploads\/2024\/01\/EV-PF-SP-300-51-76-600x400.webp 600w, https:\/\/evolve-fitness.eu\/wp-content\/uploads\/2024\/01\/EV-PF-SP-300-51-76-150x100.webp 150w, https:\/\/evolve-fitness.eu\/wp-content\/uploads\/2024\/01\/EV-PF-SP-300-51-76-768x512.webp 768w, https:\/\/evolve-fitness.eu\/wp-content\/uploads\/2024\/01\/EV-PF-SP-300-51-76-1536x1024.webp 1536w, https:\/\/evolve-fitness.eu\/wp-content\/uploads\/2024\/01\/EV-PF-SP-300-51-76.webp 1920w\" sizes=\"auto, (max-width: 1024px) 100vw, 1024px\" \/><\/figure>\n<\/div>\n\n\n\n<div class=\"wp-block-column is-vertically-aligned-center is-layout-flow wp-block-column-is-layout-flow\">\n<h3 class=\"wp-block-heading\" style=\"margin-bottom:var(--wp--preset--spacing--h-3-bottom)\"><strong>la ventaja de tres alturas diferentes en una sola caja<\/strong><\/h3>\n\n\n\n<p><strong><em><strong>Aumento de su utilidad para diversos ejercicios<\/strong><\/em><\/strong><\/p>\n\n\n\n<p>Esta versatilidad permite a los usuarios aumentar progresivamente la dificultad de sus entrenamientos, adapt\u00e1ndose a diferentes niveles de forma f\u00edsica. Es especialmente beneficioso en el entrenamiento pliom\u00e9trico, ya que ayuda a mejorar la potencia, la velocidad y el salto vertical. Las variadas opciones de altura lo hacen adecuado para un p\u00fablico amplio, desde principiantes hasta atletas avanzados.<\/p>\n<\/div>\n<\/div>\n<\/section>\n","protected":false},"excerpt":{"rendered":"<p>Presentamos el Evolve Soft Plyo Box 3 en 1: \u00a1Tu compa\u00f1ero de fitness definitivo! Tres alturas, una caja: Con alturas ajustables de 51 cm (20&#8243;), 61 cm (24&#8243;) y 76 cm (30&#8243;), este vers\u00e1til plyo box es perfecto para saltos, flexiones, estocadas, dips y mucho m\u00e1s. Construido para durar: Dise\u00f1ado para uso comercial, es ideal para gimnasios dom\u00e9sticos, gimnasios profesionales, bases militares, hoteles, albergues y centros de rehabilitaci\u00f3n. Actualiza tu rutina de fitness con el Evolve Soft Plyo Box 3 en 1 y \u00a1evoluciona tus entrenamientos hoy mismo!<\/p>\n","protected":false},"featured_media":43898,"template":"","meta":{"_acf_changed":false,"inline_featured_image":false},"product_brand":[],"product_cat":[2846,3884],"product_tag":[],"class_list":{"0":"post-43864","1":"product","2":"type-product","3":"status-publish","4":"has-post-thumbnail","6":"product_cat-transversal-y-funcional","7":"product_cat-equipamiento-funcional","9":"first","10":"instock","11":"virtual","12":"purchasable","13":"product-type-simple"},"acf":{"long_title":"Evolve Soft Plyo Box 3 en 1","subtitle":"","specifications":[{"label":"SKU","text_value":"EV-PF-SP-300","icon":"x"},{"label":"3 opciones de altura","text_value":"51 cm (20\"), 61 cm (24\"), 76 cm (30\").","icon":"x"},{"label":"Peso","text_value":"36 kg","icon":"x"},{"label":"Espuma de alta densidad","text_value":"","icon":"v"},{"label":"Cubierta de PVC de gran resistencia al desgarro","text_value":"","icon":"v"},{"label":"Aspecto carbono","text_value":"","icon":"v"}]},"yoast_head":"<!-- This site is optimized with the Yoast SEO plugin v26.6 - https:\/\/yoast.com\/wordpress\/plugins\/seo\/ -->\n<title>Evolve Soft Plyo Box 3 en 1 - Evolve<\/title>\n<meta name=\"robots\" content=\"index, follow, max-snippet:-1, max-image-preview:large, max-video-preview:-1\" \/>\n<link rel=\"canonical\" href=\"https:\/\/evolve-fitness.eu\/es\/producto\/evolve-soft-plyo-box-3-en-1\/\" \/>\n<meta property=\"og:locale\" content=\"es_ES\" \/>\n<meta property=\"og:type\" content=\"article\" \/>\n<meta property=\"og:title\" content=\"Evolve Soft Plyo Box 3 en 1 - Evolve\" \/>\n<meta property=\"og:url\" content=\"https:\/\/evolve-fitness.eu\/es\/producto\/evolve-soft-plyo-box-3-en-1\/\" \/>\n<meta property=\"og:site_name\" content=\"Evolve\" \/>\n<meta property=\"article:publisher\" content=\"https:\/\/www.facebook.com\/EvolveFitnessEurope\" \/>\n<meta property=\"article:modified_time\" content=\"2025-01-27T13:23:11+00:00\" \/>\n<meta property=\"og:image\" content=\"https:\/\/evolve-fitness.eu\/wp-content\/uploads\/2024\/01\/EV-PF-SP-300.webp\" \/>\n\t<meta property=\"og:image:width\" content=\"680\" \/>\n\t<meta property=\"og:image:height\" content=\"600\" \/>\n\t<meta property=\"og:image:type\" content=\"image\/webp\" \/>\n<meta name=\"twitter:card\" content=\"summary_large_image\" \/>\n<script type=\"application\/ld+json\" class=\"yoast-schema-graph\">{\"@context\":\"https:\/\/schema.org\",\"@graph\":[{\"@type\":\"WebPage\",\"@id\":\"https:\/\/evolve-fitness.eu\/es\/producto\/evolve-soft-plyo-box-3-en-1\/\",\"url\":\"https:\/\/evolve-fitness.eu\/es\/producto\/evolve-soft-plyo-box-3-en-1\/\",\"name\":\"Evolve Soft Plyo Box 3 en 1 - Evolve\",\"isPartOf\":{\"@id\":\"https:\/\/evolve-fitness.eu\/es\/#website\"},\"primaryImageOfPage\":{\"@id\":\"https:\/\/evolve-fitness.eu\/es\/producto\/evolve-soft-plyo-box-3-en-1\/#primaryimage\"},\"image\":{\"@id\":\"https:\/\/evolve-fitness.eu\/es\/producto\/evolve-soft-plyo-box-3-en-1\/#primaryimage\"},\"thumbnailUrl\":\"https:\/\/evolve-fitness.eu\/wp-content\/uploads\/2024\/01\/EV-PF-SP-300.webp\",\"datePublished\":\"2023-09-15T06:41:38+00:00\",\"dateModified\":\"2025-01-27T13:23:11+00:00\",\"breadcrumb\":{\"@id\":\"https:\/\/evolve-fitness.eu\/es\/producto\/evolve-soft-plyo-box-3-en-1\/#breadcrumb\"},\"inLanguage\":\"es\",\"potentialAction\":[{\"@type\":\"ReadAction\",\"target\":[\"https:\/\/evolve-fitness.eu\/es\/producto\/evolve-soft-plyo-box-3-en-1\/\"]}]},{\"@type\":\"ImageObject\",\"inLanguage\":\"es\",\"@id\":\"https:\/\/evolve-fitness.eu\/es\/producto\/evolve-soft-plyo-box-3-en-1\/#primaryimage\",\"url\":\"https:\/\/evolve-fitness.eu\/wp-content\/uploads\/2024\/01\/EV-PF-SP-300.webp\",\"contentUrl\":\"https:\/\/evolve-fitness.eu\/wp-content\/uploads\/2024\/01\/EV-PF-SP-300.webp\",\"width\":680,\"height\":600,\"caption\":\"EV-PF-SP-300\"},{\"@type\":\"BreadcrumbList\",\"@id\":\"https:\/\/evolve-fitness.eu\/es\/producto\/evolve-soft-plyo-box-3-en-1\/#breadcrumb\",\"itemListElement\":[{\"@type\":\"ListItem\",\"position\":1,\"name\":\"Home\",\"item\":\"https:\/\/evolve-fitness.eu\/es\/\"},{\"@type\":\"ListItem\",\"position\":2,\"name\":\"Productos\",\"item\":\"https:\/\/evolve-fitness.eu\/es\/shop\/\"},{\"@type\":\"ListItem\",\"position\":3,\"name\":\"Evolve Soft Plyo Box 3 en 1\"}]},{\"@type\":\"WebSite\",\"@id\":\"https:\/\/evolve-fitness.eu\/es\/#website\",\"url\":\"https:\/\/evolve-fitness.eu\/es\/\",\"name\":\"Evolve\",\"description\":\"Your Evolved Gear Arrived\",\"publisher\":{\"@id\":\"https:\/\/evolve-fitness.eu\/es\/#organization\"},\"potentialAction\":[{\"@type\":\"SearchAction\",\"target\":{\"@type\":\"EntryPoint\",\"urlTemplate\":\"https:\/\/evolve-fitness.eu\/es\/?s={search_term_string}\"},\"query-input\":{\"@type\":\"PropertyValueSpecification\",\"valueRequired\":true,\"valueName\":\"search_term_string\"}}],\"inLanguage\":\"es\"},{\"@type\":\"Organization\",\"@id\":\"https:\/\/evolve-fitness.eu\/es\/#organization\",\"name\":\"Evolve\",\"url\":\"https:\/\/evolve-fitness.eu\/es\/\",\"logo\":{\"@type\":\"ImageObject\",\"inLanguage\":\"es\",\"@id\":\"https:\/\/evolve-fitness.eu\/es\/#\/schema\/logo\/image\/\",\"url\":\"https:\/\/evolve-fitness.eu\/wp-content\/uploads\/2023\/05\/Evolve-logo.svg\",\"contentUrl\":\"https:\/\/evolve-fitness.eu\/wp-content\/uploads\/2023\/05\/Evolve-logo.svg\",\"width\":176,\"height\":20,\"caption\":\"Evolve\"},\"image\":{\"@id\":\"https:\/\/evolve-fitness.eu\/es\/#\/schema\/logo\/image\/\"},\"sameAs\":[\"https:\/\/www.facebook.com\/EvolveFitnessEurope\"]}]}<\/script>\n<!-- \/ Yoast SEO plugin. -->","yoast_head_json":{"title":"Evolve Soft Plyo Box 3 en 1 - Evolve","robots":{"index":"index","follow":"follow","max-snippet":"max-snippet:-1","max-image-preview":"max-image-preview:large","max-video-preview":"max-video-preview:-1"},"canonical":"https:\/\/evolve-fitness.eu\/es\/producto\/evolve-soft-plyo-box-3-en-1\/","og_locale":"es_ES","og_type":"article","og_title":"Evolve Soft Plyo Box 3 en 1 - Evolve","og_url":"https:\/\/evolve-fitness.eu\/es\/producto\/evolve-soft-plyo-box-3-en-1\/","og_site_name":"Evolve","article_publisher":"https:\/\/www.facebook.com\/EvolveFitnessEurope","article_modified_time":"2025-01-27T13:23:11+00:00","og_image":[{"width":680,"height":600,"url":"https:\/\/evolve-fitness.eu\/wp-content\/uploads\/2024\/01\/EV-PF-SP-300.webp","type":"image\/webp"}],"twitter_card":"summary_large_image","schema":{"@context":"https:\/\/schema.org","@graph":[{"@type":"WebPage","@id":"https:\/\/evolve-fitness.eu\/es\/producto\/evolve-soft-plyo-box-3-en-1\/","url":"https:\/\/evolve-fitness.eu\/es\/producto\/evolve-soft-plyo-box-3-en-1\/","name":"Evolve Soft Plyo Box 3 en 1 - Evolve","isPartOf":{"@id":"https:\/\/evolve-fitness.eu\/es\/#website"},"primaryImageOfPage":{"@id":"https:\/\/evolve-fitness.eu\/es\/producto\/evolve-soft-plyo-box-3-en-1\/#primaryimage"},"image":{"@id":"https:\/\/evolve-fitness.eu\/es\/producto\/evolve-soft-plyo-box-3-en-1\/#primaryimage"},"thumbnailUrl":"https:\/\/evolve-fitness.eu\/wp-content\/uploads\/2024\/01\/EV-PF-SP-300.webp","datePublished":"2023-09-15T06:41:38+00:00","dateModified":"2025-01-27T13:23:11+00:00","breadcrumb":{"@id":"https:\/\/evolve-fitness.eu\/es\/producto\/evolve-soft-plyo-box-3-en-1\/#breadcrumb"},"inLanguage":"es","potentialAction":[{"@type":"ReadAction","target":["https:\/\/evolve-fitness.eu\/es\/producto\/evolve-soft-plyo-box-3-en-1\/"]}]},{"@type":"ImageObject","inLanguage":"es","@id":"https:\/\/evolve-fitness.eu\/es\/producto\/evolve-soft-plyo-box-3-en-1\/#primaryimage","url":"https:\/\/evolve-fitness.eu\/wp-content\/uploads\/2024\/01\/EV-PF-SP-300.webp","contentUrl":"https:\/\/evolve-fitness.eu\/wp-content\/uploads\/2024\/01\/EV-PF-SP-300.webp","width":680,"height":600,"caption":"EV-PF-SP-300"},{"@type":"BreadcrumbList","@id":"https:\/\/evolve-fitness.eu\/es\/producto\/evolve-soft-plyo-box-3-en-1\/#breadcrumb","itemListElement":[{"@type":"ListItem","position":1,"name":"Home","item":"https:\/\/evolve-fitness.eu\/es\/"},{"@type":"ListItem","position":2,"name":"Productos","item":"https:\/\/evolve-fitness.eu\/es\/shop\/"},{"@type":"ListItem","position":3,"name":"Evolve Soft Plyo Box 3 en 1"}]},{"@type":"WebSite","@id":"https:\/\/evolve-fitness.eu\/es\/#website","url":"https:\/\/evolve-fitness.eu\/es\/","name":"Evolve","description":"Your Evolved Gear Arrived","publisher":{"@id":"https:\/\/evolve-fitness.eu\/es\/#organization"},"potentialAction":[{"@type":"SearchAction","target":{"@type":"EntryPoint","urlTemplate":"https:\/\/evolve-fitness.eu\/es\/?s={search_term_string}"},"query-input":{"@type":"PropertyValueSpecification","valueRequired":true,"valueName":"search_term_string"}}],"inLanguage":"es"},{"@type":"Organization","@id":"https:\/\/evolve-fitness.eu\/es\/#organization","name":"Evolve","url":"https:\/\/evolve-fitness.eu\/es\/","logo":{"@type":"ImageObject","inLanguage":"es","@id":"https:\/\/evolve-fitness.eu\/es\/#\/schema\/logo\/image\/","url":"https:\/\/evolve-fitness.eu\/wp-content\/uploads\/2023\/05\/Evolve-logo.svg","contentUrl":"https:\/\/evolve-fitness.eu\/wp-content\/uploads\/2023\/05\/Evolve-logo.svg","width":176,"height":20,"caption":"Evolve"},"image":{"@id":"https:\/\/evolve-fitness.eu\/es\/#\/schema\/logo\/image\/"},"sameAs":["https:\/\/www.facebook.com\/EvolveFitnessEurope"]}]}},"_links":{"self":[{"href":"https:\/\/evolve-fitness.eu\/es\/wp-json\/wp\/v2\/product\/43864","targetHints":{"allow":["GET"]}}],"collection":[{"href":"https:\/\/evolve-fitness.eu\/es\/wp-json\/wp\/v2\/product"}],"about":[{"href":"https:\/\/evolve-fitness.eu\/es\/wp-json\/wp\/v2\/types\/product"}],"wp:featuredmedia":[{"embeddable":true,"href":"https:\/\/evolve-fitness.eu\/es\/wp-json\/wp\/v2\/media\/43898"}],"wp:attachment":[{"href":"https:\/\/evolve-fitness.eu\/es\/wp-json\/wp\/v2\/media?parent=43864"}],"wp:term":[{"taxonomy":"product_brand","embeddable":true,"href":"https:\/\/evolve-fitness.eu\/es\/wp-json\/wp\/v2\/product_brand?post=43864"},{"taxonomy":"product_cat","embeddable":true,"href":"https:\/\/evolve-fitness.eu\/es\/wp-json\/wp\/v2\/product_cat?post=43864"},{"taxonomy":"product_tag","embeddable":true,"href":"https:\/\/evolve-fitness.eu\/es\/wp-json\/wp\/v2\/product_tag?post=43864"}],"curies":[{"name":"wp","href":"https:\/\/api.w.org\/{rel}","templated":true}]}}