{"id":53341,"date":"2023-09-13T10:39:07","date_gmt":"2023-09-13T10:39:07","guid":{"rendered":"https:\/\/evolve-fitness.eu\/product\/evolve-ultra-series-fila-universal-cargada-con-placa\/"},"modified":"2024-03-25T08:55:25","modified_gmt":"2024-03-25T08:55:25","slug":"evolve-ultra-series-fila-universal-cargada-con-placa","status":"publish","type":"product","link":"https:\/\/evolve-fitness.eu\/es\/producto\/evolve-ultra-series-fila-universal-cargada-con-placa\/","title":{"rendered":"Evolve Ultra Series Fila Universal Cargada con Placa"},"content":{"rendered":"\n<section class=\"wp-block-group alignfull has-lightgray-background-color has-background is-layout-constrained wp-block-group-is-layout-constrained\">\n<div class=\"wp-block-columns alignwide is-layout-flex wp-container-core-columns-is-layout-2edb0647 wp-block-columns-is-layout-flex\" style=\"margin-top:0;margin-bottom:0\">\n<div class=\"wp-block-column is-layout-flow wp-block-column-is-layout-flow\" style=\"flex-basis:33.33%\"><\/div>\n\n\n\n<div class=\"wp-block-column is-layout-flow wp-block-column-is-layout-flow\" style=\"flex-basis:66.66%\"><\/div>\n<\/div>\n<\/section>\n\n<section class=\"wp-block-group alignfull black-content has-white-color has-darkgray-background-color has-text-color has-background is-layout-constrained wp-block-group-is-layout-constrained\" style=\"padding-top:var(--wp--preset--spacing--section-bottom);padding-bottom:var(--wp--preset--spacing--section-bottom)\">\n<section class=\"wp-block-group alignfull black-content has-white-color has-darkgray-background-color has-text-color has-background is-layout-constrained wp-block-group-is-layout-constrained\" style=\"padding-top:var(--wp--preset--spacing--section-bottom);padding-bottom:var(--wp--preset--spacing--section-bottom)\">\n<div class=\"wp-block-columns alignwide mobile-reverse is-layout-flex wp-container-core-columns-is-layout-ca64bf2d wp-block-columns-is-layout-flex\" style=\"margin-bottom:var(--wp--preset--spacing--side-padding)\">\n<div class=\"wp-block-column is-vertically-aligned-center is-layout-flow wp-block-column-is-layout-flow\">\n<h3 class=\"wp-block-heading\" style=\"margin-bottom:var(--wp--preset--spacing--h-3-bottom)\"><strong><strong><strong><strong><strong><strong><strong>Compromiso muscular espec\u00edfico<\/strong><\/strong><\/strong><\/strong><\/strong><\/strong><\/strong><\/h3>\n\n\n\n<p><strong><em><strong><strong><strong><strong><strong>Movimiento unilateral de brazos (disponible en algunas m\u00e1quinas)<\/strong><\/strong><\/strong><\/strong><\/strong><\/em><\/strong><\/p>\n\n\n\n<p>El remo universal cargado con placas Evolve Ultra Series ofrece un entrenamiento completo de la parte superior del cuerpo al trabajar varios grupos musculares simult\u00e1neamente. Con un dise\u00f1o vers\u00e1til, trabaja eficazmente los m\u00fasculos de la espalda, incluidos el dorsal ancho, los romboides y el trapecio, junto con los b\u00edceps y los antebrazos. Adem\u00e1s, activa los m\u00fasculos centrales, incluidos los abdominales y oblicuos, as\u00ed como la zona lumbar, fomentando la estabilidad y la postura correcta durante todo el ejercicio. Al trabajar varios grupos musculares en un movimiento fluido, el remo universal garantiza un desarrollo equilibrado y una fuerza funcional, lo que lo convierte en una opci\u00f3n eficaz para los usuarios que desean mejorar la fuerza general de la parte superior del cuerpo y la coordinaci\u00f3n muscular.<\/p>\n<\/div>\n\n\n\n<div class=\"wp-block-column is-vertically-aligned-center is-layout-flow wp-block-column-is-layout-flow\">\n<figure class=\"wp-block-video\"><video height=\"2000\" style=\"aspect-ratio: 2000 \/ 2000;\" width=\"2000\" autoplay=\"\" controls=\"\" loop=\"\" muted=\"\" src=\"https:\/\/evolve-fitness.eu\/wp-content\/uploads\/2024\/03\/EV-PL-UL-290-Evolve-Ultra-Series-Plate-Loaded-Universal-Row-1.mp4\"><\/video><\/figure>\n<\/div>\n<\/div>\n\n\n\n<div class=\"wp-block-columns alignwide mobile-reverse is-layout-flex wp-container-core-columns-is-layout-ca64bf2d wp-block-columns-is-layout-flex\" style=\"margin-bottom:var(--wp--preset--spacing--side-padding)\">\n<div class=\"wp-block-column is-vertically-aligned-center is-layout-flow wp-block-column-is-layout-flow\">\n<figure class=\"wp-block-video\"><video height=\"2160\" style=\"aspect-ratio: 3840 \/ 2160;\" width=\"3840\" autoplay=\"\" controls=\"\" loop=\"\" muted=\"\" src=\"https:\/\/evolve-fitness.eu\/wp-content\/uploads\/2023\/12\/1-14.mp4\"><\/video><\/figure>\n<\/div>\n\n\n\n<div class=\"wp-block-column is-vertically-aligned-center is-layout-flow wp-block-column-is-layout-flow\">\n<h3 class=\"wp-block-heading\" style=\"margin-bottom:var(--wp--preset--spacing--h-3-bottom)\"><strong><strong><strong><strong><strong><strong><strong><strong><strong>Tama\u00f1o compacto<\/strong><\/strong><\/strong><\/strong><\/strong><\/strong><\/strong><\/strong><\/strong><\/h3>\n\n\n\n<p><strong><em><strong><strong><strong><strong><strong><strong>Dise\u00f1o que ahorra espacio<\/strong><\/strong><\/strong><\/strong><\/strong><\/strong><\/em><\/strong><\/p>\n\n\n\n<p>A pesar de su funcionalidad, la m\u00e1quina Standing Leg Curl ocupa poco espacio, por lo que es adecuada para personas con un espacio de entrenamiento limitado. Su dise\u00f1o aerodin\u00e1mico maximiza la eficiencia del espacio sin comprometer la funcionalidad, garantizando un \u00e1rea de entrenamiento optimizada dedicada al entrenamiento eficaz de los isquiotibiales.<\/p>\n\n\n\n<p><\/p>\n\n\n\n<h3 class=\"wp-block-heading\" style=\"margin-bottom:var(--wp--preset--spacing--h-3-bottom)\"><strong><strong><strong><strong><strong><strong><strong><strong><strong>Acabado duradero<\/strong><\/strong><\/strong><\/strong><\/strong><\/strong><\/strong><\/strong><\/strong><\/h3>\n\n\n\n<p><strong><em><strong><strong><strong><strong><strong><strong>Tecnolog\u00eda de pulverizaci\u00f3n electrost\u00e1tica de polvos termoestables<\/strong><\/strong><\/strong><\/strong><\/strong><\/strong><\/em><\/strong><\/p>\n\n\n\n<p>Nuestras m\u00e1quinas cuentan con tecnolog\u00eda de pulverizaci\u00f3n electrost\u00e1tica de polvo termoendurecible que garantiza un acabado duradero. Este revestimiento avanzado mantiene el atractivo visual del equipo a lo largo del tiempo.<\/p>\n<\/div>\n<\/div>\n\n\n\n<div class=\"wp-block-columns alignwide mobile-reverse is-layout-flex wp-container-core-columns-is-layout-ca64bf2d wp-block-columns-is-layout-flex\" style=\"margin-bottom:var(--wp--preset--spacing--side-padding)\">\n<div class=\"wp-block-column is-vertically-aligned-center is-layout-flow wp-block-column-is-layout-flow\">\n<h3 class=\"wp-block-heading\" style=\"margin-bottom:var(--wp--preset--spacing--h-3-bottom)\"><strong><strong><strong><strong><strong><strong><strong><strong><strong>Resistencia ajustable<\/strong><\/strong><\/strong><\/strong><\/strong><\/strong><\/strong><\/strong><\/strong><\/h3>\n\n\n\n<p><strong><em><strong><strong><strong><strong><strong><strong>Pilas de pesas personalizables<\/strong><\/strong><\/strong><\/strong><\/strong><\/strong><\/em><\/strong><\/p>\n\n\n\n<p>Los usuarios pueden ajustar f\u00e1cilmente los niveles de resistencia a\u00f1adiendo o quitando placas de peso, lo que permite realizar entrenamientos a medida que se adaptan a los niveles de fuerza y progresi\u00f3n individuales de la pantorrilla. Ya sea para aumentar la resistencia o la fuerza de las pantorrillas, la resistencia ajustable proporciona versatilidad para adaptarse a diversos objetivos de entrenamiento.<\/p>\n\n\n\n<p><\/p>\n\n\n\n<h3 class=\"wp-block-heading\" style=\"margin-bottom:var(--wp--preset--spacing--h-3-bottom)\"><strong><strong><strong><strong><strong><strong><strong><strong>Dise\u00f1o c\u00f3modo<\/strong><\/strong><\/strong><\/strong><\/strong><\/strong><\/strong><\/strong><\/h3>\n\n\n\n<p><strong><em><strong><strong><strong><strong><strong><strong>Acolchado y asas ergon\u00f3micos<\/strong><\/strong><\/strong><\/strong><\/strong><\/strong><\/em><\/strong><\/p>\n\n\n\n<p>Dise\u00f1ada pensando en la comodidad del usuario, la m\u00e1quina de elevaci\u00f3n de pantorrillas en posici\u00f3n sentada cuenta con almohadillas y asas ergon\u00f3micas que favorecen la correcta colocaci\u00f3n de las piernas y el apoyo durante los ejercicios.<\/p>\n<\/div>\n\n\n\n<div class=\"wp-block-column is-vertically-aligned-center is-layout-flow wp-block-column-is-layout-flow\">\n<figure class=\"wp-block-image size-large\"><img loading=\"lazy\" decoding=\"async\" width=\"683\" height=\"1024\" src=\"https:\/\/evolve-fitness.eu\/wp-content\/uploads\/2023\/12\/A7_06982-683x1024.jpg\" alt=\"\" class=\"wp-image-8229\" srcset=\"https:\/\/evolve-fitness.eu\/wp-content\/uploads\/2023\/12\/A7_06982-683x1024.jpg 683w, https:\/\/evolve-fitness.eu\/wp-content\/uploads\/2023\/12\/A7_06982-300x450.jpg 300w, https:\/\/evolve-fitness.eu\/wp-content\/uploads\/2023\/12\/A7_06982-100x150.jpg 100w, https:\/\/evolve-fitness.eu\/wp-content\/uploads\/2023\/12\/A7_06982-600x900.jpg 600w, https:\/\/evolve-fitness.eu\/wp-content\/uploads\/2023\/12\/A7_06982-200x300.jpg 200w, https:\/\/evolve-fitness.eu\/wp-content\/uploads\/2023\/12\/A7_06982-768x1152.jpg 768w, https:\/\/evolve-fitness.eu\/wp-content\/uploads\/2023\/12\/A7_06982-1024x1536.jpg 1024w, https:\/\/evolve-fitness.eu\/wp-content\/uploads\/2023\/12\/A7_06982.jpg 1280w\" sizes=\"auto, (max-width: 683px) 100vw, 683px\" \/><\/figure>\n<\/div>\n<\/div>\n\n\n\n<div class=\"wp-block-columns alignwide mobile-reverse is-layout-flex wp-container-core-columns-is-layout-ca64bf2d wp-block-columns-is-layout-flex\" style=\"margin-bottom:var(--wp--preset--spacing--side-padding)\">\n<div class=\"wp-block-column is-vertically-aligned-center is-layout-flow wp-block-column-is-layout-flow\">\n<figure class=\"wp-block-image size-large\"><img loading=\"lazy\" decoding=\"async\" width=\"1024\" height=\"683\" src=\"https:\/\/evolve-fitness.eu\/wp-content\/uploads\/2023\/12\/A7_07005-1024x683.jpg\" alt=\"\" class=\"wp-image-8232\" srcset=\"https:\/\/evolve-fitness.eu\/wp-content\/uploads\/2023\/12\/A7_07005-1024x683.jpg 1024w, https:\/\/evolve-fitness.eu\/wp-content\/uploads\/2023\/12\/A7_07005-300x200.jpg 300w, https:\/\/evolve-fitness.eu\/wp-content\/uploads\/2023\/12\/A7_07005-225x150.jpg 225w, https:\/\/evolve-fitness.eu\/wp-content\/uploads\/2023\/12\/A7_07005-600x400.jpg 600w, https:\/\/evolve-fitness.eu\/wp-content\/uploads\/2023\/12\/A7_07005-150x100.jpg 150w, https:\/\/evolve-fitness.eu\/wp-content\/uploads\/2023\/12\/A7_07005-768x512.jpg 768w, https:\/\/evolve-fitness.eu\/wp-content\/uploads\/2023\/12\/A7_07005-1536x1024.jpg 1536w, https:\/\/evolve-fitness.eu\/wp-content\/uploads\/2023\/12\/A7_07005.jpg 1920w\" sizes=\"auto, (max-width: 1024px) 100vw, 1024px\" \/><\/figure>\n<\/div>\n\n\n\n<div class=\"wp-block-column is-vertically-aligned-center is-layout-flow wp-block-column-is-layout-flow\">\n<h3 class=\"wp-block-heading\" style=\"margin-bottom:var(--wp--preset--spacing--h-3-bottom)\"><strong><strong><strong><strong>Asas antideslizantes<\/strong><\/strong><\/strong><\/strong><\/h3>\n\n\n\n<p><strong><em><strong><strong><strong><strong><strong><strong><strong>Agarre seguro para mayor seguridad y confianza<\/strong><\/strong><\/strong><\/strong><\/strong><\/strong><\/strong><\/em><\/strong><\/p>\n\n\n\n<p style=\"margin-bottom:var(--wp--preset--spacing--tb-section-padding)\">Algunos bancos de la serie Econ ofrecen una posici\u00f3n de asiento ajustable que le permite personalizar su entrenamiento para obtener la m\u00e1xima comodidad y variedad de ejercicios.<\/p>\n\n\n\n<h3 class=\"wp-block-heading\" style=\"margin-bottom:var(--wp--preset--spacing--h-3-bottom)\"><strong><strong><strong><strong><strong><strong><strong><strong><strong><strong>Durabilidad y estabilidad<\/strong><\/strong><\/strong><\/strong><\/strong><\/strong><\/strong><\/strong><\/strong><\/strong><\/h3>\n\n\n\n<p><strong><em><strong><strong><strong><strong><strong><strong><strong>Marco robusto<\/strong><\/strong><\/strong><\/strong><\/strong><\/strong><\/strong><\/em><\/strong><\/p>\n\n\n\n<p>Su robusto armaz\u00f3n proporciona estabilidad y seguridad durante los entrenamientos, garantizando que los usuarios puedan realizar ejercicios de pantorrilla con confianza y sin preocuparse por la estabilidad del equipo. Su dise\u00f1o aerodin\u00e1mico maximiza la eficiencia del espacio sin comprometer la funcionalidad, lo que permite una zona de entrenamiento optimizada dedicada al entrenamiento eficaz de las pantorrillas.<\/p>\n<\/div>\n<\/div>\n<\/section>\n<\/section>\n","protected":false},"excerpt":{"rendered":"<p>El Remo Universal con Placa de Carga Evolve UL-290 es una m\u00e1quina de fuerza robusta y personalizable ideal para gimnasios comerciales y dom\u00e9sticos. Con su duradero armaz\u00f3n de acero, sus caracter\u00edsticas ajustables y su dise\u00f1o ergon\u00f3mico, ofrece una experiencia de entrenamiento c\u00f3moda y eficaz. Los propietarios de gimnasios pueden incluso adaptar los colores a su marca. La carga m\u00e1xima de 300 kg de esta m\u00e1quina y su garant\u00eda de 2 a\u00f1os la convierten en la mejor elecci\u00f3n para entusiastas y profesionales del fitness.<\/p>\n","protected":false},"featured_media":115404,"template":"","meta":{"_acf_changed":false,"inline_featured_image":false},"product_brand":[],"product_cat":[2949,2950],"product_tag":[],"class_list":{"0":"post-53341","1":"product","2":"type-product","3":"status-publish","4":"has-post-thumbnail","6":"product_cat-maquinas-de-carga-de-placas","7":"product_cat-maquinas-de-placas-ultra-series","9":"first","10":"instock","11":"virtual","12":"purchasable","13":"product-type-simple"},"acf":{"long_title":"Fila universal cargada con placa Evolve Ultra Series, UL-290","subtitle":"","specifications":[{"label":"SKU","text_value":"EV-PL-UL-290","icon":"x"},{"label":"Dimensiones","text_value":"1670 x 1335 x 2037 mm","icon":"x"},{"label":"Peso","text_value":"161 kg","icon":"x"},{"label":"Garant\u00eda  ","text_value":"2 a\u00f1os","icon":"x"},{"label":"Max. carga  ","text_value":"300 kg","icon":"x"},{"label":"Asiento y reposapiernas regulables","text_value":"","icon":"v"},{"label":"Almacenamiento del plato de pesas","text_value":"","icon":"v"},{"label":"Tapicer\u00eda gruesa","text_value":"","icon":"v"},{"label":"Movimiento unilateral del brazo","text_value":"","icon":"v"},{"label":"Personalice los colores de la estructura y la tapicer\u00eda","text_value":"","icon":"v"},{"label":"Protectores de suelo duraderos","text_value":"","icon":"v"},{"label":"Asas antideslizantes","text_value":"","icon":"v"},{"label":"","text_value":"","icon":"v"},{"label":"","text_value":"","icon":"v"},{"label":"","text_value":"","icon":"x"}]},"yoast_head":"<!-- This site is optimized with the Yoast SEO plugin v26.6 - https:\/\/yoast.com\/wordpress\/plugins\/seo\/ -->\n<title>Evolve Ultra Series Fila Universal Cargada con Placa - Evolve<\/title>\n<meta name=\"robots\" content=\"index, follow, max-snippet:-1, max-image-preview:large, max-video-preview:-1\" \/>\n<link rel=\"canonical\" href=\"https:\/\/evolve-fitness.eu\/es\/producto\/evolve-ultra-series-fila-universal-cargada-con-placa\/\" \/>\n<meta property=\"og:locale\" content=\"es_ES\" \/>\n<meta property=\"og:type\" content=\"article\" \/>\n<meta property=\"og:title\" content=\"Evolve Ultra Series Fila Universal Cargada con Placa - Evolve\" \/>\n<meta property=\"og:url\" content=\"https:\/\/evolve-fitness.eu\/es\/producto\/evolve-ultra-series-fila-universal-cargada-con-placa\/\" \/>\n<meta property=\"og:site_name\" content=\"Evolve\" \/>\n<meta property=\"article:publisher\" content=\"https:\/\/www.facebook.com\/EvolveFitnessEurope\" \/>\n<meta property=\"article:modified_time\" content=\"2024-03-25T08:55:25+00:00\" \/>\n<meta property=\"og:image\" content=\"https:\/\/evolve-fitness.eu\/wp-content\/uploads\/2023\/09\/EV-PL-UL-290-Evolve-Ultra-Series-Plate-Loaded-Universal-Row-1.png\" \/>\n\t<meta property=\"og:image:width\" content=\"680\" \/>\n\t<meta property=\"og:image:height\" content=\"600\" \/>\n\t<meta property=\"og:image:type\" content=\"image\/png\" \/>\n<meta name=\"twitter:card\" content=\"summary_large_image\" \/>\n<script type=\"application\/ld+json\" class=\"yoast-schema-graph\">{\"@context\":\"https:\/\/schema.org\",\"@graph\":[{\"@type\":\"WebPage\",\"@id\":\"https:\/\/evolve-fitness.eu\/es\/producto\/evolve-ultra-series-fila-universal-cargada-con-placa\/\",\"url\":\"https:\/\/evolve-fitness.eu\/es\/producto\/evolve-ultra-series-fila-universal-cargada-con-placa\/\",\"name\":\"Evolve Ultra Series Fila Universal Cargada con Placa - Evolve\",\"isPartOf\":{\"@id\":\"https:\/\/evolve-fitness.eu\/es\/#website\"},\"primaryImageOfPage\":{\"@id\":\"https:\/\/evolve-fitness.eu\/es\/producto\/evolve-ultra-series-fila-universal-cargada-con-placa\/#primaryimage\"},\"image\":{\"@id\":\"https:\/\/evolve-fitness.eu\/es\/producto\/evolve-ultra-series-fila-universal-cargada-con-placa\/#primaryimage\"},\"thumbnailUrl\":\"https:\/\/evolve-fitness.eu\/wp-content\/uploads\/2023\/09\/EV-PL-UL-290-Evolve-Ultra-Series-Plate-Loaded-Universal-Row-1.png\",\"datePublished\":\"2023-09-13T10:39:07+00:00\",\"dateModified\":\"2024-03-25T08:55:25+00:00\",\"breadcrumb\":{\"@id\":\"https:\/\/evolve-fitness.eu\/es\/producto\/evolve-ultra-series-fila-universal-cargada-con-placa\/#breadcrumb\"},\"inLanguage\":\"es\",\"potentialAction\":[{\"@type\":\"ReadAction\",\"target\":[\"https:\/\/evolve-fitness.eu\/es\/producto\/evolve-ultra-series-fila-universal-cargada-con-placa\/\"]}]},{\"@type\":\"ImageObject\",\"inLanguage\":\"es\",\"@id\":\"https:\/\/evolve-fitness.eu\/es\/producto\/evolve-ultra-series-fila-universal-cargada-con-placa\/#primaryimage\",\"url\":\"https:\/\/evolve-fitness.eu\/wp-content\/uploads\/2023\/09\/EV-PL-UL-290-Evolve-Ultra-Series-Plate-Loaded-Universal-Row-1.png\",\"contentUrl\":\"https:\/\/evolve-fitness.eu\/wp-content\/uploads\/2023\/09\/EV-PL-UL-290-Evolve-Ultra-Series-Plate-Loaded-Universal-Row-1.png\",\"width\":680,\"height\":600,\"caption\":\"EV-PL-UL-290\"},{\"@type\":\"BreadcrumbList\",\"@id\":\"https:\/\/evolve-fitness.eu\/es\/producto\/evolve-ultra-series-fila-universal-cargada-con-placa\/#breadcrumb\",\"itemListElement\":[{\"@type\":\"ListItem\",\"position\":1,\"name\":\"Home\",\"item\":\"https:\/\/evolve-fitness.eu\/es\/\"},{\"@type\":\"ListItem\",\"position\":2,\"name\":\"Productos\",\"item\":\"https:\/\/evolve-fitness.eu\/es\/shop\/\"},{\"@type\":\"ListItem\",\"position\":3,\"name\":\"Evolve Ultra Series Fila Universal Cargada con Placa\"}]},{\"@type\":\"WebSite\",\"@id\":\"https:\/\/evolve-fitness.eu\/es\/#website\",\"url\":\"https:\/\/evolve-fitness.eu\/es\/\",\"name\":\"Evolve\",\"description\":\"Your Evolved Gear Arrived\",\"publisher\":{\"@id\":\"https:\/\/evolve-fitness.eu\/es\/#organization\"},\"potentialAction\":[{\"@type\":\"SearchAction\",\"target\":{\"@type\":\"EntryPoint\",\"urlTemplate\":\"https:\/\/evolve-fitness.eu\/es\/?s={search_term_string}\"},\"query-input\":{\"@type\":\"PropertyValueSpecification\",\"valueRequired\":true,\"valueName\":\"search_term_string\"}}],\"inLanguage\":\"es\"},{\"@type\":\"Organization\",\"@id\":\"https:\/\/evolve-fitness.eu\/es\/#organization\",\"name\":\"Evolve\",\"url\":\"https:\/\/evolve-fitness.eu\/es\/\",\"logo\":{\"@type\":\"ImageObject\",\"inLanguage\":\"es\",\"@id\":\"https:\/\/evolve-fitness.eu\/es\/#\/schema\/logo\/image\/\",\"url\":\"https:\/\/evolve-fitness.eu\/wp-content\/uploads\/2023\/05\/Evolve-logo.svg\",\"contentUrl\":\"https:\/\/evolve-fitness.eu\/wp-content\/uploads\/2023\/05\/Evolve-logo.svg\",\"width\":176,\"height\":20,\"caption\":\"Evolve\"},\"image\":{\"@id\":\"https:\/\/evolve-fitness.eu\/es\/#\/schema\/logo\/image\/\"},\"sameAs\":[\"https:\/\/www.facebook.com\/EvolveFitnessEurope\"]}]}<\/script>\n<!-- \/ Yoast SEO plugin. -->","yoast_head_json":{"title":"Evolve Ultra Series Fila Universal Cargada con Placa - Evolve","robots":{"index":"index","follow":"follow","max-snippet":"max-snippet:-1","max-image-preview":"max-image-preview:large","max-video-preview":"max-video-preview:-1"},"canonical":"https:\/\/evolve-fitness.eu\/es\/producto\/evolve-ultra-series-fila-universal-cargada-con-placa\/","og_locale":"es_ES","og_type":"article","og_title":"Evolve Ultra Series Fila Universal Cargada con Placa - Evolve","og_url":"https:\/\/evolve-fitness.eu\/es\/producto\/evolve-ultra-series-fila-universal-cargada-con-placa\/","og_site_name":"Evolve","article_publisher":"https:\/\/www.facebook.com\/EvolveFitnessEurope","article_modified_time":"2024-03-25T08:55:25+00:00","og_image":[{"width":680,"height":600,"url":"https:\/\/evolve-fitness.eu\/wp-content\/uploads\/2023\/09\/EV-PL-UL-290-Evolve-Ultra-Series-Plate-Loaded-Universal-Row-1.png","type":"image\/png"}],"twitter_card":"summary_large_image","schema":{"@context":"https:\/\/schema.org","@graph":[{"@type":"WebPage","@id":"https:\/\/evolve-fitness.eu\/es\/producto\/evolve-ultra-series-fila-universal-cargada-con-placa\/","url":"https:\/\/evolve-fitness.eu\/es\/producto\/evolve-ultra-series-fila-universal-cargada-con-placa\/","name":"Evolve Ultra Series Fila Universal Cargada con Placa - Evolve","isPartOf":{"@id":"https:\/\/evolve-fitness.eu\/es\/#website"},"primaryImageOfPage":{"@id":"https:\/\/evolve-fitness.eu\/es\/producto\/evolve-ultra-series-fila-universal-cargada-con-placa\/#primaryimage"},"image":{"@id":"https:\/\/evolve-fitness.eu\/es\/producto\/evolve-ultra-series-fila-universal-cargada-con-placa\/#primaryimage"},"thumbnailUrl":"https:\/\/evolve-fitness.eu\/wp-content\/uploads\/2023\/09\/EV-PL-UL-290-Evolve-Ultra-Series-Plate-Loaded-Universal-Row-1.png","datePublished":"2023-09-13T10:39:07+00:00","dateModified":"2024-03-25T08:55:25+00:00","breadcrumb":{"@id":"https:\/\/evolve-fitness.eu\/es\/producto\/evolve-ultra-series-fila-universal-cargada-con-placa\/#breadcrumb"},"inLanguage":"es","potentialAction":[{"@type":"ReadAction","target":["https:\/\/evolve-fitness.eu\/es\/producto\/evolve-ultra-series-fila-universal-cargada-con-placa\/"]}]},{"@type":"ImageObject","inLanguage":"es","@id":"https:\/\/evolve-fitness.eu\/es\/producto\/evolve-ultra-series-fila-universal-cargada-con-placa\/#primaryimage","url":"https:\/\/evolve-fitness.eu\/wp-content\/uploads\/2023\/09\/EV-PL-UL-290-Evolve-Ultra-Series-Plate-Loaded-Universal-Row-1.png","contentUrl":"https:\/\/evolve-fitness.eu\/wp-content\/uploads\/2023\/09\/EV-PL-UL-290-Evolve-Ultra-Series-Plate-Loaded-Universal-Row-1.png","width":680,"height":600,"caption":"EV-PL-UL-290"},{"@type":"BreadcrumbList","@id":"https:\/\/evolve-fitness.eu\/es\/producto\/evolve-ultra-series-fila-universal-cargada-con-placa\/#breadcrumb","itemListElement":[{"@type":"ListItem","position":1,"name":"Home","item":"https:\/\/evolve-fitness.eu\/es\/"},{"@type":"ListItem","position":2,"name":"Productos","item":"https:\/\/evolve-fitness.eu\/es\/shop\/"},{"@type":"ListItem","position":3,"name":"Evolve Ultra Series Fila Universal Cargada con Placa"}]},{"@type":"WebSite","@id":"https:\/\/evolve-fitness.eu\/es\/#website","url":"https:\/\/evolve-fitness.eu\/es\/","name":"Evolve","description":"Your Evolved Gear Arrived","publisher":{"@id":"https:\/\/evolve-fitness.eu\/es\/#organization"},"potentialAction":[{"@type":"SearchAction","target":{"@type":"EntryPoint","urlTemplate":"https:\/\/evolve-fitness.eu\/es\/?s={search_term_string}"},"query-input":{"@type":"PropertyValueSpecification","valueRequired":true,"valueName":"search_term_string"}}],"inLanguage":"es"},{"@type":"Organization","@id":"https:\/\/evolve-fitness.eu\/es\/#organization","name":"Evolve","url":"https:\/\/evolve-fitness.eu\/es\/","logo":{"@type":"ImageObject","inLanguage":"es","@id":"https:\/\/evolve-fitness.eu\/es\/#\/schema\/logo\/image\/","url":"https:\/\/evolve-fitness.eu\/wp-content\/uploads\/2023\/05\/Evolve-logo.svg","contentUrl":"https:\/\/evolve-fitness.eu\/wp-content\/uploads\/2023\/05\/Evolve-logo.svg","width":176,"height":20,"caption":"Evolve"},"image":{"@id":"https:\/\/evolve-fitness.eu\/es\/#\/schema\/logo\/image\/"},"sameAs":["https:\/\/www.facebook.com\/EvolveFitnessEurope"]}]}},"_links":{"self":[{"href":"https:\/\/evolve-fitness.eu\/es\/wp-json\/wp\/v2\/product\/53341","targetHints":{"allow":["GET"]}}],"collection":[{"href":"https:\/\/evolve-fitness.eu\/es\/wp-json\/wp\/v2\/product"}],"about":[{"href":"https:\/\/evolve-fitness.eu\/es\/wp-json\/wp\/v2\/types\/product"}],"wp:featuredmedia":[{"embeddable":true,"href":"https:\/\/evolve-fitness.eu\/es\/wp-json\/wp\/v2\/media\/115404"}],"wp:attachment":[{"href":"https:\/\/evolve-fitness.eu\/es\/wp-json\/wp\/v2\/media?parent=53341"}],"wp:term":[{"taxonomy":"product_brand","embeddable":true,"href":"https:\/\/evolve-fitness.eu\/es\/wp-json\/wp\/v2\/product_brand?post=53341"},{"taxonomy":"product_cat","embeddable":true,"href":"https:\/\/evolve-fitness.eu\/es\/wp-json\/wp\/v2\/product_cat?post=53341"},{"taxonomy":"product_tag","embeddable":true,"href":"https:\/\/evolve-fitness.eu\/es\/wp-json\/wp\/v2\/product_tag?post=53341"}],"curies":[{"name":"wp","href":"https:\/\/api.w.org\/{rel}","templated":true}]}}