{"id":56273,"date":"2024-02-02T06:30:45","date_gmt":"2024-02-02T06:30:45","guid":{"rendered":"https:\/\/evolve-fitness.eu\/product\/banco-de-muslos-y-gluteos-evolve-prime-series\/"},"modified":"2025-10-03T13:07:55","modified_gmt":"2025-10-03T13:07:55","slug":"banco-de-muslos-y-gluteos-evolve-prime-series","status":"publish","type":"product","link":"https:\/\/evolve-fitness.eu\/es\/producto\/banco-de-muslos-y-gluteos-evolve-prime-series\/","title":{"rendered":"Banco de muslos y gl\u00fateos Evolve Prime Series (PR-320)"},"content":{"rendered":"\n<section class=\"wp-block-group alignfull black-content has-white-color has-darkgray-background-color has-text-color has-background is-layout-constrained wp-block-group-is-layout-constrained\" style=\"padding-top:var(--wp--preset--spacing--section-bottom);padding-bottom:var(--wp--preset--spacing--section-bottom)\">\n<div class=\"wp-block-columns alignwide mobile-reverse is-layout-flex wp-container-core-columns-is-layout-ca64bf2d wp-block-columns-is-layout-flex\" style=\"margin-bottom:var(--wp--preset--spacing--side-padding)\">\n<div class=\"wp-block-column is-vertically-aligned-center is-layout-flow wp-block-column-is-layout-flow\">\n<h3 class=\"wp-block-heading\" style=\"margin-bottom:var(--wp--preset--spacing--h-3-bottom)\"><strong><strong><strong><strong><strong><strong><strong>Duradero y personalizable<\/strong><\/strong><\/strong><\/strong><\/strong><\/strong><\/strong><\/h3>\n\n\n\n<p><strong><em><strong><em><strong><strong><strong><strong><strong>Bancos de fitness<\/strong><\/strong><\/strong><\/strong><\/strong><\/em><\/strong><\/em><\/strong><\/p>\n\n\n\n<p style=\"margin-bottom:var(--wp--preset--spacing--tb-section-padding)\">Eleve su espacio de fitness con nuestros bancos Evolve. Fabricados con un s\u00f3lido armaz\u00f3n met\u00e1lico mediante la tecnolog\u00eda m\u00e1s avanzada de pulverizaci\u00f3n electrost\u00e1tica de polvos termoendurecibles, estos bancos est\u00e1n hechos para durar. Su robusto dise\u00f1o garantiza que puedan soportar las exigencias de usuarios dom\u00e9sticos, gimnasios profesionales e instalaciones comerciales de fitness, incluidas bases militares, hoteles, albergues y centros de rehabilitaci\u00f3n.<\/p>\n\n\n\n<h3 class=\"wp-block-heading\" style=\"margin-bottom:var(--wp--preset--spacing--h-3-bottom)\"><strong>Funcional<\/strong> <strong>Estabilidad<\/strong><\/h3>\n\n\n\n<p><strong><em><strong><em><strong><strong><strong><strong><strong>Cubiertas de PVC<\/strong><\/strong><\/strong><\/strong><\/strong><\/em><\/strong><\/em><\/strong><\/p>\n\n\n\n<p>Nuestros bancos Evolve cuentan con suaves cubiertas de PVC en los pies para proteger el suelo y proporcionar una estabilidad excepcional incluso durante los entrenamientos m\u00e1s intensos. Puede confiar en que estos bancos le proporcionar\u00e1n una experiencia de entrenamiento de cuerpo completo con la m\u00e1xima estabilidad. La suave y c\u00f3moda tapicer\u00eda est\u00e1 rellena de espuma densa y resistente que no pierde su forma con el paso del tiempo. Adem\u00e1s, est\u00e1 recubierto de cuero PU de alta calidad y resistencia para una mayor durabilidad.<\/p>\n<\/div>\n\n\n\n<div class=\"wp-block-column is-vertically-aligned-center is-layout-flow wp-block-column-is-layout-flow\">\n<figure class=\"wp-block-image size-large\"><img loading=\"lazy\" decoding=\"async\" width=\"683\" height=\"1024\" src=\"https:\/\/evolve-fitness.eu\/wp-content\/uploads\/2023\/09\/A7_07059-683x1024.jpg\" alt=\"\" class=\"wp-image-8273\" srcset=\"https:\/\/evolve-fitness.eu\/wp-content\/uploads\/2023\/09\/A7_07059-683x1024.jpg 683w, https:\/\/evolve-fitness.eu\/wp-content\/uploads\/2023\/09\/A7_07059-300x450.jpg 300w, https:\/\/evolve-fitness.eu\/wp-content\/uploads\/2023\/09\/A7_07059-100x150.jpg 100w, https:\/\/evolve-fitness.eu\/wp-content\/uploads\/2023\/09\/A7_07059-600x900.jpg 600w, https:\/\/evolve-fitness.eu\/wp-content\/uploads\/2023\/09\/A7_07059-200x300.jpg 200w, https:\/\/evolve-fitness.eu\/wp-content\/uploads\/2023\/09\/A7_07059-768x1152.jpg 768w, https:\/\/evolve-fitness.eu\/wp-content\/uploads\/2023\/09\/A7_07059-1024x1536.jpg 1024w, https:\/\/evolve-fitness.eu\/wp-content\/uploads\/2023\/09\/A7_07059.jpg 1280w\" sizes=\"auto, (max-width: 683px) 100vw, 683px\" \/><\/figure>\n<\/div>\n<\/div>\n\n\n\n<div class=\"wp-block-columns alignwide is-layout-flex wp-container-core-columns-is-layout-c45ee707 wp-block-columns-is-layout-flex\" style=\"margin-bottom:var(--wp--preset--spacing--side-padding);padding-top:var(--wp--preset--spacing--side-padding)\">\n<div class=\"wp-block-column is-vertically-aligned-center is-layout-flow wp-block-column-is-layout-flow\">\n<figure class=\"wp-block-image size-large\"><img decoding=\"async\" src=\"https:\/\/store.evolve-fitness.eu\/wp-content\/uploads\/2024\/06\/Dizainas-be-pavadinimo-27-3-1024x1024.png\" alt=\"\" class=\"wp-image-78931\"\/><\/figure>\n<\/div>\n\n\n\n<div class=\"wp-block-column is-vertically-aligned-center is-layout-flow wp-block-column-is-layout-flow\">\n<h3 class=\"wp-block-heading\" style=\"margin-bottom:var(--wp--preset--spacing--h-3-bottom)\"><strong>Personalizado para su marca<\/strong><\/h3>\n\n\n\n<p><strong><em><strong><em>Combina con el color de tu interior<\/em><\/strong><\/em><\/strong><\/p>\n\n\n\n<p style=\"margin-bottom:var(--wp--preset--spacing--tb-section-padding)\">Mejore la imagen de marca de su gimnasio eligiendo los equipos Evolve. Ofrecemos opciones de personalizaci\u00f3n para que coincida con su esquema de color interior. Incluso puede personalizar los colores de la estructura y la tapicer\u00eda para que se integren a la perfecci\u00f3n con la est\u00e9tica de sus instalaciones. Consiga el equipo de fitness que estaba esperando: duradero, elegante y adaptado a sus necesidades espec\u00edficas. Elija Evolve para obtener equipos de fitness de primera categor\u00eda que destacan en entornos comerciales y complementan su visi\u00f3n del dise\u00f1o.<\/p>\n<\/div>\n<\/div>\n<\/section>\n","protected":false},"excerpt":{"rendered":"<p>El Evolve Prime Series Glute Ham Bench, un producto premium de Evolve Fitness, personifica tanto la innovaci\u00f3n como la durabilidad en equipos de gimnasio. Espec\u00edficamente dise\u00f1ado para mejorar los entrenamientos de la parte inferior del cuerpo, este banco trabaja eficazmente los m\u00fasculos gl\u00fateos e isquiotibiales. Su robusta construcci\u00f3n y su dise\u00f1o ergon\u00f3mico garantizan comodidad y estabilidad para usuarios de todos los niveles de forma f\u00edsica. Ideal para gimnasios comerciales y entusiastas del fitness en casa, el banco para gl\u00fateos Evolve Prime Series es una prueba del compromiso de Evolve Fitness con las soluciones de fitness eficaces y de alta calidad. Este equipo es imprescindible para quienes desean mejorar su r\u00e9gimen de entrenamiento de fuerza.<\/p>\n","protected":false},"featured_media":56289,"template":"","meta":{"_acf_changed":true,"inline_featured_image":false},"product_brand":[],"product_cat":[1153,1754],"product_tag":[1156,1794,1769,1758,1777,1789,1762,1755,1812,1756,1803,3870],"class_list":{"0":"post-56273","1":"product","2":"type-product","3":"status-publish","4":"has-post-thumbnail","6":"product_cat-bancos","7":"product_cat-bancos-prime-series","8":"product_tag-banco","9":"product_tag-banco-olimpico","10":"product_tag-confort","11":"product_tag-empuje-de-cadera","12":"product_tag-entrenamiento-de-fuerza","13":"product_tag-espuma-de-alta-densidad","14":"product_tag-fuerza","15":"product_tag-gimnasio-comercial","16":"product_tag-gimnasio-en-casa","17":"product_tag-precision-es","18":"product_tag-servicio-pesado","19":"product_tag-sissy-squat-y-curl-bench","21":"first","22":"instock","23":"shipping-taxable","24":"purchasable","25":"product-type-simple"},"acf":{"long_title":"Banco de muslos y gl\u00fateos Evolve Prime Series  (PR-320)","subtitle":"","specifications":[{"label":"SKU","text_value":"EV-BN-PR-320","icon":"x"},{"label":"Longitud","text_value":"1584 mm","icon":"x"},{"label":"Anchura","text_value":"972 mm","icon":"x"},{"label":"Altura","text_value":"1477 mm","icon":"x"},{"label":"Peso","text_value":"110 kg","icon":"x"},{"label":"Protectores de suelo duraderos","text_value":"","icon":"x"},{"label":"Tapicer\u00eda gruesa","text_value":"","icon":"x"},{"label":"Garant\u00eda  ","text_value":"2 a\u00f1os","icon":"x"},{"label":"","text_value":"","icon":"v"},{"label":"","text_value":"","icon":"v"},{"label":"","text_value":"","icon":"x"}]},"yoast_head":"<!-- This site is optimized with the Yoast SEO plugin v26.6 - https:\/\/yoast.com\/wordpress\/plugins\/seo\/ -->\n<title>Banco de muslos y gl\u00fateos Evolve Prime Series (PR-320) - Evolve<\/title>\n<meta name=\"robots\" content=\"index, follow, max-snippet:-1, max-image-preview:large, max-video-preview:-1\" \/>\n<link rel=\"canonical\" href=\"https:\/\/evolve-fitness.eu\/es\/producto\/banco-de-muslos-y-gluteos-evolve-prime-series\/\" \/>\n<meta property=\"og:locale\" content=\"es_ES\" \/>\n<meta property=\"og:type\" content=\"article\" \/>\n<meta property=\"og:title\" content=\"Banco de muslos y gl\u00fateos Evolve Prime Series (PR-320) - Evolve\" \/>\n<meta property=\"og:url\" content=\"https:\/\/evolve-fitness.eu\/es\/producto\/banco-de-muslos-y-gluteos-evolve-prime-series\/\" \/>\n<meta property=\"og:site_name\" content=\"Evolve\" \/>\n<meta property=\"article:publisher\" content=\"https:\/\/www.facebook.com\/EvolveFitnessEurope\" \/>\n<meta property=\"article:modified_time\" content=\"2025-10-03T13:07:55+00:00\" \/>\n<meta property=\"og:image\" content=\"https:\/\/evolve-fitness.eu\/wp-content\/uploads\/2024\/02\/Evolve-Prime-Series-Glute-Ham-Bench.png\" \/>\n\t<meta property=\"og:image:width\" content=\"680\" \/>\n\t<meta property=\"og:image:height\" content=\"600\" \/>\n\t<meta property=\"og:image:type\" content=\"image\/png\" \/>\n<meta name=\"twitter:card\" content=\"summary_large_image\" \/>\n<script type=\"application\/ld+json\" class=\"yoast-schema-graph\">{\"@context\":\"https:\/\/schema.org\",\"@graph\":[{\"@type\":\"WebPage\",\"@id\":\"https:\/\/evolve-fitness.eu\/es\/producto\/banco-de-muslos-y-gluteos-evolve-prime-series\/\",\"url\":\"https:\/\/evolve-fitness.eu\/es\/producto\/banco-de-muslos-y-gluteos-evolve-prime-series\/\",\"name\":\"Banco de muslos y gl\u00fateos Evolve Prime Series (PR-320) - Evolve\",\"isPartOf\":{\"@id\":\"https:\/\/evolve-fitness.eu\/es\/#website\"},\"primaryImageOfPage\":{\"@id\":\"https:\/\/evolve-fitness.eu\/es\/producto\/banco-de-muslos-y-gluteos-evolve-prime-series\/#primaryimage\"},\"image\":{\"@id\":\"https:\/\/evolve-fitness.eu\/es\/producto\/banco-de-muslos-y-gluteos-evolve-prime-series\/#primaryimage\"},\"thumbnailUrl\":\"https:\/\/evolve-fitness.eu\/wp-content\/uploads\/2024\/02\/Evolve-Prime-Series-Glute-Ham-Bench.png\",\"datePublished\":\"2024-02-02T06:30:45+00:00\",\"dateModified\":\"2025-10-03T13:07:55+00:00\",\"breadcrumb\":{\"@id\":\"https:\/\/evolve-fitness.eu\/es\/producto\/banco-de-muslos-y-gluteos-evolve-prime-series\/#breadcrumb\"},\"inLanguage\":\"es\",\"potentialAction\":[{\"@type\":\"ReadAction\",\"target\":[\"https:\/\/evolve-fitness.eu\/es\/producto\/banco-de-muslos-y-gluteos-evolve-prime-series\/\"]}]},{\"@type\":\"ImageObject\",\"inLanguage\":\"es\",\"@id\":\"https:\/\/evolve-fitness.eu\/es\/producto\/banco-de-muslos-y-gluteos-evolve-prime-series\/#primaryimage\",\"url\":\"https:\/\/evolve-fitness.eu\/wp-content\/uploads\/2024\/02\/Evolve-Prime-Series-Glute-Ham-Bench.png\",\"contentUrl\":\"https:\/\/evolve-fitness.eu\/wp-content\/uploads\/2024\/02\/Evolve-Prime-Series-Glute-Ham-Bench.png\",\"width\":680,\"height\":600,\"caption\":\"EV-BN-PR-320\"},{\"@type\":\"BreadcrumbList\",\"@id\":\"https:\/\/evolve-fitness.eu\/es\/producto\/banco-de-muslos-y-gluteos-evolve-prime-series\/#breadcrumb\",\"itemListElement\":[{\"@type\":\"ListItem\",\"position\":1,\"name\":\"Home\",\"item\":\"https:\/\/evolve-fitness.eu\/es\/\"},{\"@type\":\"ListItem\",\"position\":2,\"name\":\"Productos\",\"item\":\"https:\/\/evolve-fitness.eu\/es\/shop\/\"},{\"@type\":\"ListItem\",\"position\":3,\"name\":\"Banco de muslos y gl\u00fateos Evolve Prime Series (PR-320)\"}]},{\"@type\":\"WebSite\",\"@id\":\"https:\/\/evolve-fitness.eu\/es\/#website\",\"url\":\"https:\/\/evolve-fitness.eu\/es\/\",\"name\":\"Evolve\",\"description\":\"Your Evolved Gear Arrived\",\"publisher\":{\"@id\":\"https:\/\/evolve-fitness.eu\/es\/#organization\"},\"potentialAction\":[{\"@type\":\"SearchAction\",\"target\":{\"@type\":\"EntryPoint\",\"urlTemplate\":\"https:\/\/evolve-fitness.eu\/es\/?s={search_term_string}\"},\"query-input\":{\"@type\":\"PropertyValueSpecification\",\"valueRequired\":true,\"valueName\":\"search_term_string\"}}],\"inLanguage\":\"es\"},{\"@type\":\"Organization\",\"@id\":\"https:\/\/evolve-fitness.eu\/es\/#organization\",\"name\":\"Evolve\",\"url\":\"https:\/\/evolve-fitness.eu\/es\/\",\"logo\":{\"@type\":\"ImageObject\",\"inLanguage\":\"es\",\"@id\":\"https:\/\/evolve-fitness.eu\/es\/#\/schema\/logo\/image\/\",\"url\":\"https:\/\/evolve-fitness.eu\/wp-content\/uploads\/2023\/05\/Evolve-logo.svg\",\"contentUrl\":\"https:\/\/evolve-fitness.eu\/wp-content\/uploads\/2023\/05\/Evolve-logo.svg\",\"width\":176,\"height\":20,\"caption\":\"Evolve\"},\"image\":{\"@id\":\"https:\/\/evolve-fitness.eu\/es\/#\/schema\/logo\/image\/\"},\"sameAs\":[\"https:\/\/www.facebook.com\/EvolveFitnessEurope\"]}]}<\/script>\n<!-- \/ Yoast SEO plugin. -->","yoast_head_json":{"title":"Banco de muslos y gl\u00fateos Evolve Prime Series (PR-320) - Evolve","robots":{"index":"index","follow":"follow","max-snippet":"max-snippet:-1","max-image-preview":"max-image-preview:large","max-video-preview":"max-video-preview:-1"},"canonical":"https:\/\/evolve-fitness.eu\/es\/producto\/banco-de-muslos-y-gluteos-evolve-prime-series\/","og_locale":"es_ES","og_type":"article","og_title":"Banco de muslos y gl\u00fateos Evolve Prime Series (PR-320) - Evolve","og_url":"https:\/\/evolve-fitness.eu\/es\/producto\/banco-de-muslos-y-gluteos-evolve-prime-series\/","og_site_name":"Evolve","article_publisher":"https:\/\/www.facebook.com\/EvolveFitnessEurope","article_modified_time":"2025-10-03T13:07:55+00:00","og_image":[{"width":680,"height":600,"url":"https:\/\/evolve-fitness.eu\/wp-content\/uploads\/2024\/02\/Evolve-Prime-Series-Glute-Ham-Bench.png","type":"image\/png"}],"twitter_card":"summary_large_image","schema":{"@context":"https:\/\/schema.org","@graph":[{"@type":"WebPage","@id":"https:\/\/evolve-fitness.eu\/es\/producto\/banco-de-muslos-y-gluteos-evolve-prime-series\/","url":"https:\/\/evolve-fitness.eu\/es\/producto\/banco-de-muslos-y-gluteos-evolve-prime-series\/","name":"Banco de muslos y gl\u00fateos Evolve Prime Series (PR-320) - Evolve","isPartOf":{"@id":"https:\/\/evolve-fitness.eu\/es\/#website"},"primaryImageOfPage":{"@id":"https:\/\/evolve-fitness.eu\/es\/producto\/banco-de-muslos-y-gluteos-evolve-prime-series\/#primaryimage"},"image":{"@id":"https:\/\/evolve-fitness.eu\/es\/producto\/banco-de-muslos-y-gluteos-evolve-prime-series\/#primaryimage"},"thumbnailUrl":"https:\/\/evolve-fitness.eu\/wp-content\/uploads\/2024\/02\/Evolve-Prime-Series-Glute-Ham-Bench.png","datePublished":"2024-02-02T06:30:45+00:00","dateModified":"2025-10-03T13:07:55+00:00","breadcrumb":{"@id":"https:\/\/evolve-fitness.eu\/es\/producto\/banco-de-muslos-y-gluteos-evolve-prime-series\/#breadcrumb"},"inLanguage":"es","potentialAction":[{"@type":"ReadAction","target":["https:\/\/evolve-fitness.eu\/es\/producto\/banco-de-muslos-y-gluteos-evolve-prime-series\/"]}]},{"@type":"ImageObject","inLanguage":"es","@id":"https:\/\/evolve-fitness.eu\/es\/producto\/banco-de-muslos-y-gluteos-evolve-prime-series\/#primaryimage","url":"https:\/\/evolve-fitness.eu\/wp-content\/uploads\/2024\/02\/Evolve-Prime-Series-Glute-Ham-Bench.png","contentUrl":"https:\/\/evolve-fitness.eu\/wp-content\/uploads\/2024\/02\/Evolve-Prime-Series-Glute-Ham-Bench.png","width":680,"height":600,"caption":"EV-BN-PR-320"},{"@type":"BreadcrumbList","@id":"https:\/\/evolve-fitness.eu\/es\/producto\/banco-de-muslos-y-gluteos-evolve-prime-series\/#breadcrumb","itemListElement":[{"@type":"ListItem","position":1,"name":"Home","item":"https:\/\/evolve-fitness.eu\/es\/"},{"@type":"ListItem","position":2,"name":"Productos","item":"https:\/\/evolve-fitness.eu\/es\/shop\/"},{"@type":"ListItem","position":3,"name":"Banco de muslos y gl\u00fateos Evolve Prime Series (PR-320)"}]},{"@type":"WebSite","@id":"https:\/\/evolve-fitness.eu\/es\/#website","url":"https:\/\/evolve-fitness.eu\/es\/","name":"Evolve","description":"Your Evolved Gear Arrived","publisher":{"@id":"https:\/\/evolve-fitness.eu\/es\/#organization"},"potentialAction":[{"@type":"SearchAction","target":{"@type":"EntryPoint","urlTemplate":"https:\/\/evolve-fitness.eu\/es\/?s={search_term_string}"},"query-input":{"@type":"PropertyValueSpecification","valueRequired":true,"valueName":"search_term_string"}}],"inLanguage":"es"},{"@type":"Organization","@id":"https:\/\/evolve-fitness.eu\/es\/#organization","name":"Evolve","url":"https:\/\/evolve-fitness.eu\/es\/","logo":{"@type":"ImageObject","inLanguage":"es","@id":"https:\/\/evolve-fitness.eu\/es\/#\/schema\/logo\/image\/","url":"https:\/\/evolve-fitness.eu\/wp-content\/uploads\/2023\/05\/Evolve-logo.svg","contentUrl":"https:\/\/evolve-fitness.eu\/wp-content\/uploads\/2023\/05\/Evolve-logo.svg","width":176,"height":20,"caption":"Evolve"},"image":{"@id":"https:\/\/evolve-fitness.eu\/es\/#\/schema\/logo\/image\/"},"sameAs":["https:\/\/www.facebook.com\/EvolveFitnessEurope"]}]}},"_links":{"self":[{"href":"https:\/\/evolve-fitness.eu\/es\/wp-json\/wp\/v2\/product\/56273","targetHints":{"allow":["GET"]}}],"collection":[{"href":"https:\/\/evolve-fitness.eu\/es\/wp-json\/wp\/v2\/product"}],"about":[{"href":"https:\/\/evolve-fitness.eu\/es\/wp-json\/wp\/v2\/types\/product"}],"wp:featuredmedia":[{"embeddable":true,"href":"https:\/\/evolve-fitness.eu\/es\/wp-json\/wp\/v2\/media\/56289"}],"wp:attachment":[{"href":"https:\/\/evolve-fitness.eu\/es\/wp-json\/wp\/v2\/media?parent=56273"}],"wp:term":[{"taxonomy":"product_brand","embeddable":true,"href":"https:\/\/evolve-fitness.eu\/es\/wp-json\/wp\/v2\/product_brand?post=56273"},{"taxonomy":"product_cat","embeddable":true,"href":"https:\/\/evolve-fitness.eu\/es\/wp-json\/wp\/v2\/product_cat?post=56273"},{"taxonomy":"product_tag","embeddable":true,"href":"https:\/\/evolve-fitness.eu\/es\/wp-json\/wp\/v2\/product_tag?post=56273"}],"curies":[{"name":"wp","href":"https:\/\/api.w.org\/{rel}","templated":true}]}}