{"id":59171,"date":"2023-12-20T09:59:41","date_gmt":"2023-12-20T09:59:41","guid":{"rendered":"https:\/\/evolve-fitness.eu\/product\/estacion-de-inmersion-evolve-prime-series\/"},"modified":"2024-05-21T11:51:44","modified_gmt":"2024-05-21T11:51:44","slug":"estacion-de-inmersion-evolve-prime-series","status":"publish","type":"product","link":"https:\/\/evolve-fitness.eu\/es\/producto\/estacion-de-inmersion-evolve-prime-series\/","title":{"rendered":"Estaci\u00f3n de inmersi\u00f3n Evolve Prime Series"},"content":{"rendered":"\n<section class=\"wp-block-group alignfull has-lightgray-background-color has-background is-layout-constrained wp-block-group-is-layout-constrained\">\n<div class=\"wp-block-columns alignwide is-layout-flex wp-container-core-columns-is-layout-2edb0647 wp-block-columns-is-layout-flex\" style=\"margin-top:0;margin-bottom:0\">\n<div class=\"wp-block-column is-layout-flow wp-block-column-is-layout-flow\" style=\"flex-basis:33.33%\"><\/div>\n\n\n\n<div class=\"wp-block-column is-layout-flow wp-block-column-is-layout-flow\" style=\"flex-basis:66.66%\"><\/div>\n<\/div>\n<\/section>\n\n<section class=\"wp-block-group alignfull black-content has-white-color has-darkgray-background-color has-text-color has-background is-layout-constrained wp-block-group-is-layout-constrained\" style=\"padding-top:var(--wp--preset--spacing--section-bottom);padding-bottom:var(--wp--preset--spacing--section-bottom)\">\n<div class=\"wp-block-columns alignwide mobile-reverse is-layout-flex wp-container-core-columns-is-layout-ca64bf2d wp-block-columns-is-layout-flex\" style=\"margin-bottom:var(--wp--preset--spacing--side-padding)\">\n<div class=\"wp-block-column is-vertically-aligned-center is-layout-flow wp-block-column-is-layout-flow\">\n<h3 class=\"wp-block-heading\" style=\"margin-bottom:var(--wp--preset--spacing--h-3-bottom)\">R<strong>\n  <strong>\n    <strong>\n      <strong>\n        <strong>\n          <strong>\n            <strong>ise\u00f1o robusto, resultados excepcionales<\/strong>\n          <\/strong>\n        <\/strong>\n      <\/strong>\n    <\/strong>\n  <\/strong>\n<\/strong><\/h3>\n\n\n\n<p>S\u00f3lido y seguro<\/p>\n\n\n\n<p style=\"margin-bottom:var(--wp--preset--spacing--tb-section-padding)\">Construida con acero de alta resistencia, la estaci\u00f3n de inmersi\u00f3n Evolve promete una estabilidad y seguridad inigualables. Entrena con confianza sabiendo que tu equipo es tan fuerte como tu ambici\u00f3n.<\/p>\n<\/div>\n\n\n\n<div class=\"wp-block-column is-vertically-aligned-center is-layout-flow wp-block-column-is-layout-flow\">\n<figure class=\"wp-block-image size-large\"><img loading=\"lazy\" decoding=\"async\" width=\"683\" height=\"1024\" src=\"https:\/\/evolve-fitness.eu\/wp-content\/uploads\/2023\/12\/EV-BN-PR-215-Evolve-Prime-Series-Dip-Station-1-683x1024.jpg\" alt=\"EV-BN-PR-215\" class=\"wp-image-129055\" srcset=\"https:\/\/evolve-fitness.eu\/wp-content\/uploads\/2023\/12\/EV-BN-PR-215-Evolve-Prime-Series-Dip-Station-1-683x1024.jpg 683w, https:\/\/evolve-fitness.eu\/wp-content\/uploads\/2023\/12\/EV-BN-PR-215-Evolve-Prime-Series-Dip-Station-1-300x450.jpg 300w, https:\/\/evolve-fitness.eu\/wp-content\/uploads\/2023\/12\/EV-BN-PR-215-Evolve-Prime-Series-Dip-Station-1-100x150.jpg 100w, https:\/\/evolve-fitness.eu\/wp-content\/uploads\/2023\/12\/EV-BN-PR-215-Evolve-Prime-Series-Dip-Station-1-600x900.jpg 600w, https:\/\/evolve-fitness.eu\/wp-content\/uploads\/2023\/12\/EV-BN-PR-215-Evolve-Prime-Series-Dip-Station-1-200x300.jpg 200w, https:\/\/evolve-fitness.eu\/wp-content\/uploads\/2023\/12\/EV-BN-PR-215-Evolve-Prime-Series-Dip-Station-1-768x1152.jpg 768w, https:\/\/evolve-fitness.eu\/wp-content\/uploads\/2023\/12\/EV-BN-PR-215-Evolve-Prime-Series-Dip-Station-1-1024x1536.jpg 1024w, https:\/\/evolve-fitness.eu\/wp-content\/uploads\/2023\/12\/EV-BN-PR-215-Evolve-Prime-Series-Dip-Station-1.jpg 1280w\" sizes=\"auto, (max-width: 683px) 100vw, 683px\" \/><\/figure>\n<\/div>\n<\/div>\n\n\n\n<div class=\"wp-block-columns alignwide is-layout-flex wp-container-core-columns-is-layout-c45ee707 wp-block-columns-is-layout-flex\" style=\"margin-bottom:var(--wp--preset--spacing--side-padding);padding-top:var(--wp--preset--spacing--side-padding)\">\n<div class=\"wp-block-column is-vertically-aligned-center is-layout-flow wp-block-column-is-layout-flow\">\n<figure class=\"wp-block-image size-large\"><img loading=\"lazy\" decoding=\"async\" width=\"1024\" height=\"683\" src=\"https:\/\/evolve-fitness.eu\/wp-content\/uploads\/2023\/12\/EV-BN-PR-215-Evolve-Prime-Series-Dip-Station-2-1-1024x683.jpg\" alt=\"EV-BN-PR-215\" class=\"wp-image-129081\" srcset=\"https:\/\/evolve-fitness.eu\/wp-content\/uploads\/2023\/12\/EV-BN-PR-215-Evolve-Prime-Series-Dip-Station-2-1-1024x683.jpg 1024w, https:\/\/evolve-fitness.eu\/wp-content\/uploads\/2023\/12\/EV-BN-PR-215-Evolve-Prime-Series-Dip-Station-2-1-300x200.jpg 300w, https:\/\/evolve-fitness.eu\/wp-content\/uploads\/2023\/12\/EV-BN-PR-215-Evolve-Prime-Series-Dip-Station-2-1-225x150.jpg 225w, https:\/\/evolve-fitness.eu\/wp-content\/uploads\/2023\/12\/EV-BN-PR-215-Evolve-Prime-Series-Dip-Station-2-1-600x400.jpg 600w, https:\/\/evolve-fitness.eu\/wp-content\/uploads\/2023\/12\/EV-BN-PR-215-Evolve-Prime-Series-Dip-Station-2-1-150x100.jpg 150w, https:\/\/evolve-fitness.eu\/wp-content\/uploads\/2023\/12\/EV-BN-PR-215-Evolve-Prime-Series-Dip-Station-2-1-768x512.jpg 768w, https:\/\/evolve-fitness.eu\/wp-content\/uploads\/2023\/12\/EV-BN-PR-215-Evolve-Prime-Series-Dip-Station-2-1-1536x1024.jpg 1536w, https:\/\/evolve-fitness.eu\/wp-content\/uploads\/2023\/12\/EV-BN-PR-215-Evolve-Prime-Series-Dip-Station-2-1.jpg 1920w\" sizes=\"auto, (max-width: 1024px) 100vw, 1024px\" \/><\/figure>\n<\/div>\n\n\n\n<div class=\"wp-block-column is-vertically-aligned-center is-layout-flow wp-block-column-is-layout-flow\">\n<h3 class=\"wp-block-heading\" style=\"margin-bottom:var(--wp--preset--spacing--h-3-bottom)\"><strong>Ergon\u00f3mico y c\u00f3modo<\/strong><\/h3>\n\n\n\n<p style=\"margin-bottom:var(--wp--preset--spacing--tb-section-padding)\">Con asas de dise\u00f1o ergon\u00f3mico, esta estaci\u00f3n garantiza un agarre c\u00f3modo, reduciendo la tensi\u00f3n en manos y mu\u00f1ecas durante las sesiones de entrenamiento intenso. Ideal para una gran variedad de ejercicios, incluidos los saltos de tr\u00edceps, los remos corporales y las elevaciones de piernas, esta estaci\u00f3n es perfecta para trabajar varios grupos musculares.<\/p>\n<\/div>\n<\/div>\n\n\n\n<div class=\"wp-block-columns alignwide is-layout-flex wp-container-core-columns-is-layout-c45ee707 wp-block-columns-is-layout-flex\" style=\"margin-bottom:var(--wp--preset--spacing--side-padding);padding-top:var(--wp--preset--spacing--side-padding)\">\n<div class=\"wp-block-column is-vertically-aligned-center is-layout-flow wp-block-column-is-layout-flow\">\n<h3 class=\"wp-block-heading\" style=\"margin-bottom:var(--wp--preset--spacing--h-3-bottom)\"><strong><strong><strong><strong><strong><strong><strong><strong>Compacto y eficiente en espacio<\/strong><\/strong><\/strong><\/strong><\/strong><\/strong><\/strong><\/strong><\/h3>\n\n\n\n<p><strong><em>Dise\u00f1ado para encajar a la perfecci\u00f3n en cualquier gimnasio dom\u00e9stico o espacio de entrenamiento profesional<\/em><\/strong><\/p>\n\n\n\n<p style=\"margin-bottom:var(--wp--preset--spacing--tb-section-padding)\">La robusta construcci\u00f3n y los materiales de alta calidad garantizan que esta estaci\u00f3n de inmersi\u00f3n pueda soportar los rigores del uso diario, convirti\u00e9ndola en una inversi\u00f3n duradera en su viaje de fitness. Mejora tu entrenamiento con la estaci\u00f3n de inmersi\u00f3n Evolve. Esta estaci\u00f3n de inmersi\u00f3n es el aliado perfecto para aumentar la masa muscular, aumentar la resistencia o simplemente a\u00f1adir variedad a sus entrenamientos.<\/p>\n<\/div>\n\n\n\n<div class=\"wp-block-column is-vertically-aligned-center is-layout-flow wp-block-column-is-layout-flow\">\n<figure class=\"wp-block-image size-large\"><img loading=\"lazy\" decoding=\"async\" width=\"1024\" height=\"683\" src=\"https:\/\/evolve-fitness.eu\/wp-content\/uploads\/2023\/12\/EV-BN-PR-215-Evolve-Prime-Series-Dip-Station-5-1024x683.jpg\" alt=\"EV-BN-PR-215\" class=\"wp-image-129106\" srcset=\"https:\/\/evolve-fitness.eu\/wp-content\/uploads\/2023\/12\/EV-BN-PR-215-Evolve-Prime-Series-Dip-Station-5-1024x683.jpg 1024w, https:\/\/evolve-fitness.eu\/wp-content\/uploads\/2023\/12\/EV-BN-PR-215-Evolve-Prime-Series-Dip-Station-5-300x200.jpg 300w, https:\/\/evolve-fitness.eu\/wp-content\/uploads\/2023\/12\/EV-BN-PR-215-Evolve-Prime-Series-Dip-Station-5-225x150.jpg 225w, https:\/\/evolve-fitness.eu\/wp-content\/uploads\/2023\/12\/EV-BN-PR-215-Evolve-Prime-Series-Dip-Station-5-600x400.jpg 600w, https:\/\/evolve-fitness.eu\/wp-content\/uploads\/2023\/12\/EV-BN-PR-215-Evolve-Prime-Series-Dip-Station-5-150x100.jpg 150w, https:\/\/evolve-fitness.eu\/wp-content\/uploads\/2023\/12\/EV-BN-PR-215-Evolve-Prime-Series-Dip-Station-5-768x512.jpg 768w, https:\/\/evolve-fitness.eu\/wp-content\/uploads\/2023\/12\/EV-BN-PR-215-Evolve-Prime-Series-Dip-Station-5-1536x1024.jpg 1536w, https:\/\/evolve-fitness.eu\/wp-content\/uploads\/2023\/12\/EV-BN-PR-215-Evolve-Prime-Series-Dip-Station-5.jpg 1920w\" sizes=\"auto, (max-width: 1024px) 100vw, 1024px\" \/><\/figure>\n<\/div>\n<\/div>\n<\/section>\n","protected":false},"excerpt":{"rendered":"<p>La estaci\u00f3n de inmersi\u00f3n Evolve Prime Series, una herramienta de fitness de \u00faltima generaci\u00f3n dise\u00f1ada para esculpir y fortalecer la parte superior del cuerpo como nunca antes. Esta estaci\u00f3n de inmersi\u00f3n es imprescindible para los entusiastas del fitness y los atletas que necesitan entrenar con la confianza de saber que su equipo es tan fuerte como su ambici\u00f3n.<\/p>\n","protected":false},"featured_media":59181,"template":"","meta":{"_acf_changed":false,"inline_featured_image":false},"product_brand":[],"product_cat":[1153,1754],"product_tag":[1794,1769,1758,1777,1789,6018,1762,1755,1812,1756,1803],"class_list":{"0":"post-59171","1":"product","2":"type-product","3":"status-publish","4":"has-post-thumbnail","6":"product_cat-bancos","7":"product_cat-bancos-prime-series","8":"product_tag-banco-olimpico","9":"product_tag-confort","10":"product_tag-empuje-de-cadera","11":"product_tag-entrenamiento-de-fuerza","12":"product_tag-espuma-de-alta-densidad","13":"product_tag-estacion-de-inmersion","14":"product_tag-fuerza","15":"product_tag-gimnasio-comercial","16":"product_tag-gimnasio-en-casa","17":"product_tag-precision-es","18":"product_tag-servicio-pesado","20":"first","21":"instock","22":"shipping-taxable","23":"purchasable","24":"product-type-simple"},"acf":{"long_title":"Estaci\u00f3n de inmersi\u00f3n Evolve Prime Series, PR-215","subtitle":"","specifications":[{"label":"SKU","text_value":"EV-BN-PR-215","icon":"x"},{"label":"MEDIR","text_value":"1258 x 1190 x 2295 mm","icon":"x"},{"label":"Peso","text_value":"66 kg","icon":"x"},{"label":"Garant\u00eda","text_value":"2 a\u00f1os","icon":"x"},{"label":"Prop\u00f3sito","text_value":"Comercial","icon":"x"},{"label":"Carga m\u00e1xima","text_value":"280 kg","icon":"x"},{"label":"","text_value":"","icon":"x"},{"label":"","text_value":"","icon":"x"}],"product_frequently_asked_questions":null},"yoast_head":"<!-- This site is optimized with the Yoast SEO plugin v27.4 - https:\/\/yoast.com\/product\/yoast-seo-wordpress\/ -->\n<title>Estaci\u00f3n de inmersi\u00f3n Evolve Prime Series - Evolve<\/title>\n<meta name=\"robots\" content=\"index, follow, max-snippet:-1, max-image-preview:large, max-video-preview:-1\" \/>\n<link rel=\"canonical\" href=\"https:\/\/evolve-fitness.eu\/es\/producto\/estacion-de-inmersion-evolve-prime-series\/\" \/>\n<meta property=\"og:locale\" content=\"es_ES\" \/>\n<meta property=\"og:type\" content=\"article\" \/>\n<meta property=\"og:title\" content=\"Estaci\u00f3n de inmersi\u00f3n Evolve Prime Series - Evolve\" \/>\n<meta property=\"og:url\" content=\"https:\/\/evolve-fitness.eu\/es\/producto\/estacion-de-inmersion-evolve-prime-series\/\" \/>\n<meta property=\"og:site_name\" content=\"Evolve\" \/>\n<meta property=\"article:publisher\" content=\"https:\/\/www.facebook.com\/EvolveFitnessEurope\" \/>\n<meta property=\"article:modified_time\" content=\"2024-05-21T11:51:44+00:00\" \/>\n<meta property=\"og:image\" content=\"https:\/\/evolve-fitness.eu\/wp-content\/uploads\/2023\/12\/PR-215.png\" \/>\n\t<meta property=\"og:image:width\" content=\"680\" \/>\n\t<meta property=\"og:image:height\" content=\"600\" \/>\n\t<meta property=\"og:image:type\" content=\"image\/png\" \/>\n<meta name=\"twitter:card\" content=\"summary_large_image\" \/>\n<script type=\"application\/ld+json\" class=\"yoast-schema-graph\">{\"@context\":\"https:\\\/\\\/schema.org\",\"@graph\":[{\"@type\":\"WebPage\",\"@id\":\"https:\\\/\\\/evolve-fitness.eu\\\/es\\\/producto\\\/estacion-de-inmersion-evolve-prime-series\\\/\",\"url\":\"https:\\\/\\\/evolve-fitness.eu\\\/es\\\/producto\\\/estacion-de-inmersion-evolve-prime-series\\\/\",\"name\":\"Estaci\u00f3n de inmersi\u00f3n Evolve Prime Series - Evolve\",\"isPartOf\":{\"@id\":\"https:\\\/\\\/evolve-fitness.eu\\\/es\\\/#website\"},\"primaryImageOfPage\":{\"@id\":\"https:\\\/\\\/evolve-fitness.eu\\\/es\\\/producto\\\/estacion-de-inmersion-evolve-prime-series\\\/#primaryimage\"},\"image\":{\"@id\":\"https:\\\/\\\/evolve-fitness.eu\\\/es\\\/producto\\\/estacion-de-inmersion-evolve-prime-series\\\/#primaryimage\"},\"thumbnailUrl\":\"https:\\\/\\\/evolve-fitness.eu\\\/wp-content\\\/uploads\\\/2023\\\/12\\\/PR-215.png\",\"datePublished\":\"2023-12-20T09:59:41+00:00\",\"dateModified\":\"2024-05-21T11:51:44+00:00\",\"breadcrumb\":{\"@id\":\"https:\\\/\\\/evolve-fitness.eu\\\/es\\\/producto\\\/estacion-de-inmersion-evolve-prime-series\\\/#breadcrumb\"},\"inLanguage\":\"es\",\"potentialAction\":[{\"@type\":\"ReadAction\",\"target\":[\"https:\\\/\\\/evolve-fitness.eu\\\/es\\\/producto\\\/estacion-de-inmersion-evolve-prime-series\\\/\"]}]},{\"@type\":\"ImageObject\",\"inLanguage\":\"es\",\"@id\":\"https:\\\/\\\/evolve-fitness.eu\\\/es\\\/producto\\\/estacion-de-inmersion-evolve-prime-series\\\/#primaryimage\",\"url\":\"https:\\\/\\\/evolve-fitness.eu\\\/wp-content\\\/uploads\\\/2023\\\/12\\\/PR-215.png\",\"contentUrl\":\"https:\\\/\\\/evolve-fitness.eu\\\/wp-content\\\/uploads\\\/2023\\\/12\\\/PR-215.png\",\"width\":680,\"height\":600},{\"@type\":\"BreadcrumbList\",\"@id\":\"https:\\\/\\\/evolve-fitness.eu\\\/es\\\/producto\\\/estacion-de-inmersion-evolve-prime-series\\\/#breadcrumb\",\"itemListElement\":[{\"@type\":\"ListItem\",\"position\":1,\"name\":\"Home\",\"item\":\"https:\\\/\\\/evolve-fitness.eu\\\/es\\\/\"},{\"@type\":\"ListItem\",\"position\":2,\"name\":\"Productos\",\"item\":\"https:\\\/\\\/evolve-fitness.eu\\\/es\\\/shop\\\/\"},{\"@type\":\"ListItem\",\"position\":3,\"name\":\"Estaci\u00f3n de inmersi\u00f3n Evolve Prime Series\"}]},{\"@type\":\"WebSite\",\"@id\":\"https:\\\/\\\/evolve-fitness.eu\\\/es\\\/#website\",\"url\":\"https:\\\/\\\/evolve-fitness.eu\\\/es\\\/\",\"name\":\"Evolve\",\"description\":\"Your Evolved Gear Arrived\",\"publisher\":{\"@id\":\"https:\\\/\\\/evolve-fitness.eu\\\/es\\\/#organization\"},\"potentialAction\":[{\"@type\":\"SearchAction\",\"target\":{\"@type\":\"EntryPoint\",\"urlTemplate\":\"https:\\\/\\\/evolve-fitness.eu\\\/es\\\/?s={search_term_string}\"},\"query-input\":{\"@type\":\"PropertyValueSpecification\",\"valueRequired\":true,\"valueName\":\"search_term_string\"}}],\"inLanguage\":\"es\"},{\"@type\":\"Organization\",\"@id\":\"https:\\\/\\\/evolve-fitness.eu\\\/es\\\/#organization\",\"name\":\"Evolve\",\"url\":\"https:\\\/\\\/evolve-fitness.eu\\\/es\\\/\",\"logo\":{\"@type\":\"ImageObject\",\"inLanguage\":\"es\",\"@id\":\"https:\\\/\\\/evolve-fitness.eu\\\/es\\\/#\\\/schema\\\/logo\\\/image\\\/\",\"url\":\"https:\\\/\\\/evolve-fitness.eu\\\/wp-content\\\/uploads\\\/2023\\\/05\\\/Evolve-logo.svg\",\"contentUrl\":\"https:\\\/\\\/evolve-fitness.eu\\\/wp-content\\\/uploads\\\/2023\\\/05\\\/Evolve-logo.svg\",\"width\":176,\"height\":20,\"caption\":\"Evolve\"},\"image\":{\"@id\":\"https:\\\/\\\/evolve-fitness.eu\\\/es\\\/#\\\/schema\\\/logo\\\/image\\\/\"},\"sameAs\":[\"https:\\\/\\\/www.facebook.com\\\/EvolveFitnessEurope\"]}]}<\/script>\n<!-- \/ Yoast SEO plugin. -->","yoast_head_json":{"title":"Estaci\u00f3n de inmersi\u00f3n Evolve Prime Series - Evolve","robots":{"index":"index","follow":"follow","max-snippet":"max-snippet:-1","max-image-preview":"max-image-preview:large","max-video-preview":"max-video-preview:-1"},"canonical":"https:\/\/evolve-fitness.eu\/es\/producto\/estacion-de-inmersion-evolve-prime-series\/","og_locale":"es_ES","og_type":"article","og_title":"Estaci\u00f3n de inmersi\u00f3n Evolve Prime Series - Evolve","og_url":"https:\/\/evolve-fitness.eu\/es\/producto\/estacion-de-inmersion-evolve-prime-series\/","og_site_name":"Evolve","article_publisher":"https:\/\/www.facebook.com\/EvolveFitnessEurope","article_modified_time":"2024-05-21T11:51:44+00:00","og_image":[{"width":680,"height":600,"url":"https:\/\/evolve-fitness.eu\/wp-content\/uploads\/2023\/12\/PR-215.png","type":"image\/png"}],"twitter_card":"summary_large_image","schema":{"@context":"https:\/\/schema.org","@graph":[{"@type":"WebPage","@id":"https:\/\/evolve-fitness.eu\/es\/producto\/estacion-de-inmersion-evolve-prime-series\/","url":"https:\/\/evolve-fitness.eu\/es\/producto\/estacion-de-inmersion-evolve-prime-series\/","name":"Estaci\u00f3n de inmersi\u00f3n Evolve Prime Series - Evolve","isPartOf":{"@id":"https:\/\/evolve-fitness.eu\/es\/#website"},"primaryImageOfPage":{"@id":"https:\/\/evolve-fitness.eu\/es\/producto\/estacion-de-inmersion-evolve-prime-series\/#primaryimage"},"image":{"@id":"https:\/\/evolve-fitness.eu\/es\/producto\/estacion-de-inmersion-evolve-prime-series\/#primaryimage"},"thumbnailUrl":"https:\/\/evolve-fitness.eu\/wp-content\/uploads\/2023\/12\/PR-215.png","datePublished":"2023-12-20T09:59:41+00:00","dateModified":"2024-05-21T11:51:44+00:00","breadcrumb":{"@id":"https:\/\/evolve-fitness.eu\/es\/producto\/estacion-de-inmersion-evolve-prime-series\/#breadcrumb"},"inLanguage":"es","potentialAction":[{"@type":"ReadAction","target":["https:\/\/evolve-fitness.eu\/es\/producto\/estacion-de-inmersion-evolve-prime-series\/"]}]},{"@type":"ImageObject","inLanguage":"es","@id":"https:\/\/evolve-fitness.eu\/es\/producto\/estacion-de-inmersion-evolve-prime-series\/#primaryimage","url":"https:\/\/evolve-fitness.eu\/wp-content\/uploads\/2023\/12\/PR-215.png","contentUrl":"https:\/\/evolve-fitness.eu\/wp-content\/uploads\/2023\/12\/PR-215.png","width":680,"height":600},{"@type":"BreadcrumbList","@id":"https:\/\/evolve-fitness.eu\/es\/producto\/estacion-de-inmersion-evolve-prime-series\/#breadcrumb","itemListElement":[{"@type":"ListItem","position":1,"name":"Home","item":"https:\/\/evolve-fitness.eu\/es\/"},{"@type":"ListItem","position":2,"name":"Productos","item":"https:\/\/evolve-fitness.eu\/es\/shop\/"},{"@type":"ListItem","position":3,"name":"Estaci\u00f3n de inmersi\u00f3n Evolve Prime Series"}]},{"@type":"WebSite","@id":"https:\/\/evolve-fitness.eu\/es\/#website","url":"https:\/\/evolve-fitness.eu\/es\/","name":"Evolve","description":"Your Evolved Gear Arrived","publisher":{"@id":"https:\/\/evolve-fitness.eu\/es\/#organization"},"potentialAction":[{"@type":"SearchAction","target":{"@type":"EntryPoint","urlTemplate":"https:\/\/evolve-fitness.eu\/es\/?s={search_term_string}"},"query-input":{"@type":"PropertyValueSpecification","valueRequired":true,"valueName":"search_term_string"}}],"inLanguage":"es"},{"@type":"Organization","@id":"https:\/\/evolve-fitness.eu\/es\/#organization","name":"Evolve","url":"https:\/\/evolve-fitness.eu\/es\/","logo":{"@type":"ImageObject","inLanguage":"es","@id":"https:\/\/evolve-fitness.eu\/es\/#\/schema\/logo\/image\/","url":"https:\/\/evolve-fitness.eu\/wp-content\/uploads\/2023\/05\/Evolve-logo.svg","contentUrl":"https:\/\/evolve-fitness.eu\/wp-content\/uploads\/2023\/05\/Evolve-logo.svg","width":176,"height":20,"caption":"Evolve"},"image":{"@id":"https:\/\/evolve-fitness.eu\/es\/#\/schema\/logo\/image\/"},"sameAs":["https:\/\/www.facebook.com\/EvolveFitnessEurope"]}]}},"_links":{"self":[{"href":"https:\/\/evolve-fitness.eu\/es\/wp-json\/wp\/v2\/product\/59171","targetHints":{"allow":["GET"]}}],"collection":[{"href":"https:\/\/evolve-fitness.eu\/es\/wp-json\/wp\/v2\/product"}],"about":[{"href":"https:\/\/evolve-fitness.eu\/es\/wp-json\/wp\/v2\/types\/product"}],"wp:featuredmedia":[{"embeddable":true,"href":"https:\/\/evolve-fitness.eu\/es\/wp-json\/wp\/v2\/media\/59181"}],"wp:attachment":[{"href":"https:\/\/evolve-fitness.eu\/es\/wp-json\/wp\/v2\/media?parent=59171"}],"wp:term":[{"taxonomy":"product_brand","embeddable":true,"href":"https:\/\/evolve-fitness.eu\/es\/wp-json\/wp\/v2\/product_brand?post=59171"},{"taxonomy":"product_cat","embeddable":true,"href":"https:\/\/evolve-fitness.eu\/es\/wp-json\/wp\/v2\/product_cat?post=59171"},{"taxonomy":"product_tag","embeddable":true,"href":"https:\/\/evolve-fitness.eu\/es\/wp-json\/wp\/v2\/product_tag?post=59171"}],"curies":[{"name":"wp","href":"https:\/\/api.w.org\/{rel}","templated":true}]}}