{"id":61786,"date":"2023-12-29T11:54:40","date_gmt":"2023-12-29T11:54:40","guid":{"rendered":"https:\/\/evolve-fitness.eu\/product\/evolve-ultra-series-multigimnasio-selectorizado-de-4-pilas-con-2-cables-ajustables\/"},"modified":"2026-03-26T12:25:03","modified_gmt":"2026-03-26T10:25:03","slug":"evolve-ultra-series-multigimnasio-selectorizado-de-4-pilas-con-2-cables-ajustables","status":"publish","type":"product","link":"https:\/\/evolve-fitness.eu\/es\/producto\/evolve-ultra-series-multigimnasio-selectorizado-de-4-pilas-con-2-cables-ajustables\/","title":{"rendered":"Evolve Ultra Series Multigimnasio Selectorizado De 4 Pilas Con 2 Cables Ajustables"},"content":{"rendered":"\n<section class=\"wp-block-group alignfull black-content has-white-color has-darkgray-background-color has-text-color has-background is-layout-constrained wp-block-group-is-layout-constrained\" style=\"padding-top:var(--wp--preset--spacing--section-bottom);padding-bottom:var(--wp--preset--spacing--section-bottom)\">\n<div class=\"wp-block-columns alignwide mobile-reverse is-layout-flex wp-container-core-columns-is-layout-ca64bf2d wp-block-columns-is-layout-flex\" style=\"margin-bottom:var(--wp--preset--spacing--side-padding)\">\n<div class=\"wp-block-column is-vertically-aligned-center is-layout-flow wp-block-column-is-layout-flow\">\n<h3 class=\"wp-block-heading\" style=\"margin-bottom:var(--wp--preset--spacing--h-3-bottom)\">Serie Evolve Ultra<\/h3>\n\n\n\n<p style=\"margin-bottom:var(--wp--preset--spacing--tb-section-padding)\">Bienvenido a la serie Evolve Ultra, donde redefinimos la excelencia. Dise\u00f1ada para propietarios de gimnasios, potenciales propietarios de gimnasios e instalaciones de fitness de todos los tama\u00f1os, nuestra serie Ultra ofrece una gama de m\u00e1quinas selectorizadas rentables que priorizan la calidad y el rendimiento. Exploremos las caracter\u00edsticas \u00fanicas que hacen de la serie Ultra una opci\u00f3n excepcional para aquellos que buscan equipos de fitness econ\u00f3micos pero de alta calidad.<\/p>\n<\/div>\n\n\n\n<div class=\"wp-block-column is-vertically-aligned-center is-layout-flow wp-block-column-is-layout-flow\">\n<figure class=\"wp-block-video\"><video height=\"2160\" style=\"aspect-ratio: 3840 \/ 2160;\" width=\"3840\" autoplay=\"\" controls=\"\" loop=\"\" muted=\"\" src=\"https:\/\/evolve-fitness.eu\/wp-content\/uploads\/2023\/12\/ev-sc-ul-1200-2.mp4\"><\/video><\/figure>\n<\/div>\n<\/div>\n\n\n\n<div class=\"wp-block-columns alignwide is-layout-flex wp-container-core-columns-is-layout-c45ee707 wp-block-columns-is-layout-flex\" style=\"margin-bottom:var(--wp--preset--spacing--side-padding);padding-top:var(--wp--preset--spacing--side-padding)\">\n<div class=\"wp-block-column is-vertically-aligned-center is-layout-flow wp-block-column-is-layout-flow\">\n<figure class=\"wp-block-video\"><video height=\"600\" style=\"aspect-ratio: 680 \/ 600;\" width=\"680\" autoplay=\"\" controls=\"\" loop=\"\" muted=\"\" src=\"https:\/\/store.evolve-fitness.eu\/wp-content\/uploads\/2024\/01\/EFBWN5Z.mp4\"><\/video><\/figure>\n<\/div>\n\n\n\n<div class=\"wp-block-column is-vertically-aligned-center is-layout-flow wp-block-column-is-layout-flow\">\n<h3 class=\"wp-block-heading\">CONSERVE SU ESPACIO<\/h3>\n\n\n\n<p><strong><em><strong><em>Almohadillas de goma para proteger el suelo<\/em><\/strong><\/em><\/strong><\/p>\n\n\n\n<p>Mantenga un entorno de entrenamiento limpio y libre de da\u00f1os con las almohadillas de goma. Los propietarios de gimnasios son conscientes de la importancia de conservar sus suelos. Nuestras patas recubiertas de goma protegen el suelo de ara\u00f1azos y posibles da\u00f1os, lo que convierte a la serie Ultra en la elecci\u00f3n de los propietarios de gimnasios que desean proteger su espacio.<\/p>\n<\/div>\n<\/div>\n\n\n\n<div class=\"wp-block-columns alignwide mobile-reverse is-layout-flex wp-container-core-columns-is-layout-ca64bf2d wp-block-columns-is-layout-flex\" style=\"margin-bottom:var(--wp--preset--spacing--side-padding)\">\n<div class=\"wp-block-column is-vertically-aligned-center is-layout-flow wp-block-column-is-layout-flow\">\n<h3 class=\"wp-block-heading\" style=\"margin-bottom:var(--wp--preset--spacing--h-3-bottom)\">Seguridad y estilo<\/h3>\n\n\n\n<p><strong><em>Cubierta completa de la pila de pesas<\/em><\/strong><\/p>\n\n\n\n<p>Para los propietarios de gimnasios y empresarios del fitness, la seguridad y la est\u00e9tica son primordiales. La serie Evolve Ultra incorpora una cubierta de lastre totalmente cubierta, que combina a la perfecci\u00f3n seguridad y estilo. Al mejorar la seguridad y evitar accidentes al tiempo que mantiene limpio el espacio del gimnasio, esta cubierta es un complemento esencial para cualquier instalaci\u00f3n de fitness. Eleve el atractivo visual de su gimnasio al tiempo que prioriza la seguridad de sus clientes durante cada sesi\u00f3n de entrenamiento.<\/p>\n<\/div>\n\n\n\n<div class=\"wp-block-column is-vertically-aligned-center is-layout-flow wp-block-column-is-layout-flow\">\n<figure class=\"wp-block-image size-large\"><img loading=\"lazy\" decoding=\"async\" width=\"683\" height=\"1024\" src=\"https:\/\/evolve-fitness.eu\/wp-content\/uploads\/2023\/12\/EV-SC-UL-1200-2-683x1024.jpg\" alt=\"\" class=\"wp-image-166054\" srcset=\"https:\/\/evolve-fitness.eu\/wp-content\/uploads\/2023\/12\/EV-SC-UL-1200-2-683x1024.jpg 683w, https:\/\/evolve-fitness.eu\/wp-content\/uploads\/2023\/12\/EV-SC-UL-1200-2-200x300.jpg 200w, https:\/\/evolve-fitness.eu\/wp-content\/uploads\/2023\/12\/EV-SC-UL-1200-2-100x150.jpg 100w, https:\/\/evolve-fitness.eu\/wp-content\/uploads\/2023\/12\/EV-SC-UL-1200-2-768x1152.jpg 768w, https:\/\/evolve-fitness.eu\/wp-content\/uploads\/2023\/12\/EV-SC-UL-1200-2-1024x1536.jpg 1024w, https:\/\/evolve-fitness.eu\/wp-content\/uploads\/2023\/12\/EV-SC-UL-1200-2-1365x2048.jpg 1365w, https:\/\/evolve-fitness.eu\/wp-content\/uploads\/2023\/12\/EV-SC-UL-1200-2-300x450.jpg 300w, https:\/\/evolve-fitness.eu\/wp-content\/uploads\/2023\/12\/EV-SC-UL-1200-2-600x900.jpg 600w, https:\/\/evolve-fitness.eu\/wp-content\/uploads\/2023\/12\/EV-SC-UL-1200-2.jpg 1373w\" sizes=\"auto, (max-width: 683px) 100vw, 683px\" \/><\/figure>\n<\/div>\n<\/div>\n\n\n\n<div class=\"wp-block-columns alignwide is-layout-flex wp-container-core-columns-is-layout-c45ee707 wp-block-columns-is-layout-flex\" style=\"margin-bottom:var(--wp--preset--spacing--side-padding);padding-top:var(--wp--preset--spacing--side-padding)\">\n<div class=\"wp-block-column is-vertically-aligned-center is-layout-flow wp-block-column-is-layout-flow\">\n<figure class=\"wp-block-image size-large\"><img loading=\"lazy\" decoding=\"async\" width=\"683\" height=\"1024\" src=\"https:\/\/evolve-fitness.eu\/wp-content\/uploads\/2023\/12\/EV-SC-UL-1200-5-683x1024.jpg\" alt=\"\" class=\"wp-image-166105\" srcset=\"https:\/\/evolve-fitness.eu\/wp-content\/uploads\/2023\/12\/EV-SC-UL-1200-5-683x1024.jpg 683w, https:\/\/evolve-fitness.eu\/wp-content\/uploads\/2023\/12\/EV-SC-UL-1200-5-200x300.jpg 200w, https:\/\/evolve-fitness.eu\/wp-content\/uploads\/2023\/12\/EV-SC-UL-1200-5-100x150.jpg 100w, https:\/\/evolve-fitness.eu\/wp-content\/uploads\/2023\/12\/EV-SC-UL-1200-5-768x1152.jpg 768w, https:\/\/evolve-fitness.eu\/wp-content\/uploads\/2023\/12\/EV-SC-UL-1200-5-1024x1536.jpg 1024w, https:\/\/evolve-fitness.eu\/wp-content\/uploads\/2023\/12\/EV-SC-UL-1200-5-1365x2048.jpg 1365w, https:\/\/evolve-fitness.eu\/wp-content\/uploads\/2023\/12\/EV-SC-UL-1200-5-300x450.jpg 300w, https:\/\/evolve-fitness.eu\/wp-content\/uploads\/2023\/12\/EV-SC-UL-1200-5-600x900.jpg 600w, https:\/\/evolve-fitness.eu\/wp-content\/uploads\/2023\/12\/EV-SC-UL-1200-5.jpg 1373w\" sizes=\"auto, (max-width: 683px) 100vw, 683px\" \/><\/figure>\n<\/div>\n\n\n\n<div class=\"wp-block-column is-vertically-aligned-center is-layout-flow wp-block-column-is-layout-flow\">\n<h3 class=\"wp-block-heading\" style=\"margin-bottom:var(--wp--preset--spacing--h-3-bottom)\">Seguridad y estilo<\/h3>\n\n\n\n<p><strong><em>Cubierta completa de la pila de pesas<\/em><\/strong><\/p>\n\n\n\n<p>Para los propietarios de gimnasios y empresarios del fitness, la seguridad y la est\u00e9tica son primordiales. La serie Evolve Ultra incorpora una cubierta de lastre totalmente cubierta, que combina a la perfecci\u00f3n seguridad y estilo. Al mejorar la seguridad y evitar accidentes al tiempo que mantiene limpio el espacio del gimnasio, esta cubierta es un complemento esencial para cualquier instalaci\u00f3n de fitness. Eleve el atractivo visual de su gimnasio al tiempo que prioriza la seguridad de sus clientes durante cada sesi\u00f3n de entrenamiento.<\/p>\n<\/div>\n<\/div>\n\n\n\n<div class=\"wp-block-columns alignwide are-vertically-aligned-center mobile-reverse is-layout-flex wp-container-core-columns-is-layout-e8158c2f wp-block-columns-is-layout-flex\" style=\"padding-top:var(--wp--preset--spacing--side-padding)\">\n<div class=\"wp-block-column is-vertically-aligned-center is-layout-flow wp-block-column-is-layout-flow\">\n<h3 class=\"wp-block-heading\" style=\"margin-bottom:var(--wp--preset--spacing--h-3-bottom)\"><strong>Empu\u00f1aduras \u00f3ptimas<\/strong><\/h3>\n\n\n\n<p><strong><em><strong><em>Elevar la experiencia del fitness<\/em><\/strong><\/em><\/strong><\/p>\n\n\n\n<p style=\"margin-bottom:var(--wp--preset--spacing--tb-section-padding)\">Atraer y retener clientes es esencial para los propietarios de gimnasios y gestores de instalaciones de fitness. La serie Evolve Ultra ofrece empu\u00f1aduras \u00f3ptimas, meticulosamente dise\u00f1adas para ofrecer comodidad y seguridad. Mejore la experiencia de entrenamiento de sus clientes, manteni\u00e9ndolos comprometidos y motivados para alcanzar sus objetivos de fitness en su centro.<\/p>\n<\/div>\n\n\n\n<div class=\"wp-block-column is-vertically-aligned-center is-layout-flow wp-block-column-is-layout-flow\">\n<figure class=\"wp-block-image size-large\"><img loading=\"lazy\" decoding=\"async\" width=\"1024\" height=\"683\" src=\"https:\/\/evolve-fitness.eu\/wp-content\/uploads\/2023\/12\/EV-SC-UL-1200-4-1024x683.jpg\" alt=\"\" class=\"wp-image-166080\" srcset=\"https:\/\/evolve-fitness.eu\/wp-content\/uploads\/2023\/12\/EV-SC-UL-1200-4-1024x683.jpg 1024w, https:\/\/evolve-fitness.eu\/wp-content\/uploads\/2023\/12\/EV-SC-UL-1200-4-300x200.jpg 300w, https:\/\/evolve-fitness.eu\/wp-content\/uploads\/2023\/12\/EV-SC-UL-1200-4-150x100.jpg 150w, https:\/\/evolve-fitness.eu\/wp-content\/uploads\/2023\/12\/EV-SC-UL-1200-4-768x512.jpg 768w, https:\/\/evolve-fitness.eu\/wp-content\/uploads\/2023\/12\/EV-SC-UL-1200-4-1536x1024.jpg 1536w, https:\/\/evolve-fitness.eu\/wp-content\/uploads\/2023\/12\/EV-SC-UL-1200-4-2048x1365.jpg 2048w, https:\/\/evolve-fitness.eu\/wp-content\/uploads\/2023\/12\/EV-SC-UL-1200-4-600x400.jpg 600w, https:\/\/evolve-fitness.eu\/wp-content\/uploads\/2023\/12\/EV-SC-UL-1200-4-225x150.jpg 225w\" sizes=\"auto, (max-width: 1024px) 100vw, 1024px\" \/><\/figure>\n<\/div>\n<\/div>\n\n\n\n<div class=\"wp-block-columns alignwide are-vertically-aligned-center mobile-reverse is-layout-flex wp-container-core-columns-is-layout-e8158c2f wp-block-columns-is-layout-flex\" style=\"padding-top:var(--wp--preset--spacing--side-padding)\">\n<div class=\"wp-block-column is-vertically-aligned-center is-layout-flow wp-block-column-is-layout-flow\">\n<figure class=\"wp-block-image size-large\"><img loading=\"lazy\" decoding=\"async\" width=\"1024\" height=\"683\" src=\"https:\/\/evolve-fitness.eu\/wp-content\/uploads\/2023\/12\/EV-SC-UL-1200-7-1024x683.jpg\" alt=\"\" class=\"wp-image-166130\" srcset=\"https:\/\/evolve-fitness.eu\/wp-content\/uploads\/2023\/12\/EV-SC-UL-1200-7-1024x683.jpg 1024w, https:\/\/evolve-fitness.eu\/wp-content\/uploads\/2023\/12\/EV-SC-UL-1200-7-300x200.jpg 300w, https:\/\/evolve-fitness.eu\/wp-content\/uploads\/2023\/12\/EV-SC-UL-1200-7-150x100.jpg 150w, https:\/\/evolve-fitness.eu\/wp-content\/uploads\/2023\/12\/EV-SC-UL-1200-7-768x512.jpg 768w, https:\/\/evolve-fitness.eu\/wp-content\/uploads\/2023\/12\/EV-SC-UL-1200-7-1536x1024.jpg 1536w, https:\/\/evolve-fitness.eu\/wp-content\/uploads\/2023\/12\/EV-SC-UL-1200-7-2048x1365.jpg 2048w, https:\/\/evolve-fitness.eu\/wp-content\/uploads\/2023\/12\/EV-SC-UL-1200-7-600x400.jpg 600w, https:\/\/evolve-fitness.eu\/wp-content\/uploads\/2023\/12\/EV-SC-UL-1200-7-225x150.jpg 225w\" sizes=\"auto, (max-width: 1024px) 100vw, 1024px\" \/><\/figure>\n<\/div>\n\n\n\n<div class=\"wp-block-column is-vertically-aligned-center is-layout-flow wp-block-column-is-layout-flow\">\n<h3 class=\"wp-block-heading\" style=\"margin-bottom:var(--wp--preset--spacing--h-3-bottom)\"><strong>DOBLE RECUBRIMIENTO EN POLVO<\/strong><\/h3>\n\n\n\n<p><strong><em><strong><em>Recubrimiento electrost\u00e1tico en polvo<\/em><\/strong><\/em><\/strong><\/p>\n\n\n\n<p style=\"margin-bottom:var(--wp--preset--spacing--tb-section-padding)\">Las m\u00e1quinas de fuerza de la serie Evolve Ultra, con armaz\u00f3n recubierto de polvo electrost\u00e1tico negro perla mate, ejemplifican tanto la forma como la funci\u00f3n. Su atractivo est\u00e9tico se ve realzado por el acabado negro mate, mientras que sus caracter\u00edsticas pr\u00e1cticas, como la resistencia a la fricci\u00f3n, las propiedades anticorrosi\u00f3n y la resistencia a los ara\u00f1azos, garantizan que sea un compa\u00f1ero de fitness fiable y duradero.<\/p>\n<\/div>\n<\/div>\n<\/section>\n","protected":false},"excerpt":{"rendered":"<p>Descubra el Multigimnasio Evolve Ultra Series Selectorized 4 Stack, una elecci\u00f3n de primer nivel para propietarios de gimnasios y entusiastas del fitness. Este multigimnasio combina seguridad y estilo, con una cubierta de pesas totalmente cubierta y un elegante y duradero armaz\u00f3n con recubrimiento electrost\u00e1tico en polvo negro mate. Sus almohadillas de goma protegen el suelo del gimnasio, mientras que los agarres \u00f3ptimos para las manos garantizan una experiencia de entrenamiento c\u00f3moda y segura. Con un peso de 770 kg y una garant\u00eda de 2 a\u00f1os, incluye protecci\u00f3n anticorrosi\u00f3n, carteles con instrucciones y protectores de suelo. Eleve su gimnasio con esta soluci\u00f3n de fitness econ\u00f3mica y de alta calidad.<\/p>\n","protected":false},"featured_media":142332,"template":"","meta":{"_acf_changed":false,"inline_featured_image":false},"product_brand":[],"product_cat":[2598,3857],"product_tag":[],"class_list":{"0":"post-61786","1":"product","2":"type-product","3":"status-publish","4":"has-post-thumbnail","6":"product_cat-maquinas-selectorizadas","7":"product_cat-maquinas-selectorizadas-ultra-series-es","9":"first","10":"instock","11":"virtual","12":"purchasable","13":"product-type-simple"},"acf":{"long_title":"Evolve Ultra Series Multigimnasio Selectorizado De 4 Pilas Con 2 Cables Ajustables","subtitle":"","specifications":[{"label":"SKU","text_value":"EV-SC-UL-450","icon":"x"},{"label":"Talla","text_value":"3528 x 2252 x 2395 mm","icon":"x"},{"label":"Peso","text_value":"770 kg","icon":"x"},{"label":"Pila de pesas","text_value":"4 x 105 kg  ","icon":"x"},{"label":"Peso m\u00e1ximo del usuario","text_value":"180 kg","icon":"x"},{"label":"Grosor del marco","text_value":"3 mm","icon":"x"},{"label":"Pasador magn\u00e9tico de la pila de pesas","text_value":"","icon":"v"},{"label":"Placa con instrucciones de formaci\u00f3n","text_value":"","icon":"v"},{"label":"Pila de pesas cubierta","text_value":"2 a\u00f1os","icon":"v"},{"label":"Protectores de suelo duraderos","text_value":"","icon":"v"},{"label":"Pintura anticorrosiva","text_value":"","icon":"v"},{"label":"Tapicer\u00eda gruesa revestida de cuero PU","text_value":"2 a\u00f1os","icon":"v"},{"label":"Cable de nylon","text_value":"","icon":"v"},{"label":"Asas antideslizantes","text_value":"","icon":"v"},{"label":"Garant\u00eda  ","text_value":"2 a\u00f1os","icon":"x"}]},"yoast_head":"<!-- This site is optimized with the Yoast SEO plugin v26.6 - https:\/\/yoast.com\/wordpress\/plugins\/seo\/ -->\n<title>Evolve Ultra Series Multigimnasio Selectorizado De 4 Pilas Con 2 Cables Ajustables - Evolve<\/title>\n<meta name=\"robots\" content=\"index, follow, max-snippet:-1, max-image-preview:large, max-video-preview:-1\" \/>\n<link rel=\"canonical\" href=\"https:\/\/evolve-fitness.eu\/es\/producto\/evolve-ultra-series-multigimnasio-selectorizado-de-4-pilas-con-2-cables-ajustables\/\" \/>\n<meta property=\"og:locale\" content=\"es_ES\" \/>\n<meta property=\"og:type\" content=\"article\" \/>\n<meta property=\"og:title\" content=\"Evolve Ultra Series Multigimnasio Selectorizado De 4 Pilas Con 2 Cables Ajustables - Evolve\" \/>\n<meta property=\"og:url\" content=\"https:\/\/evolve-fitness.eu\/es\/producto\/evolve-ultra-series-multigimnasio-selectorizado-de-4-pilas-con-2-cables-ajustables\/\" \/>\n<meta property=\"og:site_name\" content=\"Evolve\" \/>\n<meta property=\"article:publisher\" content=\"https:\/\/www.facebook.com\/EvolveFitnessEurope\" \/>\n<meta property=\"article:modified_time\" content=\"2026-03-26T10:25:03+00:00\" \/>\n<meta property=\"og:image\" content=\"https:\/\/evolve-fitness.eu\/wp-content\/uploads\/2023\/12\/EV-SC-UL-450PATAISYTAS.jpg\" \/>\n\t<meta property=\"og:image:width\" content=\"629\" \/>\n\t<meta property=\"og:image:height\" content=\"720\" \/>\n\t<meta property=\"og:image:type\" content=\"image\/jpeg\" \/>\n<meta name=\"twitter:card\" content=\"summary_large_image\" \/>\n<script type=\"application\/ld+json\" class=\"yoast-schema-graph\">{\"@context\":\"https:\/\/schema.org\",\"@graph\":[{\"@type\":\"WebPage\",\"@id\":\"https:\/\/evolve-fitness.eu\/es\/producto\/evolve-ultra-series-multigimnasio-selectorizado-de-4-pilas-con-2-cables-ajustables\/\",\"url\":\"https:\/\/evolve-fitness.eu\/es\/producto\/evolve-ultra-series-multigimnasio-selectorizado-de-4-pilas-con-2-cables-ajustables\/\",\"name\":\"Evolve Ultra Series Multigimnasio Selectorizado De 4 Pilas Con 2 Cables Ajustables - Evolve\",\"isPartOf\":{\"@id\":\"https:\/\/evolve-fitness.eu\/es\/#website\"},\"primaryImageOfPage\":{\"@id\":\"https:\/\/evolve-fitness.eu\/es\/producto\/evolve-ultra-series-multigimnasio-selectorizado-de-4-pilas-con-2-cables-ajustables\/#primaryimage\"},\"image\":{\"@id\":\"https:\/\/evolve-fitness.eu\/es\/producto\/evolve-ultra-series-multigimnasio-selectorizado-de-4-pilas-con-2-cables-ajustables\/#primaryimage\"},\"thumbnailUrl\":\"https:\/\/evolve-fitness.eu\/wp-content\/uploads\/2023\/12\/EV-SC-UL-450PATAISYTAS.jpg\",\"datePublished\":\"2023-12-29T11:54:40+00:00\",\"dateModified\":\"2026-03-26T10:25:03+00:00\",\"breadcrumb\":{\"@id\":\"https:\/\/evolve-fitness.eu\/es\/producto\/evolve-ultra-series-multigimnasio-selectorizado-de-4-pilas-con-2-cables-ajustables\/#breadcrumb\"},\"inLanguage\":\"es\",\"potentialAction\":[{\"@type\":\"ReadAction\",\"target\":[\"https:\/\/evolve-fitness.eu\/es\/producto\/evolve-ultra-series-multigimnasio-selectorizado-de-4-pilas-con-2-cables-ajustables\/\"]}]},{\"@type\":\"ImageObject\",\"inLanguage\":\"es\",\"@id\":\"https:\/\/evolve-fitness.eu\/es\/producto\/evolve-ultra-series-multigimnasio-selectorizado-de-4-pilas-con-2-cables-ajustables\/#primaryimage\",\"url\":\"https:\/\/evolve-fitness.eu\/wp-content\/uploads\/2023\/12\/EV-SC-UL-450PATAISYTAS.jpg\",\"contentUrl\":\"https:\/\/evolve-fitness.eu\/wp-content\/uploads\/2023\/12\/EV-SC-UL-450PATAISYTAS.jpg\",\"width\":629,\"height\":720},{\"@type\":\"BreadcrumbList\",\"@id\":\"https:\/\/evolve-fitness.eu\/es\/producto\/evolve-ultra-series-multigimnasio-selectorizado-de-4-pilas-con-2-cables-ajustables\/#breadcrumb\",\"itemListElement\":[{\"@type\":\"ListItem\",\"position\":1,\"name\":\"Home\",\"item\":\"https:\/\/evolve-fitness.eu\/es\/\"},{\"@type\":\"ListItem\",\"position\":2,\"name\":\"Productos\",\"item\":\"https:\/\/evolve-fitness.eu\/es\/shop\/\"},{\"@type\":\"ListItem\",\"position\":3,\"name\":\"Evolve Ultra Series Multigimnasio Selectorizado De 4 Pilas Con 2 Cables Ajustables\"}]},{\"@type\":\"WebSite\",\"@id\":\"https:\/\/evolve-fitness.eu\/es\/#website\",\"url\":\"https:\/\/evolve-fitness.eu\/es\/\",\"name\":\"Evolve\",\"description\":\"Your Evolved Gear Arrived\",\"publisher\":{\"@id\":\"https:\/\/evolve-fitness.eu\/es\/#organization\"},\"potentialAction\":[{\"@type\":\"SearchAction\",\"target\":{\"@type\":\"EntryPoint\",\"urlTemplate\":\"https:\/\/evolve-fitness.eu\/es\/?s={search_term_string}\"},\"query-input\":{\"@type\":\"PropertyValueSpecification\",\"valueRequired\":true,\"valueName\":\"search_term_string\"}}],\"inLanguage\":\"es\"},{\"@type\":\"Organization\",\"@id\":\"https:\/\/evolve-fitness.eu\/es\/#organization\",\"name\":\"Evolve\",\"url\":\"https:\/\/evolve-fitness.eu\/es\/\",\"logo\":{\"@type\":\"ImageObject\",\"inLanguage\":\"es\",\"@id\":\"https:\/\/evolve-fitness.eu\/es\/#\/schema\/logo\/image\/\",\"url\":\"https:\/\/evolve-fitness.eu\/wp-content\/uploads\/2023\/05\/Evolve-logo.svg\",\"contentUrl\":\"https:\/\/evolve-fitness.eu\/wp-content\/uploads\/2023\/05\/Evolve-logo.svg\",\"width\":176,\"height\":20,\"caption\":\"Evolve\"},\"image\":{\"@id\":\"https:\/\/evolve-fitness.eu\/es\/#\/schema\/logo\/image\/\"},\"sameAs\":[\"https:\/\/www.facebook.com\/EvolveFitnessEurope\"]}]}<\/script>\n<!-- \/ Yoast SEO plugin. -->","yoast_head_json":{"title":"Evolve Ultra Series Multigimnasio Selectorizado De 4 Pilas Con 2 Cables Ajustables - Evolve","robots":{"index":"index","follow":"follow","max-snippet":"max-snippet:-1","max-image-preview":"max-image-preview:large","max-video-preview":"max-video-preview:-1"},"canonical":"https:\/\/evolve-fitness.eu\/es\/producto\/evolve-ultra-series-multigimnasio-selectorizado-de-4-pilas-con-2-cables-ajustables\/","og_locale":"es_ES","og_type":"article","og_title":"Evolve Ultra Series Multigimnasio Selectorizado De 4 Pilas Con 2 Cables Ajustables - Evolve","og_url":"https:\/\/evolve-fitness.eu\/es\/producto\/evolve-ultra-series-multigimnasio-selectorizado-de-4-pilas-con-2-cables-ajustables\/","og_site_name":"Evolve","article_publisher":"https:\/\/www.facebook.com\/EvolveFitnessEurope","article_modified_time":"2026-03-26T10:25:03+00:00","og_image":[{"width":629,"height":720,"url":"https:\/\/evolve-fitness.eu\/wp-content\/uploads\/2023\/12\/EV-SC-UL-450PATAISYTAS.jpg","type":"image\/jpeg"}],"twitter_card":"summary_large_image","schema":{"@context":"https:\/\/schema.org","@graph":[{"@type":"WebPage","@id":"https:\/\/evolve-fitness.eu\/es\/producto\/evolve-ultra-series-multigimnasio-selectorizado-de-4-pilas-con-2-cables-ajustables\/","url":"https:\/\/evolve-fitness.eu\/es\/producto\/evolve-ultra-series-multigimnasio-selectorizado-de-4-pilas-con-2-cables-ajustables\/","name":"Evolve Ultra Series Multigimnasio Selectorizado De 4 Pilas Con 2 Cables Ajustables - Evolve","isPartOf":{"@id":"https:\/\/evolve-fitness.eu\/es\/#website"},"primaryImageOfPage":{"@id":"https:\/\/evolve-fitness.eu\/es\/producto\/evolve-ultra-series-multigimnasio-selectorizado-de-4-pilas-con-2-cables-ajustables\/#primaryimage"},"image":{"@id":"https:\/\/evolve-fitness.eu\/es\/producto\/evolve-ultra-series-multigimnasio-selectorizado-de-4-pilas-con-2-cables-ajustables\/#primaryimage"},"thumbnailUrl":"https:\/\/evolve-fitness.eu\/wp-content\/uploads\/2023\/12\/EV-SC-UL-450PATAISYTAS.jpg","datePublished":"2023-12-29T11:54:40+00:00","dateModified":"2026-03-26T10:25:03+00:00","breadcrumb":{"@id":"https:\/\/evolve-fitness.eu\/es\/producto\/evolve-ultra-series-multigimnasio-selectorizado-de-4-pilas-con-2-cables-ajustables\/#breadcrumb"},"inLanguage":"es","potentialAction":[{"@type":"ReadAction","target":["https:\/\/evolve-fitness.eu\/es\/producto\/evolve-ultra-series-multigimnasio-selectorizado-de-4-pilas-con-2-cables-ajustables\/"]}]},{"@type":"ImageObject","inLanguage":"es","@id":"https:\/\/evolve-fitness.eu\/es\/producto\/evolve-ultra-series-multigimnasio-selectorizado-de-4-pilas-con-2-cables-ajustables\/#primaryimage","url":"https:\/\/evolve-fitness.eu\/wp-content\/uploads\/2023\/12\/EV-SC-UL-450PATAISYTAS.jpg","contentUrl":"https:\/\/evolve-fitness.eu\/wp-content\/uploads\/2023\/12\/EV-SC-UL-450PATAISYTAS.jpg","width":629,"height":720},{"@type":"BreadcrumbList","@id":"https:\/\/evolve-fitness.eu\/es\/producto\/evolve-ultra-series-multigimnasio-selectorizado-de-4-pilas-con-2-cables-ajustables\/#breadcrumb","itemListElement":[{"@type":"ListItem","position":1,"name":"Home","item":"https:\/\/evolve-fitness.eu\/es\/"},{"@type":"ListItem","position":2,"name":"Productos","item":"https:\/\/evolve-fitness.eu\/es\/shop\/"},{"@type":"ListItem","position":3,"name":"Evolve Ultra Series Multigimnasio Selectorizado De 4 Pilas Con 2 Cables Ajustables"}]},{"@type":"WebSite","@id":"https:\/\/evolve-fitness.eu\/es\/#website","url":"https:\/\/evolve-fitness.eu\/es\/","name":"Evolve","description":"Your Evolved Gear Arrived","publisher":{"@id":"https:\/\/evolve-fitness.eu\/es\/#organization"},"potentialAction":[{"@type":"SearchAction","target":{"@type":"EntryPoint","urlTemplate":"https:\/\/evolve-fitness.eu\/es\/?s={search_term_string}"},"query-input":{"@type":"PropertyValueSpecification","valueRequired":true,"valueName":"search_term_string"}}],"inLanguage":"es"},{"@type":"Organization","@id":"https:\/\/evolve-fitness.eu\/es\/#organization","name":"Evolve","url":"https:\/\/evolve-fitness.eu\/es\/","logo":{"@type":"ImageObject","inLanguage":"es","@id":"https:\/\/evolve-fitness.eu\/es\/#\/schema\/logo\/image\/","url":"https:\/\/evolve-fitness.eu\/wp-content\/uploads\/2023\/05\/Evolve-logo.svg","contentUrl":"https:\/\/evolve-fitness.eu\/wp-content\/uploads\/2023\/05\/Evolve-logo.svg","width":176,"height":20,"caption":"Evolve"},"image":{"@id":"https:\/\/evolve-fitness.eu\/es\/#\/schema\/logo\/image\/"},"sameAs":["https:\/\/www.facebook.com\/EvolveFitnessEurope"]}]}},"_links":{"self":[{"href":"https:\/\/evolve-fitness.eu\/es\/wp-json\/wp\/v2\/product\/61786","targetHints":{"allow":["GET"]}}],"collection":[{"href":"https:\/\/evolve-fitness.eu\/es\/wp-json\/wp\/v2\/product"}],"about":[{"href":"https:\/\/evolve-fitness.eu\/es\/wp-json\/wp\/v2\/types\/product"}],"wp:featuredmedia":[{"embeddable":true,"href":"https:\/\/evolve-fitness.eu\/es\/wp-json\/wp\/v2\/media\/142332"}],"wp:attachment":[{"href":"https:\/\/evolve-fitness.eu\/es\/wp-json\/wp\/v2\/media?parent=61786"}],"wp:term":[{"taxonomy":"product_brand","embeddable":true,"href":"https:\/\/evolve-fitness.eu\/es\/wp-json\/wp\/v2\/product_brand?post=61786"},{"taxonomy":"product_cat","embeddable":true,"href":"https:\/\/evolve-fitness.eu\/es\/wp-json\/wp\/v2\/product_cat?post=61786"},{"taxonomy":"product_tag","embeddable":true,"href":"https:\/\/evolve-fitness.eu\/es\/wp-json\/wp\/v2\/product_tag?post=61786"}],"curies":[{"name":"wp","href":"https:\/\/api.w.org\/{rel}","templated":true}]}}