{"id":69339,"date":"2023-11-21T07:20:07","date_gmt":"2023-11-21T07:20:07","guid":{"rendered":"https:\/\/evolve-fitness.eu\/product\/barra-olimpica-evolve-cerakote-series-220-cm-20-kg\/"},"modified":"2025-01-17T08:34:51","modified_gmt":"2025-01-17T08:34:51","slug":"barra-olimpica-evolve-cerakote-series-220-cm-20-kg","status":"publish","type":"product","link":"https:\/\/evolve-fitness.eu\/es\/producto\/barra-olimpica-evolve-cerakote-series-220-cm-20-kg\/","title":{"rendered":"Barra ol\u00edmpica Evolve Cerakote Series &#8211; 220 cm \/ 20 kg"},"content":{"rendered":"\n<section class=\"wp-block-group alignfull has-lightgray-background-color has-background is-layout-constrained wp-block-group-is-layout-constrained\">\n<div class=\"wp-block-columns alignwide is-layout-flex wp-container-core-columns-is-layout-2edb0647 wp-block-columns-is-layout-flex\" style=\"margin-top:0;margin-bottom:0\">\n<div class=\"wp-block-column is-layout-flow wp-block-column-is-layout-flow\" style=\"flex-basis:33.33%\"><\/div>\n\n\n\n<div class=\"wp-block-column is-layout-flow wp-block-column-is-layout-flow\" style=\"flex-basis:66.66%\"><\/div>\n<\/div>\n<\/section>\n","protected":false},"excerpt":{"rendered":"<p>Descubra lo \u00faltimo en resistencia y durabilidad con la barra ol\u00edmpica Evolve Cerakote, una opci\u00f3n de primera calidad tanto para el entrenamiento profesional como para los atletas dom\u00e9sticos. Con una impresionante longitud de 220 cm y un peso de 20 kg, esta barra est\u00e1 dise\u00f1ada para soportar una carga m\u00e1xima de 1043 kg, lo que la hace ideal para levantar cargas pesadas. Con 8 rodamientos de agujas y 2 casquillos de cobre, garantiza una rotaci\u00f3n suave y estabilidad durante el uso. Su di\u00e1metro de casquillo de \u00d850 mm admite pesos est\u00e1ndar, mientras que el di\u00e1metro de \u00d828 mm de la parte interior de la barra mejora el agarre y el control. El acabado cromado tanto de la superficie de agarre como de la parte interior de la barra no s\u00f3lo le confiere un aspecto elegante, sino que tambi\u00e9n contribuye a su longevidad. Con un manguito de 415 mm de longitud para las pesas y una profundidad de rugosidad del diapas\u00f3n de 1,5 mm, este manguito est\u00e1 dise\u00f1ado para ofrecer la m\u00e1xima eficacia y comodidad. Certificada con los est\u00e1ndares de rugosidad IMF y respaldada por una garant\u00eda de 2 a\u00f1os, la barra ol\u00edmpica Evolve Cerakote es la mezcla perfecta de rendimiento y calidad para los atletas serios.<\/p>\n","protected":false},"featured_media":69341,"template":"","meta":{"_acf_changed":false,"inline_featured_image":false},"product_brand":[],"product_cat":[1454,3824],"product_tag":[],"class_list":{"0":"post-69339","1":"product","2":"type-product","3":"status-publish","4":"has-post-thumbnail","6":"product_cat-pesos-libres","7":"product_cat-bares-y-accesorios","9":"first","10":"instock","11":"shipping-taxable","12":"purchasable","13":"product-type-simple"},"acf":{"long_title":"Barra ol\u00edmpica Evolve Cerakote Series - 220 cm \/ 20 kg","subtitle":"","specifications":[{"label":"SKU","text_value":"EV-OB-CK-220","icon":"x"},{"label":"Peso","text_value":"20 kg","icon":"v"},{"label":"Garant\u00eda","text_value":"2 a\u00f1os","icon":"v"},{"label":"Carga m\u00e1xima","text_value":"1043 kg","icon":"v"},{"label":"Di\u00e1metro del casquillo del plato de contrapeso","text_value":"\u00d8 50 mm","icon":"v"},{"label":"Longitud","text_value":"2200 mm","icon":"v"},{"label":"Di\u00e1metro interior de la barra","text_value":"\u00d8 28 mm","icon":"v"},{"label":"Rodamientos y bujes","text_value":"8 rodamientos de agujas, 2 casquillos de cobre","icon":"v"},{"label":"La superficie de la parte interior del diapas\u00f3n","text_value":"Cromo","icon":"v"},{"label":"Superficie de agarre de las pesas","text_value":"Cromo","icon":"v"},{"label":"Longitud de las mangas para pesas","text_value":"415 mm","icon":"v"},{"label":"Profundidad de la rugosidad del diapas\u00f3n","text_value":"1,5 mm","icon":"v"},{"label":"Tipo de rugosidad del diapas\u00f3n","text_value":"FMI","icon":"v"}]},"yoast_head":"<!-- This site is optimized with the Yoast SEO plugin v26.6 - https:\/\/yoast.com\/wordpress\/plugins\/seo\/ -->\n<title>Barra ol\u00edmpica Evolve Cerakote Series - 220 cm \/ 20 kg - Evolve<\/title>\n<meta name=\"robots\" content=\"index, follow, max-snippet:-1, max-image-preview:large, max-video-preview:-1\" \/>\n<link rel=\"canonical\" href=\"https:\/\/evolve-fitness.eu\/es\/producto\/barra-olimpica-evolve-cerakote-series-220-cm-20-kg\/\" \/>\n<meta property=\"og:locale\" content=\"es_ES\" \/>\n<meta property=\"og:type\" content=\"article\" \/>\n<meta property=\"og:title\" content=\"Barra ol\u00edmpica Evolve Cerakote Series - 220 cm \/ 20 kg - Evolve\" \/>\n<meta property=\"og:url\" content=\"https:\/\/evolve-fitness.eu\/es\/producto\/barra-olimpica-evolve-cerakote-series-220-cm-20-kg\/\" \/>\n<meta property=\"og:site_name\" content=\"Evolve\" \/>\n<meta property=\"article:publisher\" content=\"https:\/\/www.facebook.com\/EvolveFitnessEurope\" \/>\n<meta property=\"article:modified_time\" content=\"2025-01-17T08:34:51+00:00\" \/>\n<meta property=\"og:image\" content=\"https:\/\/evolve-fitness.eu\/wp-content\/uploads\/2023\/11\/Evolve-Cerakote-Olympic-Womens-Grip-201-cm.png\" \/>\n\t<meta property=\"og:image:width\" content=\"680\" \/>\n\t<meta property=\"og:image:height\" content=\"600\" \/>\n\t<meta property=\"og:image:type\" content=\"image\/png\" \/>\n<meta name=\"twitter:card\" content=\"summary_large_image\" \/>\n<script type=\"application\/ld+json\" class=\"yoast-schema-graph\">{\"@context\":\"https:\/\/schema.org\",\"@graph\":[{\"@type\":\"WebPage\",\"@id\":\"https:\/\/evolve-fitness.eu\/es\/producto\/barra-olimpica-evolve-cerakote-series-220-cm-20-kg\/\",\"url\":\"https:\/\/evolve-fitness.eu\/es\/producto\/barra-olimpica-evolve-cerakote-series-220-cm-20-kg\/\",\"name\":\"Barra ol\u00edmpica Evolve Cerakote Series - 220 cm \/ 20 kg - Evolve\",\"isPartOf\":{\"@id\":\"https:\/\/evolve-fitness.eu\/es\/#website\"},\"primaryImageOfPage\":{\"@id\":\"https:\/\/evolve-fitness.eu\/es\/producto\/barra-olimpica-evolve-cerakote-series-220-cm-20-kg\/#primaryimage\"},\"image\":{\"@id\":\"https:\/\/evolve-fitness.eu\/es\/producto\/barra-olimpica-evolve-cerakote-series-220-cm-20-kg\/#primaryimage\"},\"thumbnailUrl\":\"https:\/\/evolve-fitness.eu\/wp-content\/uploads\/2023\/11\/Evolve-Cerakote-Olympic-Womens-Grip-201-cm.png\",\"datePublished\":\"2023-11-21T07:20:07+00:00\",\"dateModified\":\"2025-01-17T08:34:51+00:00\",\"breadcrumb\":{\"@id\":\"https:\/\/evolve-fitness.eu\/es\/producto\/barra-olimpica-evolve-cerakote-series-220-cm-20-kg\/#breadcrumb\"},\"inLanguage\":\"es\",\"potentialAction\":[{\"@type\":\"ReadAction\",\"target\":[\"https:\/\/evolve-fitness.eu\/es\/producto\/barra-olimpica-evolve-cerakote-series-220-cm-20-kg\/\"]}]},{\"@type\":\"ImageObject\",\"inLanguage\":\"es\",\"@id\":\"https:\/\/evolve-fitness.eu\/es\/producto\/barra-olimpica-evolve-cerakote-series-220-cm-20-kg\/#primaryimage\",\"url\":\"https:\/\/evolve-fitness.eu\/wp-content\/uploads\/2023\/11\/Evolve-Cerakote-Olympic-Womens-Grip-201-cm.png\",\"contentUrl\":\"https:\/\/evolve-fitness.eu\/wp-content\/uploads\/2023\/11\/Evolve-Cerakote-Olympic-Womens-Grip-201-cm.png\",\"width\":680,\"height\":600,\"caption\":\"EV-OB-CK-201\"},{\"@type\":\"BreadcrumbList\",\"@id\":\"https:\/\/evolve-fitness.eu\/es\/producto\/barra-olimpica-evolve-cerakote-series-220-cm-20-kg\/#breadcrumb\",\"itemListElement\":[{\"@type\":\"ListItem\",\"position\":1,\"name\":\"Home\",\"item\":\"https:\/\/evolve-fitness.eu\/es\/\"},{\"@type\":\"ListItem\",\"position\":2,\"name\":\"Productos\",\"item\":\"https:\/\/evolve-fitness.eu\/es\/shop\/\"},{\"@type\":\"ListItem\",\"position\":3,\"name\":\"Barra ol\u00edmpica Evolve Cerakote Series &#8211; 220 cm \/ 20 kg\"}]},{\"@type\":\"WebSite\",\"@id\":\"https:\/\/evolve-fitness.eu\/es\/#website\",\"url\":\"https:\/\/evolve-fitness.eu\/es\/\",\"name\":\"Evolve\",\"description\":\"Your Evolved Gear Arrived\",\"publisher\":{\"@id\":\"https:\/\/evolve-fitness.eu\/es\/#organization\"},\"potentialAction\":[{\"@type\":\"SearchAction\",\"target\":{\"@type\":\"EntryPoint\",\"urlTemplate\":\"https:\/\/evolve-fitness.eu\/es\/?s={search_term_string}\"},\"query-input\":{\"@type\":\"PropertyValueSpecification\",\"valueRequired\":true,\"valueName\":\"search_term_string\"}}],\"inLanguage\":\"es\"},{\"@type\":\"Organization\",\"@id\":\"https:\/\/evolve-fitness.eu\/es\/#organization\",\"name\":\"Evolve\",\"url\":\"https:\/\/evolve-fitness.eu\/es\/\",\"logo\":{\"@type\":\"ImageObject\",\"inLanguage\":\"es\",\"@id\":\"https:\/\/evolve-fitness.eu\/es\/#\/schema\/logo\/image\/\",\"url\":\"https:\/\/evolve-fitness.eu\/wp-content\/uploads\/2023\/05\/Evolve-logo.svg\",\"contentUrl\":\"https:\/\/evolve-fitness.eu\/wp-content\/uploads\/2023\/05\/Evolve-logo.svg\",\"width\":176,\"height\":20,\"caption\":\"Evolve\"},\"image\":{\"@id\":\"https:\/\/evolve-fitness.eu\/es\/#\/schema\/logo\/image\/\"},\"sameAs\":[\"https:\/\/www.facebook.com\/EvolveFitnessEurope\"]}]}<\/script>\n<!-- \/ Yoast SEO plugin. -->","yoast_head_json":{"title":"Barra ol\u00edmpica Evolve Cerakote Series - 220 cm \/ 20 kg - Evolve","robots":{"index":"index","follow":"follow","max-snippet":"max-snippet:-1","max-image-preview":"max-image-preview:large","max-video-preview":"max-video-preview:-1"},"canonical":"https:\/\/evolve-fitness.eu\/es\/producto\/barra-olimpica-evolve-cerakote-series-220-cm-20-kg\/","og_locale":"es_ES","og_type":"article","og_title":"Barra ol\u00edmpica Evolve Cerakote Series - 220 cm \/ 20 kg - Evolve","og_url":"https:\/\/evolve-fitness.eu\/es\/producto\/barra-olimpica-evolve-cerakote-series-220-cm-20-kg\/","og_site_name":"Evolve","article_publisher":"https:\/\/www.facebook.com\/EvolveFitnessEurope","article_modified_time":"2025-01-17T08:34:51+00:00","og_image":[{"width":680,"height":600,"url":"https:\/\/evolve-fitness.eu\/wp-content\/uploads\/2023\/11\/Evolve-Cerakote-Olympic-Womens-Grip-201-cm.png","type":"image\/png"}],"twitter_card":"summary_large_image","schema":{"@context":"https:\/\/schema.org","@graph":[{"@type":"WebPage","@id":"https:\/\/evolve-fitness.eu\/es\/producto\/barra-olimpica-evolve-cerakote-series-220-cm-20-kg\/","url":"https:\/\/evolve-fitness.eu\/es\/producto\/barra-olimpica-evolve-cerakote-series-220-cm-20-kg\/","name":"Barra ol\u00edmpica Evolve Cerakote Series - 220 cm \/ 20 kg - Evolve","isPartOf":{"@id":"https:\/\/evolve-fitness.eu\/es\/#website"},"primaryImageOfPage":{"@id":"https:\/\/evolve-fitness.eu\/es\/producto\/barra-olimpica-evolve-cerakote-series-220-cm-20-kg\/#primaryimage"},"image":{"@id":"https:\/\/evolve-fitness.eu\/es\/producto\/barra-olimpica-evolve-cerakote-series-220-cm-20-kg\/#primaryimage"},"thumbnailUrl":"https:\/\/evolve-fitness.eu\/wp-content\/uploads\/2023\/11\/Evolve-Cerakote-Olympic-Womens-Grip-201-cm.png","datePublished":"2023-11-21T07:20:07+00:00","dateModified":"2025-01-17T08:34:51+00:00","breadcrumb":{"@id":"https:\/\/evolve-fitness.eu\/es\/producto\/barra-olimpica-evolve-cerakote-series-220-cm-20-kg\/#breadcrumb"},"inLanguage":"es","potentialAction":[{"@type":"ReadAction","target":["https:\/\/evolve-fitness.eu\/es\/producto\/barra-olimpica-evolve-cerakote-series-220-cm-20-kg\/"]}]},{"@type":"ImageObject","inLanguage":"es","@id":"https:\/\/evolve-fitness.eu\/es\/producto\/barra-olimpica-evolve-cerakote-series-220-cm-20-kg\/#primaryimage","url":"https:\/\/evolve-fitness.eu\/wp-content\/uploads\/2023\/11\/Evolve-Cerakote-Olympic-Womens-Grip-201-cm.png","contentUrl":"https:\/\/evolve-fitness.eu\/wp-content\/uploads\/2023\/11\/Evolve-Cerakote-Olympic-Womens-Grip-201-cm.png","width":680,"height":600,"caption":"EV-OB-CK-201"},{"@type":"BreadcrumbList","@id":"https:\/\/evolve-fitness.eu\/es\/producto\/barra-olimpica-evolve-cerakote-series-220-cm-20-kg\/#breadcrumb","itemListElement":[{"@type":"ListItem","position":1,"name":"Home","item":"https:\/\/evolve-fitness.eu\/es\/"},{"@type":"ListItem","position":2,"name":"Productos","item":"https:\/\/evolve-fitness.eu\/es\/shop\/"},{"@type":"ListItem","position":3,"name":"Barra ol\u00edmpica Evolve Cerakote Series &#8211; 220 cm \/ 20 kg"}]},{"@type":"WebSite","@id":"https:\/\/evolve-fitness.eu\/es\/#website","url":"https:\/\/evolve-fitness.eu\/es\/","name":"Evolve","description":"Your Evolved Gear Arrived","publisher":{"@id":"https:\/\/evolve-fitness.eu\/es\/#organization"},"potentialAction":[{"@type":"SearchAction","target":{"@type":"EntryPoint","urlTemplate":"https:\/\/evolve-fitness.eu\/es\/?s={search_term_string}"},"query-input":{"@type":"PropertyValueSpecification","valueRequired":true,"valueName":"search_term_string"}}],"inLanguage":"es"},{"@type":"Organization","@id":"https:\/\/evolve-fitness.eu\/es\/#organization","name":"Evolve","url":"https:\/\/evolve-fitness.eu\/es\/","logo":{"@type":"ImageObject","inLanguage":"es","@id":"https:\/\/evolve-fitness.eu\/es\/#\/schema\/logo\/image\/","url":"https:\/\/evolve-fitness.eu\/wp-content\/uploads\/2023\/05\/Evolve-logo.svg","contentUrl":"https:\/\/evolve-fitness.eu\/wp-content\/uploads\/2023\/05\/Evolve-logo.svg","width":176,"height":20,"caption":"Evolve"},"image":{"@id":"https:\/\/evolve-fitness.eu\/es\/#\/schema\/logo\/image\/"},"sameAs":["https:\/\/www.facebook.com\/EvolveFitnessEurope"]}]}},"_links":{"self":[{"href":"https:\/\/evolve-fitness.eu\/es\/wp-json\/wp\/v2\/product\/69339","targetHints":{"allow":["GET"]}}],"collection":[{"href":"https:\/\/evolve-fitness.eu\/es\/wp-json\/wp\/v2\/product"}],"about":[{"href":"https:\/\/evolve-fitness.eu\/es\/wp-json\/wp\/v2\/types\/product"}],"wp:featuredmedia":[{"embeddable":true,"href":"https:\/\/evolve-fitness.eu\/es\/wp-json\/wp\/v2\/media\/69341"}],"wp:attachment":[{"href":"https:\/\/evolve-fitness.eu\/es\/wp-json\/wp\/v2\/media?parent=69339"}],"wp:term":[{"taxonomy":"product_brand","embeddable":true,"href":"https:\/\/evolve-fitness.eu\/es\/wp-json\/wp\/v2\/product_brand?post=69339"},{"taxonomy":"product_cat","embeddable":true,"href":"https:\/\/evolve-fitness.eu\/es\/wp-json\/wp\/v2\/product_cat?post=69339"},{"taxonomy":"product_tag","embeddable":true,"href":"https:\/\/evolve-fitness.eu\/es\/wp-json\/wp\/v2\/product_tag?post=69339"}],"curies":[{"name":"wp","href":"https:\/\/api.w.org\/{rel}","templated":true}]}}