{"id":77545,"date":"2024-01-24T08:21:57","date_gmt":"2024-01-24T08:21:57","guid":{"rendered":"https:\/\/evolve-fitness.eu\/product\/estanteria-de-mangos-evolve-gym\/"},"modified":"2026-03-27T10:16:43","modified_gmt":"2026-03-27T08:16:43","slug":"estanteria-de-mangos-evolve-gym","status":"publish","type":"product","link":"https:\/\/evolve-fitness.eu\/es\/producto\/estanteria-de-mangos-evolve-gym\/","title":{"rendered":"Soporte para asas Evolve Gym (GH-010)"},"content":{"rendered":"\n<section class=\"wp-block-group alignfull has-lightgray-background-color has-background is-layout-constrained wp-block-group-is-layout-constrained\">\n<div class=\"wp-block-columns alignwide is-layout-flex wp-container-core-columns-is-layout-2edb0647 wp-block-columns-is-layout-flex\" style=\"margin-top:0;margin-bottom:0\">\n<div class=\"wp-block-column is-layout-flow wp-block-column-is-layout-flow\" style=\"flex-basis:33.33%\"><\/div>\n\n\n\n<div class=\"wp-block-column is-layout-flow wp-block-column-is-layout-flow\" style=\"flex-basis:66.66%\"><\/div>\n<\/div>\n<\/section>\n\n<section class=\"wp-block-group alignfull black-content has-white-color has-darkgray-background-color has-text-color has-background is-layout-constrained wp-block-group-is-layout-constrained\" style=\"padding-top:var(--wp--preset--spacing--section-bottom);padding-bottom:var(--wp--preset--spacing--section-bottom)\">\n<div class=\"wp-block-columns alignwide mobile-reverse is-layout-flex wp-container-core-columns-is-layout-ca64bf2d wp-block-columns-is-layout-flex\" style=\"margin-bottom:var(--wp--preset--spacing--side-padding)\">\n<div class=\"wp-block-column is-vertically-aligned-center is-layout-flow wp-block-column-is-layout-flow\">\n<h3 class=\"wp-block-heading\" style=\"margin-bottom:var(--wp--preset--spacing--h-3-bottom)\"><strong>Construcci\u00f3n robusta y durabilidad<\/strong><\/h3>\n\n\n\n<p><strong><em>Aumente el atractivo de su gimnasio<\/em><\/strong><\/p>\n\n\n\n<p style=\"margin-bottom:var(--wp--preset--spacing--tb-section-padding)\">El Evolve Gym Handles Rack, GH-010, un sello distintivo de durabilidad y construcci\u00f3n robusta. Fabricado con materiales de alta calidad, este estante promete longevidad y resistencia al desgaste, por lo que es una opci\u00f3n ideal tanto para gimnasios comerciales como para espacios de entrenamiento en casa. Su robusto dise\u00f1o garantiza un almacenamiento seguro de su equipo de gimnasio, proporcion\u00e1ndole tranquilidad y una inversi\u00f3n duradera en su viaje de fitness. Este duradero soporte para aparatos de gimnasia es imprescindible para mantener la calidad de su equipo de fitness.<\/p>\n<\/div>\n\n\n\n<div class=\"wp-block-column is-vertically-aligned-center is-layout-flow wp-block-column-is-layout-flow\">\n<figure class=\"wp-block-image size-large\"><img loading=\"lazy\" decoding=\"async\" width=\"1024\" height=\"683\" src=\"https:\/\/evolve-fitness.eu\/wp-content\/uploads\/2024\/01\/Evolve-Gym-Handles-Rack-C1-1024x683.jpg\" alt=\"EV-RS-GH-010\" class=\"wp-image-10638\" srcset=\"https:\/\/evolve-fitness.eu\/wp-content\/uploads\/2024\/01\/Evolve-Gym-Handles-Rack-C1-1024x683.jpg 1024w, https:\/\/evolve-fitness.eu\/wp-content\/uploads\/2024\/01\/Evolve-Gym-Handles-Rack-C1-300x200.jpg 300w, https:\/\/evolve-fitness.eu\/wp-content\/uploads\/2024\/01\/Evolve-Gym-Handles-Rack-C1-225x150.jpg 225w, https:\/\/evolve-fitness.eu\/wp-content\/uploads\/2024\/01\/Evolve-Gym-Handles-Rack-C1-600x400.jpg 600w, https:\/\/evolve-fitness.eu\/wp-content\/uploads\/2024\/01\/Evolve-Gym-Handles-Rack-C1-150x100.jpg 150w, https:\/\/evolve-fitness.eu\/wp-content\/uploads\/2024\/01\/Evolve-Gym-Handles-Rack-C1-768x512.jpg 768w, https:\/\/evolve-fitness.eu\/wp-content\/uploads\/2024\/01\/Evolve-Gym-Handles-Rack-C1-1536x1024.jpg 1536w, https:\/\/evolve-fitness.eu\/wp-content\/uploads\/2024\/01\/Evolve-Gym-Handles-Rack-C1-2048x1365.jpg 2048w\" sizes=\"auto, (max-width: 1024px) 100vw, 1024px\" \/><\/figure>\n<\/div>\n<\/div>\n\n\n\n<div class=\"wp-block-columns alignwide is-layout-flex wp-container-core-columns-is-layout-c45ee707 wp-block-columns-is-layout-flex\" style=\"margin-bottom:var(--wp--preset--spacing--side-padding);padding-top:var(--wp--preset--spacing--side-padding)\">\n<div class=\"wp-block-column is-vertically-aligned-center is-layout-flow wp-block-column-is-layout-flow\">\n<figure class=\"wp-block-image size-large\"><img loading=\"lazy\" decoding=\"async\" width=\"1024\" height=\"683\" src=\"https:\/\/evolve-fitness.eu\/wp-content\/uploads\/2024\/01\/Evolve-Gym-Handles-Rack-C2-1024x683.jpg\" alt=\"EV-RS-GH-010\" class=\"wp-image-10642\" srcset=\"https:\/\/evolve-fitness.eu\/wp-content\/uploads\/2024\/01\/Evolve-Gym-Handles-Rack-C2-1024x683.jpg 1024w, https:\/\/evolve-fitness.eu\/wp-content\/uploads\/2024\/01\/Evolve-Gym-Handles-Rack-C2-300x200.jpg 300w, https:\/\/evolve-fitness.eu\/wp-content\/uploads\/2024\/01\/Evolve-Gym-Handles-Rack-C2-225x150.jpg 225w, https:\/\/evolve-fitness.eu\/wp-content\/uploads\/2024\/01\/Evolve-Gym-Handles-Rack-C2-600x400.jpg 600w, https:\/\/evolve-fitness.eu\/wp-content\/uploads\/2024\/01\/Evolve-Gym-Handles-Rack-C2-150x100.jpg 150w, https:\/\/evolve-fitness.eu\/wp-content\/uploads\/2024\/01\/Evolve-Gym-Handles-Rack-C2-768x512.jpg 768w, https:\/\/evolve-fitness.eu\/wp-content\/uploads\/2024\/01\/Evolve-Gym-Handles-Rack-C2-1536x1024.jpg 1536w, https:\/\/evolve-fitness.eu\/wp-content\/uploads\/2024\/01\/Evolve-Gym-Handles-Rack-C2-2048x1365.jpg 2048w\" sizes=\"auto, (max-width: 1024px) 100vw, 1024px\" \/><\/figure>\n<\/div>\n\n\n\n<div class=\"wp-block-column is-vertically-aligned-center is-layout-flow wp-block-column-is-layout-flow\">\n<h3 class=\"wp-block-heading\" style=\"margin-bottom:var(--wp--preset--spacing--h-3-bottom)\"><strong>Ahorro de espacio y dise\u00f1o eficiente<\/strong><\/h3>\n\n\n\n<p><strong><em>Maximice su \u00e1rea de entrenamiento<\/em><\/strong><\/p>\n\n\n\n<p>Dise\u00f1ado para proporcionar un amplio almacenamiento sin ocupar un espacio excesivo. Su tama\u00f1o compacto lo convierte en un excelente complemento para gimnasios peque\u00f1os o gimnasios dom\u00e9sticos en los que el espacio es escaso. El dise\u00f1o inteligente de esta estanter\u00eda no s\u00f3lo ahorra espacio, sino que tambi\u00e9n organiza eficazmente los mangos del gimnasio, facilitando su acceso y reduciendo el desorden.<\/p>\n<\/div>\n<\/div>\n\n\n\n<div class=\"wp-block-columns alignwide is-layout-flex wp-container-core-columns-is-layout-c45ee707 wp-block-columns-is-layout-flex\" style=\"margin-bottom:var(--wp--preset--spacing--side-padding);padding-top:var(--wp--preset--spacing--side-padding)\">\n<div class=\"wp-block-column is-vertically-aligned-center is-layout-flow wp-block-column-is-layout-flow\">\n<h3 class=\"wp-block-heading\" style=\"margin-bottom:var(--wp--preset--spacing--h-3-bottom)\"><strong>Facilidad de uso y accesibilidad<\/strong><\/h3>\n\n\n\n<p><strong><em>Mantenga la fluidez durante los entrenamientos de alta intensidad o las ajetreadas horas de gimnasio<\/em><\/strong><\/p>\n\n\n\n<p style=\"margin-bottom:var(--wp--preset--spacing--tb-section-padding)\">El dise\u00f1o f\u00e1cil de usar del Evolve Gym Handles Rack garantiza que el acceso a su equipo de gimnasio sea c\u00f3modo y sin esfuerzo. Con un dise\u00f1o que prioriza la facilidad de uso, los entusiastas del gimnasio de todos los niveles pueden encontrar y sustituir r\u00e1pidamente los mangos del gimnasio, agilizando sus rutinas de entrenamiento. Su cuidado dise\u00f1o, junto con su facilidad de uso, la convierten en una m\u00e1quina perfecta para quienes valoran la eficacia en su r\u00e9gimen de ejercicios.<\/p>\n<\/div>\n\n\n\n<div class=\"wp-block-column is-vertically-aligned-center is-layout-flow wp-block-column-is-layout-flow\">\n<figure class=\"wp-block-image size-full\"><img loading=\"lazy\" decoding=\"async\" width=\"2060\" height=\"1373\" src=\"https:\/\/evolve-fitness.eu\/wp-content\/uploads\/2024\/01\/Evolve-Gym-Handles-Rack-C3.jpg\" alt=\"EV-RS-GH-010\" class=\"wp-image-10644\" srcset=\"https:\/\/evolve-fitness.eu\/wp-content\/uploads\/2024\/01\/Evolve-Gym-Handles-Rack-C3.jpg 2060w, https:\/\/evolve-fitness.eu\/wp-content\/uploads\/2024\/01\/Evolve-Gym-Handles-Rack-C3-300x200.jpg 300w, https:\/\/evolve-fitness.eu\/wp-content\/uploads\/2024\/01\/Evolve-Gym-Handles-Rack-C3-225x150.jpg 225w, https:\/\/evolve-fitness.eu\/wp-content\/uploads\/2024\/01\/Evolve-Gym-Handles-Rack-C3-600x400.jpg 600w, https:\/\/evolve-fitness.eu\/wp-content\/uploads\/2024\/01\/Evolve-Gym-Handles-Rack-C3-1024x683.jpg 1024w, https:\/\/evolve-fitness.eu\/wp-content\/uploads\/2024\/01\/Evolve-Gym-Handles-Rack-C3-150x100.jpg 150w, https:\/\/evolve-fitness.eu\/wp-content\/uploads\/2024\/01\/Evolve-Gym-Handles-Rack-C3-768x512.jpg 768w, https:\/\/evolve-fitness.eu\/wp-content\/uploads\/2024\/01\/Evolve-Gym-Handles-Rack-C3-1536x1024.jpg 1536w, https:\/\/evolve-fitness.eu\/wp-content\/uploads\/2024\/01\/Evolve-Gym-Handles-Rack-C3-2048x1365.jpg 2048w\" sizes=\"auto, (max-width: 2060px) 100vw, 2060px\" \/><\/figure>\n<\/div>\n<\/div>\n\n\n\n<div class=\"wp-block-columns alignwide is-layout-flex wp-container-core-columns-is-layout-c45ee707 wp-block-columns-is-layout-flex\" style=\"margin-bottom:var(--wp--preset--spacing--side-padding);padding-top:var(--wp--preset--spacing--side-padding)\">\n<div class=\"wp-block-column is-vertically-aligned-center is-layout-flow wp-block-column-is-layout-flow\">\n<figure class=\"wp-block-image size-large\"><img loading=\"lazy\" decoding=\"async\" width=\"683\" height=\"1024\" src=\"https:\/\/evolve-fitness.eu\/wp-content\/uploads\/2024\/01\/Evolve-Gym-Handles-Rack-C4-683x1024.jpg\" alt=\"EV-RS-GH-010\" class=\"wp-image-10646\" srcset=\"https:\/\/evolve-fitness.eu\/wp-content\/uploads\/2024\/01\/Evolve-Gym-Handles-Rack-C4-683x1024.jpg 683w, https:\/\/evolve-fitness.eu\/wp-content\/uploads\/2024\/01\/Evolve-Gym-Handles-Rack-C4-300x450.jpg 300w, https:\/\/evolve-fitness.eu\/wp-content\/uploads\/2024\/01\/Evolve-Gym-Handles-Rack-C4-100x150.jpg 100w, https:\/\/evolve-fitness.eu\/wp-content\/uploads\/2024\/01\/Evolve-Gym-Handles-Rack-C4-600x900.jpg 600w, https:\/\/evolve-fitness.eu\/wp-content\/uploads\/2024\/01\/Evolve-Gym-Handles-Rack-C4-200x300.jpg 200w, https:\/\/evolve-fitness.eu\/wp-content\/uploads\/2024\/01\/Evolve-Gym-Handles-Rack-C4-768x1152.jpg 768w, https:\/\/evolve-fitness.eu\/wp-content\/uploads\/2024\/01\/Evolve-Gym-Handles-Rack-C4-1024x1536.jpg 1024w, https:\/\/evolve-fitness.eu\/wp-content\/uploads\/2024\/01\/Evolve-Gym-Handles-Rack-C4-1365x2048.jpg 1365w, https:\/\/evolve-fitness.eu\/wp-content\/uploads\/2024\/01\/Evolve-Gym-Handles-Rack-C4.jpg 1373w\" sizes=\"auto, (max-width: 683px) 100vw, 683px\" \/><\/figure>\n<\/div>\n\n\n\n<div class=\"wp-block-column is-vertically-aligned-center is-layout-flow wp-block-column-is-layout-flow\">\n<h3 class=\"wp-block-heading\" style=\"margin-bottom:var(--wp--preset--spacing--h-3-bottom)\"><strong><strong><strong><strong>Atractivo est\u00e9tico<\/strong><\/strong><\/strong><\/strong><\/h3>\n\n\n\n<p><strong><em>La combinaci\u00f3n perfecta de estilo y funcionalidad<\/em><\/strong><\/p>\n\n\n\n<p>Evolve Gym Handles Rack no s\u00f3lo es funcional, sino que tambi\u00e9n cuenta con un dise\u00f1o elegante y moderno que realza el atractivo est\u00e9tico de cualquier entorno de fitness. Su aspecto contempor\u00e1neo, combinado con un acabado limpio y profesional, complementa el interior de cualquier gimnasio moderno o espacio de entrenamiento dom\u00e9stico. Esta estanter\u00eda no es s\u00f3lo una soluci\u00f3n de almacenamiento, sino una declaraci\u00f3n de estilo que realza el ambiente general de su gimnasio.<\/p>\n<\/div>\n<\/div>\n\n\n\n<div class=\"wp-block-columns alignwide is-layout-flex wp-container-core-columns-is-layout-c45ee707 wp-block-columns-is-layout-flex\" style=\"margin-bottom:var(--wp--preset--spacing--side-padding);padding-top:var(--wp--preset--spacing--side-padding)\">\n<div class=\"wp-block-column is-vertically-aligned-center is-layout-flow wp-block-column-is-layout-flow\">\n<h3 class=\"wp-block-heading\" style=\"margin-bottom:var(--wp--preset--spacing--h-3-bottom)\"><strong>Seguridad y estabilidad<\/strong><\/h3>\n\n\n\n<p><strong><em>Contribuir a un entorno de entrenamiento m\u00e1s seguro<\/em><\/strong><\/p>\n\n\n\n<p style=\"margin-bottom:var(--wp--preset--spacing--tb-section-padding)\">La seguridad es primordial en cualquier entorno de fitness, y el Evolve Gym Handles Rack est\u00e1 dise\u00f1ado con esto en mente. Su base estable y su construcci\u00f3n segura proporcionan una soluci\u00f3n de almacenamiento fiable, minimizando el riesgo de accidentes o da\u00f1os al equipo. El dise\u00f1o del soporte garantiza que los mangos de gimnasia se guarden de forma segura y sean f\u00e1cilmente accesibles.<\/p>\n<\/div>\n\n\n\n<div class=\"wp-block-column is-vertically-aligned-center is-layout-flow wp-block-column-is-layout-flow\">\n<figure class=\"wp-block-image size-large\"><img loading=\"lazy\" decoding=\"async\" width=\"683\" height=\"1024\" src=\"https:\/\/evolve-fitness.eu\/wp-content\/uploads\/2024\/01\/Evolve-Gym-Handles-Rack-C5-683x1024.jpg\" alt=\"EV-RS-GH-010\" class=\"wp-image-10648\" srcset=\"https:\/\/evolve-fitness.eu\/wp-content\/uploads\/2024\/01\/Evolve-Gym-Handles-Rack-C5-683x1024.jpg 683w, https:\/\/evolve-fitness.eu\/wp-content\/uploads\/2024\/01\/Evolve-Gym-Handles-Rack-C5-300x450.jpg 300w, https:\/\/evolve-fitness.eu\/wp-content\/uploads\/2024\/01\/Evolve-Gym-Handles-Rack-C5-100x150.jpg 100w, https:\/\/evolve-fitness.eu\/wp-content\/uploads\/2024\/01\/Evolve-Gym-Handles-Rack-C5-600x900.jpg 600w, https:\/\/evolve-fitness.eu\/wp-content\/uploads\/2024\/01\/Evolve-Gym-Handles-Rack-C5-200x300.jpg 200w, https:\/\/evolve-fitness.eu\/wp-content\/uploads\/2024\/01\/Evolve-Gym-Handles-Rack-C5-768x1152.jpg 768w, https:\/\/evolve-fitness.eu\/wp-content\/uploads\/2024\/01\/Evolve-Gym-Handles-Rack-C5-1024x1536.jpg 1024w, https:\/\/evolve-fitness.eu\/wp-content\/uploads\/2024\/01\/Evolve-Gym-Handles-Rack-C5-1365x2048.jpg 1365w, https:\/\/evolve-fitness.eu\/wp-content\/uploads\/2024\/01\/Evolve-Gym-Handles-Rack-C5.jpg 1373w\" sizes=\"auto, (max-width: 683px) 100vw, 683px\" \/><\/figure>\n<\/div>\n<\/div>\n<\/section>\n","protected":false},"excerpt":{"rendered":"<p>Descubra la soluci\u00f3n definitiva para la organizaci\u00f3n y eficiencia en el gimnasio con el soporte para mangos de gimnasio Evolve, GH-010. Este soporte para equipos est\u00e1 dise\u00f1ado por expertos para satisfacer las necesidades tanto de los entusiastas del fitness como de los propietarios de gimnasios. Fabricado para ofrecer durabilidad y facilidad de uso, el soporte para mangos de gimnasio Evolve garantiza un entorno libre de desorden al almacenar de forma ordenada varios mangos de gimnasio en una ubicaci\u00f3n pr\u00e1ctica. Su dise\u00f1o robusto y su est\u00e9tica elegante lo convierten en el complemento perfecto para cualquier gimnasio moderno. Mejore su espacio de entrenamiento con esta soluci\u00f3n de almacenamiento esencial y experimente la perfecta integraci\u00f3n de funcionalidad y estilo.<\/p>\n","protected":false},"featured_media":77546,"template":"","meta":{"_acf_changed":true,"inline_featured_image":false},"product_brand":[],"product_cat":[5268],"product_tag":[],"class_list":{"0":"post-77545","1":"product","2":"type-product","3":"status-publish","4":"has-post-thumbnail","6":"product_cat-estanterias-y-soluciones-de-almacenamiento","8":"first","9":"instock","10":"shipping-taxable","11":"purchasable","12":"product-type-simple"},"acf":{"long_title":"Soporte para asas Evolve Gym (GH-010)","subtitle":"","specifications":[{"label":"SKU","text_value":"EV-RS-GH-010","icon":"x"},{"label":"Dimensiones (L x A x A)","text_value":"650 x 650 x 1000 mm","icon":"x"},{"label":"Peso","text_value":"32,5 kg","icon":"x"},{"label":"La rejilla tiene 24 ganchos para fijar asas","text_value":"","icon":"v"},{"label":"La estanter\u00eda tiene un estante integrado para guardar asas peque\u00f1as","text_value":"","icon":"v"},{"label":"Armaz\u00f3n de acero estable con acabado de pintura en polvo","text_value":"","icon":"v"},{"label":"Garant\u00eda","text_value":"2 a\u00f1os","icon":"x"}]},"yoast_head":"<!-- This site is optimized with the Yoast SEO plugin v26.6 - https:\/\/yoast.com\/wordpress\/plugins\/seo\/ -->\n<title>Soporte para asas Evolve Gym (GH-010) - Evolve<\/title>\n<meta name=\"robots\" content=\"index, follow, max-snippet:-1, max-image-preview:large, max-video-preview:-1\" \/>\n<link rel=\"canonical\" href=\"https:\/\/evolve-fitness.eu\/es\/producto\/estanteria-de-mangos-evolve-gym\/\" \/>\n<meta property=\"og:locale\" content=\"es_ES\" \/>\n<meta property=\"og:type\" content=\"article\" \/>\n<meta property=\"og:title\" content=\"Soporte para asas Evolve Gym (GH-010) - Evolve\" \/>\n<meta property=\"og:url\" content=\"https:\/\/evolve-fitness.eu\/es\/producto\/estanteria-de-mangos-evolve-gym\/\" \/>\n<meta property=\"og:site_name\" content=\"Evolve\" \/>\n<meta property=\"article:publisher\" content=\"https:\/\/www.facebook.com\/EvolveFitnessEurope\" \/>\n<meta property=\"article:modified_time\" content=\"2026-03-27T08:16:43+00:00\" \/>\n<meta property=\"og:image\" content=\"https:\/\/evolve-fitness.eu\/wp-content\/uploads\/2024\/01\/Evolve-Gym-Handles-Rack.png\" \/>\n\t<meta property=\"og:image:width\" content=\"680\" \/>\n\t<meta property=\"og:image:height\" content=\"600\" \/>\n\t<meta property=\"og:image:type\" content=\"image\/png\" \/>\n<meta name=\"twitter:card\" content=\"summary_large_image\" \/>\n<script type=\"application\/ld+json\" class=\"yoast-schema-graph\">{\"@context\":\"https:\/\/schema.org\",\"@graph\":[{\"@type\":\"WebPage\",\"@id\":\"https:\/\/evolve-fitness.eu\/es\/producto\/estanteria-de-mangos-evolve-gym\/\",\"url\":\"https:\/\/evolve-fitness.eu\/es\/producto\/estanteria-de-mangos-evolve-gym\/\",\"name\":\"Soporte para asas Evolve Gym (GH-010) - Evolve\",\"isPartOf\":{\"@id\":\"https:\/\/evolve-fitness.eu\/es\/#website\"},\"primaryImageOfPage\":{\"@id\":\"https:\/\/evolve-fitness.eu\/es\/producto\/estanteria-de-mangos-evolve-gym\/#primaryimage\"},\"image\":{\"@id\":\"https:\/\/evolve-fitness.eu\/es\/producto\/estanteria-de-mangos-evolve-gym\/#primaryimage\"},\"thumbnailUrl\":\"https:\/\/evolve-fitness.eu\/wp-content\/uploads\/2024\/01\/Evolve-Gym-Handles-Rack.png\",\"datePublished\":\"2024-01-24T08:21:57+00:00\",\"dateModified\":\"2026-03-27T08:16:43+00:00\",\"breadcrumb\":{\"@id\":\"https:\/\/evolve-fitness.eu\/es\/producto\/estanteria-de-mangos-evolve-gym\/#breadcrumb\"},\"inLanguage\":\"es\",\"potentialAction\":[{\"@type\":\"ReadAction\",\"target\":[\"https:\/\/evolve-fitness.eu\/es\/producto\/estanteria-de-mangos-evolve-gym\/\"]}]},{\"@type\":\"ImageObject\",\"inLanguage\":\"es\",\"@id\":\"https:\/\/evolve-fitness.eu\/es\/producto\/estanteria-de-mangos-evolve-gym\/#primaryimage\",\"url\":\"https:\/\/evolve-fitness.eu\/wp-content\/uploads\/2024\/01\/Evolve-Gym-Handles-Rack.png\",\"contentUrl\":\"https:\/\/evolve-fitness.eu\/wp-content\/uploads\/2024\/01\/Evolve-Gym-Handles-Rack.png\",\"width\":680,\"height\":600,\"caption\":\"EV-RS-GH-010\"},{\"@type\":\"BreadcrumbList\",\"@id\":\"https:\/\/evolve-fitness.eu\/es\/producto\/estanteria-de-mangos-evolve-gym\/#breadcrumb\",\"itemListElement\":[{\"@type\":\"ListItem\",\"position\":1,\"name\":\"Home\",\"item\":\"https:\/\/evolve-fitness.eu\/es\/\"},{\"@type\":\"ListItem\",\"position\":2,\"name\":\"Productos\",\"item\":\"https:\/\/evolve-fitness.eu\/es\/shop\/\"},{\"@type\":\"ListItem\",\"position\":3,\"name\":\"Soporte para asas Evolve Gym (GH-010)\"}]},{\"@type\":\"WebSite\",\"@id\":\"https:\/\/evolve-fitness.eu\/es\/#website\",\"url\":\"https:\/\/evolve-fitness.eu\/es\/\",\"name\":\"Evolve\",\"description\":\"Your Evolved Gear Arrived\",\"publisher\":{\"@id\":\"https:\/\/evolve-fitness.eu\/es\/#organization\"},\"potentialAction\":[{\"@type\":\"SearchAction\",\"target\":{\"@type\":\"EntryPoint\",\"urlTemplate\":\"https:\/\/evolve-fitness.eu\/es\/?s={search_term_string}\"},\"query-input\":{\"@type\":\"PropertyValueSpecification\",\"valueRequired\":true,\"valueName\":\"search_term_string\"}}],\"inLanguage\":\"es\"},{\"@type\":\"Organization\",\"@id\":\"https:\/\/evolve-fitness.eu\/es\/#organization\",\"name\":\"Evolve\",\"url\":\"https:\/\/evolve-fitness.eu\/es\/\",\"logo\":{\"@type\":\"ImageObject\",\"inLanguage\":\"es\",\"@id\":\"https:\/\/evolve-fitness.eu\/es\/#\/schema\/logo\/image\/\",\"url\":\"https:\/\/evolve-fitness.eu\/wp-content\/uploads\/2023\/05\/Evolve-logo.svg\",\"contentUrl\":\"https:\/\/evolve-fitness.eu\/wp-content\/uploads\/2023\/05\/Evolve-logo.svg\",\"width\":176,\"height\":20,\"caption\":\"Evolve\"},\"image\":{\"@id\":\"https:\/\/evolve-fitness.eu\/es\/#\/schema\/logo\/image\/\"},\"sameAs\":[\"https:\/\/www.facebook.com\/EvolveFitnessEurope\"]}]}<\/script>\n<!-- \/ Yoast SEO plugin. -->","yoast_head_json":{"title":"Soporte para asas Evolve Gym (GH-010) - Evolve","robots":{"index":"index","follow":"follow","max-snippet":"max-snippet:-1","max-image-preview":"max-image-preview:large","max-video-preview":"max-video-preview:-1"},"canonical":"https:\/\/evolve-fitness.eu\/es\/producto\/estanteria-de-mangos-evolve-gym\/","og_locale":"es_ES","og_type":"article","og_title":"Soporte para asas Evolve Gym (GH-010) - Evolve","og_url":"https:\/\/evolve-fitness.eu\/es\/producto\/estanteria-de-mangos-evolve-gym\/","og_site_name":"Evolve","article_publisher":"https:\/\/www.facebook.com\/EvolveFitnessEurope","article_modified_time":"2026-03-27T08:16:43+00:00","og_image":[{"width":680,"height":600,"url":"https:\/\/evolve-fitness.eu\/wp-content\/uploads\/2024\/01\/Evolve-Gym-Handles-Rack.png","type":"image\/png"}],"twitter_card":"summary_large_image","schema":{"@context":"https:\/\/schema.org","@graph":[{"@type":"WebPage","@id":"https:\/\/evolve-fitness.eu\/es\/producto\/estanteria-de-mangos-evolve-gym\/","url":"https:\/\/evolve-fitness.eu\/es\/producto\/estanteria-de-mangos-evolve-gym\/","name":"Soporte para asas Evolve Gym (GH-010) - Evolve","isPartOf":{"@id":"https:\/\/evolve-fitness.eu\/es\/#website"},"primaryImageOfPage":{"@id":"https:\/\/evolve-fitness.eu\/es\/producto\/estanteria-de-mangos-evolve-gym\/#primaryimage"},"image":{"@id":"https:\/\/evolve-fitness.eu\/es\/producto\/estanteria-de-mangos-evolve-gym\/#primaryimage"},"thumbnailUrl":"https:\/\/evolve-fitness.eu\/wp-content\/uploads\/2024\/01\/Evolve-Gym-Handles-Rack.png","datePublished":"2024-01-24T08:21:57+00:00","dateModified":"2026-03-27T08:16:43+00:00","breadcrumb":{"@id":"https:\/\/evolve-fitness.eu\/es\/producto\/estanteria-de-mangos-evolve-gym\/#breadcrumb"},"inLanguage":"es","potentialAction":[{"@type":"ReadAction","target":["https:\/\/evolve-fitness.eu\/es\/producto\/estanteria-de-mangos-evolve-gym\/"]}]},{"@type":"ImageObject","inLanguage":"es","@id":"https:\/\/evolve-fitness.eu\/es\/producto\/estanteria-de-mangos-evolve-gym\/#primaryimage","url":"https:\/\/evolve-fitness.eu\/wp-content\/uploads\/2024\/01\/Evolve-Gym-Handles-Rack.png","contentUrl":"https:\/\/evolve-fitness.eu\/wp-content\/uploads\/2024\/01\/Evolve-Gym-Handles-Rack.png","width":680,"height":600,"caption":"EV-RS-GH-010"},{"@type":"BreadcrumbList","@id":"https:\/\/evolve-fitness.eu\/es\/producto\/estanteria-de-mangos-evolve-gym\/#breadcrumb","itemListElement":[{"@type":"ListItem","position":1,"name":"Home","item":"https:\/\/evolve-fitness.eu\/es\/"},{"@type":"ListItem","position":2,"name":"Productos","item":"https:\/\/evolve-fitness.eu\/es\/shop\/"},{"@type":"ListItem","position":3,"name":"Soporte para asas Evolve Gym (GH-010)"}]},{"@type":"WebSite","@id":"https:\/\/evolve-fitness.eu\/es\/#website","url":"https:\/\/evolve-fitness.eu\/es\/","name":"Evolve","description":"Your Evolved Gear Arrived","publisher":{"@id":"https:\/\/evolve-fitness.eu\/es\/#organization"},"potentialAction":[{"@type":"SearchAction","target":{"@type":"EntryPoint","urlTemplate":"https:\/\/evolve-fitness.eu\/es\/?s={search_term_string}"},"query-input":{"@type":"PropertyValueSpecification","valueRequired":true,"valueName":"search_term_string"}}],"inLanguage":"es"},{"@type":"Organization","@id":"https:\/\/evolve-fitness.eu\/es\/#organization","name":"Evolve","url":"https:\/\/evolve-fitness.eu\/es\/","logo":{"@type":"ImageObject","inLanguage":"es","@id":"https:\/\/evolve-fitness.eu\/es\/#\/schema\/logo\/image\/","url":"https:\/\/evolve-fitness.eu\/wp-content\/uploads\/2023\/05\/Evolve-logo.svg","contentUrl":"https:\/\/evolve-fitness.eu\/wp-content\/uploads\/2023\/05\/Evolve-logo.svg","width":176,"height":20,"caption":"Evolve"},"image":{"@id":"https:\/\/evolve-fitness.eu\/es\/#\/schema\/logo\/image\/"},"sameAs":["https:\/\/www.facebook.com\/EvolveFitnessEurope"]}]}},"_links":{"self":[{"href":"https:\/\/evolve-fitness.eu\/es\/wp-json\/wp\/v2\/product\/77545","targetHints":{"allow":["GET"]}}],"collection":[{"href":"https:\/\/evolve-fitness.eu\/es\/wp-json\/wp\/v2\/product"}],"about":[{"href":"https:\/\/evolve-fitness.eu\/es\/wp-json\/wp\/v2\/types\/product"}],"wp:featuredmedia":[{"embeddable":true,"href":"https:\/\/evolve-fitness.eu\/es\/wp-json\/wp\/v2\/media\/77546"}],"wp:attachment":[{"href":"https:\/\/evolve-fitness.eu\/es\/wp-json\/wp\/v2\/media?parent=77545"}],"wp:term":[{"taxonomy":"product_brand","embeddable":true,"href":"https:\/\/evolve-fitness.eu\/es\/wp-json\/wp\/v2\/product_brand?post=77545"},{"taxonomy":"product_cat","embeddable":true,"href":"https:\/\/evolve-fitness.eu\/es\/wp-json\/wp\/v2\/product_cat?post=77545"},{"taxonomy":"product_tag","embeddable":true,"href":"https:\/\/evolve-fitness.eu\/es\/wp-json\/wp\/v2\/product_tag?post=77545"}],"curies":[{"name":"wp","href":"https:\/\/api.w.org\/{rel}","templated":true}]}}