{"id":78538,"date":"2023-09-15T08:13:23","date_gmt":"2023-09-15T08:13:23","guid":{"rendered":"https:\/\/evolve-fitness.eu\/product\/evolve-carbon-series-powerbags-5-25-kg\/"},"modified":"2026-03-27T10:47:38","modified_gmt":"2026-03-27T08:47:38","slug":"evolve-carbon-series-powerbags-5-25-kg","status":"publish","type":"product","link":"https:\/\/evolve-fitness.eu\/es\/producto\/evolve-carbon-series-powerbags-5-25-kg\/","title":{"rendered":"Evolve Carbon Series Powerbags 5-25 kg"},"content":{"rendered":"\n<section class=\"wp-block-group alignfull has-lightgray-background-color has-background is-layout-constrained wp-block-group-is-layout-constrained\">\n<div class=\"wp-block-columns alignwide is-layout-flex wp-container-core-columns-is-layout-2edb0647 wp-block-columns-is-layout-flex\" style=\"margin-top:0;margin-bottom:0\">\n<div class=\"wp-block-column is-layout-flow wp-block-column-is-layout-flow\" style=\"flex-basis:33.33%\"><\/div>\n\n\n\n<div class=\"wp-block-column is-layout-flow wp-block-column-is-layout-flow\" style=\"flex-basis:66.66%\"><\/div>\n<\/div>\n<\/section>\n\n<div class=\"wp-block-columns alignfull mobile-reverse has-black-background-color has-background is-layout-flex wp-container-core-columns-is-layout-ca64bf2d wp-block-columns-is-layout-flex\" style=\"margin-bottom:var(--wp--preset--spacing--side-padding)\">\n<div class=\"wp-block-column is-vertically-aligned-center is-layout-flow wp-block-column-is-layout-flow\">\n<figure class=\"wp-block-video\"><video height=\"1080\" style=\"aspect-ratio: 1920 \/ 1080;\" width=\"1920\" controls=\"\" src=\"https:\/\/evolve-fitness.eu\/wp-content\/uploads\/2023\/09\/8.mp4\"><\/video><\/figure>\n<\/div>\n\n\n\n<div class=\"wp-block-column is-vertically-aligned-center is-layout-flow wp-block-column-is-layout-flow\">\n<h3 class=\"wp-block-heading has-white-color has-text-color\" style=\"margin-bottom:var(--wp--preset--spacing--h-3-bottom)\"><strong><strong><strong><strong><strong><strong><strong>TRANSVERSAL Y FUNCIONAL<\/strong><\/strong><\/strong><\/strong><\/strong><\/strong><\/strong><\/h3>\n\n\n\n<p>VERS\u00c1TIL Y DURADERO<\/p>\n\n\n\n<ul style=\"font-size:1.1rem;letter-spacing:0.02em\" class=\"wp-block-list has-white-color has-text-color\">\n<li><strong>Equipos multifuncionales duraderos:<\/strong> Nuestro equipo multifuncional meticulosamente dise\u00f1ado est\u00e1 dise\u00f1ado para soportar las exigencias de las sesiones de entrenamiento diarias e intensivas.<\/li>\n\n\n\n<li><strong>El espacio de entrenamiento ideal:<\/strong> Eleve el nivel de su entrenamiento incorporando nuestra amplia gama de accesorios a su espacio de entrenamiento, convirti\u00e9ndolo en un centro de estimulantes entrenamientos para todo el cuerpo.<\/li>\n\n\n\n<li><strong>Dise\u00f1o centrado en el usuario:<\/strong> Experimente la diferencia con equipos meticulosamente dise\u00f1ados pensando en el usuario, garantizando que sus sesiones de entrenamiento sean eficaces, c\u00f3modas y seguras.<\/li>\n\n\n\n<li><strong>Paquetes de equipamiento:<\/strong> Explore nuestros completos paquetes de equipamiento que simplifican el proceso de creaci\u00f3n de su propio gimnasio. Con todo lo que necesitas para un entrenamiento Cross Training o funcional, alcanzar tus objetivos de fitness nunca ha sido tan f\u00e1cil.<\/li>\n<\/ul>\n\n\n\n<p><\/p>\n\n\n\n<p class=\"has-white-color has-text-color\"><strong>Renueve su espacio de entrenamiento y alcance un nuevo nivel de forma f\u00edsica con nuestros equipos multifuncionales, robustos y f\u00e1ciles de usar.<\/strong><\/p>\n<\/div>\n<\/div>\n","protected":false},"excerpt":{"rendered":"<p>Eleve su rutina de ejercicios con los Powerbags Evolve Carbon Series, disponibles en una gama de pesos de 5 kg a 25 kg. Estos Powerbags son algo m\u00e1s que un equipo de gimnasio normal; est\u00e1n dise\u00f1ados para aportar estilo y funcionalidad a su r\u00e9gimen de fitness. Con una superficie de carbono de PVC de \u00faltima generaci\u00f3n que no s\u00f3lo es f\u00e1cil de limpiar, sino que tambi\u00e9n proporciona un agarre seguro, estos Powerbags cuentan con un dise\u00f1o elegante y moderno que complementa cualquier entorno de gimnasio. En el interior, un suave forro amortigua los impactos durante los ejercicios, garantizando tanto la seguridad como el mantenimiento de la forma. Adecuados para un uso intenso y comercial, estos Powerbags son vers\u00e1tiles y se adaptan a usuarios de todos los niveles de fitness para ejercicios cardiovasculares, funcionales, crossfit y mucho m\u00e1s. Con costuras reforzadas, asas antideslizantes y rejillas de ventilaci\u00f3n, estos Powerbags est\u00e1n fabricados para durar, lo que los convierte en la opci\u00f3n ideal tanto para usuarios dom\u00e9sticos como para gimnasios profesionales. Mejore su condici\u00f3n f\u00edsica con los Powerbags Evolve Carbon Series y experimente los beneficios de un equipo de entrenamiento vers\u00e1til y de alta calidad.<\/p>\n","protected":false},"featured_media":78540,"template":"","meta":{"_acf_changed":false,"inline_featured_image":false},"product_brand":[],"product_cat":[13029,2846,3884],"product_tag":[],"class_list":{"0":"post-78538","1":"product","2":"type-product","3":"status-publish","4":"has-post-thumbnail","6":"product_cat-engranaje-hyrox","7":"product_cat-transversal-y-funcional","8":"product_cat-equipamiento-funcional","10":"first","11":"instock","12":"shipping-taxable","13":"purchasable","14":"product-type-variable"},"acf":{"long_title":"Evolve Carbon Series Powerbags 5-25 kg","subtitle":"","specifications":[{"label":"SKU","text_value":"EV-PB-CS","icon":"x"},{"label":"Disponible en","text_value":"5 kg \/ 10 kg \/ 15 kg \/ 20 kg \/ 25 kg","icon":"x"},{"label":"Los orificios de ventilaci\u00f3n reducen la presi\u00f3n interna","text_value":"","icon":"v"},{"label":"Cremallera y 3 correas de velcro para mayor durabilidad","text_value":"","icon":"v"},{"label":"El forro de espuma transpirable de alta densidad mantiene la forma","text_value":"","icon":"v"},{"label":"Superficie Carbon look de alta tecnolog\u00eda, duradera y f\u00e1cil de limpiar","text_value":"","icon":"v"},{"label":"3 asas blandas antideslizantes para variar el ejercicio","text_value":"","icon":"v"},{"label":"Costuras reforzadas con doble pespunte","text_value":"","icon":"v"},{"label":"El interior de la bolsa se rellena con arena","text_value":"","icon":"v"},{"label":"Material de carbono","text_value":"","icon":"v"},{"label":"Garant\u00eda","text_value":"2 a\u00f1os","icon":"x"}]},"yoast_head":"<!-- This site is optimized with the Yoast SEO plugin v26.6 - https:\/\/yoast.com\/wordpress\/plugins\/seo\/ -->\n<title>Evolve Carbon Series Powerbags 5-25 kg - Evolve<\/title>\n<meta name=\"robots\" content=\"index, follow, max-snippet:-1, max-image-preview:large, max-video-preview:-1\" \/>\n<link rel=\"canonical\" href=\"https:\/\/evolve-fitness.eu\/es\/producto\/evolve-carbon-series-powerbags-5-25-kg\/\" \/>\n<meta property=\"og:locale\" content=\"es_ES\" \/>\n<meta property=\"og:type\" content=\"article\" \/>\n<meta property=\"og:title\" content=\"Evolve Carbon Series Powerbags 5-25 kg - Evolve\" \/>\n<meta property=\"og:url\" content=\"https:\/\/evolve-fitness.eu\/es\/producto\/evolve-carbon-series-powerbags-5-25-kg\/\" \/>\n<meta property=\"og:site_name\" content=\"Evolve\" \/>\n<meta property=\"article:publisher\" content=\"https:\/\/www.facebook.com\/EvolveFitnessEurope\" \/>\n<meta property=\"article:modified_time\" content=\"2026-03-27T08:47:38+00:00\" \/>\n<meta property=\"og:image\" content=\"https:\/\/evolve-fitness.eu\/wp-content\/uploads\/2023\/09\/Evolve-Carbon-Series-Powerbags.png\" \/>\n\t<meta property=\"og:image:width\" content=\"680\" \/>\n\t<meta property=\"og:image:height\" content=\"600\" \/>\n\t<meta property=\"og:image:type\" content=\"image\/png\" \/>\n<meta name=\"twitter:card\" content=\"summary_large_image\" \/>\n<script type=\"application\/ld+json\" class=\"yoast-schema-graph\">{\"@context\":\"https:\/\/schema.org\",\"@graph\":[{\"@type\":\"WebPage\",\"@id\":\"https:\/\/evolve-fitness.eu\/es\/producto\/evolve-carbon-series-powerbags-5-25-kg\/\",\"url\":\"https:\/\/evolve-fitness.eu\/es\/producto\/evolve-carbon-series-powerbags-5-25-kg\/\",\"name\":\"Evolve Carbon Series Powerbags 5-25 kg - Evolve\",\"isPartOf\":{\"@id\":\"https:\/\/evolve-fitness.eu\/es\/#website\"},\"primaryImageOfPage\":{\"@id\":\"https:\/\/evolve-fitness.eu\/es\/producto\/evolve-carbon-series-powerbags-5-25-kg\/#primaryimage\"},\"image\":{\"@id\":\"https:\/\/evolve-fitness.eu\/es\/producto\/evolve-carbon-series-powerbags-5-25-kg\/#primaryimage\"},\"thumbnailUrl\":\"https:\/\/evolve-fitness.eu\/wp-content\/uploads\/2023\/09\/Evolve-Carbon-Series-Powerbags.png\",\"datePublished\":\"2023-09-15T08:13:23+00:00\",\"dateModified\":\"2026-03-27T08:47:38+00:00\",\"breadcrumb\":{\"@id\":\"https:\/\/evolve-fitness.eu\/es\/producto\/evolve-carbon-series-powerbags-5-25-kg\/#breadcrumb\"},\"inLanguage\":\"es\",\"potentialAction\":[{\"@type\":\"ReadAction\",\"target\":[\"https:\/\/evolve-fitness.eu\/es\/producto\/evolve-carbon-series-powerbags-5-25-kg\/\"]}]},{\"@type\":\"ImageObject\",\"inLanguage\":\"es\",\"@id\":\"https:\/\/evolve-fitness.eu\/es\/producto\/evolve-carbon-series-powerbags-5-25-kg\/#primaryimage\",\"url\":\"https:\/\/evolve-fitness.eu\/wp-content\/uploads\/2023\/09\/Evolve-Carbon-Series-Powerbags.png\",\"contentUrl\":\"https:\/\/evolve-fitness.eu\/wp-content\/uploads\/2023\/09\/Evolve-Carbon-Series-Powerbags.png\",\"width\":680,\"height\":600,\"caption\":\"EV-PB-CS\"},{\"@type\":\"BreadcrumbList\",\"@id\":\"https:\/\/evolve-fitness.eu\/es\/producto\/evolve-carbon-series-powerbags-5-25-kg\/#breadcrumb\",\"itemListElement\":[{\"@type\":\"ListItem\",\"position\":1,\"name\":\"Home\",\"item\":\"https:\/\/evolve-fitness.eu\/es\/\"},{\"@type\":\"ListItem\",\"position\":2,\"name\":\"Productos\",\"item\":\"https:\/\/evolve-fitness.eu\/es\/shop\/\"},{\"@type\":\"ListItem\",\"position\":3,\"name\":\"Evolve Carbon Series Powerbags 5-25 kg\"}]},{\"@type\":\"WebSite\",\"@id\":\"https:\/\/evolve-fitness.eu\/es\/#website\",\"url\":\"https:\/\/evolve-fitness.eu\/es\/\",\"name\":\"Evolve\",\"description\":\"Your Evolved Gear Arrived\",\"publisher\":{\"@id\":\"https:\/\/evolve-fitness.eu\/es\/#organization\"},\"potentialAction\":[{\"@type\":\"SearchAction\",\"target\":{\"@type\":\"EntryPoint\",\"urlTemplate\":\"https:\/\/evolve-fitness.eu\/es\/?s={search_term_string}\"},\"query-input\":{\"@type\":\"PropertyValueSpecification\",\"valueRequired\":true,\"valueName\":\"search_term_string\"}}],\"inLanguage\":\"es\"},{\"@type\":\"Organization\",\"@id\":\"https:\/\/evolve-fitness.eu\/es\/#organization\",\"name\":\"Evolve\",\"url\":\"https:\/\/evolve-fitness.eu\/es\/\",\"logo\":{\"@type\":\"ImageObject\",\"inLanguage\":\"es\",\"@id\":\"https:\/\/evolve-fitness.eu\/es\/#\/schema\/logo\/image\/\",\"url\":\"https:\/\/evolve-fitness.eu\/wp-content\/uploads\/2023\/05\/Evolve-logo.svg\",\"contentUrl\":\"https:\/\/evolve-fitness.eu\/wp-content\/uploads\/2023\/05\/Evolve-logo.svg\",\"width\":176,\"height\":20,\"caption\":\"Evolve\"},\"image\":{\"@id\":\"https:\/\/evolve-fitness.eu\/es\/#\/schema\/logo\/image\/\"},\"sameAs\":[\"https:\/\/www.facebook.com\/EvolveFitnessEurope\"]}]}<\/script>\n<!-- \/ Yoast SEO plugin. -->","yoast_head_json":{"title":"Evolve Carbon Series Powerbags 5-25 kg - Evolve","robots":{"index":"index","follow":"follow","max-snippet":"max-snippet:-1","max-image-preview":"max-image-preview:large","max-video-preview":"max-video-preview:-1"},"canonical":"https:\/\/evolve-fitness.eu\/es\/producto\/evolve-carbon-series-powerbags-5-25-kg\/","og_locale":"es_ES","og_type":"article","og_title":"Evolve Carbon Series Powerbags 5-25 kg - Evolve","og_url":"https:\/\/evolve-fitness.eu\/es\/producto\/evolve-carbon-series-powerbags-5-25-kg\/","og_site_name":"Evolve","article_publisher":"https:\/\/www.facebook.com\/EvolveFitnessEurope","article_modified_time":"2026-03-27T08:47:38+00:00","og_image":[{"width":680,"height":600,"url":"https:\/\/evolve-fitness.eu\/wp-content\/uploads\/2023\/09\/Evolve-Carbon-Series-Powerbags.png","type":"image\/png"}],"twitter_card":"summary_large_image","schema":{"@context":"https:\/\/schema.org","@graph":[{"@type":"WebPage","@id":"https:\/\/evolve-fitness.eu\/es\/producto\/evolve-carbon-series-powerbags-5-25-kg\/","url":"https:\/\/evolve-fitness.eu\/es\/producto\/evolve-carbon-series-powerbags-5-25-kg\/","name":"Evolve Carbon Series Powerbags 5-25 kg - Evolve","isPartOf":{"@id":"https:\/\/evolve-fitness.eu\/es\/#website"},"primaryImageOfPage":{"@id":"https:\/\/evolve-fitness.eu\/es\/producto\/evolve-carbon-series-powerbags-5-25-kg\/#primaryimage"},"image":{"@id":"https:\/\/evolve-fitness.eu\/es\/producto\/evolve-carbon-series-powerbags-5-25-kg\/#primaryimage"},"thumbnailUrl":"https:\/\/evolve-fitness.eu\/wp-content\/uploads\/2023\/09\/Evolve-Carbon-Series-Powerbags.png","datePublished":"2023-09-15T08:13:23+00:00","dateModified":"2026-03-27T08:47:38+00:00","breadcrumb":{"@id":"https:\/\/evolve-fitness.eu\/es\/producto\/evolve-carbon-series-powerbags-5-25-kg\/#breadcrumb"},"inLanguage":"es","potentialAction":[{"@type":"ReadAction","target":["https:\/\/evolve-fitness.eu\/es\/producto\/evolve-carbon-series-powerbags-5-25-kg\/"]}]},{"@type":"ImageObject","inLanguage":"es","@id":"https:\/\/evolve-fitness.eu\/es\/producto\/evolve-carbon-series-powerbags-5-25-kg\/#primaryimage","url":"https:\/\/evolve-fitness.eu\/wp-content\/uploads\/2023\/09\/Evolve-Carbon-Series-Powerbags.png","contentUrl":"https:\/\/evolve-fitness.eu\/wp-content\/uploads\/2023\/09\/Evolve-Carbon-Series-Powerbags.png","width":680,"height":600,"caption":"EV-PB-CS"},{"@type":"BreadcrumbList","@id":"https:\/\/evolve-fitness.eu\/es\/producto\/evolve-carbon-series-powerbags-5-25-kg\/#breadcrumb","itemListElement":[{"@type":"ListItem","position":1,"name":"Home","item":"https:\/\/evolve-fitness.eu\/es\/"},{"@type":"ListItem","position":2,"name":"Productos","item":"https:\/\/evolve-fitness.eu\/es\/shop\/"},{"@type":"ListItem","position":3,"name":"Evolve Carbon Series Powerbags 5-25 kg"}]},{"@type":"WebSite","@id":"https:\/\/evolve-fitness.eu\/es\/#website","url":"https:\/\/evolve-fitness.eu\/es\/","name":"Evolve","description":"Your Evolved Gear Arrived","publisher":{"@id":"https:\/\/evolve-fitness.eu\/es\/#organization"},"potentialAction":[{"@type":"SearchAction","target":{"@type":"EntryPoint","urlTemplate":"https:\/\/evolve-fitness.eu\/es\/?s={search_term_string}"},"query-input":{"@type":"PropertyValueSpecification","valueRequired":true,"valueName":"search_term_string"}}],"inLanguage":"es"},{"@type":"Organization","@id":"https:\/\/evolve-fitness.eu\/es\/#organization","name":"Evolve","url":"https:\/\/evolve-fitness.eu\/es\/","logo":{"@type":"ImageObject","inLanguage":"es","@id":"https:\/\/evolve-fitness.eu\/es\/#\/schema\/logo\/image\/","url":"https:\/\/evolve-fitness.eu\/wp-content\/uploads\/2023\/05\/Evolve-logo.svg","contentUrl":"https:\/\/evolve-fitness.eu\/wp-content\/uploads\/2023\/05\/Evolve-logo.svg","width":176,"height":20,"caption":"Evolve"},"image":{"@id":"https:\/\/evolve-fitness.eu\/es\/#\/schema\/logo\/image\/"},"sameAs":["https:\/\/www.facebook.com\/EvolveFitnessEurope"]}]}},"_links":{"self":[{"href":"https:\/\/evolve-fitness.eu\/es\/wp-json\/wp\/v2\/product\/78538","targetHints":{"allow":["GET"]}}],"collection":[{"href":"https:\/\/evolve-fitness.eu\/es\/wp-json\/wp\/v2\/product"}],"about":[{"href":"https:\/\/evolve-fitness.eu\/es\/wp-json\/wp\/v2\/types\/product"}],"wp:featuredmedia":[{"embeddable":true,"href":"https:\/\/evolve-fitness.eu\/es\/wp-json\/wp\/v2\/media\/78540"}],"wp:attachment":[{"href":"https:\/\/evolve-fitness.eu\/es\/wp-json\/wp\/v2\/media?parent=78538"}],"wp:term":[{"taxonomy":"product_brand","embeddable":true,"href":"https:\/\/evolve-fitness.eu\/es\/wp-json\/wp\/v2\/product_brand?post=78538"},{"taxonomy":"product_cat","embeddable":true,"href":"https:\/\/evolve-fitness.eu\/es\/wp-json\/wp\/v2\/product_cat?post=78538"},{"taxonomy":"product_tag","embeddable":true,"href":"https:\/\/evolve-fitness.eu\/es\/wp-json\/wp\/v2\/product_tag?post=78538"}],"curies":[{"name":"wp","href":"https:\/\/api.w.org\/{rel}","templated":true}]}}