{"id":82799,"date":"2023-11-13T10:51:44","date_gmt":"2023-11-13T10:51:44","guid":{"rendered":"https:\/\/evolve-fitness.eu\/product\/mancuernas-fijas-rectas-de-uretano-para-cpu-evolve\/"},"modified":"2025-01-27T07:46:24","modified_gmt":"2025-01-27T07:46:24","slug":"mancuernas-fijas-rectas-de-uretano-para-cpu-evolve","status":"publish","type":"product","link":"https:\/\/evolve-fitness.eu\/es\/producto\/mancuernas-fijas-rectas-de-uretano-para-cpu-evolve\/","title":{"rendered":"Mancuernas fijas rectas de uretano para CPU Evolve"},"content":{"rendered":"\n<section class=\"wp-block-group alignfull has-lightgray-background-color has-background is-layout-constrained wp-block-group-is-layout-constrained\">\n<div class=\"wp-block-columns alignwide is-layout-flex wp-container-core-columns-is-layout-2edb0647 wp-block-columns-is-layout-flex\" style=\"margin-top:0;margin-bottom:0\">\n<div class=\"wp-block-column is-layout-flow wp-block-column-is-layout-flow\" style=\"flex-basis:33.33%\"><\/div>\n\n\n\n<div class=\"wp-block-column is-layout-flow wp-block-column-is-layout-flow\" style=\"flex-basis:66.66%\"><\/div>\n<\/div>\n<\/section>\n\n<section class=\"wp-block-group alignfull black-content has-white-color has-darkgray-background-color has-text-color has-background is-layout-constrained wp-block-group-is-layout-constrained\" style=\"padding-top:var(--wp--preset--spacing--section-bottom);padding-bottom:var(--wp--preset--spacing--section-bottom)\">\n<div class=\"wp-block-columns alignwide mobile-reverse is-layout-flex wp-container-core-columns-is-layout-ca64bf2d wp-block-columns-is-layout-flex\" style=\"margin-bottom:var(--wp--preset--spacing--side-padding)\">\n<div class=\"wp-block-column is-vertically-aligned-center is-layout-flow wp-block-column-is-layout-flow\">\n<h3 class=\"wp-block-heading\" style=\"margin-bottom:var(--wp--preset--spacing--h-3-bottom)\"><strong>Construido para durar<\/strong><\/h3>\n\n\n\n<p><em><strong>Durabilidad inigualable del uretano<\/strong><\/em><\/p>\n\n\n\n<p style=\"margin-bottom:var(--wp--preset--spacing--tb-section-padding)\">Experimente la incomparable durabilidad del revestimiento de uretano de Evolve, resistente a los impactos, los desconchones y los elementos. Nuestros mancuernas mantienen su aspecto y tacto de primera calidad sin los olores no deseados o la degradaci\u00f3n com\u00fan con sus hom\u00f3logos de goma. La protecci\u00f3n de uretano no s\u00f3lo preserva la barra, sino que tambi\u00e9n protege su espacio de entrenamiento.<\/p>\n<\/div>\n\n\n\n<div class=\"wp-block-column is-vertically-aligned-center is-layout-flow wp-block-column-is-layout-flow\">\n<figure class=\"wp-block-image alignright size-full is-resized is-style-rounded\"><img loading=\"lazy\" decoding=\"async\" width=\"680\" height=\"600\" src=\"https:\/\/evolve-fitness.eu\/wp-content\/uploads\/2023\/11\/Evolve-Urethane-Fixed-Weight-Barbells-2.png\" alt=\"\" class=\"wp-image-5363\" style=\"object-fit:cover;width:680px;height:600px\" srcset=\"https:\/\/evolve-fitness.eu\/wp-content\/uploads\/2023\/11\/Evolve-Urethane-Fixed-Weight-Barbells-2.png 680w, https:\/\/evolve-fitness.eu\/wp-content\/uploads\/2023\/11\/Evolve-Urethane-Fixed-Weight-Barbells-2-300x265.png 300w, https:\/\/evolve-fitness.eu\/wp-content\/uploads\/2023\/11\/Evolve-Urethane-Fixed-Weight-Barbells-2-170x150.png 170w, https:\/\/evolve-fitness.eu\/wp-content\/uploads\/2023\/11\/Evolve-Urethane-Fixed-Weight-Barbells-2-600x529.png 600w, https:\/\/evolve-fitness.eu\/wp-content\/uploads\/2023\/11\/Evolve-Urethane-Fixed-Weight-Barbells-2-150x132.png 150w\" sizes=\"auto, (max-width: 680px) 100vw, 680px\" \/><\/figure>\n<\/div>\n<\/div>\n\n\n\n<div class=\"wp-block-columns alignwide is-layout-flex wp-container-core-columns-is-layout-c45ee707 wp-block-columns-is-layout-flex\" style=\"margin-bottom:var(--wp--preset--spacing--side-padding);padding-top:var(--wp--preset--spacing--side-padding)\">\n<div class=\"wp-block-column is-vertically-aligned-center is-layout-flow wp-block-column-is-layout-flow\">\n<figure class=\"wp-block-image size-full is-resized is-style-rounded\"><img loading=\"lazy\" decoding=\"async\" width=\"680\" height=\"600\" src=\"https:\/\/evolve-fitness.eu\/wp-content\/uploads\/2023\/11\/Evolve-Urethane-Fixed-Weight-Barbells.png\" alt=\"\" class=\"wp-image-5361\" style=\"object-fit:cover;width:680px;height:600px\" srcset=\"https:\/\/evolve-fitness.eu\/wp-content\/uploads\/2023\/11\/Evolve-Urethane-Fixed-Weight-Barbells.png 680w, https:\/\/evolve-fitness.eu\/wp-content\/uploads\/2023\/11\/Evolve-Urethane-Fixed-Weight-Barbells-300x265.png 300w, https:\/\/evolve-fitness.eu\/wp-content\/uploads\/2023\/11\/Evolve-Urethane-Fixed-Weight-Barbells-170x150.png 170w, https:\/\/evolve-fitness.eu\/wp-content\/uploads\/2023\/11\/Evolve-Urethane-Fixed-Weight-Barbells-600x529.png 600w, https:\/\/evolve-fitness.eu\/wp-content\/uploads\/2023\/11\/Evolve-Urethane-Fixed-Weight-Barbells-150x132.png 150w\" sizes=\"auto, (max-width: 680px) 100vw, 680px\" \/><\/figure>\n<\/div>\n\n\n\n<div class=\"wp-block-column is-vertically-aligned-center is-layout-flow wp-block-column-is-layout-flow\">\n<h3 class=\"wp-block-heading\" style=\"margin-bottom:var(--wp--preset--spacing--h-3-bottom)\">La personalizaci\u00f3n se une a la calidad<\/h3>\n\n\n\n<p><strong><em><strong><em><strong><em>A la medida de su marca<\/em><\/strong><\/em><\/strong><\/em><\/strong><\/p>\n\n\n\n<p style=\"margin-bottom:var(--wp--preset--spacing--tb-section-padding)\">Mejore su espacio de fitness con barras que reflejen el esp\u00edritu de su marca. Con infusi\u00f3n de color personalizable y logotipos cortados con l\u00e1ser, los mancuernas Evolve son m\u00e1s que un simple equipo; son una declaraci\u00f3n de calidad y dedicaci\u00f3n a los objetivos de fitness de su clientela.<\/p>\n<\/div>\n<\/div>\n\n\n\n<div class=\"wp-block-columns alignwide are-vertically-aligned-center mobile-reverse is-layout-flex wp-container-core-columns-is-layout-e8158c2f wp-block-columns-is-layout-flex\" style=\"padding-top:var(--wp--preset--spacing--side-padding)\">\n<div class=\"wp-block-column is-vertically-aligned-center is-layout-flow wp-block-column-is-layout-flow\">\n<h3 class=\"wp-block-heading\" style=\"margin-bottom:var(--wp--preset--spacing--h-3-bottom)\"><strong>Ingenier\u00eda de precisi\u00f3n<\/strong><\/h3>\n\n\n\n<p><strong><em><strong><em>Por normas profesionales<\/em><\/strong><\/em><\/strong><\/p>\n\n\n\n<p style=\"margin-bottom:var(--wp--preset--spacing--tb-section-padding)\">Nuestros mancuernas cuentan con una s\u00f3lida construcci\u00f3n de aleaci\u00f3n met\u00e1lica, dise\u00f1ada con precisi\u00f3n para soportar las exigencias de cualquier entorno de entrenamiento. Desde las bases militares hasta los gimnasios de alta gama, los mancuernas Evolve proporcionan el equilibrio y la precisi\u00f3n dimensional necesarios para los gimnasios de alto nivel.<\/p>\n<\/div>\n\n\n\n<div class=\"wp-block-column is-vertically-aligned-center is-layout-flow wp-block-column-is-layout-flow\">\n<figure class=\"wp-block-image alignright size-full is-resized is-style-rounded\"><img loading=\"lazy\" decoding=\"async\" width=\"680\" height=\"600\" src=\"https:\/\/evolve-fitness.eu\/wp-content\/uploads\/2023\/11\/Evolve-Urethane-Fixed-Weight-Barbells-3.png\" alt=\"\" class=\"wp-image-5365\" style=\"object-fit:cover;width:680px;height:600px\" srcset=\"https:\/\/evolve-fitness.eu\/wp-content\/uploads\/2023\/11\/Evolve-Urethane-Fixed-Weight-Barbells-3.png 680w, https:\/\/evolve-fitness.eu\/wp-content\/uploads\/2023\/11\/Evolve-Urethane-Fixed-Weight-Barbells-3-300x265.png 300w, https:\/\/evolve-fitness.eu\/wp-content\/uploads\/2023\/11\/Evolve-Urethane-Fixed-Weight-Barbells-3-170x150.png 170w, https:\/\/evolve-fitness.eu\/wp-content\/uploads\/2023\/11\/Evolve-Urethane-Fixed-Weight-Barbells-3-600x529.png 600w, https:\/\/evolve-fitness.eu\/wp-content\/uploads\/2023\/11\/Evolve-Urethane-Fixed-Weight-Barbells-3-150x132.png 150w\" sizes=\"auto, (max-width: 680px) 100vw, 680px\" \/><\/figure>\n<\/div>\n<\/div>\n\n\n\n<div class=\"wp-block-columns alignwide are-vertically-aligned-center mobile-reverse is-layout-flex wp-container-core-columns-is-layout-e8158c2f wp-block-columns-is-layout-flex\" style=\"padding-top:var(--wp--preset--spacing--side-padding)\">\n<div class=\"wp-block-column is-vertically-aligned-center is-layout-flow wp-block-column-is-layout-flow\">\n<figure class=\"wp-block-image alignright size-full is-resized is-style-rounded\"><img loading=\"lazy\" decoding=\"async\" width=\"680\" height=\"600\" src=\"https:\/\/evolve-fitness.eu\/wp-content\/uploads\/2023\/11\/Evolve-Urethane-Fixed-Weight-Barbells-4.png\" alt=\"\" class=\"wp-image-5367\" style=\"object-fit:cover;width:680px;height:600px\" srcset=\"https:\/\/evolve-fitness.eu\/wp-content\/uploads\/2023\/11\/Evolve-Urethane-Fixed-Weight-Barbells-4.png 680w, https:\/\/evolve-fitness.eu\/wp-content\/uploads\/2023\/11\/Evolve-Urethane-Fixed-Weight-Barbells-4-300x265.png 300w, https:\/\/evolve-fitness.eu\/wp-content\/uploads\/2023\/11\/Evolve-Urethane-Fixed-Weight-Barbells-4-170x150.png 170w, https:\/\/evolve-fitness.eu\/wp-content\/uploads\/2023\/11\/Evolve-Urethane-Fixed-Weight-Barbells-4-600x529.png 600w, https:\/\/evolve-fitness.eu\/wp-content\/uploads\/2023\/11\/Evolve-Urethane-Fixed-Weight-Barbells-4-150x132.png 150w\" sizes=\"auto, (max-width: 680px) 100vw, 680px\" \/><\/figure>\n<\/div>\n\n\n\n<div class=\"wp-block-column is-vertically-aligned-center is-layout-flow wp-block-column-is-layout-flow\">\n<h3 class=\"wp-block-heading\" style=\"margin-bottom:var(--wp--preset--spacing--h-3-bottom)\"><strong>Claridad en cada elevaci\u00f3n<\/strong><\/h3>\n\n\n\n<p><strong><em><strong><em>Indicaciones del peso cortado por l\u00e1ser<\/em><\/strong><\/em><\/strong><\/p>\n\n\n\n<p style=\"margin-bottom:var(--wp--preset--spacing--tb-section-padding)\">Diga adi\u00f3s a las conjeturas con n\u00fameros de peso y logotipos claramente definidos y cortados con l\u00e1ser que resisten el paso del tiempo. La infusi\u00f3n de uretano garantiza la visibilidad y un aspecto profesional durante a\u00f1os, asegurando que su inversi\u00f3n no s\u00f3lo sea inteligente, sino tambi\u00e9n elegante.<\/p>\n<\/div>\n<\/div>\n<\/section>\n","protected":false},"excerpt":{"rendered":"<p>Maximice su entrenamiento de fuerza con los elegantes mancuernas de peso fijo de uretano Evolve, que van de 10 a 55 kg para adaptarse a todos los niveles de forma f\u00edsica.<br \/>\nSu dise\u00f1o de peso fijo ofrece comodidad para cambios r\u00e1pidos de resistencia durante los entrenamientos.<br \/>\nFabricadas con uretano duradero, detalles grabados con l\u00e1ser y un logotipo infundido, estas barras est\u00e1n dise\u00f1adas para durar y realzar el aspecto de cualquier gimnasio.<br \/>\nPerfectas para reg\u00edmenes de ejercicio sencillos y eficaces, las barras Evolve son la mejor elecci\u00f3n para un equipamiento de halterofilia fiable y elegante.   <\/p>\n","protected":false},"featured_media":82800,"template":"","meta":{"_acf_changed":false,"inline_featured_image":false},"product_brand":[],"product_cat":[1454,4306],"product_tag":[],"class_list":{"0":"post-82799","1":"product","2":"type-product","3":"status-publish","4":"has-post-thumbnail","6":"product_cat-pesos-libres","7":"product_cat-pesas-fijas","9":"first","10":"instock","11":"shipping-taxable","12":"purchasable","13":"product-type-variable"},"acf":{"long_title":"Mancuernas fijas rectas de uretano para CPU Evolve  ","subtitle":"","specifications":[{"label":"SKU","text_value":"EV-FB-US","icon":"x"},{"label":"Logotipo y n\u00famero de peso cortados con l\u00e1ser e infundidos en uretano","text_value":"","icon":"v"},{"label":"El mango moleteado proporciona un gran agarre","text_value":"","icon":"v"},{"label":"Capa de uretano para una m\u00e1xima durabilidad","text_value":"","icon":"v"},{"label":"Podemos infundir el logotipo y el color de la marca de su gimnasio","text_value":"","icon":"v"}]},"yoast_head":"<!-- This site is optimized with the Yoast SEO plugin v26.6 - https:\/\/yoast.com\/wordpress\/plugins\/seo\/ -->\n<title>Mancuernas fijas rectas de uretano para CPU Evolve - Evolve<\/title>\n<meta name=\"robots\" content=\"index, follow, max-snippet:-1, max-image-preview:large, max-video-preview:-1\" \/>\n<link rel=\"canonical\" href=\"https:\/\/evolve-fitness.eu\/es\/producto\/mancuernas-fijas-rectas-de-uretano-para-cpu-evolve\/\" \/>\n<meta property=\"og:locale\" content=\"es_ES\" \/>\n<meta property=\"og:type\" content=\"article\" \/>\n<meta property=\"og:title\" content=\"Mancuernas fijas rectas de uretano para CPU Evolve - Evolve\" \/>\n<meta property=\"og:url\" content=\"https:\/\/evolve-fitness.eu\/es\/producto\/mancuernas-fijas-rectas-de-uretano-para-cpu-evolve\/\" \/>\n<meta property=\"og:site_name\" content=\"Evolve\" \/>\n<meta property=\"article:publisher\" content=\"https:\/\/www.facebook.com\/EvolveFitnessEurope\" \/>\n<meta property=\"article:modified_time\" content=\"2025-01-27T07:46:24+00:00\" \/>\n<meta property=\"og:image\" content=\"https:\/\/evolve-fitness.eu\/wp-content\/uploads\/2023\/11\/Evolve-CPU-Urethane-Straight-Fixed-Barbells.png\" \/>\n\t<meta property=\"og:image:width\" content=\"680\" \/>\n\t<meta property=\"og:image:height\" content=\"600\" \/>\n\t<meta property=\"og:image:type\" content=\"image\/png\" \/>\n<meta name=\"twitter:card\" content=\"summary_large_image\" \/>\n<script type=\"application\/ld+json\" class=\"yoast-schema-graph\">{\"@context\":\"https:\/\/schema.org\",\"@graph\":[{\"@type\":\"WebPage\",\"@id\":\"https:\/\/evolve-fitness.eu\/es\/producto\/mancuernas-fijas-rectas-de-uretano-para-cpu-evolve\/\",\"url\":\"https:\/\/evolve-fitness.eu\/es\/producto\/mancuernas-fijas-rectas-de-uretano-para-cpu-evolve\/\",\"name\":\"Mancuernas fijas rectas de uretano para CPU Evolve - Evolve\",\"isPartOf\":{\"@id\":\"https:\/\/evolve-fitness.eu\/es\/#website\"},\"primaryImageOfPage\":{\"@id\":\"https:\/\/evolve-fitness.eu\/es\/producto\/mancuernas-fijas-rectas-de-uretano-para-cpu-evolve\/#primaryimage\"},\"image\":{\"@id\":\"https:\/\/evolve-fitness.eu\/es\/producto\/mancuernas-fijas-rectas-de-uretano-para-cpu-evolve\/#primaryimage\"},\"thumbnailUrl\":\"https:\/\/evolve-fitness.eu\/wp-content\/uploads\/2023\/11\/Evolve-CPU-Urethane-Straight-Fixed-Barbells.png\",\"datePublished\":\"2023-11-13T10:51:44+00:00\",\"dateModified\":\"2025-01-27T07:46:24+00:00\",\"breadcrumb\":{\"@id\":\"https:\/\/evolve-fitness.eu\/es\/producto\/mancuernas-fijas-rectas-de-uretano-para-cpu-evolve\/#breadcrumb\"},\"inLanguage\":\"es\",\"potentialAction\":[{\"@type\":\"ReadAction\",\"target\":[\"https:\/\/evolve-fitness.eu\/es\/producto\/mancuernas-fijas-rectas-de-uretano-para-cpu-evolve\/\"]}]},{\"@type\":\"ImageObject\",\"inLanguage\":\"es\",\"@id\":\"https:\/\/evolve-fitness.eu\/es\/producto\/mancuernas-fijas-rectas-de-uretano-para-cpu-evolve\/#primaryimage\",\"url\":\"https:\/\/evolve-fitness.eu\/wp-content\/uploads\/2023\/11\/Evolve-CPU-Urethane-Straight-Fixed-Barbells.png\",\"contentUrl\":\"https:\/\/evolve-fitness.eu\/wp-content\/uploads\/2023\/11\/Evolve-CPU-Urethane-Straight-Fixed-Barbells.png\",\"width\":680,\"height\":600,\"caption\":\"EV-GT-UPS-195-1\"},{\"@type\":\"BreadcrumbList\",\"@id\":\"https:\/\/evolve-fitness.eu\/es\/producto\/mancuernas-fijas-rectas-de-uretano-para-cpu-evolve\/#breadcrumb\",\"itemListElement\":[{\"@type\":\"ListItem\",\"position\":1,\"name\":\"Home\",\"item\":\"https:\/\/evolve-fitness.eu\/es\/\"},{\"@type\":\"ListItem\",\"position\":2,\"name\":\"Productos\",\"item\":\"https:\/\/evolve-fitness.eu\/es\/shop\/\"},{\"@type\":\"ListItem\",\"position\":3,\"name\":\"Mancuernas fijas rectas de uretano para CPU Evolve\"}]},{\"@type\":\"WebSite\",\"@id\":\"https:\/\/evolve-fitness.eu\/es\/#website\",\"url\":\"https:\/\/evolve-fitness.eu\/es\/\",\"name\":\"Evolve\",\"description\":\"Your Evolved Gear Arrived\",\"publisher\":{\"@id\":\"https:\/\/evolve-fitness.eu\/es\/#organization\"},\"potentialAction\":[{\"@type\":\"SearchAction\",\"target\":{\"@type\":\"EntryPoint\",\"urlTemplate\":\"https:\/\/evolve-fitness.eu\/es\/?s={search_term_string}\"},\"query-input\":{\"@type\":\"PropertyValueSpecification\",\"valueRequired\":true,\"valueName\":\"search_term_string\"}}],\"inLanguage\":\"es\"},{\"@type\":\"Organization\",\"@id\":\"https:\/\/evolve-fitness.eu\/es\/#organization\",\"name\":\"Evolve\",\"url\":\"https:\/\/evolve-fitness.eu\/es\/\",\"logo\":{\"@type\":\"ImageObject\",\"inLanguage\":\"es\",\"@id\":\"https:\/\/evolve-fitness.eu\/es\/#\/schema\/logo\/image\/\",\"url\":\"https:\/\/evolve-fitness.eu\/wp-content\/uploads\/2023\/05\/Evolve-logo.svg\",\"contentUrl\":\"https:\/\/evolve-fitness.eu\/wp-content\/uploads\/2023\/05\/Evolve-logo.svg\",\"width\":176,\"height\":20,\"caption\":\"Evolve\"},\"image\":{\"@id\":\"https:\/\/evolve-fitness.eu\/es\/#\/schema\/logo\/image\/\"},\"sameAs\":[\"https:\/\/www.facebook.com\/EvolveFitnessEurope\"]}]}<\/script>\n<!-- \/ Yoast SEO plugin. -->","yoast_head_json":{"title":"Mancuernas fijas rectas de uretano para CPU Evolve - Evolve","robots":{"index":"index","follow":"follow","max-snippet":"max-snippet:-1","max-image-preview":"max-image-preview:large","max-video-preview":"max-video-preview:-1"},"canonical":"https:\/\/evolve-fitness.eu\/es\/producto\/mancuernas-fijas-rectas-de-uretano-para-cpu-evolve\/","og_locale":"es_ES","og_type":"article","og_title":"Mancuernas fijas rectas de uretano para CPU Evolve - Evolve","og_url":"https:\/\/evolve-fitness.eu\/es\/producto\/mancuernas-fijas-rectas-de-uretano-para-cpu-evolve\/","og_site_name":"Evolve","article_publisher":"https:\/\/www.facebook.com\/EvolveFitnessEurope","article_modified_time":"2025-01-27T07:46:24+00:00","og_image":[{"width":680,"height":600,"url":"https:\/\/evolve-fitness.eu\/wp-content\/uploads\/2023\/11\/Evolve-CPU-Urethane-Straight-Fixed-Barbells.png","type":"image\/png"}],"twitter_card":"summary_large_image","schema":{"@context":"https:\/\/schema.org","@graph":[{"@type":"WebPage","@id":"https:\/\/evolve-fitness.eu\/es\/producto\/mancuernas-fijas-rectas-de-uretano-para-cpu-evolve\/","url":"https:\/\/evolve-fitness.eu\/es\/producto\/mancuernas-fijas-rectas-de-uretano-para-cpu-evolve\/","name":"Mancuernas fijas rectas de uretano para CPU Evolve - Evolve","isPartOf":{"@id":"https:\/\/evolve-fitness.eu\/es\/#website"},"primaryImageOfPage":{"@id":"https:\/\/evolve-fitness.eu\/es\/producto\/mancuernas-fijas-rectas-de-uretano-para-cpu-evolve\/#primaryimage"},"image":{"@id":"https:\/\/evolve-fitness.eu\/es\/producto\/mancuernas-fijas-rectas-de-uretano-para-cpu-evolve\/#primaryimage"},"thumbnailUrl":"https:\/\/evolve-fitness.eu\/wp-content\/uploads\/2023\/11\/Evolve-CPU-Urethane-Straight-Fixed-Barbells.png","datePublished":"2023-11-13T10:51:44+00:00","dateModified":"2025-01-27T07:46:24+00:00","breadcrumb":{"@id":"https:\/\/evolve-fitness.eu\/es\/producto\/mancuernas-fijas-rectas-de-uretano-para-cpu-evolve\/#breadcrumb"},"inLanguage":"es","potentialAction":[{"@type":"ReadAction","target":["https:\/\/evolve-fitness.eu\/es\/producto\/mancuernas-fijas-rectas-de-uretano-para-cpu-evolve\/"]}]},{"@type":"ImageObject","inLanguage":"es","@id":"https:\/\/evolve-fitness.eu\/es\/producto\/mancuernas-fijas-rectas-de-uretano-para-cpu-evolve\/#primaryimage","url":"https:\/\/evolve-fitness.eu\/wp-content\/uploads\/2023\/11\/Evolve-CPU-Urethane-Straight-Fixed-Barbells.png","contentUrl":"https:\/\/evolve-fitness.eu\/wp-content\/uploads\/2023\/11\/Evolve-CPU-Urethane-Straight-Fixed-Barbells.png","width":680,"height":600,"caption":"EV-GT-UPS-195-1"},{"@type":"BreadcrumbList","@id":"https:\/\/evolve-fitness.eu\/es\/producto\/mancuernas-fijas-rectas-de-uretano-para-cpu-evolve\/#breadcrumb","itemListElement":[{"@type":"ListItem","position":1,"name":"Home","item":"https:\/\/evolve-fitness.eu\/es\/"},{"@type":"ListItem","position":2,"name":"Productos","item":"https:\/\/evolve-fitness.eu\/es\/shop\/"},{"@type":"ListItem","position":3,"name":"Mancuernas fijas rectas de uretano para CPU Evolve"}]},{"@type":"WebSite","@id":"https:\/\/evolve-fitness.eu\/es\/#website","url":"https:\/\/evolve-fitness.eu\/es\/","name":"Evolve","description":"Your Evolved Gear Arrived","publisher":{"@id":"https:\/\/evolve-fitness.eu\/es\/#organization"},"potentialAction":[{"@type":"SearchAction","target":{"@type":"EntryPoint","urlTemplate":"https:\/\/evolve-fitness.eu\/es\/?s={search_term_string}"},"query-input":{"@type":"PropertyValueSpecification","valueRequired":true,"valueName":"search_term_string"}}],"inLanguage":"es"},{"@type":"Organization","@id":"https:\/\/evolve-fitness.eu\/es\/#organization","name":"Evolve","url":"https:\/\/evolve-fitness.eu\/es\/","logo":{"@type":"ImageObject","inLanguage":"es","@id":"https:\/\/evolve-fitness.eu\/es\/#\/schema\/logo\/image\/","url":"https:\/\/evolve-fitness.eu\/wp-content\/uploads\/2023\/05\/Evolve-logo.svg","contentUrl":"https:\/\/evolve-fitness.eu\/wp-content\/uploads\/2023\/05\/Evolve-logo.svg","width":176,"height":20,"caption":"Evolve"},"image":{"@id":"https:\/\/evolve-fitness.eu\/es\/#\/schema\/logo\/image\/"},"sameAs":["https:\/\/www.facebook.com\/EvolveFitnessEurope"]}]}},"_links":{"self":[{"href":"https:\/\/evolve-fitness.eu\/es\/wp-json\/wp\/v2\/product\/82799","targetHints":{"allow":["GET"]}}],"collection":[{"href":"https:\/\/evolve-fitness.eu\/es\/wp-json\/wp\/v2\/product"}],"about":[{"href":"https:\/\/evolve-fitness.eu\/es\/wp-json\/wp\/v2\/types\/product"}],"wp:featuredmedia":[{"embeddable":true,"href":"https:\/\/evolve-fitness.eu\/es\/wp-json\/wp\/v2\/media\/82800"}],"wp:attachment":[{"href":"https:\/\/evolve-fitness.eu\/es\/wp-json\/wp\/v2\/media?parent=82799"}],"wp:term":[{"taxonomy":"product_brand","embeddable":true,"href":"https:\/\/evolve-fitness.eu\/es\/wp-json\/wp\/v2\/product_brand?post=82799"},{"taxonomy":"product_cat","embeddable":true,"href":"https:\/\/evolve-fitness.eu\/es\/wp-json\/wp\/v2\/product_cat?post=82799"},{"taxonomy":"product_tag","embeddable":true,"href":"https:\/\/evolve-fitness.eu\/es\/wp-json\/wp\/v2\/product_tag?post=82799"}],"curies":[{"name":"wp","href":"https:\/\/api.w.org\/{rel}","templated":true}]}}