{"id":85145,"date":"2023-10-05T09:48:28","date_gmt":"2023-10-05T09:48:28","guid":{"rendered":"https:\/\/evolve-fitness.eu\/product\/placa-parachoques-de-uretano-para-cpu-evolve-5-25-kg\/"},"modified":"2026-03-27T08:35:36","modified_gmt":"2026-03-27T06:35:36","slug":"placa-parachoques-de-uretano-para-cpu-evolve-5-25-kg","status":"publish","type":"product","link":"https:\/\/evolve-fitness.eu\/es\/producto\/placa-parachoques-de-uretano-para-cpu-evolve-5-25-kg\/","title":{"rendered":"Placa parachoques de uretano para CPU 5-25 kg"},"content":{"rendered":"\n<section class=\"wp-block-group alignfull has-lightgray-background-color has-background is-layout-constrained wp-block-group-is-layout-constrained\">\n<div class=\"wp-block-columns alignwide is-layout-flex wp-container-core-columns-is-layout-2edb0647 wp-block-columns-is-layout-flex\" style=\"margin-top:0;margin-bottom:0\">\n<div class=\"wp-block-column is-layout-flow wp-block-column-is-layout-flow\" style=\"flex-basis:33.33%\"><\/div>\n\n\n\n<div class=\"wp-block-column is-layout-flow wp-block-column-is-layout-flow\" style=\"flex-basis:66.66%\"><\/div>\n<\/div>\n<\/section>\n\n<section class=\"wp-block-group alignfull black-content has-white-color has-darkgray-background-color has-text-color has-background is-layout-constrained wp-block-group-is-layout-constrained\" style=\"padding-top:var(--wp--preset--spacing--section-bottom);padding-bottom:var(--wp--preset--spacing--section-bottom)\">\n<h3 class=\"wp-block-heading has-text-align-center\" style=\"margin-bottom:var(--wp--preset--spacing--tb-section-padding)\">FICHA T\u00c9CNICA<\/h3>\n\n\n\n<div class=\"wp-block-columns alignwide mobile-reverse is-layout-flex wp-container-core-columns-is-layout-ca64bf2d wp-block-columns-is-layout-flex\" style=\"margin-bottom:var(--wp--preset--spacing--side-padding)\">\n<div class=\"wp-block-column is-layout-flow wp-block-column-is-layout-flow\">\n<figure class=\"wp-block-image aligncenter size-large\"><img loading=\"lazy\" decoding=\"async\" width=\"1024\" height=\"683\" src=\"https:\/\/evolve-fitness.eu\/wp-content\/uploads\/2023\/10\/Tehcnical-card-EV-WP-UB-1-1024x683.jpg\" alt=\"\" class=\"wp-image-196422\" srcset=\"https:\/\/evolve-fitness.eu\/wp-content\/uploads\/2023\/10\/Tehcnical-card-EV-WP-UB-1-1024x683.jpg 1024w, https:\/\/evolve-fitness.eu\/wp-content\/uploads\/2023\/10\/Tehcnical-card-EV-WP-UB-1-300x200.jpg 300w, https:\/\/evolve-fitness.eu\/wp-content\/uploads\/2023\/10\/Tehcnical-card-EV-WP-UB-1-150x100.jpg 150w, https:\/\/evolve-fitness.eu\/wp-content\/uploads\/2023\/10\/Tehcnical-card-EV-WP-UB-1-768x512.jpg 768w, https:\/\/evolve-fitness.eu\/wp-content\/uploads\/2023\/10\/Tehcnical-card-EV-WP-UB-1-1536x1024.jpg 1536w, https:\/\/evolve-fitness.eu\/wp-content\/uploads\/2023\/10\/Tehcnical-card-EV-WP-UB-1-2048x1365.jpg 2048w, https:\/\/evolve-fitness.eu\/wp-content\/uploads\/2023\/10\/Tehcnical-card-EV-WP-UB-1-600x400.jpg 600w, https:\/\/evolve-fitness.eu\/wp-content\/uploads\/2023\/10\/Tehcnical-card-EV-WP-UB-1-225x150.jpg 225w\" sizes=\"auto, (max-width: 1024px) 100vw, 1024px\" \/><\/figure>\n<\/div>\n<\/div>\n\n\n\n<div class=\"wp-block-columns alignwide is-layout-flex wp-container-core-columns-is-layout-c45ee707 wp-block-columns-is-layout-flex\" style=\"margin-bottom:var(--wp--preset--spacing--side-padding);padding-top:var(--wp--preset--spacing--side-padding)\">\n<div class=\"wp-block-column is-vertically-aligned-center is-layout-flow wp-block-column-is-layout-flow\">\n<figure class=\"wp-block-image size-large is-resized is-style-rounded\"><img loading=\"lazy\" decoding=\"async\" width=\"1024\" height=\"1024\" src=\"https:\/\/evolve-fitness.eu\/wp-content\/uploads\/2023\/10\/Evolve-CPU-Urethane-Bumpers-2-1024x1024.png\" alt=\"\" class=\"wp-image-4285\" style=\"object-fit:cover;width:680px;height:600px\" srcset=\"https:\/\/evolve-fitness.eu\/wp-content\/uploads\/2023\/10\/Evolve-CPU-Urethane-Bumpers-2-1024x1024.png 1024w, https:\/\/evolve-fitness.eu\/wp-content\/uploads\/2023\/10\/Evolve-CPU-Urethane-Bumpers-2-300x300.png 300w, https:\/\/evolve-fitness.eu\/wp-content\/uploads\/2023\/10\/Evolve-CPU-Urethane-Bumpers-2-150x150.png 150w, https:\/\/evolve-fitness.eu\/wp-content\/uploads\/2023\/10\/Evolve-CPU-Urethane-Bumpers-2-600x600.png 600w, https:\/\/evolve-fitness.eu\/wp-content\/uploads\/2023\/10\/Evolve-CPU-Urethane-Bumpers-2-768x768.png 768w, https:\/\/evolve-fitness.eu\/wp-content\/uploads\/2023\/10\/Evolve-CPU-Urethane-Bumpers-2-1536x1536.png 1536w, https:\/\/evolve-fitness.eu\/wp-content\/uploads\/2023\/10\/Evolve-CPU-Urethane-Bumpers-2-2048x2048.png 2048w\" sizes=\"auto, (max-width: 1024px) 100vw, 1024px\" \/><\/figure>\n<\/div>\n\n\n\n<div class=\"wp-block-column is-vertically-aligned-center is-layout-constrained wp-block-column-is-layout-constrained\">\n<h3 class=\"wp-block-heading\" style=\"margin-bottom:var(--wp--preset--spacing--h-3-bottom)\">Revestimiento de uretano para CPU  <\/h3>\n\n\n\n<p><strong><em><strong><em>M\u00e1xima durabilidad<\/em><\/strong><\/em><\/strong><\/p>\n\n\n\n<p style=\"margin-bottom:var(--wp--preset--spacing--tb-section-padding)\">Descubra la excepcional durabilidad del revestimiento de uretano CPU para equipos de gimnasio. A diferencia del caucho, el uretano CPU mantiene su aspecto inalterado incluso despu\u00e9s de a\u00f1os de uso constante, gracias a su resistencia a los rayos UV, la fractura, el calor y el desgaste. Su composici\u00f3n sin olores y su extraordinaria resistencia lo convierten en la opci\u00f3n ideal para proteger los suelos de los gimnasios, reducir el ruido de los entrenamientos y proporcionar una soluci\u00f3n rentable y a largo plazo tanto para gimnasios dom\u00e9sticos como comerciales. Invierta en calidad que dura con CPU Urethane.<\/p>\n<\/div>\n<\/div>\n\n\n\n<div class=\"wp-block-columns alignwide is-layout-flex wp-container-core-columns-is-layout-c45ee707 wp-block-columns-is-layout-flex\" style=\"margin-bottom:var(--wp--preset--spacing--side-padding);padding-top:var(--wp--preset--spacing--side-padding)\">\n<div class=\"wp-block-column is-vertically-aligned-center is-layout-flow wp-block-column-is-layout-flow\">\n<h3 class=\"wp-block-heading\" style=\"margin-bottom:var(--wp--preset--spacing--h-3-bottom)\">Logotipo e indicaci\u00f3n del peso<\/h3>\n\n\n\n<p><em><strong>Artesan\u00eda de precisi\u00f3n<\/strong><\/em><\/p>\n\n\n\n<p>Nuestros n\u00fameros de peso est\u00e1n meticulosamente cortados con l\u00e1ser y moldeados por expertos, lo que garantiza un aspecto limpio y sin estr\u00edas que irradia artesan\u00eda y precisi\u00f3n. Nos esforzamos al m\u00e1ximo para garantizar una calidad duradera infundiendo tanto los n\u00fameros como los logotipos con uretano de primera calidad. Este innovador proceso no s\u00f3lo crea colores vivos y vibrantes, sino que tambi\u00e9n garantiza que resistan el paso del tiempo, la decoloraci\u00f3n y el desgaste.<\/p>\n<\/div>\n\n\n\n<div class=\"wp-block-column is-vertically-aligned-center is-layout-flow wp-block-column-is-layout-flow\">\n<div class=\"wp-block-columns is-layout-flex wp-container-core-columns-is-layout-9d6595d7 wp-block-columns-is-layout-flex\">\n<div class=\"wp-block-column is-layout-flow wp-block-column-is-layout-flow\">\n<figure class=\"wp-block-image size-large is-resized is-style-rounded\"><img loading=\"lazy\" decoding=\"async\" width=\"2560\" height=\"1916\" src=\"https:\/\/evolve-fitness.eu\/wp-content\/uploads\/2023\/10\/Bumper-plate-1-edited-scaled.jpg\" alt=\"\" class=\"wp-image-4289\" style=\"object-fit:cover;width:680px;height:600px\" srcset=\"https:\/\/evolve-fitness.eu\/wp-content\/uploads\/2023\/10\/Bumper-plate-1-edited-scaled.jpg 2560w, https:\/\/evolve-fitness.eu\/wp-content\/uploads\/2023\/10\/Bumper-plate-1-edited-300x224.jpg 300w, https:\/\/evolve-fitness.eu\/wp-content\/uploads\/2023\/10\/Bumper-plate-1-edited-scaled-200x150.jpg 200w, https:\/\/evolve-fitness.eu\/wp-content\/uploads\/2023\/10\/Bumper-plate-1-edited-scaled-600x449.jpg 600w, https:\/\/evolve-fitness.eu\/wp-content\/uploads\/2023\/10\/Bumper-plate-1-edited-1024x766.jpg 1024w, https:\/\/evolve-fitness.eu\/wp-content\/uploads\/2023\/10\/Bumper-plate-1-edited-150x112.jpg 150w, https:\/\/evolve-fitness.eu\/wp-content\/uploads\/2023\/10\/Bumper-plate-1-edited-768x575.jpg 768w, https:\/\/evolve-fitness.eu\/wp-content\/uploads\/2023\/10\/Bumper-plate-1-edited-1536x1149.jpg 1536w, https:\/\/evolve-fitness.eu\/wp-content\/uploads\/2023\/10\/Bumper-plate-1-edited-2048x1532.jpg 2048w\" sizes=\"auto, (max-width: 2560px) 100vw, 2560px\" \/><\/figure>\n<\/div>\n<\/div>\n<\/div>\n<\/div>\n\n\n\n<div class=\"wp-block-columns alignwide is-layout-flex wp-container-core-columns-is-layout-c45ee707 wp-block-columns-is-layout-flex\" style=\"margin-bottom:var(--wp--preset--spacing--side-padding);padding-top:var(--wp--preset--spacing--side-padding)\">\n<div class=\"wp-block-column is-vertically-aligned-center is-layout-flow wp-block-column-is-layout-flow\">\n<figure class=\"wp-block-image size-large is-resized is-style-rounded\"><img loading=\"lazy\" decoding=\"async\" width=\"1024\" height=\"863\" src=\"https:\/\/evolve-fitness.eu\/wp-content\/uploads\/2023\/10\/Barbell-1024x863.png\" alt=\"\" class=\"wp-image-4279\" style=\"object-fit:cover;width:671px;height:592px\" srcset=\"https:\/\/evolve-fitness.eu\/wp-content\/uploads\/2023\/10\/Barbell-1024x863.png 1024w, https:\/\/evolve-fitness.eu\/wp-content\/uploads\/2023\/10\/Barbell-300x253.png 300w, https:\/\/evolve-fitness.eu\/wp-content\/uploads\/2023\/10\/Barbell-178x150.png 178w, https:\/\/evolve-fitness.eu\/wp-content\/uploads\/2023\/10\/Barbell-600x505.png 600w, https:\/\/evolve-fitness.eu\/wp-content\/uploads\/2023\/10\/Barbell-150x126.png 150w, https:\/\/evolve-fitness.eu\/wp-content\/uploads\/2023\/10\/Barbell-768x647.png 768w, https:\/\/evolve-fitness.eu\/wp-content\/uploads\/2023\/10\/Barbell-1536x1294.png 1536w, https:\/\/evolve-fitness.eu\/wp-content\/uploads\/2023\/10\/Barbell-2048x1725.png 2048w\" sizes=\"auto, (max-width: 1024px) 100vw, 1024px\" \/><\/figure>\n<\/div>\n\n\n\n<div class=\"wp-block-column is-vertically-aligned-center is-layout-flow wp-block-column-is-layout-flow\">\n<h3 class=\"wp-block-heading\" style=\"margin-bottom:var(--wp--preset--spacing--h-3-bottom)\"><strong>Precisi\u00f3n perfeccionada<\/strong><\/h3>\n\n\n\n<p><strong><em><strong>Parachoques de uretano para CPU<\/strong><\/em><\/strong><\/p>\n\n\n\n<p>Experimente una precisi\u00f3n sin igual con los parachoques de uretano para CPU Evolve. Nuestros bumpers est\u00e1n meticulosamente calibrados, con una notable tolerancia de peso de s\u00f3lo +\/- 2 gramos, lo que establece el est\u00e1ndar de precisi\u00f3n casi perfecta en el mundo de los equipos de fitness. Eleve sus entrenamientos con confianza, gracias a nuestros topes dise\u00f1ados con precisi\u00f3n.<\/p>\n<\/div>\n<\/div>\n<\/section>\n","protected":false},"excerpt":{"rendered":"<p>Placas de parachoques de uretano para CPU Evolve. Estas placas de primera calidad ofrecen una durabilidad excepcional con un revestimiento de uretano resistente a los rayos UV y al desgaste. Calibradas con precisi\u00f3n de +\/- 2 gramos, llevan n\u00fameros de peso cortados a l\u00e1ser y logotipos con una infusi\u00f3n de uretano para una mayor durabilidad. Ideal tanto para gimnasios dom\u00e9sticos como comerciales, haga una inversi\u00f3n econ\u00f3mica y a largo plazo en rendimiento y durabilidad con las placas parachoques de uretano para CPU Evolve.<\/p>\n","protected":false},"featured_media":127016,"template":"","meta":{"_acf_changed":false,"inline_featured_image":false},"product_brand":[],"product_cat":[13029,1454,1457],"product_tag":[],"class_list":{"0":"post-85145","1":"product","2":"type-product","3":"status-publish","4":"has-post-thumbnail","6":"product_cat-engranaje-hyrox","7":"product_cat-pesos-libres","8":"product_cat-platos-de-pesas","10":"first","11":"instock","12":"shipping-taxable","13":"purchasable","14":"product-type-variable"},"acf":{"long_title":"Placa parachoques de uretano para CPU Evolve 5-25 kg","subtitle":"","specifications":[{"label":"SKU","text_value":"EV-WP-UB","icon":"x"},{"label":"5 kg de grosor","text_value":"21 mm","icon":"x"},{"label":"10 kg de grosor","text_value":"39 mm","icon":"x"},{"label":"15 kg de grosor","text_value":"47 mm","icon":"x"},{"label":"20 kg de grosor","text_value":"52 mm","icon":"x"},{"label":"25 kg de grosor","text_value":"59 mm","icon":"x"},{"label":"Manguito interior de acero con un di\u00e1metro","text_value":"51 mm","icon":"x"},{"label":"Di\u00e1metro (altura) de todas las pesas","text_value":"450 mm","icon":"x"},{"label":"Logotipo e indicaci\u00f3n de peso cortados con l\u00e1ser e infundidos con uretano","text_value":"","icon":"v"},{"label":"Cubo de acero de una sola pieza sin tornillos ni soldaduras","text_value":"","icon":"v"},{"label":"Capa de uretano para una m\u00e1xima durabilidad","text_value":"","icon":"v"},{"label":"El n\u00facleo de peso es de acero, mientras que el exterior est\u00e1 recubierto por colada de un compuesto de poliuretano l\u00edquido","text_value":"3%","icon":"v"},{"label":"Tolerancia de peso","text_value":"3 %","icon":"x"},{"label":"El peso est\u00e1 marcado en ambos lados","text_value":"Elecci\u00f3n de los colores del logotipo y de los n\u00fameros \/ Adaptaci\u00f3n a la identidad interior deseada \/ Posibilidad de grabar un logotipo personalizado","icon":"v"},{"label":"Opciones de personalizaci\u00f3n","text_value":"Elecci\u00f3n de los colores del logotipo y de los n\u00fameros \/ Adaptaci\u00f3n a la identidad interior deseada \/ Posibilidad de grabar un logotipo personalizado","icon":"x"},{"label":"Garant\u00eda","text_value":"3 a\u00f1os","icon":"x"}]},"yoast_head":"<!-- This site is optimized with the Yoast SEO plugin v26.6 - https:\/\/yoast.com\/wordpress\/plugins\/seo\/ -->\n<title>Plato con parachoques de uretano de 5-25 kg para gimnasio y casa - Evolve<\/title>\n<meta name=\"description\" content=\"Placas parachoques de uretano 5-25 kg: Duraderas, resistentes a los rayos UV y calibradas con precisi\u00f3n. Perfectas para gimnasios dom\u00e9sticos o comerciales, construidas para un rendimiento duradero.\" \/>\n<meta name=\"robots\" content=\"index, follow, max-snippet:-1, max-image-preview:large, max-video-preview:-1\" \/>\n<link rel=\"canonical\" href=\"https:\/\/evolve-fitness.eu\/es\/producto\/placa-parachoques-de-uretano-para-cpu-evolve-5-25-kg\/\" \/>\n<meta property=\"og:locale\" content=\"es_ES\" \/>\n<meta property=\"og:type\" content=\"article\" \/>\n<meta property=\"og:title\" content=\"Plato con parachoques de uretano de 5-25 kg para gimnasio y casa - Evolve\" \/>\n<meta property=\"og:description\" content=\"Placas parachoques de uretano 5-25 kg: Duraderas, resistentes a los rayos UV y calibradas con precisi\u00f3n. Perfectas para gimnasios dom\u00e9sticos o comerciales, construidas para un rendimiento duradero.\" \/>\n<meta property=\"og:url\" content=\"https:\/\/evolve-fitness.eu\/es\/producto\/placa-parachoques-de-uretano-para-cpu-evolve-5-25-kg\/\" \/>\n<meta property=\"og:site_name\" content=\"Evolve\" \/>\n<meta property=\"article:publisher\" content=\"https:\/\/www.facebook.com\/EvolveFitnessEurope\" \/>\n<meta property=\"article:modified_time\" content=\"2026-03-27T06:35:36+00:00\" \/>\n<meta property=\"og:image\" content=\"https:\/\/evolve-fitness.eu\/wp-content\/uploads\/2023\/10\/Evolve-CPU-Urethane-Bumper-Plate-5-25-kg.png\" \/>\n\t<meta property=\"og:image:width\" content=\"680\" \/>\n\t<meta property=\"og:image:height\" content=\"600\" \/>\n\t<meta property=\"og:image:type\" content=\"image\/png\" \/>\n<meta name=\"twitter:card\" content=\"summary_large_image\" \/>\n<script type=\"application\/ld+json\" class=\"yoast-schema-graph\">{\"@context\":\"https:\/\/schema.org\",\"@graph\":[{\"@type\":\"WebPage\",\"@id\":\"https:\/\/evolve-fitness.eu\/es\/producto\/placa-parachoques-de-uretano-para-cpu-evolve-5-25-kg\/\",\"url\":\"https:\/\/evolve-fitness.eu\/es\/producto\/placa-parachoques-de-uretano-para-cpu-evolve-5-25-kg\/\",\"name\":\"Plato con parachoques de uretano de 5-25 kg para gimnasio y casa - Evolve\",\"isPartOf\":{\"@id\":\"https:\/\/evolve-fitness.eu\/es\/#website\"},\"primaryImageOfPage\":{\"@id\":\"https:\/\/evolve-fitness.eu\/es\/producto\/placa-parachoques-de-uretano-para-cpu-evolve-5-25-kg\/#primaryimage\"},\"image\":{\"@id\":\"https:\/\/evolve-fitness.eu\/es\/producto\/placa-parachoques-de-uretano-para-cpu-evolve-5-25-kg\/#primaryimage\"},\"thumbnailUrl\":\"https:\/\/evolve-fitness.eu\/wp-content\/uploads\/2023\/10\/Evolve-CPU-Urethane-Bumper-Plate-5-25-kg.png\",\"datePublished\":\"2023-10-05T09:48:28+00:00\",\"dateModified\":\"2026-03-27T06:35:36+00:00\",\"description\":\"Placas parachoques de uretano 5-25 kg: Duraderas, resistentes a los rayos UV y calibradas con precisi\u00f3n. Perfectas para gimnasios dom\u00e9sticos o comerciales, construidas para un rendimiento duradero.\",\"breadcrumb\":{\"@id\":\"https:\/\/evolve-fitness.eu\/es\/producto\/placa-parachoques-de-uretano-para-cpu-evolve-5-25-kg\/#breadcrumb\"},\"inLanguage\":\"es\",\"potentialAction\":[{\"@type\":\"ReadAction\",\"target\":[\"https:\/\/evolve-fitness.eu\/es\/producto\/placa-parachoques-de-uretano-para-cpu-evolve-5-25-kg\/\"]}]},{\"@type\":\"ImageObject\",\"inLanguage\":\"es\",\"@id\":\"https:\/\/evolve-fitness.eu\/es\/producto\/placa-parachoques-de-uretano-para-cpu-evolve-5-25-kg\/#primaryimage\",\"url\":\"https:\/\/evolve-fitness.eu\/wp-content\/uploads\/2023\/10\/Evolve-CPU-Urethane-Bumper-Plate-5-25-kg.png\",\"contentUrl\":\"https:\/\/evolve-fitness.eu\/wp-content\/uploads\/2023\/10\/Evolve-CPU-Urethane-Bumper-Plate-5-25-kg.png\",\"width\":680,\"height\":600},{\"@type\":\"BreadcrumbList\",\"@id\":\"https:\/\/evolve-fitness.eu\/es\/producto\/placa-parachoques-de-uretano-para-cpu-evolve-5-25-kg\/#breadcrumb\",\"itemListElement\":[{\"@type\":\"ListItem\",\"position\":1,\"name\":\"Home\",\"item\":\"https:\/\/evolve-fitness.eu\/es\/\"},{\"@type\":\"ListItem\",\"position\":2,\"name\":\"Productos\",\"item\":\"https:\/\/evolve-fitness.eu\/es\/shop\/\"},{\"@type\":\"ListItem\",\"position\":3,\"name\":\"Placa parachoques de uretano para CPU 5-25 kg\"}]},{\"@type\":\"WebSite\",\"@id\":\"https:\/\/evolve-fitness.eu\/es\/#website\",\"url\":\"https:\/\/evolve-fitness.eu\/es\/\",\"name\":\"Evolve\",\"description\":\"Your Evolved Gear Arrived\",\"publisher\":{\"@id\":\"https:\/\/evolve-fitness.eu\/es\/#organization\"},\"potentialAction\":[{\"@type\":\"SearchAction\",\"target\":{\"@type\":\"EntryPoint\",\"urlTemplate\":\"https:\/\/evolve-fitness.eu\/es\/?s={search_term_string}\"},\"query-input\":{\"@type\":\"PropertyValueSpecification\",\"valueRequired\":true,\"valueName\":\"search_term_string\"}}],\"inLanguage\":\"es\"},{\"@type\":\"Organization\",\"@id\":\"https:\/\/evolve-fitness.eu\/es\/#organization\",\"name\":\"Evolve\",\"url\":\"https:\/\/evolve-fitness.eu\/es\/\",\"logo\":{\"@type\":\"ImageObject\",\"inLanguage\":\"es\",\"@id\":\"https:\/\/evolve-fitness.eu\/es\/#\/schema\/logo\/image\/\",\"url\":\"https:\/\/evolve-fitness.eu\/wp-content\/uploads\/2023\/05\/Evolve-logo.svg\",\"contentUrl\":\"https:\/\/evolve-fitness.eu\/wp-content\/uploads\/2023\/05\/Evolve-logo.svg\",\"width\":176,\"height\":20,\"caption\":\"Evolve\"},\"image\":{\"@id\":\"https:\/\/evolve-fitness.eu\/es\/#\/schema\/logo\/image\/\"},\"sameAs\":[\"https:\/\/www.facebook.com\/EvolveFitnessEurope\"]}]}<\/script>\n<!-- \/ Yoast SEO plugin. -->","yoast_head_json":{"title":"Plato con parachoques de uretano de 5-25 kg para gimnasio y casa - Evolve","description":"Placas parachoques de uretano 5-25 kg: Duraderas, resistentes a los rayos UV y calibradas con precisi\u00f3n. Perfectas para gimnasios dom\u00e9sticos o comerciales, construidas para un rendimiento duradero.","robots":{"index":"index","follow":"follow","max-snippet":"max-snippet:-1","max-image-preview":"max-image-preview:large","max-video-preview":"max-video-preview:-1"},"canonical":"https:\/\/evolve-fitness.eu\/es\/producto\/placa-parachoques-de-uretano-para-cpu-evolve-5-25-kg\/","og_locale":"es_ES","og_type":"article","og_title":"Plato con parachoques de uretano de 5-25 kg para gimnasio y casa - Evolve","og_description":"Placas parachoques de uretano 5-25 kg: Duraderas, resistentes a los rayos UV y calibradas con precisi\u00f3n. Perfectas para gimnasios dom\u00e9sticos o comerciales, construidas para un rendimiento duradero.","og_url":"https:\/\/evolve-fitness.eu\/es\/producto\/placa-parachoques-de-uretano-para-cpu-evolve-5-25-kg\/","og_site_name":"Evolve","article_publisher":"https:\/\/www.facebook.com\/EvolveFitnessEurope","article_modified_time":"2026-03-27T06:35:36+00:00","og_image":[{"width":680,"height":600,"url":"https:\/\/evolve-fitness.eu\/wp-content\/uploads\/2023\/10\/Evolve-CPU-Urethane-Bumper-Plate-5-25-kg.png","type":"image\/png"}],"twitter_card":"summary_large_image","schema":{"@context":"https:\/\/schema.org","@graph":[{"@type":"WebPage","@id":"https:\/\/evolve-fitness.eu\/es\/producto\/placa-parachoques-de-uretano-para-cpu-evolve-5-25-kg\/","url":"https:\/\/evolve-fitness.eu\/es\/producto\/placa-parachoques-de-uretano-para-cpu-evolve-5-25-kg\/","name":"Plato con parachoques de uretano de 5-25 kg para gimnasio y casa - Evolve","isPartOf":{"@id":"https:\/\/evolve-fitness.eu\/es\/#website"},"primaryImageOfPage":{"@id":"https:\/\/evolve-fitness.eu\/es\/producto\/placa-parachoques-de-uretano-para-cpu-evolve-5-25-kg\/#primaryimage"},"image":{"@id":"https:\/\/evolve-fitness.eu\/es\/producto\/placa-parachoques-de-uretano-para-cpu-evolve-5-25-kg\/#primaryimage"},"thumbnailUrl":"https:\/\/evolve-fitness.eu\/wp-content\/uploads\/2023\/10\/Evolve-CPU-Urethane-Bumper-Plate-5-25-kg.png","datePublished":"2023-10-05T09:48:28+00:00","dateModified":"2026-03-27T06:35:36+00:00","description":"Placas parachoques de uretano 5-25 kg: Duraderas, resistentes a los rayos UV y calibradas con precisi\u00f3n. Perfectas para gimnasios dom\u00e9sticos o comerciales, construidas para un rendimiento duradero.","breadcrumb":{"@id":"https:\/\/evolve-fitness.eu\/es\/producto\/placa-parachoques-de-uretano-para-cpu-evolve-5-25-kg\/#breadcrumb"},"inLanguage":"es","potentialAction":[{"@type":"ReadAction","target":["https:\/\/evolve-fitness.eu\/es\/producto\/placa-parachoques-de-uretano-para-cpu-evolve-5-25-kg\/"]}]},{"@type":"ImageObject","inLanguage":"es","@id":"https:\/\/evolve-fitness.eu\/es\/producto\/placa-parachoques-de-uretano-para-cpu-evolve-5-25-kg\/#primaryimage","url":"https:\/\/evolve-fitness.eu\/wp-content\/uploads\/2023\/10\/Evolve-CPU-Urethane-Bumper-Plate-5-25-kg.png","contentUrl":"https:\/\/evolve-fitness.eu\/wp-content\/uploads\/2023\/10\/Evolve-CPU-Urethane-Bumper-Plate-5-25-kg.png","width":680,"height":600},{"@type":"BreadcrumbList","@id":"https:\/\/evolve-fitness.eu\/es\/producto\/placa-parachoques-de-uretano-para-cpu-evolve-5-25-kg\/#breadcrumb","itemListElement":[{"@type":"ListItem","position":1,"name":"Home","item":"https:\/\/evolve-fitness.eu\/es\/"},{"@type":"ListItem","position":2,"name":"Productos","item":"https:\/\/evolve-fitness.eu\/es\/shop\/"},{"@type":"ListItem","position":3,"name":"Placa parachoques de uretano para CPU 5-25 kg"}]},{"@type":"WebSite","@id":"https:\/\/evolve-fitness.eu\/es\/#website","url":"https:\/\/evolve-fitness.eu\/es\/","name":"Evolve","description":"Your Evolved Gear Arrived","publisher":{"@id":"https:\/\/evolve-fitness.eu\/es\/#organization"},"potentialAction":[{"@type":"SearchAction","target":{"@type":"EntryPoint","urlTemplate":"https:\/\/evolve-fitness.eu\/es\/?s={search_term_string}"},"query-input":{"@type":"PropertyValueSpecification","valueRequired":true,"valueName":"search_term_string"}}],"inLanguage":"es"},{"@type":"Organization","@id":"https:\/\/evolve-fitness.eu\/es\/#organization","name":"Evolve","url":"https:\/\/evolve-fitness.eu\/es\/","logo":{"@type":"ImageObject","inLanguage":"es","@id":"https:\/\/evolve-fitness.eu\/es\/#\/schema\/logo\/image\/","url":"https:\/\/evolve-fitness.eu\/wp-content\/uploads\/2023\/05\/Evolve-logo.svg","contentUrl":"https:\/\/evolve-fitness.eu\/wp-content\/uploads\/2023\/05\/Evolve-logo.svg","width":176,"height":20,"caption":"Evolve"},"image":{"@id":"https:\/\/evolve-fitness.eu\/es\/#\/schema\/logo\/image\/"},"sameAs":["https:\/\/www.facebook.com\/EvolveFitnessEurope"]}]}},"_links":{"self":[{"href":"https:\/\/evolve-fitness.eu\/es\/wp-json\/wp\/v2\/product\/85145","targetHints":{"allow":["GET"]}}],"collection":[{"href":"https:\/\/evolve-fitness.eu\/es\/wp-json\/wp\/v2\/product"}],"about":[{"href":"https:\/\/evolve-fitness.eu\/es\/wp-json\/wp\/v2\/types\/product"}],"wp:featuredmedia":[{"embeddable":true,"href":"https:\/\/evolve-fitness.eu\/es\/wp-json\/wp\/v2\/media\/127016"}],"wp:attachment":[{"href":"https:\/\/evolve-fitness.eu\/es\/wp-json\/wp\/v2\/media?parent=85145"}],"wp:term":[{"taxonomy":"product_brand","embeddable":true,"href":"https:\/\/evolve-fitness.eu\/es\/wp-json\/wp\/v2\/product_brand?post=85145"},{"taxonomy":"product_cat","embeddable":true,"href":"https:\/\/evolve-fitness.eu\/es\/wp-json\/wp\/v2\/product_cat?post=85145"},{"taxonomy":"product_tag","embeddable":true,"href":"https:\/\/evolve-fitness.eu\/es\/wp-json\/wp\/v2\/product_tag?post=85145"}],"curies":[{"name":"wp","href":"https:\/\/api.w.org\/{rel}","templated":true}]}}