{"id":85451,"date":"2023-08-24T10:25:48","date_gmt":"2023-08-24T10:25:48","guid":{"rendered":"https:\/\/evolve-fitness.eu\/product\/gimnasio-multiple-selectorizado-de-4-estaciones-evolve-prime-series\/"},"modified":"2026-04-14T08:09:09","modified_gmt":"2026-04-14T05:09:09","slug":"gimnasio-multiple-selectorizado-de-4-estaciones-evolve-prime-series","status":"publish","type":"product","link":"https:\/\/evolve-fitness.eu\/es\/producto\/gimnasio-multiple-selectorizado-de-4-estaciones-evolve-prime-series\/","title":{"rendered":"Multigimnasio selectorizado de 4 estaciones Evolve Serie Prime (PR-101)"},"content":{"rendered":"\n<section class=\"wp-block-group alignfull has-lightgray-background-color has-background is-layout-constrained wp-block-group-is-layout-constrained\">\n<div class=\"wp-block-columns alignwide is-layout-flex wp-container-core-columns-is-layout-2edb0647 wp-block-columns-is-layout-flex\" style=\"margin-top:0;margin-bottom:0\">\n<div class=\"wp-block-column is-layout-flow wp-block-column-is-layout-flow\" style=\"flex-basis:33.33%\"><\/div>\n\n\n\n<div class=\"wp-block-column is-layout-flow wp-block-column-is-layout-flow\" style=\"flex-basis:66.66%\"><\/div>\n<\/div>\n<\/section>\n\n<section class=\"wp-block-group alignfull black-content has-white-color has-darkgray-background-color has-text-color has-background is-layout-constrained wp-block-group-is-layout-constrained\" style=\"padding-top:var(--wp--preset--spacing--section-bottom);padding-bottom:var(--wp--preset--spacing--section-bottom)\">\n<section class=\"wp-block-group alignfull black-content has-white-color has-darkgray-background-color has-text-color has-background is-layout-constrained wp-block-group-is-layout-constrained\" style=\"padding-top:var(--wp--preset--spacing--section-bottom);padding-bottom:var(--wp--preset--spacing--section-bottom)\">\n<div class=\"wp-block-columns alignwide mobile-reverse is-layout-flex wp-container-core-columns-is-layout-ca64bf2d wp-block-columns-is-layout-flex\" style=\"margin-bottom:var(--wp--preset--spacing--side-padding)\">\n<div class=\"wp-block-column is-vertically-aligned-center is-layout-flow wp-block-column-is-layout-flow\">\n<h3 class=\"wp-block-heading\" style=\"margin-bottom:var(--wp--preset--spacing--h-3-bottom)\">Revolucione sus entrenamientos<\/h3>\n\n\n\n<p><em><strong>M\u00e1quinas selectorizadas de la serie Evolve Prime<\/strong><\/em><\/p>\n\n\n\n<p style=\"margin-bottom:var(--wp--preset--spacing--tb-section-padding)\">Mejore su condici\u00f3n f\u00edsica con las m\u00e1quinas selectorizadas Evolve Prime Series. Dise\u00f1adas para entrenamientos eficaces, estas m\u00e1quinas ofrecen una serie de funciones para mejorar su rutina de ejercicios. Con asientos y respaldos ajustables, los usuarios pueden personalizar sus posiciones de entrenamiento para obtener la m\u00e1xima comodidad. Las m\u00e1quinas cuentan con un bastidor ovalado excepcionalmente duradero, que proporciona tanto un dise\u00f1o elegante como una longevidad adecuada para entornos comerciales. Una c\u00f3moda base tapizada garantiza la estabilidad durante sus entrenamientos, mientras que las asas antideslizantes, el dise\u00f1o de torre de perfil bajo, el tama\u00f1o compacto y los colores personalizables del armaz\u00f3n y la tapicer\u00eda a\u00f1aden un toque de estilo a su gimnasio. Descubre el movimiento unilateral y los brazos de eje convergente que proporcionan una experiencia de entrenamiento natural y equilibrada.<\/p>\n\n\n\n<h3 class=\"wp-block-heading\" style=\"margin-bottom:var(--wp--preset--spacing--h-3-bottom)\">Excelencia ergon\u00f3mica<\/h3>\n\n\n\n<p><strong><em>A la medida de su cuerpo<\/em><\/strong><\/p>\n\n\n\n<p>Nuestras m\u00e1quinas de fuerza selectorizadas cuentan con un dise\u00f1o ergon\u00f3mico que se adapta a la anatom\u00eda del cuerpo humano. Esto garantiza la correcta posici\u00f3n del cuerpo y estabiliza las articulaciones durante el entrenamiento. Las asas est\u00e1n recubiertas de un material antideslizante que garantiza la m\u00e1xima estabilidad y seguridad en el entrenamiento. Los asientos y respaldos ajustables permiten a los usuarios encontrar la posici\u00f3n de entrenamiento perfecta que se adapte a sus necesidades individuales. Las empu\u00f1aduras de ajuste, pintadas de color brillante, son f\u00e1ciles de identificar y de usar.<\/p>\n<\/div>\n\n\n\n<div class=\"wp-block-column is-vertically-aligned-center is-layout-flow wp-block-column-is-layout-flow\">\n<figure class=\"wp-block-image size-large is-resized is-style-rounded\"><img loading=\"lazy\" decoding=\"async\" width=\"1536\" height=\"1536\" src=\"https:\/\/evolve-fitness.eu\/wp-content\/uploads\/2023\/08\/3-4-edited.jpg\" alt=\"\" class=\"wp-image-2841\" style=\"width:684px;height:684px\" srcset=\"https:\/\/evolve-fitness.eu\/wp-content\/uploads\/2023\/08\/3-4-edited.jpg 1536w, https:\/\/evolve-fitness.eu\/wp-content\/uploads\/2023\/08\/3-4-edited-300x300.jpg 300w, https:\/\/evolve-fitness.eu\/wp-content\/uploads\/2023\/08\/3-4-edited-150x150.jpg 150w, https:\/\/evolve-fitness.eu\/wp-content\/uploads\/2023\/08\/3-4-edited-600x600.jpg 600w, https:\/\/evolve-fitness.eu\/wp-content\/uploads\/2023\/08\/3-4-edited-1024x1024.jpg 1024w, https:\/\/evolve-fitness.eu\/wp-content\/uploads\/2023\/08\/3-4-edited-768x768.jpg 768w\" sizes=\"auto, (max-width: 1536px) 100vw, 1536px\" \/><\/figure>\n<\/div>\n<\/div>\n<\/section>\n\n\n\n<section class=\"wp-block-group alignfull black-content has-white-color has-darkgray-background-color has-text-color has-background is-layout-constrained wp-block-group-is-layout-constrained\" style=\"padding-top:var(--wp--preset--spacing--section-bottom);padding-bottom:var(--wp--preset--spacing--section-bottom)\">\n<div class=\"wp-block-columns alignwide mobile-reverse is-layout-flex wp-container-core-columns-is-layout-ca64bf2d wp-block-columns-is-layout-flex\" style=\"margin-bottom:var(--wp--preset--spacing--side-padding)\">\n<div class=\"wp-block-column is-vertically-aligned-center is-layout-flow wp-block-column-is-layout-flow\">\n<figure class=\"wp-block-image size-large is-resized is-style-rounded\"><img loading=\"lazy\" decoding=\"async\" width=\"767\" height=\"1024\" src=\"https:\/\/evolve-fitness.eu\/wp-content\/uploads\/2023\/08\/13-2-767x1024.jpg\" alt=\"\" class=\"wp-image-2363\" style=\"width:594px;height:794px\" srcset=\"https:\/\/evolve-fitness.eu\/wp-content\/uploads\/2023\/08\/13-2-767x1024.jpg 767w, https:\/\/evolve-fitness.eu\/wp-content\/uploads\/2023\/08\/13-2-300x401.jpg 300w, https:\/\/evolve-fitness.eu\/wp-content\/uploads\/2023\/08\/13-2-112x150.jpg 112w, https:\/\/evolve-fitness.eu\/wp-content\/uploads\/2023\/08\/13-2-600x801.jpg 600w, https:\/\/evolve-fitness.eu\/wp-content\/uploads\/2023\/08\/13-2-225x300.jpg 225w, https:\/\/evolve-fitness.eu\/wp-content\/uploads\/2023\/08\/13-2-768x1026.jpg 768w, https:\/\/evolve-fitness.eu\/wp-content\/uploads\/2023\/08\/13-2.jpg 864w\" sizes=\"auto, (max-width: 767px) 100vw, 767px\" \/><\/figure>\n<\/div>\n\n\n\n<div class=\"wp-block-column is-vertically-aligned-center is-layout-flow wp-block-column-is-layout-flow\">\n<h3 class=\"wp-block-heading\" style=\"margin-bottom:var(--wp--preset--spacing--h-3-bottom)\">Seguridad y sencillez<\/h3>\n\n\n\n<p><strong><em>Ajustes sin esfuerzo<\/em><\/strong><\/p>\n\n\n\n<p style=\"margin-bottom:var(--wp--preset--spacing--tb-section-padding)\">La seguridad es primordial, por lo que las pilas de pesas de todas las m\u00e1quinas de musculaci\u00f3n selectorizadas est\u00e1n totalmente cubiertas con tapas de pl\u00e1stico opaco. Esto no s\u00f3lo aumenta la seguridad en el entrenamiento, sino que tambi\u00e9n ofrece un aspecto atractivo. Cambiar la resistencia es pan comido: basta con deslizar el pasador en la pila de pesas deseada. Cada plato de pesas est\u00e1 protegido por una capa adicional resistente a la corrosi\u00f3n.<\/p>\n\n\n\n<h3 class=\"wp-block-heading\" style=\"margin-bottom:var(--wp--preset--spacing--h-3-bottom)\">Multifuncional<\/h3>\n\n\n\n<p><strong><em>Comodidad al alcance de la mano<\/em><\/strong><\/p>\n\n\n\n<p>Los compartimentos de almacenamiento integrados permiten a los usuarios tener al alcance de la mano objetos esenciales como botellas de agua, reproductores de m\u00fasica o tel\u00e9fonos m\u00f3viles. Los carteles informativos muestran los grupos musculares a los que se dirige cada entrenador y proporcionan una posici\u00f3n corporal y una gu\u00eda de movimiento adecuadas para garantizar que los ejercicios se realizan correctamente. Los brazos de eje convergente imitan los movimientos naturales, y el movimiento unilateral de la empu\u00f1adura permite un compromiso muscular espec\u00edfico, ya sea utilizando una o ambas manos, fomentando la fuerza con simetr\u00eda y equilibrio.<\/p>\n<\/div>\n<\/div>\n<\/section>\n\n\n\n<section class=\"wp-block-group alignfull black-content has-white-color has-darkgray-background-color has-text-color has-background is-layout-constrained wp-block-group-is-layout-constrained\" style=\"padding-top:var(--wp--preset--spacing--section-bottom);padding-bottom:var(--wp--preset--spacing--section-bottom)\">\n<div class=\"wp-block-columns alignwide mobile-reverse is-layout-flex wp-container-core-columns-is-layout-ca64bf2d wp-block-columns-is-layout-flex\" style=\"margin-bottom:var(--wp--preset--spacing--side-padding)\">\n<div class=\"wp-block-column is-vertically-aligned-center is-layout-flow wp-block-column-is-layout-flow\">\n<h3 class=\"wp-block-heading\" style=\"margin-bottom:var(--wp--preset--spacing--h-3-bottom)\">Comodidad suntuosa<\/h3>\n\n\n\n<p><strong><em>Tapicer\u00eda de apoyo<\/em><\/strong><\/p>\n\n\n\n<p style=\"margin-bottom:var(--wp--preset--spacing--tb-section-padding)\">La seguridad es primordial, por lo que las pilas de pesas de todas las m\u00e1quinas de musculaci\u00f3n selectorizadas est\u00e1n totalmente cubiertas con tapas de pl\u00e1stico opaco. Esto no s\u00f3lo aumenta la seguridad en el entrenamiento, sino que tambi\u00e9n ofrece un aspecto atractivo. Cambiar la resistencia es pan comido: basta con deslizar el pasador en la pila de pesas deseada. Cada plato de pesas est\u00e1 protegido por una capa adicional resistente a la corrosi\u00f3n.<\/p>\n\n\n\n<h3 class=\"wp-block-heading\" style=\"margin-bottom:var(--wp--preset--spacing--h-3-bottom)\">Construido para durar<\/h3>\n\n\n\n<p><strong><em>Marco s\u00f3lido<\/em><\/strong><\/p>\n\n\n\n<p>Fabricado con tubos ovalados soldados y recubiertos de pintura en polvo, el armaz\u00f3n no s\u00f3lo es excepcionalmente duradero, sino tambi\u00e9n resistente a la oxidaci\u00f3n. Tanto si es un usuario dom\u00e9stico que busca calidad como si es un gimnasio profesional o un centro comercial de fitness, incluidas bases militares, hoteles, albergues y centros de rehabilitaci\u00f3n, estas m\u00e1quinas est\u00e1n dise\u00f1adas para satisfacer sus expectativas.<\/p>\n\n\n\n<p><\/p>\n\n\n\n<div class=\"wp-block-columns is-layout-flex wp-container-core-columns-is-layout-9d6595d7 wp-block-columns-is-layout-flex\">\n<div class=\"wp-block-column is-layout-flow wp-block-column-is-layout-flow\">\n<div class=\"wp-block-columns is-layout-flex wp-container-core-columns-is-layout-9d6595d7 wp-block-columns-is-layout-flex\">\n<div class=\"wp-block-column is-layout-flow wp-block-column-is-layout-flow\"><\/div>\n<\/div>\n<\/div>\n<\/div>\n\n\n\n<h3 class=\"wp-block-heading\" style=\"margin-bottom:var(--wp--preset--spacing--h-3-bottom)\">Ideal para profesionales<\/h3>\n\n\n\n<p><strong><em>Personalice su gimnasio<\/em><\/strong><\/p>\n\n\n\n<p>Mejore la imagen de marca de su gimnasio con equipos que combinen con su estilo. Cuando realice un pedido de equipamiento Evolve, lo adaptaremos a su combinaci\u00f3n de colores interior y personalizaremos los colores de la estructura y la tapicer\u00eda para adaptarlos a su espacio. Experimente la soluci\u00f3n que estaba esperando: equipos de fitness adaptados a sus necesidades. Elija equipos de fitness de alta calidad que destaquen en un entorno comercial y que, al mismo tiempo, complementen la combinaci\u00f3n de colores de su interior.<\/p>\n<\/div>\n\n\n\n<div class=\"wp-block-column is-vertically-aligned-center is-layout-flow wp-block-column-is-layout-flow\">\n<figure class=\"wp-block-image size-large is-resized is-style-rounded\"><img loading=\"lazy\" decoding=\"async\" width=\"648\" height=\"864\" src=\"https:\/\/evolve-fitness.eu\/wp-content\/uploads\/2023\/08\/33-edited.jpg\" alt=\"\" class=\"wp-image-2843\" style=\"width:572px;height:763px\" srcset=\"https:\/\/evolve-fitness.eu\/wp-content\/uploads\/2023\/08\/33-edited.jpg 648w, https:\/\/evolve-fitness.eu\/wp-content\/uploads\/2023\/08\/33-edited-300x400.jpg 300w, https:\/\/evolve-fitness.eu\/wp-content\/uploads\/2023\/08\/33-edited-113x150.jpg 113w, https:\/\/evolve-fitness.eu\/wp-content\/uploads\/2023\/08\/33-edited-600x800.jpg 600w, https:\/\/evolve-fitness.eu\/wp-content\/uploads\/2023\/08\/33-edited-225x300.jpg 225w\" sizes=\"auto, (max-width: 648px) 100vw, 648px\" \/><\/figure>\n<\/div>\n<\/div>\n\n\n\n<p><\/p>\n<\/section>\n<\/section>\n","protected":false},"excerpt":{"rendered":"<p>Consiga entrenamientos diversos y eficaces con el multigimnasio selectorizado de 4 estaciones Evolve Prime Series, PR-101. Dise\u00f1ado para un m\u00e1ximo de 4 usuarios a la vez, ofrece ejercicios como el lat pulldown y el remo sentado en un espacio compacto. Las asas antideslizantes, las caracter\u00edsticas ajustables y la construcci\u00f3n duradera garantizan la seguridad y la comodidad. Eleve su gimnasio con opciones personalizables que se adapten al estilo de su marca.   <\/p>\n","protected":false},"featured_media":85457,"template":"","meta":{"_acf_changed":false,"inline_featured_image":false},"product_brand":[],"product_cat":[2598,2602],"product_tag":[],"class_list":{"0":"post-85451","1":"product","2":"type-product","3":"status-publish","4":"has-post-thumbnail","6":"product_cat-maquinas-selectorizadas","7":"product_cat-prime-series-maquinas-selectorizadas","9":"first","10":"instock","11":"virtual","12":"purchasable","13":"product-type-simple"},"acf":{"long_title":"Multigimnasio selectorizado de 4 estaciones Evolve Serie Prime (PR-101)","subtitle":"","specifications":[{"label":"SKU","text_value":"EV-SC-PR-101","icon":"x"},{"label":"Dimensiones","text_value":"1850 x 3450 x 2300 mm","icon":"x"},{"label":"Peso  ","text_value":"350 kg","icon":"x"},{"label":"Pila de pesas","text_value":"354 kg","icon":"x"},{"label":"Peso m\u00e1ximo del usuario","text_value":"180 kg","icon":"x"},{"label":"Grosor del marco","text_value":"3 mm","icon":"x"},{"label":"Personalice los colores de la estructura y la tapicer\u00eda","text_value":"","icon":"v"},{"label":"Pilas de pesas amortajadas","text_value":"","icon":"v"},{"label":"4 estaciones de entrenamiento y m\u00faltiples opciones de ejercicios","text_value":"","icon":"v"},{"label":"Reposapi\u00e9s antideslizantes","text_value":"","icon":"v"},{"label":"Protectores de suelo duraderos","text_value":"","icon":"v"},{"label":"Tapicer\u00eda de alta resistencia al desgarro","text_value":"","icon":"v"},{"label":"Asas antideslizantes","text_value":"","icon":"v"},{"label":"Estaci\u00f3n de tracci\u00f3n de altura regulable","text_value":"","icon":"v"},{"label":"Pasador magn\u00e9tico de la pila de pesas","text_value":"2 a\u00f1os","icon":"v"},{"label":"Cable de nylon","text_value":"","icon":"v"},{"label":"Garant\u00eda  ","text_value":"2 a\u00f1os","icon":"x"}],"product_frequently_asked_questions":null},"yoast_head":"<!-- This site is optimized with the Yoast SEO plugin v27.4 - https:\/\/yoast.com\/product\/yoast-seo-wordpress\/ -->\n<title>Multigimnasio selectorizado de 4 estaciones Evolve Serie Prime (PR-101) - Evolve<\/title>\n<meta name=\"robots\" content=\"index, follow, max-snippet:-1, max-image-preview:large, max-video-preview:-1\" \/>\n<link rel=\"canonical\" href=\"https:\/\/evolve-fitness.eu\/es\/producto\/gimnasio-multiple-selectorizado-de-4-estaciones-evolve-prime-series\/\" \/>\n<meta property=\"og:locale\" content=\"es_ES\" \/>\n<meta property=\"og:type\" content=\"article\" \/>\n<meta property=\"og:title\" content=\"Multigimnasio selectorizado de 4 estaciones Evolve Serie Prime (PR-101) - Evolve\" \/>\n<meta property=\"og:url\" content=\"https:\/\/evolve-fitness.eu\/es\/producto\/gimnasio-multiple-selectorizado-de-4-estaciones-evolve-prime-series\/\" \/>\n<meta property=\"og:site_name\" content=\"Evolve\" \/>\n<meta property=\"article:publisher\" content=\"https:\/\/www.facebook.com\/EvolveFitnessEurope\" \/>\n<meta property=\"article:modified_time\" content=\"2026-04-14T05:09:09+00:00\" \/>\n<meta property=\"og:image\" content=\"https:\/\/evolve-fitness.eu\/wp-content\/uploads\/2023\/08\/Evolve-Selectorized-PR-101.png\" \/>\n\t<meta property=\"og:image:width\" content=\"680\" \/>\n\t<meta property=\"og:image:height\" content=\"600\" \/>\n\t<meta property=\"og:image:type\" content=\"image\/png\" \/>\n<meta name=\"twitter:card\" content=\"summary_large_image\" \/>\n<script type=\"application\/ld+json\" class=\"yoast-schema-graph\">{\"@context\":\"https:\\\/\\\/schema.org\",\"@graph\":[{\"@type\":\"WebPage\",\"@id\":\"https:\\\/\\\/evolve-fitness.eu\\\/es\\\/producto\\\/gimnasio-multiple-selectorizado-de-4-estaciones-evolve-prime-series\\\/\",\"url\":\"https:\\\/\\\/evolve-fitness.eu\\\/es\\\/producto\\\/gimnasio-multiple-selectorizado-de-4-estaciones-evolve-prime-series\\\/\",\"name\":\"Multigimnasio selectorizado de 4 estaciones Evolve Serie Prime (PR-101) - Evolve\",\"isPartOf\":{\"@id\":\"https:\\\/\\\/evolve-fitness.eu\\\/es\\\/#website\"},\"primaryImageOfPage\":{\"@id\":\"https:\\\/\\\/evolve-fitness.eu\\\/es\\\/producto\\\/gimnasio-multiple-selectorizado-de-4-estaciones-evolve-prime-series\\\/#primaryimage\"},\"image\":{\"@id\":\"https:\\\/\\\/evolve-fitness.eu\\\/es\\\/producto\\\/gimnasio-multiple-selectorizado-de-4-estaciones-evolve-prime-series\\\/#primaryimage\"},\"thumbnailUrl\":\"https:\\\/\\\/evolve-fitness.eu\\\/wp-content\\\/uploads\\\/2023\\\/08\\\/Evolve-Selectorized-PR-101.png\",\"datePublished\":\"2023-08-24T10:25:48+00:00\",\"dateModified\":\"2026-04-14T05:09:09+00:00\",\"breadcrumb\":{\"@id\":\"https:\\\/\\\/evolve-fitness.eu\\\/es\\\/producto\\\/gimnasio-multiple-selectorizado-de-4-estaciones-evolve-prime-series\\\/#breadcrumb\"},\"inLanguage\":\"es\",\"potentialAction\":[{\"@type\":\"ReadAction\",\"target\":[\"https:\\\/\\\/evolve-fitness.eu\\\/es\\\/producto\\\/gimnasio-multiple-selectorizado-de-4-estaciones-evolve-prime-series\\\/\"]}]},{\"@type\":\"ImageObject\",\"inLanguage\":\"es\",\"@id\":\"https:\\\/\\\/evolve-fitness.eu\\\/es\\\/producto\\\/gimnasio-multiple-selectorizado-de-4-estaciones-evolve-prime-series\\\/#primaryimage\",\"url\":\"https:\\\/\\\/evolve-fitness.eu\\\/wp-content\\\/uploads\\\/2023\\\/08\\\/Evolve-Selectorized-PR-101.png\",\"contentUrl\":\"https:\\\/\\\/evolve-fitness.eu\\\/wp-content\\\/uploads\\\/2023\\\/08\\\/Evolve-Selectorized-PR-101.png\",\"width\":680,\"height\":600},{\"@type\":\"BreadcrumbList\",\"@id\":\"https:\\\/\\\/evolve-fitness.eu\\\/es\\\/producto\\\/gimnasio-multiple-selectorizado-de-4-estaciones-evolve-prime-series\\\/#breadcrumb\",\"itemListElement\":[{\"@type\":\"ListItem\",\"position\":1,\"name\":\"Home\",\"item\":\"https:\\\/\\\/evolve-fitness.eu\\\/es\\\/\"},{\"@type\":\"ListItem\",\"position\":2,\"name\":\"Productos\",\"item\":\"https:\\\/\\\/evolve-fitness.eu\\\/es\\\/shop\\\/\"},{\"@type\":\"ListItem\",\"position\":3,\"name\":\"Multigimnasio selectorizado de 4 estaciones Evolve Serie Prime (PR-101)\"}]},{\"@type\":\"WebSite\",\"@id\":\"https:\\\/\\\/evolve-fitness.eu\\\/es\\\/#website\",\"url\":\"https:\\\/\\\/evolve-fitness.eu\\\/es\\\/\",\"name\":\"Evolve\",\"description\":\"Your Evolved Gear Arrived\",\"publisher\":{\"@id\":\"https:\\\/\\\/evolve-fitness.eu\\\/es\\\/#organization\"},\"potentialAction\":[{\"@type\":\"SearchAction\",\"target\":{\"@type\":\"EntryPoint\",\"urlTemplate\":\"https:\\\/\\\/evolve-fitness.eu\\\/es\\\/?s={search_term_string}\"},\"query-input\":{\"@type\":\"PropertyValueSpecification\",\"valueRequired\":true,\"valueName\":\"search_term_string\"}}],\"inLanguage\":\"es\"},{\"@type\":\"Organization\",\"@id\":\"https:\\\/\\\/evolve-fitness.eu\\\/es\\\/#organization\",\"name\":\"Evolve\",\"url\":\"https:\\\/\\\/evolve-fitness.eu\\\/es\\\/\",\"logo\":{\"@type\":\"ImageObject\",\"inLanguage\":\"es\",\"@id\":\"https:\\\/\\\/evolve-fitness.eu\\\/es\\\/#\\\/schema\\\/logo\\\/image\\\/\",\"url\":\"https:\\\/\\\/evolve-fitness.eu\\\/wp-content\\\/uploads\\\/2023\\\/05\\\/Evolve-logo.svg\",\"contentUrl\":\"https:\\\/\\\/evolve-fitness.eu\\\/wp-content\\\/uploads\\\/2023\\\/05\\\/Evolve-logo.svg\",\"width\":176,\"height\":20,\"caption\":\"Evolve\"},\"image\":{\"@id\":\"https:\\\/\\\/evolve-fitness.eu\\\/es\\\/#\\\/schema\\\/logo\\\/image\\\/\"},\"sameAs\":[\"https:\\\/\\\/www.facebook.com\\\/EvolveFitnessEurope\"]}]}<\/script>\n<!-- \/ Yoast SEO plugin. -->","yoast_head_json":{"title":"Multigimnasio selectorizado de 4 estaciones Evolve Serie Prime (PR-101) - Evolve","robots":{"index":"index","follow":"follow","max-snippet":"max-snippet:-1","max-image-preview":"max-image-preview:large","max-video-preview":"max-video-preview:-1"},"canonical":"https:\/\/evolve-fitness.eu\/es\/producto\/gimnasio-multiple-selectorizado-de-4-estaciones-evolve-prime-series\/","og_locale":"es_ES","og_type":"article","og_title":"Multigimnasio selectorizado de 4 estaciones Evolve Serie Prime (PR-101) - Evolve","og_url":"https:\/\/evolve-fitness.eu\/es\/producto\/gimnasio-multiple-selectorizado-de-4-estaciones-evolve-prime-series\/","og_site_name":"Evolve","article_publisher":"https:\/\/www.facebook.com\/EvolveFitnessEurope","article_modified_time":"2026-04-14T05:09:09+00:00","og_image":[{"width":680,"height":600,"url":"https:\/\/evolve-fitness.eu\/wp-content\/uploads\/2023\/08\/Evolve-Selectorized-PR-101.png","type":"image\/png"}],"twitter_card":"summary_large_image","schema":{"@context":"https:\/\/schema.org","@graph":[{"@type":"WebPage","@id":"https:\/\/evolve-fitness.eu\/es\/producto\/gimnasio-multiple-selectorizado-de-4-estaciones-evolve-prime-series\/","url":"https:\/\/evolve-fitness.eu\/es\/producto\/gimnasio-multiple-selectorizado-de-4-estaciones-evolve-prime-series\/","name":"Multigimnasio selectorizado de 4 estaciones Evolve Serie Prime (PR-101) - Evolve","isPartOf":{"@id":"https:\/\/evolve-fitness.eu\/es\/#website"},"primaryImageOfPage":{"@id":"https:\/\/evolve-fitness.eu\/es\/producto\/gimnasio-multiple-selectorizado-de-4-estaciones-evolve-prime-series\/#primaryimage"},"image":{"@id":"https:\/\/evolve-fitness.eu\/es\/producto\/gimnasio-multiple-selectorizado-de-4-estaciones-evolve-prime-series\/#primaryimage"},"thumbnailUrl":"https:\/\/evolve-fitness.eu\/wp-content\/uploads\/2023\/08\/Evolve-Selectorized-PR-101.png","datePublished":"2023-08-24T10:25:48+00:00","dateModified":"2026-04-14T05:09:09+00:00","breadcrumb":{"@id":"https:\/\/evolve-fitness.eu\/es\/producto\/gimnasio-multiple-selectorizado-de-4-estaciones-evolve-prime-series\/#breadcrumb"},"inLanguage":"es","potentialAction":[{"@type":"ReadAction","target":["https:\/\/evolve-fitness.eu\/es\/producto\/gimnasio-multiple-selectorizado-de-4-estaciones-evolve-prime-series\/"]}]},{"@type":"ImageObject","inLanguage":"es","@id":"https:\/\/evolve-fitness.eu\/es\/producto\/gimnasio-multiple-selectorizado-de-4-estaciones-evolve-prime-series\/#primaryimage","url":"https:\/\/evolve-fitness.eu\/wp-content\/uploads\/2023\/08\/Evolve-Selectorized-PR-101.png","contentUrl":"https:\/\/evolve-fitness.eu\/wp-content\/uploads\/2023\/08\/Evolve-Selectorized-PR-101.png","width":680,"height":600},{"@type":"BreadcrumbList","@id":"https:\/\/evolve-fitness.eu\/es\/producto\/gimnasio-multiple-selectorizado-de-4-estaciones-evolve-prime-series\/#breadcrumb","itemListElement":[{"@type":"ListItem","position":1,"name":"Home","item":"https:\/\/evolve-fitness.eu\/es\/"},{"@type":"ListItem","position":2,"name":"Productos","item":"https:\/\/evolve-fitness.eu\/es\/shop\/"},{"@type":"ListItem","position":3,"name":"Multigimnasio selectorizado de 4 estaciones Evolve Serie Prime (PR-101)"}]},{"@type":"WebSite","@id":"https:\/\/evolve-fitness.eu\/es\/#website","url":"https:\/\/evolve-fitness.eu\/es\/","name":"Evolve","description":"Your Evolved Gear Arrived","publisher":{"@id":"https:\/\/evolve-fitness.eu\/es\/#organization"},"potentialAction":[{"@type":"SearchAction","target":{"@type":"EntryPoint","urlTemplate":"https:\/\/evolve-fitness.eu\/es\/?s={search_term_string}"},"query-input":{"@type":"PropertyValueSpecification","valueRequired":true,"valueName":"search_term_string"}}],"inLanguage":"es"},{"@type":"Organization","@id":"https:\/\/evolve-fitness.eu\/es\/#organization","name":"Evolve","url":"https:\/\/evolve-fitness.eu\/es\/","logo":{"@type":"ImageObject","inLanguage":"es","@id":"https:\/\/evolve-fitness.eu\/es\/#\/schema\/logo\/image\/","url":"https:\/\/evolve-fitness.eu\/wp-content\/uploads\/2023\/05\/Evolve-logo.svg","contentUrl":"https:\/\/evolve-fitness.eu\/wp-content\/uploads\/2023\/05\/Evolve-logo.svg","width":176,"height":20,"caption":"Evolve"},"image":{"@id":"https:\/\/evolve-fitness.eu\/es\/#\/schema\/logo\/image\/"},"sameAs":["https:\/\/www.facebook.com\/EvolveFitnessEurope"]}]}},"_links":{"self":[{"href":"https:\/\/evolve-fitness.eu\/es\/wp-json\/wp\/v2\/product\/85451","targetHints":{"allow":["GET"]}}],"collection":[{"href":"https:\/\/evolve-fitness.eu\/es\/wp-json\/wp\/v2\/product"}],"about":[{"href":"https:\/\/evolve-fitness.eu\/es\/wp-json\/wp\/v2\/types\/product"}],"wp:featuredmedia":[{"embeddable":true,"href":"https:\/\/evolve-fitness.eu\/es\/wp-json\/wp\/v2\/media\/85457"}],"wp:attachment":[{"href":"https:\/\/evolve-fitness.eu\/es\/wp-json\/wp\/v2\/media?parent=85451"}],"wp:term":[{"taxonomy":"product_brand","embeddable":true,"href":"https:\/\/evolve-fitness.eu\/es\/wp-json\/wp\/v2\/product_brand?post=85451"},{"taxonomy":"product_cat","embeddable":true,"href":"https:\/\/evolve-fitness.eu\/es\/wp-json\/wp\/v2\/product_cat?post=85451"},{"taxonomy":"product_tag","embeddable":true,"href":"https:\/\/evolve-fitness.eu\/es\/wp-json\/wp\/v2\/product_tag?post=85451"}],"curies":[{"name":"wp","href":"https:\/\/api.w.org\/{rel}","templated":true}]}}