{"id":94848,"date":"2023-08-28T10:29:01","date_gmt":"2023-08-28T10:29:01","guid":{"rendered":"https:\/\/evolve-fitness.eu\/product\/evolve-econ-series-cadera-total-selectorizada\/"},"modified":"2024-12-12T08:04:21","modified_gmt":"2024-12-12T08:04:21","slug":"evolve-econ-series-cadera-total-selectorizada","status":"publish","type":"product","link":"https:\/\/evolve-fitness.eu\/es\/producto\/evolve-econ-series-cadera-total-selectorizada\/","title":{"rendered":"Evolve Econ Series Cadera Total Selectorizada"},"content":{"rendered":"\n<section class=\"wp-block-group alignfull has-lightgray-background-color has-background is-layout-constrained wp-block-group-is-layout-constrained\">\n<div class=\"wp-block-columns alignwide is-layout-flex wp-container-core-columns-is-layout-2edb0647 wp-block-columns-is-layout-flex\" style=\"margin-top:0;margin-bottom:0\">\n<div class=\"wp-block-column is-layout-flow wp-block-column-is-layout-flow\" style=\"flex-basis:33.33%\"><\/div>\n\n\n\n<div class=\"wp-block-column is-layout-flow wp-block-column-is-layout-flow\" style=\"flex-basis:66.66%\"><\/div>\n<\/div>\n<\/section>\n\n<section class=\"wp-block-group alignfull black-content has-white-color has-darkgray-background-color has-text-color has-background is-layout-constrained wp-block-group-is-layout-constrained\" style=\"padding-top:var(--wp--preset--spacing--section-bottom);padding-bottom:var(--wp--preset--spacing--section-bottom)\">\n<div class=\"wp-block-columns alignwide mobile-reverse is-layout-flex wp-container-core-columns-is-layout-ca64bf2d wp-block-columns-is-layout-flex\" style=\"margin-bottom:var(--wp--preset--spacing--side-padding)\">\n<div class=\"wp-block-column is-vertically-aligned-center is-layout-flow wp-block-column-is-layout-flow\">\n<h3 class=\"wp-block-heading\" style=\"margin-bottom:var(--wp--preset--spacing--h-3-bottom)\">Evolve Econ Series<\/h3>\n\n\n\n<p><em><strong><em><strong>Excelencia asequible<\/strong><\/em><\/strong><\/em><\/p>\n\n\n\n<p style=\"margin-bottom:var(--wp--preset--spacing--tb-section-padding)\">Bienvenido a la serie Evolve Econ, donde redefinimos la excelencia sin arruinarnos. Dise\u00f1ada para propietarios de gimnasios, potenciales propietarios de gimnasios e instalaciones de fitness de todos los tama\u00f1os, nuestra serie Econ ofrece una gama de m\u00e1quinas selectorizadas rentables que priorizan la calidad y el rendimiento. Exploremos las caracter\u00edsticas \u00fanicas que hacen de la serie Econ una opci\u00f3n excepcional para aquellos que buscan equipos de fitness econ\u00f3micos pero de alta calidad.<\/p>\n\n\n\n<h3 class=\"wp-block-heading\" style=\"margin-bottom:var(--wp--preset--spacing--h-3-bottom)\">Durabilidad y protecci\u00f3n<\/h3>\n\n\n\n<p><strong><em><strong><em>La ventaja de los marcos con recubrimiento de polvo<\/em><\/strong><\/em><\/strong><\/p>\n\n\n\n<p>Descubra la durabilidad de nuestros equipos con la ventaja de los bastidores con recubrimiento en polvo. Resistentes al astillado y al \u00f3xido, estos marcos est\u00e1n hechos a medida para durar, garantizando que su inversi\u00f3n resista el paso del tiempo. Para los propietarios de gimnasios e instalaciones de fitness con un presupuesto ajustado, esta caracter\u00edstica es esencial para proporcionar equipos que duren sin salirse del presupuesto.<\/p>\n<\/div>\n\n\n\n<div class=\"wp-block-column is-vertically-aligned-center is-layout-flow wp-block-column-is-layout-flow\">\n<figure class=\"wp-block-image alignright size-large is-resized is-style-rounded\"><img loading=\"lazy\" decoding=\"async\" src=\"https:\/\/evolve-fitness.eu\/wp-content\/uploads\/2023\/09\/Dizainas-be-pavadinimo-2-1024x1024.png\" alt=\"\" class=\"wp-image-4150\" style=\"object-fit:cover;width:680px;height:600px\" width=\"680\" height=\"600\"\/><\/figure>\n<\/div>\n<\/div>\n\n\n\n<div class=\"wp-block-columns alignwide is-layout-flex wp-container-core-columns-is-layout-c45ee707 wp-block-columns-is-layout-flex\" style=\"margin-bottom:var(--wp--preset--spacing--side-padding);padding-top:var(--wp--preset--spacing--side-padding)\">\n<div class=\"wp-block-column is-vertically-aligned-center is-layout-flow wp-block-column-is-layout-flow\">\n<figure class=\"wp-block-image size-full is-resized is-style-rounded\"><img loading=\"lazy\" decoding=\"async\" src=\"https:\/\/evolve-fitness.eu\/wp-content\/uploads\/2023\/09\/2655-edited.png\" alt=\"\" class=\"wp-image-4139\" style=\"object-fit:cover;width:660px;height:660px\" width=\"660\" height=\"660\" srcset=\"https:\/\/evolve-fitness.eu\/wp-content\/uploads\/2023\/09\/2655-edited.png 844w, https:\/\/evolve-fitness.eu\/wp-content\/uploads\/2023\/09\/2655-edited-300x300.png 300w, https:\/\/evolve-fitness.eu\/wp-content\/uploads\/2023\/09\/2655-edited-150x150.png 150w, https:\/\/evolve-fitness.eu\/wp-content\/uploads\/2023\/09\/2655-edited-600x600.png 600w, https:\/\/evolve-fitness.eu\/wp-content\/uploads\/2023\/09\/2655-edited-768x768.png 768w\" sizes=\"auto, (max-width: 660px) 100vw, 660px\" \/><\/figure>\n<\/div>\n\n\n\n<div class=\"wp-block-column is-vertically-aligned-center is-layout-flow wp-block-column-is-layout-flow\">\n<h3 class=\"wp-block-heading\" style=\"margin-bottom:var(--wp--preset--spacing--h-3-bottom)\">Seguridad y estilo<\/h3>\n\n\n\n<p><strong><em><strong><em>Pilas de pesas cubiertas<\/em><\/strong><\/em><\/strong><\/p>\n\n\n\n<p style=\"margin-bottom:var(--wp--preset--spacing--tb-section-padding)\">La serie Econ introduce una combinaci\u00f3n de seguridad y estilo con los acumuladores de peso amortiguados. Las cubiertas de pl\u00e1stico opaco dan prioridad a la seguridad del entrenamiento al tiempo que a\u00f1aden un toque de elegancia a su espacio de fitness. Tanto si es propietario de un gimnasio como si es un entusiasta del fitness, apreciar\u00e1 el atractivo visual y la seguridad que estas cubiertas aportan a su gimnasio.<\/p>\n\n\n\n<h3 class=\"wp-block-heading\" style=\"margin-bottom:var(--wp--preset--spacing--h-3-bottom)\">Conserve su espacio<\/h3>\n\n\n\n<p><strong><em><strong><em>Almohadillas de goma para proteger el suelo<\/em><\/strong><\/em><\/strong><\/p>\n\n\n\n<p>Mantenga un entorno de entrenamiento limpio y libre de da\u00f1os con las almohadillas de goma. Los propietarios de gimnasios son conscientes de la importancia de conservar sus suelos. Nuestras patas recubiertas de goma protegen el suelo de ara\u00f1azos y posibles da\u00f1os, lo que convierte a la serie Econ en una opci\u00f3n rentable para los propietarios de gimnasios que desean proteger su espacio.<\/p>\n<\/div>\n<\/div>\n\n\n\n<div class=\"wp-block-columns alignwide are-vertically-aligned-center mobile-reverse is-layout-flex wp-container-core-columns-is-layout-e8158c2f wp-block-columns-is-layout-flex\" style=\"padding-top:var(--wp--preset--spacing--side-padding)\">\n<div class=\"wp-block-column is-vertically-aligned-center is-layout-flow wp-block-column-is-layout-flow\">\n<h3 class=\"wp-block-heading\" style=\"margin-bottom:var(--wp--preset--spacing--h-3-bottom)\">Comodidad inteligente<\/h3>\n\n\n\n<p><strong><em>Almacenamiento integrado para entrenamientos modernos<\/em><\/strong><\/p>\n\n\n\n<p style=\"margin-bottom:var(--wp--preset--spacing--tb-section-padding)\">En el panorama actual del fitness, la comodidad es importante. El compartimento integrado permite a los propietarios de gimnasios y entusiastas del fitness tener a mano botellas de agua, tel\u00e9fonos m\u00f3viles y otros accesorios. Se trata de una funci\u00f3n peque\u00f1a pero impactante, dise\u00f1ada para satisfacer las modernas necesidades de fitness de sus clientes.<\/p>\n\n\n\n<h3 class=\"wp-block-heading\" style=\"margin-bottom:var(--wp--preset--spacing--h-3-bottom)\">Confianza y estabilidad<\/h3>\n\n\n\n<p><strong><em>Asas antideslizantes para entrenamientos seguros<\/em><\/strong><\/p>\n\n\n\n<p>Priorice la seguridad y la estabilidad del entrenamiento con las asas antideslizantes. Los propietarios de gimnasios y los gestores de instalaciones de fitness comprenden la importancia de contar con equipos que infundan confianza. Nuestras empu\u00f1aduras est\u00e1n recubiertas de material antideslizante, lo que proporciona a los usuarios la seguridad que necesitan durante sus entrenamientos.<\/p>\n<\/div>\n\n\n\n<div class=\"wp-block-column is-vertically-aligned-center is-layout-flow wp-block-column-is-layout-flow\">\n<figure class=\"wp-block-image alignright size-full is-resized is-style-rounded\"><img loading=\"lazy\" decoding=\"async\" src=\"https:\/\/evolve-fitness.eu\/wp-content\/uploads\/2023\/09\/3-edited.png\" alt=\"\" class=\"wp-image-4143\" style=\"width:665px;height:665px\" width=\"665\" height=\"665\" srcset=\"https:\/\/evolve-fitness.eu\/wp-content\/uploads\/2023\/09\/3-edited.png 808w, https:\/\/evolve-fitness.eu\/wp-content\/uploads\/2023\/09\/3-edited-300x300.png 300w, https:\/\/evolve-fitness.eu\/wp-content\/uploads\/2023\/09\/3-edited-150x150.png 150w, https:\/\/evolve-fitness.eu\/wp-content\/uploads\/2023\/09\/3-edited-600x600.png 600w, https:\/\/evolve-fitness.eu\/wp-content\/uploads\/2023\/09\/3-edited-768x768.png 768w\" sizes=\"auto, (max-width: 665px) 100vw, 665px\" \/><\/figure>\n<\/div>\n<\/div>\n\n\n\n<div class=\"wp-block-columns alignwide are-vertically-aligned-center mobile-reverse is-layout-flex wp-container-core-columns-is-layout-e8158c2f wp-block-columns-is-layout-flex\" style=\"padding-top:var(--wp--preset--spacing--side-padding)\">\n<div class=\"wp-block-column is-vertically-aligned-center is-layout-flow wp-block-column-is-layout-flow\">\n<figure class=\"wp-block-image alignright size-full is-resized is-style-rounded\"><img loading=\"lazy\" decoding=\"async\" src=\"https:\/\/evolve-fitness.eu\/wp-content\/uploads\/2023\/09\/4-2.jpg\" alt=\"\" class=\"wp-image-4154\" style=\"width:665px;height:665px\" width=\"665\" height=\"665\" srcset=\"https:\/\/evolve-fitness.eu\/wp-content\/uploads\/2023\/09\/4-2.jpg 945w, https:\/\/evolve-fitness.eu\/wp-content\/uploads\/2023\/09\/4-2-300x300.jpg 300w, https:\/\/evolve-fitness.eu\/wp-content\/uploads\/2023\/09\/4-2-150x150.jpg 150w, https:\/\/evolve-fitness.eu\/wp-content\/uploads\/2023\/09\/4-2-600x600.jpg 600w, https:\/\/evolve-fitness.eu\/wp-content\/uploads\/2023\/09\/4-2-768x768.jpg 768w\" sizes=\"auto, (max-width: 665px) 100vw, 665px\" \/><\/figure>\n<\/div>\n\n\n\n<div class=\"wp-block-column is-vertically-aligned-center is-layout-flow wp-block-column-is-layout-flow\">\n<h3 class=\"wp-block-heading\" style=\"margin-bottom:var(--wp--preset--spacing--h-3-bottom)\">Confort duradero<\/h3>\n\n\n\n<p><strong><em><strong><em>Tapicer\u00eda resistente para entusiastas del fitness<\/em><\/strong><\/em><\/strong><\/p>\n\n\n\n<p style=\"margin-bottom:var(--wp--preset--spacing--tb-section-padding)\">Experimente una comodidad duradera con nuestra tapicer\u00eda de alta resistencia. C\u00f3modo y resistente, se adapta a la forma del cuerpo del usuario, garantizando que cada entrenamiento no s\u00f3lo sea rentable, sino tambi\u00e9n c\u00f3modo. Los propietarios de gimnasios pueden ofrecer a sus clientes una experiencia de entrenamiento c\u00f3moda que les haga volver.<\/p>\n\n\n\n<h3 class=\"wp-block-heading\" style=\"margin-bottom:var(--wp--preset--spacing--h-3-bottom)\">Opciones vers\u00e1tiles<\/h3>\n\n\n\n<p><strong><em><strong><em>Brazos de Eje Convergente y Movimiento Unilateral <\/em><\/strong><em>(Disponible en algunas m\u00e1quinas)<\/em><\/em><\/strong><\/p>\n\n\n\n<p>Experimente una comodidad duradera con nuestra tapicer\u00eda de alta resistencia. C\u00f3modo y resistente, se adapta a la forma del cuerpo del usuario, garantizando que cada entrenamiento no s\u00f3lo sea rentable, sino tambi\u00e9n c\u00f3modo. Los propietarios de gimnasios pueden ofrecer a sus clientes una experiencia de entrenamiento c\u00f3moda que les haga volver.<\/p>\n<\/div>\n<\/div>\n<\/section>\n","protected":false},"excerpt":{"rendered":"<p>Experimente entrenamientos eficaces de piernas con la m\u00e1quina de cadera total Evolutionary Econ Series, EC-017. Su dise\u00f1o ergon\u00f3mico garantiza una correcta alineaci\u00f3n del cuerpo, mientras que las funciones ajustables se adaptan a sus preferencias. El armaz\u00f3n duradero, la pila de pesas cubierta y el almacenamiento integrado hacen que el entrenamiento sea seguro y c\u00f3modo. Tanto para principiantes como para profesionales, esta m\u00e1quina ofrece una resistencia vers\u00e1til. Mejore su rutina de ejercicios hoy mismo.<\/p>\n","protected":false},"featured_media":94856,"template":"","meta":{"_acf_changed":false,"inline_featured_image":false},"product_brand":[],"product_cat":[2598,3615],"product_tag":[],"class_list":{"0":"post-94848","1":"product","2":"type-product","3":"status-publish","4":"has-post-thumbnail","6":"product_cat-maquinas-selectorizadas","7":"product_cat-maquinas-selectorizadas-econ-series-es","9":"first","10":"instock","11":"virtual","12":"purchasable","13":"product-type-simple"},"acf":{"long_title":"Evolve Econ Series Cadera Total Selectorizada, EC-017","subtitle":"","specifications":[{"label":"SKU","text_value":"EV-SC-EC-017","icon":"x"},{"label":"Dimensiones","text_value":"1299 x 1170 x 1575 mm","icon":"x"},{"label":"Peso","text_value":"128 kg","icon":"x"},{"label":"Pila de pesas","text_value":"100 kg","icon":"x"},{"label":"Peso m\u00e1ximo del usuario","text_value":"180 kg","icon":"x"},{"label":"Tipo de bastidor","text_value":"Metal sin bordes afilados, 3 mm de grosor","icon":"x"},{"label":"Pasador magn\u00e9tico de ajuste del peso","text_value":"","icon":"v"},{"label":"Tapicer\u00eda","text_value":"Revestido de cuero PU","icon":"x"},{"label":"Pintura anticorrosiva","text_value":"","icon":"v"},{"label":"Placa con instrucciones de formaci\u00f3n","text_value":"","icon":"v"},{"label":"Pegatina con instrucciones de entrenamiento","text_value":"","icon":"v"},{"label":"Posici\u00f3n ajustable","text_value":"","icon":"v"},{"label":"Protectores de suelo duraderos","text_value":"","icon":"v"},{"label":"Pila de pesas cubierta","text_value":"","icon":"v"},{"label":"Almacenamiento integrado","text_value":"","icon":"v"},{"label":"Garant\u00eda  ","text_value":"2 a\u00f1os","icon":"x"}]},"yoast_head":"<!-- This site is optimized with the Yoast SEO plugin v26.6 - https:\/\/yoast.com\/wordpress\/plugins\/seo\/ -->\n<title>Evolve Econ Series Cadera Total Selectorizada - Evolve<\/title>\n<meta name=\"robots\" content=\"index, follow, max-snippet:-1, max-image-preview:large, max-video-preview:-1\" \/>\n<link rel=\"canonical\" href=\"https:\/\/evolve-fitness.eu\/es\/producto\/evolve-econ-series-cadera-total-selectorizada\/\" \/>\n<meta property=\"og:locale\" content=\"es_ES\" \/>\n<meta property=\"og:type\" content=\"article\" \/>\n<meta property=\"og:title\" content=\"Evolve Econ Series Cadera Total Selectorizada - Evolve\" \/>\n<meta property=\"og:url\" content=\"https:\/\/evolve-fitness.eu\/es\/producto\/evolve-econ-series-cadera-total-selectorizada\/\" \/>\n<meta property=\"og:site_name\" content=\"Evolve\" \/>\n<meta property=\"article:publisher\" content=\"https:\/\/www.facebook.com\/EvolveFitnessEurope\" \/>\n<meta property=\"article:modified_time\" content=\"2024-12-12T08:04:21+00:00\" \/>\n<meta property=\"og:image\" content=\"https:\/\/evolve-fitness.eu\/wp-content\/uploads\/2023\/08\/Evolve-Selectorized-EC-017.png\" \/>\n\t<meta property=\"og:image:width\" content=\"680\" \/>\n\t<meta property=\"og:image:height\" content=\"600\" \/>\n\t<meta property=\"og:image:type\" content=\"image\/png\" \/>\n<meta name=\"twitter:card\" content=\"summary_large_image\" \/>\n<script type=\"application\/ld+json\" class=\"yoast-schema-graph\">{\"@context\":\"https:\/\/schema.org\",\"@graph\":[{\"@type\":\"WebPage\",\"@id\":\"https:\/\/evolve-fitness.eu\/es\/producto\/evolve-econ-series-cadera-total-selectorizada\/\",\"url\":\"https:\/\/evolve-fitness.eu\/es\/producto\/evolve-econ-series-cadera-total-selectorizada\/\",\"name\":\"Evolve Econ Series Cadera Total Selectorizada - Evolve\",\"isPartOf\":{\"@id\":\"https:\/\/evolve-fitness.eu\/es\/#website\"},\"primaryImageOfPage\":{\"@id\":\"https:\/\/evolve-fitness.eu\/es\/producto\/evolve-econ-series-cadera-total-selectorizada\/#primaryimage\"},\"image\":{\"@id\":\"https:\/\/evolve-fitness.eu\/es\/producto\/evolve-econ-series-cadera-total-selectorizada\/#primaryimage\"},\"thumbnailUrl\":\"https:\/\/evolve-fitness.eu\/wp-content\/uploads\/2023\/08\/Evolve-Selectorized-EC-017.png\",\"datePublished\":\"2023-08-28T10:29:01+00:00\",\"dateModified\":\"2024-12-12T08:04:21+00:00\",\"breadcrumb\":{\"@id\":\"https:\/\/evolve-fitness.eu\/es\/producto\/evolve-econ-series-cadera-total-selectorizada\/#breadcrumb\"},\"inLanguage\":\"es\",\"potentialAction\":[{\"@type\":\"ReadAction\",\"target\":[\"https:\/\/evolve-fitness.eu\/es\/producto\/evolve-econ-series-cadera-total-selectorizada\/\"]}]},{\"@type\":\"ImageObject\",\"inLanguage\":\"es\",\"@id\":\"https:\/\/evolve-fitness.eu\/es\/producto\/evolve-econ-series-cadera-total-selectorizada\/#primaryimage\",\"url\":\"https:\/\/evolve-fitness.eu\/wp-content\/uploads\/2023\/08\/Evolve-Selectorized-EC-017.png\",\"contentUrl\":\"https:\/\/evolve-fitness.eu\/wp-content\/uploads\/2023\/08\/Evolve-Selectorized-EC-017.png\",\"width\":680,\"height\":600},{\"@type\":\"BreadcrumbList\",\"@id\":\"https:\/\/evolve-fitness.eu\/es\/producto\/evolve-econ-series-cadera-total-selectorizada\/#breadcrumb\",\"itemListElement\":[{\"@type\":\"ListItem\",\"position\":1,\"name\":\"Home\",\"item\":\"https:\/\/evolve-fitness.eu\/es\/\"},{\"@type\":\"ListItem\",\"position\":2,\"name\":\"Productos\",\"item\":\"https:\/\/evolve-fitness.eu\/es\/shop\/\"},{\"@type\":\"ListItem\",\"position\":3,\"name\":\"Evolve Econ Series Cadera Total Selectorizada\"}]},{\"@type\":\"WebSite\",\"@id\":\"https:\/\/evolve-fitness.eu\/es\/#website\",\"url\":\"https:\/\/evolve-fitness.eu\/es\/\",\"name\":\"Evolve\",\"description\":\"Your Evolved Gear Arrived\",\"publisher\":{\"@id\":\"https:\/\/evolve-fitness.eu\/es\/#organization\"},\"potentialAction\":[{\"@type\":\"SearchAction\",\"target\":{\"@type\":\"EntryPoint\",\"urlTemplate\":\"https:\/\/evolve-fitness.eu\/es\/?s={search_term_string}\"},\"query-input\":{\"@type\":\"PropertyValueSpecification\",\"valueRequired\":true,\"valueName\":\"search_term_string\"}}],\"inLanguage\":\"es\"},{\"@type\":\"Organization\",\"@id\":\"https:\/\/evolve-fitness.eu\/es\/#organization\",\"name\":\"Evolve\",\"url\":\"https:\/\/evolve-fitness.eu\/es\/\",\"logo\":{\"@type\":\"ImageObject\",\"inLanguage\":\"es\",\"@id\":\"https:\/\/evolve-fitness.eu\/es\/#\/schema\/logo\/image\/\",\"url\":\"https:\/\/evolve-fitness.eu\/wp-content\/uploads\/2023\/05\/Evolve-logo.svg\",\"contentUrl\":\"https:\/\/evolve-fitness.eu\/wp-content\/uploads\/2023\/05\/Evolve-logo.svg\",\"width\":176,\"height\":20,\"caption\":\"Evolve\"},\"image\":{\"@id\":\"https:\/\/evolve-fitness.eu\/es\/#\/schema\/logo\/image\/\"},\"sameAs\":[\"https:\/\/www.facebook.com\/EvolveFitnessEurope\"]}]}<\/script>\n<!-- \/ Yoast SEO plugin. -->","yoast_head_json":{"title":"Evolve Econ Series Cadera Total Selectorizada - Evolve","robots":{"index":"index","follow":"follow","max-snippet":"max-snippet:-1","max-image-preview":"max-image-preview:large","max-video-preview":"max-video-preview:-1"},"canonical":"https:\/\/evolve-fitness.eu\/es\/producto\/evolve-econ-series-cadera-total-selectorizada\/","og_locale":"es_ES","og_type":"article","og_title":"Evolve Econ Series Cadera Total Selectorizada - Evolve","og_url":"https:\/\/evolve-fitness.eu\/es\/producto\/evolve-econ-series-cadera-total-selectorizada\/","og_site_name":"Evolve","article_publisher":"https:\/\/www.facebook.com\/EvolveFitnessEurope","article_modified_time":"2024-12-12T08:04:21+00:00","og_image":[{"width":680,"height":600,"url":"https:\/\/evolve-fitness.eu\/wp-content\/uploads\/2023\/08\/Evolve-Selectorized-EC-017.png","type":"image\/png"}],"twitter_card":"summary_large_image","schema":{"@context":"https:\/\/schema.org","@graph":[{"@type":"WebPage","@id":"https:\/\/evolve-fitness.eu\/es\/producto\/evolve-econ-series-cadera-total-selectorizada\/","url":"https:\/\/evolve-fitness.eu\/es\/producto\/evolve-econ-series-cadera-total-selectorizada\/","name":"Evolve Econ Series Cadera Total Selectorizada - Evolve","isPartOf":{"@id":"https:\/\/evolve-fitness.eu\/es\/#website"},"primaryImageOfPage":{"@id":"https:\/\/evolve-fitness.eu\/es\/producto\/evolve-econ-series-cadera-total-selectorizada\/#primaryimage"},"image":{"@id":"https:\/\/evolve-fitness.eu\/es\/producto\/evolve-econ-series-cadera-total-selectorizada\/#primaryimage"},"thumbnailUrl":"https:\/\/evolve-fitness.eu\/wp-content\/uploads\/2023\/08\/Evolve-Selectorized-EC-017.png","datePublished":"2023-08-28T10:29:01+00:00","dateModified":"2024-12-12T08:04:21+00:00","breadcrumb":{"@id":"https:\/\/evolve-fitness.eu\/es\/producto\/evolve-econ-series-cadera-total-selectorizada\/#breadcrumb"},"inLanguage":"es","potentialAction":[{"@type":"ReadAction","target":["https:\/\/evolve-fitness.eu\/es\/producto\/evolve-econ-series-cadera-total-selectorizada\/"]}]},{"@type":"ImageObject","inLanguage":"es","@id":"https:\/\/evolve-fitness.eu\/es\/producto\/evolve-econ-series-cadera-total-selectorizada\/#primaryimage","url":"https:\/\/evolve-fitness.eu\/wp-content\/uploads\/2023\/08\/Evolve-Selectorized-EC-017.png","contentUrl":"https:\/\/evolve-fitness.eu\/wp-content\/uploads\/2023\/08\/Evolve-Selectorized-EC-017.png","width":680,"height":600},{"@type":"BreadcrumbList","@id":"https:\/\/evolve-fitness.eu\/es\/producto\/evolve-econ-series-cadera-total-selectorizada\/#breadcrumb","itemListElement":[{"@type":"ListItem","position":1,"name":"Home","item":"https:\/\/evolve-fitness.eu\/es\/"},{"@type":"ListItem","position":2,"name":"Productos","item":"https:\/\/evolve-fitness.eu\/es\/shop\/"},{"@type":"ListItem","position":3,"name":"Evolve Econ Series Cadera Total Selectorizada"}]},{"@type":"WebSite","@id":"https:\/\/evolve-fitness.eu\/es\/#website","url":"https:\/\/evolve-fitness.eu\/es\/","name":"Evolve","description":"Your Evolved Gear Arrived","publisher":{"@id":"https:\/\/evolve-fitness.eu\/es\/#organization"},"potentialAction":[{"@type":"SearchAction","target":{"@type":"EntryPoint","urlTemplate":"https:\/\/evolve-fitness.eu\/es\/?s={search_term_string}"},"query-input":{"@type":"PropertyValueSpecification","valueRequired":true,"valueName":"search_term_string"}}],"inLanguage":"es"},{"@type":"Organization","@id":"https:\/\/evolve-fitness.eu\/es\/#organization","name":"Evolve","url":"https:\/\/evolve-fitness.eu\/es\/","logo":{"@type":"ImageObject","inLanguage":"es","@id":"https:\/\/evolve-fitness.eu\/es\/#\/schema\/logo\/image\/","url":"https:\/\/evolve-fitness.eu\/wp-content\/uploads\/2023\/05\/Evolve-logo.svg","contentUrl":"https:\/\/evolve-fitness.eu\/wp-content\/uploads\/2023\/05\/Evolve-logo.svg","width":176,"height":20,"caption":"Evolve"},"image":{"@id":"https:\/\/evolve-fitness.eu\/es\/#\/schema\/logo\/image\/"},"sameAs":["https:\/\/www.facebook.com\/EvolveFitnessEurope"]}]}},"_links":{"self":[{"href":"https:\/\/evolve-fitness.eu\/es\/wp-json\/wp\/v2\/product\/94848","targetHints":{"allow":["GET"]}}],"collection":[{"href":"https:\/\/evolve-fitness.eu\/es\/wp-json\/wp\/v2\/product"}],"about":[{"href":"https:\/\/evolve-fitness.eu\/es\/wp-json\/wp\/v2\/types\/product"}],"wp:featuredmedia":[{"embeddable":true,"href":"https:\/\/evolve-fitness.eu\/es\/wp-json\/wp\/v2\/media\/94856"}],"wp:attachment":[{"href":"https:\/\/evolve-fitness.eu\/es\/wp-json\/wp\/v2\/media?parent=94848"}],"wp:term":[{"taxonomy":"product_brand","embeddable":true,"href":"https:\/\/evolve-fitness.eu\/es\/wp-json\/wp\/v2\/product_brand?post=94848"},{"taxonomy":"product_cat","embeddable":true,"href":"https:\/\/evolve-fitness.eu\/es\/wp-json\/wp\/v2\/product_cat?post=94848"},{"taxonomy":"product_tag","embeddable":true,"href":"https:\/\/evolve-fitness.eu\/es\/wp-json\/wp\/v2\/product_tag?post=94848"}],"curies":[{"name":"wp","href":"https:\/\/api.w.org\/{rel}","templated":true}]}}