{"id":213202,"date":"2025-07-07T06:44:43","date_gmt":"2025-07-07T03:44:43","guid":{"rendered":"https:\/\/evolve-fitness.eu\/installation\/"},"modified":"2025-11-05T10:23:30","modified_gmt":"2025-11-05T08:23:30","slug":"installation","status":"publish","type":"page","link":"https:\/\/evolve-fitness.eu\/fr\/installation\/","title":{"rendered":"Installation"},"content":{"rendered":"\n<div class=\"wp-block-group h-full w-full installations-heroe has-darkgray-background-color has-background is-layout-constrained wp-container-core-group-is-layout-e566ce2e wp-block-group-is-layout-constrained\" style=\"margin-top:0;margin-bottom:0;padding-top:0;padding-right:0;padding-left:0\">\n<div class=\"wp-block-group alignfull h-full w-full flex-nowrap justify-end items-strech is-vertical is-content-justification-stretch is-nowrap is-layout-flex wp-container-core-group-is-layout-1e1e0099 wp-block-group-is-layout-flex\">\n<div class=\"wp-block-cover has-custom-content-position is-position-bottom-center mobile2x wp-container-content-9cfa9a5a\" style=\"min-height:20vw;aspect-ratio:unset;\"><video class=\"wp-block-cover__video-background intrinsic-ignore\" autoplay muted loop playsinline src=\"https:\/\/evolve-fitness.eu\/wp-content\/uploads\/2025\/08\/social-SQUARE-ansanaviciutes-lemong-gym.mp4\" data-object-fit=\"cover\"><\/video><span aria-hidden=\"true\" class=\"wp-block-cover__background has-background-dim-100 has-background-dim wp-block-cover__gradient-background has-background-gradient\" style=\"background:linear-gradient(180deg,rgba(237,237,237,0) 0%,rgb(22,22,23) 92%)\"><\/span><div class=\"wp-block-cover__inner-container is-layout-flow wp-block-cover-is-layout-flow\">\n<div class=\"wp-block-group alignwide is-content-justification-left is-layout-constrained wp-container-core-group-is-layout-8c890d92 wp-block-group-is-layout-constrained\">\n<h1 class=\"wp-block-heading alignwide has-white-color has-text-color has-link-color has-montserrat-font-family has-extra-large-title-font-size wp-elements-d086c4a42ffb365f1c4b44a1b097741c\" style=\"font-style:normal;font-weight:700\">INSTALLATION<\/h1>\n\n\n\n<p>Livraison et installation &#8211; Nous nous occupons de tout !<\/p>\n<\/div>\n<\/div><\/div>\n<\/div>\n<\/div>\n\n<section class=\"wp-block-group alignfull black-content has-white-color has-darkgray-background-color has-text-color has-background is-layout-constrained wp-block-group-is-layout-constrained\" style=\"padding-top:var(--wp--preset--spacing--section-title-bottom);padding-bottom:var(--wp--preset--spacing--section-bottom)\">\n<div class=\"wp-block-columns installations-div-p is-layout-flex wp-container-core-columns-is-layout-0bc94483 wp-block-columns-is-layout-flex\" style=\"margin-top:0;margin-bottom:var(--wp--preset--spacing--side-padding);padding-top:0;padding-right:0;padding-bottom:0;padding-left:0\">\n<div class=\"wp-block-column installations-div-inner-col is-layout-flow wp-block-column-is-layout-flow\" style=\"padding-top:0;padding-right:0;padding-bottom:0;padding-left:0\">\n<p style=\"padding-top:0;padding-right:0;padding-bottom:0;padding-left:0\">Nous livrons. Nous installons. Vous formez.  <\/p>\n<\/div>\n<\/div>\n\n\n\n<div class=\"wp-block-columns alignwide mobile-reverse is-layout-flex wp-container-core-columns-is-layout-ca64bf2d wp-block-columns-is-layout-flex\" style=\"margin-bottom:var(--wp--preset--spacing--side-padding)\">\n<div class=\"wp-block-column is-vertically-aligned-center is-layout-flow wp-block-column-is-layout-flow\">\n<figure class=\"wp-block-video\"><video height=\"1080\" style=\"aspect-ratio: 1920 \/ 1080;\" width=\"1920\" controls=\"\" src=\"https:\/\/evolve-fitness.eu\/wp-content\/uploads\/2025\/08\/Lemon_GYM_HQ.mp4\"><\/video><\/figure>\n<\/div>\n\n\n\n<div class=\"wp-block-column is-vertically-aligned-center is-layout-flow wp-block-column-is-layout-flow\">\n<h3 class=\"wp-block-heading\" style=\"margin-bottom:var(--wp--preset--spacing--h-3-bottom)\">Solutions compl\u00e8tes pour les gymnases dans toute l&rsquo;Europe<\/h3>\n\n\n\n<p>Nous proposons des services professionnels de livraison, d&rsquo;installation et de formation dans tous les pays europ\u00e9ens. Que vous ayez besoin d&rsquo;un seul \u00e9quipement ou d&rsquo;une salle de sport compl\u00e8te, nous prenons en charge le processus, de la planification \u00e0 l&rsquo;assemblage, afin que vous puissiez vous concentrer sur l&rsquo;entra\u00eenement. <\/p>\n<\/div>\n<\/div>\n\n\n\n<div class=\"wp-block-columns alignwide is-layout-flex wp-container-core-columns-is-layout-ca64bf2d wp-block-columns-is-layout-flex\" style=\"margin-bottom:var(--wp--preset--spacing--side-padding)\">\n<div class=\"wp-block-column is-vertically-aligned-center is-layout-flow wp-block-column-is-layout-flow\" style=\"padding-top:var(--wp--preset--spacing--side-padding)\">\n<h3 class=\"wp-block-heading\" style=\"margin-bottom:var(--wp--preset--spacing--h-3-bottom)\"><strong><strong><strong><strong><strong><strong><strong>De l&rsquo;id\u00e9e \u00e0 la r\u00e9alit\u00e9<\/strong><\/strong><\/strong><\/strong><\/strong><\/strong><\/strong><\/h3>\n\n\n\n<p>Chaque projet commence par l&rsquo;\u00e9coute de vos besoins. Que vous ayez d\u00e9j\u00e0 une vision claire ou simplement une id\u00e9e, nous pouvons cr\u00e9er des croquis, pr\u00e9parer des plans techniques en 2D et produire des visualisations en 3D pour que vous puissiez voir exactement \u00e0 quoi ressemblera votre installation. Une fois le projet approuv\u00e9, notre \u00e9quipe d&rsquo;installation le concr\u00e9tise avec pr\u00e9cision et souci du d\u00e9tail.  <br\/><\/p>\n<\/div>\n\n\n\n<div class=\"wp-block-column is-vertically-aligned-center is-layout-flow wp-block-column-is-layout-flow\">\n<figure class=\"wp-block-video\"><video height=\"1440\" style=\"aspect-ratio: 2560 \/ 1440;\" width=\"2560\" controls=\"\" src=\"https:\/\/evolve-fitness.eu\/wp-content\/uploads\/2025\/08\/Evolve-Home-Systemss.mp4\"><\/video><\/figure>\n<\/div>\n<\/div>\n\n\n\n<div class=\"wp-block-columns alignwide mobile-reverse is-layout-flex wp-container-core-columns-is-layout-c45ee707 wp-block-columns-is-layout-flex\" style=\"margin-bottom:var(--wp--preset--spacing--side-padding);padding-top:var(--wp--preset--spacing--side-padding)\">\n<div class=\"wp-block-column is-vertically-aligned-center is-layout-flow wp-block-column-is-layout-flow\">\n<figure class=\"wp-block-image size-large is-style-default\"><img loading=\"lazy\" decoding=\"async\" width=\"1024\" height=\"576\" src=\"https:\/\/evolve-fitness.eu\/wp-content\/uploads\/2025\/08\/vlcsnap-2023-06-22-17h40m07s325-1024x576.png\" alt=\"\" class=\"wp-image-201949\" srcset=\"https:\/\/evolve-fitness.eu\/wp-content\/uploads\/2025\/08\/vlcsnap-2023-06-22-17h40m07s325-1024x576.png 1024w, https:\/\/evolve-fitness.eu\/wp-content\/uploads\/2025\/08\/vlcsnap-2023-06-22-17h40m07s325-300x169.png 300w, https:\/\/evolve-fitness.eu\/wp-content\/uploads\/2025\/08\/vlcsnap-2023-06-22-17h40m07s325-150x84.png 150w, https:\/\/evolve-fitness.eu\/wp-content\/uploads\/2025\/08\/vlcsnap-2023-06-22-17h40m07s325-768x432.png 768w, https:\/\/evolve-fitness.eu\/wp-content\/uploads\/2025\/08\/vlcsnap-2023-06-22-17h40m07s325-1536x864.png 1536w, https:\/\/evolve-fitness.eu\/wp-content\/uploads\/2025\/08\/vlcsnap-2023-06-22-17h40m07s325-2048x1152.png 2048w, https:\/\/evolve-fitness.eu\/wp-content\/uploads\/2025\/08\/vlcsnap-2023-06-22-17h40m07s325-600x338.png 600w, https:\/\/evolve-fitness.eu\/wp-content\/uploads\/2025\/08\/vlcsnap-2023-06-22-17h40m07s325-267x150.png 267w\" sizes=\"auto, (max-width: 1024px) 100vw, 1024px\" \/><\/figure>\n<\/div>\n\n\n\n<div class=\"wp-block-column is-vertically-aligned-center is-layout-flow wp-block-column-is-layout-flow\">\n<h3 class=\"wp-block-heading\" style=\"margin-bottom:var(--wp--preset--spacing--h-3-bottom)\"><strong><strong><strong><strong><strong><strong><strong><strong>Nous nous occupons de bien plus que du cardio<\/strong><\/strong><\/strong><\/strong><\/strong><\/strong><\/strong><\/strong><\/h3>\n\n\n\n<p>Vous souhaitez installer un terrain de basket ou un syst\u00e8me de cerceaux ? Nous pouvons arriver sur place et le r\u00e9aliser. Vous avez besoin d&rsquo;une salle de sport compl\u00e8te ? Nous avons ce qu&rsquo;il vous faut. Notre expertise s&rsquo;\u00e9tend aux \u00e9quipements de fitness, de sport et de loisirs, et nous fournissons des solutions adapt\u00e9es \u00e0 votre espace et \u00e0 vos besoins.    <\/p>\n<\/div>\n<\/div>\n\n\n\n<div class=\"wp-block-columns alignwide is-layout-flex wp-container-core-columns-is-layout-ca64bf2d wp-block-columns-is-layout-flex\" style=\"margin-bottom:var(--wp--preset--spacing--side-padding)\">\n<div class=\"wp-block-column is-vertically-aligned-center is-layout-flow wp-block-column-is-layout-flow\" style=\"padding-top:var(--wp--preset--spacing--side-padding)\">\n<h3 class=\"wp-block-heading\" style=\"margin-bottom:var(--wp--preset--spacing--h-3-bottom)\"><strong><strong><strong><strong><strong><strong><strong><strong>Des solutions dans toute l&rsquo;Europe<\/strong><\/strong><\/strong><\/strong><\/strong><\/strong><\/strong><\/strong><\/h3>\n\n\n\n<p>Nos services de livraison et d&rsquo;installation couvrent tous les pays europ\u00e9ens. Qu&rsquo;il s&rsquo;agisse d&rsquo;un seul appareil ou d&rsquo;une salle de sport compl\u00e8te, d&rsquo;un studio priv\u00e9 ou d&rsquo;un complexe sportif, nous veillons \u00e0 ce que chaque projet soit trait\u00e9 avec le m\u00eame niveau de professionnalisme et d&rsquo;attention. <br\/><\/p>\n<\/div>\n\n\n\n<div class=\"wp-block-column is-vertically-aligned-center is-layout-flow wp-block-column-is-layout-flow\">\n<figure class=\"wp-block-image size-large\"><img loading=\"lazy\" decoding=\"async\" width=\"1024\" height=\"683\" src=\"https:\/\/evolve-fitness.eu\/wp-content\/uploads\/2025\/08\/8-1024x683.jpg\" alt=\"\" class=\"wp-image-201974\" srcset=\"https:\/\/evolve-fitness.eu\/wp-content\/uploads\/2025\/08\/8-1024x683.jpg 1024w, https:\/\/evolve-fitness.eu\/wp-content\/uploads\/2025\/08\/8-300x200.jpg 300w, https:\/\/evolve-fitness.eu\/wp-content\/uploads\/2025\/08\/8-150x100.jpg 150w, https:\/\/evolve-fitness.eu\/wp-content\/uploads\/2025\/08\/8-768x512.jpg 768w, https:\/\/evolve-fitness.eu\/wp-content\/uploads\/2025\/08\/8-1536x1024.jpg 1536w, https:\/\/evolve-fitness.eu\/wp-content\/uploads\/2025\/08\/8-2048x1366.jpg 2048w, https:\/\/evolve-fitness.eu\/wp-content\/uploads\/2025\/08\/8-600x400.jpg 600w, https:\/\/evolve-fitness.eu\/wp-content\/uploads\/2025\/08\/8-225x150.jpg 225w\" sizes=\"auto, (max-width: 1024px) 100vw, 1024px\" \/><\/figure>\n<\/div>\n<\/div>\n\n\n\n<div class=\"wp-block-columns alignwide mobile-reverse is-layout-flex wp-container-core-columns-is-layout-c45ee707 wp-block-columns-is-layout-flex\" style=\"margin-bottom:var(--wp--preset--spacing--side-padding);padding-top:var(--wp--preset--spacing--side-padding)\">\n<div class=\"wp-block-column is-vertically-aligned-center is-layout-flow wp-block-column-is-layout-flow\">\n<figure class=\"wp-block-image size-large is-style-default\"><img loading=\"lazy\" decoding=\"async\" width=\"1024\" height=\"683\" src=\"https:\/\/evolve-fitness.eu\/wp-content\/uploads\/2025\/08\/Gym-Gardino-14-1024x683.jpg\" alt=\"\" class=\"wp-image-202024\" srcset=\"https:\/\/evolve-fitness.eu\/wp-content\/uploads\/2025\/08\/Gym-Gardino-14-1024x683.jpg 1024w, https:\/\/evolve-fitness.eu\/wp-content\/uploads\/2025\/08\/Gym-Gardino-14-300x200.jpg 300w, https:\/\/evolve-fitness.eu\/wp-content\/uploads\/2025\/08\/Gym-Gardino-14-150x100.jpg 150w, https:\/\/evolve-fitness.eu\/wp-content\/uploads\/2025\/08\/Gym-Gardino-14-768x512.jpg 768w, https:\/\/evolve-fitness.eu\/wp-content\/uploads\/2025\/08\/Gym-Gardino-14-1536x1024.jpg 1536w, https:\/\/evolve-fitness.eu\/wp-content\/uploads\/2025\/08\/Gym-Gardino-14-600x400.jpg 600w, https:\/\/evolve-fitness.eu\/wp-content\/uploads\/2025\/08\/Gym-Gardino-14-225x150.jpg 225w, https:\/\/evolve-fitness.eu\/wp-content\/uploads\/2025\/08\/Gym-Gardino-14.jpg 2048w\" sizes=\"auto, (max-width: 1024px) 100vw, 1024px\" \/><\/figure>\n<\/div>\n\n\n\n<div class=\"wp-block-column is-vertically-aligned-center is-layout-flow wp-block-column-is-layout-flow\">\n<h3 class=\"wp-block-heading\" style=\"margin-bottom:var(--wp--preset--spacing--h-3-bottom)\"><strong><strong><strong><strong><strong><strong><strong><strong>Votre projet, notre engagement<\/strong><\/strong><\/strong><\/strong><\/strong><\/strong><\/strong><\/strong><\/h3>\n\n\n\n<p>Quelle que soit sa taille ou sa complexit\u00e9, nous pensons que chaque installation m\u00e9rite une approche personnelle. Nous combinons l&rsquo;expertise technique, les outils de conception modernes et l&rsquo;exp\u00e9rience pratique pour obtenir des r\u00e9sultats qui d\u00e9passent les attentes. <\/p>\n<\/div>\n<\/div>\n<\/section>\n","protected":false},"excerpt":{"rendered":"<p>Nous livrons. Nous installons. Vous formez. Solutions compl\u00e8tes pour les gymnases dans toute l&rsquo;Europe Nous proposons des services professionnels de livraison, d&rsquo;installation et de formation dans tous les pays europ\u00e9ens. Que vous ayez besoin d&rsquo;un seul \u00e9quipement ou d&rsquo;une salle de sport compl\u00e8te, nous prenons en charge le processus, de la planification \u00e0 l&rsquo;assemblage, afin [&hellip;]<\/p>\n","protected":false},"author":15,"featured_media":0,"parent":0,"menu_order":0,"comment_status":"closed","ping_status":"closed","template":"","meta":{"_acf_changed":false,"inline_featured_image":false,"footnotes":""},"class_list":["post-213202","page","type-page","status-publish","hentry"],"acf":[],"yoast_head":"<!-- This site is optimized with the Yoast SEO plugin v27.4 - https:\/\/yoast.com\/product\/yoast-seo-wordpress\/ -->\n<title>Installation - Evolve<\/title>\n<meta name=\"description\" content=\"Nos services de livraison et d&#039;installation couvrent tous les pays europ\u00e9ens. Des appareils individuels aux salles de sport commerciales compl\u00e8tes, tous les types de salles de sport sont concern\u00e9s.\" \/>\n<meta name=\"robots\" content=\"index, follow, max-snippet:-1, max-image-preview:large, max-video-preview:-1\" \/>\n<link rel=\"canonical\" href=\"https:\/\/evolve-fitness.eu\/fr\/installation\/\" \/>\n<meta property=\"og:locale\" content=\"fr_FR\" \/>\n<meta property=\"og:type\" content=\"article\" \/>\n<meta property=\"og:title\" content=\"Installation - Evolve\" \/>\n<meta property=\"og:description\" content=\"Nos services de livraison et d&#039;installation couvrent tous les pays europ\u00e9ens. Des appareils individuels aux salles de sport commerciales compl\u00e8tes, tous les types de salles de sport sont concern\u00e9s.\" \/>\n<meta property=\"og:url\" content=\"https:\/\/evolve-fitness.eu\/fr\/installation\/\" \/>\n<meta property=\"og:site_name\" content=\"Evolve\" \/>\n<meta property=\"article:publisher\" content=\"https:\/\/www.facebook.com\/EvolveFitnessEurope\" \/>\n<meta property=\"article:modified_time\" content=\"2025-11-05T08:23:30+00:00\" \/>\n<meta property=\"og:image\" content=\"https:\/\/evolve-fitness.eu\/wp-content\/uploads\/2025\/08\/vlcsnap-2023-06-22-17h40m07s325-scaled.png\" \/>\n\t<meta property=\"og:image:width\" content=\"2560\" \/>\n\t<meta property=\"og:image:height\" content=\"1440\" \/>\n\t<meta property=\"og:image:type\" content=\"image\/png\" \/>\n<meta name=\"twitter:card\" content=\"summary_large_image\" \/>\n<script type=\"application\/ld+json\" class=\"yoast-schema-graph\">{\"@context\":\"https:\\\/\\\/schema.org\",\"@graph\":[{\"@type\":\"WebPage\",\"@id\":\"https:\\\/\\\/evolve-fitness.eu\\\/fr\\\/installation\\\/\",\"url\":\"https:\\\/\\\/evolve-fitness.eu\\\/fr\\\/installation\\\/\",\"name\":\"Installation - Evolve\",\"isPartOf\":{\"@id\":\"https:\\\/\\\/evolve-fitness.eu\\\/fr\\\/#website\"},\"primaryImageOfPage\":{\"@id\":\"https:\\\/\\\/evolve-fitness.eu\\\/fr\\\/installation\\\/#primaryimage\"},\"image\":{\"@id\":\"https:\\\/\\\/evolve-fitness.eu\\\/fr\\\/installation\\\/#primaryimage\"},\"thumbnailUrl\":\"https:\\\/\\\/evolve-fitness.eu\\\/wp-content\\\/uploads\\\/2025\\\/08\\\/vlcsnap-2023-06-22-17h40m07s325-1024x576.png\",\"datePublished\":\"2025-07-07T03:44:43+00:00\",\"dateModified\":\"2025-11-05T08:23:30+00:00\",\"description\":\"Nos services de livraison et d'installation couvrent tous les pays europ\u00e9ens. Des appareils individuels aux salles de sport commerciales compl\u00e8tes, tous les types de salles de sport sont concern\u00e9s.\",\"breadcrumb\":{\"@id\":\"https:\\\/\\\/evolve-fitness.eu\\\/fr\\\/installation\\\/#breadcrumb\"},\"inLanguage\":\"fr-FR\",\"potentialAction\":[{\"@type\":\"ReadAction\",\"target\":[\"https:\\\/\\\/evolve-fitness.eu\\\/fr\\\/installation\\\/\"]}]},{\"@type\":\"ImageObject\",\"inLanguage\":\"fr-FR\",\"@id\":\"https:\\\/\\\/evolve-fitness.eu\\\/fr\\\/installation\\\/#primaryimage\",\"url\":\"https:\\\/\\\/evolve-fitness.eu\\\/wp-content\\\/uploads\\\/2025\\\/08\\\/vlcsnap-2023-06-22-17h40m07s325-1024x576.png\",\"contentUrl\":\"https:\\\/\\\/evolve-fitness.eu\\\/wp-content\\\/uploads\\\/2025\\\/08\\\/vlcsnap-2023-06-22-17h40m07s325-1024x576.png\"},{\"@type\":\"BreadcrumbList\",\"@id\":\"https:\\\/\\\/evolve-fitness.eu\\\/fr\\\/installation\\\/#breadcrumb\",\"itemListElement\":[{\"@type\":\"ListItem\",\"position\":1,\"name\":\"Home\",\"item\":\"https:\\\/\\\/evolve-fitness.eu\\\/fr\\\/\"},{\"@type\":\"ListItem\",\"position\":2,\"name\":\"Installation\"}]},{\"@type\":\"WebSite\",\"@id\":\"https:\\\/\\\/evolve-fitness.eu\\\/fr\\\/#website\",\"url\":\"https:\\\/\\\/evolve-fitness.eu\\\/fr\\\/\",\"name\":\"Evolve\",\"description\":\"Your Evolved Gear Arrived\",\"publisher\":{\"@id\":\"https:\\\/\\\/evolve-fitness.eu\\\/fr\\\/#organization\"},\"potentialAction\":[{\"@type\":\"SearchAction\",\"target\":{\"@type\":\"EntryPoint\",\"urlTemplate\":\"https:\\\/\\\/evolve-fitness.eu\\\/fr\\\/?s={search_term_string}\"},\"query-input\":{\"@type\":\"PropertyValueSpecification\",\"valueRequired\":true,\"valueName\":\"search_term_string\"}}],\"inLanguage\":\"fr-FR\"},{\"@type\":\"Organization\",\"@id\":\"https:\\\/\\\/evolve-fitness.eu\\\/fr\\\/#organization\",\"name\":\"Evolve\",\"url\":\"https:\\\/\\\/evolve-fitness.eu\\\/fr\\\/\",\"logo\":{\"@type\":\"ImageObject\",\"inLanguage\":\"fr-FR\",\"@id\":\"https:\\\/\\\/evolve-fitness.eu\\\/fr\\\/#\\\/schema\\\/logo\\\/image\\\/\",\"url\":\"https:\\\/\\\/evolve-fitness.eu\\\/wp-content\\\/uploads\\\/2023\\\/05\\\/Evolve-logo.svg\",\"contentUrl\":\"https:\\\/\\\/evolve-fitness.eu\\\/wp-content\\\/uploads\\\/2023\\\/05\\\/Evolve-logo.svg\",\"width\":176,\"height\":20,\"caption\":\"Evolve\"},\"image\":{\"@id\":\"https:\\\/\\\/evolve-fitness.eu\\\/fr\\\/#\\\/schema\\\/logo\\\/image\\\/\"},\"sameAs\":[\"https:\\\/\\\/www.facebook.com\\\/EvolveFitnessEurope\"]}]}<\/script>\n<!-- \/ Yoast SEO plugin. -->","yoast_head_json":{"title":"Installation - Evolve","description":"Nos services de livraison et d'installation couvrent tous les pays europ\u00e9ens. Des appareils individuels aux salles de sport commerciales compl\u00e8tes, tous les types de salles de sport sont concern\u00e9s.","robots":{"index":"index","follow":"follow","max-snippet":"max-snippet:-1","max-image-preview":"max-image-preview:large","max-video-preview":"max-video-preview:-1"},"canonical":"https:\/\/evolve-fitness.eu\/fr\/installation\/","og_locale":"fr_FR","og_type":"article","og_title":"Installation - Evolve","og_description":"Nos services de livraison et d'installation couvrent tous les pays europ\u00e9ens. Des appareils individuels aux salles de sport commerciales compl\u00e8tes, tous les types de salles de sport sont concern\u00e9s.","og_url":"https:\/\/evolve-fitness.eu\/fr\/installation\/","og_site_name":"Evolve","article_publisher":"https:\/\/www.facebook.com\/EvolveFitnessEurope","article_modified_time":"2025-11-05T08:23:30+00:00","og_image":[{"width":2560,"height":1440,"url":"https:\/\/evolve-fitness.eu\/wp-content\/uploads\/2025\/08\/vlcsnap-2023-06-22-17h40m07s325-scaled.png","type":"image\/png"}],"twitter_card":"summary_large_image","schema":{"@context":"https:\/\/schema.org","@graph":[{"@type":"WebPage","@id":"https:\/\/evolve-fitness.eu\/fr\/installation\/","url":"https:\/\/evolve-fitness.eu\/fr\/installation\/","name":"Installation - Evolve","isPartOf":{"@id":"https:\/\/evolve-fitness.eu\/fr\/#website"},"primaryImageOfPage":{"@id":"https:\/\/evolve-fitness.eu\/fr\/installation\/#primaryimage"},"image":{"@id":"https:\/\/evolve-fitness.eu\/fr\/installation\/#primaryimage"},"thumbnailUrl":"https:\/\/evolve-fitness.eu\/wp-content\/uploads\/2025\/08\/vlcsnap-2023-06-22-17h40m07s325-1024x576.png","datePublished":"2025-07-07T03:44:43+00:00","dateModified":"2025-11-05T08:23:30+00:00","description":"Nos services de livraison et d'installation couvrent tous les pays europ\u00e9ens. Des appareils individuels aux salles de sport commerciales compl\u00e8tes, tous les types de salles de sport sont concern\u00e9s.","breadcrumb":{"@id":"https:\/\/evolve-fitness.eu\/fr\/installation\/#breadcrumb"},"inLanguage":"fr-FR","potentialAction":[{"@type":"ReadAction","target":["https:\/\/evolve-fitness.eu\/fr\/installation\/"]}]},{"@type":"ImageObject","inLanguage":"fr-FR","@id":"https:\/\/evolve-fitness.eu\/fr\/installation\/#primaryimage","url":"https:\/\/evolve-fitness.eu\/wp-content\/uploads\/2025\/08\/vlcsnap-2023-06-22-17h40m07s325-1024x576.png","contentUrl":"https:\/\/evolve-fitness.eu\/wp-content\/uploads\/2025\/08\/vlcsnap-2023-06-22-17h40m07s325-1024x576.png"},{"@type":"BreadcrumbList","@id":"https:\/\/evolve-fitness.eu\/fr\/installation\/#breadcrumb","itemListElement":[{"@type":"ListItem","position":1,"name":"Home","item":"https:\/\/evolve-fitness.eu\/fr\/"},{"@type":"ListItem","position":2,"name":"Installation"}]},{"@type":"WebSite","@id":"https:\/\/evolve-fitness.eu\/fr\/#website","url":"https:\/\/evolve-fitness.eu\/fr\/","name":"Evolve","description":"Your Evolved Gear Arrived","publisher":{"@id":"https:\/\/evolve-fitness.eu\/fr\/#organization"},"potentialAction":[{"@type":"SearchAction","target":{"@type":"EntryPoint","urlTemplate":"https:\/\/evolve-fitness.eu\/fr\/?s={search_term_string}"},"query-input":{"@type":"PropertyValueSpecification","valueRequired":true,"valueName":"search_term_string"}}],"inLanguage":"fr-FR"},{"@type":"Organization","@id":"https:\/\/evolve-fitness.eu\/fr\/#organization","name":"Evolve","url":"https:\/\/evolve-fitness.eu\/fr\/","logo":{"@type":"ImageObject","inLanguage":"fr-FR","@id":"https:\/\/evolve-fitness.eu\/fr\/#\/schema\/logo\/image\/","url":"https:\/\/evolve-fitness.eu\/wp-content\/uploads\/2023\/05\/Evolve-logo.svg","contentUrl":"https:\/\/evolve-fitness.eu\/wp-content\/uploads\/2023\/05\/Evolve-logo.svg","width":176,"height":20,"caption":"Evolve"},"image":{"@id":"https:\/\/evolve-fitness.eu\/fr\/#\/schema\/logo\/image\/"},"sameAs":["https:\/\/www.facebook.com\/EvolveFitnessEurope"]}]}},"_links":{"self":[{"href":"https:\/\/evolve-fitness.eu\/fr\/wp-json\/wp\/v2\/pages\/213202","targetHints":{"allow":["GET"]}}],"collection":[{"href":"https:\/\/evolve-fitness.eu\/fr\/wp-json\/wp\/v2\/pages"}],"about":[{"href":"https:\/\/evolve-fitness.eu\/fr\/wp-json\/wp\/v2\/types\/page"}],"author":[{"embeddable":true,"href":"https:\/\/evolve-fitness.eu\/fr\/wp-json\/wp\/v2\/users\/15"}],"replies":[{"embeddable":true,"href":"https:\/\/evolve-fitness.eu\/fr\/wp-json\/wp\/v2\/comments?post=213202"}],"version-history":[{"count":0,"href":"https:\/\/evolve-fitness.eu\/fr\/wp-json\/wp\/v2\/pages\/213202\/revisions"}],"wp:attachment":[{"href":"https:\/\/evolve-fitness.eu\/fr\/wp-json\/wp\/v2\/media?parent=213202"}],"curies":[{"name":"wp","href":"https:\/\/api.w.org\/{rel}","templated":true}]}}