{"id":103759,"date":"2023-11-16T09:40:21","date_gmt":"2023-11-16T09:40:21","guid":{"rendered":"https:\/\/evolve-fitness.eu\/product\/abducteur-de-hanche-evolve-ultra-series-charge-a-la-plaque-en-position-debout\/"},"modified":"2024-10-23T11:03:53","modified_gmt":"2024-10-23T11:03:53","slug":"abducteur-de-hanche-evolve-ultra-series-charge-a-la-plaque-en-position-debout","status":"publish","type":"product","link":"https:\/\/evolve-fitness.eu\/fr\/produit\/abducteur-de-hanche-evolve-ultra-series-charge-a-la-plaque-en-position-debout\/","title":{"rendered":"Abducteur de hanche Evolve Ultra Series charg\u00e9 \u00e0 la plaque en position debout"},"content":{"rendered":"\n<section class=\"wp-block-group alignfull has-lightgray-background-color has-background is-layout-constrained wp-block-group-is-layout-constrained\">\n<div class=\"wp-block-columns alignwide is-layout-flex wp-container-core-columns-is-layout-2edb0647 wp-block-columns-is-layout-flex\" style=\"margin-top:0;margin-bottom:0\">\n<div class=\"wp-block-column is-layout-flow wp-block-column-is-layout-flow\" style=\"flex-basis:33.33%\"><\/div>\n\n\n\n<div class=\"wp-block-column is-layout-flow wp-block-column-is-layout-flow\" style=\"flex-basis:66.66%\"><\/div>\n<\/div>\n<\/section>\n\n<section class=\"wp-block-group alignfull black-content has-white-color has-darkgray-background-color has-text-color has-background is-layout-constrained wp-block-group-is-layout-constrained\" style=\"padding-top:var(--wp--preset--spacing--section-bottom);padding-bottom:var(--wp--preset--spacing--section-bottom)\">\n<section class=\"wp-block-group alignfull black-content has-white-color has-darkgray-background-color has-text-color has-background is-layout-constrained wp-block-group-is-layout-constrained\" style=\"margin-bottom:0;padding-top:var(--wp--preset--spacing--tb-padding);padding-bottom:var(--wp--preset--spacing--tb-padding)\">\n<div class=\"wp-block-columns alignwide mobile-reverse is-layout-flex wp-container-core-columns-is-layout-035fa626 wp-block-columns-is-layout-flex\" style=\"margin-bottom:var(--wp--preset--spacing--side-padding);padding-top:var(--wp--preset--spacing--tb-padding);padding-bottom:var(--wp--preset--spacing--tb-padding)\">\n<div class=\"wp-block-column is-vertically-aligned-center is-layout-flow wp-block-column-is-layout-flow\">\n<h3 class=\"wp-block-heading\" style=\"margin-bottom:var(--wp--preset--spacing--h-3-bottom)\"><strong><strong><strong><strong><strong><strong><strong>Engagement musculaire cibl\u00e9<\/strong><\/strong><\/strong><\/strong><\/strong><\/strong><\/strong><\/h3>\n\n\n\n<p><strong><em><strong><strong><strong><strong><strong>Mouvement unilat\u00e9ral du bras (disponible sur certaines machines)<\/strong><\/strong><\/strong><\/strong><\/strong><\/em><\/strong><\/p>\n\n\n\n<p>L&rsquo;abducteur de hanche debout Evolve Ultra Series charg\u00e9 de plaques est con\u00e7u pour fournir un entra\u00eenement cibl\u00e9 du bas du corps, en mettant l&rsquo;accent sur les muscles abducteurs de la hanche. Gr\u00e2ce \u00e0 sa conception sp\u00e9cialis\u00e9e, cette machine sollicite et renforce efficacement les muscles responsables de l&rsquo;\u00e9cartement des jambes par rapport \u00e0 la ligne m\u00e9diane du corps. Ses niveaux de r\u00e9sistance r\u00e9glables s&rsquo;adressent aux utilisateurs de diff\u00e9rents niveaux de force et de condition physique, garantissant ainsi des s\u00e9ances d&rsquo;entra\u00eenement personnalis\u00e9es adapt\u00e9es aux besoins de chacun. En mettant l&rsquo;accent sur une forme et une technique appropri\u00e9es, l&rsquo;abducteur de hanche debout contribue \u00e0 am\u00e9liorer la stabilit\u00e9 et la mobilit\u00e9 de la hanche, ainsi que le fonctionnement g\u00e9n\u00e9ral du bas du corps. Sa construction ergonomique garantit le confort et la s\u00e9curit\u00e9 de l&rsquo;utilisateur, en r\u00e9duisant le risque de tension ou de blessure pendant l&rsquo;utilisation. Que les utilisateurs cherchent \u00e0 am\u00e9liorer leurs performances sportives, \u00e0 se remettre d&rsquo;une blessure ou \u00e0 am\u00e9liorer leur mobilit\u00e9 au quotidien, l&rsquo;abducteur de hanche debout offre une solution pratique et efficace pour cibler et renforcer les muscles abducteurs de la hanche.<\/p>\n<\/div>\n\n\n\n<div class=\"wp-block-column is-vertically-aligned-center is-layout-flow wp-block-column-is-layout-flow\">\n<figure class=\"wp-block-video\"><video height=\"2000\" style=\"aspect-ratio: 2000 \/ 2000;\" width=\"2000\" autoplay=\"\" controls=\"\" loop=\"\" muted=\"\" src=\"https:\/\/evolve-fitness.eu\/wp-content\/uploads\/2024\/03\/EV-PL-UL-440-Evolve-Ultra-Series-Plate-loaded-standing-Hip-abductor-1.mp4\"><\/video><\/figure>\n<\/div>\n<\/div>\n\n\n\n<div class=\"wp-block-columns alignwide mobile-reverse is-layout-flex wp-container-core-columns-is-layout-7a02faa9 wp-block-columns-is-layout-flex\" style=\"margin-bottom:var(--wp--preset--spacing--tb-section-padding)\">\n<div class=\"wp-block-column is-vertically-aligned-center is-layout-flow wp-block-column-is-layout-flow\">\n<figure class=\"wp-block-image size-large\"><img loading=\"lazy\" decoding=\"async\" width=\"1024\" height=\"683\" src=\"https:\/\/evolve-fitness.eu\/wp-content\/uploads\/2023\/11\/EV-PL-UL-440-1024x683.jpg\" alt=\"\" class=\"wp-image-160267\" srcset=\"https:\/\/evolve-fitness.eu\/wp-content\/uploads\/2023\/11\/EV-PL-UL-440-1024x683.jpg 1024w, https:\/\/evolve-fitness.eu\/wp-content\/uploads\/2023\/11\/EV-PL-UL-440-300x200.jpg 300w, https:\/\/evolve-fitness.eu\/wp-content\/uploads\/2023\/11\/EV-PL-UL-440-150x100.jpg 150w, https:\/\/evolve-fitness.eu\/wp-content\/uploads\/2023\/11\/EV-PL-UL-440-768x512.jpg 768w, https:\/\/evolve-fitness.eu\/wp-content\/uploads\/2023\/11\/EV-PL-UL-440-1536x1024.jpg 1536w, https:\/\/evolve-fitness.eu\/wp-content\/uploads\/2023\/11\/EV-PL-UL-440-2048x1365.jpg 2048w, https:\/\/evolve-fitness.eu\/wp-content\/uploads\/2023\/11\/EV-PL-UL-440-600x400.jpg 600w, https:\/\/evolve-fitness.eu\/wp-content\/uploads\/2023\/11\/EV-PL-UL-440-225x150.jpg 225w\" sizes=\"auto, (max-width: 1024px) 100vw, 1024px\" \/><\/figure>\n<\/div>\n\n\n\n<div class=\"wp-block-column is-vertically-aligned-center is-layout-flow wp-block-column-is-layout-flow\">\n<h3 class=\"wp-block-heading\" style=\"margin-bottom:var(--wp--preset--spacing--h-3-bottom)\"><strong><strong><strong><strong><strong><strong><strong><strong><strong>R\u00e9sistance r\u00e9glable<\/strong><\/strong><\/strong><\/strong><\/strong><\/strong><\/strong><\/strong><\/strong><\/h3>\n\n\n\n<p><strong><em><strong><strong><strong><strong><strong><strong>Piles de poids personnalisables<\/strong><\/strong><\/strong><\/strong><\/strong><\/strong><\/em><\/strong><\/p>\n\n\n\n<p>Les utilisateurs peuvent facilement ajuster les niveaux de r\u00e9sistance en ajoutant ou en retirant des plaques de poids, ce qui permet des s\u00e9ances d&rsquo;entra\u00eenement personnalis\u00e9es qui r\u00e9pondent aux niveaux de force et de progression des mollets individuels. Qu&rsquo;il s&rsquo;agisse d&rsquo;am\u00e9liorer l&rsquo;endurance des mollets ou de gagner en force, la r\u00e9sistance r\u00e9glable permet de s&rsquo;adapter \u00e0 diff\u00e9rents objectifs d&rsquo;entra\u00eenement.<\/p>\n\n\n\n<p><\/p>\n\n\n\n<h3 class=\"wp-block-heading\" style=\"margin-bottom:var(--wp--preset--spacing--h-3-bottom)\"><strong><strong><strong><strong><strong><strong><strong><strong>Design confortable<\/strong><\/strong><\/strong><\/strong><\/strong><\/strong><\/strong><\/strong><\/h3>\n\n\n\n<p><strong><em><strong><strong><strong><strong><strong><strong>Rembourrage et poign\u00e9es ergonomiques<\/strong><\/strong><\/strong><\/strong><\/strong><\/strong><\/em><\/strong><\/p>\n\n\n\n<p>Con\u00e7ue pour le confort de l&rsquo;utilisateur, la machine Seated Calf Raise est \u00e9quip\u00e9e de coussins et de poign\u00e9es ergonomiques qui favorisent le positionnement correct des jambes et le soutien pendant les exercices.<\/p>\n<\/div>\n<\/div>\n\n\n\n<div class=\"wp-block-columns alignwide mobile-reverse is-layout-flex wp-container-core-columns-is-layout-7a02faa9 wp-block-columns-is-layout-flex\" style=\"margin-bottom:var(--wp--preset--spacing--tb-section-padding)\">\n<div class=\"wp-block-column is-vertically-aligned-center is-layout-flow wp-block-column-is-layout-flow\">\n<h3 class=\"wp-block-heading\" style=\"margin-bottom:var(--wp--preset--spacing--h-3-bottom)\"><strong><strong><strong><strong><strong><strong><strong><strong><strong>Empreinte compacte<\/strong><\/strong><\/strong><\/strong><\/strong><\/strong><\/strong><\/strong><\/strong><\/h3>\n\n\n\n<p><strong><em><strong><strong><strong><strong><strong><strong>Conception efficace de l&rsquo;espace<\/strong><\/strong><\/strong><\/strong><\/strong><\/strong><\/em><\/strong><\/p>\n\n\n\n<p>Malgr\u00e9 sa fonctionnalit\u00e9, l&rsquo;appareil Standing Leg Curl conserve un encombrement r\u00e9duit, ce qui le rend adapt\u00e9 aux personnes disposant d&rsquo;un espace d&rsquo;entra\u00eenement limit\u00e9. Son design \u00e9pur\u00e9 maximise l&rsquo;efficacit\u00e9 de l&rsquo;espace sans compromettre la fonctionnalit\u00e9, garantissant une zone d&rsquo;entra\u00eenement optimis\u00e9e d\u00e9di\u00e9e \u00e0 l&rsquo;entra\u00eenement efficace des ischio-jambiers.<\/p>\n\n\n\n<p><\/p>\n\n\n\n<h3 class=\"wp-block-heading\" style=\"margin-bottom:var(--wp--preset--spacing--h-3-bottom)\"><strong><strong><strong><strong><strong><strong><strong><strong><strong>Finition durable<\/strong><\/strong><\/strong><\/strong><\/strong><\/strong><\/strong><\/strong><\/strong><\/h3>\n\n\n\n<p><strong><em><strong><strong><strong><strong><strong><strong>Technologie de pulv\u00e9risation \u00e9lectrostatique de poudres thermodurcissables<\/strong><\/strong><\/strong><\/strong><\/strong><\/strong><\/em><\/strong><\/p>\n\n\n\n<p>Nos machines sont dot\u00e9es de la technologie de pulv\u00e9risation \u00e9lectrostatique de poudre thermodurcissable qui garantit une finition durable. Ce rev\u00eatement de pointe pr\u00e9serve l&rsquo;attrait visuel de l&rsquo;\u00e9quipement au fil du temps.<\/p>\n<\/div>\n\n\n\n<div class=\"wp-block-column is-vertically-aligned-center is-layout-flow wp-block-column-is-layout-flow\">\n<figure class=\"wp-block-image size-large\"><img loading=\"lazy\" decoding=\"async\" width=\"683\" height=\"1024\" src=\"https:\/\/evolve-fitness.eu\/wp-content\/uploads\/2023\/11\/ev-pl-ul-440-14-683x1024.jpg\" alt=\"\" class=\"wp-image-160369\" srcset=\"https:\/\/evolve-fitness.eu\/wp-content\/uploads\/2023\/11\/ev-pl-ul-440-14-683x1024.jpg 683w, https:\/\/evolve-fitness.eu\/wp-content\/uploads\/2023\/11\/ev-pl-ul-440-14-200x300.jpg 200w, https:\/\/evolve-fitness.eu\/wp-content\/uploads\/2023\/11\/ev-pl-ul-440-14-100x150.jpg 100w, https:\/\/evolve-fitness.eu\/wp-content\/uploads\/2023\/11\/ev-pl-ul-440-14-768x1152.jpg 768w, https:\/\/evolve-fitness.eu\/wp-content\/uploads\/2023\/11\/ev-pl-ul-440-14-1024x1536.jpg 1024w, https:\/\/evolve-fitness.eu\/wp-content\/uploads\/2023\/11\/ev-pl-ul-440-14-1365x2048.jpg 1365w, https:\/\/evolve-fitness.eu\/wp-content\/uploads\/2023\/11\/ev-pl-ul-440-14-300x450.jpg 300w, https:\/\/evolve-fitness.eu\/wp-content\/uploads\/2023\/11\/ev-pl-ul-440-14-600x900.jpg 600w, https:\/\/evolve-fitness.eu\/wp-content\/uploads\/2023\/11\/ev-pl-ul-440-14.jpg 1373w\" sizes=\"auto, (max-width: 683px) 100vw, 683px\" \/><\/figure>\n<\/div>\n<\/div>\n<\/section>\n<\/section>\n","protected":false},"excerpt":{"rendered":"<p>L&rsquo;abducteur de hanche debout Evolve Ultra Series, UL-440, est un paradigme de force et d&rsquo;\u00e9l\u00e9gance en mati\u00e8re d&rsquo;\u00e9quipement de gymnastique. Fabriqu\u00e9 avec des boulons et des \u00e9crous en acier inoxydable, il promet une durabilit\u00e9 et une long\u00e9vit\u00e9 in\u00e9gal\u00e9es. Son rev\u00eatement en cuir PU robuste n&rsquo;est pas seulement une question de confort ; il t\u00e9moigne d&rsquo;une performance durable et d&rsquo;un attrait visuel. Cet appareil est con\u00e7u pour prot\u00e9ger le sol de votre salle de sport gr\u00e2ce \u00e0 des protections robustes, garantissant l&rsquo;absence de dommages ou d&rsquo;\u00e9raflures, m\u00eame lors d&rsquo;entra\u00eenements \u00e0 haute intensit\u00e9. L&rsquo;esth\u00e9tique de l&rsquo;\u00e9quipement est pr\u00e9serv\u00e9e dans le temps gr\u00e2ce \u00e0 sa technologie de projection \u00e9lectrostatique de poudres thermodurcissables, qui garantit une finition durable. Avec une garantie de 2 ans, la possibilit\u00e9 de personnaliser les couleurs du cadre et du rembourrage, et sa construction haut de gamme, le UL-440 est un investissement \u00e0 la fois fonctionnel et stylistique pour tout environnement de fitness.<\/p>\n","protected":false},"featured_media":118098,"template":"","meta":{"_acf_changed":false,"inline_featured_image":false},"product_brand":[],"product_cat":[5194,5333],"product_tag":[],"class_list":{"0":"post-103759","1":"product","2":"type-product","3":"status-publish","4":"has-post-thumbnail","6":"product_cat-machines-a-plateau","7":"product_cat-ultra-series-plate-loaded-machines","9":"first","10":"instock","11":"virtual","12":"purchasable","13":"product-type-simple"},"acf":{"long_title":"Evolve Ultra Series Abducteur de hanche debout charg\u00e9 \u00e0 la plaque, UL-440","subtitle":"","specifications":[{"label":"SKU","text_value":"EV-PL-UL-440","icon":"x"},{"label":"Garantie  ","text_value":"2 ans","icon":"x"},{"label":"Rev\u00eatement \u00e9pais en cuir PU","text_value":"","icon":"x"},{"label":"Protecteurs de sol durables","text_value":"","icon":"v"},{"label":"Personnalisez les couleurs du cadre et du rev\u00eatement","text_value":"","icon":"v"},{"label":"","text_value":"","icon":"v"},{"label":"","text_value":"","icon":"v"},{"label":"","text_value":"","icon":"x"}]},"yoast_head":"<!-- This site is optimized with the Yoast SEO plugin v27.4 - https:\/\/yoast.com\/product\/yoast-seo-wordpress\/ -->\n<title>Abducteur de hanche Evolve Ultra Series charg\u00e9 \u00e0 la plaque en position debout - Evolve<\/title>\n<meta name=\"robots\" content=\"index, follow, max-snippet:-1, max-image-preview:large, max-video-preview:-1\" \/>\n<link rel=\"canonical\" href=\"https:\/\/evolve-fitness.eu\/fr\/produit\/abducteur-de-hanche-evolve-ultra-series-charge-a-la-plaque-en-position-debout\/\" \/>\n<meta property=\"og:locale\" content=\"fr_FR\" \/>\n<meta property=\"og:type\" content=\"article\" \/>\n<meta property=\"og:title\" content=\"Abducteur de hanche Evolve Ultra Series charg\u00e9 \u00e0 la plaque en position debout - Evolve\" \/>\n<meta property=\"og:url\" content=\"https:\/\/evolve-fitness.eu\/fr\/produit\/abducteur-de-hanche-evolve-ultra-series-charge-a-la-plaque-en-position-debout\/\" \/>\n<meta property=\"og:site_name\" content=\"Evolve\" \/>\n<meta property=\"article:publisher\" content=\"https:\/\/www.facebook.com\/EvolveFitnessEurope\" \/>\n<meta property=\"article:modified_time\" content=\"2024-10-23T11:03:53+00:00\" \/>\n<meta property=\"og:image\" content=\"https:\/\/evolve-fitness.eu\/wp-content\/uploads\/2023\/11\/EV-PL-UL-440-Evolve-Ultra-Series-Plate-loaded-standing-Hip-abductor-1.png\" \/>\n\t<meta property=\"og:image:width\" content=\"680\" \/>\n\t<meta property=\"og:image:height\" content=\"600\" \/>\n\t<meta property=\"og:image:type\" content=\"image\/png\" \/>\n<meta name=\"twitter:card\" content=\"summary_large_image\" \/>\n<script type=\"application\/ld+json\" class=\"yoast-schema-graph\">{\"@context\":\"https:\\\/\\\/schema.org\",\"@graph\":[{\"@type\":\"WebPage\",\"@id\":\"https:\\\/\\\/evolve-fitness.eu\\\/fr\\\/produit\\\/abducteur-de-hanche-evolve-ultra-series-charge-a-la-plaque-en-position-debout\\\/\",\"url\":\"https:\\\/\\\/evolve-fitness.eu\\\/fr\\\/produit\\\/abducteur-de-hanche-evolve-ultra-series-charge-a-la-plaque-en-position-debout\\\/\",\"name\":\"Abducteur de hanche Evolve Ultra Series charg\u00e9 \u00e0 la plaque en position debout - Evolve\",\"isPartOf\":{\"@id\":\"https:\\\/\\\/evolve-fitness.eu\\\/fr\\\/#website\"},\"primaryImageOfPage\":{\"@id\":\"https:\\\/\\\/evolve-fitness.eu\\\/fr\\\/produit\\\/abducteur-de-hanche-evolve-ultra-series-charge-a-la-plaque-en-position-debout\\\/#primaryimage\"},\"image\":{\"@id\":\"https:\\\/\\\/evolve-fitness.eu\\\/fr\\\/produit\\\/abducteur-de-hanche-evolve-ultra-series-charge-a-la-plaque-en-position-debout\\\/#primaryimage\"},\"thumbnailUrl\":\"https:\\\/\\\/evolve-fitness.eu\\\/wp-content\\\/uploads\\\/2023\\\/11\\\/EV-PL-UL-440-Evolve-Ultra-Series-Plate-loaded-standing-Hip-abductor-1.png\",\"datePublished\":\"2023-11-16T09:40:21+00:00\",\"dateModified\":\"2024-10-23T11:03:53+00:00\",\"breadcrumb\":{\"@id\":\"https:\\\/\\\/evolve-fitness.eu\\\/fr\\\/produit\\\/abducteur-de-hanche-evolve-ultra-series-charge-a-la-plaque-en-position-debout\\\/#breadcrumb\"},\"inLanguage\":\"fr-FR\",\"potentialAction\":[{\"@type\":\"ReadAction\",\"target\":[\"https:\\\/\\\/evolve-fitness.eu\\\/fr\\\/produit\\\/abducteur-de-hanche-evolve-ultra-series-charge-a-la-plaque-en-position-debout\\\/\"]}]},{\"@type\":\"ImageObject\",\"inLanguage\":\"fr-FR\",\"@id\":\"https:\\\/\\\/evolve-fitness.eu\\\/fr\\\/produit\\\/abducteur-de-hanche-evolve-ultra-series-charge-a-la-plaque-en-position-debout\\\/#primaryimage\",\"url\":\"https:\\\/\\\/evolve-fitness.eu\\\/wp-content\\\/uploads\\\/2023\\\/11\\\/EV-PL-UL-440-Evolve-Ultra-Series-Plate-loaded-standing-Hip-abductor-1.png\",\"contentUrl\":\"https:\\\/\\\/evolve-fitness.eu\\\/wp-content\\\/uploads\\\/2023\\\/11\\\/EV-PL-UL-440-Evolve-Ultra-Series-Plate-loaded-standing-Hip-abductor-1.png\",\"width\":680,\"height\":600,\"caption\":\"EV-PL-UL-440\"},{\"@type\":\"BreadcrumbList\",\"@id\":\"https:\\\/\\\/evolve-fitness.eu\\\/fr\\\/produit\\\/abducteur-de-hanche-evolve-ultra-series-charge-a-la-plaque-en-position-debout\\\/#breadcrumb\",\"itemListElement\":[{\"@type\":\"ListItem\",\"position\":1,\"name\":\"Home\",\"item\":\"https:\\\/\\\/evolve-fitness.eu\\\/fr\\\/\"},{\"@type\":\"ListItem\",\"position\":2,\"name\":\"Produits\",\"item\":\"https:\\\/\\\/evolve-fitness.eu\\\/fr\\\/shop\\\/\"},{\"@type\":\"ListItem\",\"position\":3,\"name\":\"Abducteur de hanche Evolve Ultra Series charg\u00e9 \u00e0 la plaque en position debout\"}]},{\"@type\":\"WebSite\",\"@id\":\"https:\\\/\\\/evolve-fitness.eu\\\/fr\\\/#website\",\"url\":\"https:\\\/\\\/evolve-fitness.eu\\\/fr\\\/\",\"name\":\"Evolve\",\"description\":\"Your Evolved Gear Arrived\",\"publisher\":{\"@id\":\"https:\\\/\\\/evolve-fitness.eu\\\/fr\\\/#organization\"},\"potentialAction\":[{\"@type\":\"SearchAction\",\"target\":{\"@type\":\"EntryPoint\",\"urlTemplate\":\"https:\\\/\\\/evolve-fitness.eu\\\/fr\\\/?s={search_term_string}\"},\"query-input\":{\"@type\":\"PropertyValueSpecification\",\"valueRequired\":true,\"valueName\":\"search_term_string\"}}],\"inLanguage\":\"fr-FR\"},{\"@type\":\"Organization\",\"@id\":\"https:\\\/\\\/evolve-fitness.eu\\\/fr\\\/#organization\",\"name\":\"Evolve\",\"url\":\"https:\\\/\\\/evolve-fitness.eu\\\/fr\\\/\",\"logo\":{\"@type\":\"ImageObject\",\"inLanguage\":\"fr-FR\",\"@id\":\"https:\\\/\\\/evolve-fitness.eu\\\/fr\\\/#\\\/schema\\\/logo\\\/image\\\/\",\"url\":\"https:\\\/\\\/evolve-fitness.eu\\\/wp-content\\\/uploads\\\/2023\\\/05\\\/Evolve-logo.svg\",\"contentUrl\":\"https:\\\/\\\/evolve-fitness.eu\\\/wp-content\\\/uploads\\\/2023\\\/05\\\/Evolve-logo.svg\",\"width\":176,\"height\":20,\"caption\":\"Evolve\"},\"image\":{\"@id\":\"https:\\\/\\\/evolve-fitness.eu\\\/fr\\\/#\\\/schema\\\/logo\\\/image\\\/\"},\"sameAs\":[\"https:\\\/\\\/www.facebook.com\\\/EvolveFitnessEurope\"]}]}<\/script>\n<!-- \/ Yoast SEO plugin. -->","yoast_head_json":{"title":"Abducteur de hanche Evolve Ultra Series charg\u00e9 \u00e0 la plaque en position debout - Evolve","robots":{"index":"index","follow":"follow","max-snippet":"max-snippet:-1","max-image-preview":"max-image-preview:large","max-video-preview":"max-video-preview:-1"},"canonical":"https:\/\/evolve-fitness.eu\/fr\/produit\/abducteur-de-hanche-evolve-ultra-series-charge-a-la-plaque-en-position-debout\/","og_locale":"fr_FR","og_type":"article","og_title":"Abducteur de hanche Evolve Ultra Series charg\u00e9 \u00e0 la plaque en position debout - Evolve","og_url":"https:\/\/evolve-fitness.eu\/fr\/produit\/abducteur-de-hanche-evolve-ultra-series-charge-a-la-plaque-en-position-debout\/","og_site_name":"Evolve","article_publisher":"https:\/\/www.facebook.com\/EvolveFitnessEurope","article_modified_time":"2024-10-23T11:03:53+00:00","og_image":[{"width":680,"height":600,"url":"https:\/\/evolve-fitness.eu\/wp-content\/uploads\/2023\/11\/EV-PL-UL-440-Evolve-Ultra-Series-Plate-loaded-standing-Hip-abductor-1.png","type":"image\/png"}],"twitter_card":"summary_large_image","schema":{"@context":"https:\/\/schema.org","@graph":[{"@type":"WebPage","@id":"https:\/\/evolve-fitness.eu\/fr\/produit\/abducteur-de-hanche-evolve-ultra-series-charge-a-la-plaque-en-position-debout\/","url":"https:\/\/evolve-fitness.eu\/fr\/produit\/abducteur-de-hanche-evolve-ultra-series-charge-a-la-plaque-en-position-debout\/","name":"Abducteur de hanche Evolve Ultra Series charg\u00e9 \u00e0 la plaque en position debout - Evolve","isPartOf":{"@id":"https:\/\/evolve-fitness.eu\/fr\/#website"},"primaryImageOfPage":{"@id":"https:\/\/evolve-fitness.eu\/fr\/produit\/abducteur-de-hanche-evolve-ultra-series-charge-a-la-plaque-en-position-debout\/#primaryimage"},"image":{"@id":"https:\/\/evolve-fitness.eu\/fr\/produit\/abducteur-de-hanche-evolve-ultra-series-charge-a-la-plaque-en-position-debout\/#primaryimage"},"thumbnailUrl":"https:\/\/evolve-fitness.eu\/wp-content\/uploads\/2023\/11\/EV-PL-UL-440-Evolve-Ultra-Series-Plate-loaded-standing-Hip-abductor-1.png","datePublished":"2023-11-16T09:40:21+00:00","dateModified":"2024-10-23T11:03:53+00:00","breadcrumb":{"@id":"https:\/\/evolve-fitness.eu\/fr\/produit\/abducteur-de-hanche-evolve-ultra-series-charge-a-la-plaque-en-position-debout\/#breadcrumb"},"inLanguage":"fr-FR","potentialAction":[{"@type":"ReadAction","target":["https:\/\/evolve-fitness.eu\/fr\/produit\/abducteur-de-hanche-evolve-ultra-series-charge-a-la-plaque-en-position-debout\/"]}]},{"@type":"ImageObject","inLanguage":"fr-FR","@id":"https:\/\/evolve-fitness.eu\/fr\/produit\/abducteur-de-hanche-evolve-ultra-series-charge-a-la-plaque-en-position-debout\/#primaryimage","url":"https:\/\/evolve-fitness.eu\/wp-content\/uploads\/2023\/11\/EV-PL-UL-440-Evolve-Ultra-Series-Plate-loaded-standing-Hip-abductor-1.png","contentUrl":"https:\/\/evolve-fitness.eu\/wp-content\/uploads\/2023\/11\/EV-PL-UL-440-Evolve-Ultra-Series-Plate-loaded-standing-Hip-abductor-1.png","width":680,"height":600,"caption":"EV-PL-UL-440"},{"@type":"BreadcrumbList","@id":"https:\/\/evolve-fitness.eu\/fr\/produit\/abducteur-de-hanche-evolve-ultra-series-charge-a-la-plaque-en-position-debout\/#breadcrumb","itemListElement":[{"@type":"ListItem","position":1,"name":"Home","item":"https:\/\/evolve-fitness.eu\/fr\/"},{"@type":"ListItem","position":2,"name":"Produits","item":"https:\/\/evolve-fitness.eu\/fr\/shop\/"},{"@type":"ListItem","position":3,"name":"Abducteur de hanche Evolve Ultra Series charg\u00e9 \u00e0 la plaque en position debout"}]},{"@type":"WebSite","@id":"https:\/\/evolve-fitness.eu\/fr\/#website","url":"https:\/\/evolve-fitness.eu\/fr\/","name":"Evolve","description":"Your Evolved Gear Arrived","publisher":{"@id":"https:\/\/evolve-fitness.eu\/fr\/#organization"},"potentialAction":[{"@type":"SearchAction","target":{"@type":"EntryPoint","urlTemplate":"https:\/\/evolve-fitness.eu\/fr\/?s={search_term_string}"},"query-input":{"@type":"PropertyValueSpecification","valueRequired":true,"valueName":"search_term_string"}}],"inLanguage":"fr-FR"},{"@type":"Organization","@id":"https:\/\/evolve-fitness.eu\/fr\/#organization","name":"Evolve","url":"https:\/\/evolve-fitness.eu\/fr\/","logo":{"@type":"ImageObject","inLanguage":"fr-FR","@id":"https:\/\/evolve-fitness.eu\/fr\/#\/schema\/logo\/image\/","url":"https:\/\/evolve-fitness.eu\/wp-content\/uploads\/2023\/05\/Evolve-logo.svg","contentUrl":"https:\/\/evolve-fitness.eu\/wp-content\/uploads\/2023\/05\/Evolve-logo.svg","width":176,"height":20,"caption":"Evolve"},"image":{"@id":"https:\/\/evolve-fitness.eu\/fr\/#\/schema\/logo\/image\/"},"sameAs":["https:\/\/www.facebook.com\/EvolveFitnessEurope"]}]}},"_links":{"self":[{"href":"https:\/\/evolve-fitness.eu\/fr\/wp-json\/wp\/v2\/product\/103759","targetHints":{"allow":["GET"]}}],"collection":[{"href":"https:\/\/evolve-fitness.eu\/fr\/wp-json\/wp\/v2\/product"}],"about":[{"href":"https:\/\/evolve-fitness.eu\/fr\/wp-json\/wp\/v2\/types\/product"}],"wp:featuredmedia":[{"embeddable":true,"href":"https:\/\/evolve-fitness.eu\/fr\/wp-json\/wp\/v2\/media\/118098"}],"wp:attachment":[{"href":"https:\/\/evolve-fitness.eu\/fr\/wp-json\/wp\/v2\/media?parent=103759"}],"wp:term":[{"taxonomy":"product_brand","embeddable":true,"href":"https:\/\/evolve-fitness.eu\/fr\/wp-json\/wp\/v2\/product_brand?post=103759"},{"taxonomy":"product_cat","embeddable":true,"href":"https:\/\/evolve-fitness.eu\/fr\/wp-json\/wp\/v2\/product_cat?post=103759"},{"taxonomy":"product_tag","embeddable":true,"href":"https:\/\/evolve-fitness.eu\/fr\/wp-json\/wp\/v2\/product_tag?post=103759"}],"curies":[{"name":"wp","href":"https:\/\/api.w.org\/{rel}","templated":true}]}}