{"id":105037,"date":"2023-12-18T12:04:19","date_gmt":"2023-12-18T12:04:19","guid":{"rendered":"https:\/\/evolve-fitness.eu\/product\/ensemble-de-pompes-a-corps-en-urethane-evolve\/"},"modified":"2026-04-09T15:21:04","modified_gmt":"2026-04-09T12:21:04","slug":"ensemble-de-pompes-a-corps-en-urethane-evolve","status":"publish","type":"product","link":"https:\/\/evolve-fitness.eu\/fr\/produit\/ensemble-de-pompes-a-corps-en-urethane-evolve\/","title":{"rendered":"Jeu de pompes de studio en ur\u00e9thane Evolve (GT-UPS)"},"content":{"rendered":"\n<section class=\"wp-block-group alignfull has-lightgray-background-color has-background is-layout-constrained wp-block-group-is-layout-constrained\">\n<div class=\"wp-block-columns alignwide is-layout-flex wp-container-core-columns-is-layout-2edb0647 wp-block-columns-is-layout-flex\" style=\"margin-top:0;margin-bottom:0\">\n<div class=\"wp-block-column is-layout-flow wp-block-column-is-layout-flow\" style=\"flex-basis:33.33%\"><\/div>\n\n\n\n<div class=\"wp-block-column is-layout-flow wp-block-column-is-layout-flow\" style=\"flex-basis:66.66%\"><\/div>\n<\/div>\n<\/section>\n\n<section class=\"wp-block-group alignfull black-content has-white-color has-darkgray-background-color has-text-color has-background is-layout-constrained wp-block-group-is-layout-constrained\" style=\"padding-top:var(--wp--preset--spacing--section-bottom);padding-bottom:var(--wp--preset--spacing--section-bottom)\">\n<div class=\"wp-block-columns alignwide mobile-reverse is-layout-flex wp-container-core-columns-is-layout-ca64bf2d wp-block-columns-is-layout-flex\" style=\"margin-bottom:var(--wp--preset--spacing--side-padding)\">\n<div class=\"wp-block-column is-vertically-aligned-center is-layout-flow wp-block-column-is-layout-flow\">\n<h3 class=\"wp-block-heading\" style=\"margin-bottom:var(--wp--preset--spacing--h-3-bottom)\"><strong>Durabilit\u00e9 et performance in\u00e9gal\u00e9es<\/strong><\/h3>\n\n\n\n<p><em><strong>Une conception sup\u00e9rieure pour des s\u00e9ances d&rsquo;entra\u00eenement efficaces<\/strong><\/em><\/p>\n\n\n\n<p style=\"margin-bottom:var(--wp--preset--spacing--tb-section-padding)\">D\u00e9couvrez le summum de la durabilit\u00e9 avec l&rsquo;ensemble de pompes de studio Evolve en ur\u00e9thane &#8211; 19,5 kg. Fabriqu\u00e9 en ur\u00e9thane de premi\u00e8re qualit\u00e9, cet ensemble garantit des performances durables, ce qui en fait un choix id\u00e9al pour les salles de sport commerciales et les s\u00e9ances d&rsquo;entra\u00eenement \u00e0 domicile. La construction robuste assure une r\u00e9sistance aux rayures, \u00e0 l&rsquo;\u00e9caillage et au d\u00e9collement, pr\u00e9servant ainsi son aspect impeccable pendant des ann\u00e9es sans qu&rsquo;il soit n\u00e9cessaire de le remplacer fr\u00e9quemment.  <\/p>\n\n\n\n<h3 class=\"wp-block-heading\" style=\"margin-bottom:var(--wp--preset--spacing--h-3-bottom)\">Poids en ur\u00e9thane fabriqu\u00e9s avec pr\u00e9cision<\/h3>\n\n\n\n<p><strong><em>Des performances constantes pour des s\u00e9ances d&rsquo;entra\u00eenement efficaces<\/em><\/strong><\/p>\n\n\n\n<p>Faites l&rsquo;exp\u00e9rience d&rsquo;un chargement et d&rsquo;un d\u00e9chargement en douceur des plaques gr\u00e2ce aux embouts arrondis des manchons de l&rsquo;ensemble Evolve Urethane Studio Pump. Chaque poids en ur\u00e9thane, dont 2 x 1,25 kg, 2 x 2,5 kg et 2 x 5 kg, est fabriqu\u00e9 avec pr\u00e9cision selon des sp\u00e9cifications exactes, ce qui permet d&rsquo;obtenir un poids et une sensation homog\u00e8nes pour des entra\u00eenements pr\u00e9cis. <\/p>\n<\/div>\n\n\n\n<div class=\"wp-block-column is-vertically-aligned-center is-layout-flow wp-block-column-is-layout-flow\">\n<figure class=\"wp-block-video\"><video height=\"2160\" style=\"aspect-ratio: 3840 \/ 2160;\" width=\"3840\" autoplay=\"\" controls=\"\" loop=\"\" muted=\"\" src=\"https:\/\/evolve-fitness.eu\/wp-content\/uploads\/2023\/12\/1.mp4\"><\/video><\/figure>\n<\/div>\n<\/div>\n\n\n\n<div class=\"wp-block-columns alignwide is-layout-flex wp-container-core-columns-is-layout-c45ee707 wp-block-columns-is-layout-flex\" style=\"margin-bottom:var(--wp--preset--spacing--side-padding);padding-top:var(--wp--preset--spacing--side-padding)\">\n<div class=\"wp-block-column is-vertically-aligned-center is-layout-flow wp-block-column-is-layout-flow\">\n<figure class=\"wp-block-image size-full is-resized is-style-rounded\"><img loading=\"lazy\" decoding=\"async\" width=\"1000\" height=\"665\" src=\"https:\/\/evolve-fitness.eu\/wp-content\/uploads\/2023\/08\/TPU-urethane-weight-plates-6.jpg\" alt=\"\" class=\"wp-image-838\" style=\"object-fit:cover;width:680px;height:600px\" srcset=\"https:\/\/evolve-fitness.eu\/wp-content\/uploads\/2023\/08\/TPU-urethane-weight-plates-6.jpg 1000w, https:\/\/evolve-fitness.eu\/wp-content\/uploads\/2023\/08\/TPU-urethane-weight-plates-6-300x200.jpg 300w, https:\/\/evolve-fitness.eu\/wp-content\/uploads\/2023\/08\/TPU-urethane-weight-plates-6-226x150.jpg 226w, https:\/\/evolve-fitness.eu\/wp-content\/uploads\/2023\/08\/TPU-urethane-weight-plates-6-600x399.jpg 600w, https:\/\/evolve-fitness.eu\/wp-content\/uploads\/2023\/08\/TPU-urethane-weight-plates-6-150x100.jpg 150w, https:\/\/evolve-fitness.eu\/wp-content\/uploads\/2023\/08\/TPU-urethane-weight-plates-6-768x511.jpg 768w\" sizes=\"auto, (max-width: 1000px) 100vw, 1000px\" \/><\/figure>\n<\/div>\n\n\n\n<div class=\"wp-block-column is-vertically-aligned-center is-layout-flow wp-block-column-is-layout-flow\">\n<h3 class=\"wp-block-heading\" style=\"margin-bottom:var(--wp--preset--spacing--h-3-bottom)\">Personnalisation et style<\/h3>\n\n\n\n<p><strong><em><strong><em><strong><em>Am\u00e9liorez l&rsquo;image de marque de votre salle de sport avec l&rsquo;ensemble Studio Pump<\/em><\/strong><\/em><\/strong><\/em><\/strong><\/p>\n\n\n\n<p style=\"margin-bottom:var(--wp--preset--spacing--tb-section-padding)\">Gr\u00e2ce aux options de personnalisation, vous pouvez ajouter votre logo et choisir des couleurs personnalis\u00e9es pour cr\u00e9er une exp\u00e9rience d&rsquo;entra\u00eenement unique qui d\u00e9marque votre salle de sport de la concurrence. L&rsquo;ensemble Evolve Urethane Studio Pump Set offre un aspect visuellement frappant et coh\u00e9rent qui compl\u00e8te parfaitement l&rsquo;identit\u00e9 d&rsquo;une marque de fitness. Le choix des couleurs joue un r\u00f4le essentiel en garantissant que l&rsquo;ensemble ne se d\u00e9marque pas seulement, mais qu&rsquo;il r\u00e9sonne \u00e9galement avec l&rsquo;esth\u00e9tique de la marque. Dot\u00e9 d&rsquo;un logo d\u00e9coup\u00e9 au laser et infus\u00e9 d&rsquo;ur\u00e9thane et d&rsquo;une indication de poids qui ne s&rsquo;\u00e9caillera pas et ne s&rsquo;effacera pas au fil du temps, l&rsquo;ensemble Evolve Urethane Studio Pump Set est con\u00e7u pour durer.   <\/p>\n<\/div>\n<\/div>\n\n\n\n<div class=\"wp-block-columns alignwide mobile-reverse is-layout-flex wp-container-core-columns-is-layout-ca64bf2d wp-block-columns-is-layout-flex\" style=\"margin-bottom:var(--wp--preset--spacing--side-padding)\">\n<div class=\"wp-block-column is-vertically-aligned-center is-layout-flow wp-block-column-is-layout-flow\">\n<h3 class=\"wp-block-heading\" style=\"margin-bottom:var(--wp--preset--spacing--h-3-bottom)\">FONCTIONNALIT\u00c9<\/h3>\n\n\n\n<p>La conception unique ne permet pas au poids de rester bloqu\u00e9 sur la barre.<\/p>\n\n\n\n<p style=\"margin-bottom:var(--wp--preset--spacing--tb-section-padding)\">Les plaques de musculation Evolve ont une surface textur\u00e9e, facile \u00e0 nettoyer, antid\u00e9rapante et offrant une bonne prise en main. Ces caract\u00e9ristiques garantissent \u00e9galement la s\u00e9curit\u00e9 et minimisent la possibilit\u00e9 pour les utilisateurs de se pincer les doigts en chargeant les plaques sur la barre et en les retirant. <\/p>\n\n\n\n<h3 class=\"wp-block-heading\" style=\"margin-bottom:var(--wp--preset--spacing--h-3-bottom)\">Rev\u00eatement en ur\u00e9thane<\/h3>\n\n\n\n<p>Le rev\u00eatement en ur\u00e9thane est tr\u00e8s r\u00e9sistant aux chocs et deux fois plus durable que le rev\u00eatement en caoutchouc.<\/p>\n\n\n\n<p>Les surfaces peintes peuvent s&rsquo;\u00e9cailler et rouiller, le caoutchouc peut se d\u00e9coller ou se fissurer avec le temps. Les plaques de poids en ur\u00e9thane Evolve sont extr\u00eamement durables et ne se d\u00e9gradent pas. Ces poids conserveront une couleur solide et audacieuse pendant toute leur dur\u00e9e de vie. <\/p>\n<\/div>\n\n\n\n<div class=\"wp-block-column is-vertically-aligned-center is-layout-flow wp-block-column-is-layout-flow\">\n<figure class=\"wp-block-image alignleft size-full is-resized is-style-rounded\"><img loading=\"lazy\" decoding=\"async\" width=\"1920\" height=\"1280\" src=\"https:\/\/evolve-fitness.eu\/wp-content\/uploads\/2023\/12\/A7_05432.jpg\" alt=\"\" class=\"wp-image-7840\" style=\"width:686px;height:652px\" srcset=\"https:\/\/evolve-fitness.eu\/wp-content\/uploads\/2023\/12\/A7_05432.jpg 1920w, https:\/\/evolve-fitness.eu\/wp-content\/uploads\/2023\/12\/A7_05432-300x200.jpg 300w, https:\/\/evolve-fitness.eu\/wp-content\/uploads\/2023\/12\/A7_05432-225x150.jpg 225w, https:\/\/evolve-fitness.eu\/wp-content\/uploads\/2023\/12\/A7_05432-600x400.jpg 600w, https:\/\/evolve-fitness.eu\/wp-content\/uploads\/2023\/12\/A7_05432-1024x683.jpg 1024w, https:\/\/evolve-fitness.eu\/wp-content\/uploads\/2023\/12\/A7_05432-150x100.jpg 150w, https:\/\/evolve-fitness.eu\/wp-content\/uploads\/2023\/12\/A7_05432-768x512.jpg 768w, https:\/\/evolve-fitness.eu\/wp-content\/uploads\/2023\/12\/A7_05432-1536x1024.jpg 1536w\" sizes=\"auto, (max-width: 1920px) 100vw, 1920px\" \/><\/figure>\n<\/div>\n<\/div>\n\n\n\n<div class=\"wp-block-columns alignwide is-layout-flex wp-container-core-columns-is-layout-c45ee707 wp-block-columns-is-layout-flex\" style=\"margin-bottom:var(--wp--preset--spacing--side-padding);padding-top:var(--wp--preset--spacing--side-padding)\">\n<div class=\"wp-block-column is-vertically-aligned-center is-layout-flow wp-block-column-is-layout-flow\">\n<figure class=\"wp-block-image size-large\"><img loading=\"lazy\" decoding=\"async\" width=\"1024\" height=\"768\" src=\"https:\/\/evolve-fitness.eu\/wp-content\/uploads\/2023\/12\/Lemon-Gym-Teika-3-1024x768.jpg\" alt=\"\" class=\"wp-image-8985\" srcset=\"https:\/\/evolve-fitness.eu\/wp-content\/uploads\/2023\/12\/Lemon-Gym-Teika-3-1024x768.jpg 1024w, https:\/\/evolve-fitness.eu\/wp-content\/uploads\/2023\/12\/Lemon-Gym-Teika-3-300x225.jpg 300w, https:\/\/evolve-fitness.eu\/wp-content\/uploads\/2023\/12\/Lemon-Gym-Teika-3-200x150.jpg 200w, https:\/\/evolve-fitness.eu\/wp-content\/uploads\/2023\/12\/Lemon-Gym-Teika-3-600x450.jpg 600w, https:\/\/evolve-fitness.eu\/wp-content\/uploads\/2023\/12\/Lemon-Gym-Teika-3-150x113.jpg 150w, https:\/\/evolve-fitness.eu\/wp-content\/uploads\/2023\/12\/Lemon-Gym-Teika-3-768x576.jpg 768w, https:\/\/evolve-fitness.eu\/wp-content\/uploads\/2023\/12\/Lemon-Gym-Teika-3-1536x1152.jpg 1536w, https:\/\/evolve-fitness.eu\/wp-content\/uploads\/2023\/12\/Lemon-Gym-Teika-3.jpg 2048w\" sizes=\"auto, (max-width: 1024px) 100vw, 1024px\" \/><\/figure>\n<\/div>\n\n\n\n<div class=\"wp-block-column is-vertically-aligned-center is-layout-flow wp-block-column-is-layout-flow\">\n<h3 class=\"wp-block-heading\" style=\"margin-bottom:var(--wp--preset--spacing--h-3-bottom)\">L&rsquo;approche de la s\u00e9curit\u00e9 d&rsquo;abord<\/h3>\n\n\n\n<p><strong><em>Une exp\u00e9rience d&rsquo;entra\u00eenement s\u00fbre et fiable<\/em><\/strong><\/p>\n\n\n\n<p>Chez Evolve, la s\u00e9curit\u00e9 est notre priorit\u00e9 absolue. Nos plaques de poids en ur\u00e9thane sont fabriqu\u00e9es \u00e0 partir d&rsquo;un mat\u00e9riau en ur\u00e9thane de haute qualit\u00e9, non toxique et inodore, garantissant un environnement d&rsquo;entra\u00eenement s\u00fbr et sain.<\/p>\n<\/div>\n<\/div>\n\n\n\n<div class=\"wp-block-columns alignwide is-layout-flex wp-container-core-columns-is-layout-c45ee707 wp-block-columns-is-layout-flex\" style=\"margin-bottom:var(--wp--preset--spacing--side-padding);padding-top:var(--wp--preset--spacing--side-padding)\">\n<div class=\"wp-block-column is-vertically-aligned-center is-layout-flow wp-block-column-is-layout-flow\">\n<h3 class=\"wp-block-heading\" style=\"margin-bottom:var(--wp--preset--spacing--h-3-bottom)\">Dites adieu aux doigts pinc\u00e9s<\/h3>\n\n\n\n<p><strong><em>Avec les plaques de poids en ur\u00e9thane Evolve<\/em><\/strong><\/p>\n\n\n\n<p>Les plaques de poids en ur\u00e9thane Evolve sont con\u00e7ues pour rendre le chargement et le d\u00e9chargement plus s\u00fbrs et plus efficaces pour les pratiquants de la gym. L&rsquo;ensemble comprend une barre d&rsquo;halt\u00e8re de 140 cm de long et des colliers \u00e0 ressort, garantissant une exp\u00e9rience d&rsquo;entra\u00eenement s\u00fbre et fiable. La surface textur\u00e9e et la forme arrondie des plaques les emp\u00eachent de se coller les unes aux autres ou \u00e0 d&rsquo;autres surfaces. Les plaques peuvent \u00eatre facilement transport\u00e9es et utilis\u00e9es pour une vari\u00e9t\u00e9 d&rsquo;exercices.   Que vous fassiez des soulev\u00e9s de terre ou des fentes, les quatre poign\u00e9es facilitent le transport et l&rsquo;utilisation de vos plaques de poids, ce qui rend votre entra\u00eenement plus efficace.<\/p>\n<\/div>\n\n\n\n<div class=\"wp-block-column is-vertically-aligned-center is-layout-flow wp-block-column-is-layout-flow\">\n<div class=\"wp-block-columns is-layout-flex wp-container-core-columns-is-layout-9d6595d7 wp-block-columns-is-layout-flex\">\n<div class=\"wp-block-column is-layout-flow wp-block-column-is-layout-flow\"><\/div>\n<\/div>\n<\/div>\n<\/div>\n<\/section>\n","protected":false},"excerpt":{"rendered":"<p>Faites l&rsquo;exp\u00e9rience d&rsquo;un entra\u00eenement exceptionnel avec l&rsquo;Evolve Urethane Studio Pump Set &#8211; 19,5 kg, le summum de la durabilit\u00e9 et de la performance. Fabriqu\u00e9 en ur\u00e9thane de premi\u00e8re qualit\u00e9, cet ensemble offre une long\u00e9vit\u00e9 in\u00e9gal\u00e9e, ce qui en fait le choix id\u00e9al pour les salles de sport commerciales et les s\u00e9ances d&rsquo;entra\u00eenement \u00e0 domicile. Dites adieu aux probl\u00e8mes d&rsquo;usure, car la construction robuste de l&rsquo;ensemble garantit une r\u00e9sistance aux rayures et aux \u00e9br\u00e9chures, pr\u00e9servant ainsi son aspect impeccable au fil du temps. Am\u00e9liorez l&rsquo;identit\u00e9 de votre salle de sport gr\u00e2ce aux options personnalisables, qui vous permettent d&rsquo;ajouter votre logo et de choisir des couleurs personnalis\u00e9es. Les poids en ur\u00e9thane fabriqu\u00e9s avec pr\u00e9cision garantissent un chargement et un d\u00e9chargement en douceur des plaques, facilitant ainsi des s\u00e9ances d&rsquo;entra\u00eenement coh\u00e9rentes et pr\u00e9cises. La s\u00e9curit\u00e9 et la commodit\u00e9 sont primordiales, gr\u00e2ce \u00e0 l&rsquo;halt\u00e8re de 140 cm de long et aux colliers \u00e0 ressort inclus, qui permettent des s\u00e9ances d&rsquo;exercice en toute s\u00e9curit\u00e9. Profitez d&rsquo;un entra\u00eenement polyvalent avec l&rsquo;ensemble de pompes de studio en ur\u00e9thane Evolve, qui s&rsquo;adapte \u00e0 un large \u00e9ventail d&rsquo;exercices et de niveaux de forme physique.<\/p>\n","protected":false},"featured_media":105050,"template":"","meta":{"_acf_changed":false,"inline_featured_image":false},"product_brand":[],"product_cat":[13064,2951],"product_tag":[],"class_list":{"0":"post-105037","1":"product","2":"type-product","3":"status-publish","4":"has-post-thumbnail","6":"product_cat-bar-sets","7":"product_cat-studio-fr","9":"first","10":"instock","11":"shipping-taxable","12":"purchasable","13":"product-type-simple"},"acf":{"long_title":"Jeu de pompes de studio en ur\u00e9thane Evolve (GT-UPS)","subtitle":"","specifications":[{"label":"SKU","text_value":"EV-GT-UPS","icon":"x"}]},"yoast_head":"<!-- This site is optimized with the Yoast SEO plugin v27.4 - https:\/\/yoast.com\/product\/yoast-seo-wordpress\/ -->\n<title>Jeu de pompes de studio en ur\u00e9thane Evolve (GT-UPS) - Evolve<\/title>\n<meta name=\"description\" content=\"Faites l&#039;exp\u00e9rience d&#039;un entra\u00eenement exceptionnel avec l&#039;Evolve Urethane Studio Pump Set - 19,5 kg, le summum de la durabilit\u00e9 et de la performance.\" \/>\n<meta name=\"robots\" content=\"index, follow, max-snippet:-1, max-image-preview:large, max-video-preview:-1\" \/>\n<link rel=\"canonical\" href=\"https:\/\/evolve-fitness.eu\/fr\/produit\/ensemble-de-pompes-a-corps-en-urethane-evolve\/\" \/>\n<meta property=\"og:locale\" content=\"fr_FR\" \/>\n<meta property=\"og:type\" content=\"article\" \/>\n<meta property=\"og:title\" content=\"Jeu de pompes de studio en ur\u00e9thane Evolve (GT-UPS) - Evolve\" \/>\n<meta property=\"og:description\" content=\"Faites l&#039;exp\u00e9rience d&#039;un entra\u00eenement exceptionnel avec l&#039;Evolve Urethane Studio Pump Set - 19,5 kg, le summum de la durabilit\u00e9 et de la performance.\" \/>\n<meta property=\"og:url\" content=\"https:\/\/evolve-fitness.eu\/fr\/produit\/ensemble-de-pompes-a-corps-en-urethane-evolve\/\" \/>\n<meta property=\"og:site_name\" content=\"Evolve\" \/>\n<meta property=\"article:publisher\" content=\"https:\/\/www.facebook.com\/EvolveFitnessEurope\" \/>\n<meta property=\"article:modified_time\" content=\"2026-04-09T12:21:04+00:00\" \/>\n<meta property=\"og:image\" content=\"https:\/\/evolve-fitness.eu\/wp-content\/uploads\/2023\/09\/Evolve-Body-Pump.png\" \/>\n\t<meta property=\"og:image:width\" content=\"680\" \/>\n\t<meta property=\"og:image:height\" content=\"600\" \/>\n\t<meta property=\"og:image:type\" content=\"image\/png\" \/>\n<meta name=\"twitter:card\" content=\"summary_large_image\" \/>\n<script type=\"application\/ld+json\" class=\"yoast-schema-graph\">{\"@context\":\"https:\\\/\\\/schema.org\",\"@graph\":[{\"@type\":\"WebPage\",\"@id\":\"https:\\\/\\\/evolve-fitness.eu\\\/fr\\\/produit\\\/ensemble-de-pompes-a-corps-en-urethane-evolve\\\/\",\"url\":\"https:\\\/\\\/evolve-fitness.eu\\\/fr\\\/produit\\\/ensemble-de-pompes-a-corps-en-urethane-evolve\\\/\",\"name\":\"Jeu de pompes de studio en ur\u00e9thane Evolve (GT-UPS) - Evolve\",\"isPartOf\":{\"@id\":\"https:\\\/\\\/evolve-fitness.eu\\\/fr\\\/#website\"},\"primaryImageOfPage\":{\"@id\":\"https:\\\/\\\/evolve-fitness.eu\\\/fr\\\/produit\\\/ensemble-de-pompes-a-corps-en-urethane-evolve\\\/#primaryimage\"},\"image\":{\"@id\":\"https:\\\/\\\/evolve-fitness.eu\\\/fr\\\/produit\\\/ensemble-de-pompes-a-corps-en-urethane-evolve\\\/#primaryimage\"},\"thumbnailUrl\":\"https:\\\/\\\/evolve-fitness.eu\\\/wp-content\\\/uploads\\\/2023\\\/09\\\/Evolve-Body-Pump.png\",\"datePublished\":\"2023-12-18T12:04:19+00:00\",\"dateModified\":\"2026-04-09T12:21:04+00:00\",\"description\":\"Faites l'exp\u00e9rience d'un entra\u00eenement exceptionnel avec l'Evolve Urethane Studio Pump Set - 19,5 kg, le summum de la durabilit\u00e9 et de la performance.\",\"breadcrumb\":{\"@id\":\"https:\\\/\\\/evolve-fitness.eu\\\/fr\\\/produit\\\/ensemble-de-pompes-a-corps-en-urethane-evolve\\\/#breadcrumb\"},\"inLanguage\":\"fr-FR\",\"potentialAction\":[{\"@type\":\"ReadAction\",\"target\":[\"https:\\\/\\\/evolve-fitness.eu\\\/fr\\\/produit\\\/ensemble-de-pompes-a-corps-en-urethane-evolve\\\/\"]}]},{\"@type\":\"ImageObject\",\"inLanguage\":\"fr-FR\",\"@id\":\"https:\\\/\\\/evolve-fitness.eu\\\/fr\\\/produit\\\/ensemble-de-pompes-a-corps-en-urethane-evolve\\\/#primaryimage\",\"url\":\"https:\\\/\\\/evolve-fitness.eu\\\/wp-content\\\/uploads\\\/2023\\\/09\\\/Evolve-Body-Pump.png\",\"contentUrl\":\"https:\\\/\\\/evolve-fitness.eu\\\/wp-content\\\/uploads\\\/2023\\\/09\\\/Evolve-Body-Pump.png\",\"width\":680,\"height\":600,\"caption\":\"EV-GT-UPS\"},{\"@type\":\"BreadcrumbList\",\"@id\":\"https:\\\/\\\/evolve-fitness.eu\\\/fr\\\/produit\\\/ensemble-de-pompes-a-corps-en-urethane-evolve\\\/#breadcrumb\",\"itemListElement\":[{\"@type\":\"ListItem\",\"position\":1,\"name\":\"Home\",\"item\":\"https:\\\/\\\/evolve-fitness.eu\\\/fr\\\/\"},{\"@type\":\"ListItem\",\"position\":2,\"name\":\"Produits\",\"item\":\"https:\\\/\\\/evolve-fitness.eu\\\/fr\\\/shop\\\/\"},{\"@type\":\"ListItem\",\"position\":3,\"name\":\"Jeu de pompes de studio en ur\u00e9thane Evolve (GT-UPS)\"}]},{\"@type\":\"WebSite\",\"@id\":\"https:\\\/\\\/evolve-fitness.eu\\\/fr\\\/#website\",\"url\":\"https:\\\/\\\/evolve-fitness.eu\\\/fr\\\/\",\"name\":\"Evolve\",\"description\":\"Your Evolved Gear Arrived\",\"publisher\":{\"@id\":\"https:\\\/\\\/evolve-fitness.eu\\\/fr\\\/#organization\"},\"potentialAction\":[{\"@type\":\"SearchAction\",\"target\":{\"@type\":\"EntryPoint\",\"urlTemplate\":\"https:\\\/\\\/evolve-fitness.eu\\\/fr\\\/?s={search_term_string}\"},\"query-input\":{\"@type\":\"PropertyValueSpecification\",\"valueRequired\":true,\"valueName\":\"search_term_string\"}}],\"inLanguage\":\"fr-FR\"},{\"@type\":\"Organization\",\"@id\":\"https:\\\/\\\/evolve-fitness.eu\\\/fr\\\/#organization\",\"name\":\"Evolve\",\"url\":\"https:\\\/\\\/evolve-fitness.eu\\\/fr\\\/\",\"logo\":{\"@type\":\"ImageObject\",\"inLanguage\":\"fr-FR\",\"@id\":\"https:\\\/\\\/evolve-fitness.eu\\\/fr\\\/#\\\/schema\\\/logo\\\/image\\\/\",\"url\":\"https:\\\/\\\/evolve-fitness.eu\\\/wp-content\\\/uploads\\\/2023\\\/05\\\/Evolve-logo.svg\",\"contentUrl\":\"https:\\\/\\\/evolve-fitness.eu\\\/wp-content\\\/uploads\\\/2023\\\/05\\\/Evolve-logo.svg\",\"width\":176,\"height\":20,\"caption\":\"Evolve\"},\"image\":{\"@id\":\"https:\\\/\\\/evolve-fitness.eu\\\/fr\\\/#\\\/schema\\\/logo\\\/image\\\/\"},\"sameAs\":[\"https:\\\/\\\/www.facebook.com\\\/EvolveFitnessEurope\"]}]}<\/script>\n<!-- \/ Yoast SEO plugin. -->","yoast_head_json":{"title":"Jeu de pompes de studio en ur\u00e9thane Evolve (GT-UPS) - Evolve","description":"Faites l'exp\u00e9rience d'un entra\u00eenement exceptionnel avec l'Evolve Urethane Studio Pump Set - 19,5 kg, le summum de la durabilit\u00e9 et de la performance.","robots":{"index":"index","follow":"follow","max-snippet":"max-snippet:-1","max-image-preview":"max-image-preview:large","max-video-preview":"max-video-preview:-1"},"canonical":"https:\/\/evolve-fitness.eu\/fr\/produit\/ensemble-de-pompes-a-corps-en-urethane-evolve\/","og_locale":"fr_FR","og_type":"article","og_title":"Jeu de pompes de studio en ur\u00e9thane Evolve (GT-UPS) - Evolve","og_description":"Faites l'exp\u00e9rience d'un entra\u00eenement exceptionnel avec l'Evolve Urethane Studio Pump Set - 19,5 kg, le summum de la durabilit\u00e9 et de la performance.","og_url":"https:\/\/evolve-fitness.eu\/fr\/produit\/ensemble-de-pompes-a-corps-en-urethane-evolve\/","og_site_name":"Evolve","article_publisher":"https:\/\/www.facebook.com\/EvolveFitnessEurope","article_modified_time":"2026-04-09T12:21:04+00:00","og_image":[{"width":680,"height":600,"url":"https:\/\/evolve-fitness.eu\/wp-content\/uploads\/2023\/09\/Evolve-Body-Pump.png","type":"image\/png"}],"twitter_card":"summary_large_image","schema":{"@context":"https:\/\/schema.org","@graph":[{"@type":"WebPage","@id":"https:\/\/evolve-fitness.eu\/fr\/produit\/ensemble-de-pompes-a-corps-en-urethane-evolve\/","url":"https:\/\/evolve-fitness.eu\/fr\/produit\/ensemble-de-pompes-a-corps-en-urethane-evolve\/","name":"Jeu de pompes de studio en ur\u00e9thane Evolve (GT-UPS) - Evolve","isPartOf":{"@id":"https:\/\/evolve-fitness.eu\/fr\/#website"},"primaryImageOfPage":{"@id":"https:\/\/evolve-fitness.eu\/fr\/produit\/ensemble-de-pompes-a-corps-en-urethane-evolve\/#primaryimage"},"image":{"@id":"https:\/\/evolve-fitness.eu\/fr\/produit\/ensemble-de-pompes-a-corps-en-urethane-evolve\/#primaryimage"},"thumbnailUrl":"https:\/\/evolve-fitness.eu\/wp-content\/uploads\/2023\/09\/Evolve-Body-Pump.png","datePublished":"2023-12-18T12:04:19+00:00","dateModified":"2026-04-09T12:21:04+00:00","description":"Faites l'exp\u00e9rience d'un entra\u00eenement exceptionnel avec l'Evolve Urethane Studio Pump Set - 19,5 kg, le summum de la durabilit\u00e9 et de la performance.","breadcrumb":{"@id":"https:\/\/evolve-fitness.eu\/fr\/produit\/ensemble-de-pompes-a-corps-en-urethane-evolve\/#breadcrumb"},"inLanguage":"fr-FR","potentialAction":[{"@type":"ReadAction","target":["https:\/\/evolve-fitness.eu\/fr\/produit\/ensemble-de-pompes-a-corps-en-urethane-evolve\/"]}]},{"@type":"ImageObject","inLanguage":"fr-FR","@id":"https:\/\/evolve-fitness.eu\/fr\/produit\/ensemble-de-pompes-a-corps-en-urethane-evolve\/#primaryimage","url":"https:\/\/evolve-fitness.eu\/wp-content\/uploads\/2023\/09\/Evolve-Body-Pump.png","contentUrl":"https:\/\/evolve-fitness.eu\/wp-content\/uploads\/2023\/09\/Evolve-Body-Pump.png","width":680,"height":600,"caption":"EV-GT-UPS"},{"@type":"BreadcrumbList","@id":"https:\/\/evolve-fitness.eu\/fr\/produit\/ensemble-de-pompes-a-corps-en-urethane-evolve\/#breadcrumb","itemListElement":[{"@type":"ListItem","position":1,"name":"Home","item":"https:\/\/evolve-fitness.eu\/fr\/"},{"@type":"ListItem","position":2,"name":"Produits","item":"https:\/\/evolve-fitness.eu\/fr\/shop\/"},{"@type":"ListItem","position":3,"name":"Jeu de pompes de studio en ur\u00e9thane Evolve (GT-UPS)"}]},{"@type":"WebSite","@id":"https:\/\/evolve-fitness.eu\/fr\/#website","url":"https:\/\/evolve-fitness.eu\/fr\/","name":"Evolve","description":"Your Evolved Gear Arrived","publisher":{"@id":"https:\/\/evolve-fitness.eu\/fr\/#organization"},"potentialAction":[{"@type":"SearchAction","target":{"@type":"EntryPoint","urlTemplate":"https:\/\/evolve-fitness.eu\/fr\/?s={search_term_string}"},"query-input":{"@type":"PropertyValueSpecification","valueRequired":true,"valueName":"search_term_string"}}],"inLanguage":"fr-FR"},{"@type":"Organization","@id":"https:\/\/evolve-fitness.eu\/fr\/#organization","name":"Evolve","url":"https:\/\/evolve-fitness.eu\/fr\/","logo":{"@type":"ImageObject","inLanguage":"fr-FR","@id":"https:\/\/evolve-fitness.eu\/fr\/#\/schema\/logo\/image\/","url":"https:\/\/evolve-fitness.eu\/wp-content\/uploads\/2023\/05\/Evolve-logo.svg","contentUrl":"https:\/\/evolve-fitness.eu\/wp-content\/uploads\/2023\/05\/Evolve-logo.svg","width":176,"height":20,"caption":"Evolve"},"image":{"@id":"https:\/\/evolve-fitness.eu\/fr\/#\/schema\/logo\/image\/"},"sameAs":["https:\/\/www.facebook.com\/EvolveFitnessEurope"]}]}},"_links":{"self":[{"href":"https:\/\/evolve-fitness.eu\/fr\/wp-json\/wp\/v2\/product\/105037","targetHints":{"allow":["GET"]}}],"collection":[{"href":"https:\/\/evolve-fitness.eu\/fr\/wp-json\/wp\/v2\/product"}],"about":[{"href":"https:\/\/evolve-fitness.eu\/fr\/wp-json\/wp\/v2\/types\/product"}],"wp:featuredmedia":[{"embeddable":true,"href":"https:\/\/evolve-fitness.eu\/fr\/wp-json\/wp\/v2\/media\/105050"}],"wp:attachment":[{"href":"https:\/\/evolve-fitness.eu\/fr\/wp-json\/wp\/v2\/media?parent=105037"}],"wp:term":[{"taxonomy":"product_brand","embeddable":true,"href":"https:\/\/evolve-fitness.eu\/fr\/wp-json\/wp\/v2\/product_brand?post=105037"},{"taxonomy":"product_cat","embeddable":true,"href":"https:\/\/evolve-fitness.eu\/fr\/wp-json\/wp\/v2\/product_cat?post=105037"},{"taxonomy":"product_tag","embeddable":true,"href":"https:\/\/evolve-fitness.eu\/fr\/wp-json\/wp\/v2\/product_tag?post=105037"}],"curies":[{"name":"wp","href":"https:\/\/api.w.org\/{rel}","templated":true}]}}