{"id":151428,"date":"2024-08-01T10:53:40","date_gmt":"2024-08-01T10:53:40","guid":{"rendered":"https:\/\/evolve-fitness.eu\/product\/evolve-prime-series-chest-press-avec-charge-de-plaque\/"},"modified":"2025-02-12T12:04:00","modified_gmt":"2025-02-12T12:04:00","slug":"evolve-prime-series-chest-press-avec-charge-de-plaque","status":"publish","type":"product","link":"https:\/\/evolve-fitness.eu\/fr\/produit\/evolve-prime-series-chest-press-avec-charge-de-plaque\/","title":{"rendered":"Evolve Prime Series Chest Press avec charge de plaque"},"content":{"rendered":"\n<section class=\"wp-block-group alignfull has-lightgray-background-color has-background is-layout-constrained wp-block-group-is-layout-constrained\">\n<div class=\"wp-block-columns alignwide is-layout-flex wp-container-core-columns-is-layout-2edb0647 wp-block-columns-is-layout-flex\" style=\"margin-top:0;margin-bottom:0\">\n<div class=\"wp-block-column is-layout-flow wp-block-column-is-layout-flow\" style=\"flex-basis:33.33%\"><\/div>\n\n\n\n<div class=\"wp-block-column is-layout-flow wp-block-column-is-layout-flow\" style=\"flex-basis:66.66%\"><\/div>\n<\/div>\n<\/section>\n\n<section class=\"wp-block-group alignfull black-content has-white-color has-darkgray-background-color has-text-color has-background is-layout-constrained wp-block-group-is-layout-constrained\" style=\"padding-top:var(--wp--preset--spacing--section-bottom);padding-bottom:var(--wp--preset--spacing--section-bottom)\">\n<h3 class=\"wp-block-heading has-text-align-center\"><strong><strong>EVOLVE PLATE LOADED PRIME SERIES<\/strong><\/strong><\/h3>\n\n\n\n<p>Avec la s\u00e9rie Evolve Plate Loaded Prime, l&rsquo;excellence est la norme.\nAm\u00e9liorez votre entra\u00eenement de musculation avec des appareils con\u00e7us pour le confort, la durabilit\u00e9 et la performance.\nD\u00e9couvrez la gamme compl\u00e8te d\u00e8s aujourd&rsquo;hui et red\u00e9finissez votre parcours de remise en forme.  <\/p>\n\n\n\n<section class=\"wp-block-group alignfull black-content has-white-color has-darkgray-background-color has-text-color has-background is-layout-constrained wp-block-group-is-layout-constrained\" style=\"padding-top:var(--wp--preset--spacing--section-bottom);padding-bottom:var(--wp--preset--spacing--section-bottom)\">\n<div class=\"wp-block-columns alignwide mobile-reverse is-layout-flex wp-container-core-columns-is-layout-ca64bf2d wp-block-columns-is-layout-flex\" style=\"margin-bottom:var(--wp--preset--spacing--side-padding)\">\n<div class=\"wp-block-column is-vertically-aligned-center is-layout-flow wp-block-column-is-layout-flow\">\n<h3 class=\"wp-block-heading\" style=\"margin-bottom:var(--wp--preset--spacing--h-3-bottom)\"><strong><strong><strong>Entra\u00eenements efficaces pour la poitrine<\/strong><\/strong><\/strong><\/h3>\n\n\n\n<p><strong><em><strong>Engagement musculaire cibl\u00e9<\/strong><\/em><\/strong><\/p>\n\n\n\n<p style=\"margin-bottom:var(--wp--preset--spacing--tb-section-padding)\">La presse \u00e0 poitrine Evolve Prime Series \u00e0 plateau cible efficacement la poitrine, les \u00e9paules et les triceps.\nSon syst\u00e8me de r\u00e9glage convivial et ses composants de couleur jaune vif facilitent l&rsquo;installation et les transitions d&rsquo;exercices, offrant ainsi une exp\u00e9rience d&rsquo;entra\u00eenement polyvalente. <\/p>\n\n\n\n<h3 class=\"wp-block-heading\" style=\"margin-bottom:var(--wp--preset--spacing--h-3-bottom)\"><strong><strong><strong><strong><strong>Caract\u00e9ristiques de haute qualit\u00e9<\/strong><\/strong><\/strong><\/strong><\/strong><\/h3>\n\n\n\n<p><strong><em>Durabilit\u00e9 et efficacit\u00e9 de l&rsquo;espace<\/em><\/strong><\/p>\n\n\n\n<p>Fabriqu\u00e9e avec un tissu robuste de haute qualit\u00e9 et du mat\u00e9riel en acier inoxydable, cette machine garantit une utilisation durable.\nLa technologie de pulv\u00e9risation \u00e9lectrostatique de poudre thermodurcissable offre une finition durable qui pr\u00e9serve l&rsquo;aspect de l&rsquo;\u00e9quipement.  Les supports de rangement int\u00e9gr\u00e9s pour les disques d&rsquo;halt\u00e8res am\u00e9liorent l&rsquo;efficacit\u00e9 de l&rsquo;espace, ce qui permet de garder votre zone d&rsquo;entra\u00eenement organis\u00e9e.<\/p>\n<\/div>\n\n\n\n<div class=\"wp-block-column is-vertically-aligned-center is-layout-flow wp-block-column-is-layout-flow\">\n<figure class=\"wp-block-image size-large\"><img loading=\"lazy\" decoding=\"async\" width=\"1024\" height=\"1024\" src=\"https:\/\/evolve-fitness.eu\/wp-content\/uploads\/2024\/08\/Dizainas-be-pavadinimo-29-1024x1024.png\" alt=\"\" class=\"wp-image-180599\" srcset=\"https:\/\/evolve-fitness.eu\/wp-content\/uploads\/2024\/08\/Dizainas-be-pavadinimo-29-1024x1024.png 1024w, https:\/\/evolve-fitness.eu\/wp-content\/uploads\/2024\/08\/Dizainas-be-pavadinimo-29-300x300.png 300w, https:\/\/evolve-fitness.eu\/wp-content\/uploads\/2024\/08\/Dizainas-be-pavadinimo-29-150x150.png 150w, https:\/\/evolve-fitness.eu\/wp-content\/uploads\/2024\/08\/Dizainas-be-pavadinimo-29-768x768.png 768w, https:\/\/evolve-fitness.eu\/wp-content\/uploads\/2024\/08\/Dizainas-be-pavadinimo-29-1536x1536.png 1536w, https:\/\/evolve-fitness.eu\/wp-content\/uploads\/2024\/08\/Dizainas-be-pavadinimo-29-600x600.png 600w, https:\/\/evolve-fitness.eu\/wp-content\/uploads\/2024\/08\/Dizainas-be-pavadinimo-29.png 1890w\" sizes=\"auto, (max-width: 1024px) 100vw, 1024px\" \/><\/figure>\n<\/div>\n<\/div>\n<\/section>\n<\/section>\n","protected":false},"excerpt":{"rendered":"<p>La presse thoracique \u00e0 plateau Evolve Prime Series (EV-PL-PR-004) est un appareil de fitness con\u00e7u pour maximiser vos s\u00e9ances d&rsquo;entra\u00eenement du haut du corps.<br \/>\nConstruit avec des mat\u00e9riaux de qualit\u00e9 commerciale, cet appareil garantit un confort, une durabilit\u00e9 et des performances exceptionnels.<br \/>\nSa conception ergonomique et ses fonctions r\u00e9glables en font un appareil adapt\u00e9 aux utilisateurs de tous niveaux, parfait pour les salles de sport professionnelles.  <\/p>\n","protected":false},"featured_media":194603,"template":"","meta":{"_acf_changed":false,"inline_featured_image":false},"product_brand":[],"product_cat":[5194,5195],"product_tag":[],"class_list":{"0":"post-151428","1":"product","2":"type-product","3":"status-publish","4":"has-post-thumbnail","6":"product_cat-machines-a-plateau","7":"product_cat-prime-series-plate-loaded-fr","9":"first","10":"instock","11":"shipping-taxable","12":"purchasable","13":"product-type-simple"},"acf":{"long_title":"Evolve Prime Series Chest Press avec charge de plaque","subtitle":"","specifications":[{"label":"SKU","text_value":"EV-PL-PR-004","icon":"x"},{"label":"Longueur","text_value":"1300","icon":"x"},{"label":"Largeur","text_value":"1840","icon":"x"},{"label":"Hauteur","text_value":"1860","icon":"x"},{"label":"Poids","text_value":"152 kg","icon":"v"},{"label":"Poids maximal de l'utilisateur","text_value":"180 kg","icon":"v"},{"label":"Stockage des disques d'halt\u00e8res","text_value":"","icon":"v"},{"label":"Rembourrage \u00e9pais","text_value":"","icon":"v"},{"label":"Protecteurs de sol durables","text_value":"","icon":"v"},{"label":"Construction en m\u00e9tal","text_value":"","icon":"v"},{"label":"Personnalisez les couleurs du cadre et du rev\u00eatement","text_value":"","icon":"x"}]},"yoast_head":"<!-- This site is optimized with the Yoast SEO plugin v26.6 - https:\/\/yoast.com\/wordpress\/plugins\/seo\/ -->\n<title>Evolve Prime Series Chest Press avec charge de plaque - Evolve<\/title>\n<meta name=\"robots\" content=\"index, follow, max-snippet:-1, max-image-preview:large, max-video-preview:-1\" \/>\n<link rel=\"canonical\" href=\"https:\/\/evolve-fitness.eu\/fr\/produit\/evolve-prime-series-chest-press-avec-charge-de-plaque\/\" \/>\n<meta property=\"og:locale\" content=\"fr_FR\" \/>\n<meta property=\"og:type\" content=\"article\" \/>\n<meta property=\"og:title\" content=\"Evolve Prime Series Chest Press avec charge de plaque - Evolve\" \/>\n<meta property=\"og:url\" content=\"https:\/\/evolve-fitness.eu\/fr\/produit\/evolve-prime-series-chest-press-avec-charge-de-plaque\/\" \/>\n<meta property=\"og:site_name\" content=\"Evolve\" \/>\n<meta property=\"article:publisher\" content=\"https:\/\/www.facebook.com\/EvolveFitnessEurope\" \/>\n<meta property=\"article:modified_time\" content=\"2025-02-12T12:04:00+00:00\" \/>\n<meta property=\"og:image\" content=\"https:\/\/evolve-fitness.eu\/wp-content\/uploads\/2024\/08\/Dizainas-be-pavadinimo-29.png\" \/>\n\t<meta property=\"og:image:width\" content=\"1890\" \/>\n\t<meta property=\"og:image:height\" content=\"1890\" \/>\n\t<meta property=\"og:image:type\" content=\"image\/png\" \/>\n<meta name=\"twitter:card\" content=\"summary_large_image\" \/>\n<script type=\"application\/ld+json\" class=\"yoast-schema-graph\">{\"@context\":\"https:\/\/schema.org\",\"@graph\":[{\"@type\":\"WebPage\",\"@id\":\"https:\/\/evolve-fitness.eu\/fr\/produit\/evolve-prime-series-chest-press-avec-charge-de-plaque\/\",\"url\":\"https:\/\/evolve-fitness.eu\/fr\/produit\/evolve-prime-series-chest-press-avec-charge-de-plaque\/\",\"name\":\"Evolve Prime Series Chest Press avec charge de plaque - Evolve\",\"isPartOf\":{\"@id\":\"https:\/\/evolve-fitness.eu\/fr\/#website\"},\"primaryImageOfPage\":{\"@id\":\"https:\/\/evolve-fitness.eu\/fr\/produit\/evolve-prime-series-chest-press-avec-charge-de-plaque\/#primaryimage\"},\"image\":{\"@id\":\"https:\/\/evolve-fitness.eu\/fr\/produit\/evolve-prime-series-chest-press-avec-charge-de-plaque\/#primaryimage\"},\"thumbnailUrl\":\"https:\/\/evolve-fitness.eu\/wp-content\/uploads\/2024\/08\/EV-PL-PR-004-Evolve-Prime-Series-Plate-Loaded-Chest-Press-scaled.png\",\"datePublished\":\"2024-08-01T10:53:40+00:00\",\"dateModified\":\"2025-02-12T12:04:00+00:00\",\"breadcrumb\":{\"@id\":\"https:\/\/evolve-fitness.eu\/fr\/produit\/evolve-prime-series-chest-press-avec-charge-de-plaque\/#breadcrumb\"},\"inLanguage\":\"fr-FR\",\"potentialAction\":[{\"@type\":\"ReadAction\",\"target\":[\"https:\/\/evolve-fitness.eu\/fr\/produit\/evolve-prime-series-chest-press-avec-charge-de-plaque\/\"]}]},{\"@type\":\"ImageObject\",\"inLanguage\":\"fr-FR\",\"@id\":\"https:\/\/evolve-fitness.eu\/fr\/produit\/evolve-prime-series-chest-press-avec-charge-de-plaque\/#primaryimage\",\"url\":\"https:\/\/evolve-fitness.eu\/wp-content\/uploads\/2024\/08\/EV-PL-PR-004-Evolve-Prime-Series-Plate-Loaded-Chest-Press-scaled.png\",\"contentUrl\":\"https:\/\/evolve-fitness.eu\/wp-content\/uploads\/2024\/08\/EV-PL-PR-004-Evolve-Prime-Series-Plate-Loaded-Chest-Press-scaled.png\",\"width\":2560,\"height\":2560},{\"@type\":\"BreadcrumbList\",\"@id\":\"https:\/\/evolve-fitness.eu\/fr\/produit\/evolve-prime-series-chest-press-avec-charge-de-plaque\/#breadcrumb\",\"itemListElement\":[{\"@type\":\"ListItem\",\"position\":1,\"name\":\"Home\",\"item\":\"https:\/\/evolve-fitness.eu\/fr\/\"},{\"@type\":\"ListItem\",\"position\":2,\"name\":\"Produits\",\"item\":\"https:\/\/evolve-fitness.eu\/fr\/shop\/\"},{\"@type\":\"ListItem\",\"position\":3,\"name\":\"Evolve Prime Series Chest Press avec charge de plaque\"}]},{\"@type\":\"WebSite\",\"@id\":\"https:\/\/evolve-fitness.eu\/fr\/#website\",\"url\":\"https:\/\/evolve-fitness.eu\/fr\/\",\"name\":\"Evolve\",\"description\":\"Your Evolved Gear Arrived\",\"publisher\":{\"@id\":\"https:\/\/evolve-fitness.eu\/fr\/#organization\"},\"potentialAction\":[{\"@type\":\"SearchAction\",\"target\":{\"@type\":\"EntryPoint\",\"urlTemplate\":\"https:\/\/evolve-fitness.eu\/fr\/?s={search_term_string}\"},\"query-input\":{\"@type\":\"PropertyValueSpecification\",\"valueRequired\":true,\"valueName\":\"search_term_string\"}}],\"inLanguage\":\"fr-FR\"},{\"@type\":\"Organization\",\"@id\":\"https:\/\/evolve-fitness.eu\/fr\/#organization\",\"name\":\"Evolve\",\"url\":\"https:\/\/evolve-fitness.eu\/fr\/\",\"logo\":{\"@type\":\"ImageObject\",\"inLanguage\":\"fr-FR\",\"@id\":\"https:\/\/evolve-fitness.eu\/fr\/#\/schema\/logo\/image\/\",\"url\":\"https:\/\/evolve-fitness.eu\/wp-content\/uploads\/2023\/05\/Evolve-logo.svg\",\"contentUrl\":\"https:\/\/evolve-fitness.eu\/wp-content\/uploads\/2023\/05\/Evolve-logo.svg\",\"width\":176,\"height\":20,\"caption\":\"Evolve\"},\"image\":{\"@id\":\"https:\/\/evolve-fitness.eu\/fr\/#\/schema\/logo\/image\/\"},\"sameAs\":[\"https:\/\/www.facebook.com\/EvolveFitnessEurope\"]}]}<\/script>\n<!-- \/ Yoast SEO plugin. -->","yoast_head_json":{"title":"Evolve Prime Series Chest Press avec charge de plaque - Evolve","robots":{"index":"index","follow":"follow","max-snippet":"max-snippet:-1","max-image-preview":"max-image-preview:large","max-video-preview":"max-video-preview:-1"},"canonical":"https:\/\/evolve-fitness.eu\/fr\/produit\/evolve-prime-series-chest-press-avec-charge-de-plaque\/","og_locale":"fr_FR","og_type":"article","og_title":"Evolve Prime Series Chest Press avec charge de plaque - Evolve","og_url":"https:\/\/evolve-fitness.eu\/fr\/produit\/evolve-prime-series-chest-press-avec-charge-de-plaque\/","og_site_name":"Evolve","article_publisher":"https:\/\/www.facebook.com\/EvolveFitnessEurope","article_modified_time":"2025-02-12T12:04:00+00:00","og_image":[{"width":1890,"height":1890,"url":"https:\/\/evolve-fitness.eu\/wp-content\/uploads\/2024\/08\/Dizainas-be-pavadinimo-29.png","type":"image\/png"}],"twitter_card":"summary_large_image","schema":{"@context":"https:\/\/schema.org","@graph":[{"@type":"WebPage","@id":"https:\/\/evolve-fitness.eu\/fr\/produit\/evolve-prime-series-chest-press-avec-charge-de-plaque\/","url":"https:\/\/evolve-fitness.eu\/fr\/produit\/evolve-prime-series-chest-press-avec-charge-de-plaque\/","name":"Evolve Prime Series Chest Press avec charge de plaque - Evolve","isPartOf":{"@id":"https:\/\/evolve-fitness.eu\/fr\/#website"},"primaryImageOfPage":{"@id":"https:\/\/evolve-fitness.eu\/fr\/produit\/evolve-prime-series-chest-press-avec-charge-de-plaque\/#primaryimage"},"image":{"@id":"https:\/\/evolve-fitness.eu\/fr\/produit\/evolve-prime-series-chest-press-avec-charge-de-plaque\/#primaryimage"},"thumbnailUrl":"https:\/\/evolve-fitness.eu\/wp-content\/uploads\/2024\/08\/EV-PL-PR-004-Evolve-Prime-Series-Plate-Loaded-Chest-Press-scaled.png","datePublished":"2024-08-01T10:53:40+00:00","dateModified":"2025-02-12T12:04:00+00:00","breadcrumb":{"@id":"https:\/\/evolve-fitness.eu\/fr\/produit\/evolve-prime-series-chest-press-avec-charge-de-plaque\/#breadcrumb"},"inLanguage":"fr-FR","potentialAction":[{"@type":"ReadAction","target":["https:\/\/evolve-fitness.eu\/fr\/produit\/evolve-prime-series-chest-press-avec-charge-de-plaque\/"]}]},{"@type":"ImageObject","inLanguage":"fr-FR","@id":"https:\/\/evolve-fitness.eu\/fr\/produit\/evolve-prime-series-chest-press-avec-charge-de-plaque\/#primaryimage","url":"https:\/\/evolve-fitness.eu\/wp-content\/uploads\/2024\/08\/EV-PL-PR-004-Evolve-Prime-Series-Plate-Loaded-Chest-Press-scaled.png","contentUrl":"https:\/\/evolve-fitness.eu\/wp-content\/uploads\/2024\/08\/EV-PL-PR-004-Evolve-Prime-Series-Plate-Loaded-Chest-Press-scaled.png","width":2560,"height":2560},{"@type":"BreadcrumbList","@id":"https:\/\/evolve-fitness.eu\/fr\/produit\/evolve-prime-series-chest-press-avec-charge-de-plaque\/#breadcrumb","itemListElement":[{"@type":"ListItem","position":1,"name":"Home","item":"https:\/\/evolve-fitness.eu\/fr\/"},{"@type":"ListItem","position":2,"name":"Produits","item":"https:\/\/evolve-fitness.eu\/fr\/shop\/"},{"@type":"ListItem","position":3,"name":"Evolve Prime Series Chest Press avec charge de plaque"}]},{"@type":"WebSite","@id":"https:\/\/evolve-fitness.eu\/fr\/#website","url":"https:\/\/evolve-fitness.eu\/fr\/","name":"Evolve","description":"Your Evolved Gear Arrived","publisher":{"@id":"https:\/\/evolve-fitness.eu\/fr\/#organization"},"potentialAction":[{"@type":"SearchAction","target":{"@type":"EntryPoint","urlTemplate":"https:\/\/evolve-fitness.eu\/fr\/?s={search_term_string}"},"query-input":{"@type":"PropertyValueSpecification","valueRequired":true,"valueName":"search_term_string"}}],"inLanguage":"fr-FR"},{"@type":"Organization","@id":"https:\/\/evolve-fitness.eu\/fr\/#organization","name":"Evolve","url":"https:\/\/evolve-fitness.eu\/fr\/","logo":{"@type":"ImageObject","inLanguage":"fr-FR","@id":"https:\/\/evolve-fitness.eu\/fr\/#\/schema\/logo\/image\/","url":"https:\/\/evolve-fitness.eu\/wp-content\/uploads\/2023\/05\/Evolve-logo.svg","contentUrl":"https:\/\/evolve-fitness.eu\/wp-content\/uploads\/2023\/05\/Evolve-logo.svg","width":176,"height":20,"caption":"Evolve"},"image":{"@id":"https:\/\/evolve-fitness.eu\/fr\/#\/schema\/logo\/image\/"},"sameAs":["https:\/\/www.facebook.com\/EvolveFitnessEurope"]}]}},"_links":{"self":[{"href":"https:\/\/evolve-fitness.eu\/fr\/wp-json\/wp\/v2\/product\/151428","targetHints":{"allow":["GET"]}}],"collection":[{"href":"https:\/\/evolve-fitness.eu\/fr\/wp-json\/wp\/v2\/product"}],"about":[{"href":"https:\/\/evolve-fitness.eu\/fr\/wp-json\/wp\/v2\/types\/product"}],"wp:featuredmedia":[{"embeddable":true,"href":"https:\/\/evolve-fitness.eu\/fr\/wp-json\/wp\/v2\/media\/194603"}],"wp:attachment":[{"href":"https:\/\/evolve-fitness.eu\/fr\/wp-json\/wp\/v2\/media?parent=151428"}],"wp:term":[{"taxonomy":"product_brand","embeddable":true,"href":"https:\/\/evolve-fitness.eu\/fr\/wp-json\/wp\/v2\/product_brand?post=151428"},{"taxonomy":"product_cat","embeddable":true,"href":"https:\/\/evolve-fitness.eu\/fr\/wp-json\/wp\/v2\/product_cat?post=151428"},{"taxonomy":"product_tag","embeddable":true,"href":"https:\/\/evolve-fitness.eu\/fr\/wp-json\/wp\/v2\/product_tag?post=151428"}],"curies":[{"name":"wp","href":"https:\/\/api.w.org\/{rel}","templated":true}]}}