{"id":152091,"date":"2024-08-01T11:19:06","date_gmt":"2024-08-01T11:19:06","guid":{"rendered":"https:\/\/evolve-fitness.eu\/product\/machine-a-triceps-evolve-prime-series-avec-charge-de-plateaux\/"},"modified":"2025-02-12T12:08:26","modified_gmt":"2025-02-12T12:08:26","slug":"machine-a-triceps-evolve-prime-series-avec-charge-de-plateaux","status":"publish","type":"product","link":"https:\/\/evolve-fitness.eu\/fr\/produit\/machine-a-triceps-evolve-prime-series-avec-charge-de-plateaux\/","title":{"rendered":"Machine \u00e0 triceps Evolve Prime Series avec charge de plateaux"},"content":{"rendered":"\n<section class=\"wp-block-group alignfull has-lightgray-background-color has-background is-layout-constrained wp-block-group-is-layout-constrained\">\n<div class=\"wp-block-columns alignwide is-layout-flex wp-container-core-columns-is-layout-2edb0647 wp-block-columns-is-layout-flex\" style=\"margin-top:0;margin-bottom:0\">\n<div class=\"wp-block-column is-layout-flow wp-block-column-is-layout-flow\" style=\"flex-basis:33.33%\"><\/div>\n\n\n\n<div class=\"wp-block-column is-layout-flow wp-block-column-is-layout-flow\" style=\"flex-basis:66.66%\"><\/div>\n<\/div>\n<\/section>\n\n<section class=\"wp-block-group alignfull black-content has-white-color has-darkgray-background-color has-text-color has-background is-layout-constrained wp-block-group-is-layout-constrained\" style=\"padding-top:var(--wp--preset--spacing--section-bottom);padding-bottom:var(--wp--preset--spacing--section-bottom)\">\n<h3 class=\"wp-block-heading has-text-align-center\"><strong><strong>EVOLVE PLATE LOADED PRIME SERIES<\/strong><\/strong><\/h3>\n\n\n\n<p>Avec la s\u00e9rie Evolve Plate Loaded Prime, l&rsquo;excellence est la norme.\nAm\u00e9liorez votre entra\u00eenement de musculation avec des appareils con\u00e7us pour le confort, la durabilit\u00e9 et la performance.\nD\u00e9couvrez la gamme compl\u00e8te d\u00e8s aujourd&rsquo;hui et red\u00e9finissez votre parcours de remise en forme.  <\/p>\n\n\n\n<section class=\"wp-block-group alignfull black-content has-white-color has-darkgray-background-color has-text-color has-background is-layout-constrained wp-block-group-is-layout-constrained\" style=\"padding-top:var(--wp--preset--spacing--section-bottom);padding-bottom:var(--wp--preset--spacing--section-bottom)\">\n<div class=\"wp-block-columns alignwide mobile-reverse is-layout-flex wp-container-core-columns-is-layout-ca64bf2d wp-block-columns-is-layout-flex\" style=\"margin-bottom:var(--wp--preset--spacing--side-padding)\">\n<div class=\"wp-block-column is-vertically-aligned-center is-layout-flow wp-block-column-is-layout-flow\">\n<h3 class=\"wp-block-heading\" style=\"margin-bottom:var(--wp--preset--spacing--h-3-bottom)\"><strong><strong><strong>L&rsquo;excellence red\u00e9finie<\/strong><\/strong><\/strong><\/h3>\n\n\n\n<p><strong><em><strong>Pr\u00e9sentation de la s\u00e9rie Evolve Plate Loaded Prime<\/strong><\/em><\/strong><\/p>\n\n\n\n<p style=\"margin-bottom:var(--wp--preset--spacing--tb-section-padding)\">D\u00e9couvrez le summum de l&rsquo;entra\u00eenement musculaire avec la s\u00e9rie Evolve Plate Loaded Prime. Chaque appareil de cette gamme est m\u00e9ticuleusement con\u00e7u pour offrir une exp\u00e9rience d&rsquo;entra\u00eenement sup\u00e9rieure, et voici pourquoi<\/p>\n\n\n\n<h3 class=\"wp-block-heading\" style=\"margin-bottom:var(--wp--preset--spacing--h-3-bottom)\"><strong><strong><strong><strong><strong>solutions de stockage<\/strong><\/strong><\/strong><\/strong><\/strong><\/h3>\n\n\n\n<p><strong><em>Efficacit\u00e9 maximale de l&rsquo;espace<\/em><\/strong><\/p>\n\n\n\n<p>Restez organis\u00e9 et maximisez l&rsquo;efficacit\u00e9 de l&rsquo;espace avec les <strong>pinces pour le stockage des plaques de poids<\/strong>. Gardez vos assiettes \u00e0 port\u00e9e de main, pour un environnement d&rsquo;entra\u00eenement sans d\u00e9sordre.<\/p>\n<\/div>\n\n\n\n<div class=\"wp-block-column is-vertically-aligned-center is-layout-flow wp-block-column-is-layout-flow\">\n<figure class=\"wp-block-image size-large is-resized is-style-rounded\"><img loading=\"lazy\" decoding=\"async\" width=\"1024\" height=\"1024\" src=\"https:\/\/evolve-fitness.eu\/wp-content\/uploads\/2024\/08\/Dizainas-be-pavadinimo-50-1-1024x1024.png\" alt=\"\" class=\"wp-image-181179\" style=\"width:643px;height:706px\" srcset=\"https:\/\/evolve-fitness.eu\/wp-content\/uploads\/2024\/08\/Dizainas-be-pavadinimo-50-1-1024x1024.png 1024w, https:\/\/evolve-fitness.eu\/wp-content\/uploads\/2024\/08\/Dizainas-be-pavadinimo-50-1-300x300.png 300w, https:\/\/evolve-fitness.eu\/wp-content\/uploads\/2024\/08\/Dizainas-be-pavadinimo-50-1-150x150.png 150w, https:\/\/evolve-fitness.eu\/wp-content\/uploads\/2024\/08\/Dizainas-be-pavadinimo-50-1-768x768.png 768w, https:\/\/evolve-fitness.eu\/wp-content\/uploads\/2024\/08\/Dizainas-be-pavadinimo-50-1-1536x1536.png 1536w, https:\/\/evolve-fitness.eu\/wp-content\/uploads\/2024\/08\/Dizainas-be-pavadinimo-50-1-600x600.png 600w, https:\/\/evolve-fitness.eu\/wp-content\/uploads\/2024\/08\/Dizainas-be-pavadinimo-50-1.png 2025w\" sizes=\"auto, (max-width: 1024px) 100vw, 1024px\" \/><\/figure>\n<\/div>\n<\/div>\n\n\n\n<div class=\"wp-block-columns alignwide mobile-reverse is-layout-flex wp-container-core-columns-is-layout-ca64bf2d wp-block-columns-is-layout-flex\" style=\"margin-bottom:var(--wp--preset--spacing--side-padding)\">\n<div class=\"wp-block-column is-vertically-aligned-center is-layout-flow wp-block-column-is-layout-flow\">\n<figure class=\"wp-block-image alignleft size-large is-resized is-style-rounded\"><img loading=\"lazy\" decoding=\"async\" width=\"1908\" height=\"1430\" src=\"https:\/\/evolve-fitness.eu\/wp-content\/uploads\/2023\/08\/EV-PL-EC-003-edited.jpg\" alt=\"\" class=\"wp-image-3403\" style=\"width:744px;height:558px\" srcset=\"https:\/\/evolve-fitness.eu\/wp-content\/uploads\/2023\/08\/EV-PL-EC-003-edited.jpg 1908w, https:\/\/evolve-fitness.eu\/wp-content\/uploads\/2023\/08\/EV-PL-EC-003-edited-300x225.jpg 300w, https:\/\/evolve-fitness.eu\/wp-content\/uploads\/2023\/08\/EV-PL-EC-003-edited-200x150.jpg 200w, https:\/\/evolve-fitness.eu\/wp-content\/uploads\/2023\/08\/EV-PL-EC-003-edited-600x450.jpg 600w, https:\/\/evolve-fitness.eu\/wp-content\/uploads\/2023\/08\/EV-PL-EC-003-edited-1024x767.jpg 1024w, https:\/\/evolve-fitness.eu\/wp-content\/uploads\/2023\/08\/EV-PL-EC-003-edited-150x112.jpg 150w, https:\/\/evolve-fitness.eu\/wp-content\/uploads\/2023\/08\/EV-PL-EC-003-edited-768x576.jpg 768w, https:\/\/evolve-fitness.eu\/wp-content\/uploads\/2023\/08\/EV-PL-EC-003-edited-1536x1151.jpg 1536w\" sizes=\"auto, (max-width: 1908px) 100vw, 1908px\" \/><\/figure>\n<\/div>\n\n\n\n<div class=\"wp-block-column is-vertically-aligned-center is-layout-flow wp-block-column-is-layout-flow\">\n<h3 class=\"wp-block-heading\" style=\"margin-bottom:var(--wp--preset--spacing--h-3-bottom)\"><strong><strong>Engagement musculaire cibl\u00e9<\/strong><\/strong><\/h3>\n\n\n\n<p><strong>Boutons de r\u00e9glage faciles \u00e0 utiliser en jaune vif<\/strong><\/p>\n\n\n\n<p style=\"margin-bottom:var(--wp--preset--spacing--tb-section-padding)\">Pour ceux qui recherchent la polyvalence, certaines machines de la s\u00e9rie Prime offrent un <strong>mouvement unilat\u00e9ral des bras<\/strong>. Cette fonction vous permet de cibler efficacement des groupes musculaires sp\u00e9cifiques, ce qui vous permet de personnaliser votre programme d&rsquo;entra\u00eenement.<\/p>\n\n\n\n<h3 class=\"wp-block-heading\" style=\"margin-bottom:var(--wp--preset--spacing--h-3-bottom)\"><strong><strong><strong>Position assise r\u00e9glable<\/strong><\/strong><\/strong><\/h3>\n\n\n\n<p><strong><em><strong><strong>Boutons de r\u00e9glage faciles \u00e0 utiliser en jaune vif<\/strong><\/strong><\/em><\/strong><\/p>\n\n\n\n<p>Nos machines sont dot\u00e9es d&rsquo;une <strong>position assise r\u00e9glable<\/strong> avec des boutons et des poign\u00e9es de r\u00e9glage en jaune clair, facile \u00e0 voir. Cette conception conviviale vous permet d&rsquo;installer votre \u00e9quipement rapidement et avec pr\u00e9cision, ce qui am\u00e9liore votre exp\u00e9rience d&rsquo;entra\u00eenement.<\/p>\n<\/div>\n<\/div>\n\n\n\n<div class=\"wp-block-columns alignwide mobile-reverse is-layout-flex wp-container-core-columns-is-layout-ca64bf2d wp-block-columns-is-layout-flex\" style=\"margin-bottom:var(--wp--preset--spacing--side-padding)\">\n<div class=\"wp-block-column is-vertically-aligned-center is-layout-flow wp-block-column-is-layout-flow\">\n<h3 class=\"wp-block-heading\" style=\"margin-bottom:var(--wp--preset--spacing--h-3-bottom)\"><strong><strong>Des s\u00e9ances d&rsquo;entra\u00eenement sans souci<\/strong><\/strong><\/h3>\n\n\n\n<p><strong><em><strong><strong><strong><strong><strong>Cadre ouvert pour un acc\u00e8s facile<\/strong><\/strong><\/strong><\/strong><\/strong><\/em><\/strong><\/p>\n\n\n\n<p style=\"margin-bottom:var(--wp--preset--spacing--tb-section-padding)\">La conception \u00e0 cadre ouvert de nos appareils garantit un acc\u00e8s facile, ce qui vous permet de passer d&rsquo;un exercice \u00e0 l&rsquo;autre en toute transparence. Dites adieu aux tracas inutiles et concentrez-vous sur votre formation.<\/p>\n\n\n\n<h3 class=\"wp-block-heading\" style=\"margin-bottom:var(--wp--preset--spacing--h-3-bottom)\"><strong><strong><strong>Performance durable<\/strong><\/strong><\/strong><\/h3>\n\n\n\n<p><strong><em><strong><strong>Cuir PU robuste de premi\u00e8re qualit\u00e9<\/strong><\/strong><\/em><\/strong><\/p>\n\n\n\n<p>Nos \u00e9quipements sont dot\u00e9s d&rsquo;un <strong>cuir PU de premi\u00e8re qualit\u00e9 et tr\u00e8s r\u00e9sistant<\/strong>, con\u00e7u pour supporter les entra\u00eenements les plus durs. Il n&rsquo;est pas seulement esth\u00e9tique, il est aussi performant \u00e0 long terme.<\/p>\n<\/div>\n\n\n\n<div class=\"wp-block-column is-vertically-aligned-center is-layout-flow wp-block-column-is-layout-flow\">\n<figure class=\"wp-block-image size-large is-resized is-style-rounded\"><img loading=\"lazy\" decoding=\"async\" width=\"1024\" height=\"1024\" src=\"https:\/\/evolve-fitness.eu\/wp-content\/uploads\/2023\/09\/EV-PL-PR-100-1024x1024.jpg\" alt=\"\" class=\"wp-image-3436\" style=\"object-fit:cover;width:578px;height:771px\" srcset=\"https:\/\/evolve-fitness.eu\/wp-content\/uploads\/2023\/09\/EV-PL-PR-100-1024x1024.jpg 1024w, https:\/\/evolve-fitness.eu\/wp-content\/uploads\/2023\/09\/EV-PL-PR-100-300x300.jpg 300w, https:\/\/evolve-fitness.eu\/wp-content\/uploads\/2023\/09\/EV-PL-PR-100-150x150.jpg 150w, https:\/\/evolve-fitness.eu\/wp-content\/uploads\/2023\/09\/EV-PL-PR-100-600x600.jpg 600w, https:\/\/evolve-fitness.eu\/wp-content\/uploads\/2023\/09\/EV-PL-PR-100-768x768.jpg 768w, https:\/\/evolve-fitness.eu\/wp-content\/uploads\/2023\/09\/EV-PL-PR-100-1536x1536.jpg 1536w, https:\/\/evolve-fitness.eu\/wp-content\/uploads\/2023\/09\/EV-PL-PR-100.jpg 2000w\" sizes=\"auto, (max-width: 1024px) 100vw, 1024px\" \/><\/figure>\n<\/div>\n<\/div>\n\n\n\n<div class=\"wp-block-columns alignwide mobile-reverse is-layout-flex wp-container-core-columns-is-layout-ca64bf2d wp-block-columns-is-layout-flex\" style=\"margin-bottom:var(--wp--preset--spacing--side-padding)\">\n<div class=\"wp-block-column is-vertically-aligned-center is-layout-flow wp-block-column-is-layout-flow\">\n<figure class=\"wp-block-image size-large is-resized is-style-rounded\"><img loading=\"lazy\" decoding=\"async\" width=\"1024\" height=\"1024\" src=\"https:\/\/evolve-fitness.eu\/wp-content\/uploads\/2023\/09\/EV-PL-PR-040-Low-Row-1024x1024.jpg\" alt=\"\" class=\"wp-image-3438\" style=\"object-fit:cover;width:672px;height:672px\" srcset=\"https:\/\/evolve-fitness.eu\/wp-content\/uploads\/2023\/09\/EV-PL-PR-040-Low-Row-1024x1024.jpg 1024w, https:\/\/evolve-fitness.eu\/wp-content\/uploads\/2023\/09\/EV-PL-PR-040-Low-Row-300x300.jpg 300w, https:\/\/evolve-fitness.eu\/wp-content\/uploads\/2023\/09\/EV-PL-PR-040-Low-Row-150x150.jpg 150w, https:\/\/evolve-fitness.eu\/wp-content\/uploads\/2023\/09\/EV-PL-PR-040-Low-Row-600x600.jpg 600w, https:\/\/evolve-fitness.eu\/wp-content\/uploads\/2023\/09\/EV-PL-PR-040-Low-Row-768x768.jpg 768w, https:\/\/evolve-fitness.eu\/wp-content\/uploads\/2023\/09\/EV-PL-PR-040-Low-Row-1536x1536.jpg 1536w, https:\/\/evolve-fitness.eu\/wp-content\/uploads\/2023\/09\/EV-PL-PR-040-Low-Row.jpg 2000w\" sizes=\"auto, (max-width: 1024px) 100vw, 1024px\" \/><\/figure>\n<\/div>\n\n\n\n<div class=\"wp-block-column is-vertically-aligned-center is-layout-flow wp-block-column-is-layout-flow\">\n<h3 class=\"wp-block-heading\" style=\"margin-bottom:var(--wp--preset--spacing--h-3-bottom)\"><strong><strong><strong><strong><strong><strong><strong>Finition durable<\/strong><\/strong><\/strong><\/strong><\/strong><\/strong><\/strong><\/h3>\n\n\n\n<p><strong><em><strong><strong><strong><strong><strong>Technologie de pulv\u00e9risation \u00e9lectrostatique de poudres thermodurcissables<\/strong><\/strong><\/strong><\/strong><\/strong><\/em><\/strong><\/p>\n\n\n\n<p>B\u00e9n\u00e9ficiez d&rsquo;une finition durable gr\u00e2ce \u00e0 notre <strong>technologie de pulv\u00e9risation \u00e9lectrostatique de poudre thermodurcissable<\/strong>. Ce rev\u00eatement avanc\u00e9 permet \u00e0 votre \u00e9quipement de conserver son attrait visuel au fil du temps.<\/p>\n\n\n\n<h3 class=\"wp-block-heading\" style=\"margin-bottom:var(--wp--preset--spacing--h-3-bottom)\"><strong><strong><strong><strong>Construit pour durer<\/strong><\/strong><\/strong><\/strong><\/h3>\n\n\n\n<p><strong><em><strong><strong><strong>Boulons et \u00e9crous en acier inoxydable<\/strong><\/strong><\/strong><\/em><\/strong><\/p>\n\n\n\n<p style=\"margin-bottom:var(--wp--preset--spacing--tb-section-padding)\">La s\u00e9rie Prime est construite pour durer, avec tous les boulons et \u00e9crous en <strong>acier inoxydable<\/strong>. Cette qualit\u00e9 de construction assure la long\u00e9vit\u00e9 de votre \u00e9quipement.<\/p>\n<\/div>\n<\/div>\n<\/section>\n<\/section>\n","protected":false},"excerpt":{"rendered":"<p>La s\u00e9rie Evolve Prime est con\u00e7ue pour am\u00e9liorer votre exp\u00e9rience de l&rsquo;entra\u00eenement musculaire gr\u00e2ce \u00e0 ses machines robustes de qualit\u00e9 commerciale.<br \/>\nChaque appareil de cette gamme est con\u00e7u pour garantir un maximum de confort, de durabilit\u00e9 et de performance.<br \/>\nAvec des caract\u00e9ristiques telles que des conceptions ergonomiques, des composants r\u00e9glables et des mat\u00e9riaux de haute qualit\u00e9, ces machines s&rsquo;adressent \u00e0 tous les niveaux de fitness et sont parfaites pour les installations professionnelles.  <\/p>\n","protected":false},"featured_media":188283,"template":"","meta":{"_acf_changed":false,"inline_featured_image":false},"product_brand":[],"product_cat":[5194,5195],"product_tag":[],"class_list":{"0":"post-152091","1":"product","2":"type-product","3":"status-publish","4":"has-post-thumbnail","6":"product_cat-machines-a-plateau","7":"product_cat-prime-series-plate-loaded-fr","9":"first","10":"instock","11":"shipping-taxable","12":"purchasable","13":"product-type-simple"},"acf":{"long_title":"Machine \u00e0 triceps Evolve Prime Series avec charge de plateaux","subtitle":"","specifications":[{"label":"SKU","text_value":"EV-PL-PR-067","icon":"x"},{"label":"Longueur","text_value":"1690 mm","icon":"x"},{"label":"Largeur","text_value":"1590 mm","icon":"x"},{"label":"Hauteur","text_value":"1060 mm","icon":"x"},{"label":"Poids","text_value":"125 kg","icon":"v"},{"label":"Poids maximal de l'utilisateur","text_value":"180 kg","icon":"v"},{"label":"Rembourrage \u00e9pais","text_value":"2 ans","icon":"v"},{"label":"Facile \u00e0 utiliser, poign\u00e9e antid\u00e9rapante pour un acc\u00e8s ais\u00e9","text_value":"","icon":"v"},{"label":"Protecteurs de sol durables","text_value":"","icon":"v"},{"label":"Construction en m\u00e9tal","text_value":"","icon":"v"},{"label":"Personnalisez les couleurs du cadre et du rev\u00eatement","text_value":"","icon":"x"}]},"yoast_head":"<!-- This site is optimized with the Yoast SEO plugin v26.6 - https:\/\/yoast.com\/wordpress\/plugins\/seo\/ -->\n<title>Machine \u00e0 triceps Evolve Prime Series avec charge de plateaux - Evolve<\/title>\n<meta name=\"robots\" content=\"index, follow, max-snippet:-1, max-image-preview:large, max-video-preview:-1\" \/>\n<link rel=\"canonical\" href=\"https:\/\/evolve-fitness.eu\/fr\/produit\/machine-a-triceps-evolve-prime-series-avec-charge-de-plateaux\/\" \/>\n<meta property=\"og:locale\" content=\"fr_FR\" \/>\n<meta property=\"og:type\" content=\"article\" \/>\n<meta property=\"og:title\" content=\"Machine \u00e0 triceps Evolve Prime Series avec charge de plateaux - Evolve\" \/>\n<meta property=\"og:url\" content=\"https:\/\/evolve-fitness.eu\/fr\/produit\/machine-a-triceps-evolve-prime-series-avec-charge-de-plateaux\/\" \/>\n<meta property=\"og:site_name\" content=\"Evolve\" \/>\n<meta property=\"article:publisher\" content=\"https:\/\/www.facebook.com\/EvolveFitnessEurope\" \/>\n<meta property=\"article:modified_time\" content=\"2025-02-12T12:08:26+00:00\" \/>\n<meta property=\"og:image\" content=\"https:\/\/evolve-fitness.eu\/wp-content\/uploads\/2024\/08\/Dizainas-be-pavadinimo-50.png\" \/>\n\t<meta property=\"og:image:width\" content=\"2025\" \/>\n\t<meta property=\"og:image:height\" content=\"2025\" \/>\n\t<meta property=\"og:image:type\" content=\"image\/png\" \/>\n<meta name=\"twitter:card\" content=\"summary_large_image\" \/>\n<script type=\"application\/ld+json\" class=\"yoast-schema-graph\">{\"@context\":\"https:\/\/schema.org\",\"@graph\":[{\"@type\":\"WebPage\",\"@id\":\"https:\/\/evolve-fitness.eu\/fr\/produit\/machine-a-triceps-evolve-prime-series-avec-charge-de-plateaux\/\",\"url\":\"https:\/\/evolve-fitness.eu\/fr\/produit\/machine-a-triceps-evolve-prime-series-avec-charge-de-plateaux\/\",\"name\":\"Machine \u00e0 triceps Evolve Prime Series avec charge de plateaux - Evolve\",\"isPartOf\":{\"@id\":\"https:\/\/evolve-fitness.eu\/fr\/#website\"},\"primaryImageOfPage\":{\"@id\":\"https:\/\/evolve-fitness.eu\/fr\/produit\/machine-a-triceps-evolve-prime-series-avec-charge-de-plateaux\/#primaryimage\"},\"image\":{\"@id\":\"https:\/\/evolve-fitness.eu\/fr\/produit\/machine-a-triceps-evolve-prime-series-avec-charge-de-plateaux\/#primaryimage\"},\"thumbnailUrl\":\"https:\/\/evolve-fitness.eu\/wp-content\/uploads\/2024\/08\/EV-PL-PR-067-Evolve-Prime-Series-Plate-Loaded-Seated-Dip.png\",\"datePublished\":\"2024-08-01T11:19:06+00:00\",\"dateModified\":\"2025-02-12T12:08:26+00:00\",\"breadcrumb\":{\"@id\":\"https:\/\/evolve-fitness.eu\/fr\/produit\/machine-a-triceps-evolve-prime-series-avec-charge-de-plateaux\/#breadcrumb\"},\"inLanguage\":\"fr-FR\",\"potentialAction\":[{\"@type\":\"ReadAction\",\"target\":[\"https:\/\/evolve-fitness.eu\/fr\/produit\/machine-a-triceps-evolve-prime-series-avec-charge-de-plateaux\/\"]}]},{\"@type\":\"ImageObject\",\"inLanguage\":\"fr-FR\",\"@id\":\"https:\/\/evolve-fitness.eu\/fr\/produit\/machine-a-triceps-evolve-prime-series-avec-charge-de-plateaux\/#primaryimage\",\"url\":\"https:\/\/evolve-fitness.eu\/wp-content\/uploads\/2024\/08\/EV-PL-PR-067-Evolve-Prime-Series-Plate-Loaded-Seated-Dip.png\",\"contentUrl\":\"https:\/\/evolve-fitness.eu\/wp-content\/uploads\/2024\/08\/EV-PL-PR-067-Evolve-Prime-Series-Plate-Loaded-Seated-Dip.png\",\"width\":3000,\"height\":3000},{\"@type\":\"BreadcrumbList\",\"@id\":\"https:\/\/evolve-fitness.eu\/fr\/produit\/machine-a-triceps-evolve-prime-series-avec-charge-de-plateaux\/#breadcrumb\",\"itemListElement\":[{\"@type\":\"ListItem\",\"position\":1,\"name\":\"Home\",\"item\":\"https:\/\/evolve-fitness.eu\/fr\/\"},{\"@type\":\"ListItem\",\"position\":2,\"name\":\"Produits\",\"item\":\"https:\/\/evolve-fitness.eu\/fr\/shop\/\"},{\"@type\":\"ListItem\",\"position\":3,\"name\":\"Machine \u00e0 triceps Evolve Prime Series avec charge de plateaux\"}]},{\"@type\":\"WebSite\",\"@id\":\"https:\/\/evolve-fitness.eu\/fr\/#website\",\"url\":\"https:\/\/evolve-fitness.eu\/fr\/\",\"name\":\"Evolve\",\"description\":\"Your Evolved Gear Arrived\",\"publisher\":{\"@id\":\"https:\/\/evolve-fitness.eu\/fr\/#organization\"},\"potentialAction\":[{\"@type\":\"SearchAction\",\"target\":{\"@type\":\"EntryPoint\",\"urlTemplate\":\"https:\/\/evolve-fitness.eu\/fr\/?s={search_term_string}\"},\"query-input\":{\"@type\":\"PropertyValueSpecification\",\"valueRequired\":true,\"valueName\":\"search_term_string\"}}],\"inLanguage\":\"fr-FR\"},{\"@type\":\"Organization\",\"@id\":\"https:\/\/evolve-fitness.eu\/fr\/#organization\",\"name\":\"Evolve\",\"url\":\"https:\/\/evolve-fitness.eu\/fr\/\",\"logo\":{\"@type\":\"ImageObject\",\"inLanguage\":\"fr-FR\",\"@id\":\"https:\/\/evolve-fitness.eu\/fr\/#\/schema\/logo\/image\/\",\"url\":\"https:\/\/evolve-fitness.eu\/wp-content\/uploads\/2023\/05\/Evolve-logo.svg\",\"contentUrl\":\"https:\/\/evolve-fitness.eu\/wp-content\/uploads\/2023\/05\/Evolve-logo.svg\",\"width\":176,\"height\":20,\"caption\":\"Evolve\"},\"image\":{\"@id\":\"https:\/\/evolve-fitness.eu\/fr\/#\/schema\/logo\/image\/\"},\"sameAs\":[\"https:\/\/www.facebook.com\/EvolveFitnessEurope\"]}]}<\/script>\n<!-- \/ Yoast SEO plugin. -->","yoast_head_json":{"title":"Machine \u00e0 triceps Evolve Prime Series avec charge de plateaux - Evolve","robots":{"index":"index","follow":"follow","max-snippet":"max-snippet:-1","max-image-preview":"max-image-preview:large","max-video-preview":"max-video-preview:-1"},"canonical":"https:\/\/evolve-fitness.eu\/fr\/produit\/machine-a-triceps-evolve-prime-series-avec-charge-de-plateaux\/","og_locale":"fr_FR","og_type":"article","og_title":"Machine \u00e0 triceps Evolve Prime Series avec charge de plateaux - Evolve","og_url":"https:\/\/evolve-fitness.eu\/fr\/produit\/machine-a-triceps-evolve-prime-series-avec-charge-de-plateaux\/","og_site_name":"Evolve","article_publisher":"https:\/\/www.facebook.com\/EvolveFitnessEurope","article_modified_time":"2025-02-12T12:08:26+00:00","og_image":[{"width":2025,"height":2025,"url":"https:\/\/evolve-fitness.eu\/wp-content\/uploads\/2024\/08\/Dizainas-be-pavadinimo-50.png","type":"image\/png"}],"twitter_card":"summary_large_image","schema":{"@context":"https:\/\/schema.org","@graph":[{"@type":"WebPage","@id":"https:\/\/evolve-fitness.eu\/fr\/produit\/machine-a-triceps-evolve-prime-series-avec-charge-de-plateaux\/","url":"https:\/\/evolve-fitness.eu\/fr\/produit\/machine-a-triceps-evolve-prime-series-avec-charge-de-plateaux\/","name":"Machine \u00e0 triceps Evolve Prime Series avec charge de plateaux - Evolve","isPartOf":{"@id":"https:\/\/evolve-fitness.eu\/fr\/#website"},"primaryImageOfPage":{"@id":"https:\/\/evolve-fitness.eu\/fr\/produit\/machine-a-triceps-evolve-prime-series-avec-charge-de-plateaux\/#primaryimage"},"image":{"@id":"https:\/\/evolve-fitness.eu\/fr\/produit\/machine-a-triceps-evolve-prime-series-avec-charge-de-plateaux\/#primaryimage"},"thumbnailUrl":"https:\/\/evolve-fitness.eu\/wp-content\/uploads\/2024\/08\/EV-PL-PR-067-Evolve-Prime-Series-Plate-Loaded-Seated-Dip.png","datePublished":"2024-08-01T11:19:06+00:00","dateModified":"2025-02-12T12:08:26+00:00","breadcrumb":{"@id":"https:\/\/evolve-fitness.eu\/fr\/produit\/machine-a-triceps-evolve-prime-series-avec-charge-de-plateaux\/#breadcrumb"},"inLanguage":"fr-FR","potentialAction":[{"@type":"ReadAction","target":["https:\/\/evolve-fitness.eu\/fr\/produit\/machine-a-triceps-evolve-prime-series-avec-charge-de-plateaux\/"]}]},{"@type":"ImageObject","inLanguage":"fr-FR","@id":"https:\/\/evolve-fitness.eu\/fr\/produit\/machine-a-triceps-evolve-prime-series-avec-charge-de-plateaux\/#primaryimage","url":"https:\/\/evolve-fitness.eu\/wp-content\/uploads\/2024\/08\/EV-PL-PR-067-Evolve-Prime-Series-Plate-Loaded-Seated-Dip.png","contentUrl":"https:\/\/evolve-fitness.eu\/wp-content\/uploads\/2024\/08\/EV-PL-PR-067-Evolve-Prime-Series-Plate-Loaded-Seated-Dip.png","width":3000,"height":3000},{"@type":"BreadcrumbList","@id":"https:\/\/evolve-fitness.eu\/fr\/produit\/machine-a-triceps-evolve-prime-series-avec-charge-de-plateaux\/#breadcrumb","itemListElement":[{"@type":"ListItem","position":1,"name":"Home","item":"https:\/\/evolve-fitness.eu\/fr\/"},{"@type":"ListItem","position":2,"name":"Produits","item":"https:\/\/evolve-fitness.eu\/fr\/shop\/"},{"@type":"ListItem","position":3,"name":"Machine \u00e0 triceps Evolve Prime Series avec charge de plateaux"}]},{"@type":"WebSite","@id":"https:\/\/evolve-fitness.eu\/fr\/#website","url":"https:\/\/evolve-fitness.eu\/fr\/","name":"Evolve","description":"Your Evolved Gear Arrived","publisher":{"@id":"https:\/\/evolve-fitness.eu\/fr\/#organization"},"potentialAction":[{"@type":"SearchAction","target":{"@type":"EntryPoint","urlTemplate":"https:\/\/evolve-fitness.eu\/fr\/?s={search_term_string}"},"query-input":{"@type":"PropertyValueSpecification","valueRequired":true,"valueName":"search_term_string"}}],"inLanguage":"fr-FR"},{"@type":"Organization","@id":"https:\/\/evolve-fitness.eu\/fr\/#organization","name":"Evolve","url":"https:\/\/evolve-fitness.eu\/fr\/","logo":{"@type":"ImageObject","inLanguage":"fr-FR","@id":"https:\/\/evolve-fitness.eu\/fr\/#\/schema\/logo\/image\/","url":"https:\/\/evolve-fitness.eu\/wp-content\/uploads\/2023\/05\/Evolve-logo.svg","contentUrl":"https:\/\/evolve-fitness.eu\/wp-content\/uploads\/2023\/05\/Evolve-logo.svg","width":176,"height":20,"caption":"Evolve"},"image":{"@id":"https:\/\/evolve-fitness.eu\/fr\/#\/schema\/logo\/image\/"},"sameAs":["https:\/\/www.facebook.com\/EvolveFitnessEurope"]}]}},"_links":{"self":[{"href":"https:\/\/evolve-fitness.eu\/fr\/wp-json\/wp\/v2\/product\/152091","targetHints":{"allow":["GET"]}}],"collection":[{"href":"https:\/\/evolve-fitness.eu\/fr\/wp-json\/wp\/v2\/product"}],"about":[{"href":"https:\/\/evolve-fitness.eu\/fr\/wp-json\/wp\/v2\/types\/product"}],"wp:featuredmedia":[{"embeddable":true,"href":"https:\/\/evolve-fitness.eu\/fr\/wp-json\/wp\/v2\/media\/188283"}],"wp:attachment":[{"href":"https:\/\/evolve-fitness.eu\/fr\/wp-json\/wp\/v2\/media?parent=152091"}],"wp:term":[{"taxonomy":"product_brand","embeddable":true,"href":"https:\/\/evolve-fitness.eu\/fr\/wp-json\/wp\/v2\/product_brand?post=152091"},{"taxonomy":"product_cat","embeddable":true,"href":"https:\/\/evolve-fitness.eu\/fr\/wp-json\/wp\/v2\/product_cat?post=152091"},{"taxonomy":"product_tag","embeddable":true,"href":"https:\/\/evolve-fitness.eu\/fr\/wp-json\/wp\/v2\/product_tag?post=152091"}],"curies":[{"name":"wp","href":"https:\/\/api.w.org\/{rel}","templated":true}]}}