{"id":169050,"date":"2024-12-13T07:50:22","date_gmt":"2024-12-13T07:50:22","guid":{"rendered":"https:\/\/evolve-fitness.eu\/product\/evolve-vertical-bars-rack\/"},"modified":"2026-03-27T07:57:55","modified_gmt":"2026-03-27T05:57:55","slug":"evolve-vertical-bars-rack","status":"publish","type":"product","link":"https:\/\/evolve-fitness.eu\/fr\/produit\/evolve-vertical-bars-rack\/","title":{"rendered":"Evolve Vertical Bars Rack"},"content":{"rendered":"","protected":false},"excerpt":{"rendered":"<p>Gardez votre espace d&rsquo;entra\u00eenement organis\u00e9 et efficace avec l&rsquo;Evolve Vertical Bars Rack &#8211; la solution parfaite pour ranger votre collection d&rsquo;halt\u00e8res. Con\u00e7u dans un souci de durabilit\u00e9 et de praticit\u00e9, ce rack \u00e9l\u00e9gant et robuste peut accueillir plusieurs barres en toute s\u00e9curit\u00e9, ce qui vous permet de gagner de l&rsquo;espace tout en conservant un espace d&rsquo;entra\u00eenement professionnel et ordonn\u00e9. Id\u00e9al pour les salles de sport \u00e0 domicile, les studios ou les locaux commerciaux, le support vertical pour barres Evolve garantit un acc\u00e8s facile \u00e0 votre \u00e9quipement, afin que vous puissiez vous concentrer sur votre entra\u00eenement sans encombrement. <\/p>\n","protected":false},"featured_media":168801,"template":"","meta":{"_acf_changed":false,"inline_featured_image":false},"product_brand":[],"product_cat":[1452,2878],"product_tag":[],"class_list":{"0":"post-169050","1":"product","2":"type-product","3":"status-publish","4":"has-post-thumbnail","6":"product_cat-poids-libres","7":"product_cat-rayonnages-et-solutions-de-stockage","9":"first","10":"instock","11":"shipping-taxable","12":"purchasable","13":"product-type-simple"},"acf":{"long_title":"Evolve Vertical Bars Rack","subtitle":"","specifications":[{"label":"SKU","text_value":"EV-RS-BR-9VR","icon":"x"},{"label":"Longueur","text_value":"440 mm","icon":"x"},{"label":"Largeur","text_value":"440 mm","icon":"x"},{"label":"Hauteur","text_value":"260 mm","icon":"x"},{"label":"Poids","text_value":"27 kg","icon":"x"},{"label":"Capacit\u00e9 de chargement","text_value":"9","icon":"x"},{"label":"Rev\u00eatement en poudre","text_value":"","icon":"v"},{"label":"Protection plastique","text_value":"","icon":"v"}]},"yoast_head":"<!-- This site is optimized with the Yoast SEO plugin v26.6 - https:\/\/yoast.com\/wordpress\/plugins\/seo\/ -->\n<title>Evolve Vertical Bars Rack - Evolve<\/title>\n<meta name=\"robots\" content=\"index, follow, max-snippet:-1, max-image-preview:large, max-video-preview:-1\" \/>\n<link rel=\"canonical\" href=\"https:\/\/evolve-fitness.eu\/fr\/produit\/evolve-vertical-bars-rack\/\" \/>\n<meta property=\"og:locale\" content=\"fr_FR\" \/>\n<meta property=\"og:type\" content=\"article\" \/>\n<meta property=\"og:title\" content=\"Evolve Vertical Bars Rack - Evolve\" \/>\n<meta property=\"og:url\" content=\"https:\/\/evolve-fitness.eu\/fr\/produit\/evolve-vertical-bars-rack\/\" \/>\n<meta property=\"og:site_name\" content=\"Evolve\" \/>\n<meta property=\"article:publisher\" content=\"https:\/\/www.facebook.com\/EvolveFitnessEurope\" \/>\n<meta property=\"article:modified_time\" content=\"2026-03-27T05:57:55+00:00\" \/>\n<meta property=\"og:image\" content=\"https:\/\/evolve-fitness.eu\/wp-content\/uploads\/2024\/12\/EV-RS-BR-9VR-1-1.png\" \/>\n\t<meta property=\"og:image:width\" content=\"2060\" \/>\n\t<meta property=\"og:image:height\" content=\"1373\" \/>\n\t<meta property=\"og:image:type\" content=\"image\/png\" \/>\n<meta name=\"twitter:card\" content=\"summary_large_image\" \/>\n<script type=\"application\/ld+json\" class=\"yoast-schema-graph\">{\"@context\":\"https:\/\/schema.org\",\"@graph\":[{\"@type\":\"WebPage\",\"@id\":\"https:\/\/evolve-fitness.eu\/fr\/produit\/evolve-vertical-bars-rack\/\",\"url\":\"https:\/\/evolve-fitness.eu\/fr\/produit\/evolve-vertical-bars-rack\/\",\"name\":\"Evolve Vertical Bars Rack - Evolve\",\"isPartOf\":{\"@id\":\"https:\/\/evolve-fitness.eu\/fr\/#website\"},\"primaryImageOfPage\":{\"@id\":\"https:\/\/evolve-fitness.eu\/fr\/produit\/evolve-vertical-bars-rack\/#primaryimage\"},\"image\":{\"@id\":\"https:\/\/evolve-fitness.eu\/fr\/produit\/evolve-vertical-bars-rack\/#primaryimage\"},\"thumbnailUrl\":\"https:\/\/evolve-fitness.eu\/wp-content\/uploads\/2024\/12\/EV-RS-BR-9VR-1-1.png\",\"datePublished\":\"2024-12-13T07:50:22+00:00\",\"dateModified\":\"2026-03-27T05:57:55+00:00\",\"breadcrumb\":{\"@id\":\"https:\/\/evolve-fitness.eu\/fr\/produit\/evolve-vertical-bars-rack\/#breadcrumb\"},\"inLanguage\":\"fr-FR\",\"potentialAction\":[{\"@type\":\"ReadAction\",\"target\":[\"https:\/\/evolve-fitness.eu\/fr\/produit\/evolve-vertical-bars-rack\/\"]}]},{\"@type\":\"ImageObject\",\"inLanguage\":\"fr-FR\",\"@id\":\"https:\/\/evolve-fitness.eu\/fr\/produit\/evolve-vertical-bars-rack\/#primaryimage\",\"url\":\"https:\/\/evolve-fitness.eu\/wp-content\/uploads\/2024\/12\/EV-RS-BR-9VR-1-1.png\",\"contentUrl\":\"https:\/\/evolve-fitness.eu\/wp-content\/uploads\/2024\/12\/EV-RS-BR-9VR-1-1.png\",\"width\":2060,\"height\":1373,\"caption\":\"EV-RS-BR-9VR\"},{\"@type\":\"BreadcrumbList\",\"@id\":\"https:\/\/evolve-fitness.eu\/fr\/produit\/evolve-vertical-bars-rack\/#breadcrumb\",\"itemListElement\":[{\"@type\":\"ListItem\",\"position\":1,\"name\":\"Home\",\"item\":\"https:\/\/evolve-fitness.eu\/fr\/\"},{\"@type\":\"ListItem\",\"position\":2,\"name\":\"Produits\",\"item\":\"https:\/\/evolve-fitness.eu\/fr\/shop\/\"},{\"@type\":\"ListItem\",\"position\":3,\"name\":\"Evolve Vertical Bars Rack\"}]},{\"@type\":\"WebSite\",\"@id\":\"https:\/\/evolve-fitness.eu\/fr\/#website\",\"url\":\"https:\/\/evolve-fitness.eu\/fr\/\",\"name\":\"Evolve\",\"description\":\"Your Evolved Gear Arrived\",\"publisher\":{\"@id\":\"https:\/\/evolve-fitness.eu\/fr\/#organization\"},\"potentialAction\":[{\"@type\":\"SearchAction\",\"target\":{\"@type\":\"EntryPoint\",\"urlTemplate\":\"https:\/\/evolve-fitness.eu\/fr\/?s={search_term_string}\"},\"query-input\":{\"@type\":\"PropertyValueSpecification\",\"valueRequired\":true,\"valueName\":\"search_term_string\"}}],\"inLanguage\":\"fr-FR\"},{\"@type\":\"Organization\",\"@id\":\"https:\/\/evolve-fitness.eu\/fr\/#organization\",\"name\":\"Evolve\",\"url\":\"https:\/\/evolve-fitness.eu\/fr\/\",\"logo\":{\"@type\":\"ImageObject\",\"inLanguage\":\"fr-FR\",\"@id\":\"https:\/\/evolve-fitness.eu\/fr\/#\/schema\/logo\/image\/\",\"url\":\"https:\/\/evolve-fitness.eu\/wp-content\/uploads\/2023\/05\/Evolve-logo.svg\",\"contentUrl\":\"https:\/\/evolve-fitness.eu\/wp-content\/uploads\/2023\/05\/Evolve-logo.svg\",\"width\":176,\"height\":20,\"caption\":\"Evolve\"},\"image\":{\"@id\":\"https:\/\/evolve-fitness.eu\/fr\/#\/schema\/logo\/image\/\"},\"sameAs\":[\"https:\/\/www.facebook.com\/EvolveFitnessEurope\"]}]}<\/script>\n<!-- \/ Yoast SEO plugin. -->","yoast_head_json":{"title":"Evolve Vertical Bars Rack - Evolve","robots":{"index":"index","follow":"follow","max-snippet":"max-snippet:-1","max-image-preview":"max-image-preview:large","max-video-preview":"max-video-preview:-1"},"canonical":"https:\/\/evolve-fitness.eu\/fr\/produit\/evolve-vertical-bars-rack\/","og_locale":"fr_FR","og_type":"article","og_title":"Evolve Vertical Bars Rack - Evolve","og_url":"https:\/\/evolve-fitness.eu\/fr\/produit\/evolve-vertical-bars-rack\/","og_site_name":"Evolve","article_publisher":"https:\/\/www.facebook.com\/EvolveFitnessEurope","article_modified_time":"2026-03-27T05:57:55+00:00","og_image":[{"width":2060,"height":1373,"url":"https:\/\/evolve-fitness.eu\/wp-content\/uploads\/2024\/12\/EV-RS-BR-9VR-1-1.png","type":"image\/png"}],"twitter_card":"summary_large_image","schema":{"@context":"https:\/\/schema.org","@graph":[{"@type":"WebPage","@id":"https:\/\/evolve-fitness.eu\/fr\/produit\/evolve-vertical-bars-rack\/","url":"https:\/\/evolve-fitness.eu\/fr\/produit\/evolve-vertical-bars-rack\/","name":"Evolve Vertical Bars Rack - Evolve","isPartOf":{"@id":"https:\/\/evolve-fitness.eu\/fr\/#website"},"primaryImageOfPage":{"@id":"https:\/\/evolve-fitness.eu\/fr\/produit\/evolve-vertical-bars-rack\/#primaryimage"},"image":{"@id":"https:\/\/evolve-fitness.eu\/fr\/produit\/evolve-vertical-bars-rack\/#primaryimage"},"thumbnailUrl":"https:\/\/evolve-fitness.eu\/wp-content\/uploads\/2024\/12\/EV-RS-BR-9VR-1-1.png","datePublished":"2024-12-13T07:50:22+00:00","dateModified":"2026-03-27T05:57:55+00:00","breadcrumb":{"@id":"https:\/\/evolve-fitness.eu\/fr\/produit\/evolve-vertical-bars-rack\/#breadcrumb"},"inLanguage":"fr-FR","potentialAction":[{"@type":"ReadAction","target":["https:\/\/evolve-fitness.eu\/fr\/produit\/evolve-vertical-bars-rack\/"]}]},{"@type":"ImageObject","inLanguage":"fr-FR","@id":"https:\/\/evolve-fitness.eu\/fr\/produit\/evolve-vertical-bars-rack\/#primaryimage","url":"https:\/\/evolve-fitness.eu\/wp-content\/uploads\/2024\/12\/EV-RS-BR-9VR-1-1.png","contentUrl":"https:\/\/evolve-fitness.eu\/wp-content\/uploads\/2024\/12\/EV-RS-BR-9VR-1-1.png","width":2060,"height":1373,"caption":"EV-RS-BR-9VR"},{"@type":"BreadcrumbList","@id":"https:\/\/evolve-fitness.eu\/fr\/produit\/evolve-vertical-bars-rack\/#breadcrumb","itemListElement":[{"@type":"ListItem","position":1,"name":"Home","item":"https:\/\/evolve-fitness.eu\/fr\/"},{"@type":"ListItem","position":2,"name":"Produits","item":"https:\/\/evolve-fitness.eu\/fr\/shop\/"},{"@type":"ListItem","position":3,"name":"Evolve Vertical Bars Rack"}]},{"@type":"WebSite","@id":"https:\/\/evolve-fitness.eu\/fr\/#website","url":"https:\/\/evolve-fitness.eu\/fr\/","name":"Evolve","description":"Your Evolved Gear Arrived","publisher":{"@id":"https:\/\/evolve-fitness.eu\/fr\/#organization"},"potentialAction":[{"@type":"SearchAction","target":{"@type":"EntryPoint","urlTemplate":"https:\/\/evolve-fitness.eu\/fr\/?s={search_term_string}"},"query-input":{"@type":"PropertyValueSpecification","valueRequired":true,"valueName":"search_term_string"}}],"inLanguage":"fr-FR"},{"@type":"Organization","@id":"https:\/\/evolve-fitness.eu\/fr\/#organization","name":"Evolve","url":"https:\/\/evolve-fitness.eu\/fr\/","logo":{"@type":"ImageObject","inLanguage":"fr-FR","@id":"https:\/\/evolve-fitness.eu\/fr\/#\/schema\/logo\/image\/","url":"https:\/\/evolve-fitness.eu\/wp-content\/uploads\/2023\/05\/Evolve-logo.svg","contentUrl":"https:\/\/evolve-fitness.eu\/wp-content\/uploads\/2023\/05\/Evolve-logo.svg","width":176,"height":20,"caption":"Evolve"},"image":{"@id":"https:\/\/evolve-fitness.eu\/fr\/#\/schema\/logo\/image\/"},"sameAs":["https:\/\/www.facebook.com\/EvolveFitnessEurope"]}]}},"_links":{"self":[{"href":"https:\/\/evolve-fitness.eu\/fr\/wp-json\/wp\/v2\/product\/169050","targetHints":{"allow":["GET"]}}],"collection":[{"href":"https:\/\/evolve-fitness.eu\/fr\/wp-json\/wp\/v2\/product"}],"about":[{"href":"https:\/\/evolve-fitness.eu\/fr\/wp-json\/wp\/v2\/types\/product"}],"wp:featuredmedia":[{"embeddable":true,"href":"https:\/\/evolve-fitness.eu\/fr\/wp-json\/wp\/v2\/media\/168801"}],"wp:attachment":[{"href":"https:\/\/evolve-fitness.eu\/fr\/wp-json\/wp\/v2\/media?parent=169050"}],"wp:term":[{"taxonomy":"product_brand","embeddable":true,"href":"https:\/\/evolve-fitness.eu\/fr\/wp-json\/wp\/v2\/product_brand?post=169050"},{"taxonomy":"product_cat","embeddable":true,"href":"https:\/\/evolve-fitness.eu\/fr\/wp-json\/wp\/v2\/product_cat?post=169050"},{"taxonomy":"product_tag","embeddable":true,"href":"https:\/\/evolve-fitness.eu\/fr\/wp-json\/wp\/v2\/product_tag?post=169050"}],"curies":[{"name":"wp","href":"https:\/\/api.w.org\/{rel}","templated":true}]}}