{"id":170644,"date":"2025-01-06T11:36:43","date_gmt":"2025-01-06T11:36:43","guid":{"rendered":"https:\/\/evolve-fitness.eu\/product\/evolve-ultra-series-t-bar-row-avec-charge-de-plaques\/"},"modified":"2026-03-31T11:23:42","modified_gmt":"2026-03-31T08:23:42","slug":"evolve-ultra-series-t-bar-row-avec-charge-de-plaques","status":"publish","type":"product","link":"https:\/\/evolve-fitness.eu\/fr\/produit\/evolve-ultra-series-t-bar-row-avec-charge-de-plaques\/","title":{"rendered":"Evolve Ultra Series T-Bar Row avec charge de plaques"},"content":{"rendered":"\n<section class=\"wp-block-group alignfull has-lightgray-background-color has-background is-layout-constrained wp-block-group-is-layout-constrained\">\n<div class=\"wp-block-columns alignwide is-layout-flex wp-container-core-columns-is-layout-2edb0647 wp-block-columns-is-layout-flex\" style=\"margin-top:0;margin-bottom:0\">\n<div class=\"wp-block-column is-layout-flow wp-block-column-is-layout-flow\" style=\"flex-basis:33.33%\"><\/div>\n\n\n\n<div class=\"wp-block-column is-layout-flow wp-block-column-is-layout-flow\" style=\"flex-basis:66.66%\"><\/div>\n<\/div>\n<\/section>\n\n<section class=\"wp-block-group alignfull black-content has-white-color has-darkgray-background-color has-text-color has-background is-layout-constrained wp-block-group-is-layout-constrained\" style=\"padding-top:var(--wp--preset--spacing--section-bottom);padding-bottom:var(--wp--preset--spacing--section-bottom)\">\n<section class=\"wp-block-group alignfull black-content has-white-color has-darkgray-background-color has-text-color has-background is-layout-constrained wp-block-group-is-layout-constrained\" style=\"margin-bottom:0;padding-top:var(--wp--preset--spacing--tb-padding);padding-bottom:var(--wp--preset--spacing--tb-padding)\">\n<div class=\"wp-block-columns alignwide mobile-reverse is-layout-flex wp-container-core-columns-is-layout-7a02faa9 wp-block-columns-is-layout-flex\" style=\"margin-bottom:var(--wp--preset--spacing--tb-section-padding)\">\n<div class=\"wp-block-column is-vertically-aligned-center is-layout-flow wp-block-column-is-layout-flow\">\n<h3 class=\"wp-block-heading\" style=\"margin-bottom:var(--wp--preset--spacing--h-3-bottom)\"><strong><strong><strong><strong><strong><strong><strong><strong><strong>Engagement musculaire cibl\u00e9<\/strong><\/strong><\/strong><\/strong><\/strong><\/strong><\/strong><\/strong><\/strong><\/h3>\n\n\n\n<p><strong><em><strong><strong><strong><strong><strong><strong>Activation compl\u00e8te du dos et du tronc<\/strong><\/strong><\/strong><\/strong><\/strong><\/strong><\/em><\/strong><\/p>\n\n\n\n<p>L&rsquo;appareil <strong>Evolve Ultra Series T-Bar Row<\/strong> est con\u00e7u pour am\u00e9liorer les exercices de musculation ciblant le dos, les \u00e9paules et le tronc. Gr\u00e2ce \u00e0 sa conception ergonomique et \u00e0 ses fonctions r\u00e9glables, cette machine permet aux utilisateurs d&rsquo;isoler et d&rsquo;engager efficacement les groupes musculaires cl\u00e9s. Du latissimus dorsi et des rhombo\u00efdes aux trap\u00e8zes et \u00e0 l&rsquo;\u00e9recteur spinal, le T-Bar Row assure un d\u00e9veloppement \u00e9quilibr\u00e9 du haut et du bas du dos. En outre, les exigences stabilisatrices de l&rsquo;exercice activent les muscles du tronc, ce qui favorise la force globale et l&rsquo;am\u00e9lioration de la posture. Qu&rsquo;il s&rsquo;agisse d&rsquo;exercices traditionnels avec barre en T ou de variantes telles que les exercices avec prise invers\u00e9e, cet appareil est essentiel pour obtenir un conditionnement optimal du dos et des muscles abdominaux.    <\/p>\n<\/div>\n\n\n\n<div class=\"wp-block-column is-vertically-aligned-center is-layout-flow wp-block-column-is-layout-flow\">\n<figure class=\"wp-block-image size-full\"><img loading=\"lazy\" decoding=\"async\" width=\"680\" height=\"600\" src=\"https:\/\/evolve-fitness.eu\/wp-content\/uploads\/2025\/01\/EV-PL-UL-240-Evolve-Ultra-Series-Plate-Loaded-T-Bar-Row.png\" alt=\"EV-PL-UL-240\" class=\"wp-image-170602\" srcset=\"https:\/\/evolve-fitness.eu\/wp-content\/uploads\/2025\/01\/EV-PL-UL-240-Evolve-Ultra-Series-Plate-Loaded-T-Bar-Row.png 680w, https:\/\/evolve-fitness.eu\/wp-content\/uploads\/2025\/01\/EV-PL-UL-240-Evolve-Ultra-Series-Plate-Loaded-T-Bar-Row-300x265.png 300w, https:\/\/evolve-fitness.eu\/wp-content\/uploads\/2025\/01\/EV-PL-UL-240-Evolve-Ultra-Series-Plate-Loaded-T-Bar-Row-150x132.png 150w, https:\/\/evolve-fitness.eu\/wp-content\/uploads\/2025\/01\/EV-PL-UL-240-Evolve-Ultra-Series-Plate-Loaded-T-Bar-Row-600x529.png 600w, https:\/\/evolve-fitness.eu\/wp-content\/uploads\/2025\/01\/EV-PL-UL-240-Evolve-Ultra-Series-Plate-Loaded-T-Bar-Row-170x150.png 170w\" sizes=\"auto, (max-width: 680px) 100vw, 680px\" \/><\/figure>\n<\/div>\n<\/div>\n\n\n\n<div class=\"wp-block-columns alignwide mobile-reverse is-layout-flex wp-container-core-columns-is-layout-ca64bf2d wp-block-columns-is-layout-flex\" style=\"margin-bottom:var(--wp--preset--spacing--side-padding)\">\n<div class=\"wp-block-column is-vertically-aligned-center is-layout-flow wp-block-column-is-layout-flow\"><\/div>\n<\/div>\n<\/section>\n<\/section>\n","protected":false},"excerpt":{"rendered":"<p>L&rsquo;appareil Evolve Ultra Series T-Bar Row (EV-PL-UL-240) est un compl\u00e9ment de qualit\u00e9 \u00e0 la collection d&rsquo;\u00e9quipements de tout amateur de fitness ou propri\u00e9taire de salle de sport. Con\u00e7u avec une ing\u00e9nierie de pr\u00e9cision et des mat\u00e9riaux durables, cet appareil offre une exp\u00e9rience de musculation in\u00e9gal\u00e9e. Le T-Bar Row est con\u00e7u pour vous aider \u00e0 cibler et \u00e0 d\u00e9velopper les groupes musculaires cl\u00e9s avec facilit\u00e9 et efficacit\u00e9.  <\/p>\n","protected":false},"featured_media":170610,"template":"","meta":{"_acf_changed":false,"inline_featured_image":false},"product_brand":[],"product_cat":[5194,5333],"product_tag":[],"class_list":{"0":"post-170644","1":"product","2":"type-product","3":"status-publish","4":"has-post-thumbnail","6":"product_cat-machines-a-plateau","7":"product_cat-ultra-series-plate-loaded-machines","9":"first","10":"instock","11":"shipping-taxable","12":"purchasable","13":"product-type-simple"},"acf":{"long_title":"Evolve Ultra Series T-Bar Row avec charge de plaques","subtitle":"","specifications":[{"label":"SKU","text_value":"EV-PL-UL-240","icon":"x"},{"label":"Dimensions","text_value":"995 x 1920 x 1260 mm","icon":"x"},{"label":"Poids","text_value":"78 kg","icon":"x"},{"label":"Poids maximal de l'utilisateur","text_value":"180 kg","icon":"x"},{"label":"Charge maximale","text_value":"200 kg","icon":"x"},{"label":"Epaisseur du cadre","text_value":"3 mm","icon":"x"},{"label":"R\u00e9sistance","text_value":"en chargeant des plaques de poids avec une ouverture de manchon de 51 mm","icon":"x"},{"label":"Support pour les pieds","text_value":"positionn\u00e9 \u00e0 deux niveaux diff\u00e9rents pour assurer une formation confortable aux utilisateurs de diff\u00e9rentes hauteurs","icon":"x"},{"label":"Poign\u00e9es","text_value":"deux paires (4 poign\u00e9es), courb\u00e9es \u00e0 des angles diff\u00e9rents pour permettre l'entra\u00eenement de diff\u00e9rents groupes musculaires","icon":"x"},{"label":"Position d'entra\u00eenement r\u00e9glable","text_value":"2 ans","icon":"v"},{"label":"Rembourrage recouvert de cuir synth\u00e9tique antibact\u00e9rien.","text_value":"2 ans","icon":"v"},{"label":"Peinture anticorrosion","text_value":"","icon":"v"},{"label":"Cadre m\u00e9tallique sans ar\u00eates vives","text_value":"","icon":"v"},{"label":"Protecteurs de sol durables","text_value":"","icon":"v"},{"label":"Poign\u00e9es antid\u00e9rapantes","text_value":"","icon":"v"},{"label":"Garantie  ","text_value":"2 ans","icon":"x"}]},"yoast_head":"<!-- This site is optimized with the Yoast SEO plugin v27.4 - https:\/\/yoast.com\/product\/yoast-seo-wordpress\/ -->\n<title>Evolve Ultra Series T-Bar Row avec charge de plaques - Evolve<\/title>\n<meta name=\"robots\" content=\"index, follow, max-snippet:-1, max-image-preview:large, max-video-preview:-1\" \/>\n<link rel=\"canonical\" href=\"https:\/\/evolve-fitness.eu\/fr\/produit\/evolve-ultra-series-t-bar-row-avec-charge-de-plaques\/\" \/>\n<meta property=\"og:locale\" content=\"fr_FR\" \/>\n<meta property=\"og:type\" content=\"article\" \/>\n<meta property=\"og:title\" content=\"Evolve Ultra Series T-Bar Row avec charge de plaques - Evolve\" \/>\n<meta property=\"og:url\" content=\"https:\/\/evolve-fitness.eu\/fr\/produit\/evolve-ultra-series-t-bar-row-avec-charge-de-plaques\/\" \/>\n<meta property=\"og:site_name\" content=\"Evolve\" \/>\n<meta property=\"article:publisher\" content=\"https:\/\/www.facebook.com\/EvolveFitnessEurope\" \/>\n<meta property=\"article:modified_time\" content=\"2026-03-31T08:23:42+00:00\" \/>\n<meta property=\"og:image\" content=\"https:\/\/evolve-fitness.eu\/wp-content\/uploads\/2025\/01\/EV-PL-UL-240-Evolve-Ultra-Series-Plate-Loaded-T-Bar-Row.png\" \/>\n\t<meta property=\"og:image:width\" content=\"680\" \/>\n\t<meta property=\"og:image:height\" content=\"600\" \/>\n\t<meta property=\"og:image:type\" content=\"image\/png\" \/>\n<meta name=\"twitter:card\" content=\"summary_large_image\" \/>\n<script type=\"application\/ld+json\" class=\"yoast-schema-graph\">{\"@context\":\"https:\\\/\\\/schema.org\",\"@graph\":[{\"@type\":\"WebPage\",\"@id\":\"https:\\\/\\\/evolve-fitness.eu\\\/fr\\\/produit\\\/evolve-ultra-series-t-bar-row-avec-charge-de-plaques\\\/\",\"url\":\"https:\\\/\\\/evolve-fitness.eu\\\/fr\\\/produit\\\/evolve-ultra-series-t-bar-row-avec-charge-de-plaques\\\/\",\"name\":\"Evolve Ultra Series T-Bar Row avec charge de plaques - Evolve\",\"isPartOf\":{\"@id\":\"https:\\\/\\\/evolve-fitness.eu\\\/fr\\\/#website\"},\"primaryImageOfPage\":{\"@id\":\"https:\\\/\\\/evolve-fitness.eu\\\/fr\\\/produit\\\/evolve-ultra-series-t-bar-row-avec-charge-de-plaques\\\/#primaryimage\"},\"image\":{\"@id\":\"https:\\\/\\\/evolve-fitness.eu\\\/fr\\\/produit\\\/evolve-ultra-series-t-bar-row-avec-charge-de-plaques\\\/#primaryimage\"},\"thumbnailUrl\":\"https:\\\/\\\/evolve-fitness.eu\\\/wp-content\\\/uploads\\\/2025\\\/01\\\/EV-PL-UL-240-Evolve-Ultra-Series-Plate-Loaded-T-Bar-Row.png\",\"datePublished\":\"2025-01-06T11:36:43+00:00\",\"dateModified\":\"2026-03-31T08:23:42+00:00\",\"breadcrumb\":{\"@id\":\"https:\\\/\\\/evolve-fitness.eu\\\/fr\\\/produit\\\/evolve-ultra-series-t-bar-row-avec-charge-de-plaques\\\/#breadcrumb\"},\"inLanguage\":\"fr-FR\",\"potentialAction\":[{\"@type\":\"ReadAction\",\"target\":[\"https:\\\/\\\/evolve-fitness.eu\\\/fr\\\/produit\\\/evolve-ultra-series-t-bar-row-avec-charge-de-plaques\\\/\"]}]},{\"@type\":\"ImageObject\",\"inLanguage\":\"fr-FR\",\"@id\":\"https:\\\/\\\/evolve-fitness.eu\\\/fr\\\/produit\\\/evolve-ultra-series-t-bar-row-avec-charge-de-plaques\\\/#primaryimage\",\"url\":\"https:\\\/\\\/evolve-fitness.eu\\\/wp-content\\\/uploads\\\/2025\\\/01\\\/EV-PL-UL-240-Evolve-Ultra-Series-Plate-Loaded-T-Bar-Row.png\",\"contentUrl\":\"https:\\\/\\\/evolve-fitness.eu\\\/wp-content\\\/uploads\\\/2025\\\/01\\\/EV-PL-UL-240-Evolve-Ultra-Series-Plate-Loaded-T-Bar-Row.png\",\"width\":680,\"height\":600,\"caption\":\"EV-PL-UL-240\"},{\"@type\":\"BreadcrumbList\",\"@id\":\"https:\\\/\\\/evolve-fitness.eu\\\/fr\\\/produit\\\/evolve-ultra-series-t-bar-row-avec-charge-de-plaques\\\/#breadcrumb\",\"itemListElement\":[{\"@type\":\"ListItem\",\"position\":1,\"name\":\"Home\",\"item\":\"https:\\\/\\\/evolve-fitness.eu\\\/fr\\\/\"},{\"@type\":\"ListItem\",\"position\":2,\"name\":\"Produits\",\"item\":\"https:\\\/\\\/evolve-fitness.eu\\\/fr\\\/shop\\\/\"},{\"@type\":\"ListItem\",\"position\":3,\"name\":\"Evolve Ultra Series T-Bar Row avec charge de plaques\"}]},{\"@type\":\"WebSite\",\"@id\":\"https:\\\/\\\/evolve-fitness.eu\\\/fr\\\/#website\",\"url\":\"https:\\\/\\\/evolve-fitness.eu\\\/fr\\\/\",\"name\":\"Evolve\",\"description\":\"Your Evolved Gear Arrived\",\"publisher\":{\"@id\":\"https:\\\/\\\/evolve-fitness.eu\\\/fr\\\/#organization\"},\"potentialAction\":[{\"@type\":\"SearchAction\",\"target\":{\"@type\":\"EntryPoint\",\"urlTemplate\":\"https:\\\/\\\/evolve-fitness.eu\\\/fr\\\/?s={search_term_string}\"},\"query-input\":{\"@type\":\"PropertyValueSpecification\",\"valueRequired\":true,\"valueName\":\"search_term_string\"}}],\"inLanguage\":\"fr-FR\"},{\"@type\":\"Organization\",\"@id\":\"https:\\\/\\\/evolve-fitness.eu\\\/fr\\\/#organization\",\"name\":\"Evolve\",\"url\":\"https:\\\/\\\/evolve-fitness.eu\\\/fr\\\/\",\"logo\":{\"@type\":\"ImageObject\",\"inLanguage\":\"fr-FR\",\"@id\":\"https:\\\/\\\/evolve-fitness.eu\\\/fr\\\/#\\\/schema\\\/logo\\\/image\\\/\",\"url\":\"https:\\\/\\\/evolve-fitness.eu\\\/wp-content\\\/uploads\\\/2023\\\/05\\\/Evolve-logo.svg\",\"contentUrl\":\"https:\\\/\\\/evolve-fitness.eu\\\/wp-content\\\/uploads\\\/2023\\\/05\\\/Evolve-logo.svg\",\"width\":176,\"height\":20,\"caption\":\"Evolve\"},\"image\":{\"@id\":\"https:\\\/\\\/evolve-fitness.eu\\\/fr\\\/#\\\/schema\\\/logo\\\/image\\\/\"},\"sameAs\":[\"https:\\\/\\\/www.facebook.com\\\/EvolveFitnessEurope\"]}]}<\/script>\n<!-- \/ Yoast SEO plugin. -->","yoast_head_json":{"title":"Evolve Ultra Series T-Bar Row avec charge de plaques - Evolve","robots":{"index":"index","follow":"follow","max-snippet":"max-snippet:-1","max-image-preview":"max-image-preview:large","max-video-preview":"max-video-preview:-1"},"canonical":"https:\/\/evolve-fitness.eu\/fr\/produit\/evolve-ultra-series-t-bar-row-avec-charge-de-plaques\/","og_locale":"fr_FR","og_type":"article","og_title":"Evolve Ultra Series T-Bar Row avec charge de plaques - Evolve","og_url":"https:\/\/evolve-fitness.eu\/fr\/produit\/evolve-ultra-series-t-bar-row-avec-charge-de-plaques\/","og_site_name":"Evolve","article_publisher":"https:\/\/www.facebook.com\/EvolveFitnessEurope","article_modified_time":"2026-03-31T08:23:42+00:00","og_image":[{"width":680,"height":600,"url":"https:\/\/evolve-fitness.eu\/wp-content\/uploads\/2025\/01\/EV-PL-UL-240-Evolve-Ultra-Series-Plate-Loaded-T-Bar-Row.png","type":"image\/png"}],"twitter_card":"summary_large_image","schema":{"@context":"https:\/\/schema.org","@graph":[{"@type":"WebPage","@id":"https:\/\/evolve-fitness.eu\/fr\/produit\/evolve-ultra-series-t-bar-row-avec-charge-de-plaques\/","url":"https:\/\/evolve-fitness.eu\/fr\/produit\/evolve-ultra-series-t-bar-row-avec-charge-de-plaques\/","name":"Evolve Ultra Series T-Bar Row avec charge de plaques - Evolve","isPartOf":{"@id":"https:\/\/evolve-fitness.eu\/fr\/#website"},"primaryImageOfPage":{"@id":"https:\/\/evolve-fitness.eu\/fr\/produit\/evolve-ultra-series-t-bar-row-avec-charge-de-plaques\/#primaryimage"},"image":{"@id":"https:\/\/evolve-fitness.eu\/fr\/produit\/evolve-ultra-series-t-bar-row-avec-charge-de-plaques\/#primaryimage"},"thumbnailUrl":"https:\/\/evolve-fitness.eu\/wp-content\/uploads\/2025\/01\/EV-PL-UL-240-Evolve-Ultra-Series-Plate-Loaded-T-Bar-Row.png","datePublished":"2025-01-06T11:36:43+00:00","dateModified":"2026-03-31T08:23:42+00:00","breadcrumb":{"@id":"https:\/\/evolve-fitness.eu\/fr\/produit\/evolve-ultra-series-t-bar-row-avec-charge-de-plaques\/#breadcrumb"},"inLanguage":"fr-FR","potentialAction":[{"@type":"ReadAction","target":["https:\/\/evolve-fitness.eu\/fr\/produit\/evolve-ultra-series-t-bar-row-avec-charge-de-plaques\/"]}]},{"@type":"ImageObject","inLanguage":"fr-FR","@id":"https:\/\/evolve-fitness.eu\/fr\/produit\/evolve-ultra-series-t-bar-row-avec-charge-de-plaques\/#primaryimage","url":"https:\/\/evolve-fitness.eu\/wp-content\/uploads\/2025\/01\/EV-PL-UL-240-Evolve-Ultra-Series-Plate-Loaded-T-Bar-Row.png","contentUrl":"https:\/\/evolve-fitness.eu\/wp-content\/uploads\/2025\/01\/EV-PL-UL-240-Evolve-Ultra-Series-Plate-Loaded-T-Bar-Row.png","width":680,"height":600,"caption":"EV-PL-UL-240"},{"@type":"BreadcrumbList","@id":"https:\/\/evolve-fitness.eu\/fr\/produit\/evolve-ultra-series-t-bar-row-avec-charge-de-plaques\/#breadcrumb","itemListElement":[{"@type":"ListItem","position":1,"name":"Home","item":"https:\/\/evolve-fitness.eu\/fr\/"},{"@type":"ListItem","position":2,"name":"Produits","item":"https:\/\/evolve-fitness.eu\/fr\/shop\/"},{"@type":"ListItem","position":3,"name":"Evolve Ultra Series T-Bar Row avec charge de plaques"}]},{"@type":"WebSite","@id":"https:\/\/evolve-fitness.eu\/fr\/#website","url":"https:\/\/evolve-fitness.eu\/fr\/","name":"Evolve","description":"Your Evolved Gear Arrived","publisher":{"@id":"https:\/\/evolve-fitness.eu\/fr\/#organization"},"potentialAction":[{"@type":"SearchAction","target":{"@type":"EntryPoint","urlTemplate":"https:\/\/evolve-fitness.eu\/fr\/?s={search_term_string}"},"query-input":{"@type":"PropertyValueSpecification","valueRequired":true,"valueName":"search_term_string"}}],"inLanguage":"fr-FR"},{"@type":"Organization","@id":"https:\/\/evolve-fitness.eu\/fr\/#organization","name":"Evolve","url":"https:\/\/evolve-fitness.eu\/fr\/","logo":{"@type":"ImageObject","inLanguage":"fr-FR","@id":"https:\/\/evolve-fitness.eu\/fr\/#\/schema\/logo\/image\/","url":"https:\/\/evolve-fitness.eu\/wp-content\/uploads\/2023\/05\/Evolve-logo.svg","contentUrl":"https:\/\/evolve-fitness.eu\/wp-content\/uploads\/2023\/05\/Evolve-logo.svg","width":176,"height":20,"caption":"Evolve"},"image":{"@id":"https:\/\/evolve-fitness.eu\/fr\/#\/schema\/logo\/image\/"},"sameAs":["https:\/\/www.facebook.com\/EvolveFitnessEurope"]}]}},"_links":{"self":[{"href":"https:\/\/evolve-fitness.eu\/fr\/wp-json\/wp\/v2\/product\/170644","targetHints":{"allow":["GET"]}}],"collection":[{"href":"https:\/\/evolve-fitness.eu\/fr\/wp-json\/wp\/v2\/product"}],"about":[{"href":"https:\/\/evolve-fitness.eu\/fr\/wp-json\/wp\/v2\/types\/product"}],"wp:featuredmedia":[{"embeddable":true,"href":"https:\/\/evolve-fitness.eu\/fr\/wp-json\/wp\/v2\/media\/170610"}],"wp:attachment":[{"href":"https:\/\/evolve-fitness.eu\/fr\/wp-json\/wp\/v2\/media?parent=170644"}],"wp:term":[{"taxonomy":"product_brand","embeddable":true,"href":"https:\/\/evolve-fitness.eu\/fr\/wp-json\/wp\/v2\/product_brand?post=170644"},{"taxonomy":"product_cat","embeddable":true,"href":"https:\/\/evolve-fitness.eu\/fr\/wp-json\/wp\/v2\/product_cat?post=170644"},{"taxonomy":"product_tag","embeddable":true,"href":"https:\/\/evolve-fitness.eu\/fr\/wp-json\/wp\/v2\/product_tag?post=170644"}],"curies":[{"name":"wp","href":"https:\/\/api.w.org\/{rel}","templated":true}]}}