{"id":171025,"date":"2025-01-06T13:56:47","date_gmt":"2025-01-06T13:56:47","guid":{"rendered":"https:\/\/evolve-fitness.eu\/product\/machine-abdominale-evolve-ultra-series-selectorized-2\/"},"modified":"2026-03-30T14:21:46","modified_gmt":"2026-03-30T11:21:46","slug":"machine-abdominale-evolve-ultra-series-selectorized-2","status":"publish","type":"product","link":"https:\/\/evolve-fitness.eu\/fr\/produit\/machine-abdominale-evolve-ultra-series-selectorized-2\/","title":{"rendered":"Machine abdominale Evolve Ultra Series Selectorized (UL-350)"},"content":{"rendered":"\n<section class=\"wp-block-group alignfull black-content has-white-color has-darkgray-background-color has-text-color has-background is-layout-constrained wp-block-group-is-layout-constrained\" style=\"padding-top:var(--wp--preset--spacing--section-bottom);padding-bottom:var(--wp--preset--spacing--section-bottom)\">\n<div class=\"wp-block-columns alignwide mobile-reverse is-layout-flex wp-container-core-columns-is-layout-ca64bf2d wp-block-columns-is-layout-flex\" style=\"margin-bottom:var(--wp--preset--spacing--side-padding)\">\n<div class=\"wp-block-column is-vertically-aligned-center is-layout-flow wp-block-column-is-layout-flow\">\n<figure class=\"wp-block-image size-full\"><img loading=\"lazy\" decoding=\"async\" width=\"680\" height=\"600\" src=\"https:\/\/evolve-fitness.eu\/wp-content\/uploads\/2025\/01\/EV-SC-UL-350-Evolve-Ultra-Series-Selectorized-Abdominal-Machine.png\" alt=\"EV-SC-UL-350\" class=\"wp-image-170837\" srcset=\"https:\/\/evolve-fitness.eu\/wp-content\/uploads\/2025\/01\/EV-SC-UL-350-Evolve-Ultra-Series-Selectorized-Abdominal-Machine.png 680w, https:\/\/evolve-fitness.eu\/wp-content\/uploads\/2025\/01\/EV-SC-UL-350-Evolve-Ultra-Series-Selectorized-Abdominal-Machine-300x265.png 300w, https:\/\/evolve-fitness.eu\/wp-content\/uploads\/2025\/01\/EV-SC-UL-350-Evolve-Ultra-Series-Selectorized-Abdominal-Machine-150x132.png 150w, https:\/\/evolve-fitness.eu\/wp-content\/uploads\/2025\/01\/EV-SC-UL-350-Evolve-Ultra-Series-Selectorized-Abdominal-Machine-600x529.png 600w, https:\/\/evolve-fitness.eu\/wp-content\/uploads\/2025\/01\/EV-SC-UL-350-Evolve-Ultra-Series-Selectorized-Abdominal-Machine-170x150.png 170w\" sizes=\"auto, (max-width: 680px) 100vw, 680px\" \/><\/figure>\n<\/div>\n\n\n\n<div class=\"wp-block-column is-vertically-aligned-center is-layout-flow wp-block-column-is-layout-flow\">\n<h3 class=\"wp-block-heading\" style=\"margin-bottom:var(--wp--preset--spacing--h-3-bottom)\"><strong><strong><strong><strong><strong><strong><strong><strong><strong>Isolation des muscles du tronc<\/strong><\/strong><\/strong><\/strong><\/strong><\/strong><\/strong><\/strong><\/strong><\/h3>\n\n\n\n<p><strong><em><strong><strong><strong><strong><strong><strong>Force et stabilit\u00e9 abdominales efficaces<\/strong><\/strong><\/strong><\/strong><\/strong><\/strong><\/em><\/strong><\/p>\n\n\n\n<p style=\"margin-bottom:var(--wp--preset--spacing--tb-section-padding)\">L&rsquo;appareil d&rsquo;abdominaux Evolve Ultra Series Selectorized est con\u00e7u pour activer de mani\u00e8re cibl\u00e9e les muscles du tronc, y compris le grand droit et les obliques. Son syst\u00e8me de r\u00e9sistance r\u00e9glable permet une surcharge progressive, ce qui le rend adapt\u00e9 aux utilisateurs de tous niveaux. Gr\u00e2ce \u00e0 sa conception ergonomique qui favorise une forme correcte et aide \u00e0 r\u00e9duire les tensions, cette machine garantit un entra\u00eenement s\u00fbr, confortable et efficace. Id\u00e9al pour d\u00e9velopper la force du tronc, am\u00e9liorer la stabilit\u00e9 et la posture, c&rsquo;est un excellent choix pour d\u00e9velopper une ceinture abdominale forte et bien d\u00e9finie.   <br\/><\/p>\n<\/div>\n<\/div>\n\n\n\n<section class=\"wp-block-group alignfull black-content has-white-color has-darkgray-background-color has-text-color has-background is-layout-constrained wp-block-group-is-layout-constrained\" style=\"margin-bottom:0;padding-top:var(--wp--preset--spacing--tb-padding);padding-bottom:var(--wp--preset--spacing--tb-padding)\">\n<div class=\"wp-block-columns alignwide mobile-reverse is-layout-flex wp-container-core-columns-is-layout-ca64bf2d wp-block-columns-is-layout-flex\" style=\"margin-bottom:var(--wp--preset--spacing--side-padding)\">\n<div class=\"wp-block-column is-vertically-aligned-center is-layout-flow wp-block-column-is-layout-flow\">\n<h3 class=\"wp-block-heading\" style=\"margin-bottom:var(--wp--preset--spacing--h-3-bottom)\">Enti\u00e8rement car\u00e9n\u00e9e, elle p\u00e8se 85 kg<\/h3>\n\n\n\n<p style=\"margin-bottom:var(--wp--preset--spacing--tb-section-padding)\">La machine abdominale Evolve Ultra Series Selectorized a un poids total de 180 kg et est \u00e9quip\u00e9e d&rsquo;une pile de poids de 85 kg. Sa pile de poids enti\u00e8rement ferm\u00e9e renforce la s\u00e9curit\u00e9 de l&rsquo;utilisateur pendant les s\u00e9ances d&rsquo;entra\u00eenement tout en contribuant \u00e0 la conception propre, durable et professionnelle de l&rsquo;appareil. <br\/><\/p>\n<\/div>\n\n\n\n<div class=\"wp-block-column is-vertically-aligned-center is-layout-flow wp-block-column-is-layout-flow\">\n<figure class=\"wp-block-image size-full is-style-rounded\"><img loading=\"lazy\" decoding=\"async\" width=\"768\" height=\"779\" src=\"https:\/\/evolve-fitness.eu\/wp-content\/uploads\/2024\/01\/stack.webp\" alt=\"\" class=\"wp-image-9940\" srcset=\"https:\/\/evolve-fitness.eu\/wp-content\/uploads\/2024\/01\/stack.webp 768w, https:\/\/evolve-fitness.eu\/wp-content\/uploads\/2024\/01\/stack-300x304.webp 300w, https:\/\/evolve-fitness.eu\/wp-content\/uploads\/2024\/01\/stack-148x150.webp 148w, https:\/\/evolve-fitness.eu\/wp-content\/uploads\/2024\/01\/stack-600x609.webp 600w, https:\/\/evolve-fitness.eu\/wp-content\/uploads\/2024\/01\/stack-296x300.webp 296w\" sizes=\"auto, (max-width: 768px) 100vw, 768px\" \/><\/figure>\n<\/div>\n<\/div>\n<\/section>\n\n\n\n<div class=\"wp-block-columns alignwide mobile-reverse is-layout-flex wp-container-core-columns-is-layout-ca64bf2d wp-block-columns-is-layout-flex\" style=\"margin-bottom:var(--wp--preset--spacing--side-padding)\">\n<div class=\"wp-block-column is-vertically-aligned-center is-layout-flow wp-block-column-is-layout-flow\">\n<figure class=\"wp-block-video\"><video height=\"720\" style=\"aspect-ratio: 1280 \/ 720;\" width=\"1280\" autoplay=\"\" controls=\"\" loop=\"\" muted=\"\" src=\"https:\/\/evolve-fitness.eu\/wp-content\/uploads\/2023\/10\/Evolve-cable.mp4\"><\/video><\/figure>\n<\/div>\n\n\n\n<div class=\"wp-block-column is-vertically-aligned-center is-layout-flow wp-block-column-is-layout-flow\">\n<h3 class=\"wp-block-heading\" style=\"margin-bottom:var(--wp--preset--spacing--h-3-bottom)\">C\u00e2ble<\/h3>\n\n\n\n<p>Qualit\u00e9 sup\u00e9rieure<\/p>\n\n\n\n<p style=\"margin-bottom:var(--wp--preset--spacing--tb-section-padding)\">Les machines Evolve Ultra Series utilisent des c\u00e2bles de qualit\u00e9 sup\u00e9rieure. Il y a six brins principaux, et chaque brin est compos\u00e9 de 19 fils torsad\u00e9s ensemble, en polyamide 12 (PA12), et d&rsquo;un diam\u00e8tre de 5 mm. Lorsque vous passez d&rsquo;un exercice \u00e0 l&rsquo;autre, qu&rsquo;il s&rsquo;agisse d&rsquo;une flexion des biceps, d&rsquo;un d\u00e9velopp\u00e9 couch\u00e9, d&rsquo;un d\u00e9velopp\u00e9 lat\u00e9ral ou de toute autre activit\u00e9 de musculation, les performances exceptionnelles des c\u00e2bles de la s\u00e9rie Evolve Ultra garantissent la fluidit\u00e9 des mouvements et la constance de la r\u00e9sistance, ce qui favorise une exp\u00e9rience d&rsquo;entra\u00eenement \u00e0 la fois efficace et agr\u00e9able.<\/p>\n<\/div>\n<\/div>\n\n\n\n<div class=\"wp-block-columns alignwide mobile-reverse is-layout-flex wp-container-core-columns-is-layout-ca64bf2d wp-block-columns-is-layout-flex\" style=\"margin-bottom:var(--wp--preset--spacing--side-padding)\">\n<div class=\"wp-block-column is-vertically-aligned-center is-layout-flow wp-block-column-is-layout-flow\">\n<h3 class=\"wp-block-heading\" style=\"margin-bottom:var(--wp--preset--spacing--h-3-bottom)\">Double rev\u00eatement en poudre<\/h3>\n\n\n\n<p><strong><em>Rev\u00eatement \u00e9lectrostatique par poudrage nacr\u00e9<\/em><\/strong><\/p>\n\n\n\n<p style=\"margin-bottom:var(--wp--preset--spacing--tb-section-padding)\">Les machines de musculation de la s\u00e9rie Evolve Ultra, dot\u00e9es d&rsquo;un cadre noir perle mat \u00e0 rev\u00eatement \u00e9lectrostatique par poudre, allient forme et fonction. Son attrait esth\u00e9tique est renforc\u00e9 par sa finition noire mate, tandis que ses caract\u00e9ristiques pratiques, notamment sa r\u00e9sistance au frottement, ses propri\u00e9t\u00e9s anticorrosion et sa r\u00e9sistance aux rayures, en font un compagnon de fitness fiable et durable.<\/p>\n<\/div>\n\n\n\n<div class=\"wp-block-column is-vertically-aligned-center is-layout-flow wp-block-column-is-layout-flow\">\n<figure class=\"wp-block-video\"><video height=\"720\" style=\"aspect-ratio: 1280 \/ 720;\" width=\"1280\" autoplay=\"\" controls=\"\" loop=\"\" muted=\"\" src=\"https:\/\/evolve-fitness.eu\/wp-content\/uploads\/2023\/10\/Evolve-Double-powder-coated-Frame.mp4\"><\/video><\/figure>\n<\/div>\n<\/div>\n\n\n\n<div class=\"wp-block-columns alignwide is-layout-flex wp-container-core-columns-is-layout-c45ee707 wp-block-columns-is-layout-flex\" style=\"margin-bottom:var(--wp--preset--spacing--side-padding);padding-top:var(--wp--preset--spacing--side-padding)\">\n<div class=\"wp-block-column is-vertically-aligned-center is-layout-flow wp-block-column-is-layout-flow\">\n<figure class=\"wp-block-image size-full is-style-rounded\"><img loading=\"lazy\" decoding=\"async\" width=\"768\" height=\"779\" src=\"https:\/\/evolve-fitness.eu\/wp-content\/uploads\/2024\/01\/plate.webp\" alt=\"\" class=\"wp-image-9942\" srcset=\"https:\/\/evolve-fitness.eu\/wp-content\/uploads\/2024\/01\/plate.webp 768w, https:\/\/evolve-fitness.eu\/wp-content\/uploads\/2024\/01\/plate-300x304.webp 300w, https:\/\/evolve-fitness.eu\/wp-content\/uploads\/2024\/01\/plate-148x150.webp 148w, https:\/\/evolve-fitness.eu\/wp-content\/uploads\/2024\/01\/plate-600x609.webp 600w, https:\/\/evolve-fitness.eu\/wp-content\/uploads\/2024\/01\/plate-296x300.webp 296w\" sizes=\"auto, (max-width: 768px) 100vw, 768px\" \/><\/figure>\n<\/div>\n\n\n\n<div class=\"wp-block-column is-vertically-aligned-center is-layout-flow wp-block-column-is-layout-flow\">\n<h3 class=\"wp-block-heading\" style=\"margin-bottom:var(--wp--preset--spacing--h-3-bottom)\">Plaque de poids sup\u00e9rieure<\/h3>\n\n\n\n<p><strong><em>Pour une meilleure performance<\/em><\/strong> <\/p>\n\n\n\n<p style=\"margin-bottom:var(--wp--preset--spacing--tb-section-padding)\">L&rsquo;appareil d&rsquo;abdominaux Evolve Ultra Series Selectorized est \u00e9quip\u00e9 de deux plaques de poids suppl\u00e9mentaires de 2,5 kg, qui permettent d&rsquo;am\u00e9liorer les performances de l&rsquo;appareil. Tout d&rsquo;abord, il augmente la r\u00e9sistance maximale que l&rsquo;appareil peut fournir, ce qui permet aux utilisateurs de se surpasser lors de leurs s\u00e9ances d&rsquo;entra\u00eenement. En outre, ces plaques de poids suppl\u00e9mentaires offrent un avantage unique en permettant aux utilisateurs de faire des incr\u00e9ments plus petits et plus pr\u00e9cis dans leurs ajustements de r\u00e9sistance, chaque plaque offrant une augmentation de 2,5 kg. Cette pr\u00e9cision dans la s\u00e9lection de la r\u00e9sistance permet aux individus d&rsquo;adapter leurs s\u00e9ances d&rsquo;entra\u00eenement \u00e0 leurs besoins et objectifs sp\u00e9cifiques, garantissant que chaque s\u00e9ance d&rsquo;exercice est adapt\u00e9e pour optimiser les r\u00e9sultats.<\/p>\n<\/div>\n<\/div>\n<\/section>\n\n<p><\/p>\n","protected":false},"excerpt":{"rendered":"<p>L&rsquo;appareil d&rsquo;abdominaux Evolve Ultra Series Selectorized (EV-SC-UL-350) est un compl\u00e9ment essentiel pour tous ceux qui cherchent \u00e0 renforcer et \u00e0 sculpter leur tronc. Con\u00e7ue dans un souci de confort et d&rsquo;efficacit\u00e9, cette machine de haute qualit\u00e9 offre une r\u00e9sistance r\u00e9glable et un support ergonomique pour garantir un entra\u00eenement efficace et s\u00fbr. Que vous soyez d\u00e9butant ou exp\u00e9riment\u00e9, la machine abdominale est parfaite pour isoler et mobiliser les muscles du tronc, vous aidant ainsi \u00e0 atteindre vos objectifs de fitness avec pr\u00e9cision et facilit\u00e9.  <\/p>\n","protected":false},"featured_media":170845,"template":"","meta":{"_acf_changed":false,"inline_featured_image":false},"product_brand":[],"product_cat":[2681,3841],"product_tag":[],"class_list":{"0":"post-171025","1":"product","2":"type-product","3":"status-publish","4":"has-post-thumbnail","6":"product_cat-machines-selectionnees","7":"product_cat-machines-selectorized-ultra-series","9":"first","10":"instock","11":"shipping-taxable","12":"purchasable","13":"product-type-simple"},"acf":{"long_title":"Machine abdominale Evolve Ultra Series Selectorized (UL-350)","subtitle":"","specifications":[{"label":"SKU","text_value":"EV-SC-UL-350","icon":"x"},{"label":"Dimensions","text_value":"1339 x 1400 x 1602 mm","icon":"x"},{"label":"Poids","text_value":"180 kg","icon":"x"},{"label":"Pile de poids","text_value":"85 kg","icon":"x"},{"label":"Poids de la pile en option","text_value":"117,5 kg","icon":"x"},{"label":"R\u00e9sistance minimale","text_value":"5 kg","icon":"x"},{"label":"Plaque de poids sup\u00e9rieure","text_value":"2 x 2,5 kg","icon":"x"},{"label":"Poids maximal de l'utilisateur","text_value":"180 kg","icon":"x"},{"label":"Positions r\u00e9glables du support des pieds","text_value":"3","icon":"x"},{"label":"Epaisseur du cadre","text_value":"3 mm","icon":"x"},{"label":"Plaque de poids sup\u00e9rieure","text_value":"","icon":"v"},{"label":"Position d'entra\u00eenement r\u00e9glable","text_value":"","icon":"v"},{"label":"Con\u00e7u pour reproduire la courbure naturelle de la colonne vert\u00e9brale, il assure un mouvement fluide et contr\u00f4l\u00e9 et une isolation optimale des muscles abdominaux.","text_value":"","icon":"v"},{"label":"Deux poign\u00e9es antid\u00e9rapantes pour une bonne prise en main pendant l'exercice","text_value":"2 ans","icon":"v"},{"label":"Rev\u00eatement \u00e9pais en cuir PU","text_value":"","icon":"v"},{"label":"Goupille magn\u00e9tique d'empilage de poids","text_value":"","icon":"v"},{"label":"La goupille magn\u00e9tique de couleur vive de la pile de poids permet de l'identifier facilement.","text_value":"","icon":"v"},{"label":"Poign\u00e9es de r\u00e9glage de couleur vive pour une identification facile","text_value":"2 ans","icon":"v"},{"label":"Placard avec instructions de formation","text_value":"","icon":"v"},{"label":"Pile de poids envelopp\u00e9e","text_value":"2 ans","icon":"v"},{"label":"Protecteurs de sol durables","text_value":"2 ans","icon":"v"},{"label":"Peinture anticorrosion","text_value":"","icon":"v"},{"label":"C\u00e2ble en nylon  ","text_value":"2 ans","icon":"v"},{"label":"Poign\u00e9es antid\u00e9rapantes","text_value":"2 ans","icon":"v"},{"label":"Bouteille d'eau et \u00e9tui \u00e0 accessoires","text_value":"","icon":"v"},{"label":"Garantie","text_value":"2 ans","icon":"x"}],"product_frequently_asked_questions":null},"yoast_head":"<!-- This site is optimized with the Yoast SEO plugin v27.4 - https:\/\/yoast.com\/product\/yoast-seo-wordpress\/ -->\n<title>Machine abdominale Evolve Ultra Series Selectorized (UL-350) - Evolve<\/title>\n<meta name=\"description\" content=\"La machine abdominale Evolve Ultra Series Selectorized (EV-SC-UL-350) est un compl\u00e9ment essentiel pour tous ceux qui cherchent \u00e0 renforcer et \u00e0 sculpter leur corps.\" \/>\n<meta name=\"robots\" content=\"index, follow, max-snippet:-1, max-image-preview:large, max-video-preview:-1\" \/>\n<link rel=\"canonical\" href=\"https:\/\/evolve-fitness.eu\/fr\/produit\/machine-abdominale-evolve-ultra-series-selectorized-2\/\" \/>\n<meta property=\"og:locale\" content=\"fr_FR\" \/>\n<meta property=\"og:type\" content=\"article\" \/>\n<meta property=\"og:title\" content=\"Machine abdominale Evolve Ultra Series Selectorized (UL-350) - Evolve\" \/>\n<meta property=\"og:description\" content=\"La machine abdominale Evolve Ultra Series Selectorized (EV-SC-UL-350) est un compl\u00e9ment essentiel pour tous ceux qui cherchent \u00e0 renforcer et \u00e0 sculpter leur corps.\" \/>\n<meta property=\"og:url\" content=\"https:\/\/evolve-fitness.eu\/fr\/produit\/machine-abdominale-evolve-ultra-series-selectorized-2\/\" \/>\n<meta property=\"og:site_name\" content=\"Evolve\" \/>\n<meta property=\"article:publisher\" content=\"https:\/\/www.facebook.com\/EvolveFitnessEurope\" \/>\n<meta property=\"article:modified_time\" content=\"2026-03-30T11:21:46+00:00\" \/>\n<meta property=\"og:image\" content=\"https:\/\/evolve-fitness.eu\/wp-content\/uploads\/2025\/01\/EV-SC-UL-350-Evolve-Ultra-Series-Selectorized-Abdominal-Machine.png\" \/>\n\t<meta property=\"og:image:width\" content=\"680\" \/>\n\t<meta property=\"og:image:height\" content=\"600\" \/>\n\t<meta property=\"og:image:type\" content=\"image\/png\" \/>\n<meta name=\"twitter:card\" content=\"summary_large_image\" \/>\n<script type=\"application\/ld+json\" class=\"yoast-schema-graph\">{\"@context\":\"https:\\\/\\\/schema.org\",\"@graph\":[{\"@type\":\"WebPage\",\"@id\":\"https:\\\/\\\/evolve-fitness.eu\\\/fr\\\/produit\\\/machine-abdominale-evolve-ultra-series-selectorized-2\\\/\",\"url\":\"https:\\\/\\\/evolve-fitness.eu\\\/fr\\\/produit\\\/machine-abdominale-evolve-ultra-series-selectorized-2\\\/\",\"name\":\"Machine abdominale Evolve Ultra Series Selectorized (UL-350) - Evolve\",\"isPartOf\":{\"@id\":\"https:\\\/\\\/evolve-fitness.eu\\\/fr\\\/#website\"},\"primaryImageOfPage\":{\"@id\":\"https:\\\/\\\/evolve-fitness.eu\\\/fr\\\/produit\\\/machine-abdominale-evolve-ultra-series-selectorized-2\\\/#primaryimage\"},\"image\":{\"@id\":\"https:\\\/\\\/evolve-fitness.eu\\\/fr\\\/produit\\\/machine-abdominale-evolve-ultra-series-selectorized-2\\\/#primaryimage\"},\"thumbnailUrl\":\"https:\\\/\\\/evolve-fitness.eu\\\/wp-content\\\/uploads\\\/2025\\\/01\\\/EV-SC-UL-350-Evolve-Ultra-Series-Selectorized-Abdominal-Machine.png\",\"datePublished\":\"2025-01-06T13:56:47+00:00\",\"dateModified\":\"2026-03-30T11:21:46+00:00\",\"description\":\"La machine abdominale Evolve Ultra Series Selectorized (EV-SC-UL-350) est un compl\u00e9ment essentiel pour tous ceux qui cherchent \u00e0 renforcer et \u00e0 sculpter leur corps.\",\"breadcrumb\":{\"@id\":\"https:\\\/\\\/evolve-fitness.eu\\\/fr\\\/produit\\\/machine-abdominale-evolve-ultra-series-selectorized-2\\\/#breadcrumb\"},\"inLanguage\":\"fr-FR\",\"potentialAction\":[{\"@type\":\"ReadAction\",\"target\":[\"https:\\\/\\\/evolve-fitness.eu\\\/fr\\\/produit\\\/machine-abdominale-evolve-ultra-series-selectorized-2\\\/\"]}]},{\"@type\":\"ImageObject\",\"inLanguage\":\"fr-FR\",\"@id\":\"https:\\\/\\\/evolve-fitness.eu\\\/fr\\\/produit\\\/machine-abdominale-evolve-ultra-series-selectorized-2\\\/#primaryimage\",\"url\":\"https:\\\/\\\/evolve-fitness.eu\\\/wp-content\\\/uploads\\\/2025\\\/01\\\/EV-SC-UL-350-Evolve-Ultra-Series-Selectorized-Abdominal-Machine.png\",\"contentUrl\":\"https:\\\/\\\/evolve-fitness.eu\\\/wp-content\\\/uploads\\\/2025\\\/01\\\/EV-SC-UL-350-Evolve-Ultra-Series-Selectorized-Abdominal-Machine.png\",\"width\":680,\"height\":600,\"caption\":\"EV-SC-UL-350\"},{\"@type\":\"BreadcrumbList\",\"@id\":\"https:\\\/\\\/evolve-fitness.eu\\\/fr\\\/produit\\\/machine-abdominale-evolve-ultra-series-selectorized-2\\\/#breadcrumb\",\"itemListElement\":[{\"@type\":\"ListItem\",\"position\":1,\"name\":\"Home\",\"item\":\"https:\\\/\\\/evolve-fitness.eu\\\/fr\\\/\"},{\"@type\":\"ListItem\",\"position\":2,\"name\":\"Produits\",\"item\":\"https:\\\/\\\/evolve-fitness.eu\\\/fr\\\/shop\\\/\"},{\"@type\":\"ListItem\",\"position\":3,\"name\":\"Machine abdominale Evolve Ultra Series Selectorized (UL-350)\"}]},{\"@type\":\"WebSite\",\"@id\":\"https:\\\/\\\/evolve-fitness.eu\\\/fr\\\/#website\",\"url\":\"https:\\\/\\\/evolve-fitness.eu\\\/fr\\\/\",\"name\":\"Evolve\",\"description\":\"Your Evolved Gear Arrived\",\"publisher\":{\"@id\":\"https:\\\/\\\/evolve-fitness.eu\\\/fr\\\/#organization\"},\"potentialAction\":[{\"@type\":\"SearchAction\",\"target\":{\"@type\":\"EntryPoint\",\"urlTemplate\":\"https:\\\/\\\/evolve-fitness.eu\\\/fr\\\/?s={search_term_string}\"},\"query-input\":{\"@type\":\"PropertyValueSpecification\",\"valueRequired\":true,\"valueName\":\"search_term_string\"}}],\"inLanguage\":\"fr-FR\"},{\"@type\":\"Organization\",\"@id\":\"https:\\\/\\\/evolve-fitness.eu\\\/fr\\\/#organization\",\"name\":\"Evolve\",\"url\":\"https:\\\/\\\/evolve-fitness.eu\\\/fr\\\/\",\"logo\":{\"@type\":\"ImageObject\",\"inLanguage\":\"fr-FR\",\"@id\":\"https:\\\/\\\/evolve-fitness.eu\\\/fr\\\/#\\\/schema\\\/logo\\\/image\\\/\",\"url\":\"https:\\\/\\\/evolve-fitness.eu\\\/wp-content\\\/uploads\\\/2023\\\/05\\\/Evolve-logo.svg\",\"contentUrl\":\"https:\\\/\\\/evolve-fitness.eu\\\/wp-content\\\/uploads\\\/2023\\\/05\\\/Evolve-logo.svg\",\"width\":176,\"height\":20,\"caption\":\"Evolve\"},\"image\":{\"@id\":\"https:\\\/\\\/evolve-fitness.eu\\\/fr\\\/#\\\/schema\\\/logo\\\/image\\\/\"},\"sameAs\":[\"https:\\\/\\\/www.facebook.com\\\/EvolveFitnessEurope\"]}]}<\/script>\n<!-- \/ Yoast SEO plugin. -->","yoast_head_json":{"title":"Machine abdominale Evolve Ultra Series Selectorized (UL-350) - Evolve","description":"La machine abdominale Evolve Ultra Series Selectorized (EV-SC-UL-350) est un compl\u00e9ment essentiel pour tous ceux qui cherchent \u00e0 renforcer et \u00e0 sculpter leur corps.","robots":{"index":"index","follow":"follow","max-snippet":"max-snippet:-1","max-image-preview":"max-image-preview:large","max-video-preview":"max-video-preview:-1"},"canonical":"https:\/\/evolve-fitness.eu\/fr\/produit\/machine-abdominale-evolve-ultra-series-selectorized-2\/","og_locale":"fr_FR","og_type":"article","og_title":"Machine abdominale Evolve Ultra Series Selectorized (UL-350) - Evolve","og_description":"La machine abdominale Evolve Ultra Series Selectorized (EV-SC-UL-350) est un compl\u00e9ment essentiel pour tous ceux qui cherchent \u00e0 renforcer et \u00e0 sculpter leur corps.","og_url":"https:\/\/evolve-fitness.eu\/fr\/produit\/machine-abdominale-evolve-ultra-series-selectorized-2\/","og_site_name":"Evolve","article_publisher":"https:\/\/www.facebook.com\/EvolveFitnessEurope","article_modified_time":"2026-03-30T11:21:46+00:00","og_image":[{"width":680,"height":600,"url":"https:\/\/evolve-fitness.eu\/wp-content\/uploads\/2025\/01\/EV-SC-UL-350-Evolve-Ultra-Series-Selectorized-Abdominal-Machine.png","type":"image\/png"}],"twitter_card":"summary_large_image","schema":{"@context":"https:\/\/schema.org","@graph":[{"@type":"WebPage","@id":"https:\/\/evolve-fitness.eu\/fr\/produit\/machine-abdominale-evolve-ultra-series-selectorized-2\/","url":"https:\/\/evolve-fitness.eu\/fr\/produit\/machine-abdominale-evolve-ultra-series-selectorized-2\/","name":"Machine abdominale Evolve Ultra Series Selectorized (UL-350) - Evolve","isPartOf":{"@id":"https:\/\/evolve-fitness.eu\/fr\/#website"},"primaryImageOfPage":{"@id":"https:\/\/evolve-fitness.eu\/fr\/produit\/machine-abdominale-evolve-ultra-series-selectorized-2\/#primaryimage"},"image":{"@id":"https:\/\/evolve-fitness.eu\/fr\/produit\/machine-abdominale-evolve-ultra-series-selectorized-2\/#primaryimage"},"thumbnailUrl":"https:\/\/evolve-fitness.eu\/wp-content\/uploads\/2025\/01\/EV-SC-UL-350-Evolve-Ultra-Series-Selectorized-Abdominal-Machine.png","datePublished":"2025-01-06T13:56:47+00:00","dateModified":"2026-03-30T11:21:46+00:00","description":"La machine abdominale Evolve Ultra Series Selectorized (EV-SC-UL-350) est un compl\u00e9ment essentiel pour tous ceux qui cherchent \u00e0 renforcer et \u00e0 sculpter leur corps.","breadcrumb":{"@id":"https:\/\/evolve-fitness.eu\/fr\/produit\/machine-abdominale-evolve-ultra-series-selectorized-2\/#breadcrumb"},"inLanguage":"fr-FR","potentialAction":[{"@type":"ReadAction","target":["https:\/\/evolve-fitness.eu\/fr\/produit\/machine-abdominale-evolve-ultra-series-selectorized-2\/"]}]},{"@type":"ImageObject","inLanguage":"fr-FR","@id":"https:\/\/evolve-fitness.eu\/fr\/produit\/machine-abdominale-evolve-ultra-series-selectorized-2\/#primaryimage","url":"https:\/\/evolve-fitness.eu\/wp-content\/uploads\/2025\/01\/EV-SC-UL-350-Evolve-Ultra-Series-Selectorized-Abdominal-Machine.png","contentUrl":"https:\/\/evolve-fitness.eu\/wp-content\/uploads\/2025\/01\/EV-SC-UL-350-Evolve-Ultra-Series-Selectorized-Abdominal-Machine.png","width":680,"height":600,"caption":"EV-SC-UL-350"},{"@type":"BreadcrumbList","@id":"https:\/\/evolve-fitness.eu\/fr\/produit\/machine-abdominale-evolve-ultra-series-selectorized-2\/#breadcrumb","itemListElement":[{"@type":"ListItem","position":1,"name":"Home","item":"https:\/\/evolve-fitness.eu\/fr\/"},{"@type":"ListItem","position":2,"name":"Produits","item":"https:\/\/evolve-fitness.eu\/fr\/shop\/"},{"@type":"ListItem","position":3,"name":"Machine abdominale Evolve Ultra Series Selectorized (UL-350)"}]},{"@type":"WebSite","@id":"https:\/\/evolve-fitness.eu\/fr\/#website","url":"https:\/\/evolve-fitness.eu\/fr\/","name":"Evolve","description":"Your Evolved Gear Arrived","publisher":{"@id":"https:\/\/evolve-fitness.eu\/fr\/#organization"},"potentialAction":[{"@type":"SearchAction","target":{"@type":"EntryPoint","urlTemplate":"https:\/\/evolve-fitness.eu\/fr\/?s={search_term_string}"},"query-input":{"@type":"PropertyValueSpecification","valueRequired":true,"valueName":"search_term_string"}}],"inLanguage":"fr-FR"},{"@type":"Organization","@id":"https:\/\/evolve-fitness.eu\/fr\/#organization","name":"Evolve","url":"https:\/\/evolve-fitness.eu\/fr\/","logo":{"@type":"ImageObject","inLanguage":"fr-FR","@id":"https:\/\/evolve-fitness.eu\/fr\/#\/schema\/logo\/image\/","url":"https:\/\/evolve-fitness.eu\/wp-content\/uploads\/2023\/05\/Evolve-logo.svg","contentUrl":"https:\/\/evolve-fitness.eu\/wp-content\/uploads\/2023\/05\/Evolve-logo.svg","width":176,"height":20,"caption":"Evolve"},"image":{"@id":"https:\/\/evolve-fitness.eu\/fr\/#\/schema\/logo\/image\/"},"sameAs":["https:\/\/www.facebook.com\/EvolveFitnessEurope"]}]}},"_links":{"self":[{"href":"https:\/\/evolve-fitness.eu\/fr\/wp-json\/wp\/v2\/product\/171025","targetHints":{"allow":["GET"]}}],"collection":[{"href":"https:\/\/evolve-fitness.eu\/fr\/wp-json\/wp\/v2\/product"}],"about":[{"href":"https:\/\/evolve-fitness.eu\/fr\/wp-json\/wp\/v2\/types\/product"}],"wp:featuredmedia":[{"embeddable":true,"href":"https:\/\/evolve-fitness.eu\/fr\/wp-json\/wp\/v2\/media\/170845"}],"wp:attachment":[{"href":"https:\/\/evolve-fitness.eu\/fr\/wp-json\/wp\/v2\/media?parent=171025"}],"wp:term":[{"taxonomy":"product_brand","embeddable":true,"href":"https:\/\/evolve-fitness.eu\/fr\/wp-json\/wp\/v2\/product_brand?post=171025"},{"taxonomy":"product_cat","embeddable":true,"href":"https:\/\/evolve-fitness.eu\/fr\/wp-json\/wp\/v2\/product_cat?post=171025"},{"taxonomy":"product_tag","embeddable":true,"href":"https:\/\/evolve-fitness.eu\/fr\/wp-json\/wp\/v2\/product_tag?post=171025"}],"curies":[{"name":"wp","href":"https:\/\/api.w.org\/{rel}","templated":true}]}}