{"id":173628,"date":"2025-01-14T09:52:58","date_gmt":"2025-01-14T09:52:58","guid":{"rendered":"https:\/\/evolve-fitness.eu\/product\/plaque-dacier-evolve-powerlifting-025kg-25kg\/"},"modified":"2025-01-21T12:32:52","modified_gmt":"2025-01-21T12:32:52","slug":"plaque-dacier-evolve-powerlifting-025kg-25kg","status":"publish","type":"product","link":"https:\/\/evolve-fitness.eu\/fr\/produit\/plaque-dacier-evolve-powerlifting-025kg-25kg\/","title":{"rendered":"Plaque d&rsquo;acier Evolve Powerlifting 0,25 kg &#8211; 25 kg"},"content":{"rendered":"\n<section class=\"wp-block-group alignfull has-lightgray-background-color has-background is-layout-constrained wp-block-group-is-layout-constrained\">\n<div class=\"wp-block-columns alignwide is-layout-flex wp-container-core-columns-is-layout-2edb0647 wp-block-columns-is-layout-flex\" style=\"margin-top:0;margin-bottom:0\">\n<div class=\"wp-block-column is-layout-flow wp-block-column-is-layout-flow\" style=\"flex-basis:33.33%\"><\/div>\n\n\n\n<div class=\"wp-block-column is-layout-flow wp-block-column-is-layout-flow\" style=\"flex-basis:66.66%\"><\/div>\n<\/div>\n<\/section>\n\n<section class=\"wp-block-group alignfull black-content has-white-color has-darkgray-background-color has-text-color has-background is-layout-constrained wp-block-group-is-layout-constrained\" style=\"padding-top:var(--wp--preset--spacing--section-bottom);padding-bottom:var(--wp--preset--spacing--section-bottom)\">\n<h3 class=\"wp-block-heading has-text-align-center\" style=\"margin-bottom:var(--wp--preset--spacing--tb-section-padding)\">Carte technique<\/h3>\n\n\n\n<div class=\"wp-block-columns alignwide mobile-reverse is-layout-flex wp-container-core-columns-is-layout-ca64bf2d wp-block-columns-is-layout-flex\" style=\"margin-bottom:var(--wp--preset--spacing--side-padding)\">\n<div class=\"wp-block-column is-layout-flow wp-block-column-is-layout-flow\">\n<figure class=\"wp-block-image aligncenter size-large is-style-rounded\"><img loading=\"lazy\" decoding=\"async\" width=\"1024\" height=\"683\" src=\"https:\/\/evolve-fitness.eu\/wp-content\/uploads\/2025\/01\/EV-WP-SP_card-1024x683.jpg\" alt=\"Plaque d'acier Evolve Powerlifting\" class=\"wp-image-174097\" srcset=\"https:\/\/evolve-fitness.eu\/wp-content\/uploads\/2025\/01\/EV-WP-SP_card-1024x683.jpg 1024w, https:\/\/evolve-fitness.eu\/wp-content\/uploads\/2025\/01\/EV-WP-SP_card-300x200.jpg 300w, https:\/\/evolve-fitness.eu\/wp-content\/uploads\/2025\/01\/EV-WP-SP_card-150x100.jpg 150w, https:\/\/evolve-fitness.eu\/wp-content\/uploads\/2025\/01\/EV-WP-SP_card-768x512.jpg 768w, https:\/\/evolve-fitness.eu\/wp-content\/uploads\/2025\/01\/EV-WP-SP_card-1536x1024.jpg 1536w, https:\/\/evolve-fitness.eu\/wp-content\/uploads\/2025\/01\/EV-WP-SP_card-2048x1365.jpg 2048w, https:\/\/evolve-fitness.eu\/wp-content\/uploads\/2025\/01\/EV-WP-SP_card-600x400.jpg 600w, https:\/\/evolve-fitness.eu\/wp-content\/uploads\/2025\/01\/EV-WP-SP_card-225x150.jpg 225w\" sizes=\"auto, (max-width: 1024px) 100vw, 1024px\" \/><\/figure>\n<\/div>\n<\/div>\n\n\n\n<div class=\"wp-block-columns alignwide mobile-reverse is-layout-flex wp-container-core-columns-is-layout-ca64bf2d wp-block-columns-is-layout-flex\" style=\"margin-bottom:var(--wp--preset--spacing--side-padding)\">\n<div class=\"wp-block-column is-vertically-aligned-center is-layout-flow wp-block-column-is-layout-flow\">\n<h3 class=\"wp-block-heading\" style=\"margin-bottom:var(--wp--preset--spacing--h-3-bottom)\"><strong><strong><strong><strong><strong><strong>Construction en acier de premi\u00e8re qualit\u00e9<\/strong><\/strong><\/strong><\/strong><\/strong><\/strong><\/h3>\n\n\n\n<p><strong><em><strong><strong><strong><strong>Durable et fiable pour une performance maximale<\/strong><\/strong><\/strong><\/strong><\/em><\/strong><\/p>\n\n\n\n<p style=\"margin-bottom:var(--wp--preset--spacing--tb-section-padding)\">La plaque d&rsquo;acier Evolve Powerlifting est forg\u00e9e \u00e0 partir d&rsquo;un acier de haute qualit\u00e9, garantissant une durabilit\u00e9 et une long\u00e9vit\u00e9 exceptionnelles. Ce mat\u00e9riau robuste est con\u00e7u pour supporter les exigences des s\u00e9ances intenses de powerlifting, offrant une sensation et une performance constantes \u00e0 chaque lev\u00e9e. <\/p>\n\n\n\n<h3 class=\"wp-block-heading\" style=\"margin-bottom:var(--wp--preset--spacing--h-3-bottom)\"><strong><strong><strong><strong><strong><strong><strong><strong>Design \u00e9pur\u00e9 et fonctionnel<\/strong><\/strong><\/strong><\/strong><\/strong><\/strong><\/strong><\/strong><\/h3>\n\n\n\n<p><strong><em><strong><strong><strong><strong><strong>Un aspect professionnel avec une utilit\u00e9 pratique<\/strong><\/strong><\/strong><\/strong><\/strong><\/em><\/strong><\/p>\n\n\n\n<p>D&rsquo;un design compact et minimaliste, ces plaques offrent une esth\u00e9tique \u00e9l\u00e9gante et professionnelle adapt\u00e9e \u00e0 tout environnement de salle de sport. La finition en acier poli est \u00e0 la fois \u00e9l\u00e9gante et r\u00e9sistante \u00e0 la corrosion, conservant ainsi son attrait visuel et sa fonctionnalit\u00e9 au fil du temps. <\/p>\n<\/div>\n\n\n\n<div class=\"wp-block-column is-vertically-aligned-center is-layout-flow wp-block-column-is-layout-flow\">\n<figure class=\"wp-block-image size-full is-style-rounded\"><img loading=\"lazy\" decoding=\"async\" width=\"2060\" height=\"1373\" src=\"https:\/\/evolve-fitness.eu\/wp-content\/uploads\/2025\/01\/EV-WP-SP.png\" alt=\"\" class=\"wp-image-173356\" style=\"object-fit:cover\" srcset=\"https:\/\/evolve-fitness.eu\/wp-content\/uploads\/2025\/01\/EV-WP-SP.png 2060w, https:\/\/evolve-fitness.eu\/wp-content\/uploads\/2025\/01\/EV-WP-SP-300x200.png 300w, https:\/\/evolve-fitness.eu\/wp-content\/uploads\/2025\/01\/EV-WP-SP-1024x683.png 1024w, https:\/\/evolve-fitness.eu\/wp-content\/uploads\/2025\/01\/EV-WP-SP-150x100.png 150w, https:\/\/evolve-fitness.eu\/wp-content\/uploads\/2025\/01\/EV-WP-SP-768x512.png 768w, https:\/\/evolve-fitness.eu\/wp-content\/uploads\/2025\/01\/EV-WP-SP-1536x1024.png 1536w, https:\/\/evolve-fitness.eu\/wp-content\/uploads\/2025\/01\/EV-WP-SP-2048x1365.png 2048w, https:\/\/evolve-fitness.eu\/wp-content\/uploads\/2025\/01\/EV-WP-SP-600x400.png 600w, https:\/\/evolve-fitness.eu\/wp-content\/uploads\/2025\/01\/EV-WP-SP-225x150.png 225w\" sizes=\"auto, (max-width: 2060px) 100vw, 2060px\" \/><\/figure>\n<\/div>\n<\/div>\n\n\n\n<div class=\"wp-block-columns alignwide mobile-reverse is-layout-flex wp-container-core-columns-is-layout-ca64bf2d wp-block-columns-is-layout-flex\" style=\"margin-bottom:var(--wp--preset--spacing--side-padding)\">\n<div class=\"wp-block-column is-vertically-aligned-center is-layout-flow wp-block-column-is-layout-flow\">\n<figure class=\"wp-block-image size-full is-style-rounded\"><img loading=\"lazy\" decoding=\"async\" width=\"2060\" height=\"1373\" src=\"https:\/\/evolve-fitness.eu\/wp-content\/uploads\/2025\/01\/EV-WP-SP-1.jpg\" alt=\"Plaque d'acier Evolve Powerlifting\" class=\"wp-image-173888\" style=\"object-fit:cover\" srcset=\"https:\/\/evolve-fitness.eu\/wp-content\/uploads\/2025\/01\/EV-WP-SP-1.jpg 2060w, https:\/\/evolve-fitness.eu\/wp-content\/uploads\/2025\/01\/EV-WP-SP-1-300x200.jpg 300w, https:\/\/evolve-fitness.eu\/wp-content\/uploads\/2025\/01\/EV-WP-SP-1-1024x683.jpg 1024w, https:\/\/evolve-fitness.eu\/wp-content\/uploads\/2025\/01\/EV-WP-SP-1-150x100.jpg 150w, https:\/\/evolve-fitness.eu\/wp-content\/uploads\/2025\/01\/EV-WP-SP-1-768x512.jpg 768w, https:\/\/evolve-fitness.eu\/wp-content\/uploads\/2025\/01\/EV-WP-SP-1-1536x1024.jpg 1536w, https:\/\/evolve-fitness.eu\/wp-content\/uploads\/2025\/01\/EV-WP-SP-1-2048x1365.jpg 2048w, https:\/\/evolve-fitness.eu\/wp-content\/uploads\/2025\/01\/EV-WP-SP-1-600x400.jpg 600w, https:\/\/evolve-fitness.eu\/wp-content\/uploads\/2025\/01\/EV-WP-SP-1-225x150.jpg 225w\" sizes=\"auto, (max-width: 2060px) 100vw, 2060px\" \/><\/figure>\n<\/div>\n\n\n\n<div class=\"wp-block-column is-vertically-aligned-center is-layout-flow wp-block-column-is-layout-flow\">\n<h3 class=\"wp-block-heading\" style=\"margin-bottom:var(--wp--preset--spacing--h-3-bottom)\"><strong><strong><strong><strong><strong><strong><strong>Parfait pour les applications de Powerlifting<\/strong><\/strong><\/strong><\/strong><\/strong><\/strong><\/strong><\/h3>\n\n\n\n<p><strong><em><strong><strong><strong><strong><strong>Con\u00e7u pour les s\u00e9ances de levage s\u00e9rieuses<\/strong><\/strong><\/strong><\/strong><\/strong><\/em><\/strong><\/p>\n\n\n\n<p style=\"margin-bottom:var(--wp--preset--spacing--tb-section-padding)\">Cette plaque est m\u00e9ticuleusement con\u00e7ue pour les exercices de powerlifting, y compris les squats, les deadlifts et les bench press. La pr\u00e9cision de son poids calibr\u00e9 assure la pr\u00e9cision des lev\u00e9es, ce qui permet d&rsquo;atteindre les objectifs de force de mani\u00e8re efficace et s\u00fbre. <\/p>\n\n\n\n<h3 class=\"wp-block-heading\" style=\"margin-bottom:var(--wp--preset--spacing--h-3-bottom)\"><strong><strong><strong><strong><strong><strong><strong><strong><strong>Avantages en termes d&rsquo;\u00e9conomie d&rsquo;espace<\/strong><\/strong><\/strong><\/strong><\/strong><\/strong><\/strong><\/strong><\/strong><\/h3>\n\n\n\n<p><strong><em><strong><strong><strong><strong><strong><strong>Utilisation efficace de l&rsquo;espace de la salle de sport et des barres d&rsquo;alimentation<\/strong><\/strong><\/strong><\/strong><\/strong><\/strong><\/em><\/strong><\/p>\n\n\n\n<p>Le profil fin de ces plaques d&rsquo;acier permet une capacit\u00e9 de chargement maximale sur les barres de powerlifting, ce qui les rend parfaites pour les halt\u00e9rophiles lourds. Leur conception compacte minimise \u00e9galement l&rsquo;espace de stockage n\u00e9cessaire, ce qui permet \u00e0 votre salle de sport de rester organis\u00e9e et sans encombrement. <\/p>\n<\/div>\n<\/div>\n<\/section>\n","protected":false},"excerpt":{"rendered":"<p>Les plaques en acier Evolve Powerlifting (EV-WP-SP) sont con\u00e7ues avec pr\u00e9cision pour r\u00e9pondre aux exigences d&rsquo;un entra\u00eenement de force s\u00e9rieux. D&rsquo;une capacit\u00e9 de 0,25 kg \u00e0 25 kg, ces plaques sont fabriqu\u00e9es en acier de haute qualit\u00e9 pour une durabilit\u00e9 et une pr\u00e9cision accrues. Con\u00e7ues pour s&rsquo;adapter aux halt\u00e8res standard, elles pr\u00e9sentent un design \u00e9l\u00e9gant et compact qui minimise l&rsquo;encombrement tout en maximisant la densit\u00e9 du poids. Parfaites pour l&rsquo;entra\u00eenement progressif et le levage de charges lourdes, ces plaques sont id\u00e9ales pour les athl\u00e8tes de tous niveaux qui s&rsquo;efforcent d&rsquo;atteindre des performances de pointe.   <\/p>\n","protected":false},"featured_media":174288,"template":"","meta":{"_acf_changed":false,"inline_featured_image":false},"product_brand":[],"product_cat":[1452,1455],"product_tag":[],"class_list":{"0":"post-173628","1":"product","2":"type-product","3":"status-publish","4":"has-post-thumbnail","6":"product_cat-poids-libres","7":"product_cat-plaques-de-poids","9":"first","10":"instock","11":"shipping-taxable","12":"purchasable","13":"product-type-simple"},"acf":{"long_title":"Plaque d'acier Evolve Powerlifting 0,25 kg - 25 kg","subtitle":"","specifications":[{"label":"SKU","text_value":"EV-WP-SP","icon":"x"},{"label":"Mat\u00e9riau","text_value":"Acier inoxydable de premi\u00e8re qualit\u00e9","icon":"x"},{"label":"Gamme de poids","text_value":"0,25 kg \u00e0 25 kg","icon":"x"},{"label":"Tol\u00e9rance de poids","text_value":"\u00b110 g","icon":"x"}]},"yoast_head":"<!-- This site is optimized with the Yoast SEO plugin v26.6 - https:\/\/yoast.com\/wordpress\/plugins\/seo\/ -->\n<title>Plaque d&#039;acier Evolve Powerlifting 0,25 kg - 25 kg - Evolve<\/title>\n<meta name=\"robots\" content=\"index, follow, max-snippet:-1, max-image-preview:large, max-video-preview:-1\" \/>\n<link rel=\"canonical\" href=\"https:\/\/evolve-fitness.eu\/fr\/produit\/plaque-dacier-evolve-powerlifting-025kg-25kg\/\" \/>\n<meta property=\"og:locale\" content=\"fr_FR\" \/>\n<meta property=\"og:type\" content=\"article\" \/>\n<meta property=\"og:title\" content=\"Plaque d&#039;acier Evolve Powerlifting 0,25 kg - 25 kg - Evolve\" \/>\n<meta property=\"og:url\" content=\"https:\/\/evolve-fitness.eu\/fr\/produit\/plaque-dacier-evolve-powerlifting-025kg-25kg\/\" \/>\n<meta property=\"og:site_name\" content=\"Evolve\" \/>\n<meta property=\"article:publisher\" content=\"https:\/\/www.facebook.com\/EvolveFitnessEurope\" \/>\n<meta property=\"article:modified_time\" content=\"2025-01-21T12:32:52+00:00\" \/>\n<meta property=\"og:image\" content=\"https:\/\/evolve-fitness.eu\/wp-content\/uploads\/2025\/01\/Dizainas-be-pavadinimo-3-1024x1024.png\" \/>\n\t<meta property=\"og:image:width\" content=\"1024\" \/>\n\t<meta property=\"og:image:height\" content=\"1024\" \/>\n\t<meta property=\"og:image:type\" content=\"image\/png\" \/>\n<meta name=\"twitter:card\" content=\"summary_large_image\" \/>\n<script type=\"application\/ld+json\" class=\"yoast-schema-graph\">{\"@context\":\"https:\/\/schema.org\",\"@graph\":[{\"@type\":\"WebPage\",\"@id\":\"https:\/\/evolve-fitness.eu\/fr\/produit\/plaque-dacier-evolve-powerlifting-025kg-25kg\/\",\"url\":\"https:\/\/evolve-fitness.eu\/fr\/produit\/plaque-dacier-evolve-powerlifting-025kg-25kg\/\",\"name\":\"Plaque d'acier Evolve Powerlifting 0,25 kg - 25 kg - Evolve\",\"isPartOf\":{\"@id\":\"https:\/\/evolve-fitness.eu\/fr\/#website\"},\"primaryImageOfPage\":{\"@id\":\"https:\/\/evolve-fitness.eu\/fr\/produit\/plaque-dacier-evolve-powerlifting-025kg-25kg\/#primaryimage\"},\"image\":{\"@id\":\"https:\/\/evolve-fitness.eu\/fr\/produit\/plaque-dacier-evolve-powerlifting-025kg-25kg\/#primaryimage\"},\"thumbnailUrl\":\"https:\/\/evolve-fitness.eu\/wp-content\/uploads\/2025\/01\/Dizainas-be-pavadinimo-3.png\",\"datePublished\":\"2025-01-14T09:52:58+00:00\",\"dateModified\":\"2025-01-21T12:32:52+00:00\",\"breadcrumb\":{\"@id\":\"https:\/\/evolve-fitness.eu\/fr\/produit\/plaque-dacier-evolve-powerlifting-025kg-25kg\/#breadcrumb\"},\"inLanguage\":\"fr-FR\",\"potentialAction\":[{\"@type\":\"ReadAction\",\"target\":[\"https:\/\/evolve-fitness.eu\/fr\/produit\/plaque-dacier-evolve-powerlifting-025kg-25kg\/\"]}]},{\"@type\":\"ImageObject\",\"inLanguage\":\"fr-FR\",\"@id\":\"https:\/\/evolve-fitness.eu\/fr\/produit\/plaque-dacier-evolve-powerlifting-025kg-25kg\/#primaryimage\",\"url\":\"https:\/\/evolve-fitness.eu\/wp-content\/uploads\/2025\/01\/Dizainas-be-pavadinimo-3.png\",\"contentUrl\":\"https:\/\/evolve-fitness.eu\/wp-content\/uploads\/2025\/01\/Dizainas-be-pavadinimo-3.png\",\"width\":1890,\"height\":1890},{\"@type\":\"BreadcrumbList\",\"@id\":\"https:\/\/evolve-fitness.eu\/fr\/produit\/plaque-dacier-evolve-powerlifting-025kg-25kg\/#breadcrumb\",\"itemListElement\":[{\"@type\":\"ListItem\",\"position\":1,\"name\":\"Home\",\"item\":\"https:\/\/evolve-fitness.eu\/fr\/\"},{\"@type\":\"ListItem\",\"position\":2,\"name\":\"Produits\",\"item\":\"https:\/\/evolve-fitness.eu\/fr\/shop\/\"},{\"@type\":\"ListItem\",\"position\":3,\"name\":\"Plaque d&#8217;acier Evolve Powerlifting 0,25 kg &#8211; 25 kg\"}]},{\"@type\":\"WebSite\",\"@id\":\"https:\/\/evolve-fitness.eu\/fr\/#website\",\"url\":\"https:\/\/evolve-fitness.eu\/fr\/\",\"name\":\"Evolve\",\"description\":\"Your Evolved Gear Arrived\",\"publisher\":{\"@id\":\"https:\/\/evolve-fitness.eu\/fr\/#organization\"},\"potentialAction\":[{\"@type\":\"SearchAction\",\"target\":{\"@type\":\"EntryPoint\",\"urlTemplate\":\"https:\/\/evolve-fitness.eu\/fr\/?s={search_term_string}\"},\"query-input\":{\"@type\":\"PropertyValueSpecification\",\"valueRequired\":true,\"valueName\":\"search_term_string\"}}],\"inLanguage\":\"fr-FR\"},{\"@type\":\"Organization\",\"@id\":\"https:\/\/evolve-fitness.eu\/fr\/#organization\",\"name\":\"Evolve\",\"url\":\"https:\/\/evolve-fitness.eu\/fr\/\",\"logo\":{\"@type\":\"ImageObject\",\"inLanguage\":\"fr-FR\",\"@id\":\"https:\/\/evolve-fitness.eu\/fr\/#\/schema\/logo\/image\/\",\"url\":\"https:\/\/evolve-fitness.eu\/wp-content\/uploads\/2023\/05\/Evolve-logo.svg\",\"contentUrl\":\"https:\/\/evolve-fitness.eu\/wp-content\/uploads\/2023\/05\/Evolve-logo.svg\",\"width\":176,\"height\":20,\"caption\":\"Evolve\"},\"image\":{\"@id\":\"https:\/\/evolve-fitness.eu\/fr\/#\/schema\/logo\/image\/\"},\"sameAs\":[\"https:\/\/www.facebook.com\/EvolveFitnessEurope\"]}]}<\/script>\n<!-- \/ Yoast SEO plugin. -->","yoast_head_json":{"title":"Plaque d'acier Evolve Powerlifting 0,25 kg - 25 kg - Evolve","robots":{"index":"index","follow":"follow","max-snippet":"max-snippet:-1","max-image-preview":"max-image-preview:large","max-video-preview":"max-video-preview:-1"},"canonical":"https:\/\/evolve-fitness.eu\/fr\/produit\/plaque-dacier-evolve-powerlifting-025kg-25kg\/","og_locale":"fr_FR","og_type":"article","og_title":"Plaque d'acier Evolve Powerlifting 0,25 kg - 25 kg - Evolve","og_url":"https:\/\/evolve-fitness.eu\/fr\/produit\/plaque-dacier-evolve-powerlifting-025kg-25kg\/","og_site_name":"Evolve","article_publisher":"https:\/\/www.facebook.com\/EvolveFitnessEurope","article_modified_time":"2025-01-21T12:32:52+00:00","og_image":[{"width":1024,"height":1024,"url":"https:\/\/evolve-fitness.eu\/wp-content\/uploads\/2025\/01\/Dizainas-be-pavadinimo-3-1024x1024.png","type":"image\/png"}],"twitter_card":"summary_large_image","schema":{"@context":"https:\/\/schema.org","@graph":[{"@type":"WebPage","@id":"https:\/\/evolve-fitness.eu\/fr\/produit\/plaque-dacier-evolve-powerlifting-025kg-25kg\/","url":"https:\/\/evolve-fitness.eu\/fr\/produit\/plaque-dacier-evolve-powerlifting-025kg-25kg\/","name":"Plaque d'acier Evolve Powerlifting 0,25 kg - 25 kg - Evolve","isPartOf":{"@id":"https:\/\/evolve-fitness.eu\/fr\/#website"},"primaryImageOfPage":{"@id":"https:\/\/evolve-fitness.eu\/fr\/produit\/plaque-dacier-evolve-powerlifting-025kg-25kg\/#primaryimage"},"image":{"@id":"https:\/\/evolve-fitness.eu\/fr\/produit\/plaque-dacier-evolve-powerlifting-025kg-25kg\/#primaryimage"},"thumbnailUrl":"https:\/\/evolve-fitness.eu\/wp-content\/uploads\/2025\/01\/Dizainas-be-pavadinimo-3.png","datePublished":"2025-01-14T09:52:58+00:00","dateModified":"2025-01-21T12:32:52+00:00","breadcrumb":{"@id":"https:\/\/evolve-fitness.eu\/fr\/produit\/plaque-dacier-evolve-powerlifting-025kg-25kg\/#breadcrumb"},"inLanguage":"fr-FR","potentialAction":[{"@type":"ReadAction","target":["https:\/\/evolve-fitness.eu\/fr\/produit\/plaque-dacier-evolve-powerlifting-025kg-25kg\/"]}]},{"@type":"ImageObject","inLanguage":"fr-FR","@id":"https:\/\/evolve-fitness.eu\/fr\/produit\/plaque-dacier-evolve-powerlifting-025kg-25kg\/#primaryimage","url":"https:\/\/evolve-fitness.eu\/wp-content\/uploads\/2025\/01\/Dizainas-be-pavadinimo-3.png","contentUrl":"https:\/\/evolve-fitness.eu\/wp-content\/uploads\/2025\/01\/Dizainas-be-pavadinimo-3.png","width":1890,"height":1890},{"@type":"BreadcrumbList","@id":"https:\/\/evolve-fitness.eu\/fr\/produit\/plaque-dacier-evolve-powerlifting-025kg-25kg\/#breadcrumb","itemListElement":[{"@type":"ListItem","position":1,"name":"Home","item":"https:\/\/evolve-fitness.eu\/fr\/"},{"@type":"ListItem","position":2,"name":"Produits","item":"https:\/\/evolve-fitness.eu\/fr\/shop\/"},{"@type":"ListItem","position":3,"name":"Plaque d&#8217;acier Evolve Powerlifting 0,25 kg &#8211; 25 kg"}]},{"@type":"WebSite","@id":"https:\/\/evolve-fitness.eu\/fr\/#website","url":"https:\/\/evolve-fitness.eu\/fr\/","name":"Evolve","description":"Your Evolved Gear Arrived","publisher":{"@id":"https:\/\/evolve-fitness.eu\/fr\/#organization"},"potentialAction":[{"@type":"SearchAction","target":{"@type":"EntryPoint","urlTemplate":"https:\/\/evolve-fitness.eu\/fr\/?s={search_term_string}"},"query-input":{"@type":"PropertyValueSpecification","valueRequired":true,"valueName":"search_term_string"}}],"inLanguage":"fr-FR"},{"@type":"Organization","@id":"https:\/\/evolve-fitness.eu\/fr\/#organization","name":"Evolve","url":"https:\/\/evolve-fitness.eu\/fr\/","logo":{"@type":"ImageObject","inLanguage":"fr-FR","@id":"https:\/\/evolve-fitness.eu\/fr\/#\/schema\/logo\/image\/","url":"https:\/\/evolve-fitness.eu\/wp-content\/uploads\/2023\/05\/Evolve-logo.svg","contentUrl":"https:\/\/evolve-fitness.eu\/wp-content\/uploads\/2023\/05\/Evolve-logo.svg","width":176,"height":20,"caption":"Evolve"},"image":{"@id":"https:\/\/evolve-fitness.eu\/fr\/#\/schema\/logo\/image\/"},"sameAs":["https:\/\/www.facebook.com\/EvolveFitnessEurope"]}]}},"_links":{"self":[{"href":"https:\/\/evolve-fitness.eu\/fr\/wp-json\/wp\/v2\/product\/173628","targetHints":{"allow":["GET"]}}],"collection":[{"href":"https:\/\/evolve-fitness.eu\/fr\/wp-json\/wp\/v2\/product"}],"about":[{"href":"https:\/\/evolve-fitness.eu\/fr\/wp-json\/wp\/v2\/types\/product"}],"wp:featuredmedia":[{"embeddable":true,"href":"https:\/\/evolve-fitness.eu\/fr\/wp-json\/wp\/v2\/media\/174288"}],"wp:attachment":[{"href":"https:\/\/evolve-fitness.eu\/fr\/wp-json\/wp\/v2\/media?parent=173628"}],"wp:term":[{"taxonomy":"product_brand","embeddable":true,"href":"https:\/\/evolve-fitness.eu\/fr\/wp-json\/wp\/v2\/product_brand?post=173628"},{"taxonomy":"product_cat","embeddable":true,"href":"https:\/\/evolve-fitness.eu\/fr\/wp-json\/wp\/v2\/product_cat?post=173628"},{"taxonomy":"product_tag","embeddable":true,"href":"https:\/\/evolve-fitness.eu\/fr\/wp-json\/wp\/v2\/product_tag?post=173628"}],"curies":[{"name":"wp","href":"https:\/\/api.w.org\/{rel}","templated":true}]}}