{"id":18281,"date":"2023-08-03T12:22:43","date_gmt":"2023-08-03T12:22:43","guid":{"rendered":"https:\/\/evolve-fitness.eu\/product\/plaque-de-poids-calibree-evolve-powerlifting-025kg-25kg\/"},"modified":"2026-03-12T14:12:32","modified_gmt":"2026-03-12T12:12:32","slug":"plaque-de-poids-calibree-evolve-powerlifting-025kg-25kg","status":"publish","type":"product","link":"https:\/\/evolve-fitness.eu\/fr\/produit\/plaque-de-poids-calibree-evolve-powerlifting-025kg-25kg\/","title":{"rendered":"Evolve Powerlifting Plaque de poids calibr\u00e9e 0,5kg &#8211; 25kg (WP-PP-OLD)"},"content":{"rendered":"\n<section class=\"wp-block-group alignfull has-lightgray-background-color has-background is-layout-constrained wp-block-group-is-layout-constrained\">\n<div class=\"wp-block-columns alignwide is-layout-flex wp-container-core-columns-is-layout-2edb0647 wp-block-columns-is-layout-flex\" style=\"margin-top:0;margin-bottom:0\">\n<div class=\"wp-block-column is-layout-flow wp-block-column-is-layout-flow\" style=\"flex-basis:33.33%\"><\/div>\n\n\n\n<div class=\"wp-block-column is-layout-flow wp-block-column-is-layout-flow\" style=\"flex-basis:66.66%\"><\/div>\n<\/div>\n<\/section>\n\n<section class=\"wp-block-group alignfull black-content has-white-color has-darkgray-background-color has-text-color has-background is-layout-constrained wp-block-group-is-layout-constrained\" style=\"padding-top:var(--wp--preset--spacing--section-bottom);padding-bottom:var(--wp--preset--spacing--section-bottom)\">\n<div class=\"wp-block-columns alignwide mobile-reverse is-layout-flex wp-container-core-columns-is-layout-ca64bf2d wp-block-columns-is-layout-flex\" style=\"margin-bottom:var(--wp--preset--spacing--side-padding)\">\n<div class=\"wp-block-column is-vertically-aligned-center is-layout-flow wp-block-column-is-layout-flow\">\n<h3 class=\"wp-block-heading\" style=\"margin-bottom:var(--wp--preset--spacing--h-3-bottom)\">Conformit\u00e9 aux normes de l&rsquo;IPI<\/h3>\n\n\n\n<p><em><strong>Performance in\u00e9gal\u00e9e garantie<\/strong><\/em><\/p>\n\n\n\n<p style=\"margin-bottom:var(--wp--preset--spacing--tb-section-padding)\">Les plaques de poids en acier Evolve Powerlifting sont conformes aux normes de l&rsquo;IPF, \u00e9tablissant une nouvelle r\u00e9f\u00e9rence en mati\u00e8re de qualit\u00e9 et de performance sans compromis. Rigoureusement test\u00e9es pour r\u00e9pondre aux exigences strictes de la f\u00e9d\u00e9ration, ces plaques vous garantissent le meilleur niveau de levage. Avec Evolve, vous pouvez \u00eatre s\u00fbr que chaque plaque r\u00e9pond aux crit\u00e8res exig\u00e9s par les professionnels du monde entier, offrant une coh\u00e9rence et une pr\u00e9cision in\u00e9gal\u00e9es tout au long de votre parcours de formation.<\/p>\n<\/div>\n\n\n\n<div class=\"wp-block-column is-vertically-aligned-center is-layout-flow wp-block-column-is-layout-flow\">\n<figure class=\"wp-block-image alignright size-full is-resized is-style-rounded\"><img loading=\"lazy\" decoding=\"async\" width=\"1000\" height=\"750\" src=\"https:\/\/evolve-fitness.eu\/wp-content\/uploads\/2023\/08\/1-2.jpg\" alt=\"\" class=\"wp-image-596\" style=\"object-fit:cover;width:680px;height:600px\" srcset=\"https:\/\/evolve-fitness.eu\/wp-content\/uploads\/2023\/08\/1-2.jpg 1000w, https:\/\/evolve-fitness.eu\/wp-content\/uploads\/2023\/08\/1-2-300x225.jpg 300w, https:\/\/evolve-fitness.eu\/wp-content\/uploads\/2023\/08\/1-2-200x150.jpg 200w, https:\/\/evolve-fitness.eu\/wp-content\/uploads\/2023\/08\/1-2-600x450.jpg 600w, https:\/\/evolve-fitness.eu\/wp-content\/uploads\/2023\/08\/1-2-150x113.jpg 150w, https:\/\/evolve-fitness.eu\/wp-content\/uploads\/2023\/08\/1-2-768x576.jpg 768w\" sizes=\"auto, (max-width: 1000px) 100vw, 1000px\" \/><\/figure>\n<\/div>\n<\/div>\n\n\n\n<div class=\"wp-block-columns alignwide is-layout-flex wp-container-core-columns-is-layout-c45ee707 wp-block-columns-is-layout-flex\" style=\"margin-bottom:var(--wp--preset--spacing--side-padding);padding-top:var(--wp--preset--spacing--side-padding)\">\n<div class=\"wp-block-column is-vertically-aligned-center is-layout-flow wp-block-column-is-layout-flow\">\n<figure class=\"wp-block-video\"><video height=\"720\" style=\"aspect-ratio: 1280 \/ 720;\" width=\"1280\" autoplay=\"\" controls=\"\" loop=\"\" muted=\"\" src=\"https:\/\/evolve-fitness.eu\/wp-content\/uploads\/2023\/10\/Evolve-Powerlifting-Calibrated-Weight-Plate25kg.mp4\"><\/video><\/figure>\n<\/div>\n\n\n\n<div class=\"wp-block-column is-vertically-aligned-center is-layout-constrained wp-block-column-is-layout-constrained\">\n<h3 class=\"wp-block-heading\" style=\"margin-bottom:var(--wp--preset--spacing--h-3-bottom)\">\u00c9talonnage maximal, tol\u00e9rance minimale<\/h3>\n\n\n\n<p><strong><em><strong><em>Am\u00e9liorez vos performances<\/em><\/strong><\/em><\/strong><\/p>\n\n\n\n<p style=\"margin-bottom:var(--wp--preset--spacing--tb-section-padding)\">La pr\u00e9cision est primordiale en powerlifting, et les plaques de poids en acier Evolve Powerlifting excellent \u00e0 cet \u00e9gard. \u00c9talonn\u00e9es avec une pr\u00e9cision maximale et une tol\u00e9rance de poids minimale de \u00b1 10 g, ces plaques vous garantissent les lev\u00e9es les plus pr\u00e9cises et les plus fiables possibles. Dites adieu aux incoh\u00e9rences et profitez de la confiance qui d\u00e9coule d&rsquo;un calibrage parfait, car chaque lev\u00e9e vous rapproche de vos objectifs de force.<\/p>\n<\/div>\n<\/div>\n\n\n\n<div class=\"wp-block-columns alignwide is-layout-flex wp-container-core-columns-is-layout-c45ee707 wp-block-columns-is-layout-flex\" style=\"margin-bottom:var(--wp--preset--spacing--side-padding);padding-top:var(--wp--preset--spacing--side-padding)\">\n<div class=\"wp-block-column is-vertically-aligned-center is-layout-flow wp-block-column-is-layout-flow\">\n<h3 class=\"wp-block-heading\" style=\"margin-bottom:var(--wp--preset--spacing--h-3-bottom)\">Acier inoxydable de premi\u00e8re qualit\u00e9<\/h3>\n\n\n\n<p><strong><em>Adopter une force inflexible<\/em><\/strong><\/p>\n\n\n\n<p style=\"margin-bottom:var(--wp--preset--spacing--tb-section-padding)\">Les plaques de poids en acier Evolve Powerlifting sont forg\u00e9es \u00e0 partir d&rsquo;acier inoxydable de premi\u00e8re qualit\u00e9, ce qui t\u00e9moigne de leur solidit\u00e9 et de leur durabilit\u00e9 in\u00e9branlables. Con\u00e7ues pour r\u00e9sister aux r\u00e9gimes d&rsquo;entra\u00eenement les plus intenses, ces plaques constituent une base solide pour vos efforts de levage. En tant que partenaire de confiance de votre parcours de remise en forme, Evolve s&rsquo;engage \u00e0 utiliser des mat\u00e9riaux de qualit\u00e9 sup\u00e9rieure pour vous garantir un \u00e9quipement qui r\u00e9siste \u00e0 l&rsquo;\u00e9preuve du temps.<\/p>\n<\/div>\n\n\n\n<div class=\"wp-block-column is-vertically-aligned-center is-layout-flow wp-block-column-is-layout-flow\">\n<div class=\"wp-block-columns is-layout-flex wp-container-core-columns-is-layout-9d6595d7 wp-block-columns-is-layout-flex\">\n<div class=\"wp-block-column is-layout-flow wp-block-column-is-layout-flow\">\n<figure class=\"wp-block-image size-full is-resized is-style-rounded\"><img loading=\"lazy\" decoding=\"async\" width=\"1000\" height=\"750\" src=\"https:\/\/evolve-fitness.eu\/wp-content\/uploads\/2023\/08\/2-1.jpg\" alt=\"\" class=\"wp-image-598\" style=\"object-fit:cover;width:680px;height:600px\" srcset=\"https:\/\/evolve-fitness.eu\/wp-content\/uploads\/2023\/08\/2-1.jpg 1000w, https:\/\/evolve-fitness.eu\/wp-content\/uploads\/2023\/08\/2-1-300x225.jpg 300w, https:\/\/evolve-fitness.eu\/wp-content\/uploads\/2023\/08\/2-1-200x150.jpg 200w, https:\/\/evolve-fitness.eu\/wp-content\/uploads\/2023\/08\/2-1-600x450.jpg 600w, https:\/\/evolve-fitness.eu\/wp-content\/uploads\/2023\/08\/2-1-150x113.jpg 150w, https:\/\/evolve-fitness.eu\/wp-content\/uploads\/2023\/08\/2-1-768x576.jpg 768w\" sizes=\"auto, (max-width: 1000px) 100vw, 1000px\" \/><\/figure>\n<\/div>\n<\/div>\n<\/div>\n<\/div>\n\n\n\n<div class=\"wp-block-columns alignwide is-layout-flex wp-container-core-columns-is-layout-c45ee707 wp-block-columns-is-layout-flex\" style=\"margin-bottom:var(--wp--preset--spacing--side-padding);padding-top:var(--wp--preset--spacing--side-padding)\">\n<div class=\"wp-block-column is-vertically-aligned-center is-layout-flow wp-block-column-is-layout-flow\">\n<figure class=\"wp-block-image size-full is-resized is-style-rounded\"><img loading=\"lazy\" decoding=\"async\" width=\"1000\" height=\"750\" src=\"https:\/\/evolve-fitness.eu\/wp-content\/uploads\/2023\/08\/0-3.jpg\" alt=\"\" class=\"wp-image-594\" style=\"object-fit:cover;width:680px;height:600px\" srcset=\"https:\/\/evolve-fitness.eu\/wp-content\/uploads\/2023\/08\/0-3.jpg 1000w, https:\/\/evolve-fitness.eu\/wp-content\/uploads\/2023\/08\/0-3-300x225.jpg 300w, https:\/\/evolve-fitness.eu\/wp-content\/uploads\/2023\/08\/0-3-200x150.jpg 200w, https:\/\/evolve-fitness.eu\/wp-content\/uploads\/2023\/08\/0-3-600x450.jpg 600w, https:\/\/evolve-fitness.eu\/wp-content\/uploads\/2023\/08\/0-3-150x113.jpg 150w, https:\/\/evolve-fitness.eu\/wp-content\/uploads\/2023\/08\/0-3-768x576.jpg 768w\" sizes=\"auto, (max-width: 1000px) 100vw, 1000px\" \/><\/figure>\n<\/div>\n\n\n\n<div class=\"wp-block-column is-vertically-aligned-center is-layout-flow wp-block-column-is-layout-flow\">\n<h3 class=\"wp-block-heading\" style=\"margin-bottom:var(--wp--preset--spacing--h-3-bottom)\">Code couleur olympique et vari\u00e9t\u00e9 des poids<\/h3>\n\n\n\n<p><strong><em>Adapt\u00e9 \u00e0 vos besoins<\/em><\/strong><\/p>\n\n\n\n<p>Les plaques de poids en acier Evolve Powerlifting apportent commodit\u00e9 et polyvalence \u00e0 vos entra\u00eenements. Gr\u00e2ce au code couleur olympique sur les c\u00f4t\u00e9s, le choix du poids appropri\u00e9 se fait sans effort, optimisant ainsi l&rsquo;efficacit\u00e9 de votre entra\u00eenement. Choisissez parmi une large gamme de poids, allant de 0,5 kg \u00e0 25 kg, pour r\u00e9pondre \u00e0 vos objectifs de force. Que vous soyez d\u00e9butant ou exp\u00e9riment\u00e9, Evolve vous propose la gamme parfaite pour am\u00e9liorer votre exp\u00e9rience et lib\u00e9rer tout votre potentiel.<\/p>\n<\/div>\n<\/div>\n\n\n\n<div class=\"wp-block-columns alignwide is-layout-flex wp-container-core-columns-is-layout-c45ee707 wp-block-columns-is-layout-flex\" style=\"margin-bottom:var(--wp--preset--spacing--side-padding);padding-top:var(--wp--preset--spacing--side-padding)\">\n<div class=\"wp-block-column is-vertically-aligned-center is-layout-flow wp-block-column-is-layout-flow\">\n<h3 class=\"wp-block-heading\" style=\"margin-bottom:var(--wp--preset--spacing--h-3-bottom)\">profil remarquablement fin<\/h3>\n\n\n\n<p><strong><em>Et un code couleur<\/em><\/strong><\/p>\n\n\n\n<p>Le processus de fabrication de ces disques implique une coupe de pr\u00e9cision, ce qui permet d&rsquo;obtenir un profil remarquablement fin. Ce choix de conception d\u00e9lib\u00e9r\u00e9 am\u00e9liore la capacit\u00e9 de charge des disques, ce qui leur permet de supporter des poids importants, jusqu&rsquo;\u00e0 plus de 900 kilogrammes. En outre, chaque disque est dot\u00e9 d&rsquo;un code couleur bien pens\u00e9, ce qui a une double utilit\u00e9. Non seulement elle ajoute un \u00e9l\u00e9ment visuel agr\u00e9able \u00e0 leur apparence, mais elle simplifie \u00e9galement grandement leur identification, m\u00eame \u00e0 une distance consid\u00e9rable.<\/p>\n<\/div>\n\n\n\n<div class=\"wp-block-column is-vertically-aligned-center is-layout-flow wp-block-column-is-layout-flow\">\n<figure class=\"wp-block-image size-large is-resized is-style-rounded\"><img loading=\"lazy\" decoding=\"async\" width=\"1024\" height=\"1024\" src=\"https:\/\/evolve-fitness.eu\/wp-content\/uploads\/2023\/08\/EV-WP-PP-1024x1024.png\" alt=\"\" class=\"wp-image-223130\" style=\"object-fit:cover;width:680px;height:600px\" srcset=\"https:\/\/evolve-fitness.eu\/wp-content\/uploads\/2023\/08\/EV-WP-PP-1024x1024.png 1024w, https:\/\/evolve-fitness.eu\/wp-content\/uploads\/2023\/08\/EV-WP-PP-300x300.png 300w, https:\/\/evolve-fitness.eu\/wp-content\/uploads\/2023\/08\/EV-WP-PP-150x150.png 150w, https:\/\/evolve-fitness.eu\/wp-content\/uploads\/2023\/08\/EV-WP-PP-768x768.png 768w, https:\/\/evolve-fitness.eu\/wp-content\/uploads\/2023\/08\/EV-WP-PP-600x600.png 600w, https:\/\/evolve-fitness.eu\/wp-content\/uploads\/2023\/08\/EV-WP-PP.png 1080w\" sizes=\"auto, (max-width: 1024px) 100vw, 1024px\" \/><\/figure>\n<\/div>\n<\/div>\n\n\n\n<div class=\"wp-block-columns alignwide is-layout-flex wp-container-core-columns-is-layout-c45ee707 wp-block-columns-is-layout-flex\" style=\"margin-bottom:var(--wp--preset--spacing--side-padding);padding-top:var(--wp--preset--spacing--side-padding)\">\n<div class=\"wp-block-column is-vertically-aligned-center is-layout-flow wp-block-column-is-layout-flow\">\n<div class=\"wp-block-columns is-layout-flex wp-container-core-columns-is-layout-9d6595d7 wp-block-columns-is-layout-flex\">\n<div class=\"wp-block-column is-layout-flow wp-block-column-is-layout-flow\">\n<figure class=\"wp-block-embed is-type-video is-provider-youtube wp-block-embed-youtube wp-embed-aspect-16-9 wp-has-aspect-ratio\"><div class=\"wp-block-embed__wrapper\">\n<iframe loading=\"lazy\" title=\"Evolve Free Standing Powerlifting Sound &amp; Vibration Absorption Platform\" width=\"500\" height=\"281\" src=\"https:\/\/www.youtube.com\/embed\/0ycTmQD86Mw?feature=oembed\" frameborder=\"0\" allow=\"accelerometer; autoplay; clipboard-write; encrypted-media; gyroscope; picture-in-picture; web-share\" referrerpolicy=\"strict-origin-when-cross-origin\" allowfullscreen><\/iframe>\n<\/div><\/figure>\n<\/div>\n<\/div>\n<\/div>\n<\/div>\n<\/section>\n","protected":false},"excerpt":{"rendered":"<p>D\u00e9couvrez le summum de la force et de la pr\u00e9cision avec les plaques de poids en acier Evolve Powerlifting. M\u00e9ticuleusement fabriqu\u00e9es en acier inoxydable de premi\u00e8re qualit\u00e9, ces plaques sont conformes aux normes de l&rsquo;IPF, ce qui garantit des performances et une durabilit\u00e9 in\u00e9gal\u00e9es. Gr\u00e2ce \u00e0 un \u00e9talonnage de pr\u00e9cision et \u00e0 une tol\u00e9rance de poids minimale de \u00b1 10 g, vous pouvez compter sur des lev\u00e9es coh\u00e9rentes et fiables. La bande de couleur olympique simplifie l&rsquo;identification des poids, tandis que la grande vari\u00e9t\u00e9 de poids, allant de 0,5 kg \u00e0 25 kg, s&rsquo;adresse aux halt\u00e9rophiles de tous niveaux. \u00c9levez votre niveau d&rsquo;entra\u00eenement gr\u00e2ce \u00e0 la qualit\u00e9 et \u00e0 la fabrication imbattables d&rsquo;Evolve, con\u00e7ues pour r\u00e9sister aux r\u00e9gimes d&rsquo;entra\u00eenement les plus rigoureux. Faites l&rsquo;exp\u00e9rience de la confiance qui vient en soulevant des poids avec les plaques de poids en acier Evolve Powerlifting, le choix parfait pour une performance et une progression de niveau professionnel.<\/p>\n","protected":false},"featured_media":223220,"template":"","meta":{"_acf_changed":false,"inline_featured_image":false},"product_brand":[],"product_cat":[1452,1455],"product_tag":[1649,1643,1635,1645,1639,1647,1637,1642,1648,1646],"class_list":{"0":"post-18281","1":"product","2":"type-product","3":"status-publish","4":"has-post-thumbnail","6":"product_cat-poids-libres","7":"product_cat-plaques-de-poids","8":"product_tag-3d-fr","9":"product_tag-acier-inoxydable","10":"product_tag-calibre","11":"product_tag-code-couleur","12":"product_tag-ipf-fr","13":"product_tag-olympique","14":"product_tag-plaque-de-poids","15":"product_tag-powerlifting-fr","16":"product_tag-profil-mince","17":"product_tag-variete","19":"first","20":"instock","21":"shipping-taxable","22":"purchasable","23":"product-type-variable","24":"has-default-attributes"},"acf":{"long_title":"Evolve Powerlifting Plaque de poids calibr\u00e9e 0,5kg - 25kg (WP-PP-OLD)","subtitle":"","specifications":[{"label":"SKU","text_value":"EV-WP-PP-OLD","icon":"x"},{"label":"Mat\u00e9riau","text_value":"Acier inoxydable de premi\u00e8re qualit\u00e9","icon":"x"},{"label":"Tol\u00e9rance de poids","text_value":"\u00b1 10 g","icon":"x"},{"label":"Code couleur olympique","text_value":"","icon":"x"},{"label":"Gamme de poids","text_value":"0,5 kg \u00e0 25 kg","icon":"v"}]},"yoast_head":"<!-- This site is optimized with the Yoast SEO plugin v26.6 - https:\/\/yoast.com\/wordpress\/plugins\/seo\/ -->\n<title>Evolve Powerlifting Plaque de poids calibr\u00e9e 0,5kg - 25kg (WP-PP-OLD) - Evolve<\/title>\n<meta name=\"robots\" content=\"index, follow, max-snippet:-1, max-image-preview:large, max-video-preview:-1\" \/>\n<link rel=\"canonical\" href=\"https:\/\/evolve-fitness.eu\/fr\/produit\/plaque-de-poids-calibree-evolve-powerlifting-025kg-25kg\/\" \/>\n<meta property=\"og:locale\" content=\"fr_FR\" \/>\n<meta property=\"og:type\" content=\"article\" \/>\n<meta property=\"og:title\" content=\"Evolve Powerlifting Plaque de poids calibr\u00e9e 0,5kg - 25kg (WP-PP-OLD) - Evolve\" \/>\n<meta property=\"og:url\" content=\"https:\/\/evolve-fitness.eu\/fr\/produit\/plaque-de-poids-calibree-evolve-powerlifting-025kg-25kg\/\" \/>\n<meta property=\"og:site_name\" content=\"Evolve\" \/>\n<meta property=\"article:publisher\" content=\"https:\/\/www.facebook.com\/EvolveFitnessEurope\" \/>\n<meta property=\"article:modified_time\" content=\"2026-03-12T12:12:32+00:00\" \/>\n<meta property=\"og:image\" content=\"https:\/\/evolve-fitness.eu\/wp-content\/uploads\/2023\/08\/2.png\" \/>\n\t<meta property=\"og:image:width\" content=\"1080\" \/>\n\t<meta property=\"og:image:height\" content=\"1080\" \/>\n\t<meta property=\"og:image:type\" content=\"image\/png\" \/>\n<meta name=\"twitter:card\" content=\"summary_large_image\" \/>\n<script type=\"application\/ld+json\" class=\"yoast-schema-graph\">{\"@context\":\"https:\/\/schema.org\",\"@graph\":[{\"@type\":\"WebPage\",\"@id\":\"https:\/\/evolve-fitness.eu\/fr\/produit\/plaque-de-poids-calibree-evolve-powerlifting-025kg-25kg\/\",\"url\":\"https:\/\/evolve-fitness.eu\/fr\/produit\/plaque-de-poids-calibree-evolve-powerlifting-025kg-25kg\/\",\"name\":\"Evolve Powerlifting Plaque de poids calibr\u00e9e 0,5kg - 25kg (WP-PP-OLD) - Evolve\",\"isPartOf\":{\"@id\":\"https:\/\/evolve-fitness.eu\/fr\/#website\"},\"primaryImageOfPage\":{\"@id\":\"https:\/\/evolve-fitness.eu\/fr\/produit\/plaque-de-poids-calibree-evolve-powerlifting-025kg-25kg\/#primaryimage\"},\"image\":{\"@id\":\"https:\/\/evolve-fitness.eu\/fr\/produit\/plaque-de-poids-calibree-evolve-powerlifting-025kg-25kg\/#primaryimage\"},\"thumbnailUrl\":\"https:\/\/evolve-fitness.eu\/wp-content\/uploads\/2023\/08\/2.png\",\"datePublished\":\"2023-08-03T12:22:43+00:00\",\"dateModified\":\"2026-03-12T12:12:32+00:00\",\"breadcrumb\":{\"@id\":\"https:\/\/evolve-fitness.eu\/fr\/produit\/plaque-de-poids-calibree-evolve-powerlifting-025kg-25kg\/#breadcrumb\"},\"inLanguage\":\"fr-FR\",\"potentialAction\":[{\"@type\":\"ReadAction\",\"target\":[\"https:\/\/evolve-fitness.eu\/fr\/produit\/plaque-de-poids-calibree-evolve-powerlifting-025kg-25kg\/\"]}]},{\"@type\":\"ImageObject\",\"inLanguage\":\"fr-FR\",\"@id\":\"https:\/\/evolve-fitness.eu\/fr\/produit\/plaque-de-poids-calibree-evolve-powerlifting-025kg-25kg\/#primaryimage\",\"url\":\"https:\/\/evolve-fitness.eu\/wp-content\/uploads\/2023\/08\/2.png\",\"contentUrl\":\"https:\/\/evolve-fitness.eu\/wp-content\/uploads\/2023\/08\/2.png\",\"width\":1080,\"height\":1080},{\"@type\":\"BreadcrumbList\",\"@id\":\"https:\/\/evolve-fitness.eu\/fr\/produit\/plaque-de-poids-calibree-evolve-powerlifting-025kg-25kg\/#breadcrumb\",\"itemListElement\":[{\"@type\":\"ListItem\",\"position\":1,\"name\":\"Home\",\"item\":\"https:\/\/evolve-fitness.eu\/fr\/\"},{\"@type\":\"ListItem\",\"position\":2,\"name\":\"Produits\",\"item\":\"https:\/\/evolve-fitness.eu\/fr\/shop\/\"},{\"@type\":\"ListItem\",\"position\":3,\"name\":\"Evolve Powerlifting Plaque de poids calibr\u00e9e 0,5kg &#8211; 25kg (WP-PP-OLD)\"}]},{\"@type\":\"WebSite\",\"@id\":\"https:\/\/evolve-fitness.eu\/fr\/#website\",\"url\":\"https:\/\/evolve-fitness.eu\/fr\/\",\"name\":\"Evolve\",\"description\":\"Your Evolved Gear Arrived\",\"publisher\":{\"@id\":\"https:\/\/evolve-fitness.eu\/fr\/#organization\"},\"potentialAction\":[{\"@type\":\"SearchAction\",\"target\":{\"@type\":\"EntryPoint\",\"urlTemplate\":\"https:\/\/evolve-fitness.eu\/fr\/?s={search_term_string}\"},\"query-input\":{\"@type\":\"PropertyValueSpecification\",\"valueRequired\":true,\"valueName\":\"search_term_string\"}}],\"inLanguage\":\"fr-FR\"},{\"@type\":\"Organization\",\"@id\":\"https:\/\/evolve-fitness.eu\/fr\/#organization\",\"name\":\"Evolve\",\"url\":\"https:\/\/evolve-fitness.eu\/fr\/\",\"logo\":{\"@type\":\"ImageObject\",\"inLanguage\":\"fr-FR\",\"@id\":\"https:\/\/evolve-fitness.eu\/fr\/#\/schema\/logo\/image\/\",\"url\":\"https:\/\/evolve-fitness.eu\/wp-content\/uploads\/2023\/05\/Evolve-logo.svg\",\"contentUrl\":\"https:\/\/evolve-fitness.eu\/wp-content\/uploads\/2023\/05\/Evolve-logo.svg\",\"width\":176,\"height\":20,\"caption\":\"Evolve\"},\"image\":{\"@id\":\"https:\/\/evolve-fitness.eu\/fr\/#\/schema\/logo\/image\/\"},\"sameAs\":[\"https:\/\/www.facebook.com\/EvolveFitnessEurope\"]}]}<\/script>\n<!-- \/ Yoast SEO plugin. -->","yoast_head_json":{"title":"Evolve Powerlifting Plaque de poids calibr\u00e9e 0,5kg - 25kg (WP-PP-OLD) - Evolve","robots":{"index":"index","follow":"follow","max-snippet":"max-snippet:-1","max-image-preview":"max-image-preview:large","max-video-preview":"max-video-preview:-1"},"canonical":"https:\/\/evolve-fitness.eu\/fr\/produit\/plaque-de-poids-calibree-evolve-powerlifting-025kg-25kg\/","og_locale":"fr_FR","og_type":"article","og_title":"Evolve Powerlifting Plaque de poids calibr\u00e9e 0,5kg - 25kg (WP-PP-OLD) - Evolve","og_url":"https:\/\/evolve-fitness.eu\/fr\/produit\/plaque-de-poids-calibree-evolve-powerlifting-025kg-25kg\/","og_site_name":"Evolve","article_publisher":"https:\/\/www.facebook.com\/EvolveFitnessEurope","article_modified_time":"2026-03-12T12:12:32+00:00","og_image":[{"width":1080,"height":1080,"url":"https:\/\/evolve-fitness.eu\/wp-content\/uploads\/2023\/08\/2.png","type":"image\/png"}],"twitter_card":"summary_large_image","schema":{"@context":"https:\/\/schema.org","@graph":[{"@type":"WebPage","@id":"https:\/\/evolve-fitness.eu\/fr\/produit\/plaque-de-poids-calibree-evolve-powerlifting-025kg-25kg\/","url":"https:\/\/evolve-fitness.eu\/fr\/produit\/plaque-de-poids-calibree-evolve-powerlifting-025kg-25kg\/","name":"Evolve Powerlifting Plaque de poids calibr\u00e9e 0,5kg - 25kg (WP-PP-OLD) - Evolve","isPartOf":{"@id":"https:\/\/evolve-fitness.eu\/fr\/#website"},"primaryImageOfPage":{"@id":"https:\/\/evolve-fitness.eu\/fr\/produit\/plaque-de-poids-calibree-evolve-powerlifting-025kg-25kg\/#primaryimage"},"image":{"@id":"https:\/\/evolve-fitness.eu\/fr\/produit\/plaque-de-poids-calibree-evolve-powerlifting-025kg-25kg\/#primaryimage"},"thumbnailUrl":"https:\/\/evolve-fitness.eu\/wp-content\/uploads\/2023\/08\/2.png","datePublished":"2023-08-03T12:22:43+00:00","dateModified":"2026-03-12T12:12:32+00:00","breadcrumb":{"@id":"https:\/\/evolve-fitness.eu\/fr\/produit\/plaque-de-poids-calibree-evolve-powerlifting-025kg-25kg\/#breadcrumb"},"inLanguage":"fr-FR","potentialAction":[{"@type":"ReadAction","target":["https:\/\/evolve-fitness.eu\/fr\/produit\/plaque-de-poids-calibree-evolve-powerlifting-025kg-25kg\/"]}]},{"@type":"ImageObject","inLanguage":"fr-FR","@id":"https:\/\/evolve-fitness.eu\/fr\/produit\/plaque-de-poids-calibree-evolve-powerlifting-025kg-25kg\/#primaryimage","url":"https:\/\/evolve-fitness.eu\/wp-content\/uploads\/2023\/08\/2.png","contentUrl":"https:\/\/evolve-fitness.eu\/wp-content\/uploads\/2023\/08\/2.png","width":1080,"height":1080},{"@type":"BreadcrumbList","@id":"https:\/\/evolve-fitness.eu\/fr\/produit\/plaque-de-poids-calibree-evolve-powerlifting-025kg-25kg\/#breadcrumb","itemListElement":[{"@type":"ListItem","position":1,"name":"Home","item":"https:\/\/evolve-fitness.eu\/fr\/"},{"@type":"ListItem","position":2,"name":"Produits","item":"https:\/\/evolve-fitness.eu\/fr\/shop\/"},{"@type":"ListItem","position":3,"name":"Evolve Powerlifting Plaque de poids calibr\u00e9e 0,5kg &#8211; 25kg (WP-PP-OLD)"}]},{"@type":"WebSite","@id":"https:\/\/evolve-fitness.eu\/fr\/#website","url":"https:\/\/evolve-fitness.eu\/fr\/","name":"Evolve","description":"Your Evolved Gear Arrived","publisher":{"@id":"https:\/\/evolve-fitness.eu\/fr\/#organization"},"potentialAction":[{"@type":"SearchAction","target":{"@type":"EntryPoint","urlTemplate":"https:\/\/evolve-fitness.eu\/fr\/?s={search_term_string}"},"query-input":{"@type":"PropertyValueSpecification","valueRequired":true,"valueName":"search_term_string"}}],"inLanguage":"fr-FR"},{"@type":"Organization","@id":"https:\/\/evolve-fitness.eu\/fr\/#organization","name":"Evolve","url":"https:\/\/evolve-fitness.eu\/fr\/","logo":{"@type":"ImageObject","inLanguage":"fr-FR","@id":"https:\/\/evolve-fitness.eu\/fr\/#\/schema\/logo\/image\/","url":"https:\/\/evolve-fitness.eu\/wp-content\/uploads\/2023\/05\/Evolve-logo.svg","contentUrl":"https:\/\/evolve-fitness.eu\/wp-content\/uploads\/2023\/05\/Evolve-logo.svg","width":176,"height":20,"caption":"Evolve"},"image":{"@id":"https:\/\/evolve-fitness.eu\/fr\/#\/schema\/logo\/image\/"},"sameAs":["https:\/\/www.facebook.com\/EvolveFitnessEurope"]}]}},"_links":{"self":[{"href":"https:\/\/evolve-fitness.eu\/fr\/wp-json\/wp\/v2\/product\/18281","targetHints":{"allow":["GET"]}}],"collection":[{"href":"https:\/\/evolve-fitness.eu\/fr\/wp-json\/wp\/v2\/product"}],"about":[{"href":"https:\/\/evolve-fitness.eu\/fr\/wp-json\/wp\/v2\/types\/product"}],"wp:featuredmedia":[{"embeddable":true,"href":"https:\/\/evolve-fitness.eu\/fr\/wp-json\/wp\/v2\/media\/223220"}],"wp:attachment":[{"href":"https:\/\/evolve-fitness.eu\/fr\/wp-json\/wp\/v2\/media?parent=18281"}],"wp:term":[{"taxonomy":"product_brand","embeddable":true,"href":"https:\/\/evolve-fitness.eu\/fr\/wp-json\/wp\/v2\/product_brand?post=18281"},{"taxonomy":"product_cat","embeddable":true,"href":"https:\/\/evolve-fitness.eu\/fr\/wp-json\/wp\/v2\/product_cat?post=18281"},{"taxonomy":"product_tag","embeddable":true,"href":"https:\/\/evolve-fitness.eu\/fr\/wp-json\/wp\/v2\/product_tag?post=18281"}],"curies":[{"name":"wp","href":"https:\/\/api.w.org\/{rel}","templated":true}]}}