{"id":20715,"date":"2023-11-03T15:01:10","date_gmt":"2023-11-03T15:01:10","guid":{"rendered":"https:\/\/evolve-fitness.eu\/product\/evolve-chrome-dumbbells-set-1-10-kg\/"},"modified":"2024-03-15T02:21:46","modified_gmt":"2024-03-15T02:21:46","slug":"evolve-chrome-dumbbells-set-1-10-kg","status":"publish","type":"product","link":"https:\/\/evolve-fitness.eu\/fr\/produit\/evolve-chrome-dumbbells-set-1-10-kg\/","title":{"rendered":"Evolve Chrome Dumbbells Set 1-10 kg"},"content":{"rendered":"\n<section class=\"wp-block-group alignfull has-lightgray-background-color has-background is-layout-constrained wp-block-group-is-layout-constrained\">\n<div class=\"wp-block-columns alignwide is-layout-flex wp-container-core-columns-is-layout-2edb0647 wp-block-columns-is-layout-flex\" style=\"margin-top:0;margin-bottom:0\">\n<div class=\"wp-block-column is-layout-flow wp-block-column-is-layout-flow\" style=\"flex-basis:33.33%\"><\/div>\n\n\n\n<div class=\"wp-block-column is-layout-flow wp-block-column-is-layout-flow\" style=\"flex-basis:66.66%\"><\/div>\n<\/div>\n<\/section>\n\n<section class=\"wp-block-group alignfull black-content has-white-color has-darkgray-background-color has-text-color has-background is-layout-constrained wp-block-group-is-layout-constrained\" style=\"padding-top:var(--wp--preset--spacing--section-bottom);padding-bottom:var(--wp--preset--spacing--section-bottom)\">\n<div class=\"wp-block-columns alignwide mobile-reverse is-layout-flex wp-container-core-columns-is-layout-ca64bf2d wp-block-columns-is-layout-flex\" style=\"margin-bottom:var(--wp--preset--spacing--side-padding)\">\n<div class=\"wp-block-column is-vertically-aligned-center is-layout-flow wp-block-column-is-layout-flow\">\n<h3 class=\"wp-block-heading\" style=\"margin-bottom:var(--wp--preset--spacing--h-3-bottom)\"><strong>SURFACE CHROM\u00c9E<\/strong><\/h3>\n\n\n\n<p><em><strong>Durable et \u00e9l\u00e9gant<\/strong><\/em><\/p>\n\n\n\n<p style=\"margin-bottom:var(--wp--preset--spacing--tb-section-padding)\">Am\u00e9liorez l&rsquo;esth\u00e9tique de votre salle de sport avec nos \u00e9quipements durables et \u00e9l\u00e9gants \u00e0 surface chrom\u00e9e. Con\u00e7u pour r\u00e9pondre \u00e0 la double exigence de style et de long\u00e9vit\u00e9, notre rev\u00eatement chrom\u00e9 r\u00e9fl\u00e9chissant conf\u00e8re non seulement un aspect contemporain \u00e0 votre espace de gymnastique, mais assure \u00e9galement une protection optimale contre la rouille et les dommages environnementaux. Id\u00e9aux pour les particuliers et les professionnels, nos produits conservent leur aspect impeccable et r\u00e9sistent \u00e0 l&rsquo;\u00e9caillage, \u00e0 la fissuration ou au d\u00e9collement, ce qui permet \u00e0 votre investissement de conserver son aspect neuf pendant de nombreuses ann\u00e9es. Am\u00e9liorez votre exp\u00e9rience d&rsquo;entra\u00eenement avec une salle de sport qui brille autant que votre parcours de remise en forme.<\/p>\n<\/div>\n\n\n\n<div class=\"wp-block-column is-vertically-aligned-center is-layout-flow wp-block-column-is-layout-flow\">\n<figure class=\"wp-block-image alignright size-large is-resized is-style-rounded\"><img loading=\"lazy\" decoding=\"async\" width=\"1024\" height=\"1024\" src=\"https:\/\/evolve-fitness.eu\/wp-content\/uploads\/2023\/11\/Chrome-Dumbbells-1024x1024.png\" alt=\"\" class=\"wp-image-4885\" style=\"object-fit:cover;width:680px;height:600px\" srcset=\"https:\/\/evolve-fitness.eu\/wp-content\/uploads\/2023\/11\/Chrome-Dumbbells-1024x1024.png 1024w, https:\/\/evolve-fitness.eu\/wp-content\/uploads\/2023\/11\/Chrome-Dumbbells-300x300.png 300w, https:\/\/evolve-fitness.eu\/wp-content\/uploads\/2023\/11\/Chrome-Dumbbells-150x150.png 150w, https:\/\/evolve-fitness.eu\/wp-content\/uploads\/2023\/11\/Chrome-Dumbbells-600x600.png 600w, https:\/\/evolve-fitness.eu\/wp-content\/uploads\/2023\/11\/Chrome-Dumbbells-768x768.png 768w, https:\/\/evolve-fitness.eu\/wp-content\/uploads\/2023\/11\/Chrome-Dumbbells.png 1080w\" sizes=\"auto, (max-width: 1024px) 100vw, 1024px\" \/><\/figure>\n<\/div>\n<\/div>\n\n\n\n<div class=\"wp-block-columns alignwide is-layout-flex wp-container-core-columns-is-layout-c45ee707 wp-block-columns-is-layout-flex\" style=\"margin-bottom:var(--wp--preset--spacing--side-padding);padding-top:var(--wp--preset--spacing--side-padding)\">\n<div class=\"wp-block-column is-vertically-aligned-center is-layout-flow wp-block-column-is-layout-flow\">\n<figure class=\"wp-block-image size-full is-resized\"><img loading=\"lazy\" decoding=\"async\" width=\"680\" height=\"600\" src=\"https:\/\/evolve-fitness.eu\/wp-content\/uploads\/2023\/11\/Chrome-Dumbbells-whole-2.png\" alt=\"\" class=\"wp-image-4893\" style=\"object-fit:cover;width:680px;height:600px\" srcset=\"https:\/\/evolve-fitness.eu\/wp-content\/uploads\/2023\/11\/Chrome-Dumbbells-whole-2.png 680w, https:\/\/evolve-fitness.eu\/wp-content\/uploads\/2023\/11\/Chrome-Dumbbells-whole-2-300x265.png 300w, https:\/\/evolve-fitness.eu\/wp-content\/uploads\/2023\/11\/Chrome-Dumbbells-whole-2-170x150.png 170w, https:\/\/evolve-fitness.eu\/wp-content\/uploads\/2023\/11\/Chrome-Dumbbells-whole-2-600x529.png 600w, https:\/\/evolve-fitness.eu\/wp-content\/uploads\/2023\/11\/Chrome-Dumbbells-whole-2-150x132.png 150w\" sizes=\"auto, (max-width: 680px) 100vw, 680px\" \/><\/figure>\n<\/div>\n\n\n\n<div class=\"wp-block-column is-vertically-aligned-center is-layout-constrained wp-block-column-is-layout-constrained\">\n<h3 class=\"wp-block-heading\" style=\"margin-bottom:var(--wp--preset--spacing--h-3-bottom)\">UNE DURABILIT\u00c9 EXCEPTIONNELLE<\/h3>\n\n\n\n<p><strong><em><strong><em>Halt\u00e8res chrom\u00e9s Pro-Grade<\/em><\/strong><\/em><\/strong><\/p>\n\n\n\n<p style=\"margin-bottom:var(--wp--preset--spacing--tb-section-padding)\">D\u00e9couvrez une force et une r\u00e9sistance in\u00e9gal\u00e9es avec les halt\u00e8res chrom\u00e9s Evolve, fabriqu\u00e9s de mani\u00e8re experte \u00e0 partir d&rsquo;un alliage m\u00e9tallique robuste pour une durabilit\u00e9 optimale. Leur r\u00e9sistance \u00e0 l&rsquo;usure, \u00e0 la corrosion et \u00e0 la d\u00e9formation en fait un investissement judicieux pour les environnements de fitness tr\u00e8s fr\u00e9quent\u00e9s. Con\u00e7us avec pr\u00e9cision pour garantir l&rsquo;\u00e9quilibre et l&rsquo;exactitude des dimensions, ces halt\u00e8res sont parfaits pour les bases militaires, les salles de sport des h\u00f4tels, les auberges, les centres de r\u00e9\u00e9ducation et les amateurs de fitness \u00e0 domicile qui exigent un \u00e9quipement de qualit\u00e9 professionnelle. Choisissez Evolve pour un \u00e9quipement de sport qui r\u00e9siste \u00e0 l&rsquo;\u00e9preuve du temps et de la performance.<\/p>\n<\/div>\n<\/div>\n\n\n\n<div class=\"wp-block-columns alignwide is-layout-flex wp-container-core-columns-is-layout-c45ee707 wp-block-columns-is-layout-flex\" style=\"margin-bottom:var(--wp--preset--spacing--side-padding);padding-top:var(--wp--preset--spacing--side-padding)\">\n<div class=\"wp-block-column is-vertically-aligned-center is-layout-flow wp-block-column-is-layout-flow\">\n<h3 class=\"wp-block-heading\" style=\"margin-bottom:var(--wp--preset--spacing--h-3-bottom)\">LOGO ET INDICATION DU POIDS<\/h3>\n\n\n\n<p><strong><em>Quand la durabilit\u00e9 rencontre le design<\/em><\/strong><\/p>\n\n\n\n<p>Am\u00e9liorez l&rsquo;esth\u00e9tique de votre marque gr\u00e2ce \u00e0 notre service de gravure permanente de logos et d&rsquo;indications de poids. Notre technique de gravure pr\u00e9cise permet d&rsquo;imprimer le logo de votre marque et les mesures de poids directement sur les produits, garantissant ainsi une finition \u00e9l\u00e9gante sans \u00e9chardes disgracieuses. Cette m\u00e9thode intemporelle ne se contente pas d&rsquo;accentuer la sophistication de votre produit, mais promet un design qui reste intact, conservant un nouvel aspect pour les ann\u00e9es \u00e0 venir. Id\u00e9al pour les \u00e9quipements de fitness, les poids commerciaux et les articles sur mesure, notre service de gravure offre une excellence professionnelle avec un style \u00e9l\u00e9gant qui r\u00e9siste \u00e0 la d\u00e9coloration et \u00e0 l&rsquo;usure.<\/p>\n<\/div>\n\n\n\n<div class=\"wp-block-column is-vertically-aligned-center is-layout-flow wp-block-column-is-layout-flow\">\n<div class=\"wp-block-columns is-layout-flex wp-container-core-columns-is-layout-9d6595d7 wp-block-columns-is-layout-flex\">\n<div class=\"wp-block-column is-layout-flow wp-block-column-is-layout-flow\">\n<figure class=\"wp-block-image size-full is-style-rounded\"><img loading=\"lazy\" decoding=\"async\" width=\"680\" height=\"600\" src=\"https:\/\/evolve-fitness.eu\/wp-content\/uploads\/2023\/11\/Chrome-Dumbbells-2.png\" alt=\"\" class=\"wp-image-4897\" srcset=\"https:\/\/evolve-fitness.eu\/wp-content\/uploads\/2023\/11\/Chrome-Dumbbells-2.png 680w, https:\/\/evolve-fitness.eu\/wp-content\/uploads\/2023\/11\/Chrome-Dumbbells-2-300x265.png 300w, https:\/\/evolve-fitness.eu\/wp-content\/uploads\/2023\/11\/Chrome-Dumbbells-2-170x150.png 170w, https:\/\/evolve-fitness.eu\/wp-content\/uploads\/2023\/11\/Chrome-Dumbbells-2-600x529.png 600w, https:\/\/evolve-fitness.eu\/wp-content\/uploads\/2023\/11\/Chrome-Dumbbells-2-150x132.png 150w\" sizes=\"auto, (max-width: 680px) 100vw, 680px\" \/><\/figure>\n<\/div>\n<\/div>\n<\/div>\n<\/div>\n\n\n\n<div class=\"wp-block-columns alignwide is-layout-flex wp-container-core-columns-is-layout-c45ee707 wp-block-columns-is-layout-flex\" style=\"margin-bottom:var(--wp--preset--spacing--side-padding);padding-top:var(--wp--preset--spacing--side-padding)\">\n<div class=\"wp-block-column is-vertically-aligned-center is-layout-flow wp-block-column-is-layout-flow\">\n<div class=\"wp-block-columns is-layout-flex wp-container-core-columns-is-layout-9d6595d7 wp-block-columns-is-layout-flex\">\n<div class=\"wp-block-column is-layout-flow wp-block-column-is-layout-flow\">\n<figure class=\"wp-block-image size-full is-resized is-style-rounded\"><img loading=\"lazy\" decoding=\"async\" width=\"675\" height=\"675\" src=\"https:\/\/evolve-fitness.eu\/wp-content\/uploads\/2023\/11\/Evolve-CHROME-DUMBBELL-SETS-1.png\" alt=\"\" class=\"wp-image-4926\" style=\"object-fit:cover;width:680px;height:600px\" srcset=\"https:\/\/evolve-fitness.eu\/wp-content\/uploads\/2023\/11\/Evolve-CHROME-DUMBBELL-SETS-1.png 675w, https:\/\/evolve-fitness.eu\/wp-content\/uploads\/2023\/11\/Evolve-CHROME-DUMBBELL-SETS-1-300x300.png 300w, https:\/\/evolve-fitness.eu\/wp-content\/uploads\/2023\/11\/Evolve-CHROME-DUMBBELL-SETS-1-150x150.png 150w, https:\/\/evolve-fitness.eu\/wp-content\/uploads\/2023\/11\/Evolve-CHROME-DUMBBELL-SETS-1-600x600.png 600w\" sizes=\"auto, (max-width: 675px) 100vw, 675px\" \/><\/figure>\n<\/div>\n<\/div>\n<\/div>\n\n\n\n<div class=\"wp-block-column is-vertically-aligned-center is-layout-flow wp-block-column-is-layout-flow\">\n<h3 class=\"wp-block-heading\" style=\"margin-bottom:var(--wp--preset--spacing--h-3-bottom)\">Poign\u00e9es molet\u00e9es chrom\u00e9es dures<\/h3>\n\n\n\n<p><strong><em><strong><em>Une prise en main qui dure<\/em><\/strong><\/em><\/strong><\/p>\n\n\n\n<p style=\"margin-bottom:var(--wp--preset--spacing--tb-section-padding)\">Am\u00e9liorez votre entra\u00eenement avec nos halt\u00e8res de qualit\u00e9 sup\u00e9rieure, con\u00e7us avec des poign\u00e9es ergonomiques incurv\u00e9es qui s&rsquo;adaptent naturellement \u00e0 votre main, assurant une prise confortable pour une vari\u00e9t\u00e9 d&rsquo;exercices. Le motif molet\u00e9, con\u00e7u par des experts, garantit un maintien s\u00fbr, r\u00e9duisant le risque de glissement et renfor\u00e7ant la s\u00e9curit\u00e9 pendant les s\u00e9ances d&rsquo;entra\u00eenement. Id\u00e9aux pour les athl\u00e8tes d\u00e9butants et chevronn\u00e9s, ces halt\u00e8res promettent un confort et une protection maximums, afin que vous puissiez vous concentrer sur l&rsquo;obtention de performances optimales \u00e0 chaque r\u00e9p\u00e9tition. Que vous vous entra\u00eeniez \u00e0 la maison ou que vous repoussiez vos limites dans une salle de sport professionnelle, nos halt\u00e8res sont le compl\u00e9ment id\u00e9al de tout programme de remise en forme.<\/p>\n<\/div>\n<\/div>\n\n\n\n<div class=\"wp-block-columns alignwide is-layout-flex wp-container-core-columns-is-layout-c45ee707 wp-block-columns-is-layout-flex\" style=\"margin-bottom:var(--wp--preset--spacing--side-padding);padding-top:var(--wp--preset--spacing--side-padding)\">\n<div class=\"wp-block-column is-vertically-aligned-center is-layout-flow wp-block-column-is-layout-flow\">\n<h3 class=\"wp-block-heading\" style=\"margin-bottom:var(--wp--preset--spacing--h-3-bottom)\">Poign\u00e9es chrom\u00e9es<\/h3>\n\n\n\n<p><strong><em>Une taille parfaite<\/em><\/strong><\/p>\n\n\n\n<p style=\"margin-bottom:var(--wp--preset--spacing--tb-section-padding)\">La poign\u00e9e d&rsquo;halt\u00e8re chrom\u00e9e Evolve a une longueur de 120 mm et une \u00e9paisseur de 32 mm dans sa partie la plus large, avec un motif molet\u00e9. L&rsquo;ensemble de l&rsquo;halt\u00e8re est recouvert d&rsquo;une couche de chrome brillante, durable et r\u00e9sistante \u00e0 l&rsquo;usure, d&rsquo;une \u00e9paisseur de 50 microm\u00e8tres (\u00b5m).<\/p>\n<\/div>\n\n\n\n<div class=\"wp-block-column is-vertically-aligned-center is-layout-flow wp-block-column-is-layout-flow\">\n<div class=\"wp-block-columns is-layout-flex wp-container-core-columns-is-layout-9d6595d7 wp-block-columns-is-layout-flex\">\n<div class=\"wp-block-column is-layout-flow wp-block-column-is-layout-flow\">\n<figure class=\"wp-block-image size-full is-resized is-style-rounded\"><img loading=\"lazy\" decoding=\"async\" width=\"680\" height=\"600\" src=\"https:\/\/evolve-fitness.eu\/wp-content\/uploads\/2023\/11\/Evolve-CHROME-DUMBBELL-SETS-handle-mesurments.png\" alt=\"\" class=\"wp-image-4931\" style=\"object-fit:cover;width:680px;height:600px\" srcset=\"https:\/\/evolve-fitness.eu\/wp-content\/uploads\/2023\/11\/Evolve-CHROME-DUMBBELL-SETS-handle-mesurments.png 680w, https:\/\/evolve-fitness.eu\/wp-content\/uploads\/2023\/11\/Evolve-CHROME-DUMBBELL-SETS-handle-mesurments-300x265.png 300w, https:\/\/evolve-fitness.eu\/wp-content\/uploads\/2023\/11\/Evolve-CHROME-DUMBBELL-SETS-handle-mesurments-170x150.png 170w, https:\/\/evolve-fitness.eu\/wp-content\/uploads\/2023\/11\/Evolve-CHROME-DUMBBELL-SETS-handle-mesurments-600x529.png 600w, https:\/\/evolve-fitness.eu\/wp-content\/uploads\/2023\/11\/Evolve-CHROME-DUMBBELL-SETS-handle-mesurments-150x132.png 150w\" sizes=\"auto, (max-width: 680px) 100vw, 680px\" \/><\/figure>\n<\/div>\n<\/div>\n<\/div>\n<\/div>\n<\/section>\n","protected":false},"excerpt":{"rendered":"<p>Maximisez l&rsquo;efficacit\u00e9 de votre entra\u00eenement avec l&rsquo;ensemble d&rsquo;halt\u00e8res Evolve Chrome, parfait pour les utilisateurs qui recherchent un \u00e9quipement de qualit\u00e9 professionnelle. Avec une finition chrom\u00e9e brillante qui r\u00e9siste \u00e0 la rouille et une gamme de poids de 2 x 1-10 kg, ces halt\u00e8res sont id\u00e9aux pour l&rsquo;entra\u00eenement progressif et une vari\u00e9t\u00e9 d&rsquo;exercices. Leurs poign\u00e9es ergonomiques et molet\u00e9es garantissent une bonne prise en main, tandis que la gravure de pr\u00e9cision du logo et des cat\u00e9gories de poids ajoute \u00e0 leur design \u00e9l\u00e9gant et moderne. Adapt\u00e9s aux salles de sport domestiques et commerciales, ces halt\u00e8res garantissent de r\u00e9sister \u00e0 l&rsquo;\u00e9preuve du temps et de l&rsquo;utilisation.<\/p>\n","protected":false},"featured_media":20744,"template":"","meta":{"_acf_changed":false,"inline_featured_image":false},"product_brand":[],"product_cat":[1452,2508],"product_tag":[],"class_list":{"0":"post-20715","1":"product","2":"type-product","3":"status-publish","4":"has-post-thumbnail","6":"product_cat-poids-libres","7":"product_cat-halteres","9":"first","10":"instock","11":"shipping-taxable","12":"purchasable","13":"product-type-simple"},"acf":{"long_title":"Evolve Chrome Dumbbells Set 1-10 kg","subtitle":"","specifications":[{"label":"SKU","text_value":"EV-DS-CD-1-10","icon":"x"},{"label":"Gravure permanente du logo et indication du poids","text_value":"","icon":"v"},{"label":"Poign\u00e9es molet\u00e9es pour une meilleure prise en main","text_value":"","icon":"v"},{"label":"Poign\u00e9es ergonomiques chrom\u00e9es dures","text_value":"","icon":"v"},{"label":"Finition chrom\u00e9e \u00e9l\u00e9gante et antirouille","text_value":"","icon":"v"}]},"yoast_head":"<!-- This site is optimized with the Yoast SEO plugin v26.6 - https:\/\/yoast.com\/wordpress\/plugins\/seo\/ -->\n<title>Evolve Chrome Dumbbells Set 1-10 kg - Evolve<\/title>\n<meta name=\"robots\" content=\"index, follow, max-snippet:-1, max-image-preview:large, max-video-preview:-1\" \/>\n<link rel=\"canonical\" href=\"https:\/\/evolve-fitness.eu\/fr\/produit\/evolve-chrome-dumbbells-set-1-10-kg\/\" \/>\n<meta property=\"og:locale\" content=\"fr_FR\" \/>\n<meta property=\"og:type\" content=\"article\" \/>\n<meta property=\"og:title\" content=\"Evolve Chrome Dumbbells Set 1-10 kg - Evolve\" \/>\n<meta property=\"og:url\" content=\"https:\/\/evolve-fitness.eu\/fr\/produit\/evolve-chrome-dumbbells-set-1-10-kg\/\" \/>\n<meta property=\"og:site_name\" content=\"Evolve\" \/>\n<meta property=\"article:publisher\" content=\"https:\/\/www.facebook.com\/EvolveFitnessEurope\" \/>\n<meta property=\"article:modified_time\" content=\"2024-03-15T02:21:46+00:00\" \/>\n<meta property=\"og:image\" content=\"https:\/\/evolve-fitness.eu\/wp-content\/uploads\/2023\/11\/Evolve-Chrome-Dumbbells-Set-1.png\" \/>\n\t<meta property=\"og:image:width\" content=\"680\" \/>\n\t<meta property=\"og:image:height\" content=\"600\" \/>\n\t<meta property=\"og:image:type\" content=\"image\/png\" \/>\n<meta name=\"twitter:card\" content=\"summary_large_image\" \/>\n<script type=\"application\/ld+json\" class=\"yoast-schema-graph\">{\"@context\":\"https:\/\/schema.org\",\"@graph\":[{\"@type\":\"WebPage\",\"@id\":\"https:\/\/evolve-fitness.eu\/fr\/produit\/evolve-chrome-dumbbells-set-1-10-kg\/\",\"url\":\"https:\/\/evolve-fitness.eu\/fr\/produit\/evolve-chrome-dumbbells-set-1-10-kg\/\",\"name\":\"Evolve Chrome Dumbbells Set 1-10 kg - Evolve\",\"isPartOf\":{\"@id\":\"https:\/\/evolve-fitness.eu\/fr\/#website\"},\"primaryImageOfPage\":{\"@id\":\"https:\/\/evolve-fitness.eu\/fr\/produit\/evolve-chrome-dumbbells-set-1-10-kg\/#primaryimage\"},\"image\":{\"@id\":\"https:\/\/evolve-fitness.eu\/fr\/produit\/evolve-chrome-dumbbells-set-1-10-kg\/#primaryimage\"},\"thumbnailUrl\":\"https:\/\/evolve-fitness.eu\/wp-content\/uploads\/2023\/11\/Evolve-Chrome-Dumbbells-Set-1.png\",\"datePublished\":\"2023-11-03T15:01:10+00:00\",\"dateModified\":\"2024-03-15T02:21:46+00:00\",\"breadcrumb\":{\"@id\":\"https:\/\/evolve-fitness.eu\/fr\/produit\/evolve-chrome-dumbbells-set-1-10-kg\/#breadcrumb\"},\"inLanguage\":\"fr-FR\",\"potentialAction\":[{\"@type\":\"ReadAction\",\"target\":[\"https:\/\/evolve-fitness.eu\/fr\/produit\/evolve-chrome-dumbbells-set-1-10-kg\/\"]}]},{\"@type\":\"ImageObject\",\"inLanguage\":\"fr-FR\",\"@id\":\"https:\/\/evolve-fitness.eu\/fr\/produit\/evolve-chrome-dumbbells-set-1-10-kg\/#primaryimage\",\"url\":\"https:\/\/evolve-fitness.eu\/wp-content\/uploads\/2023\/11\/Evolve-Chrome-Dumbbells-Set-1.png\",\"contentUrl\":\"https:\/\/evolve-fitness.eu\/wp-content\/uploads\/2023\/11\/Evolve-Chrome-Dumbbells-Set-1.png\",\"width\":680,\"height\":600,\"caption\":\"EV-DS-CD-1-10\"},{\"@type\":\"BreadcrumbList\",\"@id\":\"https:\/\/evolve-fitness.eu\/fr\/produit\/evolve-chrome-dumbbells-set-1-10-kg\/#breadcrumb\",\"itemListElement\":[{\"@type\":\"ListItem\",\"position\":1,\"name\":\"Home\",\"item\":\"https:\/\/evolve-fitness.eu\/fr\/\"},{\"@type\":\"ListItem\",\"position\":2,\"name\":\"Produits\",\"item\":\"https:\/\/evolve-fitness.eu\/fr\/shop\/\"},{\"@type\":\"ListItem\",\"position\":3,\"name\":\"Evolve Chrome Dumbbells Set 1-10 kg\"}]},{\"@type\":\"WebSite\",\"@id\":\"https:\/\/evolve-fitness.eu\/fr\/#website\",\"url\":\"https:\/\/evolve-fitness.eu\/fr\/\",\"name\":\"Evolve\",\"description\":\"Your Evolved Gear Arrived\",\"publisher\":{\"@id\":\"https:\/\/evolve-fitness.eu\/fr\/#organization\"},\"potentialAction\":[{\"@type\":\"SearchAction\",\"target\":{\"@type\":\"EntryPoint\",\"urlTemplate\":\"https:\/\/evolve-fitness.eu\/fr\/?s={search_term_string}\"},\"query-input\":{\"@type\":\"PropertyValueSpecification\",\"valueRequired\":true,\"valueName\":\"search_term_string\"}}],\"inLanguage\":\"fr-FR\"},{\"@type\":\"Organization\",\"@id\":\"https:\/\/evolve-fitness.eu\/fr\/#organization\",\"name\":\"Evolve\",\"url\":\"https:\/\/evolve-fitness.eu\/fr\/\",\"logo\":{\"@type\":\"ImageObject\",\"inLanguage\":\"fr-FR\",\"@id\":\"https:\/\/evolve-fitness.eu\/fr\/#\/schema\/logo\/image\/\",\"url\":\"https:\/\/evolve-fitness.eu\/wp-content\/uploads\/2023\/05\/Evolve-logo.svg\",\"contentUrl\":\"https:\/\/evolve-fitness.eu\/wp-content\/uploads\/2023\/05\/Evolve-logo.svg\",\"width\":176,\"height\":20,\"caption\":\"Evolve\"},\"image\":{\"@id\":\"https:\/\/evolve-fitness.eu\/fr\/#\/schema\/logo\/image\/\"},\"sameAs\":[\"https:\/\/www.facebook.com\/EvolveFitnessEurope\"]}]}<\/script>\n<!-- \/ Yoast SEO plugin. -->","yoast_head_json":{"title":"Evolve Chrome Dumbbells Set 1-10 kg - Evolve","robots":{"index":"index","follow":"follow","max-snippet":"max-snippet:-1","max-image-preview":"max-image-preview:large","max-video-preview":"max-video-preview:-1"},"canonical":"https:\/\/evolve-fitness.eu\/fr\/produit\/evolve-chrome-dumbbells-set-1-10-kg\/","og_locale":"fr_FR","og_type":"article","og_title":"Evolve Chrome Dumbbells Set 1-10 kg - Evolve","og_url":"https:\/\/evolve-fitness.eu\/fr\/produit\/evolve-chrome-dumbbells-set-1-10-kg\/","og_site_name":"Evolve","article_publisher":"https:\/\/www.facebook.com\/EvolveFitnessEurope","article_modified_time":"2024-03-15T02:21:46+00:00","og_image":[{"width":680,"height":600,"url":"https:\/\/evolve-fitness.eu\/wp-content\/uploads\/2023\/11\/Evolve-Chrome-Dumbbells-Set-1.png","type":"image\/png"}],"twitter_card":"summary_large_image","schema":{"@context":"https:\/\/schema.org","@graph":[{"@type":"WebPage","@id":"https:\/\/evolve-fitness.eu\/fr\/produit\/evolve-chrome-dumbbells-set-1-10-kg\/","url":"https:\/\/evolve-fitness.eu\/fr\/produit\/evolve-chrome-dumbbells-set-1-10-kg\/","name":"Evolve Chrome Dumbbells Set 1-10 kg - Evolve","isPartOf":{"@id":"https:\/\/evolve-fitness.eu\/fr\/#website"},"primaryImageOfPage":{"@id":"https:\/\/evolve-fitness.eu\/fr\/produit\/evolve-chrome-dumbbells-set-1-10-kg\/#primaryimage"},"image":{"@id":"https:\/\/evolve-fitness.eu\/fr\/produit\/evolve-chrome-dumbbells-set-1-10-kg\/#primaryimage"},"thumbnailUrl":"https:\/\/evolve-fitness.eu\/wp-content\/uploads\/2023\/11\/Evolve-Chrome-Dumbbells-Set-1.png","datePublished":"2023-11-03T15:01:10+00:00","dateModified":"2024-03-15T02:21:46+00:00","breadcrumb":{"@id":"https:\/\/evolve-fitness.eu\/fr\/produit\/evolve-chrome-dumbbells-set-1-10-kg\/#breadcrumb"},"inLanguage":"fr-FR","potentialAction":[{"@type":"ReadAction","target":["https:\/\/evolve-fitness.eu\/fr\/produit\/evolve-chrome-dumbbells-set-1-10-kg\/"]}]},{"@type":"ImageObject","inLanguage":"fr-FR","@id":"https:\/\/evolve-fitness.eu\/fr\/produit\/evolve-chrome-dumbbells-set-1-10-kg\/#primaryimage","url":"https:\/\/evolve-fitness.eu\/wp-content\/uploads\/2023\/11\/Evolve-Chrome-Dumbbells-Set-1.png","contentUrl":"https:\/\/evolve-fitness.eu\/wp-content\/uploads\/2023\/11\/Evolve-Chrome-Dumbbells-Set-1.png","width":680,"height":600,"caption":"EV-DS-CD-1-10"},{"@type":"BreadcrumbList","@id":"https:\/\/evolve-fitness.eu\/fr\/produit\/evolve-chrome-dumbbells-set-1-10-kg\/#breadcrumb","itemListElement":[{"@type":"ListItem","position":1,"name":"Home","item":"https:\/\/evolve-fitness.eu\/fr\/"},{"@type":"ListItem","position":2,"name":"Produits","item":"https:\/\/evolve-fitness.eu\/fr\/shop\/"},{"@type":"ListItem","position":3,"name":"Evolve Chrome Dumbbells Set 1-10 kg"}]},{"@type":"WebSite","@id":"https:\/\/evolve-fitness.eu\/fr\/#website","url":"https:\/\/evolve-fitness.eu\/fr\/","name":"Evolve","description":"Your Evolved Gear Arrived","publisher":{"@id":"https:\/\/evolve-fitness.eu\/fr\/#organization"},"potentialAction":[{"@type":"SearchAction","target":{"@type":"EntryPoint","urlTemplate":"https:\/\/evolve-fitness.eu\/fr\/?s={search_term_string}"},"query-input":{"@type":"PropertyValueSpecification","valueRequired":true,"valueName":"search_term_string"}}],"inLanguage":"fr-FR"},{"@type":"Organization","@id":"https:\/\/evolve-fitness.eu\/fr\/#organization","name":"Evolve","url":"https:\/\/evolve-fitness.eu\/fr\/","logo":{"@type":"ImageObject","inLanguage":"fr-FR","@id":"https:\/\/evolve-fitness.eu\/fr\/#\/schema\/logo\/image\/","url":"https:\/\/evolve-fitness.eu\/wp-content\/uploads\/2023\/05\/Evolve-logo.svg","contentUrl":"https:\/\/evolve-fitness.eu\/wp-content\/uploads\/2023\/05\/Evolve-logo.svg","width":176,"height":20,"caption":"Evolve"},"image":{"@id":"https:\/\/evolve-fitness.eu\/fr\/#\/schema\/logo\/image\/"},"sameAs":["https:\/\/www.facebook.com\/EvolveFitnessEurope"]}]}},"_links":{"self":[{"href":"https:\/\/evolve-fitness.eu\/fr\/wp-json\/wp\/v2\/product\/20715","targetHints":{"allow":["GET"]}}],"collection":[{"href":"https:\/\/evolve-fitness.eu\/fr\/wp-json\/wp\/v2\/product"}],"about":[{"href":"https:\/\/evolve-fitness.eu\/fr\/wp-json\/wp\/v2\/types\/product"}],"wp:featuredmedia":[{"embeddable":true,"href":"https:\/\/evolve-fitness.eu\/fr\/wp-json\/wp\/v2\/media\/20744"}],"wp:attachment":[{"href":"https:\/\/evolve-fitness.eu\/fr\/wp-json\/wp\/v2\/media?parent=20715"}],"wp:term":[{"taxonomy":"product_brand","embeddable":true,"href":"https:\/\/evolve-fitness.eu\/fr\/wp-json\/wp\/v2\/product_brand?post=20715"},{"taxonomy":"product_cat","embeddable":true,"href":"https:\/\/evolve-fitness.eu\/fr\/wp-json\/wp\/v2\/product_cat?post=20715"},{"taxonomy":"product_tag","embeddable":true,"href":"https:\/\/evolve-fitness.eu\/fr\/wp-json\/wp\/v2\/product_tag?post=20715"}],"curies":[{"name":"wp","href":"https:\/\/api.w.org\/{rel}","templated":true}]}}