{"id":21373,"date":"2023-11-06T11:45:50","date_gmt":"2023-11-06T11:45:50","guid":{"rendered":"https:\/\/evolve-fitness.eu\/product\/jeu-dhalteres-en-urethane-evolve-cpu-1-10-kg\/"},"modified":"2026-03-27T08:42:37","modified_gmt":"2026-03-27T06:42:37","slug":"jeu-dhalteres-en-urethane-evolve-cpu-1-10-kg","status":"publish","type":"product","link":"https:\/\/evolve-fitness.eu\/fr\/produit\/jeu-dhalteres-en-urethane-evolve-cpu-1-10-kg\/","title":{"rendered":"Jeu d&rsquo;halt\u00e8res en ur\u00e9thane Evolve CPU 1-10 kg"},"content":{"rendered":"\n<section class=\"wp-block-group alignfull has-lightgray-background-color has-background is-layout-constrained wp-block-group-is-layout-constrained\">\n<div class=\"wp-block-columns alignwide is-layout-flex wp-container-core-columns-is-layout-2edb0647 wp-block-columns-is-layout-flex\" style=\"margin-top:0;margin-bottom:0\">\n<div class=\"wp-block-column is-layout-flow wp-block-column-is-layout-flow\" style=\"flex-basis:33.33%\"><\/div>\n\n\n\n<div class=\"wp-block-column is-layout-flow wp-block-column-is-layout-flow\" style=\"flex-basis:66.66%\"><\/div>\n<\/div>\n<\/section>\n\n<section class=\"wp-block-group alignfull black-content has-white-color has-darkgray-background-color has-text-color has-background is-layout-constrained wp-block-group-is-layout-constrained\" style=\"padding-top:var(--wp--preset--spacing--section-bottom);padding-bottom:var(--wp--preset--spacing--section-bottom)\">\n<div class=\"wp-block-columns alignwide mobile-reverse is-layout-flex wp-container-core-columns-is-layout-ca64bf2d wp-block-columns-is-layout-flex\" style=\"margin-bottom:var(--wp--preset--spacing--side-padding)\">\n<div class=\"wp-block-column is-vertically-aligned-center is-layout-flow wp-block-column-is-layout-flow\">\n<h3 class=\"wp-block-heading\" style=\"margin-bottom:var(--wp--preset--spacing--h-3-bottom)\"><strong>UR\u00c9THANE EXTR\u00caMEMENT DURABLE<\/strong><\/h3>\n\n\n\n<p><em><strong>Durable et \u00e9l\u00e9gant<\/strong><\/em><\/p>\n\n\n\n<p style=\"margin-bottom:var(--wp--preset--spacing--tb-section-padding)\">Le rev\u00eatement en ur\u00e9thane est tr\u00e8s r\u00e9sistant aux chocs et deux fois plus durable que le rev\u00eatement en caoutchouc. Les surfaces peintes peuvent s&rsquo;\u00e9cailler et rouiller, le caoutchouc peut se d\u00e9coller ou se fissurer avec le temps. L&rsquo;ur\u00e9thane n&rsquo;a pas d&rsquo;odeur particuli\u00e8re, r\u00e9siste \u00e0 la chaleur, aux rayons UV et m\u00eame \u00e0 l&rsquo;usure naturelle. Les halt\u00e8res en ur\u00e9thane Evolve sont extr\u00eamement durables et ne se d\u00e9gradent pas. Ils conservent donc leur aspect parfait m\u00eame apr\u00e8s des ann\u00e9es d&rsquo;utilisation intensive. Ces halt\u00e8res sont un investissement parfait pour les particuliers et les gymnastes, car ils sont moins chers \u00e0 long terme et restent intacts plus longtemps que les halt\u00e8res en caoutchouc ou en acier. Ils conserveront une couleur unie et audacieuse pendant toute leur dur\u00e9e de vie. Le rev\u00eatement en ur\u00e9thane prot\u00e8ge \u00e9galement le sol des rayures et des dommages et absorbe le son pendant les s\u00e9ances d&rsquo;entra\u00eenement.<\/p>\n<\/div>\n\n\n\n<div class=\"wp-block-column is-vertically-aligned-center is-layout-flow wp-block-column-is-layout-flow\">\n<figure class=\"wp-block-image alignright size-large is-resized is-style-rounded\"><img loading=\"lazy\" decoding=\"async\" width=\"1024\" height=\"1024\" src=\"https:\/\/evolve-fitness.eu\/wp-content\/uploads\/2023\/11\/Evolve-CPU-Urethane-Dumbbells-1-1024x1024.png\" alt=\"\" class=\"wp-image-4910\" style=\"object-fit:cover;width:680px;height:600px\" srcset=\"https:\/\/evolve-fitness.eu\/wp-content\/uploads\/2023\/11\/Evolve-CPU-Urethane-Dumbbells-1-1024x1024.png 1024w, https:\/\/evolve-fitness.eu\/wp-content\/uploads\/2023\/11\/Evolve-CPU-Urethane-Dumbbells-1-300x300.png 300w, https:\/\/evolve-fitness.eu\/wp-content\/uploads\/2023\/11\/Evolve-CPU-Urethane-Dumbbells-1-150x150.png 150w, https:\/\/evolve-fitness.eu\/wp-content\/uploads\/2023\/11\/Evolve-CPU-Urethane-Dumbbells-1-600x600.png 600w, https:\/\/evolve-fitness.eu\/wp-content\/uploads\/2023\/11\/Evolve-CPU-Urethane-Dumbbells-1-768x768.png 768w, https:\/\/evolve-fitness.eu\/wp-content\/uploads\/2023\/11\/Evolve-CPU-Urethane-Dumbbells-1.png 1080w\" sizes=\"auto, (max-width: 1024px) 100vw, 1024px\" \/><\/figure>\n<\/div>\n<\/div>\n\n\n\n<div class=\"wp-block-columns alignwide is-layout-flex wp-container-core-columns-is-layout-c45ee707 wp-block-columns-is-layout-flex\" style=\"margin-bottom:var(--wp--preset--spacing--side-padding);padding-top:var(--wp--preset--spacing--side-padding)\">\n<div class=\"wp-block-column is-vertically-aligned-center is-layout-flow wp-block-column-is-layout-flow\">\n<figure class=\"wp-block-image size-large is-resized\"><img loading=\"lazy\" decoding=\"async\" width=\"1024\" height=\"1024\" src=\"https:\/\/evolve-fitness.eu\/wp-content\/uploads\/2023\/11\/Evolve-CPU-Urethane-Dumbbells-2-1024x1024.png\" alt=\"\" class=\"wp-image-4912\" style=\"object-fit:cover;width:680px;height:600px\" srcset=\"https:\/\/evolve-fitness.eu\/wp-content\/uploads\/2023\/11\/Evolve-CPU-Urethane-Dumbbells-2-1024x1024.png 1024w, https:\/\/evolve-fitness.eu\/wp-content\/uploads\/2023\/11\/Evolve-CPU-Urethane-Dumbbells-2-300x300.png 300w, https:\/\/evolve-fitness.eu\/wp-content\/uploads\/2023\/11\/Evolve-CPU-Urethane-Dumbbells-2-150x150.png 150w, https:\/\/evolve-fitness.eu\/wp-content\/uploads\/2023\/11\/Evolve-CPU-Urethane-Dumbbells-2-600x600.png 600w, https:\/\/evolve-fitness.eu\/wp-content\/uploads\/2023\/11\/Evolve-CPU-Urethane-Dumbbells-2-768x768.png 768w, https:\/\/evolve-fitness.eu\/wp-content\/uploads\/2023\/11\/Evolve-CPU-Urethane-Dumbbells-2.png 1080w\" sizes=\"auto, (max-width: 1024px) 100vw, 1024px\" \/><\/figure>\n<\/div>\n\n\n\n<div class=\"wp-block-column is-vertically-aligned-center is-layout-constrained wp-block-column-is-layout-constrained\">\n<h3 class=\"wp-block-heading\" style=\"margin-bottom:var(--wp--preset--spacing--h-3-bottom)\">UN EXCELLENT CHOIX POUR UNE UTILISATION PROFESSIONNELLE<\/h3>\n\n\n\n<p><strong><em><strong><em>Halt\u00e8res Evolve Custom Fit<\/em><\/strong><\/em><\/strong><\/p>\n\n\n\n<p>Am\u00e9liorez votre centre de remise en forme avec l&rsquo;\u00e9quipement de gymnastique personnalisable Evolve, con\u00e7u pour renforcer la pr\u00e9sence de votre marque. Nos halt\u00e8res Evolve haut de gamme sont non seulement con\u00e7us pour la performance, mais aussi pour l&rsquo;esth\u00e9tique, avec un service d&rsquo;assortiment de couleurs pour s&rsquo;int\u00e9grer parfaitement \u00e0 votre d\u00e9coration d&rsquo;int\u00e9rieur. Sur demande, nous apportons une touche personnalis\u00e9e gr\u00e2ce \u00e0 la d\u00e9coupe au laser et \u00e0 l&rsquo;infusion d&rsquo;ur\u00e9thane dans les couleurs de votre marque. Avec une surface textur\u00e9e facile \u00e0 nettoyer et offrant une prise en main antid\u00e9rapante, les halt\u00e8res Evolve garantissent confort et s\u00e9curit\u00e9 pour les exercices les plus rigoureux. Choisissez Evolve pour un \u00e9quipement aussi d\u00e9vou\u00e9 \u00e0 l&rsquo;image de votre salle de sport qu&rsquo;il l&rsquo;est \u00e0 la durabilit\u00e9 de qualit\u00e9 professionnelle et \u00e0 la s\u00e9curit\u00e9 des utilisateurs.<\/p>\n<\/div>\n<\/div>\n\n\n\n<div class=\"wp-block-columns alignwide is-layout-flex wp-container-core-columns-is-layout-c45ee707 wp-block-columns-is-layout-flex\" style=\"margin-bottom:var(--wp--preset--spacing--side-padding);padding-top:var(--wp--preset--spacing--side-padding)\">\n<div class=\"wp-block-column is-vertically-aligned-center is-layout-flow wp-block-column-is-layout-flow\">\n<h3 class=\"wp-block-heading\" style=\"margin-bottom:var(--wp--preset--spacing--h-3-bottom)\">FONCTIONNALIT\u00c9<\/h3>\n\n\n\n<p><strong><em><strong><em>Halt\u00e8res en ur\u00e9thane Ultimate Performance<\/em><\/strong><\/em><\/strong><\/p>\n\n\n\n<p style=\"margin-bottom:var(--wp--preset--spacing--tb-section-padding)\">Am\u00e9liorez votre programme d&rsquo;entra\u00eenement avec nos halt\u00e8res haut de gamme \u00e0 bo\u00eetier en ur\u00e9thane, con\u00e7us pour une durabilit\u00e9 sup\u00e9rieure et une protection du sol. Nos halt\u00e8res de pointe sont con\u00e7us pour am\u00e9liorer toute s\u00e9ance d&rsquo;entra\u00eenement, qu&rsquo;il s&rsquo;agisse de CrossFit \u00e0 haute intensit\u00e9 ou d&rsquo;exercices fonctionnels \u00e0 multiples facettes. La conception antiroulis unique permet de conserver un espace d&rsquo;entra\u00eenement ordonn\u00e9 et efficace, tandis que le rev\u00eatement en ur\u00e9thane absorbe les chocs, r\u00e9duisant ainsi le bruit et \u00e9vitant d&rsquo;endommager votre \u00e9quipement. Gr\u00e2ce \u00e0 leurs poign\u00e9es ergonomiques antid\u00e9rapantes, ces halt\u00e8res assurent une bonne prise en main pour maximiser la s\u00e9curit\u00e9 et les performances lors des entra\u00eenements les plus vigoureux. Parfait pour l&rsquo;athl\u00e8te d\u00e9vou\u00e9 qui cherche \u00e0 repousser les limites de l&rsquo;entra\u00eenement de force et d&rsquo;endurance.<\/p>\n<\/div>\n\n\n\n<div class=\"wp-block-column is-vertically-aligned-center is-layout-flow wp-block-column-is-layout-flow\">\n<div class=\"wp-block-columns is-layout-flex wp-container-core-columns-is-layout-9d6595d7 wp-block-columns-is-layout-flex\">\n<div class=\"wp-block-column is-layout-flow wp-block-column-is-layout-flow\">\n<figure class=\"wp-block-image size-large\"><img loading=\"lazy\" decoding=\"async\" width=\"683\" height=\"1024\" src=\"https:\/\/evolve-fitness.eu\/wp-content\/uploads\/2023\/11\/A7_08315-683x1024.jpg\" alt=\"\" class=\"wp-image-8760\" srcset=\"https:\/\/evolve-fitness.eu\/wp-content\/uploads\/2023\/11\/A7_08315-683x1024.jpg 683w, https:\/\/evolve-fitness.eu\/wp-content\/uploads\/2023\/11\/A7_08315-300x450.jpg 300w, https:\/\/evolve-fitness.eu\/wp-content\/uploads\/2023\/11\/A7_08315-100x150.jpg 100w, https:\/\/evolve-fitness.eu\/wp-content\/uploads\/2023\/11\/A7_08315-600x900.jpg 600w, https:\/\/evolve-fitness.eu\/wp-content\/uploads\/2023\/11\/A7_08315-200x300.jpg 200w, https:\/\/evolve-fitness.eu\/wp-content\/uploads\/2023\/11\/A7_08315-768x1152.jpg 768w, https:\/\/evolve-fitness.eu\/wp-content\/uploads\/2023\/11\/A7_08315-1024x1536.jpg 1024w, https:\/\/evolve-fitness.eu\/wp-content\/uploads\/2023\/11\/A7_08315.jpg 1320w\" sizes=\"auto, (max-width: 683px) 100vw, 683px\" \/><\/figure>\n<\/div>\n<\/div>\n<\/div>\n<\/div>\n\n\n\n<div class=\"wp-block-columns alignwide is-layout-flex wp-container-core-columns-is-layout-c45ee707 wp-block-columns-is-layout-flex\" style=\"margin-bottom:var(--wp--preset--spacing--side-padding);padding-top:var(--wp--preset--spacing--side-padding)\">\n<div class=\"wp-block-column is-vertically-aligned-center is-layout-flow wp-block-column-is-layout-flow\">\n<div class=\"wp-block-columns is-layout-flex wp-container-core-columns-is-layout-9d6595d7 wp-block-columns-is-layout-flex\">\n<div class=\"wp-block-column is-layout-flow wp-block-column-is-layout-flow\">\n<figure class=\"wp-block-image size-full is-style-rounded\"><img loading=\"lazy\" decoding=\"async\" width=\"680\" height=\"600\" src=\"https:\/\/evolve-fitness.eu\/wp-content\/uploads\/2023\/11\/Evolve-CPU-Urethane-Dumbbells-5-handle-1.png\" alt=\"\" class=\"wp-image-4949\" srcset=\"https:\/\/evolve-fitness.eu\/wp-content\/uploads\/2023\/11\/Evolve-CPU-Urethane-Dumbbells-5-handle-1.png 680w, https:\/\/evolve-fitness.eu\/wp-content\/uploads\/2023\/11\/Evolve-CPU-Urethane-Dumbbells-5-handle-1-300x265.png 300w, https:\/\/evolve-fitness.eu\/wp-content\/uploads\/2023\/11\/Evolve-CPU-Urethane-Dumbbells-5-handle-1-170x150.png 170w, https:\/\/evolve-fitness.eu\/wp-content\/uploads\/2023\/11\/Evolve-CPU-Urethane-Dumbbells-5-handle-1-600x529.png 600w, https:\/\/evolve-fitness.eu\/wp-content\/uploads\/2023\/11\/Evolve-CPU-Urethane-Dumbbells-5-handle-1-150x132.png 150w\" sizes=\"auto, (max-width: 680px) 100vw, 680px\" \/><\/figure>\n<\/div>\n<\/div>\n<\/div>\n\n\n\n<div class=\"wp-block-column is-vertically-aligned-center is-layout-flow wp-block-column-is-layout-flow\">\n<h3 class=\"wp-block-heading\" style=\"margin-bottom:var(--wp--preset--spacing--h-3-bottom)\">FONCTIONNALIT\u00c9<\/h3>\n\n\n\n<p><strong><em><strong><em>Halt\u00e8res en ur\u00e9thane Ultimate Performance<\/em><\/strong><\/em><\/strong><\/p>\n\n\n\n<p style=\"margin-bottom:var(--wp--preset--spacing--tb-section-padding)\">La poign\u00e9e d&rsquo;halt\u00e8re chrom\u00e9e Evolve a une longueur de 120 mm et une \u00e9paisseur de 30 mm au niveau de la partie la plus large, avec des poign\u00e9es ergonomiques antid\u00e9rapantes. L&rsquo;ensemble de l&rsquo;halt\u00e8re est recouvert d&rsquo;une couche d&rsquo;ur\u00e9thane durable et r\u00e9sistante \u00e0 l&rsquo;usure.<\/p>\n<\/div>\n<\/div>\n\n\n\n<div class=\"wp-block-columns alignwide is-layout-flex wp-container-core-columns-is-layout-c45ee707 wp-block-columns-is-layout-flex\" style=\"margin-bottom:var(--wp--preset--spacing--side-padding);padding-top:var(--wp--preset--spacing--side-padding)\">\n<div class=\"wp-block-column is-vertically-aligned-center is-layout-flow wp-block-column-is-layout-flow\">\n<h3 class=\"wp-block-heading\" style=\"margin-bottom:var(--wp--preset--spacing--h-3-bottom)\"><strong>UNE DURABILIT\u00c9 EXCEPTIONNELLE<\/strong><\/h3>\n\n\n\n<p><strong><em><strong>Des performances durables<\/strong><\/em><\/strong><\/p>\n\n\n\n<p>D\u00e9voilez le secret d&rsquo;un entra\u00eenement musculaire durable avec les halt\u00e8res en ur\u00e9thane d&rsquo;Evolve. Ces poids, con\u00e7us avec pr\u00e9cision, sont coul\u00e9s dans un alliage m\u00e9tallique de haute qualit\u00e9, d\u00e9passant la r\u00e9silience typique des poids en fer. Sp\u00e9cialement con\u00e7us pour un \u00e9quilibre et une pr\u00e9cision extr\u00eames, les halt\u00e8res Evolve constituent le premier choix en mati\u00e8re de durabilit\u00e9 dans tous les environnements de remise en forme exigeants, qu&rsquo;il s&rsquo;agisse des rigueurs d&rsquo;un entra\u00eenement militaire ou de l&rsquo;utilisation r\u00e9guli\u00e8re dans les h\u00f4tels et les centres de r\u00e9adaptation. Parfaits pour les amateurs de fitness \u00e0 domicile ou les propri\u00e9taires de salles de sport, les halt\u00e8res en ur\u00e9thane Evolve garantissent une excellence durable en termes de performances et d&rsquo;utilit\u00e9.<\/p>\n<\/div>\n\n\n\n<div class=\"wp-block-column is-vertically-aligned-center is-layout-flow wp-block-column-is-layout-flow\">\n<div class=\"wp-block-columns is-layout-flex wp-container-core-columns-is-layout-9d6595d7 wp-block-columns-is-layout-flex\">\n<div class=\"wp-block-column is-layout-flow wp-block-column-is-layout-flow\">\n<figure class=\"wp-block-video\"><video height=\"2160\" style=\"aspect-ratio: 3840 \/ 2160;\" width=\"3840\" autoplay=\"\" controls=\"\" loop=\"\" muted=\"\" src=\"https:\/\/evolve-fitness.eu\/wp-content\/uploads\/2023\/12\/1-5.mp4\"><\/video><\/figure>\n<\/div>\n<\/div>\n<\/div>\n<\/div>\n<\/section>\n","protected":false},"excerpt":{"rendered":"<p>Faites l&rsquo;exp\u00e9rience d&rsquo;une r\u00e9sistance durable avec le jeu d&rsquo;halt\u00e8res en ur\u00e9thane Evolve CPU (2 x 1-10 kg), con\u00e7u pour les amateurs de fitness s\u00e9rieux et les salles de sport professionnelles. Ces halt\u00e8res sont recouverts d&rsquo;une couche d&rsquo;ur\u00e9thane de qualit\u00e9 sup\u00e9rieure, r\u00e9put\u00e9e pour sa r\u00e9sistance \u00e0 la chaleur, aux UV et \u00e0 l&rsquo;usure, surpassant le caoutchouc en termes de durabilit\u00e9 et de maintien de l&rsquo;apparence. Id\u00e9al pour divers environnements d&rsquo;entra\u00eenement, des salles de sport militaires aux salles de sport d&rsquo;h\u00f4tels, Evolve est personnalisable pour s&rsquo;aligner sur l&rsquo;esth\u00e9tique de votre marque. La conception ergonomique et antiroulis ainsi que les caract\u00e9ristiques de r\u00e9duction du bruit am\u00e9liorent la fonctionnalit\u00e9 et la s\u00e9curit\u00e9 de l&rsquo;entra\u00eenement, ce qui en fait un investissement solide et \u00e0 long terme pour tout centre de remise en forme.   <\/p>\n","protected":false},"featured_media":21403,"template":"","meta":{"_acf_changed":false,"inline_featured_image":false},"product_brand":[],"product_cat":[1452,2508],"product_tag":[],"class_list":{"0":"post-21373","1":"product","2":"type-product","3":"status-publish","4":"has-post-thumbnail","6":"product_cat-poids-libres","7":"product_cat-halteres","9":"first","10":"instock","11":"shipping-taxable","12":"purchasable","13":"product-type-simple"},"acf":{"long_title":"Jeu d'halt\u00e8res en ur\u00e9thane Evolve CPU 1-10 kg","subtitle":"","specifications":[{"label":"SKU","text_value":"EV-DS-CP-1-10","icon":"x"},{"label":"Longueur de la poign\u00e9e","text_value":"120 mm","icon":"v"},{"label":"Epaisseur de la poign\u00e9e","text_value":"30 mm","icon":"x"},{"label":"Logo et indication de poids d\u00e9coup\u00e9s au laser et infus\u00e9s dans l'ur\u00e9thane","text_value":"","icon":"v"},{"label":"Nous pouvons int\u00e9grer les couleurs de la marque de votre salle de sport","text_value":"","icon":"v"},{"label":"Rev\u00eatement en ur\u00e9thane pour une durabilit\u00e9 maximale","text_value":"","icon":"v"},{"label":"C\u00f4t\u00e9s plats pour l'\u00e9quilibre et la stabilit\u00e9","text_value":"3 ans","icon":"v"},{"label":"Poign\u00e9es antid\u00e9rapantes","text_value":"","icon":"v"},{"label":"Options de personnalisation","text_value":"Choix des couleurs du logo et du num\u00e9ro \/ Adaptation \u00e0 l'identit\u00e9 int\u00e9rieure souhait\u00e9e \/ Possibilit\u00e9 de graver un logo personnalis\u00e9","icon":"x"},{"label":"Garantie","text_value":"3 ans","icon":"x"}]},"yoast_head":"<!-- This site is optimized with the Yoast SEO plugin v26.6 - https:\/\/yoast.com\/wordpress\/plugins\/seo\/ -->\n<title>Jeu d&#039;halt\u00e8res en ur\u00e9thane Evolve CPU 1-10 kg - Evolve<\/title>\n<meta name=\"robots\" content=\"index, follow, max-snippet:-1, max-image-preview:large, max-video-preview:-1\" \/>\n<link rel=\"canonical\" href=\"https:\/\/evolve-fitness.eu\/fr\/produit\/jeu-dhalteres-en-urethane-evolve-cpu-1-10-kg\/\" \/>\n<meta property=\"og:locale\" content=\"fr_FR\" \/>\n<meta property=\"og:type\" content=\"article\" \/>\n<meta property=\"og:title\" content=\"Jeu d&#039;halt\u00e8res en ur\u00e9thane Evolve CPU 1-10 kg - Evolve\" \/>\n<meta property=\"og:url\" content=\"https:\/\/evolve-fitness.eu\/fr\/produit\/jeu-dhalteres-en-urethane-evolve-cpu-1-10-kg\/\" \/>\n<meta property=\"og:site_name\" content=\"Evolve\" \/>\n<meta property=\"article:publisher\" content=\"https:\/\/www.facebook.com\/EvolveFitnessEurope\" \/>\n<meta property=\"article:modified_time\" content=\"2026-03-27T06:42:37+00:00\" \/>\n<meta property=\"og:image\" content=\"https:\/\/evolve-fitness.eu\/wp-content\/uploads\/2023\/11\/Evolve-CPU-Urethane-Dumbbells-Set-1.png\" \/>\n\t<meta property=\"og:image:width\" content=\"680\" \/>\n\t<meta property=\"og:image:height\" content=\"600\" \/>\n\t<meta property=\"og:image:type\" content=\"image\/png\" \/>\n<meta name=\"twitter:card\" content=\"summary_large_image\" \/>\n<script type=\"application\/ld+json\" class=\"yoast-schema-graph\">{\"@context\":\"https:\/\/schema.org\",\"@graph\":[{\"@type\":\"WebPage\",\"@id\":\"https:\/\/evolve-fitness.eu\/fr\/produit\/jeu-dhalteres-en-urethane-evolve-cpu-1-10-kg\/\",\"url\":\"https:\/\/evolve-fitness.eu\/fr\/produit\/jeu-dhalteres-en-urethane-evolve-cpu-1-10-kg\/\",\"name\":\"Jeu d'halt\u00e8res en ur\u00e9thane Evolve CPU 1-10 kg - Evolve\",\"isPartOf\":{\"@id\":\"https:\/\/evolve-fitness.eu\/fr\/#website\"},\"primaryImageOfPage\":{\"@id\":\"https:\/\/evolve-fitness.eu\/fr\/produit\/jeu-dhalteres-en-urethane-evolve-cpu-1-10-kg\/#primaryimage\"},\"image\":{\"@id\":\"https:\/\/evolve-fitness.eu\/fr\/produit\/jeu-dhalteres-en-urethane-evolve-cpu-1-10-kg\/#primaryimage\"},\"thumbnailUrl\":\"https:\/\/evolve-fitness.eu\/wp-content\/uploads\/2023\/11\/Evolve-CPU-Urethane-Dumbbells-Set-1.png\",\"datePublished\":\"2023-11-06T11:45:50+00:00\",\"dateModified\":\"2026-03-27T06:42:37+00:00\",\"breadcrumb\":{\"@id\":\"https:\/\/evolve-fitness.eu\/fr\/produit\/jeu-dhalteres-en-urethane-evolve-cpu-1-10-kg\/#breadcrumb\"},\"inLanguage\":\"fr-FR\",\"potentialAction\":[{\"@type\":\"ReadAction\",\"target\":[\"https:\/\/evolve-fitness.eu\/fr\/produit\/jeu-dhalteres-en-urethane-evolve-cpu-1-10-kg\/\"]}]},{\"@type\":\"ImageObject\",\"inLanguage\":\"fr-FR\",\"@id\":\"https:\/\/evolve-fitness.eu\/fr\/produit\/jeu-dhalteres-en-urethane-evolve-cpu-1-10-kg\/#primaryimage\",\"url\":\"https:\/\/evolve-fitness.eu\/wp-content\/uploads\/2023\/11\/Evolve-CPU-Urethane-Dumbbells-Set-1.png\",\"contentUrl\":\"https:\/\/evolve-fitness.eu\/wp-content\/uploads\/2023\/11\/Evolve-CPU-Urethane-Dumbbells-Set-1.png\",\"width\":680,\"height\":600,\"caption\":\"EV-DS-CP-1-10\"},{\"@type\":\"BreadcrumbList\",\"@id\":\"https:\/\/evolve-fitness.eu\/fr\/produit\/jeu-dhalteres-en-urethane-evolve-cpu-1-10-kg\/#breadcrumb\",\"itemListElement\":[{\"@type\":\"ListItem\",\"position\":1,\"name\":\"Home\",\"item\":\"https:\/\/evolve-fitness.eu\/fr\/\"},{\"@type\":\"ListItem\",\"position\":2,\"name\":\"Produits\",\"item\":\"https:\/\/evolve-fitness.eu\/fr\/shop\/\"},{\"@type\":\"ListItem\",\"position\":3,\"name\":\"Jeu d&#8217;halt\u00e8res en ur\u00e9thane Evolve CPU 1-10 kg\"}]},{\"@type\":\"WebSite\",\"@id\":\"https:\/\/evolve-fitness.eu\/fr\/#website\",\"url\":\"https:\/\/evolve-fitness.eu\/fr\/\",\"name\":\"Evolve\",\"description\":\"Your Evolved Gear Arrived\",\"publisher\":{\"@id\":\"https:\/\/evolve-fitness.eu\/fr\/#organization\"},\"potentialAction\":[{\"@type\":\"SearchAction\",\"target\":{\"@type\":\"EntryPoint\",\"urlTemplate\":\"https:\/\/evolve-fitness.eu\/fr\/?s={search_term_string}\"},\"query-input\":{\"@type\":\"PropertyValueSpecification\",\"valueRequired\":true,\"valueName\":\"search_term_string\"}}],\"inLanguage\":\"fr-FR\"},{\"@type\":\"Organization\",\"@id\":\"https:\/\/evolve-fitness.eu\/fr\/#organization\",\"name\":\"Evolve\",\"url\":\"https:\/\/evolve-fitness.eu\/fr\/\",\"logo\":{\"@type\":\"ImageObject\",\"inLanguage\":\"fr-FR\",\"@id\":\"https:\/\/evolve-fitness.eu\/fr\/#\/schema\/logo\/image\/\",\"url\":\"https:\/\/evolve-fitness.eu\/wp-content\/uploads\/2023\/05\/Evolve-logo.svg\",\"contentUrl\":\"https:\/\/evolve-fitness.eu\/wp-content\/uploads\/2023\/05\/Evolve-logo.svg\",\"width\":176,\"height\":20,\"caption\":\"Evolve\"},\"image\":{\"@id\":\"https:\/\/evolve-fitness.eu\/fr\/#\/schema\/logo\/image\/\"},\"sameAs\":[\"https:\/\/www.facebook.com\/EvolveFitnessEurope\"]}]}<\/script>\n<!-- \/ Yoast SEO plugin. -->","yoast_head_json":{"title":"Jeu d'halt\u00e8res en ur\u00e9thane Evolve CPU 1-10 kg - Evolve","robots":{"index":"index","follow":"follow","max-snippet":"max-snippet:-1","max-image-preview":"max-image-preview:large","max-video-preview":"max-video-preview:-1"},"canonical":"https:\/\/evolve-fitness.eu\/fr\/produit\/jeu-dhalteres-en-urethane-evolve-cpu-1-10-kg\/","og_locale":"fr_FR","og_type":"article","og_title":"Jeu d'halt\u00e8res en ur\u00e9thane Evolve CPU 1-10 kg - Evolve","og_url":"https:\/\/evolve-fitness.eu\/fr\/produit\/jeu-dhalteres-en-urethane-evolve-cpu-1-10-kg\/","og_site_name":"Evolve","article_publisher":"https:\/\/www.facebook.com\/EvolveFitnessEurope","article_modified_time":"2026-03-27T06:42:37+00:00","og_image":[{"width":680,"height":600,"url":"https:\/\/evolve-fitness.eu\/wp-content\/uploads\/2023\/11\/Evolve-CPU-Urethane-Dumbbells-Set-1.png","type":"image\/png"}],"twitter_card":"summary_large_image","schema":{"@context":"https:\/\/schema.org","@graph":[{"@type":"WebPage","@id":"https:\/\/evolve-fitness.eu\/fr\/produit\/jeu-dhalteres-en-urethane-evolve-cpu-1-10-kg\/","url":"https:\/\/evolve-fitness.eu\/fr\/produit\/jeu-dhalteres-en-urethane-evolve-cpu-1-10-kg\/","name":"Jeu d'halt\u00e8res en ur\u00e9thane Evolve CPU 1-10 kg - Evolve","isPartOf":{"@id":"https:\/\/evolve-fitness.eu\/fr\/#website"},"primaryImageOfPage":{"@id":"https:\/\/evolve-fitness.eu\/fr\/produit\/jeu-dhalteres-en-urethane-evolve-cpu-1-10-kg\/#primaryimage"},"image":{"@id":"https:\/\/evolve-fitness.eu\/fr\/produit\/jeu-dhalteres-en-urethane-evolve-cpu-1-10-kg\/#primaryimage"},"thumbnailUrl":"https:\/\/evolve-fitness.eu\/wp-content\/uploads\/2023\/11\/Evolve-CPU-Urethane-Dumbbells-Set-1.png","datePublished":"2023-11-06T11:45:50+00:00","dateModified":"2026-03-27T06:42:37+00:00","breadcrumb":{"@id":"https:\/\/evolve-fitness.eu\/fr\/produit\/jeu-dhalteres-en-urethane-evolve-cpu-1-10-kg\/#breadcrumb"},"inLanguage":"fr-FR","potentialAction":[{"@type":"ReadAction","target":["https:\/\/evolve-fitness.eu\/fr\/produit\/jeu-dhalteres-en-urethane-evolve-cpu-1-10-kg\/"]}]},{"@type":"ImageObject","inLanguage":"fr-FR","@id":"https:\/\/evolve-fitness.eu\/fr\/produit\/jeu-dhalteres-en-urethane-evolve-cpu-1-10-kg\/#primaryimage","url":"https:\/\/evolve-fitness.eu\/wp-content\/uploads\/2023\/11\/Evolve-CPU-Urethane-Dumbbells-Set-1.png","contentUrl":"https:\/\/evolve-fitness.eu\/wp-content\/uploads\/2023\/11\/Evolve-CPU-Urethane-Dumbbells-Set-1.png","width":680,"height":600,"caption":"EV-DS-CP-1-10"},{"@type":"BreadcrumbList","@id":"https:\/\/evolve-fitness.eu\/fr\/produit\/jeu-dhalteres-en-urethane-evolve-cpu-1-10-kg\/#breadcrumb","itemListElement":[{"@type":"ListItem","position":1,"name":"Home","item":"https:\/\/evolve-fitness.eu\/fr\/"},{"@type":"ListItem","position":2,"name":"Produits","item":"https:\/\/evolve-fitness.eu\/fr\/shop\/"},{"@type":"ListItem","position":3,"name":"Jeu d&#8217;halt\u00e8res en ur\u00e9thane Evolve CPU 1-10 kg"}]},{"@type":"WebSite","@id":"https:\/\/evolve-fitness.eu\/fr\/#website","url":"https:\/\/evolve-fitness.eu\/fr\/","name":"Evolve","description":"Your Evolved Gear Arrived","publisher":{"@id":"https:\/\/evolve-fitness.eu\/fr\/#organization"},"potentialAction":[{"@type":"SearchAction","target":{"@type":"EntryPoint","urlTemplate":"https:\/\/evolve-fitness.eu\/fr\/?s={search_term_string}"},"query-input":{"@type":"PropertyValueSpecification","valueRequired":true,"valueName":"search_term_string"}}],"inLanguage":"fr-FR"},{"@type":"Organization","@id":"https:\/\/evolve-fitness.eu\/fr\/#organization","name":"Evolve","url":"https:\/\/evolve-fitness.eu\/fr\/","logo":{"@type":"ImageObject","inLanguage":"fr-FR","@id":"https:\/\/evolve-fitness.eu\/fr\/#\/schema\/logo\/image\/","url":"https:\/\/evolve-fitness.eu\/wp-content\/uploads\/2023\/05\/Evolve-logo.svg","contentUrl":"https:\/\/evolve-fitness.eu\/wp-content\/uploads\/2023\/05\/Evolve-logo.svg","width":176,"height":20,"caption":"Evolve"},"image":{"@id":"https:\/\/evolve-fitness.eu\/fr\/#\/schema\/logo\/image\/"},"sameAs":["https:\/\/www.facebook.com\/EvolveFitnessEurope"]}]}},"_links":{"self":[{"href":"https:\/\/evolve-fitness.eu\/fr\/wp-json\/wp\/v2\/product\/21373","targetHints":{"allow":["GET"]}}],"collection":[{"href":"https:\/\/evolve-fitness.eu\/fr\/wp-json\/wp\/v2\/product"}],"about":[{"href":"https:\/\/evolve-fitness.eu\/fr\/wp-json\/wp\/v2\/types\/product"}],"wp:featuredmedia":[{"embeddable":true,"href":"https:\/\/evolve-fitness.eu\/fr\/wp-json\/wp\/v2\/media\/21403"}],"wp:attachment":[{"href":"https:\/\/evolve-fitness.eu\/fr\/wp-json\/wp\/v2\/media?parent=21373"}],"wp:term":[{"taxonomy":"product_brand","embeddable":true,"href":"https:\/\/evolve-fitness.eu\/fr\/wp-json\/wp\/v2\/product_brand?post=21373"},{"taxonomy":"product_cat","embeddable":true,"href":"https:\/\/evolve-fitness.eu\/fr\/wp-json\/wp\/v2\/product_cat?post=21373"},{"taxonomy":"product_tag","embeddable":true,"href":"https:\/\/evolve-fitness.eu\/fr\/wp-json\/wp\/v2\/product_tag?post=21373"}],"curies":[{"name":"wp","href":"https:\/\/api.w.org\/{rel}","templated":true}]}}