{"id":214495,"date":"2025-11-17T13:28:50","date_gmt":"2025-11-17T11:28:50","guid":{"rendered":"https:\/\/evolve-fitness.eu\/product\/evolve-ultra-series-selectorized-arm-curl-extension-machine-ul-440\/"},"modified":"2026-03-26T11:50:50","modified_gmt":"2026-03-26T09:50:50","slug":"evolve-ultra-series-selectorized-arm-curl-extension-machine-ul-440","status":"publish","type":"product","link":"https:\/\/evolve-fitness.eu\/fr\/produit\/evolve-ultra-series-selectorized-arm-curl-extension-machine-ul-440\/","title":{"rendered":"Evolve Ultra Series Selectorized Arm Curl &amp; Extension Machine (UL-440)"},"content":{"rendered":"\n<section class=\"wp-block-group alignfull black-content has-white-color has-darkgray-background-color has-text-color has-background is-layout-constrained wp-block-group-is-layout-constrained\" style=\"padding-top:var(--wp--preset--spacing--section-bottom);padding-bottom:var(--wp--preset--spacing--section-bottom)\">\n<div class=\"wp-block-columns alignwide mobile-reverse is-layout-flex wp-container-core-columns-is-layout-ca64bf2d wp-block-columns-is-layout-flex\" style=\"margin-bottom:var(--wp--preset--spacing--side-padding)\">\n<div class=\"wp-block-column is-vertically-aligned-center is-layout-flow wp-block-column-is-layout-flow\">\n<h3 class=\"wp-block-heading\" style=\"margin-bottom:var(--wp--preset--spacing--h-3-bottom)\"><strong><strong><strong><strong><strong><strong><strong><strong><strong><strong><strong>Evolve Ultra Series Selectorized Arm Curl &amp; Extension Machine (UL-440)<\/strong><\/strong><\/strong><\/strong><\/strong><\/strong><\/strong><\/strong><\/strong><\/strong><\/strong><\/h3>\n\n\n\n<p style=\"margin-bottom:var(--wp--preset--spacing--tb-section-padding)\">L&rsquo;appareil de musculation Evolve Ultra Series Selectorized Arm Curl &amp; Extension Machine (UL-440) combine les flexions des biceps et les extensions des triceps en un seul appareil de musculation compact \u00e0 double fonction. Son syst\u00e8me de s\u00e9lection des poids permet un r\u00e9glage souple et pr\u00e9cis de la r\u00e9sistance, ce qui le rend adapt\u00e9 \u00e0 tous les utilisateurs, quel que soit leur niveau de forme physique. Avec un support de bras ergonomique, un syst\u00e8me de levier pivotant et une trajectoire de mouvement guid\u00e9e, l&rsquo;UL-440 favorise un alignement correct des articulations, un ciblage pr\u00e9cis des muscles et un mouvement contr\u00f4l\u00e9 tout au long de chaque r\u00e9p\u00e9tition. Construit en acier de qualit\u00e9 commerciale, il offre une durabilit\u00e9 \u00e0 long terme et des performances fiables, ce qui en fait un excellent choix pour les salles de sport professionnelles et les espaces de remise en forme \u00e0 domicile.   <br\/><\/p>\n<\/div>\n\n\n\n<div class=\"wp-block-column is-vertically-aligned-center is-layout-flow wp-block-column-is-layout-flow\">\n<figure class=\"wp-block-image size-full\"><img decoding=\"async\" src=\"https:\/\/store.evolve-fitness.eu\/wp-content\/uploads\/2025\/11\/EV-SC-UL-440-Evolve-Ultra-Series-Selectorized-Arm-Curl-and-Extension-Mac-3-3.png\" alt=\"\" class=\"wp-image-147032\"\/><\/figure>\n<\/div>\n<\/div>\n\n\n\n<div class=\"wp-block-columns alignwide are-vertically-aligned-center mobile-reverse is-layout-flex wp-container-core-columns-is-layout-e8158c2f wp-block-columns-is-layout-flex\" style=\"padding-top:var(--wp--preset--spacing--side-padding)\">\n<div class=\"wp-block-column is-vertically-aligned-center is-layout-flow wp-block-column-is-layout-flow\">\n<figure class=\"wp-block-video\"><video height=\"1080\" style=\"aspect-ratio: 1920 \/ 1080;\" width=\"1920\" autoplay=\"\" controls=\"\" loop=\"\" muted=\"\" src=\"https:\/\/evolve-fitness.eu\/wp-content\/uploads\/2023\/08\/EV-SC-UL-220Easy-Staart.mp4\"><\/video><\/figure>\n<\/div>\n\n\n\n<div class=\"wp-block-column is-vertically-aligned-center is-layout-flow wp-block-column-is-layout-flow\">\n<h3 class=\"wp-block-heading\" style=\"margin-bottom:var(--wp--preset--spacing--h-3-bottom)\"><strong><strong>Des poign\u00e9es optimales<\/strong><\/strong><\/h3>\n\n\n\n<p><strong><em><strong><em><strong><em><strong><em>Am\u00e9liorer l&rsquo;exp\u00e9rience de la remise en forme<\/em><\/strong><\/em><\/strong><\/em><\/strong><\/em><\/strong><\/p>\n\n\n\n<p style=\"margin-bottom:var(--wp--preset--spacing--tb-section-padding)\">Attirer et fid\u00e9liser les clients est essentiel pour tout propri\u00e9taire de salle de sport et g\u00e9rant d&rsquo;\u00e9tablissement de remise en forme. M\u00e9ticuleusement con\u00e7u pour le confort et la s\u00e9curit\u00e9, cet \u00e9quipement am\u00e9liore l&rsquo;exp\u00e9rience globale de l&rsquo;entra\u00eenement et favorise la confiance en soi \u00e0 chaque s\u00e9ance. Il aide les clients \u00e0 rester engag\u00e9s, motiv\u00e9s et concentr\u00e9s sur la r\u00e9alisation de leurs objectifs de remise en forme dans votre \u00e9tablissement.  <br\/><\/p>\n<\/div>\n<\/div>\n\n\n\n<div class=\"wp-block-columns alignwide are-vertically-aligned-center mobile-reverse is-layout-flex wp-container-core-columns-is-layout-e8158c2f wp-block-columns-is-layout-flex\" style=\"padding-top:var(--wp--preset--spacing--side-padding)\">\n<div class=\"wp-block-column is-vertically-aligned-center is-layout-flow wp-block-column-is-layout-flow\">\n<h3 class=\"wp-block-heading\" style=\"margin-bottom:var(--wp--preset--spacing--h-3-bottom)\"><strong>C\u00e2ble<\/strong><\/h3>\n\n\n\n<p><strong><em><strong><em>Qualit\u00e9 sup\u00e9rieure<\/em><\/strong><\/em><\/strong><\/p>\n\n\n\n<p style=\"margin-bottom:var(--wp--preset--spacing--tb-section-padding)\">Les machines Evolve Ultra Series utilisent des c\u00e2bles de qualit\u00e9 sup\u00e9rieure con\u00e7us pour offrir une r\u00e9sistance, une durabilit\u00e9 et des performances exceptionnelles. Chaque c\u00e2ble comporte six brins principaux, chaque brin \u00e9tant compos\u00e9 de 19 fils torsad\u00e9s, d&rsquo;un rev\u00eatement en polyamide 12 (PA12) et d&rsquo;un diam\u00e8tre de 5 mm. Avec une force de rupture de 9000 kN, ces c\u00e2bles sont con\u00e7us pour une fiabilit\u00e9 exceptionnelle dans les environnements commerciaux exigeants. Que vous fassiez des flexions de biceps, des pressions sur la poitrine, des tractions sur le dos ou d&rsquo;autres exercices de musculation, le syst\u00e8me de c\u00e2ble haute performance assure un mouvement fluide et une r\u00e9sistance constante pour une exp\u00e9rience d&rsquo;entra\u00eenement efficace, contr\u00f4l\u00e9e et confortable.<\/p>\n<\/div>\n\n\n\n<div class=\"wp-block-column is-vertically-aligned-center is-layout-flow wp-block-column-is-layout-flow\">\n<figure class=\"wp-block-video\"><video height=\"720\" style=\"aspect-ratio: 1280 \/ 720;\" width=\"1280\" autoplay=\"\" controls=\"\" loop=\"\" muted=\"\" src=\"https:\/\/evolve-fitness.eu\/wp-content\/uploads\/2023\/10\/Evolve-cable.mp4\"><\/video><\/figure>\n<\/div>\n<\/div>\n\n\n\n<div class=\"wp-block-columns alignwide are-vertically-aligned-center mobile-reverse is-layout-flex wp-container-core-columns-is-layout-e8158c2f wp-block-columns-is-layout-flex\" style=\"padding-top:var(--wp--preset--spacing--side-padding)\">\n<div class=\"wp-block-column is-vertically-aligned-center is-layout-flow wp-block-column-is-layout-flow\">\n<figure class=\"wp-block-video\"><video height=\"1080\" style=\"aspect-ratio: 1920 \/ 1080;\" width=\"1920\" autoplay=\"\" controls=\"\" loop=\"\" muted=\"\" src=\"https:\/\/evolve-fitness.eu\/wp-content\/uploads\/2023\/08\/UL-040-Weight-Stack.mp4\"><\/video><\/figure>\n<\/div>\n\n\n\n<div class=\"wp-block-column is-vertically-aligned-center is-layout-flow wp-block-column-is-layout-flow\">\n<h3 class=\"wp-block-heading\" style=\"margin-bottom:var(--wp--preset--spacing--h-3-bottom)\"><strong>Pile de poids<\/strong><\/h3>\n\n\n\n<p><strong><em><strong><em>Am\u00e9liorer l&rsquo;exp\u00e9rience de la remise en forme<\/em><\/strong><\/em><\/strong><\/p>\n\n\n\n<p style=\"margin-bottom:var(--wp--preset--spacing--tb-section-padding)\">L&rsquo;appareil Evolve Ultra Series Selectorized Biceps Curl est \u00e9quip\u00e9 d&rsquo;une pile de poids de 80 kg, avec la possibilit\u00e9 de passer \u00e0 142 kg pour les utilisateurs recherchant une plus grande intensit\u00e9 d&rsquo;entra\u00eenement. La pile de poids enti\u00e8rement ferm\u00e9e am\u00e9liore la s\u00e9curit\u00e9 pendant les s\u00e9ances d&rsquo;entra\u00eenement tout en ajoutant au design propre, moderne et professionnel de l&rsquo;appareil. <\/p>\n<\/div>\n<\/div>\n\n\n\n<div class=\"wp-block-columns alignwide are-vertically-aligned-center mobile-reverse is-layout-flex wp-container-core-columns-is-layout-e8158c2f wp-block-columns-is-layout-flex\" style=\"padding-top:var(--wp--preset--spacing--side-padding)\">\n<div class=\"wp-block-column is-vertically-aligned-center is-layout-flow wp-block-column-is-layout-flow\">\n<h3 class=\"wp-block-heading\" style=\"margin-bottom:var(--wp--preset--spacing--h-3-bottom)\"><strong>Durable et protecteur<\/strong><\/h3>\n\n\n\n<p><strong><em><strong><em>Rev\u00eatement par poudre \u00e9lectrostatique<\/em><\/strong><\/em><\/strong><\/p>\n\n\n\n<p style=\"margin-bottom:var(--wp--preset--spacing--tb-section-padding)\">Les appareils de musculation de la s\u00e9rie Evolve Ultra sont dot\u00e9s d&rsquo;un cadre noir perle mat \u00e0 rev\u00eatement en poudre \u00e9lectrostatique qui allie parfaitement style et fonctionnalit\u00e9. La finition mate raffin\u00e9e rehausse l&rsquo;aspect haut de gamme de l&rsquo;appareil, tandis que ses propri\u00e9t\u00e9s de r\u00e9sistance aux frottements, \u00e0 la corrosion et aux rayures garantissent une durabilit\u00e9 exceptionnelle et une fiabilit\u00e9 \u00e0 long terme dans les environnements de remise en forme exigeants. Boucliers de protection Les pieds en caoutchouc robustes des appareils de la s\u00e9rie Evolve Ultra font office de boucliers de protection et permettent d&rsquo;\u00e9viter d&rsquo;endommager les rev\u00eatements de sol pendant l&rsquo;utilisation. Con\u00e7us \u00e0 la fois pour la protection et la stabilit\u00e9, ces pieds en caoutchouc robustes prot\u00e8gent non seulement le sol, mais am\u00e9liorent \u00e9galement l&rsquo;\u00e9quilibre g\u00e9n\u00e9ral de la machine et son positionnement s\u00fbr.   <\/p>\n<\/div>\n\n\n\n<div class=\"wp-block-column is-vertically-aligned-center is-layout-flow wp-block-column-is-layout-flow\">\n<figure class=\"wp-block-video\"><video height=\"720\" style=\"aspect-ratio: 1280 \/ 720;\" width=\"1280\" autoplay=\"\" controls=\"\" loop=\"\" muted=\"\" src=\"https:\/\/evolve-fitness.eu\/wp-content\/uploads\/2023\/10\/Evolve-Double-powder-coated-Frame.mp4\"><\/video><\/figure>\n<\/div>\n<\/div>\n<\/section>\n\n<p>ype \/ pour choisir un bloc<\/p>\n","protected":false},"excerpt":{"rendered":"<p>L&rsquo;appareil Evolve Ultra Series Plate Loaded Selectorized Arm Curl &amp; Extension Machine (UL-440) combine deux exercices essentiels pour les bras &#8211; les curls de biceps et les extensions de triceps &#8211; en un seul appareil efficace. Son syst\u00e8me s\u00e9lectif \u00e0 plaques permet des r\u00e9glages rapides et pr\u00e9cis de la r\u00e9sistance, garantissant une activation musculaire contr\u00f4l\u00e9e et cibl\u00e9e. Les supports ergonomiques pour les bras et le positionnement des poign\u00e9es maintiennent un alignement optimal, am\u00e9liorant le confort et r\u00e9duisant les efforts inutiles. Construit en acier de qualit\u00e9 commerciale avec une finition haut de gamme, l&rsquo;UL-440 offre une durabilit\u00e9 et un mouvement guid\u00e9 en douceur adapt\u00e9 \u00e0 une utilisation de haute intensit\u00e9. Avec son encombrement r\u00e9duit et ses performances fiables, il constitue un choix id\u00e9al pour les environnements d&rsquo;entra\u00eenement professionnels \u00e0 la recherche d&rsquo;un \u00e9quipement polyvalent pour le haut du corps.    <\/p>\n","protected":false},"featured_media":214496,"template":"","meta":{"_acf_changed":false,"inline_featured_image":false},"product_brand":[],"product_cat":[2681,3841],"product_tag":[],"class_list":{"0":"post-214495","1":"product","2":"type-product","3":"status-publish","4":"has-post-thumbnail","6":"product_cat-machines-selectionnees","7":"product_cat-machines-selectorized-ultra-series","9":"first","10":"instock","11":"shipping-taxable","12":"purchasable","13":"product-type-simple"},"acf":{"long_title":"Evolve Ultra Series Selectorized Arm Curl & Extension Machine (UL-440)","subtitle":"","specifications":[{"label":"SKU","text_value":"EV-SC-UL-440","icon":"x"},{"label":"Dimensions","text_value":"1380 x 1207 x 1602 mm","icon":"x"},{"label":"Poids","text_value":"142 kg","icon":"x"},{"label":"Pile de poids","text_value":"80 kg","icon":"x"},{"label":"Max. Pile de poids","text_value":"117,5 kg","icon":"x"},{"label":"Epaisseur du cadre","text_value":"3 mm","icon":"x"},{"label":"Plaque de poids sup\u00e9rieure","text_value":"","icon":"v"},{"label":"Position d'entra\u00eenement r\u00e9glable","text_value":"","icon":"v"},{"label":"Goupille magn\u00e9tique d'empilage de poids","text_value":"","icon":"v"},{"label":"Placard avec instructions de formation","text_value":"","icon":"v"},{"label":"Pile de poids envelopp\u00e9e","text_value":"","icon":"v"},{"label":"Protecteurs de sol durables","text_value":"","icon":"v"},{"label":"Peinture anticorrosion","text_value":"","icon":"v"},{"label":"Rev\u00eatement \u00e9pais en cuir PU","text_value":"","icon":"v"},{"label":"C\u00e2ble en nylon","text_value":"2 ans","icon":"v"},{"label":"Poign\u00e9es antid\u00e9rapantes","text_value":"","icon":"v"},{"label":"Garantie","text_value":"2 ans","icon":"x"}],"product_frequently_asked_questions":null},"yoast_head":"<!-- This site is optimized with the Yoast SEO plugin v27.4 - https:\/\/yoast.com\/product\/yoast-seo-wordpress\/ -->\n<title>Evolve Ultra Series Selectorized Arm Curl &amp; Extension Machine (UL-440) - Evolve<\/title>\n<meta name=\"description\" content=\"L&#039;appareil Evolve Ultra Series Selectorized Arm Curl &amp; Extension Machine (UL-440), charg\u00e9 de plaques, combine deux exercices essentiels pour les bras.\" \/>\n<meta name=\"robots\" content=\"index, follow, max-snippet:-1, max-image-preview:large, max-video-preview:-1\" \/>\n<link rel=\"canonical\" href=\"https:\/\/evolve-fitness.eu\/fr\/produit\/evolve-ultra-series-selectorized-arm-curl-extension-machine-ul-440\/\" \/>\n<meta property=\"og:locale\" content=\"fr_FR\" \/>\n<meta property=\"og:type\" content=\"article\" \/>\n<meta property=\"og:title\" content=\"Evolve Ultra Series Selectorized Arm Curl &amp; Extension Machine (UL-440) - Evolve\" \/>\n<meta property=\"og:description\" content=\"L&#039;appareil Evolve Ultra Series Selectorized Arm Curl &amp; Extension Machine (UL-440), charg\u00e9 de plaques, combine deux exercices essentiels pour les bras.\" \/>\n<meta property=\"og:url\" content=\"https:\/\/evolve-fitness.eu\/fr\/produit\/evolve-ultra-series-selectorized-arm-curl-extension-machine-ul-440\/\" \/>\n<meta property=\"og:site_name\" content=\"Evolve\" \/>\n<meta property=\"article:publisher\" content=\"https:\/\/www.facebook.com\/EvolveFitnessEurope\" \/>\n<meta property=\"article:modified_time\" content=\"2026-03-26T09:50:50+00:00\" \/>\n<meta property=\"og:image\" content=\"https:\/\/evolve-fitness.eu\/wp-content\/uploads\/2025\/11\/EV-SC-UL-440-Evolve-Ultra-Series-Selectorized-Arm-Curl-and-Extension-Mac-3.png\" \/>\n\t<meta property=\"og:image:width\" content=\"1000\" \/>\n\t<meta property=\"og:image:height\" content=\"1000\" \/>\n\t<meta property=\"og:image:type\" content=\"image\/png\" \/>\n<meta name=\"twitter:card\" content=\"summary_large_image\" \/>\n<script type=\"application\/ld+json\" class=\"yoast-schema-graph\">{\"@context\":\"https:\\\/\\\/schema.org\",\"@graph\":[{\"@type\":\"WebPage\",\"@id\":\"https:\\\/\\\/evolve-fitness.eu\\\/fr\\\/produit\\\/evolve-ultra-series-selectorized-arm-curl-extension-machine-ul-440\\\/\",\"url\":\"https:\\\/\\\/evolve-fitness.eu\\\/fr\\\/produit\\\/evolve-ultra-series-selectorized-arm-curl-extension-machine-ul-440\\\/\",\"name\":\"Evolve Ultra Series Selectorized Arm Curl &amp; Extension Machine (UL-440) - Evolve\",\"isPartOf\":{\"@id\":\"https:\\\/\\\/evolve-fitness.eu\\\/fr\\\/#website\"},\"primaryImageOfPage\":{\"@id\":\"https:\\\/\\\/evolve-fitness.eu\\\/fr\\\/produit\\\/evolve-ultra-series-selectorized-arm-curl-extension-machine-ul-440\\\/#primaryimage\"},\"image\":{\"@id\":\"https:\\\/\\\/evolve-fitness.eu\\\/fr\\\/produit\\\/evolve-ultra-series-selectorized-arm-curl-extension-machine-ul-440\\\/#primaryimage\"},\"thumbnailUrl\":\"https:\\\/\\\/evolve-fitness.eu\\\/wp-content\\\/uploads\\\/2025\\\/11\\\/EV-SC-UL-440-Evolve-Ultra-Series-Selectorized-Arm-Curl-and-Extension-Mac-3.png\",\"datePublished\":\"2025-11-17T11:28:50+00:00\",\"dateModified\":\"2026-03-26T09:50:50+00:00\",\"description\":\"L'appareil Evolve Ultra Series Selectorized Arm Curl & Extension Machine (UL-440), charg\u00e9 de plaques, combine deux exercices essentiels pour les bras.\",\"breadcrumb\":{\"@id\":\"https:\\\/\\\/evolve-fitness.eu\\\/fr\\\/produit\\\/evolve-ultra-series-selectorized-arm-curl-extension-machine-ul-440\\\/#breadcrumb\"},\"inLanguage\":\"fr-FR\",\"potentialAction\":[{\"@type\":\"ReadAction\",\"target\":[\"https:\\\/\\\/evolve-fitness.eu\\\/fr\\\/produit\\\/evolve-ultra-series-selectorized-arm-curl-extension-machine-ul-440\\\/\"]}]},{\"@type\":\"ImageObject\",\"inLanguage\":\"fr-FR\",\"@id\":\"https:\\\/\\\/evolve-fitness.eu\\\/fr\\\/produit\\\/evolve-ultra-series-selectorized-arm-curl-extension-machine-ul-440\\\/#primaryimage\",\"url\":\"https:\\\/\\\/evolve-fitness.eu\\\/wp-content\\\/uploads\\\/2025\\\/11\\\/EV-SC-UL-440-Evolve-Ultra-Series-Selectorized-Arm-Curl-and-Extension-Mac-3.png\",\"contentUrl\":\"https:\\\/\\\/evolve-fitness.eu\\\/wp-content\\\/uploads\\\/2025\\\/11\\\/EV-SC-UL-440-Evolve-Ultra-Series-Selectorized-Arm-Curl-and-Extension-Mac-3.png\",\"width\":1000,\"height\":1000},{\"@type\":\"BreadcrumbList\",\"@id\":\"https:\\\/\\\/evolve-fitness.eu\\\/fr\\\/produit\\\/evolve-ultra-series-selectorized-arm-curl-extension-machine-ul-440\\\/#breadcrumb\",\"itemListElement\":[{\"@type\":\"ListItem\",\"position\":1,\"name\":\"Home\",\"item\":\"https:\\\/\\\/evolve-fitness.eu\\\/fr\\\/\"},{\"@type\":\"ListItem\",\"position\":2,\"name\":\"Produits\",\"item\":\"https:\\\/\\\/evolve-fitness.eu\\\/fr\\\/shop\\\/\"},{\"@type\":\"ListItem\",\"position\":3,\"name\":\"Evolve Ultra Series Selectorized Arm Curl &amp; Extension Machine (UL-440)\"}]},{\"@type\":\"WebSite\",\"@id\":\"https:\\\/\\\/evolve-fitness.eu\\\/fr\\\/#website\",\"url\":\"https:\\\/\\\/evolve-fitness.eu\\\/fr\\\/\",\"name\":\"Evolve\",\"description\":\"Your Evolved Gear Arrived\",\"publisher\":{\"@id\":\"https:\\\/\\\/evolve-fitness.eu\\\/fr\\\/#organization\"},\"potentialAction\":[{\"@type\":\"SearchAction\",\"target\":{\"@type\":\"EntryPoint\",\"urlTemplate\":\"https:\\\/\\\/evolve-fitness.eu\\\/fr\\\/?s={search_term_string}\"},\"query-input\":{\"@type\":\"PropertyValueSpecification\",\"valueRequired\":true,\"valueName\":\"search_term_string\"}}],\"inLanguage\":\"fr-FR\"},{\"@type\":\"Organization\",\"@id\":\"https:\\\/\\\/evolve-fitness.eu\\\/fr\\\/#organization\",\"name\":\"Evolve\",\"url\":\"https:\\\/\\\/evolve-fitness.eu\\\/fr\\\/\",\"logo\":{\"@type\":\"ImageObject\",\"inLanguage\":\"fr-FR\",\"@id\":\"https:\\\/\\\/evolve-fitness.eu\\\/fr\\\/#\\\/schema\\\/logo\\\/image\\\/\",\"url\":\"https:\\\/\\\/evolve-fitness.eu\\\/wp-content\\\/uploads\\\/2023\\\/05\\\/Evolve-logo.svg\",\"contentUrl\":\"https:\\\/\\\/evolve-fitness.eu\\\/wp-content\\\/uploads\\\/2023\\\/05\\\/Evolve-logo.svg\",\"width\":176,\"height\":20,\"caption\":\"Evolve\"},\"image\":{\"@id\":\"https:\\\/\\\/evolve-fitness.eu\\\/fr\\\/#\\\/schema\\\/logo\\\/image\\\/\"},\"sameAs\":[\"https:\\\/\\\/www.facebook.com\\\/EvolveFitnessEurope\"]}]}<\/script>\n<!-- \/ Yoast SEO plugin. -->","yoast_head_json":{"title":"Evolve Ultra Series Selectorized Arm Curl &amp; Extension Machine (UL-440) - Evolve","description":"L'appareil Evolve Ultra Series Selectorized Arm Curl & Extension Machine (UL-440), charg\u00e9 de plaques, combine deux exercices essentiels pour les bras.","robots":{"index":"index","follow":"follow","max-snippet":"max-snippet:-1","max-image-preview":"max-image-preview:large","max-video-preview":"max-video-preview:-1"},"canonical":"https:\/\/evolve-fitness.eu\/fr\/produit\/evolve-ultra-series-selectorized-arm-curl-extension-machine-ul-440\/","og_locale":"fr_FR","og_type":"article","og_title":"Evolve Ultra Series Selectorized Arm Curl &amp; Extension Machine (UL-440) - Evolve","og_description":"L'appareil Evolve Ultra Series Selectorized Arm Curl & Extension Machine (UL-440), charg\u00e9 de plaques, combine deux exercices essentiels pour les bras.","og_url":"https:\/\/evolve-fitness.eu\/fr\/produit\/evolve-ultra-series-selectorized-arm-curl-extension-machine-ul-440\/","og_site_name":"Evolve","article_publisher":"https:\/\/www.facebook.com\/EvolveFitnessEurope","article_modified_time":"2026-03-26T09:50:50+00:00","og_image":[{"width":1000,"height":1000,"url":"https:\/\/evolve-fitness.eu\/wp-content\/uploads\/2025\/11\/EV-SC-UL-440-Evolve-Ultra-Series-Selectorized-Arm-Curl-and-Extension-Mac-3.png","type":"image\/png"}],"twitter_card":"summary_large_image","schema":{"@context":"https:\/\/schema.org","@graph":[{"@type":"WebPage","@id":"https:\/\/evolve-fitness.eu\/fr\/produit\/evolve-ultra-series-selectorized-arm-curl-extension-machine-ul-440\/","url":"https:\/\/evolve-fitness.eu\/fr\/produit\/evolve-ultra-series-selectorized-arm-curl-extension-machine-ul-440\/","name":"Evolve Ultra Series Selectorized Arm Curl &amp; Extension Machine (UL-440) - Evolve","isPartOf":{"@id":"https:\/\/evolve-fitness.eu\/fr\/#website"},"primaryImageOfPage":{"@id":"https:\/\/evolve-fitness.eu\/fr\/produit\/evolve-ultra-series-selectorized-arm-curl-extension-machine-ul-440\/#primaryimage"},"image":{"@id":"https:\/\/evolve-fitness.eu\/fr\/produit\/evolve-ultra-series-selectorized-arm-curl-extension-machine-ul-440\/#primaryimage"},"thumbnailUrl":"https:\/\/evolve-fitness.eu\/wp-content\/uploads\/2025\/11\/EV-SC-UL-440-Evolve-Ultra-Series-Selectorized-Arm-Curl-and-Extension-Mac-3.png","datePublished":"2025-11-17T11:28:50+00:00","dateModified":"2026-03-26T09:50:50+00:00","description":"L'appareil Evolve Ultra Series Selectorized Arm Curl & Extension Machine (UL-440), charg\u00e9 de plaques, combine deux exercices essentiels pour les bras.","breadcrumb":{"@id":"https:\/\/evolve-fitness.eu\/fr\/produit\/evolve-ultra-series-selectorized-arm-curl-extension-machine-ul-440\/#breadcrumb"},"inLanguage":"fr-FR","potentialAction":[{"@type":"ReadAction","target":["https:\/\/evolve-fitness.eu\/fr\/produit\/evolve-ultra-series-selectorized-arm-curl-extension-machine-ul-440\/"]}]},{"@type":"ImageObject","inLanguage":"fr-FR","@id":"https:\/\/evolve-fitness.eu\/fr\/produit\/evolve-ultra-series-selectorized-arm-curl-extension-machine-ul-440\/#primaryimage","url":"https:\/\/evolve-fitness.eu\/wp-content\/uploads\/2025\/11\/EV-SC-UL-440-Evolve-Ultra-Series-Selectorized-Arm-Curl-and-Extension-Mac-3.png","contentUrl":"https:\/\/evolve-fitness.eu\/wp-content\/uploads\/2025\/11\/EV-SC-UL-440-Evolve-Ultra-Series-Selectorized-Arm-Curl-and-Extension-Mac-3.png","width":1000,"height":1000},{"@type":"BreadcrumbList","@id":"https:\/\/evolve-fitness.eu\/fr\/produit\/evolve-ultra-series-selectorized-arm-curl-extension-machine-ul-440\/#breadcrumb","itemListElement":[{"@type":"ListItem","position":1,"name":"Home","item":"https:\/\/evolve-fitness.eu\/fr\/"},{"@type":"ListItem","position":2,"name":"Produits","item":"https:\/\/evolve-fitness.eu\/fr\/shop\/"},{"@type":"ListItem","position":3,"name":"Evolve Ultra Series Selectorized Arm Curl &amp; Extension Machine (UL-440)"}]},{"@type":"WebSite","@id":"https:\/\/evolve-fitness.eu\/fr\/#website","url":"https:\/\/evolve-fitness.eu\/fr\/","name":"Evolve","description":"Your Evolved Gear Arrived","publisher":{"@id":"https:\/\/evolve-fitness.eu\/fr\/#organization"},"potentialAction":[{"@type":"SearchAction","target":{"@type":"EntryPoint","urlTemplate":"https:\/\/evolve-fitness.eu\/fr\/?s={search_term_string}"},"query-input":{"@type":"PropertyValueSpecification","valueRequired":true,"valueName":"search_term_string"}}],"inLanguage":"fr-FR"},{"@type":"Organization","@id":"https:\/\/evolve-fitness.eu\/fr\/#organization","name":"Evolve","url":"https:\/\/evolve-fitness.eu\/fr\/","logo":{"@type":"ImageObject","inLanguage":"fr-FR","@id":"https:\/\/evolve-fitness.eu\/fr\/#\/schema\/logo\/image\/","url":"https:\/\/evolve-fitness.eu\/wp-content\/uploads\/2023\/05\/Evolve-logo.svg","contentUrl":"https:\/\/evolve-fitness.eu\/wp-content\/uploads\/2023\/05\/Evolve-logo.svg","width":176,"height":20,"caption":"Evolve"},"image":{"@id":"https:\/\/evolve-fitness.eu\/fr\/#\/schema\/logo\/image\/"},"sameAs":["https:\/\/www.facebook.com\/EvolveFitnessEurope"]}]}},"_links":{"self":[{"href":"https:\/\/evolve-fitness.eu\/fr\/wp-json\/wp\/v2\/product\/214495","targetHints":{"allow":["GET"]}}],"collection":[{"href":"https:\/\/evolve-fitness.eu\/fr\/wp-json\/wp\/v2\/product"}],"about":[{"href":"https:\/\/evolve-fitness.eu\/fr\/wp-json\/wp\/v2\/types\/product"}],"wp:featuredmedia":[{"embeddable":true,"href":"https:\/\/evolve-fitness.eu\/fr\/wp-json\/wp\/v2\/media\/214496"}],"wp:attachment":[{"href":"https:\/\/evolve-fitness.eu\/fr\/wp-json\/wp\/v2\/media?parent=214495"}],"wp:term":[{"taxonomy":"product_brand","embeddable":true,"href":"https:\/\/evolve-fitness.eu\/fr\/wp-json\/wp\/v2\/product_brand?post=214495"},{"taxonomy":"product_cat","embeddable":true,"href":"https:\/\/evolve-fitness.eu\/fr\/wp-json\/wp\/v2\/product_cat?post=214495"},{"taxonomy":"product_tag","embeddable":true,"href":"https:\/\/evolve-fitness.eu\/fr\/wp-json\/wp\/v2\/product_tag?post=214495"}],"curies":[{"name":"wp","href":"https:\/\/api.w.org\/{rel}","templated":true}]}}