{"id":21617,"date":"2023-10-05T13:30:10","date_gmt":"2023-10-05T13:30:10","guid":{"rendered":"https:\/\/evolve-fitness.eu\/product\/plaques-de-poids-en-caoutchouc-evolve-1-25-25-kg\/"},"modified":"2024-11-04T13:31:21","modified_gmt":"2024-11-04T13:31:21","slug":"plaques-de-poids-en-caoutchouc-evolve-1-25-25-kg","status":"publish","type":"product","link":"https:\/\/evolve-fitness.eu\/fr\/produit\/plaques-de-poids-en-caoutchouc-evolve-1-25-25-kg\/","title":{"rendered":"Plaques de poids en caoutchouc Evolve 1.25-25 kg"},"content":{"rendered":"\n<section class=\"wp-block-group alignfull has-lightgray-background-color has-background is-layout-constrained wp-block-group-is-layout-constrained\">\n<div class=\"wp-block-columns alignwide is-layout-flex wp-container-core-columns-is-layout-2edb0647 wp-block-columns-is-layout-flex\" style=\"margin-top:0;margin-bottom:0\">\n<div class=\"wp-block-column is-layout-flow wp-block-column-is-layout-flow\" style=\"flex-basis:33.33%\"><\/div>\n\n\n\n<div class=\"wp-block-column is-layout-flow wp-block-column-is-layout-flow\" style=\"flex-basis:66.66%\"><\/div>\n<\/div>\n<\/section>\n\n<section class=\"wp-block-group alignfull black-content has-white-color has-darkgray-background-color has-text-color has-background is-layout-constrained wp-block-group-is-layout-constrained\" style=\"padding-top:var(--wp--preset--spacing--section-bottom);padding-bottom:var(--wp--preset--spacing--section-bottom)\">\n<div class=\"wp-block-columns alignwide is-layout-flex wp-container-core-columns-is-layout-c45ee707 wp-block-columns-is-layout-flex\" style=\"margin-bottom:var(--wp--preset--spacing--side-padding);padding-top:var(--wp--preset--spacing--side-padding)\">\n<div class=\"wp-block-column is-vertically-aligned-center is-layout-constrained wp-block-column-is-layout-constrained\">\n<h3 class=\"wp-block-heading\" style=\"margin-bottom:var(--wp--preset--spacing--h-3-bottom)\">LOGO ET INDICATION DU POIDS<\/h3>\n\n\n\n<p><strong><em><strong><em>Durabilit\u00e9 accrue<\/em><\/strong><\/em><\/strong><\/p>\n\n\n\n<p style=\"margin-bottom:var(--wp--preset--spacing--tb-section-padding)\">Notre logo et notre syst\u00e8me d&rsquo;indication du poids utilisent des num\u00e9ros de poids d\u00e9coup\u00e9s au laser, ce qui garantit un aspect impeccable, sans attelle. En outre, ces chiffres et ce logo sont impr\u00e9gn\u00e9s d&rsquo;ur\u00e9thane durable, garantissant des couleurs \u00e9clatantes qui ne s&rsquo;estomperont pas avec le temps. Choisissez-nous pour une durabilit\u00e9 et une clart\u00e9 in\u00e9gal\u00e9es dans vos besoins d&rsquo;indication de poids.<\/p>\n<\/div>\n\n\n\n<div class=\"wp-block-column is-vertically-aligned-center is-layout-flow wp-block-column-is-layout-flow\">\n<figure class=\"wp-block-video\"><video height=\"1080\" style=\"aspect-ratio: 1920 \/ 1080;\" width=\"1920\" autoplay=\"\" controls=\"\" loop=\"\" src=\"https:\/\/evolve-fitness.eu\/wp-content\/uploads\/2024\/01\/EV-WP-RB-Evolve.mp4\"><\/video><\/figure>\n<\/div>\n<\/div>\n\n\n\n<div class=\"wp-block-columns alignwide is-layout-flex wp-container-core-columns-is-layout-c45ee707 wp-block-columns-is-layout-flex\" style=\"margin-bottom:var(--wp--preset--spacing--side-padding);padding-top:var(--wp--preset--spacing--side-padding)\">\n<div class=\"wp-block-column is-vertically-aligned-center is-layout-flow wp-block-column-is-layout-flow\">\n<figure class=\"wp-block-image size-large\"><img loading=\"lazy\" decoding=\"async\" width=\"683\" height=\"1024\" src=\"https:\/\/evolve-fitness.eu\/wp-content\/uploads\/2024\/01\/EV-WP-RB-683x1024.jpg\" alt=\"EV-WP-RB\" class=\"wp-image-9815\" srcset=\"https:\/\/evolve-fitness.eu\/wp-content\/uploads\/2024\/01\/EV-WP-RB-683x1024.jpg 683w, https:\/\/evolve-fitness.eu\/wp-content\/uploads\/2024\/01\/EV-WP-RB-300x450.jpg 300w, https:\/\/evolve-fitness.eu\/wp-content\/uploads\/2024\/01\/EV-WP-RB-100x150.jpg 100w, https:\/\/evolve-fitness.eu\/wp-content\/uploads\/2024\/01\/EV-WP-RB-600x900.jpg 600w, https:\/\/evolve-fitness.eu\/wp-content\/uploads\/2024\/01\/EV-WP-RB-200x300.jpg 200w, https:\/\/evolve-fitness.eu\/wp-content\/uploads\/2024\/01\/EV-WP-RB-768x1152.jpg 768w, https:\/\/evolve-fitness.eu\/wp-content\/uploads\/2024\/01\/EV-WP-RB-1024x1536.jpg 1024w, https:\/\/evolve-fitness.eu\/wp-content\/uploads\/2024\/01\/EV-WP-RB.jpg 1280w\" sizes=\"auto, (max-width: 683px) 100vw, 683px\" \/><\/figure>\n<\/div>\n\n\n\n<div class=\"wp-block-column is-vertically-aligned-center is-layout-flow wp-block-column-is-layout-flow\">\n<h3 class=\"wp-block-heading\" style=\"margin-bottom:var(--wp--preset--spacing--h-3-bottom)\"><strong>FONCTIONNALIT\u00c9<\/strong><\/h3>\n\n\n\n<p><strong><em><strong>Durabilit\u00e9, s\u00e9curit\u00e9 et prise en main en une seule fois<\/strong><\/em><\/strong><\/p>\n\n\n\n<p>Con\u00e7ues dans un souci de fonctionnalit\u00e9 maximale, ces plaques d&rsquo;halt\u00e8res sont recouvertes d&rsquo;un caoutchouc durable qui prot\u00e8ge vos sols et votre \u00e9quipement des dommages potentiels tout en r\u00e9duisant au minimum le bruit de l&rsquo;entra\u00eenement. Leur surface textur\u00e9e offre un nettoyage facile, des propri\u00e9t\u00e9s antid\u00e9rapantes et une adh\u00e9rence exceptionnelle pour une manipulation s\u00fbre, garantissant votre s\u00e9curit\u00e9 m\u00eame lors des entra\u00eenements les plus intenses.<\/p>\n<\/div>\n<\/div>\n\n\n\n<div class=\"wp-block-columns alignwide is-layout-flex wp-container-core-columns-is-layout-c45ee707 wp-block-columns-is-layout-flex\" style=\"margin-bottom:var(--wp--preset--spacing--side-padding);padding-top:var(--wp--preset--spacing--side-padding)\">\n<div class=\"wp-block-column is-vertically-aligned-center is-layout-flow wp-block-column-is-layout-flow\">\n<h3 class=\"wp-block-heading\" style=\"margin-bottom:var(--wp--preset--spacing--h-3-bottom)\">r\u00e9glage de la r\u00e9sistance sans effort<\/h3>\n\n\n\n<p><em><strong>Fabrication de pr\u00e9cision<\/strong><\/em><\/p>\n\n\n\n<p>Fabriqu\u00e9es avec un manchon en acier inoxydable durable et un moulage de pr\u00e9cision, ces plaques garantissent un ajustement parfait sur toutes les barres olympiques. Le chargement et le d\u00e9chargement des poids est un jeu d&rsquo;enfant gr\u00e2ce aux embouts arrondis et ergonomiques. De plus, gr\u00e2ce aux trois poign\u00e9es pratiques et \u00e0 la texture antid\u00e9rapante en caoutchouc, vous garderez une prise s\u00fbre, m\u00eame lors des lev\u00e9es les plus difficiles. Am\u00e9liorez votre exp\u00e9rience d&rsquo;entra\u00eenement avec nos plaques de poids polyvalentes et faciles \u00e0 utiliser.<\/p>\n<\/div>\n\n\n\n<div class=\"wp-block-column is-vertically-aligned-center is-layout-flow wp-block-column-is-layout-flow\">\n<div class=\"wp-block-columns is-layout-flex wp-container-core-columns-is-layout-9d6595d7 wp-block-columns-is-layout-flex\">\n<div class=\"wp-block-column is-layout-flow wp-block-column-is-layout-flow\">\n<figure class=\"wp-block-video\"><video height=\"1080\" style=\"aspect-ratio: 1920 \/ 1080;\" width=\"1920\" autoplay=\"\" controls=\"\" loop=\"\" muted=\"\" src=\"https:\/\/evolve-fitness.eu\/wp-content\/uploads\/2024\/01\/EV-WP-RB-Cut.mp4\"><\/video><\/figure>\n<\/div>\n<\/div>\n<\/div>\n<\/div>\n<\/section>\n","protected":false},"excerpt":{"rendered":"<p>Am\u00e9liorez vos s\u00e9ances d&rsquo;entra\u00eenement avec les plaques de poids en caoutchouc Evolve<br \/>\nNos plaques de poids en caoutchouc Evolve sont le choix id\u00e9al pour les salles de sport professionnelles et les amateurs de fitness \u00e0 domicile. Fabriqu\u00e9es en caoutchouc de haute qualit\u00e9 et sans odeur, ces plaques sont dot\u00e9es de manchons en acier inoxydable inoxydables et sont disponibles en diff\u00e9rents poids, de 1,25 kg \u00e0 25 kg. Leur durabilit\u00e9 exceptionnelle, leur moulage de pr\u00e9cision et leur conception antid\u00e9rapante les rendent parfaits pour les s\u00e9ances d&rsquo;entra\u00eenement intenses. Facilement adaptables aux barres olympiques de 50 mm, ces plaques sont non seulement fonctionnelles mais aussi \u00e9l\u00e9gantes, avec des nombres de poids d\u00e9coup\u00e9s au laser et un logo audacieux. Am\u00e9liorez votre programme de remise en forme avec les plaques de poids Evolve d\u00e8s aujourd&rsquo;hui.<\/p>\n","protected":false},"featured_media":21632,"template":"","meta":{"_acf_changed":false,"inline_featured_image":false},"product_brand":[],"product_cat":[1452,1455],"product_tag":[],"class_list":{"0":"post-21617","1":"product","2":"type-product","3":"status-publish","4":"has-post-thumbnail","6":"product_cat-poids-libres","7":"product_cat-plaques-de-poids","9":"first","10":"instock","11":"shipping-taxable","12":"purchasable","13":"product-type-variable"},"acf":{"long_title":"Plaques de poids en caoutchouc Evolve 1.25-25 kg","subtitle":"","specifications":[{"label":"SKU","text_value":"EV-WP-RB","icon":"x"},{"label":"1,25 kg diam\u00e8tre\/\u00e9paisseur de la plaque","text_value":"160\/21 mm","icon":"x"},{"label":"1,25 kg diam\u00e8tre du plateau","text_value":"160 mm","icon":"x"},{"label":"1,25 kg \u00e9paisseur de la plaque","text_value":"21 mm","icon":"x"},{"label":"2,5 kg diam\u00e8tre du plateau","text_value":"200 mm","icon":"x"},{"label":"2,5 kg \u00e9paisseur de la plaque","text_value":"23 mm","icon":"x"},{"label":"5 kg diam\u00e8tre du plateau","text_value":"251 mm","icon":"x"},{"label":"5 kg \u00e9paisseur de la plaque","text_value":"31 mm","icon":"x"},{"label":"10 kg diam\u00e8tre du plateau","text_value":"318 mm","icon":"x"},{"label":"10 kg \u00e9paisseur de la plaque","text_value":"35 mm","icon":"x"},{"label":"15 kg diam\u00e8tre du plateau","text_value":"357 mm","icon":"x"},{"label":"15 kg \u00e9paisseur de la plaque","text_value":"41 mm","icon":"x"},{"label":"20 kg diam\u00e8tre du plateau","text_value":"397 mm","icon":"x"},{"label":"20 kg \u00e9paisseur de la plaque","text_value":"42 mm","icon":"x"},{"label":"25 kg diam\u00e8tre du plateau","text_value":"428 mm","icon":"x"},{"label":"25 kg \u00e9paisseur de la plaque","text_value":"43 mm","icon":"x"},{"label":"3 poign\u00e9es pour un chargement facile","text_value":"","icon":"v"},{"label":"Indication de poids en relief permanent","text_value":"","icon":"v"},{"label":"Rev\u00eatement en caoutchouc antid\u00e9rapant","text_value":"","icon":"v"},{"label":"Manchon en acier inoxydable avec pointes arrondies","text_value":"","icon":"v"},{"label":"Logo couleur du client","text_value":"","icon":"v"}]},"yoast_head":"<!-- This site is optimized with the Yoast SEO plugin v26.6 - https:\/\/yoast.com\/wordpress\/plugins\/seo\/ -->\n<title>Plaques de poids en caoutchouc Evolve 1.25-25 kg - Evolve<\/title>\n<meta name=\"robots\" content=\"index, follow, max-snippet:-1, max-image-preview:large, max-video-preview:-1\" \/>\n<link rel=\"canonical\" href=\"https:\/\/evolve-fitness.eu\/fr\/produit\/plaques-de-poids-en-caoutchouc-evolve-1-25-25-kg\/\" \/>\n<meta property=\"og:locale\" content=\"fr_FR\" \/>\n<meta property=\"og:type\" content=\"article\" \/>\n<meta property=\"og:title\" content=\"Plaques de poids en caoutchouc Evolve 1.25-25 kg - Evolve\" \/>\n<meta property=\"og:url\" content=\"https:\/\/evolve-fitness.eu\/fr\/produit\/plaques-de-poids-en-caoutchouc-evolve-1-25-25-kg\/\" \/>\n<meta property=\"og:site_name\" content=\"Evolve\" \/>\n<meta property=\"article:publisher\" content=\"https:\/\/www.facebook.com\/EvolveFitnessEurope\" \/>\n<meta property=\"article:modified_time\" content=\"2024-11-04T13:31:21+00:00\" \/>\n<meta property=\"og:image\" content=\"https:\/\/evolve-fitness.eu\/wp-content\/uploads\/2023\/10\/Dizainas-be-pavadinimo.png\" \/>\n\t<meta property=\"og:image:width\" content=\"680\" \/>\n\t<meta property=\"og:image:height\" content=\"600\" \/>\n\t<meta property=\"og:image:type\" content=\"image\/png\" \/>\n<meta name=\"twitter:card\" content=\"summary_large_image\" \/>\n<script type=\"application\/ld+json\" class=\"yoast-schema-graph\">{\"@context\":\"https:\/\/schema.org\",\"@graph\":[{\"@type\":\"WebPage\",\"@id\":\"https:\/\/evolve-fitness.eu\/fr\/produit\/plaques-de-poids-en-caoutchouc-evolve-1-25-25-kg\/\",\"url\":\"https:\/\/evolve-fitness.eu\/fr\/produit\/plaques-de-poids-en-caoutchouc-evolve-1-25-25-kg\/\",\"name\":\"Plaques de poids en caoutchouc Evolve 1.25-25 kg - Evolve\",\"isPartOf\":{\"@id\":\"https:\/\/evolve-fitness.eu\/fr\/#website\"},\"primaryImageOfPage\":{\"@id\":\"https:\/\/evolve-fitness.eu\/fr\/produit\/plaques-de-poids-en-caoutchouc-evolve-1-25-25-kg\/#primaryimage\"},\"image\":{\"@id\":\"https:\/\/evolve-fitness.eu\/fr\/produit\/plaques-de-poids-en-caoutchouc-evolve-1-25-25-kg\/#primaryimage\"},\"thumbnailUrl\":\"https:\/\/evolve-fitness.eu\/wp-content\/uploads\/2023\/10\/Dizainas-be-pavadinimo.png\",\"datePublished\":\"2023-10-05T13:30:10+00:00\",\"dateModified\":\"2024-11-04T13:31:21+00:00\",\"breadcrumb\":{\"@id\":\"https:\/\/evolve-fitness.eu\/fr\/produit\/plaques-de-poids-en-caoutchouc-evolve-1-25-25-kg\/#breadcrumb\"},\"inLanguage\":\"fr-FR\",\"potentialAction\":[{\"@type\":\"ReadAction\",\"target\":[\"https:\/\/evolve-fitness.eu\/fr\/produit\/plaques-de-poids-en-caoutchouc-evolve-1-25-25-kg\/\"]}]},{\"@type\":\"ImageObject\",\"inLanguage\":\"fr-FR\",\"@id\":\"https:\/\/evolve-fitness.eu\/fr\/produit\/plaques-de-poids-en-caoutchouc-evolve-1-25-25-kg\/#primaryimage\",\"url\":\"https:\/\/evolve-fitness.eu\/wp-content\/uploads\/2023\/10\/Dizainas-be-pavadinimo.png\",\"contentUrl\":\"https:\/\/evolve-fitness.eu\/wp-content\/uploads\/2023\/10\/Dizainas-be-pavadinimo.png\",\"width\":680,\"height\":600,\"caption\":\"EV-WP-RB\"},{\"@type\":\"BreadcrumbList\",\"@id\":\"https:\/\/evolve-fitness.eu\/fr\/produit\/plaques-de-poids-en-caoutchouc-evolve-1-25-25-kg\/#breadcrumb\",\"itemListElement\":[{\"@type\":\"ListItem\",\"position\":1,\"name\":\"Home\",\"item\":\"https:\/\/evolve-fitness.eu\/fr\/\"},{\"@type\":\"ListItem\",\"position\":2,\"name\":\"Produits\",\"item\":\"https:\/\/evolve-fitness.eu\/fr\/shop\/\"},{\"@type\":\"ListItem\",\"position\":3,\"name\":\"Plaques de poids en caoutchouc Evolve 1.25-25 kg\"}]},{\"@type\":\"WebSite\",\"@id\":\"https:\/\/evolve-fitness.eu\/fr\/#website\",\"url\":\"https:\/\/evolve-fitness.eu\/fr\/\",\"name\":\"Evolve\",\"description\":\"Your Evolved Gear Arrived\",\"publisher\":{\"@id\":\"https:\/\/evolve-fitness.eu\/fr\/#organization\"},\"potentialAction\":[{\"@type\":\"SearchAction\",\"target\":{\"@type\":\"EntryPoint\",\"urlTemplate\":\"https:\/\/evolve-fitness.eu\/fr\/?s={search_term_string}\"},\"query-input\":{\"@type\":\"PropertyValueSpecification\",\"valueRequired\":true,\"valueName\":\"search_term_string\"}}],\"inLanguage\":\"fr-FR\"},{\"@type\":\"Organization\",\"@id\":\"https:\/\/evolve-fitness.eu\/fr\/#organization\",\"name\":\"Evolve\",\"url\":\"https:\/\/evolve-fitness.eu\/fr\/\",\"logo\":{\"@type\":\"ImageObject\",\"inLanguage\":\"fr-FR\",\"@id\":\"https:\/\/evolve-fitness.eu\/fr\/#\/schema\/logo\/image\/\",\"url\":\"https:\/\/evolve-fitness.eu\/wp-content\/uploads\/2023\/05\/Evolve-logo.svg\",\"contentUrl\":\"https:\/\/evolve-fitness.eu\/wp-content\/uploads\/2023\/05\/Evolve-logo.svg\",\"width\":176,\"height\":20,\"caption\":\"Evolve\"},\"image\":{\"@id\":\"https:\/\/evolve-fitness.eu\/fr\/#\/schema\/logo\/image\/\"},\"sameAs\":[\"https:\/\/www.facebook.com\/EvolveFitnessEurope\"]}]}<\/script>\n<!-- \/ Yoast SEO plugin. -->","yoast_head_json":{"title":"Plaques de poids en caoutchouc Evolve 1.25-25 kg - Evolve","robots":{"index":"index","follow":"follow","max-snippet":"max-snippet:-1","max-image-preview":"max-image-preview:large","max-video-preview":"max-video-preview:-1"},"canonical":"https:\/\/evolve-fitness.eu\/fr\/produit\/plaques-de-poids-en-caoutchouc-evolve-1-25-25-kg\/","og_locale":"fr_FR","og_type":"article","og_title":"Plaques de poids en caoutchouc Evolve 1.25-25 kg - Evolve","og_url":"https:\/\/evolve-fitness.eu\/fr\/produit\/plaques-de-poids-en-caoutchouc-evolve-1-25-25-kg\/","og_site_name":"Evolve","article_publisher":"https:\/\/www.facebook.com\/EvolveFitnessEurope","article_modified_time":"2024-11-04T13:31:21+00:00","og_image":[{"width":680,"height":600,"url":"https:\/\/evolve-fitness.eu\/wp-content\/uploads\/2023\/10\/Dizainas-be-pavadinimo.png","type":"image\/png"}],"twitter_card":"summary_large_image","schema":{"@context":"https:\/\/schema.org","@graph":[{"@type":"WebPage","@id":"https:\/\/evolve-fitness.eu\/fr\/produit\/plaques-de-poids-en-caoutchouc-evolve-1-25-25-kg\/","url":"https:\/\/evolve-fitness.eu\/fr\/produit\/plaques-de-poids-en-caoutchouc-evolve-1-25-25-kg\/","name":"Plaques de poids en caoutchouc Evolve 1.25-25 kg - Evolve","isPartOf":{"@id":"https:\/\/evolve-fitness.eu\/fr\/#website"},"primaryImageOfPage":{"@id":"https:\/\/evolve-fitness.eu\/fr\/produit\/plaques-de-poids-en-caoutchouc-evolve-1-25-25-kg\/#primaryimage"},"image":{"@id":"https:\/\/evolve-fitness.eu\/fr\/produit\/plaques-de-poids-en-caoutchouc-evolve-1-25-25-kg\/#primaryimage"},"thumbnailUrl":"https:\/\/evolve-fitness.eu\/wp-content\/uploads\/2023\/10\/Dizainas-be-pavadinimo.png","datePublished":"2023-10-05T13:30:10+00:00","dateModified":"2024-11-04T13:31:21+00:00","breadcrumb":{"@id":"https:\/\/evolve-fitness.eu\/fr\/produit\/plaques-de-poids-en-caoutchouc-evolve-1-25-25-kg\/#breadcrumb"},"inLanguage":"fr-FR","potentialAction":[{"@type":"ReadAction","target":["https:\/\/evolve-fitness.eu\/fr\/produit\/plaques-de-poids-en-caoutchouc-evolve-1-25-25-kg\/"]}]},{"@type":"ImageObject","inLanguage":"fr-FR","@id":"https:\/\/evolve-fitness.eu\/fr\/produit\/plaques-de-poids-en-caoutchouc-evolve-1-25-25-kg\/#primaryimage","url":"https:\/\/evolve-fitness.eu\/wp-content\/uploads\/2023\/10\/Dizainas-be-pavadinimo.png","contentUrl":"https:\/\/evolve-fitness.eu\/wp-content\/uploads\/2023\/10\/Dizainas-be-pavadinimo.png","width":680,"height":600,"caption":"EV-WP-RB"},{"@type":"BreadcrumbList","@id":"https:\/\/evolve-fitness.eu\/fr\/produit\/plaques-de-poids-en-caoutchouc-evolve-1-25-25-kg\/#breadcrumb","itemListElement":[{"@type":"ListItem","position":1,"name":"Home","item":"https:\/\/evolve-fitness.eu\/fr\/"},{"@type":"ListItem","position":2,"name":"Produits","item":"https:\/\/evolve-fitness.eu\/fr\/shop\/"},{"@type":"ListItem","position":3,"name":"Plaques de poids en caoutchouc Evolve 1.25-25 kg"}]},{"@type":"WebSite","@id":"https:\/\/evolve-fitness.eu\/fr\/#website","url":"https:\/\/evolve-fitness.eu\/fr\/","name":"Evolve","description":"Your Evolved Gear Arrived","publisher":{"@id":"https:\/\/evolve-fitness.eu\/fr\/#organization"},"potentialAction":[{"@type":"SearchAction","target":{"@type":"EntryPoint","urlTemplate":"https:\/\/evolve-fitness.eu\/fr\/?s={search_term_string}"},"query-input":{"@type":"PropertyValueSpecification","valueRequired":true,"valueName":"search_term_string"}}],"inLanguage":"fr-FR"},{"@type":"Organization","@id":"https:\/\/evolve-fitness.eu\/fr\/#organization","name":"Evolve","url":"https:\/\/evolve-fitness.eu\/fr\/","logo":{"@type":"ImageObject","inLanguage":"fr-FR","@id":"https:\/\/evolve-fitness.eu\/fr\/#\/schema\/logo\/image\/","url":"https:\/\/evolve-fitness.eu\/wp-content\/uploads\/2023\/05\/Evolve-logo.svg","contentUrl":"https:\/\/evolve-fitness.eu\/wp-content\/uploads\/2023\/05\/Evolve-logo.svg","width":176,"height":20,"caption":"Evolve"},"image":{"@id":"https:\/\/evolve-fitness.eu\/fr\/#\/schema\/logo\/image\/"},"sameAs":["https:\/\/www.facebook.com\/EvolveFitnessEurope"]}]}},"_links":{"self":[{"href":"https:\/\/evolve-fitness.eu\/fr\/wp-json\/wp\/v2\/product\/21617","targetHints":{"allow":["GET"]}}],"collection":[{"href":"https:\/\/evolve-fitness.eu\/fr\/wp-json\/wp\/v2\/product"}],"about":[{"href":"https:\/\/evolve-fitness.eu\/fr\/wp-json\/wp\/v2\/types\/product"}],"wp:featuredmedia":[{"embeddable":true,"href":"https:\/\/evolve-fitness.eu\/fr\/wp-json\/wp\/v2\/media\/21632"}],"wp:attachment":[{"href":"https:\/\/evolve-fitness.eu\/fr\/wp-json\/wp\/v2\/media?parent=21617"}],"wp:term":[{"taxonomy":"product_brand","embeddable":true,"href":"https:\/\/evolve-fitness.eu\/fr\/wp-json\/wp\/v2\/product_brand?post=21617"},{"taxonomy":"product_cat","embeddable":true,"href":"https:\/\/evolve-fitness.eu\/fr\/wp-json\/wp\/v2\/product_cat?post=21617"},{"taxonomy":"product_tag","embeddable":true,"href":"https:\/\/evolve-fitness.eu\/fr\/wp-json\/wp\/v2\/product_tag?post=21617"}],"curies":[{"name":"wp","href":"https:\/\/api.w.org\/{rel}","templated":true}]}}