{"id":225967,"date":"2025-11-17T14:38:08","date_gmt":"2025-11-17T12:38:08","guid":{"rendered":"https:\/\/evolve-fitness.eu\/product\/evolve-ultra-series-selectorized-triceps-extension-ul-070\/"},"modified":"2026-03-27T09:11:50","modified_gmt":"2026-03-27T07:11:50","slug":"evolve-ultra-series-selectorized-triceps-extension-ul-070","status":"publish","type":"product","link":"https:\/\/evolve-fitness.eu\/fr\/produit\/evolve-ultra-series-selectorized-triceps-extension-ul-070\/","title":{"rendered":"Evolve Ultra Series Selectorized Triceps Extension (UL-070)"},"content":{"rendered":"\n<section class=\"wp-block-group alignfull black-content has-white-color has-darkgray-background-color has-text-color has-background is-layout-constrained wp-block-group-is-layout-constrained\" style=\"padding-top:var(--wp--preset--spacing--section-bottom);padding-bottom:var(--wp--preset--spacing--section-bottom)\">\n<div class=\"wp-block-columns alignwide mobile-reverse is-layout-flex wp-container-core-columns-is-layout-ca64bf2d wp-block-columns-is-layout-flex\" style=\"margin-bottom:var(--wp--preset--spacing--side-padding)\">\n<div class=\"wp-block-column is-vertically-aligned-center is-layout-flow wp-block-column-is-layout-flow\">\n<h3 class=\"wp-block-heading\" style=\"margin-bottom:var(--wp--preset--spacing--h-3-bottom)\">Evolve Ultra Series Selectorized Triceps Extension (UL-070)<\/h3>\n\n\n\n<p style=\"margin-bottom:var(--wp--preset--spacing--tb-section-padding)\">L&rsquo;Evolve Ultra Series Selectorized Triceps Extension (UL-070) est con\u00e7u pour un entra\u00eenement pr\u00e9cis et isol\u00e9 des triceps avec une pile de poids s\u00e9lectionn\u00e9s, lisses et r\u00e9glables. Ses supports de bras ergonomiques, le positionnement optimis\u00e9 des poign\u00e9es et la trajectoire de mouvement guid\u00e9e favorisent un alignement correct, une r\u00e9sistance coh\u00e9rente et une activation musculaire efficace sur toute l&rsquo;amplitude du mouvement. Construit en acier de qualit\u00e9 commerciale avec un rembourrage de premi\u00e8re qualit\u00e9, il offre une durabilit\u00e9, une stabilit\u00e9 et un confort durables pour les salles de sport professionnelles et les espaces de remise en forme haut de gamme \u00e0 domicile.  <\/p>\n<\/div>\n\n\n\n<div class=\"wp-block-column is-vertically-aligned-center is-layout-flow wp-block-column-is-layout-flow\">\n<figure class=\"wp-block-image size-full\"><img decoding=\"async\" src=\"https:\/\/store.evolve-fitness.eu\/wp-content\/uploads\/2025\/11\/EV-SC-UL-070-Evolve-Ultra-Series-Selectorized-Triceps-Extension-1.png\" alt=\"\" class=\"wp-image-147033\"\/><\/figure>\n<\/div>\n<\/div>\n\n\n\n<div class=\"wp-block-columns alignwide mobile-reverse is-layout-flex wp-container-core-columns-is-layout-ca64bf2d wp-block-columns-is-layout-flex\" style=\"margin-bottom:var(--wp--preset--spacing--side-padding)\">\n<div class=\"wp-block-column is-vertically-aligned-center is-layout-flow wp-block-column-is-layout-flow\">\n<figure class=\"wp-block-image size-large is-style-rounded\"><img loading=\"lazy\" decoding=\"async\" width=\"1024\" height=\"576\" src=\"https:\/\/evolve-fitness.eu\/wp-content\/uploads\/2023\/08\/Moulded-Seats-Precise-Seat-Adjustments-UL-010-1024x576.jpg\" alt=\"UL-010\" class=\"wp-image-9934\" srcset=\"https:\/\/evolve-fitness.eu\/wp-content\/uploads\/2023\/08\/Moulded-Seats-Precise-Seat-Adjustments-UL-010-1024x576.jpg 1024w, https:\/\/evolve-fitness.eu\/wp-content\/uploads\/2023\/08\/Moulded-Seats-Precise-Seat-Adjustments-UL-010-300x169.jpg 300w, https:\/\/evolve-fitness.eu\/wp-content\/uploads\/2023\/08\/Moulded-Seats-Precise-Seat-Adjustments-UL-010-267x150.jpg 267w, https:\/\/evolve-fitness.eu\/wp-content\/uploads\/2023\/08\/Moulded-Seats-Precise-Seat-Adjustments-UL-010-600x338.jpg 600w, https:\/\/evolve-fitness.eu\/wp-content\/uploads\/2023\/08\/Moulded-Seats-Precise-Seat-Adjustments-UL-010-150x84.jpg 150w, https:\/\/evolve-fitness.eu\/wp-content\/uploads\/2023\/08\/Moulded-Seats-Precise-Seat-Adjustments-UL-010-768x432.jpg 768w, https:\/\/evolve-fitness.eu\/wp-content\/uploads\/2023\/08\/Moulded-Seats-Precise-Seat-Adjustments-UL-010-1536x864.jpg 1536w, https:\/\/evolve-fitness.eu\/wp-content\/uploads\/2023\/08\/Moulded-Seats-Precise-Seat-Adjustments-UL-010.jpg 1920w\" sizes=\"auto, (max-width: 1024px) 100vw, 1024px\" \/><\/figure>\n<\/div>\n\n\n\n<div class=\"wp-block-column is-vertically-aligned-center is-layout-flow wp-block-column-is-layout-flow\">\n<h3 class=\"wp-block-heading\" style=\"margin-bottom:var(--wp--preset--spacing--h-3-bottom)\">Si\u00e8ges moul\u00e9s et r\u00e9glages pr\u00e9cis des si\u00e8ges<\/h3>\n\n\n\n<p><strong><em>Durabilit\u00e9 et confort exceptionnels<\/em><\/strong><\/p>\n\n\n\n<p style=\"margin-bottom:var(--wp--preset--spacing--tb-section-padding)\">Les si\u00e8ges en polyur\u00e9thane de la s\u00e9rie Evolve Ultra sont con\u00e7us avec une structure moul\u00e9e et un rembourrage \u00e0 double couture pour offrir une durabilit\u00e9 et un confort exceptionnels. Offrant un soutien ergonomique de la colonne vert\u00e9brale, un entretien facile et une surface d&rsquo;entra\u00eenement hygi\u00e9nique, ils sont con\u00e7us pour r\u00e9sister \u00e0 un entra\u00eenement de musculation intensif. Le si\u00e8ge \u00e0 assistance hydraulique peut \u00eatre r\u00e9gl\u00e9 d&rsquo;une seule main et offre 18 positions pour un confort optimal de l&rsquo;utilisateur et une efficacit\u00e9 de l&rsquo;entra\u00eenement.  <br\/><\/p>\n<\/div>\n<\/div>\n\n\n\n<div class=\"wp-block-columns alignwide mobile-reverse is-layout-flex wp-container-core-columns-is-layout-ca64bf2d wp-block-columns-is-layout-flex\" style=\"margin-bottom:var(--wp--preset--spacing--side-padding)\">\n<div class=\"wp-block-column is-vertically-aligned-center is-layout-flow wp-block-column-is-layout-flow\">\n<h3 class=\"wp-block-heading\" style=\"margin-bottom:var(--wp--preset--spacing--h-3-bottom)\">Empilement de 122,5 kg enti\u00e8rement car\u00e9n\u00e9<\/h3>\n\n\n\n<p style=\"margin-bottom:var(--wp--preset--spacing--tb-section-padding)\">L&rsquo;appareil Evolve Ultra Series Selectorized Triceps Extension a un poids total de 148 kg et est \u00e9quip\u00e9 d&rsquo;une pile de poids de 122,5 kg. Sa pile de poids enti\u00e8rement ferm\u00e9e am\u00e9liore la s\u00e9curit\u00e9 de l&rsquo;utilisateur pendant les s\u00e9ances d&rsquo;entra\u00eenement tout en contribuant \u00e0 la conception propre, durable et professionnelle de la machine. <br\/><\/p>\n<\/div>\n\n\n\n<div class=\"wp-block-column is-vertically-aligned-center is-layout-flow wp-block-column-is-layout-flow\">\n<figure class=\"wp-block-image size-full is-style-rounded\"><img loading=\"lazy\" decoding=\"async\" width=\"768\" height=\"779\" src=\"https:\/\/evolve-fitness.eu\/wp-content\/uploads\/2024\/01\/stack.webp\" alt=\"\" class=\"wp-image-9940\" srcset=\"https:\/\/evolve-fitness.eu\/wp-content\/uploads\/2024\/01\/stack.webp 768w, https:\/\/evolve-fitness.eu\/wp-content\/uploads\/2024\/01\/stack-300x304.webp 300w, https:\/\/evolve-fitness.eu\/wp-content\/uploads\/2024\/01\/stack-148x150.webp 148w, https:\/\/evolve-fitness.eu\/wp-content\/uploads\/2024\/01\/stack-600x609.webp 600w, https:\/\/evolve-fitness.eu\/wp-content\/uploads\/2024\/01\/stack-296x300.webp 296w\" sizes=\"auto, (max-width: 768px) 100vw, 768px\" \/><\/figure>\n<\/div>\n<\/div>\n\n\n\n<div class=\"wp-block-columns alignwide mobile-reverse is-layout-flex wp-container-core-columns-is-layout-ca64bf2d wp-block-columns-is-layout-flex\" style=\"margin-bottom:var(--wp--preset--spacing--side-padding)\">\n<div class=\"wp-block-column is-vertically-aligned-center is-layout-flow wp-block-column-is-layout-flow\">\n<figure class=\"wp-block-video\"><video height=\"720\" style=\"aspect-ratio: 1280 \/ 720;\" width=\"1280\" autoplay=\"\" controls=\"\" loop=\"\" muted=\"\" src=\"https:\/\/evolve-fitness.eu\/wp-content\/uploads\/2023\/10\/Evolve-cable.mp4\"><\/video><\/figure>\n<\/div>\n\n\n\n<div class=\"wp-block-column is-vertically-aligned-center is-layout-flow wp-block-column-is-layout-flow\">\n<h3 class=\"wp-block-heading\" style=\"margin-bottom:var(--wp--preset--spacing--h-3-bottom)\">C\u00e2ble<\/h3>\n\n\n\n<p>Qualit\u00e9 sup\u00e9rieure<\/p>\n\n\n\n<p style=\"margin-bottom:var(--wp--preset--spacing--tb-section-padding)\">Les machines Evolve Ultra Series utilisent des c\u00e2bles de qualit\u00e9 sup\u00e9rieure. Il y a six brins principaux, et chaque brin est compos\u00e9 de 19 fils torsad\u00e9s ensemble, en polyamide 12 (PA12), et d&rsquo;un diam\u00e8tre de 5 mm. Lorsque vous passez d&rsquo;un exercice \u00e0 l&rsquo;autre, qu&rsquo;il s&rsquo;agisse d&rsquo;une flexion des biceps, d&rsquo;un d\u00e9velopp\u00e9 couch\u00e9, d&rsquo;un d\u00e9velopp\u00e9 lat\u00e9ral ou de toute autre activit\u00e9 de musculation, les performances exceptionnelles des c\u00e2bles de la s\u00e9rie Evolve Ultra garantissent la fluidit\u00e9 des mouvements et la constance de la r\u00e9sistance, ce qui favorise une exp\u00e9rience d&rsquo;entra\u00eenement \u00e0 la fois efficace et agr\u00e9able.<\/p>\n<\/div>\n<\/div>\n\n\n\n<div class=\"wp-block-columns alignwide mobile-reverse is-layout-flex wp-container-core-columns-is-layout-ca64bf2d wp-block-columns-is-layout-flex\" style=\"margin-bottom:var(--wp--preset--spacing--side-padding)\">\n<div class=\"wp-block-column is-vertically-aligned-center is-layout-flow wp-block-column-is-layout-flow\">\n<h3 class=\"wp-block-heading\" style=\"margin-bottom:var(--wp--preset--spacing--h-3-bottom)\">Double rev\u00eatement en poudre<\/h3>\n\n\n\n<p><strong><em>Rev\u00eatement \u00e9lectrostatique par poudrage nacr\u00e9<\/em><\/strong><\/p>\n\n\n\n<p style=\"margin-bottom:var(--wp--preset--spacing--tb-section-padding)\">Les machines de musculation de la s\u00e9rie Evolve Ultra, dot\u00e9es d&rsquo;un cadre noir perle mat \u00e0 rev\u00eatement \u00e9lectrostatique par poudre, allient forme et fonction. Son attrait esth\u00e9tique est renforc\u00e9 par sa finition noire mate, tandis que ses caract\u00e9ristiques pratiques, notamment sa r\u00e9sistance au frottement, ses propri\u00e9t\u00e9s anticorrosion et sa r\u00e9sistance aux rayures, en font un compagnon de fitness fiable et durable.<\/p>\n<\/div>\n\n\n\n<div class=\"wp-block-column is-vertically-aligned-center is-layout-flow wp-block-column-is-layout-flow\">\n<figure class=\"wp-block-video\"><video height=\"720\" style=\"aspect-ratio: 1280 \/ 720;\" width=\"1280\" autoplay=\"\" controls=\"\" loop=\"\" muted=\"\" src=\"https:\/\/evolve-fitness.eu\/wp-content\/uploads\/2023\/10\/Evolve-Double-powder-coated-Frame.mp4\"><\/video><\/figure>\n<\/div>\n<\/div>\n<\/section>\n","protected":false},"excerpt":{"rendered":"<p>  L&rsquo;Evolve Ultra Series Selectorized Triceps Extension (UL-070) est con\u00e7u pour fournir une activation pr\u00e9cise et isol\u00e9e des triceps par le biais d&rsquo;un syst\u00e8me d&#8217;empilage de poids s\u00e9lectionn\u00e9 sans \u00e0-coups. Ses supports de bras ergonomiques et le positionnement optimis\u00e9 des poign\u00e9es garantissent un alignement correct, r\u00e9duisant les tensions tout en maximisant l&rsquo;engagement musculaire sur toute la plage d&rsquo;extension. Construit avec de l&rsquo;acier de qualit\u00e9 commerciale et des finitions haut de gamme, cet appareil offre des performances fiables et une grande durabilit\u00e9 dans les environnements d&rsquo;entra\u00eenement \u00e0 usage intensif. Sa conception compacte et peu encombrante en fait un compl\u00e9ment id\u00e9al pour les salles de sport commerciales et professionnelles \u00e0 domicile.  <\/p>\n","protected":false},"featured_media":225968,"template":"","meta":{"_acf_changed":false,"inline_featured_image":false},"product_brand":[],"product_cat":[2681,3841],"product_tag":[],"class_list":{"0":"post-225967","1":"product","2":"type-product","3":"status-publish","4":"has-post-thumbnail","6":"product_cat-machines-selectionnees","7":"product_cat-machines-selectorized-ultra-series","9":"first","10":"instock","11":"shipping-taxable","12":"purchasable","13":"product-type-simple"},"acf":{"long_title":"Evolve Ultra Series Selectorized Triceps Extension (UL-070)","subtitle":"","specifications":[{"label":"SKU","text_value":"EV-SC-UL-070","icon":"x"},{"label":"Dimensions","text_value":"1737 x 1270 x 1603 mm","icon":"x"},{"label":"Poids","text_value":"148 kg","icon":"x"},{"label":"Pile de poids","text_value":"122,5 kg","icon":"x"},{"label":"Max. Pile de poids","text_value":"117,5 kg","icon":"x"},{"label":"Plaque de poids sup\u00e9rieure","text_value":"2 x 2,5 kg","icon":"x"},{"label":"Epaisseur du cadre","text_value":"3 mm","icon":"x"},{"label":"Plaque de poids sup\u00e9rieure","text_value":"","icon":"v"},{"label":"Position d'entra\u00eenement r\u00e9glable","text_value":"","icon":"v"},{"label":"Goupille magn\u00e9tique d'empilage de poids  ","text_value":"","icon":"v"},{"label":"Placard avec instructions de formation  ","text_value":"","icon":"v"},{"label":"Pile de poids envelopp\u00e9e","text_value":"","icon":"v"},{"label":"Protecteurs de sol durables","text_value":"","icon":"v"},{"label":"Peinture anticorrosion","text_value":"","icon":"v"},{"label":"Rev\u00eatement \u00e9pais en cuir PU","text_value":"","icon":"v"},{"label":"C\u00e2ble en nylon  ","text_value":"","icon":"v"},{"label":"Poign\u00e9es antid\u00e9rapantes","text_value":"","icon":"v"},{"label":"Bouteille d'eau et \u00e9tui \u00e0 accessoires","text_value":"2 ans","icon":"v"},{"label":"Garantie","text_value":"2 ans","icon":"x"}]},"yoast_head":"<!-- This site is optimized with the Yoast SEO plugin v27.4 - https:\/\/yoast.com\/product\/yoast-seo-wordpress\/ -->\n<title>Evolve Ultra Series Selectorized Triceps Extension (UL-070) - Evolve<\/title>\n<meta name=\"description\" content=\"L&#039;Evolve Ultra Series Selectorized Triceps Extension (UL-070) est con\u00e7ue pour permettre une activation pr\u00e9cise et isol\u00e9e des triceps gr\u00e2ce aux \u00e9l\u00e9ments suivants\" \/>\n<meta name=\"robots\" content=\"index, follow, max-snippet:-1, max-image-preview:large, max-video-preview:-1\" \/>\n<link rel=\"canonical\" href=\"https:\/\/evolve-fitness.eu\/fr\/produit\/evolve-ultra-series-selectorized-triceps-extension-ul-070\/\" \/>\n<meta property=\"og:locale\" content=\"fr_FR\" \/>\n<meta property=\"og:type\" content=\"article\" \/>\n<meta property=\"og:title\" content=\"Evolve Ultra Series Selectorized Triceps Extension (UL-070) - Evolve\" \/>\n<meta property=\"og:description\" content=\"L&#039;Evolve Ultra Series Selectorized Triceps Extension (UL-070) est con\u00e7ue pour permettre une activation pr\u00e9cise et isol\u00e9e des triceps gr\u00e2ce aux \u00e9l\u00e9ments suivants\" \/>\n<meta property=\"og:url\" content=\"https:\/\/evolve-fitness.eu\/fr\/produit\/evolve-ultra-series-selectorized-triceps-extension-ul-070\/\" \/>\n<meta property=\"og:site_name\" content=\"Evolve\" \/>\n<meta property=\"article:publisher\" content=\"https:\/\/www.facebook.com\/EvolveFitnessEurope\" \/>\n<meta property=\"article:modified_time\" content=\"2026-03-27T07:11:50+00:00\" \/>\n<meta property=\"og:image\" content=\"https:\/\/evolve-fitness.eu\/wp-content\/uploads\/2025\/11\/EV-SC-UL-070-Evolve-Ultra-Series-Selectorized-Triceps-Extension-1.png\" \/>\n\t<meta property=\"og:image:width\" content=\"1000\" \/>\n\t<meta property=\"og:image:height\" content=\"1000\" \/>\n\t<meta property=\"og:image:type\" content=\"image\/png\" \/>\n<meta name=\"twitter:card\" content=\"summary_large_image\" \/>\n<script type=\"application\/ld+json\" class=\"yoast-schema-graph\">{\"@context\":\"https:\\\/\\\/schema.org\",\"@graph\":[{\"@type\":\"WebPage\",\"@id\":\"https:\\\/\\\/evolve-fitness.eu\\\/fr\\\/produit\\\/evolve-ultra-series-selectorized-triceps-extension-ul-070\\\/\",\"url\":\"https:\\\/\\\/evolve-fitness.eu\\\/fr\\\/produit\\\/evolve-ultra-series-selectorized-triceps-extension-ul-070\\\/\",\"name\":\"Evolve Ultra Series Selectorized Triceps Extension (UL-070) - Evolve\",\"isPartOf\":{\"@id\":\"https:\\\/\\\/evolve-fitness.eu\\\/fr\\\/#website\"},\"primaryImageOfPage\":{\"@id\":\"https:\\\/\\\/evolve-fitness.eu\\\/fr\\\/produit\\\/evolve-ultra-series-selectorized-triceps-extension-ul-070\\\/#primaryimage\"},\"image\":{\"@id\":\"https:\\\/\\\/evolve-fitness.eu\\\/fr\\\/produit\\\/evolve-ultra-series-selectorized-triceps-extension-ul-070\\\/#primaryimage\"},\"thumbnailUrl\":\"https:\\\/\\\/evolve-fitness.eu\\\/wp-content\\\/uploads\\\/2025\\\/11\\\/EV-SC-UL-070-Evolve-Ultra-Series-Selectorized-Triceps-Extension-1.png\",\"datePublished\":\"2025-11-17T12:38:08+00:00\",\"dateModified\":\"2026-03-27T07:11:50+00:00\",\"description\":\"L'Evolve Ultra Series Selectorized Triceps Extension (UL-070) est con\u00e7ue pour permettre une activation pr\u00e9cise et isol\u00e9e des triceps gr\u00e2ce aux \u00e9l\u00e9ments suivants\",\"breadcrumb\":{\"@id\":\"https:\\\/\\\/evolve-fitness.eu\\\/fr\\\/produit\\\/evolve-ultra-series-selectorized-triceps-extension-ul-070\\\/#breadcrumb\"},\"inLanguage\":\"fr-FR\",\"potentialAction\":[{\"@type\":\"ReadAction\",\"target\":[\"https:\\\/\\\/evolve-fitness.eu\\\/fr\\\/produit\\\/evolve-ultra-series-selectorized-triceps-extension-ul-070\\\/\"]}]},{\"@type\":\"ImageObject\",\"inLanguage\":\"fr-FR\",\"@id\":\"https:\\\/\\\/evolve-fitness.eu\\\/fr\\\/produit\\\/evolve-ultra-series-selectorized-triceps-extension-ul-070\\\/#primaryimage\",\"url\":\"https:\\\/\\\/evolve-fitness.eu\\\/wp-content\\\/uploads\\\/2025\\\/11\\\/EV-SC-UL-070-Evolve-Ultra-Series-Selectorized-Triceps-Extension-1.png\",\"contentUrl\":\"https:\\\/\\\/evolve-fitness.eu\\\/wp-content\\\/uploads\\\/2025\\\/11\\\/EV-SC-UL-070-Evolve-Ultra-Series-Selectorized-Triceps-Extension-1.png\",\"width\":1000,\"height\":1000},{\"@type\":\"BreadcrumbList\",\"@id\":\"https:\\\/\\\/evolve-fitness.eu\\\/fr\\\/produit\\\/evolve-ultra-series-selectorized-triceps-extension-ul-070\\\/#breadcrumb\",\"itemListElement\":[{\"@type\":\"ListItem\",\"position\":1,\"name\":\"Home\",\"item\":\"https:\\\/\\\/evolve-fitness.eu\\\/fr\\\/\"},{\"@type\":\"ListItem\",\"position\":2,\"name\":\"Produits\",\"item\":\"https:\\\/\\\/evolve-fitness.eu\\\/fr\\\/shop\\\/\"},{\"@type\":\"ListItem\",\"position\":3,\"name\":\"Evolve Ultra Series Selectorized Triceps Extension (UL-070)\"}]},{\"@type\":\"WebSite\",\"@id\":\"https:\\\/\\\/evolve-fitness.eu\\\/fr\\\/#website\",\"url\":\"https:\\\/\\\/evolve-fitness.eu\\\/fr\\\/\",\"name\":\"Evolve\",\"description\":\"Your Evolved Gear Arrived\",\"publisher\":{\"@id\":\"https:\\\/\\\/evolve-fitness.eu\\\/fr\\\/#organization\"},\"potentialAction\":[{\"@type\":\"SearchAction\",\"target\":{\"@type\":\"EntryPoint\",\"urlTemplate\":\"https:\\\/\\\/evolve-fitness.eu\\\/fr\\\/?s={search_term_string}\"},\"query-input\":{\"@type\":\"PropertyValueSpecification\",\"valueRequired\":true,\"valueName\":\"search_term_string\"}}],\"inLanguage\":\"fr-FR\"},{\"@type\":\"Organization\",\"@id\":\"https:\\\/\\\/evolve-fitness.eu\\\/fr\\\/#organization\",\"name\":\"Evolve\",\"url\":\"https:\\\/\\\/evolve-fitness.eu\\\/fr\\\/\",\"logo\":{\"@type\":\"ImageObject\",\"inLanguage\":\"fr-FR\",\"@id\":\"https:\\\/\\\/evolve-fitness.eu\\\/fr\\\/#\\\/schema\\\/logo\\\/image\\\/\",\"url\":\"https:\\\/\\\/evolve-fitness.eu\\\/wp-content\\\/uploads\\\/2023\\\/05\\\/Evolve-logo.svg\",\"contentUrl\":\"https:\\\/\\\/evolve-fitness.eu\\\/wp-content\\\/uploads\\\/2023\\\/05\\\/Evolve-logo.svg\",\"width\":176,\"height\":20,\"caption\":\"Evolve\"},\"image\":{\"@id\":\"https:\\\/\\\/evolve-fitness.eu\\\/fr\\\/#\\\/schema\\\/logo\\\/image\\\/\"},\"sameAs\":[\"https:\\\/\\\/www.facebook.com\\\/EvolveFitnessEurope\"]}]}<\/script>\n<!-- \/ Yoast SEO plugin. -->","yoast_head_json":{"title":"Evolve Ultra Series Selectorized Triceps Extension (UL-070) - Evolve","description":"L'Evolve Ultra Series Selectorized Triceps Extension (UL-070) est con\u00e7ue pour permettre une activation pr\u00e9cise et isol\u00e9e des triceps gr\u00e2ce aux \u00e9l\u00e9ments suivants","robots":{"index":"index","follow":"follow","max-snippet":"max-snippet:-1","max-image-preview":"max-image-preview:large","max-video-preview":"max-video-preview:-1"},"canonical":"https:\/\/evolve-fitness.eu\/fr\/produit\/evolve-ultra-series-selectorized-triceps-extension-ul-070\/","og_locale":"fr_FR","og_type":"article","og_title":"Evolve Ultra Series Selectorized Triceps Extension (UL-070) - Evolve","og_description":"L'Evolve Ultra Series Selectorized Triceps Extension (UL-070) est con\u00e7ue pour permettre une activation pr\u00e9cise et isol\u00e9e des triceps gr\u00e2ce aux \u00e9l\u00e9ments suivants","og_url":"https:\/\/evolve-fitness.eu\/fr\/produit\/evolve-ultra-series-selectorized-triceps-extension-ul-070\/","og_site_name":"Evolve","article_publisher":"https:\/\/www.facebook.com\/EvolveFitnessEurope","article_modified_time":"2026-03-27T07:11:50+00:00","og_image":[{"width":1000,"height":1000,"url":"https:\/\/evolve-fitness.eu\/wp-content\/uploads\/2025\/11\/EV-SC-UL-070-Evolve-Ultra-Series-Selectorized-Triceps-Extension-1.png","type":"image\/png"}],"twitter_card":"summary_large_image","schema":{"@context":"https:\/\/schema.org","@graph":[{"@type":"WebPage","@id":"https:\/\/evolve-fitness.eu\/fr\/produit\/evolve-ultra-series-selectorized-triceps-extension-ul-070\/","url":"https:\/\/evolve-fitness.eu\/fr\/produit\/evolve-ultra-series-selectorized-triceps-extension-ul-070\/","name":"Evolve Ultra Series Selectorized Triceps Extension (UL-070) - Evolve","isPartOf":{"@id":"https:\/\/evolve-fitness.eu\/fr\/#website"},"primaryImageOfPage":{"@id":"https:\/\/evolve-fitness.eu\/fr\/produit\/evolve-ultra-series-selectorized-triceps-extension-ul-070\/#primaryimage"},"image":{"@id":"https:\/\/evolve-fitness.eu\/fr\/produit\/evolve-ultra-series-selectorized-triceps-extension-ul-070\/#primaryimage"},"thumbnailUrl":"https:\/\/evolve-fitness.eu\/wp-content\/uploads\/2025\/11\/EV-SC-UL-070-Evolve-Ultra-Series-Selectorized-Triceps-Extension-1.png","datePublished":"2025-11-17T12:38:08+00:00","dateModified":"2026-03-27T07:11:50+00:00","description":"L'Evolve Ultra Series Selectorized Triceps Extension (UL-070) est con\u00e7ue pour permettre une activation pr\u00e9cise et isol\u00e9e des triceps gr\u00e2ce aux \u00e9l\u00e9ments suivants","breadcrumb":{"@id":"https:\/\/evolve-fitness.eu\/fr\/produit\/evolve-ultra-series-selectorized-triceps-extension-ul-070\/#breadcrumb"},"inLanguage":"fr-FR","potentialAction":[{"@type":"ReadAction","target":["https:\/\/evolve-fitness.eu\/fr\/produit\/evolve-ultra-series-selectorized-triceps-extension-ul-070\/"]}]},{"@type":"ImageObject","inLanguage":"fr-FR","@id":"https:\/\/evolve-fitness.eu\/fr\/produit\/evolve-ultra-series-selectorized-triceps-extension-ul-070\/#primaryimage","url":"https:\/\/evolve-fitness.eu\/wp-content\/uploads\/2025\/11\/EV-SC-UL-070-Evolve-Ultra-Series-Selectorized-Triceps-Extension-1.png","contentUrl":"https:\/\/evolve-fitness.eu\/wp-content\/uploads\/2025\/11\/EV-SC-UL-070-Evolve-Ultra-Series-Selectorized-Triceps-Extension-1.png","width":1000,"height":1000},{"@type":"BreadcrumbList","@id":"https:\/\/evolve-fitness.eu\/fr\/produit\/evolve-ultra-series-selectorized-triceps-extension-ul-070\/#breadcrumb","itemListElement":[{"@type":"ListItem","position":1,"name":"Home","item":"https:\/\/evolve-fitness.eu\/fr\/"},{"@type":"ListItem","position":2,"name":"Produits","item":"https:\/\/evolve-fitness.eu\/fr\/shop\/"},{"@type":"ListItem","position":3,"name":"Evolve Ultra Series Selectorized Triceps Extension (UL-070)"}]},{"@type":"WebSite","@id":"https:\/\/evolve-fitness.eu\/fr\/#website","url":"https:\/\/evolve-fitness.eu\/fr\/","name":"Evolve","description":"Your Evolved Gear Arrived","publisher":{"@id":"https:\/\/evolve-fitness.eu\/fr\/#organization"},"potentialAction":[{"@type":"SearchAction","target":{"@type":"EntryPoint","urlTemplate":"https:\/\/evolve-fitness.eu\/fr\/?s={search_term_string}"},"query-input":{"@type":"PropertyValueSpecification","valueRequired":true,"valueName":"search_term_string"}}],"inLanguage":"fr-FR"},{"@type":"Organization","@id":"https:\/\/evolve-fitness.eu\/fr\/#organization","name":"Evolve","url":"https:\/\/evolve-fitness.eu\/fr\/","logo":{"@type":"ImageObject","inLanguage":"fr-FR","@id":"https:\/\/evolve-fitness.eu\/fr\/#\/schema\/logo\/image\/","url":"https:\/\/evolve-fitness.eu\/wp-content\/uploads\/2023\/05\/Evolve-logo.svg","contentUrl":"https:\/\/evolve-fitness.eu\/wp-content\/uploads\/2023\/05\/Evolve-logo.svg","width":176,"height":20,"caption":"Evolve"},"image":{"@id":"https:\/\/evolve-fitness.eu\/fr\/#\/schema\/logo\/image\/"},"sameAs":["https:\/\/www.facebook.com\/EvolveFitnessEurope"]}]}},"_links":{"self":[{"href":"https:\/\/evolve-fitness.eu\/fr\/wp-json\/wp\/v2\/product\/225967","targetHints":{"allow":["GET"]}}],"collection":[{"href":"https:\/\/evolve-fitness.eu\/fr\/wp-json\/wp\/v2\/product"}],"about":[{"href":"https:\/\/evolve-fitness.eu\/fr\/wp-json\/wp\/v2\/types\/product"}],"wp:featuredmedia":[{"embeddable":true,"href":"https:\/\/evolve-fitness.eu\/fr\/wp-json\/wp\/v2\/media\/225968"}],"wp:attachment":[{"href":"https:\/\/evolve-fitness.eu\/fr\/wp-json\/wp\/v2\/media?parent=225967"}],"wp:term":[{"taxonomy":"product_brand","embeddable":true,"href":"https:\/\/evolve-fitness.eu\/fr\/wp-json\/wp\/v2\/product_brand?post=225967"},{"taxonomy":"product_cat","embeddable":true,"href":"https:\/\/evolve-fitness.eu\/fr\/wp-json\/wp\/v2\/product_cat?post=225967"},{"taxonomy":"product_tag","embeddable":true,"href":"https:\/\/evolve-fitness.eu\/fr\/wp-json\/wp\/v2\/product_tag?post=225967"}],"curies":[{"name":"wp","href":"https:\/\/api.w.org\/{rel}","templated":true}]}}