{"id":225984,"date":"2025-08-22T07:46:41","date_gmt":"2025-08-22T07:46:41","guid":{"rendered":"https:\/\/evolve-fitness.eu\/product\/machine-dextension-dorsale-evolve-ultra-series-selectorized\/"},"modified":"2026-03-26T11:38:12","modified_gmt":"2026-03-26T09:38:12","slug":"machine-dextension-dorsale-evolve-ultra-series-selectorized","status":"publish","type":"product","link":"https:\/\/evolve-fitness.eu\/fr\/produit\/machine-dextension-dorsale-evolve-ultra-series-selectorized\/","title":{"rendered":"Evolve Ultra Series Selectorized Back Extension Machine (UL-400)"},"content":{"rendered":"\n<section class=\"wp-block-group alignfull has-lightgray-background-color has-background is-layout-constrained wp-block-group-is-layout-constrained\">\n<div class=\"wp-block-columns alignwide is-layout-flex wp-container-core-columns-is-layout-2edb0647 wp-block-columns-is-layout-flex\" style=\"margin-top:0;margin-bottom:0\">\n<div class=\"wp-block-column is-layout-flow wp-block-column-is-layout-flow\" style=\"flex-basis:33.33%\"><\/div>\n\n\n\n<div class=\"wp-block-column is-layout-flow wp-block-column-is-layout-flow\" style=\"flex-basis:66.66%\"><\/div>\n<\/div>\n<\/section>\n\n<section class=\"wp-block-group alignfull black-content has-white-color has-darkgray-background-color has-text-color has-background is-layout-constrained wp-block-group-is-layout-constrained\" style=\"padding-top:var(--wp--preset--spacing--section-bottom);padding-bottom:var(--wp--preset--spacing--section-bottom)\">\n<div class=\"wp-block-columns alignwide mobile-reverse is-layout-flex wp-container-core-columns-is-layout-ca64bf2d wp-block-columns-is-layout-flex\" style=\"margin-bottom:var(--wp--preset--spacing--side-padding)\">\n<div class=\"wp-block-column is-vertically-aligned-center is-layout-flow wp-block-column-is-layout-flow\">\n<h3 class=\"wp-block-heading\" style=\"margin-bottom:var(--wp--preset--spacing--h-3-bottom)\"><strong>L&rsquo;AVENIR DE L&rsquo;ENTRA\u00ceNEMENT MUSCULAIRE<\/strong><\/h3>\n\n\n\n<p style=\"margin-bottom:var(--wp--preset--spacing--tb-section-padding)\">L&rsquo;Evolve Ultra Series Selectorized Back Extension Machine est un appareil de musculation haut de gamme con\u00e7u pour l&rsquo;entra\u00eenement cibl\u00e9 du bas du dos, des fessiers et de la ceinture abdominale. Son syst\u00e8me d&#8217;empilage s\u00e9lectif des poids permet des mouvements pr\u00e9cis et contr\u00f4l\u00e9s, aidant les utilisateurs \u00e0 activer efficacement les \u00e9recteurs de la colonne vert\u00e9brale, \u00e0 am\u00e9liorer la posture et \u00e0 renforcer l&rsquo;ensemble de la cha\u00eene post\u00e9rieure. Construit avec un cadre en acier renforc\u00e9, un rembourrage ergonomique et des composants s\u00e9lectionn\u00e9s de haute qualit\u00e9, cet appareil d&rsquo;extension dorsale offre une durabilit\u00e9, un confort et des performances fiables pour les salles de sport professionnelles et les centres de remise en forme.  <br\/><\/p>\n<\/div>\n\n\n\n<div class=\"wp-block-column is-vertically-aligned-center is-layout-flow wp-block-column-is-layout-flow\">\n<figure class=\"wp-block-image size-full is-style-rounded\"><img loading=\"lazy\" decoding=\"async\" width=\"1024\" height=\"1024\" src=\"https:\/\/evolve-fitness.eu\/wp-content\/uploads\/2025\/08\/EV-SC-UL-400-Evolve-Ultra-Series-Back-Extension-1024x1024-1.webp\" alt=\"\" class=\"wp-image-226081\" srcset=\"https:\/\/evolve-fitness.eu\/wp-content\/uploads\/2025\/08\/EV-SC-UL-400-Evolve-Ultra-Series-Back-Extension-1024x1024-1.webp 1024w, https:\/\/evolve-fitness.eu\/wp-content\/uploads\/2025\/08\/EV-SC-UL-400-Evolve-Ultra-Series-Back-Extension-1024x1024-1-300x300.webp 300w, https:\/\/evolve-fitness.eu\/wp-content\/uploads\/2025\/08\/EV-SC-UL-400-Evolve-Ultra-Series-Back-Extension-1024x1024-1-150x150.webp 150w, https:\/\/evolve-fitness.eu\/wp-content\/uploads\/2025\/08\/EV-SC-UL-400-Evolve-Ultra-Series-Back-Extension-1024x1024-1-768x768.webp 768w, https:\/\/evolve-fitness.eu\/wp-content\/uploads\/2025\/08\/EV-SC-UL-400-Evolve-Ultra-Series-Back-Extension-1024x1024-1-600x600.webp 600w\" sizes=\"auto, (max-width: 1024px) 100vw, 1024px\" \/><\/figure>\n<\/div>\n<\/div>\n\n\n\n<div class=\"wp-block-columns alignwide mobile-reverse is-layout-flex wp-container-core-columns-is-layout-ca64bf2d wp-block-columns-is-layout-flex\" style=\"margin-bottom:var(--wp--preset--spacing--side-padding)\">\n<div class=\"wp-block-column is-vertically-aligned-center is-layout-flow wp-block-column-is-layout-flow\">\n<figure class=\"wp-block-image size-full is-style-rounded\"><img loading=\"lazy\" decoding=\"async\" width=\"768\" height=\"779\" src=\"https:\/\/evolve-fitness.eu\/wp-content\/uploads\/2024\/01\/stack.webp\" alt=\"\" class=\"wp-image-9940\" srcset=\"https:\/\/evolve-fitness.eu\/wp-content\/uploads\/2024\/01\/stack.webp 768w, https:\/\/evolve-fitness.eu\/wp-content\/uploads\/2024\/01\/stack-300x304.webp 300w, https:\/\/evolve-fitness.eu\/wp-content\/uploads\/2024\/01\/stack-148x150.webp 148w, https:\/\/evolve-fitness.eu\/wp-content\/uploads\/2024\/01\/stack-600x609.webp 600w, https:\/\/evolve-fitness.eu\/wp-content\/uploads\/2024\/01\/stack-296x300.webp 296w\" sizes=\"auto, (max-width: 768px) 100vw, 768px\" \/><\/figure>\n<\/div>\n\n\n\n<div class=\"wp-block-column is-vertically-aligned-center is-layout-flow wp-block-column-is-layout-flow\">\n<h3 class=\"wp-block-heading\" style=\"margin-bottom:var(--wp--preset--spacing--h-3-bottom)\">Enti\u00e8rement car\u00e9n\u00e9e, elle p\u00e8se 85 kg<\/h3>\n\n\n\n<p style=\"margin-bottom:var(--wp--preset--spacing--tb-section-padding)\">L&rsquo;appareil d&rsquo;extension dorsale Evolve Ultra Series Selectorized a un poids total de 300 kg et est \u00e9quip\u00e9 d&rsquo;une pile de poids de 85 kg. Sa pile de poids enti\u00e8rement ferm\u00e9e am\u00e9liore la s\u00e9curit\u00e9 de l&rsquo;utilisateur pendant les s\u00e9ances d&rsquo;entra\u00eenement tout en contribuant au design propre, durable et professionnel de la machine. <br\/><\/p>\n<\/div>\n<\/div>\n\n\n\n<div class=\"wp-block-columns alignwide mobile-reverse is-layout-flex wp-container-core-columns-is-layout-ca64bf2d wp-block-columns-is-layout-flex\" style=\"margin-bottom:var(--wp--preset--spacing--side-padding)\">\n<div class=\"wp-block-column is-vertically-aligned-center is-layout-flow wp-block-column-is-layout-flow\">\n<h3 class=\"wp-block-heading\" style=\"margin-bottom:var(--wp--preset--spacing--h-3-bottom)\">Double rev\u00eatement en poudre<\/h3>\n\n\n\n<p><strong><em>Rev\u00eatement \u00e9lectrostatique par poudrage nacr\u00e9<\/em><\/strong><\/p>\n\n\n\n<p style=\"margin-bottom:var(--wp--preset--spacing--tb-section-padding)\">Les machines de musculation de la s\u00e9rie Evolve Ultra, dot\u00e9es d&rsquo;un cadre noir perle mat \u00e0 rev\u00eatement \u00e9lectrostatique par poudre, allient forme et fonction. Son attrait esth\u00e9tique est renforc\u00e9 par sa finition noire mate, tandis que ses caract\u00e9ristiques pratiques, notamment sa r\u00e9sistance au frottement, ses propri\u00e9t\u00e9s anticorrosion et sa r\u00e9sistance aux rayures, en font un compagnon de fitness fiable et durable.<\/p>\n<\/div>\n\n\n\n<div class=\"wp-block-column is-vertically-aligned-center is-layout-flow wp-block-column-is-layout-flow\">\n<figure class=\"wp-block-video\"><video height=\"720\" style=\"aspect-ratio: 1280 \/ 720;\" width=\"1280\" autoplay=\"\" controls=\"\" loop=\"\" muted=\"\" src=\"https:\/\/evolve-fitness.eu\/wp-content\/uploads\/2023\/10\/Evolve-Double-powder-coated-Frame.mp4\"><\/video><\/figure>\n<\/div>\n<\/div>\n\n\n\n<div class=\"wp-block-columns alignwide mobile-reverse is-layout-flex wp-container-core-columns-is-layout-ca64bf2d wp-block-columns-is-layout-flex\" style=\"margin-bottom:var(--wp--preset--spacing--side-padding)\">\n<div class=\"wp-block-column is-vertically-aligned-center is-layout-flow wp-block-column-is-layout-flow\">\n<figure class=\"wp-block-video\"><video height=\"720\" style=\"aspect-ratio: 1280 \/ 720;\" width=\"1280\" autoplay=\"\" controls=\"\" loop=\"\" muted=\"\" src=\"https:\/\/evolve-fitness.eu\/wp-content\/uploads\/2023\/10\/Evolve-cable.mp4\"><\/video><\/figure>\n<\/div>\n\n\n\n<div class=\"wp-block-column is-vertically-aligned-center is-layout-flow wp-block-column-is-layout-flow\">\n<h3 class=\"wp-block-heading\" style=\"margin-bottom:var(--wp--preset--spacing--h-3-bottom)\">C\u00e2ble<\/h3>\n\n\n\n<p>Qualit\u00e9 sup\u00e9rieure<\/p>\n\n\n\n<p style=\"margin-bottom:var(--wp--preset--spacing--tb-section-padding)\">Les machines Evolve Ultra Series utilisent des c\u00e2bles de qualit\u00e9 sup\u00e9rieure. Il y a six brins principaux, et chaque brin est compos\u00e9 de 19 fils torsad\u00e9s ensemble, en polyamide 12 (PA12), et d&rsquo;un diam\u00e8tre de 5 mm. Lorsque vous passez d&rsquo;un exercice \u00e0 l&rsquo;autre, qu&rsquo;il s&rsquo;agisse d&rsquo;une flexion des biceps, d&rsquo;un d\u00e9velopp\u00e9 couch\u00e9, d&rsquo;un d\u00e9velopp\u00e9 lat\u00e9ral ou de toute autre activit\u00e9 de musculation, les performances exceptionnelles des c\u00e2bles de la s\u00e9rie Evolve Ultra garantissent la fluidit\u00e9 des mouvements et la constance de la r\u00e9sistance, ce qui favorise une exp\u00e9rience d&rsquo;entra\u00eenement \u00e0 la fois efficace et agr\u00e9able.<\/p>\n<\/div>\n<\/div>\n<\/section>\n","protected":false},"excerpt":{"rendered":"<p>L&rsquo;appareil d&rsquo;extension dorsale Evolve Ultra Series Selectorized Back Extension Machine (EV-SC-UL-400) est con\u00e7u pour renforcer le bas du dos, les fessiers et le tronc gr\u00e2ce \u00e0 une r\u00e9sistance contr\u00f4l\u00e9e et r\u00e9guli\u00e8re. La construction durable, le support ergonomique et le r\u00e9glage facile du poids en font un choix fiable pour les salles de sport professionnelles et les athl\u00e8tes. <\/p>\n","protected":false},"featured_media":203128,"template":"","meta":{"_acf_changed":false,"inline_featured_image":false},"product_brand":[],"product_cat":[2681,3841],"product_tag":[],"class_list":{"0":"post-225984","1":"product","2":"type-product","3":"status-publish","4":"has-post-thumbnail","6":"product_cat-machines-selectionnees","7":"product_cat-machines-selectorized-ultra-series","9":"first","10":"instock","11":"shipping-taxable","12":"purchasable","13":"product-type-simple"},"acf":{"long_title":"Evolve Ultra Series Selectorized Back Extension Machine (UL-400)","subtitle":"","specifications":[{"label":"SKU","text_value":"EV-SC-UL-400","icon":"x"},{"label":"Dimensions","text_value":"1240 \u00d7 1125 \u00d7 1602 mm","icon":"x"},{"label":"Poids","text_value":"300 kg","icon":"x"},{"label":"Pile de poids","text_value":"85 kg","icon":"x"},{"label":"Plaque de poids sup\u00e9rieure","text_value":"2 x 2,5 kg","icon":"x"},{"label":"Epaisseur du cadre","text_value":"3 mm","icon":"x"},{"label":"Plaque de poids sup\u00e9rieure  ","text_value":"","icon":"v"},{"label":"Position d'entra\u00eenement r\u00e9glable  ","text_value":"","icon":"v"},{"label":"Goupille magn\u00e9tique d'empilage de poids  ","text_value":"","icon":"v"},{"label":"Placard avec instructions de formation  ","text_value":"","icon":"v"},{"label":"Pile de poids envelopp\u00e9e","text_value":"","icon":"v"},{"label":"Protecteurs de sol durables","text_value":"","icon":"v"},{"label":"Peinture anticorrosion","text_value":"","icon":"v"},{"label":"Rev\u00eatement \u00e9pais en cuir PU","text_value":"","icon":"v"},{"label":"C\u00e2ble en nylon  ","text_value":"","icon":"v"},{"label":"Poign\u00e9es antid\u00e9rapantes","text_value":"","icon":"v"},{"label":"Bouteille d'eau et \u00e9tui \u00e0 accessoires","text_value":"2 ans","icon":"v"},{"label":"Garantie","text_value":"2 ans","icon":"x"}]},"yoast_head":"<!-- This site is optimized with the Yoast SEO plugin v27.4 - https:\/\/yoast.com\/product\/yoast-seo-wordpress\/ -->\n<title>Evolve Ultra Series Selectorized Back Extension Machine (UL-400) - Evolve<\/title>\n<meta name=\"description\" content=\"La machine d&#039;extension dorsale Evolve Ultra Series Selectorized Back Extension Machine (EV-SC-UL-400) est con\u00e7ue pour renforcer le bas du dos, les fessiers et la ceinture abdominale gr\u00e2ce \u00e0 des exercices contr\u00f4l\u00e9s.\" \/>\n<meta name=\"robots\" content=\"index, follow, max-snippet:-1, max-image-preview:large, max-video-preview:-1\" \/>\n<link rel=\"canonical\" href=\"https:\/\/evolve-fitness.eu\/fr\/produit\/machine-dextension-dorsale-evolve-ultra-series-selectorized\/\" \/>\n<meta property=\"og:locale\" content=\"fr_FR\" \/>\n<meta property=\"og:type\" content=\"article\" \/>\n<meta property=\"og:title\" content=\"Evolve Ultra Series Selectorized Back Extension Machine (UL-400) - Evolve\" \/>\n<meta property=\"og:description\" content=\"La machine d&#039;extension dorsale Evolve Ultra Series Selectorized Back Extension Machine (EV-SC-UL-400) est con\u00e7ue pour renforcer le bas du dos, les fessiers et la ceinture abdominale gr\u00e2ce \u00e0 des exercices contr\u00f4l\u00e9s.\" \/>\n<meta property=\"og:url\" content=\"https:\/\/evolve-fitness.eu\/fr\/produit\/machine-dextension-dorsale-evolve-ultra-series-selectorized\/\" \/>\n<meta property=\"og:site_name\" content=\"Evolve\" \/>\n<meta property=\"article:publisher\" content=\"https:\/\/www.facebook.com\/EvolveFitnessEurope\" \/>\n<meta property=\"article:modified_time\" content=\"2026-03-26T09:38:12+00:00\" \/>\n<meta property=\"og:image\" content=\"https:\/\/evolve-fitness.eu\/wp-content\/uploads\/2025\/08\/EV-SC-UL-400-Evolve-Ultra-Series-Back-Extension.png\" \/>\n\t<meta property=\"og:image:width\" content=\"1500\" \/>\n\t<meta property=\"og:image:height\" content=\"1500\" \/>\n\t<meta property=\"og:image:type\" content=\"image\/png\" \/>\n<meta name=\"twitter:card\" content=\"summary_large_image\" \/>\n<script type=\"application\/ld+json\" class=\"yoast-schema-graph\">{\"@context\":\"https:\\\/\\\/schema.org\",\"@graph\":[{\"@type\":\"WebPage\",\"@id\":\"https:\\\/\\\/evolve-fitness.eu\\\/fr\\\/produit\\\/machine-dextension-dorsale-evolve-ultra-series-selectorized\\\/\",\"url\":\"https:\\\/\\\/evolve-fitness.eu\\\/fr\\\/produit\\\/machine-dextension-dorsale-evolve-ultra-series-selectorized\\\/\",\"name\":\"Evolve Ultra Series Selectorized Back Extension Machine (UL-400) - Evolve\",\"isPartOf\":{\"@id\":\"https:\\\/\\\/evolve-fitness.eu\\\/fr\\\/#website\"},\"primaryImageOfPage\":{\"@id\":\"https:\\\/\\\/evolve-fitness.eu\\\/fr\\\/produit\\\/machine-dextension-dorsale-evolve-ultra-series-selectorized\\\/#primaryimage\"},\"image\":{\"@id\":\"https:\\\/\\\/evolve-fitness.eu\\\/fr\\\/produit\\\/machine-dextension-dorsale-evolve-ultra-series-selectorized\\\/#primaryimage\"},\"thumbnailUrl\":\"https:\\\/\\\/evolve-fitness.eu\\\/wp-content\\\/uploads\\\/2025\\\/08\\\/EV-SC-UL-400-Evolve-Ultra-Series-Back-Extension.png\",\"datePublished\":\"2025-08-22T07:46:41+00:00\",\"dateModified\":\"2026-03-26T09:38:12+00:00\",\"description\":\"La machine d'extension dorsale Evolve Ultra Series Selectorized Back Extension Machine (EV-SC-UL-400) est con\u00e7ue pour renforcer le bas du dos, les fessiers et la ceinture abdominale gr\u00e2ce \u00e0 des exercices contr\u00f4l\u00e9s.\",\"breadcrumb\":{\"@id\":\"https:\\\/\\\/evolve-fitness.eu\\\/fr\\\/produit\\\/machine-dextension-dorsale-evolve-ultra-series-selectorized\\\/#breadcrumb\"},\"inLanguage\":\"fr-FR\",\"potentialAction\":[{\"@type\":\"ReadAction\",\"target\":[\"https:\\\/\\\/evolve-fitness.eu\\\/fr\\\/produit\\\/machine-dextension-dorsale-evolve-ultra-series-selectorized\\\/\"]}]},{\"@type\":\"ImageObject\",\"inLanguage\":\"fr-FR\",\"@id\":\"https:\\\/\\\/evolve-fitness.eu\\\/fr\\\/produit\\\/machine-dextension-dorsale-evolve-ultra-series-selectorized\\\/#primaryimage\",\"url\":\"https:\\\/\\\/evolve-fitness.eu\\\/wp-content\\\/uploads\\\/2025\\\/08\\\/EV-SC-UL-400-Evolve-Ultra-Series-Back-Extension.png\",\"contentUrl\":\"https:\\\/\\\/evolve-fitness.eu\\\/wp-content\\\/uploads\\\/2025\\\/08\\\/EV-SC-UL-400-Evolve-Ultra-Series-Back-Extension.png\",\"width\":1500,\"height\":1500},{\"@type\":\"BreadcrumbList\",\"@id\":\"https:\\\/\\\/evolve-fitness.eu\\\/fr\\\/produit\\\/machine-dextension-dorsale-evolve-ultra-series-selectorized\\\/#breadcrumb\",\"itemListElement\":[{\"@type\":\"ListItem\",\"position\":1,\"name\":\"Home\",\"item\":\"https:\\\/\\\/evolve-fitness.eu\\\/fr\\\/\"},{\"@type\":\"ListItem\",\"position\":2,\"name\":\"Produits\",\"item\":\"https:\\\/\\\/evolve-fitness.eu\\\/fr\\\/shop\\\/\"},{\"@type\":\"ListItem\",\"position\":3,\"name\":\"Evolve Ultra Series Selectorized Back Extension Machine (UL-400)\"}]},{\"@type\":\"WebSite\",\"@id\":\"https:\\\/\\\/evolve-fitness.eu\\\/fr\\\/#website\",\"url\":\"https:\\\/\\\/evolve-fitness.eu\\\/fr\\\/\",\"name\":\"Evolve\",\"description\":\"Your Evolved Gear Arrived\",\"publisher\":{\"@id\":\"https:\\\/\\\/evolve-fitness.eu\\\/fr\\\/#organization\"},\"potentialAction\":[{\"@type\":\"SearchAction\",\"target\":{\"@type\":\"EntryPoint\",\"urlTemplate\":\"https:\\\/\\\/evolve-fitness.eu\\\/fr\\\/?s={search_term_string}\"},\"query-input\":{\"@type\":\"PropertyValueSpecification\",\"valueRequired\":true,\"valueName\":\"search_term_string\"}}],\"inLanguage\":\"fr-FR\"},{\"@type\":\"Organization\",\"@id\":\"https:\\\/\\\/evolve-fitness.eu\\\/fr\\\/#organization\",\"name\":\"Evolve\",\"url\":\"https:\\\/\\\/evolve-fitness.eu\\\/fr\\\/\",\"logo\":{\"@type\":\"ImageObject\",\"inLanguage\":\"fr-FR\",\"@id\":\"https:\\\/\\\/evolve-fitness.eu\\\/fr\\\/#\\\/schema\\\/logo\\\/image\\\/\",\"url\":\"https:\\\/\\\/evolve-fitness.eu\\\/wp-content\\\/uploads\\\/2023\\\/05\\\/Evolve-logo.svg\",\"contentUrl\":\"https:\\\/\\\/evolve-fitness.eu\\\/wp-content\\\/uploads\\\/2023\\\/05\\\/Evolve-logo.svg\",\"width\":176,\"height\":20,\"caption\":\"Evolve\"},\"image\":{\"@id\":\"https:\\\/\\\/evolve-fitness.eu\\\/fr\\\/#\\\/schema\\\/logo\\\/image\\\/\"},\"sameAs\":[\"https:\\\/\\\/www.facebook.com\\\/EvolveFitnessEurope\"]}]}<\/script>\n<!-- \/ Yoast SEO plugin. -->","yoast_head_json":{"title":"Evolve Ultra Series Selectorized Back Extension Machine (UL-400) - Evolve","description":"La machine d'extension dorsale Evolve Ultra Series Selectorized Back Extension Machine (EV-SC-UL-400) est con\u00e7ue pour renforcer le bas du dos, les fessiers et la ceinture abdominale gr\u00e2ce \u00e0 des exercices contr\u00f4l\u00e9s.","robots":{"index":"index","follow":"follow","max-snippet":"max-snippet:-1","max-image-preview":"max-image-preview:large","max-video-preview":"max-video-preview:-1"},"canonical":"https:\/\/evolve-fitness.eu\/fr\/produit\/machine-dextension-dorsale-evolve-ultra-series-selectorized\/","og_locale":"fr_FR","og_type":"article","og_title":"Evolve Ultra Series Selectorized Back Extension Machine (UL-400) - Evolve","og_description":"La machine d'extension dorsale Evolve Ultra Series Selectorized Back Extension Machine (EV-SC-UL-400) est con\u00e7ue pour renforcer le bas du dos, les fessiers et la ceinture abdominale gr\u00e2ce \u00e0 des exercices contr\u00f4l\u00e9s.","og_url":"https:\/\/evolve-fitness.eu\/fr\/produit\/machine-dextension-dorsale-evolve-ultra-series-selectorized\/","og_site_name":"Evolve","article_publisher":"https:\/\/www.facebook.com\/EvolveFitnessEurope","article_modified_time":"2026-03-26T09:38:12+00:00","og_image":[{"width":1500,"height":1500,"url":"https:\/\/evolve-fitness.eu\/wp-content\/uploads\/2025\/08\/EV-SC-UL-400-Evolve-Ultra-Series-Back-Extension.png","type":"image\/png"}],"twitter_card":"summary_large_image","schema":{"@context":"https:\/\/schema.org","@graph":[{"@type":"WebPage","@id":"https:\/\/evolve-fitness.eu\/fr\/produit\/machine-dextension-dorsale-evolve-ultra-series-selectorized\/","url":"https:\/\/evolve-fitness.eu\/fr\/produit\/machine-dextension-dorsale-evolve-ultra-series-selectorized\/","name":"Evolve Ultra Series Selectorized Back Extension Machine (UL-400) - Evolve","isPartOf":{"@id":"https:\/\/evolve-fitness.eu\/fr\/#website"},"primaryImageOfPage":{"@id":"https:\/\/evolve-fitness.eu\/fr\/produit\/machine-dextension-dorsale-evolve-ultra-series-selectorized\/#primaryimage"},"image":{"@id":"https:\/\/evolve-fitness.eu\/fr\/produit\/machine-dextension-dorsale-evolve-ultra-series-selectorized\/#primaryimage"},"thumbnailUrl":"https:\/\/evolve-fitness.eu\/wp-content\/uploads\/2025\/08\/EV-SC-UL-400-Evolve-Ultra-Series-Back-Extension.png","datePublished":"2025-08-22T07:46:41+00:00","dateModified":"2026-03-26T09:38:12+00:00","description":"La machine d'extension dorsale Evolve Ultra Series Selectorized Back Extension Machine (EV-SC-UL-400) est con\u00e7ue pour renforcer le bas du dos, les fessiers et la ceinture abdominale gr\u00e2ce \u00e0 des exercices contr\u00f4l\u00e9s.","breadcrumb":{"@id":"https:\/\/evolve-fitness.eu\/fr\/produit\/machine-dextension-dorsale-evolve-ultra-series-selectorized\/#breadcrumb"},"inLanguage":"fr-FR","potentialAction":[{"@type":"ReadAction","target":["https:\/\/evolve-fitness.eu\/fr\/produit\/machine-dextension-dorsale-evolve-ultra-series-selectorized\/"]}]},{"@type":"ImageObject","inLanguage":"fr-FR","@id":"https:\/\/evolve-fitness.eu\/fr\/produit\/machine-dextension-dorsale-evolve-ultra-series-selectorized\/#primaryimage","url":"https:\/\/evolve-fitness.eu\/wp-content\/uploads\/2025\/08\/EV-SC-UL-400-Evolve-Ultra-Series-Back-Extension.png","contentUrl":"https:\/\/evolve-fitness.eu\/wp-content\/uploads\/2025\/08\/EV-SC-UL-400-Evolve-Ultra-Series-Back-Extension.png","width":1500,"height":1500},{"@type":"BreadcrumbList","@id":"https:\/\/evolve-fitness.eu\/fr\/produit\/machine-dextension-dorsale-evolve-ultra-series-selectorized\/#breadcrumb","itemListElement":[{"@type":"ListItem","position":1,"name":"Home","item":"https:\/\/evolve-fitness.eu\/fr\/"},{"@type":"ListItem","position":2,"name":"Produits","item":"https:\/\/evolve-fitness.eu\/fr\/shop\/"},{"@type":"ListItem","position":3,"name":"Evolve Ultra Series Selectorized Back Extension Machine (UL-400)"}]},{"@type":"WebSite","@id":"https:\/\/evolve-fitness.eu\/fr\/#website","url":"https:\/\/evolve-fitness.eu\/fr\/","name":"Evolve","description":"Your Evolved Gear Arrived","publisher":{"@id":"https:\/\/evolve-fitness.eu\/fr\/#organization"},"potentialAction":[{"@type":"SearchAction","target":{"@type":"EntryPoint","urlTemplate":"https:\/\/evolve-fitness.eu\/fr\/?s={search_term_string}"},"query-input":{"@type":"PropertyValueSpecification","valueRequired":true,"valueName":"search_term_string"}}],"inLanguage":"fr-FR"},{"@type":"Organization","@id":"https:\/\/evolve-fitness.eu\/fr\/#organization","name":"Evolve","url":"https:\/\/evolve-fitness.eu\/fr\/","logo":{"@type":"ImageObject","inLanguage":"fr-FR","@id":"https:\/\/evolve-fitness.eu\/fr\/#\/schema\/logo\/image\/","url":"https:\/\/evolve-fitness.eu\/wp-content\/uploads\/2023\/05\/Evolve-logo.svg","contentUrl":"https:\/\/evolve-fitness.eu\/wp-content\/uploads\/2023\/05\/Evolve-logo.svg","width":176,"height":20,"caption":"Evolve"},"image":{"@id":"https:\/\/evolve-fitness.eu\/fr\/#\/schema\/logo\/image\/"},"sameAs":["https:\/\/www.facebook.com\/EvolveFitnessEurope"]}]}},"_links":{"self":[{"href":"https:\/\/evolve-fitness.eu\/fr\/wp-json\/wp\/v2\/product\/225984","targetHints":{"allow":["GET"]}}],"collection":[{"href":"https:\/\/evolve-fitness.eu\/fr\/wp-json\/wp\/v2\/product"}],"about":[{"href":"https:\/\/evolve-fitness.eu\/fr\/wp-json\/wp\/v2\/types\/product"}],"wp:featuredmedia":[{"embeddable":true,"href":"https:\/\/evolve-fitness.eu\/fr\/wp-json\/wp\/v2\/media\/203128"}],"wp:attachment":[{"href":"https:\/\/evolve-fitness.eu\/fr\/wp-json\/wp\/v2\/media?parent=225984"}],"wp:term":[{"taxonomy":"product_brand","embeddable":true,"href":"https:\/\/evolve-fitness.eu\/fr\/wp-json\/wp\/v2\/product_brand?post=225984"},{"taxonomy":"product_cat","embeddable":true,"href":"https:\/\/evolve-fitness.eu\/fr\/wp-json\/wp\/v2\/product_cat?post=225984"},{"taxonomy":"product_tag","embeddable":true,"href":"https:\/\/evolve-fitness.eu\/fr\/wp-json\/wp\/v2\/product_tag?post=225984"}],"curies":[{"name":"wp","href":"https:\/\/api.w.org\/{rel}","templated":true}]}}