{"id":226177,"date":"2025-06-26T11:52:42","date_gmt":"2025-06-26T11:52:42","guid":{"rendered":"https:\/\/evolve-fitness.eu\/product\/elevation-laterale-avec-plaque-evolve-ultra-series\/"},"modified":"2026-03-31T15:34:09","modified_gmt":"2026-03-31T12:34:09","slug":"elevation-laterale-avec-plaque-evolve-ultra-series","status":"publish","type":"product","link":"https:\/\/evolve-fitness.eu\/fr\/produit\/elevation-laterale-avec-plaque-evolve-ultra-series\/","title":{"rendered":"\u00c9l\u00e9vation lat\u00e9rale avec charge de plaques Evolve Ultra Series"},"content":{"rendered":"\n<section class=\"wp-block-group alignfull has-lightgray-background-color has-background is-layout-constrained wp-block-group-is-layout-constrained\">\n<div class=\"wp-block-columns alignwide is-layout-flex wp-container-core-columns-is-layout-2edb0647 wp-block-columns-is-layout-flex\" style=\"margin-top:0;margin-bottom:0\">\n<div class=\"wp-block-column is-layout-flow wp-block-column-is-layout-flow\" style=\"flex-basis:33.33%\"><\/div>\n\n\n\n<div class=\"wp-block-column is-layout-flow wp-block-column-is-layout-flow\" style=\"flex-basis:66.66%\"><\/div>\n<\/div>\n<\/section>\n\n<section class=\"wp-block-group alignfull black-content has-white-color has-darkgray-background-color has-text-color has-background is-layout-constrained wp-block-group-is-layout-constrained\" style=\"padding-top:var(--wp--preset--spacing--section-bottom);padding-bottom:var(--wp--preset--spacing--section-bottom)\">\n<div class=\"wp-block-columns alignwide mobile-reverse is-layout-flex wp-container-core-columns-is-layout-ca64bf2d wp-block-columns-is-layout-flex\" style=\"margin-bottom:var(--wp--preset--spacing--side-padding)\">\n<div class=\"wp-block-column is-vertically-aligned-center is-layout-flow wp-block-column-is-layout-flow\">\n<h3 class=\"wp-block-heading\" style=\"margin-bottom:var(--wp--preset--spacing--h-3-bottom)\"><strong><strong><strong><strong><strong><strong><strong><strong><strong><strong><strong>\u00c9l\u00e9vation lat\u00e9rale avec charge de plaques Evolve Ultra Series<\/strong><\/strong><\/strong><\/strong><\/strong><\/strong><\/strong><\/strong><\/strong><\/strong><\/strong><\/h3>\n\n\n\n<p style=\"margin-bottom:var(--wp--preset--spacing--tb-section-padding)\">L&rsquo;Evolve Ultra Series Plate Loaded Lateral Raise est con\u00e7u pour activer de mani\u00e8re cibl\u00e9e les muscles delto\u00efdes lat\u00e9raux, ce qui en fait un appareil essentiel pour d\u00e9velopper la largeur et la d\u00e9finition des \u00e9paules. Gr\u00e2ce \u00e0 son sch\u00e9ma de mouvement biom\u00e9canique pr\u00e9cis, il favorise l&rsquo;alignement naturel des articulations et minimise les contraintes, ce qui permet aux utilisateurs d&rsquo;effectuer l&rsquo;exercice avec une amplitude de mouvement compl\u00e8te et un engagement musculaire optimal. <\/p>\n\n\n\n<p style=\"margin-bottom:var(--wp--preset--spacing--tb-section-padding)\">Les bras ind\u00e9pendants permettent un entra\u00eenement unilat\u00e9ral, ce qui contribue \u00e0 corriger les d\u00e9s\u00e9quilibres musculaires et \u00e0 assurer un d\u00e9veloppement sym\u00e9trique. Les poign\u00e9es sont ergonomiques et rembourr\u00e9es pour plus de confort, tandis que le mouvement des bras est fluide et constant sous charge. Un syst\u00e8me de r\u00e9glage \u00e0 gaz d&rsquo;une seule main permet de personnaliser rapidement et facilement la hauteur du si\u00e8ge, pour s&rsquo;adapter aux utilisateurs de diff\u00e9rentes tailles.  <\/p>\n\n\n\n<p style=\"margin-bottom:var(--wp--preset--spacing--tb-section-padding)\">Construit avec un cadre en acier robuste et recouvert d&rsquo;une finition durable en poudre noire mate, l&rsquo;EV-PL-UL-340 offre une stabilit\u00e9 \u00e0 long terme et une r\u00e9sistance \u00e0 la corrosion. Des mat\u00e9riaux de qualit\u00e9 sup\u00e9rieure, un rembourrage renforc\u00e9 et un encombrement r\u00e9duit font de cette machine un outil id\u00e9al pour les centres de remise en forme commerciaux, les centres d&rsquo;entra\u00eenement de haute performance et les salles de sport \u00e0 domicile. <\/p>\n<\/div>\n\n\n\n<div class=\"wp-block-column is-vertically-aligned-center is-layout-flow wp-block-column-is-layout-flow\">\n<figure class=\"wp-block-image size-full is-style-rounded\"><img loading=\"lazy\" decoding=\"async\" width=\"2200\" height=\"2200\" src=\"https:\/\/evolve-fitness.eu\/wp-content\/uploads\/2025\/06\/EV-PL-UL-340-Evolve-Ultra-Series-Plate-Loaded-Lateral-Raise-1.png\" alt=\"\" class=\"wp-image-200060\" srcset=\"https:\/\/evolve-fitness.eu\/wp-content\/uploads\/2025\/06\/EV-PL-UL-340-Evolve-Ultra-Series-Plate-Loaded-Lateral-Raise-1.png 2200w, https:\/\/evolve-fitness.eu\/wp-content\/uploads\/2025\/06\/EV-PL-UL-340-Evolve-Ultra-Series-Plate-Loaded-Lateral-Raise-1-300x300.png 300w, https:\/\/evolve-fitness.eu\/wp-content\/uploads\/2025\/06\/EV-PL-UL-340-Evolve-Ultra-Series-Plate-Loaded-Lateral-Raise-1-1024x1024.png 1024w, https:\/\/evolve-fitness.eu\/wp-content\/uploads\/2025\/06\/EV-PL-UL-340-Evolve-Ultra-Series-Plate-Loaded-Lateral-Raise-1-150x150.png 150w, https:\/\/evolve-fitness.eu\/wp-content\/uploads\/2025\/06\/EV-PL-UL-340-Evolve-Ultra-Series-Plate-Loaded-Lateral-Raise-1-768x768.png 768w, https:\/\/evolve-fitness.eu\/wp-content\/uploads\/2025\/06\/EV-PL-UL-340-Evolve-Ultra-Series-Plate-Loaded-Lateral-Raise-1-1536x1536.png 1536w, https:\/\/evolve-fitness.eu\/wp-content\/uploads\/2025\/06\/EV-PL-UL-340-Evolve-Ultra-Series-Plate-Loaded-Lateral-Raise-1-2048x2048.png 2048w, https:\/\/evolve-fitness.eu\/wp-content\/uploads\/2025\/06\/EV-PL-UL-340-Evolve-Ultra-Series-Plate-Loaded-Lateral-Raise-1-600x600.png 600w\" sizes=\"auto, (max-width: 2200px) 100vw, 2200px\" \/><\/figure>\n<\/div>\n<\/div>\n<\/section>\n","protected":false},"excerpt":{"rendered":"<p>L&rsquo;Evolve Ultra Series Plate Loaded Lateral Raise est con\u00e7u pour activer de mani\u00e8re cibl\u00e9e les muscles delto\u00efdes lat\u00e9raux, ce qui en fait un appareil essentiel pour d\u00e9velopper la largeur et la d\u00e9finition des \u00e9paules. Gr\u00e2ce \u00e0 son sch\u00e9ma de mouvement biom\u00e9canique pr\u00e9cis, il favorise l&rsquo;alignement naturel des articulations et minimise les contraintes, ce qui permet aux utilisateurs d&rsquo;effectuer l&rsquo;exercice avec une amplitude de mouvement compl\u00e8te et un engagement musculaire optimal. <\/p>\n","protected":false},"featured_media":200043,"template":"","meta":{"_acf_changed":false,"inline_featured_image":false},"product_brand":[],"product_cat":[5194,5333],"product_tag":[],"class_list":{"0":"post-226177","1":"product","2":"type-product","3":"status-publish","4":"has-post-thumbnail","6":"product_cat-machines-a-plateau","7":"product_cat-ultra-series-plate-loaded-machines","9":"first","10":"instock","11":"shipping-taxable","12":"purchasable","13":"product-type-simple"},"acf":{"long_title":"\u00c9l\u00e9vation lat\u00e9rale avec charge de plaques Evolve Ultra Series","subtitle":"","specifications":[{"label":"SKU","text_value":"EV-PL-UL-340","icon":"x"},{"label":"Dimensions","text_value":"2138 x 1073 x 1681 mm","icon":"x"},{"label":"Poids","text_value":"168 kg","icon":"x"},{"label":"Max. charge","text_value":"100 kg (2 x 50 kg)","icon":"x"},{"label":"Poids maximal de l'utilisateur","text_value":"180 kg","icon":"x"},{"label":"Supports pour le chargement de la r\u00e9sistance","text_value":"4","icon":"x"},{"label":"Hauteur r\u00e9glable de la plate-forme","text_value":"6 positions","icon":"x"},{"label":"Supports de rangement pour les disques d'halt\u00e8res","text_value":"2","icon":"x"},{"label":"Epaisseur du cadre","text_value":"3 mm","icon":"x"},{"label":"R\u00e9sistance","text_value":"en chargeant des plaques de poids avec une ouverture de manchon de 51 mm","icon":"x"},{"label":"Rembourrage int\u00e9gr\u00e9 con\u00e7u pour le soutien de la t\u00eate et l'entra\u00eenement du delto\u00efde arri\u00e8re","text_value":"","icon":"v"},{"label":"Deux paires de poign\u00e9es positionn\u00e9es \u00e0 des hauteurs diff\u00e9rentes","text_value":"","icon":"v"},{"label":"Placard avec instructions de formation  ","text_value":"","icon":"v"},{"label":"Plate-forme antid\u00e9rapante en acier avec un motif textur\u00e9 sp\u00e9cial","text_value":"","icon":"v"},{"label":"Rembourrage recouvert de cuir synth\u00e9tique antibact\u00e9rien","text_value":"2 ans","icon":"v"},{"label":"Cadre m\u00e9tallique sans ar\u00eates vives","text_value":"","icon":"v"},{"label":"Peinture anticorrosion","text_value":"","icon":"v"},{"label":"Poign\u00e9es antid\u00e9rapantes","text_value":"2 ans","icon":"v"},{"label":"Protecteurs de sol durables","text_value":"","icon":"v"},{"label":"Garantie","text_value":"2 ans","icon":"x"}]},"yoast_head":"<!-- This site is optimized with the Yoast SEO plugin v27.4 - https:\/\/yoast.com\/product\/yoast-seo-wordpress\/ -->\n<title>\u00c9l\u00e9vation lat\u00e9rale avec charge de plaques Evolve Ultra Series - Evolve<\/title>\n<meta name=\"description\" content=\"L&#039;Evolve Ultra Series Plate Loaded Lateral Raise est con\u00e7u pour permettre une activation cibl\u00e9e des muscles delto\u00efdes lat\u00e9raux.\" \/>\n<meta name=\"robots\" content=\"index, follow, max-snippet:-1, max-image-preview:large, max-video-preview:-1\" \/>\n<link rel=\"canonical\" href=\"https:\/\/evolve-fitness.eu\/fr\/produit\/elevation-laterale-avec-plaque-evolve-ultra-series\/\" \/>\n<meta property=\"og:locale\" content=\"fr_FR\" \/>\n<meta property=\"og:type\" content=\"article\" \/>\n<meta property=\"og:title\" content=\"\u00c9l\u00e9vation lat\u00e9rale avec charge de plaques Evolve Ultra Series - Evolve\" \/>\n<meta property=\"og:description\" content=\"L&#039;Evolve Ultra Series Plate Loaded Lateral Raise est con\u00e7u pour permettre une activation cibl\u00e9e des muscles delto\u00efdes lat\u00e9raux.\" \/>\n<meta property=\"og:url\" content=\"https:\/\/evolve-fitness.eu\/fr\/produit\/elevation-laterale-avec-plaque-evolve-ultra-series\/\" \/>\n<meta property=\"og:site_name\" content=\"Evolve\" \/>\n<meta property=\"article:publisher\" content=\"https:\/\/www.facebook.com\/EvolveFitnessEurope\" \/>\n<meta property=\"article:modified_time\" content=\"2026-03-31T12:34:09+00:00\" \/>\n<meta property=\"og:image\" content=\"https:\/\/evolve-fitness.eu\/wp-content\/uploads\/2025\/06\/EV-PL-UL-340-Evolve-Ultra-Series-Plate-Loaded-Lateral-Raise.png\" \/>\n\t<meta property=\"og:image:width\" content=\"2200\" \/>\n\t<meta property=\"og:image:height\" content=\"2200\" \/>\n\t<meta property=\"og:image:type\" content=\"image\/png\" \/>\n<meta name=\"twitter:card\" content=\"summary_large_image\" \/>\n<script type=\"application\/ld+json\" class=\"yoast-schema-graph\">{\"@context\":\"https:\\\/\\\/schema.org\",\"@graph\":[{\"@type\":\"WebPage\",\"@id\":\"https:\\\/\\\/evolve-fitness.eu\\\/fr\\\/produit\\\/elevation-laterale-avec-plaque-evolve-ultra-series\\\/\",\"url\":\"https:\\\/\\\/evolve-fitness.eu\\\/fr\\\/produit\\\/elevation-laterale-avec-plaque-evolve-ultra-series\\\/\",\"name\":\"\u00c9l\u00e9vation lat\u00e9rale avec charge de plaques Evolve Ultra Series - Evolve\",\"isPartOf\":{\"@id\":\"https:\\\/\\\/evolve-fitness.eu\\\/fr\\\/#website\"},\"primaryImageOfPage\":{\"@id\":\"https:\\\/\\\/evolve-fitness.eu\\\/fr\\\/produit\\\/elevation-laterale-avec-plaque-evolve-ultra-series\\\/#primaryimage\"},\"image\":{\"@id\":\"https:\\\/\\\/evolve-fitness.eu\\\/fr\\\/produit\\\/elevation-laterale-avec-plaque-evolve-ultra-series\\\/#primaryimage\"},\"thumbnailUrl\":\"https:\\\/\\\/evolve-fitness.eu\\\/wp-content\\\/uploads\\\/2025\\\/06\\\/EV-PL-UL-340-Evolve-Ultra-Series-Plate-Loaded-Lateral-Raise.png\",\"datePublished\":\"2025-06-26T11:52:42+00:00\",\"dateModified\":\"2026-03-31T12:34:09+00:00\",\"description\":\"L'Evolve Ultra Series Plate Loaded Lateral Raise est con\u00e7u pour permettre une activation cibl\u00e9e des muscles delto\u00efdes lat\u00e9raux.\",\"breadcrumb\":{\"@id\":\"https:\\\/\\\/evolve-fitness.eu\\\/fr\\\/produit\\\/elevation-laterale-avec-plaque-evolve-ultra-series\\\/#breadcrumb\"},\"inLanguage\":\"fr-FR\",\"potentialAction\":[{\"@type\":\"ReadAction\",\"target\":[\"https:\\\/\\\/evolve-fitness.eu\\\/fr\\\/produit\\\/elevation-laterale-avec-plaque-evolve-ultra-series\\\/\"]}]},{\"@type\":\"ImageObject\",\"inLanguage\":\"fr-FR\",\"@id\":\"https:\\\/\\\/evolve-fitness.eu\\\/fr\\\/produit\\\/elevation-laterale-avec-plaque-evolve-ultra-series\\\/#primaryimage\",\"url\":\"https:\\\/\\\/evolve-fitness.eu\\\/wp-content\\\/uploads\\\/2025\\\/06\\\/EV-PL-UL-340-Evolve-Ultra-Series-Plate-Loaded-Lateral-Raise.png\",\"contentUrl\":\"https:\\\/\\\/evolve-fitness.eu\\\/wp-content\\\/uploads\\\/2025\\\/06\\\/EV-PL-UL-340-Evolve-Ultra-Series-Plate-Loaded-Lateral-Raise.png\",\"width\":2200,\"height\":2200},{\"@type\":\"BreadcrumbList\",\"@id\":\"https:\\\/\\\/evolve-fitness.eu\\\/fr\\\/produit\\\/elevation-laterale-avec-plaque-evolve-ultra-series\\\/#breadcrumb\",\"itemListElement\":[{\"@type\":\"ListItem\",\"position\":1,\"name\":\"Home\",\"item\":\"https:\\\/\\\/evolve-fitness.eu\\\/fr\\\/\"},{\"@type\":\"ListItem\",\"position\":2,\"name\":\"Produits\",\"item\":\"https:\\\/\\\/evolve-fitness.eu\\\/fr\\\/shop\\\/\"},{\"@type\":\"ListItem\",\"position\":3,\"name\":\"\u00c9l\u00e9vation lat\u00e9rale avec charge de plaques Evolve Ultra Series\"}]},{\"@type\":\"WebSite\",\"@id\":\"https:\\\/\\\/evolve-fitness.eu\\\/fr\\\/#website\",\"url\":\"https:\\\/\\\/evolve-fitness.eu\\\/fr\\\/\",\"name\":\"Evolve\",\"description\":\"Your Evolved Gear Arrived\",\"publisher\":{\"@id\":\"https:\\\/\\\/evolve-fitness.eu\\\/fr\\\/#organization\"},\"potentialAction\":[{\"@type\":\"SearchAction\",\"target\":{\"@type\":\"EntryPoint\",\"urlTemplate\":\"https:\\\/\\\/evolve-fitness.eu\\\/fr\\\/?s={search_term_string}\"},\"query-input\":{\"@type\":\"PropertyValueSpecification\",\"valueRequired\":true,\"valueName\":\"search_term_string\"}}],\"inLanguage\":\"fr-FR\"},{\"@type\":\"Organization\",\"@id\":\"https:\\\/\\\/evolve-fitness.eu\\\/fr\\\/#organization\",\"name\":\"Evolve\",\"url\":\"https:\\\/\\\/evolve-fitness.eu\\\/fr\\\/\",\"logo\":{\"@type\":\"ImageObject\",\"inLanguage\":\"fr-FR\",\"@id\":\"https:\\\/\\\/evolve-fitness.eu\\\/fr\\\/#\\\/schema\\\/logo\\\/image\\\/\",\"url\":\"https:\\\/\\\/evolve-fitness.eu\\\/wp-content\\\/uploads\\\/2023\\\/05\\\/Evolve-logo.svg\",\"contentUrl\":\"https:\\\/\\\/evolve-fitness.eu\\\/wp-content\\\/uploads\\\/2023\\\/05\\\/Evolve-logo.svg\",\"width\":176,\"height\":20,\"caption\":\"Evolve\"},\"image\":{\"@id\":\"https:\\\/\\\/evolve-fitness.eu\\\/fr\\\/#\\\/schema\\\/logo\\\/image\\\/\"},\"sameAs\":[\"https:\\\/\\\/www.facebook.com\\\/EvolveFitnessEurope\"]}]}<\/script>\n<!-- \/ Yoast SEO plugin. -->","yoast_head_json":{"title":"\u00c9l\u00e9vation lat\u00e9rale avec charge de plaques Evolve Ultra Series - Evolve","description":"L'Evolve Ultra Series Plate Loaded Lateral Raise est con\u00e7u pour permettre une activation cibl\u00e9e des muscles delto\u00efdes lat\u00e9raux.","robots":{"index":"index","follow":"follow","max-snippet":"max-snippet:-1","max-image-preview":"max-image-preview:large","max-video-preview":"max-video-preview:-1"},"canonical":"https:\/\/evolve-fitness.eu\/fr\/produit\/elevation-laterale-avec-plaque-evolve-ultra-series\/","og_locale":"fr_FR","og_type":"article","og_title":"\u00c9l\u00e9vation lat\u00e9rale avec charge de plaques Evolve Ultra Series - Evolve","og_description":"L'Evolve Ultra Series Plate Loaded Lateral Raise est con\u00e7u pour permettre une activation cibl\u00e9e des muscles delto\u00efdes lat\u00e9raux.","og_url":"https:\/\/evolve-fitness.eu\/fr\/produit\/elevation-laterale-avec-plaque-evolve-ultra-series\/","og_site_name":"Evolve","article_publisher":"https:\/\/www.facebook.com\/EvolveFitnessEurope","article_modified_time":"2026-03-31T12:34:09+00:00","og_image":[{"width":2200,"height":2200,"url":"https:\/\/evolve-fitness.eu\/wp-content\/uploads\/2025\/06\/EV-PL-UL-340-Evolve-Ultra-Series-Plate-Loaded-Lateral-Raise.png","type":"image\/png"}],"twitter_card":"summary_large_image","schema":{"@context":"https:\/\/schema.org","@graph":[{"@type":"WebPage","@id":"https:\/\/evolve-fitness.eu\/fr\/produit\/elevation-laterale-avec-plaque-evolve-ultra-series\/","url":"https:\/\/evolve-fitness.eu\/fr\/produit\/elevation-laterale-avec-plaque-evolve-ultra-series\/","name":"\u00c9l\u00e9vation lat\u00e9rale avec charge de plaques Evolve Ultra Series - Evolve","isPartOf":{"@id":"https:\/\/evolve-fitness.eu\/fr\/#website"},"primaryImageOfPage":{"@id":"https:\/\/evolve-fitness.eu\/fr\/produit\/elevation-laterale-avec-plaque-evolve-ultra-series\/#primaryimage"},"image":{"@id":"https:\/\/evolve-fitness.eu\/fr\/produit\/elevation-laterale-avec-plaque-evolve-ultra-series\/#primaryimage"},"thumbnailUrl":"https:\/\/evolve-fitness.eu\/wp-content\/uploads\/2025\/06\/EV-PL-UL-340-Evolve-Ultra-Series-Plate-Loaded-Lateral-Raise.png","datePublished":"2025-06-26T11:52:42+00:00","dateModified":"2026-03-31T12:34:09+00:00","description":"L'Evolve Ultra Series Plate Loaded Lateral Raise est con\u00e7u pour permettre une activation cibl\u00e9e des muscles delto\u00efdes lat\u00e9raux.","breadcrumb":{"@id":"https:\/\/evolve-fitness.eu\/fr\/produit\/elevation-laterale-avec-plaque-evolve-ultra-series\/#breadcrumb"},"inLanguage":"fr-FR","potentialAction":[{"@type":"ReadAction","target":["https:\/\/evolve-fitness.eu\/fr\/produit\/elevation-laterale-avec-plaque-evolve-ultra-series\/"]}]},{"@type":"ImageObject","inLanguage":"fr-FR","@id":"https:\/\/evolve-fitness.eu\/fr\/produit\/elevation-laterale-avec-plaque-evolve-ultra-series\/#primaryimage","url":"https:\/\/evolve-fitness.eu\/wp-content\/uploads\/2025\/06\/EV-PL-UL-340-Evolve-Ultra-Series-Plate-Loaded-Lateral-Raise.png","contentUrl":"https:\/\/evolve-fitness.eu\/wp-content\/uploads\/2025\/06\/EV-PL-UL-340-Evolve-Ultra-Series-Plate-Loaded-Lateral-Raise.png","width":2200,"height":2200},{"@type":"BreadcrumbList","@id":"https:\/\/evolve-fitness.eu\/fr\/produit\/elevation-laterale-avec-plaque-evolve-ultra-series\/#breadcrumb","itemListElement":[{"@type":"ListItem","position":1,"name":"Home","item":"https:\/\/evolve-fitness.eu\/fr\/"},{"@type":"ListItem","position":2,"name":"Produits","item":"https:\/\/evolve-fitness.eu\/fr\/shop\/"},{"@type":"ListItem","position":3,"name":"\u00c9l\u00e9vation lat\u00e9rale avec charge de plaques Evolve Ultra Series"}]},{"@type":"WebSite","@id":"https:\/\/evolve-fitness.eu\/fr\/#website","url":"https:\/\/evolve-fitness.eu\/fr\/","name":"Evolve","description":"Your Evolved Gear Arrived","publisher":{"@id":"https:\/\/evolve-fitness.eu\/fr\/#organization"},"potentialAction":[{"@type":"SearchAction","target":{"@type":"EntryPoint","urlTemplate":"https:\/\/evolve-fitness.eu\/fr\/?s={search_term_string}"},"query-input":{"@type":"PropertyValueSpecification","valueRequired":true,"valueName":"search_term_string"}}],"inLanguage":"fr-FR"},{"@type":"Organization","@id":"https:\/\/evolve-fitness.eu\/fr\/#organization","name":"Evolve","url":"https:\/\/evolve-fitness.eu\/fr\/","logo":{"@type":"ImageObject","inLanguage":"fr-FR","@id":"https:\/\/evolve-fitness.eu\/fr\/#\/schema\/logo\/image\/","url":"https:\/\/evolve-fitness.eu\/wp-content\/uploads\/2023\/05\/Evolve-logo.svg","contentUrl":"https:\/\/evolve-fitness.eu\/wp-content\/uploads\/2023\/05\/Evolve-logo.svg","width":176,"height":20,"caption":"Evolve"},"image":{"@id":"https:\/\/evolve-fitness.eu\/fr\/#\/schema\/logo\/image\/"},"sameAs":["https:\/\/www.facebook.com\/EvolveFitnessEurope"]}]}},"_links":{"self":[{"href":"https:\/\/evolve-fitness.eu\/fr\/wp-json\/wp\/v2\/product\/226177","targetHints":{"allow":["GET"]}}],"collection":[{"href":"https:\/\/evolve-fitness.eu\/fr\/wp-json\/wp\/v2\/product"}],"about":[{"href":"https:\/\/evolve-fitness.eu\/fr\/wp-json\/wp\/v2\/types\/product"}],"wp:featuredmedia":[{"embeddable":true,"href":"https:\/\/evolve-fitness.eu\/fr\/wp-json\/wp\/v2\/media\/200043"}],"wp:attachment":[{"href":"https:\/\/evolve-fitness.eu\/fr\/wp-json\/wp\/v2\/media?parent=226177"}],"wp:term":[{"taxonomy":"product_brand","embeddable":true,"href":"https:\/\/evolve-fitness.eu\/fr\/wp-json\/wp\/v2\/product_brand?post=226177"},{"taxonomy":"product_cat","embeddable":true,"href":"https:\/\/evolve-fitness.eu\/fr\/wp-json\/wp\/v2\/product_cat?post=226177"},{"taxonomy":"product_tag","embeddable":true,"href":"https:\/\/evolve-fitness.eu\/fr\/wp-json\/wp\/v2\/product_tag?post=226177"}],"curies":[{"name":"wp","href":"https:\/\/api.w.org\/{rel}","templated":true}]}}