{"id":226233,"date":"2025-03-27T12:57:34","date_gmt":"2025-03-27T12:57:34","guid":{"rendered":"https:\/\/evolve-fitness.eu\/product\/poignees-de-gymnastique-evolve-prime-series-poignees-de-traction-gh-020set\/"},"modified":"2026-03-27T10:29:33","modified_gmt":"2026-03-27T08:29:33","slug":"poignees-de-gymnastique-evolve-prime-series-poignees-de-traction-gh-020set","status":"publish","type":"product","link":"https:\/\/evolve-fitness.eu\/fr\/produit\/poignees-de-gymnastique-evolve-prime-series-poignees-de-traction-gh-020set\/","title":{"rendered":"Poign\u00e9es de gymnastique Evolve Prime Series + Poign\u00e9es de traction (GH-020SET)"},"content":{"rendered":"\n<section class=\"wp-block-group alignfull black-content has-white-color has-darkgray-background-color has-text-color has-background is-layout-constrained wp-block-group-is-layout-constrained\" style=\"padding-top:var(--wp--preset--spacing--section-bottom);padding-bottom:var(--wp--preset--spacing--section-bottom)\">\n<div class=\"wp-block-columns alignwide mobile-reverse is-layout-flex wp-container-core-columns-is-layout-ca64bf2d wp-block-columns-is-layout-flex\" style=\"margin-bottom:var(--wp--preset--spacing--side-padding)\">\n<div class=\"wp-block-column is-vertically-aligned-center is-layout-flow wp-block-column-is-layout-flow\">\n<h3 class=\"wp-block-heading\" style=\"margin-bottom:var(--wp--preset--spacing--h-3-bottom)\">Organisez avec facilit\u00e9, entra\u00eenez avec confiance<\/h3>\n\n\n\n<p><strong><em><strong>Un support compact pour un confort optimal<\/strong><\/em><\/strong><\/p>\n\n\n\n<p>L&rsquo;ensemble Evolve Prime Series Gym Handles Rack + Pull Handles (GH-020SET) permet non seulement de garder votre zone d&rsquo;entra\u00eenement propre et organis\u00e9e, mais aussi d&rsquo;am\u00e9liorer votre exp\u00e9rience d&rsquo;exercice gr\u00e2ce \u00e0 des poign\u00e9es en n\u00e9opr\u00e8ne ergonomiques de haute qualit\u00e9. Les poign\u00e9es sont con\u00e7ues pour solliciter les muscles du haut du corps, ciblant efficacement les bras, les \u00e9paules, le dos et la poitrine lors de divers mouvements de traction. Id\u00e9ales pour les machines \u00e0 c\u00e2bles ou les installations d&rsquo;entra\u00eenement \u00e0 la r\u00e9sistance, ces poign\u00e9es offrent une polyvalence, une durabilit\u00e9 et un confort exceptionnels. Que vous soyez un passionn\u00e9 de fitness ou un entra\u00eeneur professionnel, l&rsquo;incorporation de ces poign\u00e9es de traction en n\u00e9opr\u00e8ne dans votre routine vous aidera \u00e0 atteindre une force \u00e9quilibr\u00e9e du haut du corps, \u00e0 am\u00e9liorer votre endurance et \u00e0 optimiser votre condition physique g\u00e9n\u00e9rale.   <\/p>\n<\/div>\n\n\n\n<div class=\"wp-block-column is-vertically-aligned-center is-layout-flow wp-block-column-is-layout-flow\">\n<figure class=\"wp-block-video\"><video height=\"2160\" style=\"aspect-ratio: 3840 \/ 2160;\" width=\"3840\" controls=\"\" src=\"https:\/\/evolve-fitness.eu\/wp-content\/uploads\/2025\/03\/VIDEO-EV-GH-PR-100-Evolve-Prime-Series-Neoprene-Gym-Handle-Set-1.mp4\"><\/video><\/figure>\n<\/div>\n<\/div>\n\n\n\n<div class=\"wp-block-columns is-layout-flex wp-container-core-columns-is-layout-9d6595d7 wp-block-columns-is-layout-flex\">\n<div class=\"wp-block-column is-layout-flow wp-block-column-is-layout-flow\">\n<div class=\"wp-block-columns is-layout-flex wp-container-core-columns-is-layout-9d6595d7 wp-block-columns-is-layout-flex\">\n<div class=\"wp-block-column is-layout-flow wp-block-column-is-layout-flow\">\n<figure class=\"wp-block-image size-large is-style-rounded\"><img loading=\"lazy\" decoding=\"async\" width=\"1024\" height=\"683\" src=\"https:\/\/evolve-fitness.eu\/wp-content\/uploads\/2025\/03\/EV-GH-PR-100-Evolve-Prime-Series-Neoprene-Gym-Handle-Set-10-3-1024x683.jpg\" alt=\"\" class=\"wp-image-189545\" srcset=\"https:\/\/evolve-fitness.eu\/wp-content\/uploads\/2025\/03\/EV-GH-PR-100-Evolve-Prime-Series-Neoprene-Gym-Handle-Set-10-3-1024x683.jpg 1024w, https:\/\/evolve-fitness.eu\/wp-content\/uploads\/2025\/03\/EV-GH-PR-100-Evolve-Prime-Series-Neoprene-Gym-Handle-Set-10-3-300x200.jpg 300w, https:\/\/evolve-fitness.eu\/wp-content\/uploads\/2025\/03\/EV-GH-PR-100-Evolve-Prime-Series-Neoprene-Gym-Handle-Set-10-3-150x100.jpg 150w, https:\/\/evolve-fitness.eu\/wp-content\/uploads\/2025\/03\/EV-GH-PR-100-Evolve-Prime-Series-Neoprene-Gym-Handle-Set-10-3-768x512.jpg 768w, https:\/\/evolve-fitness.eu\/wp-content\/uploads\/2025\/03\/EV-GH-PR-100-Evolve-Prime-Series-Neoprene-Gym-Handle-Set-10-3-1536x1024.jpg 1536w, https:\/\/evolve-fitness.eu\/wp-content\/uploads\/2025\/03\/EV-GH-PR-100-Evolve-Prime-Series-Neoprene-Gym-Handle-Set-10-3-2048x1365.jpg 2048w, https:\/\/evolve-fitness.eu\/wp-content\/uploads\/2025\/03\/EV-GH-PR-100-Evolve-Prime-Series-Neoprene-Gym-Handle-Set-10-3-600x400.jpg 600w, https:\/\/evolve-fitness.eu\/wp-content\/uploads\/2025\/03\/EV-GH-PR-100-Evolve-Prime-Series-Neoprene-Gym-Handle-Set-10-3-225x150.jpg 225w\" sizes=\"auto, (max-width: 1024px) 100vw, 1024px\" \/><\/figure>\n<\/div>\n\n\n\n<div class=\"wp-block-column is-layout-flow wp-block-column-is-layout-flow\">\n<h3 class=\"wp-block-heading\" style=\"margin-bottom:var(--wp--preset--spacing--h-3-bottom)\">Am\u00e9liorez l&rsquo;organisation de votre salle de sport<\/h3>\n\n\n\n<p>Am\u00e9liorez l&rsquo;organisation de votre salle de sport avec l&rsquo;ensemble Evolve Prime Series Gym Handles Rack + Pull Handles (GH-020SET) : Rack + Poign\u00e9es de traction &#8211; un syst\u00e8me polyvalent et fiable con\u00e7u pour maximiser votre espace d&rsquo;entra\u00eenement. Le support durable permet de ranger les poign\u00e9es confortables recouvertes de n\u00e9opr\u00e8ne, offrant un acc\u00e8s facile, une long\u00e9vit\u00e9 accrue et un aspect professionnel dans n&rsquo;importe quel environnement de remise en forme. Id\u00e9al pour les installations commerciales et les salles de sport \u00e0 domicile, cet ensemble garantit des s\u00e9ances d&rsquo;entra\u00eenement en douceur, une s\u00e9curit\u00e9 accrue et un confort sup\u00e9rieur pour les athl\u00e8tes de tous niveaux.  <\/p>\n<\/div>\n<\/div>\n<\/div>\n<\/div>\n<\/section>\n","protected":false},"excerpt":{"rendered":"<p>L&rsquo;ensemble Evolve Prime Series Gym Handles Rack + Pull Handles (GH-020SET) est une solution de rangement pratique, robuste et polyvalente, con\u00e7ue pour rationaliser votre espace d&rsquo;entra\u00eenement. Fabriqu\u00e9es en n\u00e9opr\u00e8ne de qualit\u00e9, les poign\u00e9es de traction offrent un confort et une s\u00e9curit\u00e9 exceptionnels, ainsi qu&rsquo;un contr\u00f4le sup\u00e9rieur de la prise, ce qui les rend parfaites pour les utilisateurs de tous niveaux. Que ce soit \u00e0 la maison ou dans une salle de sport commerciale, cet ensemble rehausse votre espace d&rsquo;entra\u00eenement en organisant proprement l&rsquo;\u00e9quipement essentiel et en offrant un acc\u00e8s rapide \u00e0 vos accessoires.  <\/p>\n","protected":false},"featured_media":189301,"template":"","meta":{"_acf_changed":false,"inline_featured_image":false},"product_brand":[],"product_cat":[5265,2681],"product_tag":[],"class_list":{"0":"post-226233","1":"product","2":"type-product","3":"status-publish","4":"has-post-thumbnail","6":"product_cat-accessoires-fr-2","7":"product_cat-machines-selectionnees","9":"first","10":"instock","11":"shipping-taxable","12":"purchasable","13":"product-type-simple"},"acf":{"long_title":"Poign\u00e9es de gymnastique Evolve Prime Series + Poign\u00e9es de traction (GH-020SET)","subtitle":"","specifications":[{"label":"SKU","text_value":"EV-RS-GH-020SET","icon":"x"},{"label":"Dimensions","text_value":"1100 x 260 x 870 mm","icon":"x"},{"label":"Garantie","text_value":"2 ans","icon":"x"}]},"yoast_head":"<!-- This site is optimized with the Yoast SEO plugin v27.4 - https:\/\/yoast.com\/product\/yoast-seo-wordpress\/ -->\n<title>Poign\u00e9es de gymnastique Evolve Prime Series + Poign\u00e9es de traction (GH-020SET) - Evolve<\/title>\n<meta name=\"description\" content=\"L&#039;ensemble de poign\u00e9es de gymnastique Evolve avec cr\u00e9maill\u00e8re et poign\u00e9es de traction est une solution de stockage pratique, robuste et polyvalente, con\u00e7ue pour \u00eatre plac\u00e9e dans la zone d&#039;entra\u00eenement, sur\u00e9lever l&#039;espace...\" \/>\n<meta name=\"robots\" content=\"index, follow, max-snippet:-1, max-image-preview:large, max-video-preview:-1\" \/>\n<link rel=\"canonical\" href=\"https:\/\/evolve-fitness.eu\/fr\/produit\/poignees-de-gymnastique-evolve-prime-series-poignees-de-traction-gh-020set\/\" \/>\n<meta property=\"og:locale\" content=\"fr_FR\" \/>\n<meta property=\"og:type\" content=\"article\" \/>\n<meta property=\"og:title\" content=\"Poign\u00e9es de gymnastique Evolve Prime Series + Poign\u00e9es de traction (GH-020SET) - Evolve\" \/>\n<meta property=\"og:description\" content=\"L&#039;ensemble de poign\u00e9es de gymnastique Evolve avec cr\u00e9maill\u00e8re et poign\u00e9es de traction est une solution de stockage pratique, robuste et polyvalente, con\u00e7ue pour \u00eatre plac\u00e9e dans la zone d&#039;entra\u00eenement, sur\u00e9lever l&#039;espace...\" \/>\n<meta property=\"og:url\" content=\"https:\/\/evolve-fitness.eu\/fr\/produit\/poignees-de-gymnastique-evolve-prime-series-poignees-de-traction-gh-020set\/\" \/>\n<meta property=\"og:site_name\" content=\"Evolve\" \/>\n<meta property=\"article:publisher\" content=\"https:\/\/www.facebook.com\/EvolveFitnessEurope\" \/>\n<meta property=\"article:modified_time\" content=\"2026-03-27T08:29:33+00:00\" \/>\n<meta property=\"og:image\" content=\"https:\/\/evolve-fitness.eu\/wp-content\/uploads\/2025\/03\/EV-RS-GH-020.jpg\" \/>\n\t<meta property=\"og:image:width\" content=\"1000\" \/>\n\t<meta property=\"og:image:height\" content=\"1000\" \/>\n\t<meta property=\"og:image:type\" content=\"image\/jpeg\" \/>\n<meta name=\"twitter:card\" content=\"summary_large_image\" \/>\n<script type=\"application\/ld+json\" class=\"yoast-schema-graph\">{\"@context\":\"https:\\\/\\\/schema.org\",\"@graph\":[{\"@type\":\"WebPage\",\"@id\":\"https:\\\/\\\/evolve-fitness.eu\\\/fr\\\/produit\\\/poignees-de-gymnastique-evolve-prime-series-poignees-de-traction-gh-020set\\\/\",\"url\":\"https:\\\/\\\/evolve-fitness.eu\\\/fr\\\/produit\\\/poignees-de-gymnastique-evolve-prime-series-poignees-de-traction-gh-020set\\\/\",\"name\":\"Poign\u00e9es de gymnastique Evolve Prime Series + Poign\u00e9es de traction (GH-020SET) - Evolve\",\"isPartOf\":{\"@id\":\"https:\\\/\\\/evolve-fitness.eu\\\/fr\\\/#website\"},\"primaryImageOfPage\":{\"@id\":\"https:\\\/\\\/evolve-fitness.eu\\\/fr\\\/produit\\\/poignees-de-gymnastique-evolve-prime-series-poignees-de-traction-gh-020set\\\/#primaryimage\"},\"image\":{\"@id\":\"https:\\\/\\\/evolve-fitness.eu\\\/fr\\\/produit\\\/poignees-de-gymnastique-evolve-prime-series-poignees-de-traction-gh-020set\\\/#primaryimage\"},\"thumbnailUrl\":\"https:\\\/\\\/evolve-fitness.eu\\\/wp-content\\\/uploads\\\/2025\\\/03\\\/EV-RS-GH-020.jpg\",\"datePublished\":\"2025-03-27T12:57:34+00:00\",\"dateModified\":\"2026-03-27T08:29:33+00:00\",\"description\":\"L'ensemble de poign\u00e9es de gymnastique Evolve avec cr\u00e9maill\u00e8re et poign\u00e9es de traction est une solution de stockage pratique, robuste et polyvalente, con\u00e7ue pour \u00eatre plac\u00e9e dans la zone d'entra\u00eenement, sur\u00e9lever l'espace...\",\"breadcrumb\":{\"@id\":\"https:\\\/\\\/evolve-fitness.eu\\\/fr\\\/produit\\\/poignees-de-gymnastique-evolve-prime-series-poignees-de-traction-gh-020set\\\/#breadcrumb\"},\"inLanguage\":\"fr-FR\",\"potentialAction\":[{\"@type\":\"ReadAction\",\"target\":[\"https:\\\/\\\/evolve-fitness.eu\\\/fr\\\/produit\\\/poignees-de-gymnastique-evolve-prime-series-poignees-de-traction-gh-020set\\\/\"]}]},{\"@type\":\"ImageObject\",\"inLanguage\":\"fr-FR\",\"@id\":\"https:\\\/\\\/evolve-fitness.eu\\\/fr\\\/produit\\\/poignees-de-gymnastique-evolve-prime-series-poignees-de-traction-gh-020set\\\/#primaryimage\",\"url\":\"https:\\\/\\\/evolve-fitness.eu\\\/wp-content\\\/uploads\\\/2025\\\/03\\\/EV-RS-GH-020.jpg\",\"contentUrl\":\"https:\\\/\\\/evolve-fitness.eu\\\/wp-content\\\/uploads\\\/2025\\\/03\\\/EV-RS-GH-020.jpg\",\"width\":1000,\"height\":1000},{\"@type\":\"BreadcrumbList\",\"@id\":\"https:\\\/\\\/evolve-fitness.eu\\\/fr\\\/produit\\\/poignees-de-gymnastique-evolve-prime-series-poignees-de-traction-gh-020set\\\/#breadcrumb\",\"itemListElement\":[{\"@type\":\"ListItem\",\"position\":1,\"name\":\"Home\",\"item\":\"https:\\\/\\\/evolve-fitness.eu\\\/fr\\\/\"},{\"@type\":\"ListItem\",\"position\":2,\"name\":\"Produits\",\"item\":\"https:\\\/\\\/evolve-fitness.eu\\\/fr\\\/shop\\\/\"},{\"@type\":\"ListItem\",\"position\":3,\"name\":\"Poign\u00e9es de gymnastique Evolve Prime Series + Poign\u00e9es de traction (GH-020SET)\"}]},{\"@type\":\"WebSite\",\"@id\":\"https:\\\/\\\/evolve-fitness.eu\\\/fr\\\/#website\",\"url\":\"https:\\\/\\\/evolve-fitness.eu\\\/fr\\\/\",\"name\":\"Evolve\",\"description\":\"Your Evolved Gear Arrived\",\"publisher\":{\"@id\":\"https:\\\/\\\/evolve-fitness.eu\\\/fr\\\/#organization\"},\"potentialAction\":[{\"@type\":\"SearchAction\",\"target\":{\"@type\":\"EntryPoint\",\"urlTemplate\":\"https:\\\/\\\/evolve-fitness.eu\\\/fr\\\/?s={search_term_string}\"},\"query-input\":{\"@type\":\"PropertyValueSpecification\",\"valueRequired\":true,\"valueName\":\"search_term_string\"}}],\"inLanguage\":\"fr-FR\"},{\"@type\":\"Organization\",\"@id\":\"https:\\\/\\\/evolve-fitness.eu\\\/fr\\\/#organization\",\"name\":\"Evolve\",\"url\":\"https:\\\/\\\/evolve-fitness.eu\\\/fr\\\/\",\"logo\":{\"@type\":\"ImageObject\",\"inLanguage\":\"fr-FR\",\"@id\":\"https:\\\/\\\/evolve-fitness.eu\\\/fr\\\/#\\\/schema\\\/logo\\\/image\\\/\",\"url\":\"https:\\\/\\\/evolve-fitness.eu\\\/wp-content\\\/uploads\\\/2023\\\/05\\\/Evolve-logo.svg\",\"contentUrl\":\"https:\\\/\\\/evolve-fitness.eu\\\/wp-content\\\/uploads\\\/2023\\\/05\\\/Evolve-logo.svg\",\"width\":176,\"height\":20,\"caption\":\"Evolve\"},\"image\":{\"@id\":\"https:\\\/\\\/evolve-fitness.eu\\\/fr\\\/#\\\/schema\\\/logo\\\/image\\\/\"},\"sameAs\":[\"https:\\\/\\\/www.facebook.com\\\/EvolveFitnessEurope\"]}]}<\/script>\n<!-- \/ Yoast SEO plugin. -->","yoast_head_json":{"title":"Poign\u00e9es de gymnastique Evolve Prime Series + Poign\u00e9es de traction (GH-020SET) - Evolve","description":"L'ensemble de poign\u00e9es de gymnastique Evolve avec cr\u00e9maill\u00e8re et poign\u00e9es de traction est une solution de stockage pratique, robuste et polyvalente, con\u00e7ue pour \u00eatre plac\u00e9e dans la zone d'entra\u00eenement, sur\u00e9lever l'espace...","robots":{"index":"index","follow":"follow","max-snippet":"max-snippet:-1","max-image-preview":"max-image-preview:large","max-video-preview":"max-video-preview:-1"},"canonical":"https:\/\/evolve-fitness.eu\/fr\/produit\/poignees-de-gymnastique-evolve-prime-series-poignees-de-traction-gh-020set\/","og_locale":"fr_FR","og_type":"article","og_title":"Poign\u00e9es de gymnastique Evolve Prime Series + Poign\u00e9es de traction (GH-020SET) - Evolve","og_description":"L'ensemble de poign\u00e9es de gymnastique Evolve avec cr\u00e9maill\u00e8re et poign\u00e9es de traction est une solution de stockage pratique, robuste et polyvalente, con\u00e7ue pour \u00eatre plac\u00e9e dans la zone d'entra\u00eenement, sur\u00e9lever l'espace...","og_url":"https:\/\/evolve-fitness.eu\/fr\/produit\/poignees-de-gymnastique-evolve-prime-series-poignees-de-traction-gh-020set\/","og_site_name":"Evolve","article_publisher":"https:\/\/www.facebook.com\/EvolveFitnessEurope","article_modified_time":"2026-03-27T08:29:33+00:00","og_image":[{"width":1000,"height":1000,"url":"https:\/\/evolve-fitness.eu\/wp-content\/uploads\/2025\/03\/EV-RS-GH-020.jpg","type":"image\/jpeg"}],"twitter_card":"summary_large_image","schema":{"@context":"https:\/\/schema.org","@graph":[{"@type":"WebPage","@id":"https:\/\/evolve-fitness.eu\/fr\/produit\/poignees-de-gymnastique-evolve-prime-series-poignees-de-traction-gh-020set\/","url":"https:\/\/evolve-fitness.eu\/fr\/produit\/poignees-de-gymnastique-evolve-prime-series-poignees-de-traction-gh-020set\/","name":"Poign\u00e9es de gymnastique Evolve Prime Series + Poign\u00e9es de traction (GH-020SET) - Evolve","isPartOf":{"@id":"https:\/\/evolve-fitness.eu\/fr\/#website"},"primaryImageOfPage":{"@id":"https:\/\/evolve-fitness.eu\/fr\/produit\/poignees-de-gymnastique-evolve-prime-series-poignees-de-traction-gh-020set\/#primaryimage"},"image":{"@id":"https:\/\/evolve-fitness.eu\/fr\/produit\/poignees-de-gymnastique-evolve-prime-series-poignees-de-traction-gh-020set\/#primaryimage"},"thumbnailUrl":"https:\/\/evolve-fitness.eu\/wp-content\/uploads\/2025\/03\/EV-RS-GH-020.jpg","datePublished":"2025-03-27T12:57:34+00:00","dateModified":"2026-03-27T08:29:33+00:00","description":"L'ensemble de poign\u00e9es de gymnastique Evolve avec cr\u00e9maill\u00e8re et poign\u00e9es de traction est une solution de stockage pratique, robuste et polyvalente, con\u00e7ue pour \u00eatre plac\u00e9e dans la zone d'entra\u00eenement, sur\u00e9lever l'espace...","breadcrumb":{"@id":"https:\/\/evolve-fitness.eu\/fr\/produit\/poignees-de-gymnastique-evolve-prime-series-poignees-de-traction-gh-020set\/#breadcrumb"},"inLanguage":"fr-FR","potentialAction":[{"@type":"ReadAction","target":["https:\/\/evolve-fitness.eu\/fr\/produit\/poignees-de-gymnastique-evolve-prime-series-poignees-de-traction-gh-020set\/"]}]},{"@type":"ImageObject","inLanguage":"fr-FR","@id":"https:\/\/evolve-fitness.eu\/fr\/produit\/poignees-de-gymnastique-evolve-prime-series-poignees-de-traction-gh-020set\/#primaryimage","url":"https:\/\/evolve-fitness.eu\/wp-content\/uploads\/2025\/03\/EV-RS-GH-020.jpg","contentUrl":"https:\/\/evolve-fitness.eu\/wp-content\/uploads\/2025\/03\/EV-RS-GH-020.jpg","width":1000,"height":1000},{"@type":"BreadcrumbList","@id":"https:\/\/evolve-fitness.eu\/fr\/produit\/poignees-de-gymnastique-evolve-prime-series-poignees-de-traction-gh-020set\/#breadcrumb","itemListElement":[{"@type":"ListItem","position":1,"name":"Home","item":"https:\/\/evolve-fitness.eu\/fr\/"},{"@type":"ListItem","position":2,"name":"Produits","item":"https:\/\/evolve-fitness.eu\/fr\/shop\/"},{"@type":"ListItem","position":3,"name":"Poign\u00e9es de gymnastique Evolve Prime Series + Poign\u00e9es de traction (GH-020SET)"}]},{"@type":"WebSite","@id":"https:\/\/evolve-fitness.eu\/fr\/#website","url":"https:\/\/evolve-fitness.eu\/fr\/","name":"Evolve","description":"Your Evolved Gear Arrived","publisher":{"@id":"https:\/\/evolve-fitness.eu\/fr\/#organization"},"potentialAction":[{"@type":"SearchAction","target":{"@type":"EntryPoint","urlTemplate":"https:\/\/evolve-fitness.eu\/fr\/?s={search_term_string}"},"query-input":{"@type":"PropertyValueSpecification","valueRequired":true,"valueName":"search_term_string"}}],"inLanguage":"fr-FR"},{"@type":"Organization","@id":"https:\/\/evolve-fitness.eu\/fr\/#organization","name":"Evolve","url":"https:\/\/evolve-fitness.eu\/fr\/","logo":{"@type":"ImageObject","inLanguage":"fr-FR","@id":"https:\/\/evolve-fitness.eu\/fr\/#\/schema\/logo\/image\/","url":"https:\/\/evolve-fitness.eu\/wp-content\/uploads\/2023\/05\/Evolve-logo.svg","contentUrl":"https:\/\/evolve-fitness.eu\/wp-content\/uploads\/2023\/05\/Evolve-logo.svg","width":176,"height":20,"caption":"Evolve"},"image":{"@id":"https:\/\/evolve-fitness.eu\/fr\/#\/schema\/logo\/image\/"},"sameAs":["https:\/\/www.facebook.com\/EvolveFitnessEurope"]}]}},"_links":{"self":[{"href":"https:\/\/evolve-fitness.eu\/fr\/wp-json\/wp\/v2\/product\/226233","targetHints":{"allow":["GET"]}}],"collection":[{"href":"https:\/\/evolve-fitness.eu\/fr\/wp-json\/wp\/v2\/product"}],"about":[{"href":"https:\/\/evolve-fitness.eu\/fr\/wp-json\/wp\/v2\/types\/product"}],"wp:featuredmedia":[{"embeddable":true,"href":"https:\/\/evolve-fitness.eu\/fr\/wp-json\/wp\/v2\/media\/189301"}],"wp:attachment":[{"href":"https:\/\/evolve-fitness.eu\/fr\/wp-json\/wp\/v2\/media?parent=226233"}],"wp:term":[{"taxonomy":"product_brand","embeddable":true,"href":"https:\/\/evolve-fitness.eu\/fr\/wp-json\/wp\/v2\/product_brand?post=226233"},{"taxonomy":"product_cat","embeddable":true,"href":"https:\/\/evolve-fitness.eu\/fr\/wp-json\/wp\/v2\/product_cat?post=226233"},{"taxonomy":"product_tag","embeddable":true,"href":"https:\/\/evolve-fitness.eu\/fr\/wp-json\/wp\/v2\/product_tag?post=226233"}],"curies":[{"name":"wp","href":"https:\/\/api.w.org\/{rel}","templated":true}]}}