{"id":227815,"date":"2025-03-26T07:04:29","date_gmt":"2025-03-26T07:04:29","guid":{"rendered":"https:\/\/evolve-fitness.eu\/product\/evolve-mini-band-set-3-en-1\/"},"modified":"2026-04-07T17:31:46","modified_gmt":"2026-04-07T14:31:46","slug":"evolve-mini-band-set-3-en-1","status":"publish","type":"product","link":"https:\/\/evolve-fitness.eu\/fr\/produit\/evolve-mini-band-set-3-en-1\/","title":{"rendered":"Evolve Mini Band Set 3 en 1 (FB-300)"},"content":{"rendered":"\n<section class=\"wp-block-group alignfull has-lightgray-background-color has-background is-layout-constrained wp-block-group-is-layout-constrained\">\n<div class=\"wp-block-columns alignwide is-layout-flex wp-container-core-columns-is-layout-2edb0647 wp-block-columns-is-layout-flex\" style=\"margin-top:0;margin-bottom:0\">\n<div class=\"wp-block-column is-layout-flow wp-block-column-is-layout-flow\" style=\"flex-basis:33.33%\"><\/div>\n\n\n\n<div class=\"wp-block-column is-layout-flow wp-block-column-is-layout-flow\" style=\"flex-basis:66.66%\"><\/div>\n<\/div>\n<\/section>\n\n<section class=\"wp-block-group alignfull black-content has-white-color has-darkgray-background-color has-text-color has-background is-layout-constrained wp-block-group-is-layout-constrained\" style=\"padding-top:var(--wp--preset--spacing--section-bottom);padding-bottom:var(--wp--preset--spacing--section-bottom)\">\n<section class=\"wp-block-group alignfull black-content has-white-color has-darkgray-background-color has-text-color has-background is-layout-constrained wp-block-group-is-layout-constrained\" style=\"margin-bottom:0;padding-top:var(--wp--preset--spacing--tb-padding);padding-bottom:var(--wp--preset--spacing--tb-padding)\">\n<div class=\"wp-block-columns alignwide mobile-reverse is-layout-flex wp-container-core-columns-is-layout-7a02faa9 wp-block-columns-is-layout-flex\" style=\"margin-bottom:var(--wp--preset--spacing--tb-section-padding)\">\n<div class=\"wp-block-column is-vertically-aligned-center is-layout-flow wp-block-column-is-layout-flow\">\n<h3 class=\"wp-block-heading\" style=\"margin-bottom:var(--wp--preset--spacing--h-3-bottom)\"><strong><strong><strong><strong><strong><strong><strong><strong>Ensemble Evolve Mini Band 3-en-1<\/strong><\/strong><\/strong><\/strong><\/strong><\/strong><\/strong><\/strong><\/h3>\n\n\n\n<p><strong><em><strong><strong><strong><strong><strong><strong><strong><strong><strong><strong><strong><strong><strong>Entra\u00eenement polyvalent \u00e0 la r\u00e9sistance, o\u00f9 que vous soyez<\/strong><\/strong><\/strong><\/strong><\/strong><\/strong><\/strong><\/strong><\/strong><\/strong><\/strong><\/strong><\/strong><\/em><\/strong><\/p>\n\n\n\n<p>L&rsquo;<strong>ensemble Evolve Mini Band 3 en 1<\/strong> est un ensemble de bandes de r\u00e9sistance polyvalent con\u00e7u pour l&rsquo;entra\u00eenement de la force, la mobilit\u00e9 et les s\u00e9ances d&rsquo;entra\u00eenement de l&rsquo;ensemble du corps. Avec trois niveaux de r\u00e9sistance diff\u00e9rents, il convient aussi bien aux d\u00e9butants qu&rsquo;aux utilisateurs avanc\u00e9s et permet d&rsquo;am\u00e9liorer la force musculaire, la flexibilit\u00e9 et la condition physique g\u00e9n\u00e9rale. <\/p>\n\n\n\n<p>Compact, l\u00e9ger et facile \u00e0 transporter, ce mini-ensemble d&rsquo;entra\u00eenement est parfait pour les s\u00e9ances d&rsquo;entra\u00eenement \u00e0 domicile, les s\u00e9ances de gymnastique ou l&rsquo;entra\u00eenement en voyage. Pour rendre l&rsquo;entra\u00eenement encore plus facile, l&rsquo;ensemble peut \u00e9galement \u00eatre utilis\u00e9 avec des vid\u00e9os de conseils d&rsquo;entra\u00eenement qui montrent des id\u00e9es d&rsquo;exercices et des techniques appropri\u00e9es. <\/p>\n\n\n\n<p>Con\u00e7u pour la commodit\u00e9 et l&rsquo;efficacit\u00e9 des r\u00e9sultats, l&rsquo;ensemble Evolve Mini Band 3-en-1 est un choix pratique pour tous ceux qui recherchent un accessoire de fitness simple et efficace.<\/p>\n<\/div>\n\n\n\n<div class=\"wp-block-column is-vertically-aligned-center is-layout-flow wp-block-column-is-layout-flow\">\n<figure class=\"wp-block-video\"><video height=\"1280\" style=\"aspect-ratio: 720 \/ 1280;\" width=\"720\" controls=\"\" src=\"https:\/\/evolve-fitness.eu\/wp-content\/uploads\/2025\/03\/Evolve-Mini-Band-Set-3-in-1.mp4\"><\/video><\/figure>\n<\/div>\n<\/div>\n<\/section>\n<\/section>\n","protected":false},"excerpt":{"rendered":"<p>L&rsquo;Evolve Mini Band 3-in-1 Set est un outil d&rsquo;entra\u00eenement pratique et polyvalent compos\u00e9 de trois bandes de r\u00e9sistance diff\u00e9rentes. Chaque bande offre un niveau de r\u00e9sistance diff\u00e9rent, ce qui la rend parfaite pour les d\u00e9butants comme pour les utilisateurs avanc\u00e9s. L&rsquo;ensemble permet de renforcer les muscles, d&rsquo;am\u00e9liorer la flexibilit\u00e9 et d&rsquo;effectuer une vari\u00e9t\u00e9 d&rsquo;exercices de fitness. Compact et l\u00e9ger, il est id\u00e9al pour une utilisation \u00e0 la maison ou en voyage.<\/p>\n","protected":false},"featured_media":189075,"template":"","meta":{"_acf_changed":false,"inline_featured_image":false},"product_brand":[],"product_cat":[3887,13034,2951,2855],"product_tag":[],"class_list":{"0":"post-227815","1":"product","2":"type-product","3":"status-publish","4":"has-post-thumbnail","6":"product_cat-equipement-fonctionnel","7":"product_cat-hyrox-gear","8":"product_cat-studio-fr","9":"product_cat-transversal-et-fonctionnel","11":"first","12":"instock","13":"virtual","14":"purchasable","15":"product-type-simple"},"acf":{"long_title":"Evolve Mini Band Set 3 en 1 (FB-300)","subtitle":"","specifications":[{"label":"SKU","text_value":"EV-BD-FB-300","icon":"x"},{"label":"Convient \u00e0 un usage quotidien","text_value":"","icon":"v"},{"label":"L'ensemble comprend 3 niveaux de r\u00e9sistance, des mini-bandes et un sac de rangement.","text_value":"","icon":"v"}]},"yoast_head":"<!-- This site is optimized with the Yoast SEO plugin v27.4 - https:\/\/yoast.com\/product\/yoast-seo-wordpress\/ -->\n<title>Evolve Mini Band Set 3 en 1 (FB-300) - Evolve<\/title>\n<meta name=\"description\" content=\"L&#039;Evolve Mini Band 3-in-1 Set est un outil d&#039;entra\u00eenement pratique et polyvalent compos\u00e9 de trois bandes de r\u00e9sistance diff\u00e9rentes.\" \/>\n<meta name=\"robots\" content=\"index, follow, max-snippet:-1, max-image-preview:large, max-video-preview:-1\" \/>\n<link rel=\"canonical\" href=\"https:\/\/evolve-fitness.eu\/fr\/produit\/evolve-mini-band-set-3-en-1\/\" \/>\n<meta property=\"og:locale\" content=\"fr_FR\" \/>\n<meta property=\"og:type\" content=\"article\" \/>\n<meta property=\"og:title\" content=\"Evolve Mini Band Set 3 en 1 (FB-300) - Evolve\" \/>\n<meta property=\"og:description\" content=\"L&#039;Evolve Mini Band 3-in-1 Set est un outil d&#039;entra\u00eenement pratique et polyvalent compos\u00e9 de trois bandes de r\u00e9sistance diff\u00e9rentes.\" \/>\n<meta property=\"og:url\" content=\"https:\/\/evolve-fitness.eu\/fr\/produit\/evolve-mini-band-set-3-en-1\/\" \/>\n<meta property=\"og:site_name\" content=\"Evolve\" \/>\n<meta property=\"article:publisher\" content=\"https:\/\/www.facebook.com\/EvolveFitnessEurope\" \/>\n<meta property=\"article:modified_time\" content=\"2026-04-07T14:31:46+00:00\" \/>\n<meta property=\"og:image\" content=\"https:\/\/evolve-fitness.eu\/wp-content\/uploads\/2025\/03\/EV-BD-FB-300-Evolve-Mini-Band-Set-3-in-1-4.jpg\" \/>\n\t<meta property=\"og:image:width\" content=\"2060\" \/>\n\t<meta property=\"og:image:height\" content=\"1373\" \/>\n\t<meta property=\"og:image:type\" content=\"image\/jpeg\" \/>\n<meta name=\"twitter:card\" content=\"summary_large_image\" \/>\n<script type=\"application\/ld+json\" class=\"yoast-schema-graph\">{\"@context\":\"https:\\\/\\\/schema.org\",\"@graph\":[{\"@type\":\"WebPage\",\"@id\":\"https:\\\/\\\/evolve-fitness.eu\\\/fr\\\/produit\\\/evolve-mini-band-set-3-en-1\\\/\",\"url\":\"https:\\\/\\\/evolve-fitness.eu\\\/fr\\\/produit\\\/evolve-mini-band-set-3-en-1\\\/\",\"name\":\"Evolve Mini Band Set 3 en 1 (FB-300) - Evolve\",\"isPartOf\":{\"@id\":\"https:\\\/\\\/evolve-fitness.eu\\\/fr\\\/#website\"},\"primaryImageOfPage\":{\"@id\":\"https:\\\/\\\/evolve-fitness.eu\\\/fr\\\/produit\\\/evolve-mini-band-set-3-en-1\\\/#primaryimage\"},\"image\":{\"@id\":\"https:\\\/\\\/evolve-fitness.eu\\\/fr\\\/produit\\\/evolve-mini-band-set-3-en-1\\\/#primaryimage\"},\"thumbnailUrl\":\"https:\\\/\\\/evolve-fitness.eu\\\/wp-content\\\/uploads\\\/2025\\\/03\\\/EV-BD-FB-300-Evolve-Mini-Band-Set-3-in-1-4.jpg\",\"datePublished\":\"2025-03-26T07:04:29+00:00\",\"dateModified\":\"2026-04-07T14:31:46+00:00\",\"description\":\"L'Evolve Mini Band 3-in-1 Set est un outil d'entra\u00eenement pratique et polyvalent compos\u00e9 de trois bandes de r\u00e9sistance diff\u00e9rentes.\",\"breadcrumb\":{\"@id\":\"https:\\\/\\\/evolve-fitness.eu\\\/fr\\\/produit\\\/evolve-mini-band-set-3-en-1\\\/#breadcrumb\"},\"inLanguage\":\"fr-FR\",\"potentialAction\":[{\"@type\":\"ReadAction\",\"target\":[\"https:\\\/\\\/evolve-fitness.eu\\\/fr\\\/produit\\\/evolve-mini-band-set-3-en-1\\\/\"]}]},{\"@type\":\"ImageObject\",\"inLanguage\":\"fr-FR\",\"@id\":\"https:\\\/\\\/evolve-fitness.eu\\\/fr\\\/produit\\\/evolve-mini-band-set-3-en-1\\\/#primaryimage\",\"url\":\"https:\\\/\\\/evolve-fitness.eu\\\/wp-content\\\/uploads\\\/2025\\\/03\\\/EV-BD-FB-300-Evolve-Mini-Band-Set-3-in-1-4.jpg\",\"contentUrl\":\"https:\\\/\\\/evolve-fitness.eu\\\/wp-content\\\/uploads\\\/2025\\\/03\\\/EV-BD-FB-300-Evolve-Mini-Band-Set-3-in-1-4.jpg\",\"width\":2060,\"height\":1373},{\"@type\":\"BreadcrumbList\",\"@id\":\"https:\\\/\\\/evolve-fitness.eu\\\/fr\\\/produit\\\/evolve-mini-band-set-3-en-1\\\/#breadcrumb\",\"itemListElement\":[{\"@type\":\"ListItem\",\"position\":1,\"name\":\"Home\",\"item\":\"https:\\\/\\\/evolve-fitness.eu\\\/fr\\\/\"},{\"@type\":\"ListItem\",\"position\":2,\"name\":\"Produits\",\"item\":\"https:\\\/\\\/evolve-fitness.eu\\\/fr\\\/shop\\\/\"},{\"@type\":\"ListItem\",\"position\":3,\"name\":\"Evolve Mini Band Set 3 en 1 (FB-300)\"}]},{\"@type\":\"WebSite\",\"@id\":\"https:\\\/\\\/evolve-fitness.eu\\\/fr\\\/#website\",\"url\":\"https:\\\/\\\/evolve-fitness.eu\\\/fr\\\/\",\"name\":\"Evolve\",\"description\":\"Your Evolved Gear Arrived\",\"publisher\":{\"@id\":\"https:\\\/\\\/evolve-fitness.eu\\\/fr\\\/#organization\"},\"potentialAction\":[{\"@type\":\"SearchAction\",\"target\":{\"@type\":\"EntryPoint\",\"urlTemplate\":\"https:\\\/\\\/evolve-fitness.eu\\\/fr\\\/?s={search_term_string}\"},\"query-input\":{\"@type\":\"PropertyValueSpecification\",\"valueRequired\":true,\"valueName\":\"search_term_string\"}}],\"inLanguage\":\"fr-FR\"},{\"@type\":\"Organization\",\"@id\":\"https:\\\/\\\/evolve-fitness.eu\\\/fr\\\/#organization\",\"name\":\"Evolve\",\"url\":\"https:\\\/\\\/evolve-fitness.eu\\\/fr\\\/\",\"logo\":{\"@type\":\"ImageObject\",\"inLanguage\":\"fr-FR\",\"@id\":\"https:\\\/\\\/evolve-fitness.eu\\\/fr\\\/#\\\/schema\\\/logo\\\/image\\\/\",\"url\":\"https:\\\/\\\/evolve-fitness.eu\\\/wp-content\\\/uploads\\\/2023\\\/05\\\/Evolve-logo.svg\",\"contentUrl\":\"https:\\\/\\\/evolve-fitness.eu\\\/wp-content\\\/uploads\\\/2023\\\/05\\\/Evolve-logo.svg\",\"width\":176,\"height\":20,\"caption\":\"Evolve\"},\"image\":{\"@id\":\"https:\\\/\\\/evolve-fitness.eu\\\/fr\\\/#\\\/schema\\\/logo\\\/image\\\/\"},\"sameAs\":[\"https:\\\/\\\/www.facebook.com\\\/EvolveFitnessEurope\"]}]}<\/script>\n<!-- \/ Yoast SEO plugin. -->","yoast_head_json":{"title":"Evolve Mini Band Set 3 en 1 (FB-300) - Evolve","description":"L'Evolve Mini Band 3-in-1 Set est un outil d'entra\u00eenement pratique et polyvalent compos\u00e9 de trois bandes de r\u00e9sistance diff\u00e9rentes.","robots":{"index":"index","follow":"follow","max-snippet":"max-snippet:-1","max-image-preview":"max-image-preview:large","max-video-preview":"max-video-preview:-1"},"canonical":"https:\/\/evolve-fitness.eu\/fr\/produit\/evolve-mini-band-set-3-en-1\/","og_locale":"fr_FR","og_type":"article","og_title":"Evolve Mini Band Set 3 en 1 (FB-300) - Evolve","og_description":"L'Evolve Mini Band 3-in-1 Set est un outil d'entra\u00eenement pratique et polyvalent compos\u00e9 de trois bandes de r\u00e9sistance diff\u00e9rentes.","og_url":"https:\/\/evolve-fitness.eu\/fr\/produit\/evolve-mini-band-set-3-en-1\/","og_site_name":"Evolve","article_publisher":"https:\/\/www.facebook.com\/EvolveFitnessEurope","article_modified_time":"2026-04-07T14:31:46+00:00","og_image":[{"width":2060,"height":1373,"url":"https:\/\/evolve-fitness.eu\/wp-content\/uploads\/2025\/03\/EV-BD-FB-300-Evolve-Mini-Band-Set-3-in-1-4.jpg","type":"image\/jpeg"}],"twitter_card":"summary_large_image","schema":{"@context":"https:\/\/schema.org","@graph":[{"@type":"WebPage","@id":"https:\/\/evolve-fitness.eu\/fr\/produit\/evolve-mini-band-set-3-en-1\/","url":"https:\/\/evolve-fitness.eu\/fr\/produit\/evolve-mini-band-set-3-en-1\/","name":"Evolve Mini Band Set 3 en 1 (FB-300) - Evolve","isPartOf":{"@id":"https:\/\/evolve-fitness.eu\/fr\/#website"},"primaryImageOfPage":{"@id":"https:\/\/evolve-fitness.eu\/fr\/produit\/evolve-mini-band-set-3-en-1\/#primaryimage"},"image":{"@id":"https:\/\/evolve-fitness.eu\/fr\/produit\/evolve-mini-band-set-3-en-1\/#primaryimage"},"thumbnailUrl":"https:\/\/evolve-fitness.eu\/wp-content\/uploads\/2025\/03\/EV-BD-FB-300-Evolve-Mini-Band-Set-3-in-1-4.jpg","datePublished":"2025-03-26T07:04:29+00:00","dateModified":"2026-04-07T14:31:46+00:00","description":"L'Evolve Mini Band 3-in-1 Set est un outil d'entra\u00eenement pratique et polyvalent compos\u00e9 de trois bandes de r\u00e9sistance diff\u00e9rentes.","breadcrumb":{"@id":"https:\/\/evolve-fitness.eu\/fr\/produit\/evolve-mini-band-set-3-en-1\/#breadcrumb"},"inLanguage":"fr-FR","potentialAction":[{"@type":"ReadAction","target":["https:\/\/evolve-fitness.eu\/fr\/produit\/evolve-mini-band-set-3-en-1\/"]}]},{"@type":"ImageObject","inLanguage":"fr-FR","@id":"https:\/\/evolve-fitness.eu\/fr\/produit\/evolve-mini-band-set-3-en-1\/#primaryimage","url":"https:\/\/evolve-fitness.eu\/wp-content\/uploads\/2025\/03\/EV-BD-FB-300-Evolve-Mini-Band-Set-3-in-1-4.jpg","contentUrl":"https:\/\/evolve-fitness.eu\/wp-content\/uploads\/2025\/03\/EV-BD-FB-300-Evolve-Mini-Band-Set-3-in-1-4.jpg","width":2060,"height":1373},{"@type":"BreadcrumbList","@id":"https:\/\/evolve-fitness.eu\/fr\/produit\/evolve-mini-band-set-3-en-1\/#breadcrumb","itemListElement":[{"@type":"ListItem","position":1,"name":"Home","item":"https:\/\/evolve-fitness.eu\/fr\/"},{"@type":"ListItem","position":2,"name":"Produits","item":"https:\/\/evolve-fitness.eu\/fr\/shop\/"},{"@type":"ListItem","position":3,"name":"Evolve Mini Band Set 3 en 1 (FB-300)"}]},{"@type":"WebSite","@id":"https:\/\/evolve-fitness.eu\/fr\/#website","url":"https:\/\/evolve-fitness.eu\/fr\/","name":"Evolve","description":"Your Evolved Gear Arrived","publisher":{"@id":"https:\/\/evolve-fitness.eu\/fr\/#organization"},"potentialAction":[{"@type":"SearchAction","target":{"@type":"EntryPoint","urlTemplate":"https:\/\/evolve-fitness.eu\/fr\/?s={search_term_string}"},"query-input":{"@type":"PropertyValueSpecification","valueRequired":true,"valueName":"search_term_string"}}],"inLanguage":"fr-FR"},{"@type":"Organization","@id":"https:\/\/evolve-fitness.eu\/fr\/#organization","name":"Evolve","url":"https:\/\/evolve-fitness.eu\/fr\/","logo":{"@type":"ImageObject","inLanguage":"fr-FR","@id":"https:\/\/evolve-fitness.eu\/fr\/#\/schema\/logo\/image\/","url":"https:\/\/evolve-fitness.eu\/wp-content\/uploads\/2023\/05\/Evolve-logo.svg","contentUrl":"https:\/\/evolve-fitness.eu\/wp-content\/uploads\/2023\/05\/Evolve-logo.svg","width":176,"height":20,"caption":"Evolve"},"image":{"@id":"https:\/\/evolve-fitness.eu\/fr\/#\/schema\/logo\/image\/"},"sameAs":["https:\/\/www.facebook.com\/EvolveFitnessEurope"]}]}},"_links":{"self":[{"href":"https:\/\/evolve-fitness.eu\/fr\/wp-json\/wp\/v2\/product\/227815","targetHints":{"allow":["GET"]}}],"collection":[{"href":"https:\/\/evolve-fitness.eu\/fr\/wp-json\/wp\/v2\/product"}],"about":[{"href":"https:\/\/evolve-fitness.eu\/fr\/wp-json\/wp\/v2\/types\/product"}],"wp:featuredmedia":[{"embeddable":true,"href":"https:\/\/evolve-fitness.eu\/fr\/wp-json\/wp\/v2\/media\/189075"}],"wp:attachment":[{"href":"https:\/\/evolve-fitness.eu\/fr\/wp-json\/wp\/v2\/media?parent=227815"}],"wp:term":[{"taxonomy":"product_brand","embeddable":true,"href":"https:\/\/evolve-fitness.eu\/fr\/wp-json\/wp\/v2\/product_brand?post=227815"},{"taxonomy":"product_cat","embeddable":true,"href":"https:\/\/evolve-fitness.eu\/fr\/wp-json\/wp\/v2\/product_cat?post=227815"},{"taxonomy":"product_tag","embeddable":true,"href":"https:\/\/evolve-fitness.eu\/fr\/wp-json\/wp\/v2\/product_tag?post=227815"}],"curies":[{"name":"wp","href":"https:\/\/api.w.org\/{rel}","templated":true}]}}