{"id":227899,"date":"2025-10-13T07:13:31","date_gmt":"2025-10-13T04:13:31","guid":{"rendered":"https:\/\/evolve-fitness.eu\/product\/evolve-studio-pump-rack-20-pcs-pr-250\/"},"modified":"2026-04-04T19:55:07","modified_gmt":"2026-04-04T16:55:07","slug":"evolve-studio-pump-rack-20-pcs-pr-250","status":"publish","type":"product","link":"https:\/\/evolve-fitness.eu\/fr\/produit\/evolve-studio-pump-rack-20-pcs-pr-250\/","title":{"rendered":"Evolve Studio-Pump Rack &#8211; 20 pcs (PR-250)"},"content":{"rendered":"\n<section class=\"wp-block-group alignfull black-content has-white-color has-darkgray-background-color has-text-color has-background is-layout-constrained wp-block-group-is-layout-constrained\" style=\"padding-top:var(--wp--preset--spacing--section-bottom);padding-bottom:var(--wp--preset--spacing--section-bottom)\">\n<div class=\"wp-block-columns alignwide mobile-reverse is-layout-flex wp-container-core-columns-is-layout-ca64bf2d wp-block-columns-is-layout-flex\" style=\"margin-bottom:var(--wp--preset--spacing--side-padding)\">\n<div class=\"wp-block-column is-vertically-aligned-center is-layout-flow wp-block-column-is-layout-flow\">\n<h3 class=\"wp-block-heading\" style=\"margin-bottom:var(--wp--preset--spacing--h-3-bottom)\"><strong><strong><strong><strong><strong><strong><strong><strong><strong>Objectif et fonction<\/strong><\/strong><\/strong><\/strong><\/strong><\/strong><\/strong><\/strong><\/strong><\/h3>\n\n\n\n<p>Le support Evolve Body-Pump est con\u00e7u pour ranger et organiser jusqu&rsquo;\u00e0 <strong>20 ensembles Body Pump complets<\/strong> (halt\u00e8res avec plaques de poids). Il garantit un environnement d&rsquo;entra\u00eenement propre et efficace, permettant aux utilisateurs d&rsquo;acc\u00e9der rapidement \u00e0 l&rsquo;\u00e9quipement pendant les cours collectifs de fitness. <\/p>\n<\/div>\n\n\n\n<div class=\"wp-block-column is-vertically-aligned-center is-layout-flow wp-block-column-is-layout-flow\">\n<figure class=\"wp-block-image size-full is-resized\"><img loading=\"lazy\" decoding=\"async\" width=\"810\" height=\"810\" src=\"https:\/\/evolve-fitness.eu\/wp-content\/uploads\/2025\/10\/EV-SC-PR-250.png\" alt=\"\" class=\"wp-image-211103\" style=\"width:660px;height:auto\" srcset=\"https:\/\/evolve-fitness.eu\/wp-content\/uploads\/2025\/10\/EV-SC-PR-250.png 810w, https:\/\/evolve-fitness.eu\/wp-content\/uploads\/2025\/10\/EV-SC-PR-250-300x300.png 300w, https:\/\/evolve-fitness.eu\/wp-content\/uploads\/2025\/10\/EV-SC-PR-250-150x150.png 150w, https:\/\/evolve-fitness.eu\/wp-content\/uploads\/2025\/10\/EV-SC-PR-250-768x768.png 768w, https:\/\/evolve-fitness.eu\/wp-content\/uploads\/2025\/10\/EV-SC-PR-250-600x600.png 600w\" sizes=\"auto, (max-width: 810px) 100vw, 810px\" \/><\/figure>\n<\/div>\n<\/div>\n\n\n\n<div class=\"wp-block-columns alignwide is-layout-flex wp-container-core-columns-is-layout-c45ee707 wp-block-columns-is-layout-flex\" style=\"margin-bottom:var(--wp--preset--spacing--side-padding);padding-top:var(--wp--preset--spacing--side-padding)\">\n<div class=\"wp-block-column is-vertically-aligned-center is-layout-flow wp-block-column-is-layout-flow\">\n<figure class=\"wp-block-image size-full\"><img loading=\"lazy\" decoding=\"async\" width=\"810\" height=\"810\" src=\"https:\/\/evolve-fitness.eu\/wp-content\/uploads\/2025\/10\/Heading-5-1.png\" alt=\"\" class=\"wp-image-211130\" srcset=\"https:\/\/evolve-fitness.eu\/wp-content\/uploads\/2025\/10\/Heading-5-1.png 810w, https:\/\/evolve-fitness.eu\/wp-content\/uploads\/2025\/10\/Heading-5-1-300x300.png 300w, https:\/\/evolve-fitness.eu\/wp-content\/uploads\/2025\/10\/Heading-5-1-150x150.png 150w, https:\/\/evolve-fitness.eu\/wp-content\/uploads\/2025\/10\/Heading-5-1-768x768.png 768w, https:\/\/evolve-fitness.eu\/wp-content\/uploads\/2025\/10\/Heading-5-1-600x600.png 600w\" sizes=\"auto, (max-width: 810px) 100vw, 810px\" \/><\/figure>\n<\/div>\n\n\n\n<div class=\"wp-block-column is-vertically-aligned-center is-layout-constrained wp-block-column-is-layout-constrained\">\n<h3 class=\"wp-block-heading\" style=\"margin-bottom:var(--wp--preset--spacing--h-3-bottom)\"><strong><strong><strong><strong><strong><strong><strong><strong><strong><strong>Construction et mat\u00e9riaux<\/strong><\/strong><\/strong><\/strong><\/strong><\/strong><\/strong><\/strong><\/strong><\/strong><\/h3>\n\n\n\n<p>Le rack est construit en <strong>acier durable<\/strong>, ce qui lui conf\u00e8re une excellente stabilit\u00e9 et une r\u00e9sistance \u00e0 long terme.<br\/>Tous les \u00e9l\u00e9ments de connexion sont renforc\u00e9s pour une performance fiable, tandis que la <strong>finition en poudre<\/strong> prot\u00e8ge contre la corrosion et l&rsquo;usure.<br\/>Les supports lat\u00e9raux et les barres de soutien sont soigneusement positionn\u00e9s pour maintenir les barres et les assiettes en place en toute s\u00e9curit\u00e9.<\/p>\n<\/div>\n<\/div>\n\n\n\n<p class=\"has-text-align-center has-medium-2-font-size\" style=\"padding-top:var(--wp--preset--spacing--tb-padding);padding-bottom:var(--wp--preset--spacing--tb-padding)\"><\/p>\n<\/section>\n","protected":false},"excerpt":{"rendered":"<p>Le support Evolve Body-Pump &#8211; 20 pcs est une solution de stockage professionnelle con\u00e7ue pour organiser jusqu&rsquo;\u00e0 vingt ensembles Body-Pump complets, y compris les barres et les plaques de poids. Fabriqu\u00e9 en acier durable avec un rev\u00eatement en poudre r\u00e9sistant \u00e0 la corrosion, il garantit une stabilit\u00e9 et une fiabilit\u00e9 durables dans les environnements d&rsquo;entra\u00eenement commerciaux et collectifs. Le rack comporte des supports bien espac\u00e9s qui permettent d&rsquo;acc\u00e9der rapidement et facilement \u00e0 chaque ensemble tout en maintenant une zone d&rsquo;entra\u00eenement propre et organis\u00e9e. Gr\u00e2ce \u00e0 sa construction robuste et \u00e0 son design \u00e9l\u00e9gant, le support Evolve Body-Pump maximise l&rsquo;efficacit\u00e9 de l&rsquo;espace, am\u00e9liore la s\u00e9curit\u00e9 et conf\u00e8re un aspect professionnel \u00e0 tout centre de remise en forme.   <\/p>\n<p>&nbsp;<\/p>\n","protected":false},"featured_media":227903,"template":"","meta":{"_acf_changed":false,"inline_featured_image":false},"product_brand":[],"product_cat":[1452,2878],"product_tag":[],"class_list":{"0":"post-227899","1":"product","2":"type-product","3":"status-publish","4":"has-post-thumbnail","6":"product_cat-poids-libres","7":"product_cat-rayonnages-et-solutions-de-stockage","9":"first","10":"instock","11":"shipping-taxable","12":"purchasable","13":"product-type-simple"},"acf":{"long_title":"Evolve Body-Pump Rack - 20 pcs (PR-250)","subtitle":"","specifications":[{"label":"SKU","text_value":"EV-RS-PR-250","icon":"x"},{"label":"Dimensions","text_value":"1828,5 x 694 x 1603,5 mm","icon":"x"},{"label":"Poids","text_value":"37,7 kg","icon":"x"},{"label":"Garantie","text_value":"2 ans","icon":"x"}]},"yoast_head":"<!-- This site is optimized with the Yoast SEO plugin v26.6 - https:\/\/yoast.com\/wordpress\/plugins\/seo\/ -->\n<title>Evolve Studio-Pump Rack - 20 pcs (PR-250) - Evolve<\/title>\n<meta name=\"description\" content=\"Le Evolve Body-Pump Rack - 20 pcs est une solution de stockage professionnelle con\u00e7ue pour organiser jusqu&#039;\u00e0 vingt ensembles Body Pump complets, y compris les barres.\" \/>\n<meta name=\"robots\" content=\"index, follow, max-snippet:-1, max-image-preview:large, max-video-preview:-1\" \/>\n<link rel=\"canonical\" href=\"https:\/\/evolve-fitness.eu\/fr\/produit\/evolve-studio-pump-rack-20-pcs-pr-250\/\" \/>\n<meta property=\"og:locale\" content=\"fr_FR\" \/>\n<meta property=\"og:type\" content=\"article\" \/>\n<meta property=\"og:title\" content=\"Evolve Studio-Pump Rack - 20 pcs (PR-250) - Evolve\" \/>\n<meta property=\"og:description\" content=\"Le Evolve Body-Pump Rack - 20 pcs est une solution de stockage professionnelle con\u00e7ue pour organiser jusqu&#039;\u00e0 vingt ensembles Body Pump complets, y compris les barres.\" \/>\n<meta property=\"og:url\" content=\"https:\/\/evolve-fitness.eu\/fr\/produit\/evolve-studio-pump-rack-20-pcs-pr-250\/\" \/>\n<meta property=\"og:site_name\" content=\"Evolve\" \/>\n<meta property=\"article:publisher\" content=\"https:\/\/www.facebook.com\/EvolveFitnessEurope\" \/>\n<meta property=\"article:modified_time\" content=\"2026-04-04T16:55:07+00:00\" \/>\n<meta property=\"og:image\" content=\"https:\/\/evolve-fitness.eu\/wp-content\/uploads\/2025\/10\/EV-SC-PR-250-1.png\" \/>\n\t<meta property=\"og:image:width\" content=\"810\" \/>\n\t<meta property=\"og:image:height\" content=\"810\" \/>\n\t<meta property=\"og:image:type\" content=\"image\/png\" \/>\n<meta name=\"twitter:card\" content=\"summary_large_image\" \/>\n<script type=\"application\/ld+json\" class=\"yoast-schema-graph\">{\"@context\":\"https:\/\/schema.org\",\"@graph\":[{\"@type\":\"WebPage\",\"@id\":\"https:\/\/evolve-fitness.eu\/fr\/produit\/evolve-studio-pump-rack-20-pcs-pr-250\/\",\"url\":\"https:\/\/evolve-fitness.eu\/fr\/produit\/evolve-studio-pump-rack-20-pcs-pr-250\/\",\"name\":\"Evolve Studio-Pump Rack - 20 pcs (PR-250) - Evolve\",\"isPartOf\":{\"@id\":\"https:\/\/evolve-fitness.eu\/fr\/#website\"},\"primaryImageOfPage\":{\"@id\":\"https:\/\/evolve-fitness.eu\/fr\/produit\/evolve-studio-pump-rack-20-pcs-pr-250\/#primaryimage\"},\"image\":{\"@id\":\"https:\/\/evolve-fitness.eu\/fr\/produit\/evolve-studio-pump-rack-20-pcs-pr-250\/#primaryimage\"},\"thumbnailUrl\":\"https:\/\/evolve-fitness.eu\/wp-content\/uploads\/2025\/10\/EV-SC-PR-250-1.png\",\"datePublished\":\"2025-10-13T04:13:31+00:00\",\"dateModified\":\"2026-04-04T16:55:07+00:00\",\"description\":\"Le Evolve Body-Pump Rack - 20 pcs est une solution de stockage professionnelle con\u00e7ue pour organiser jusqu'\u00e0 vingt ensembles Body Pump complets, y compris les barres.\",\"breadcrumb\":{\"@id\":\"https:\/\/evolve-fitness.eu\/fr\/produit\/evolve-studio-pump-rack-20-pcs-pr-250\/#breadcrumb\"},\"inLanguage\":\"fr-FR\",\"potentialAction\":[{\"@type\":\"ReadAction\",\"target\":[\"https:\/\/evolve-fitness.eu\/fr\/produit\/evolve-studio-pump-rack-20-pcs-pr-250\/\"]}]},{\"@type\":\"ImageObject\",\"inLanguage\":\"fr-FR\",\"@id\":\"https:\/\/evolve-fitness.eu\/fr\/produit\/evolve-studio-pump-rack-20-pcs-pr-250\/#primaryimage\",\"url\":\"https:\/\/evolve-fitness.eu\/wp-content\/uploads\/2025\/10\/EV-SC-PR-250-1.png\",\"contentUrl\":\"https:\/\/evolve-fitness.eu\/wp-content\/uploads\/2025\/10\/EV-SC-PR-250-1.png\",\"width\":810,\"height\":810},{\"@type\":\"BreadcrumbList\",\"@id\":\"https:\/\/evolve-fitness.eu\/fr\/produit\/evolve-studio-pump-rack-20-pcs-pr-250\/#breadcrumb\",\"itemListElement\":[{\"@type\":\"ListItem\",\"position\":1,\"name\":\"Home\",\"item\":\"https:\/\/evolve-fitness.eu\/fr\/\"},{\"@type\":\"ListItem\",\"position\":2,\"name\":\"Produits\",\"item\":\"https:\/\/evolve-fitness.eu\/fr\/shop\/\"},{\"@type\":\"ListItem\",\"position\":3,\"name\":\"Evolve Studio-Pump Rack &#8211; 20 pcs (PR-250)\"}]},{\"@type\":\"WebSite\",\"@id\":\"https:\/\/evolve-fitness.eu\/fr\/#website\",\"url\":\"https:\/\/evolve-fitness.eu\/fr\/\",\"name\":\"Evolve\",\"description\":\"Your Evolved Gear Arrived\",\"publisher\":{\"@id\":\"https:\/\/evolve-fitness.eu\/fr\/#organization\"},\"potentialAction\":[{\"@type\":\"SearchAction\",\"target\":{\"@type\":\"EntryPoint\",\"urlTemplate\":\"https:\/\/evolve-fitness.eu\/fr\/?s={search_term_string}\"},\"query-input\":{\"@type\":\"PropertyValueSpecification\",\"valueRequired\":true,\"valueName\":\"search_term_string\"}}],\"inLanguage\":\"fr-FR\"},{\"@type\":\"Organization\",\"@id\":\"https:\/\/evolve-fitness.eu\/fr\/#organization\",\"name\":\"Evolve\",\"url\":\"https:\/\/evolve-fitness.eu\/fr\/\",\"logo\":{\"@type\":\"ImageObject\",\"inLanguage\":\"fr-FR\",\"@id\":\"https:\/\/evolve-fitness.eu\/fr\/#\/schema\/logo\/image\/\",\"url\":\"https:\/\/evolve-fitness.eu\/wp-content\/uploads\/2023\/05\/Evolve-logo.svg\",\"contentUrl\":\"https:\/\/evolve-fitness.eu\/wp-content\/uploads\/2023\/05\/Evolve-logo.svg\",\"width\":176,\"height\":20,\"caption\":\"Evolve\"},\"image\":{\"@id\":\"https:\/\/evolve-fitness.eu\/fr\/#\/schema\/logo\/image\/\"},\"sameAs\":[\"https:\/\/www.facebook.com\/EvolveFitnessEurope\"]}]}<\/script>\n<!-- \/ Yoast SEO plugin. -->","yoast_head_json":{"title":"Evolve Studio-Pump Rack - 20 pcs (PR-250) - Evolve","description":"Le Evolve Body-Pump Rack - 20 pcs est une solution de stockage professionnelle con\u00e7ue pour organiser jusqu'\u00e0 vingt ensembles Body Pump complets, y compris les barres.","robots":{"index":"index","follow":"follow","max-snippet":"max-snippet:-1","max-image-preview":"max-image-preview:large","max-video-preview":"max-video-preview:-1"},"canonical":"https:\/\/evolve-fitness.eu\/fr\/produit\/evolve-studio-pump-rack-20-pcs-pr-250\/","og_locale":"fr_FR","og_type":"article","og_title":"Evolve Studio-Pump Rack - 20 pcs (PR-250) - Evolve","og_description":"Le Evolve Body-Pump Rack - 20 pcs est une solution de stockage professionnelle con\u00e7ue pour organiser jusqu'\u00e0 vingt ensembles Body Pump complets, y compris les barres.","og_url":"https:\/\/evolve-fitness.eu\/fr\/produit\/evolve-studio-pump-rack-20-pcs-pr-250\/","og_site_name":"Evolve","article_publisher":"https:\/\/www.facebook.com\/EvolveFitnessEurope","article_modified_time":"2026-04-04T16:55:07+00:00","og_image":[{"width":810,"height":810,"url":"https:\/\/evolve-fitness.eu\/wp-content\/uploads\/2025\/10\/EV-SC-PR-250-1.png","type":"image\/png"}],"twitter_card":"summary_large_image","schema":{"@context":"https:\/\/schema.org","@graph":[{"@type":"WebPage","@id":"https:\/\/evolve-fitness.eu\/fr\/produit\/evolve-studio-pump-rack-20-pcs-pr-250\/","url":"https:\/\/evolve-fitness.eu\/fr\/produit\/evolve-studio-pump-rack-20-pcs-pr-250\/","name":"Evolve Studio-Pump Rack - 20 pcs (PR-250) - Evolve","isPartOf":{"@id":"https:\/\/evolve-fitness.eu\/fr\/#website"},"primaryImageOfPage":{"@id":"https:\/\/evolve-fitness.eu\/fr\/produit\/evolve-studio-pump-rack-20-pcs-pr-250\/#primaryimage"},"image":{"@id":"https:\/\/evolve-fitness.eu\/fr\/produit\/evolve-studio-pump-rack-20-pcs-pr-250\/#primaryimage"},"thumbnailUrl":"https:\/\/evolve-fitness.eu\/wp-content\/uploads\/2025\/10\/EV-SC-PR-250-1.png","datePublished":"2025-10-13T04:13:31+00:00","dateModified":"2026-04-04T16:55:07+00:00","description":"Le Evolve Body-Pump Rack - 20 pcs est une solution de stockage professionnelle con\u00e7ue pour organiser jusqu'\u00e0 vingt ensembles Body Pump complets, y compris les barres.","breadcrumb":{"@id":"https:\/\/evolve-fitness.eu\/fr\/produit\/evolve-studio-pump-rack-20-pcs-pr-250\/#breadcrumb"},"inLanguage":"fr-FR","potentialAction":[{"@type":"ReadAction","target":["https:\/\/evolve-fitness.eu\/fr\/produit\/evolve-studio-pump-rack-20-pcs-pr-250\/"]}]},{"@type":"ImageObject","inLanguage":"fr-FR","@id":"https:\/\/evolve-fitness.eu\/fr\/produit\/evolve-studio-pump-rack-20-pcs-pr-250\/#primaryimage","url":"https:\/\/evolve-fitness.eu\/wp-content\/uploads\/2025\/10\/EV-SC-PR-250-1.png","contentUrl":"https:\/\/evolve-fitness.eu\/wp-content\/uploads\/2025\/10\/EV-SC-PR-250-1.png","width":810,"height":810},{"@type":"BreadcrumbList","@id":"https:\/\/evolve-fitness.eu\/fr\/produit\/evolve-studio-pump-rack-20-pcs-pr-250\/#breadcrumb","itemListElement":[{"@type":"ListItem","position":1,"name":"Home","item":"https:\/\/evolve-fitness.eu\/fr\/"},{"@type":"ListItem","position":2,"name":"Produits","item":"https:\/\/evolve-fitness.eu\/fr\/shop\/"},{"@type":"ListItem","position":3,"name":"Evolve Studio-Pump Rack &#8211; 20 pcs (PR-250)"}]},{"@type":"WebSite","@id":"https:\/\/evolve-fitness.eu\/fr\/#website","url":"https:\/\/evolve-fitness.eu\/fr\/","name":"Evolve","description":"Your Evolved Gear Arrived","publisher":{"@id":"https:\/\/evolve-fitness.eu\/fr\/#organization"},"potentialAction":[{"@type":"SearchAction","target":{"@type":"EntryPoint","urlTemplate":"https:\/\/evolve-fitness.eu\/fr\/?s={search_term_string}"},"query-input":{"@type":"PropertyValueSpecification","valueRequired":true,"valueName":"search_term_string"}}],"inLanguage":"fr-FR"},{"@type":"Organization","@id":"https:\/\/evolve-fitness.eu\/fr\/#organization","name":"Evolve","url":"https:\/\/evolve-fitness.eu\/fr\/","logo":{"@type":"ImageObject","inLanguage":"fr-FR","@id":"https:\/\/evolve-fitness.eu\/fr\/#\/schema\/logo\/image\/","url":"https:\/\/evolve-fitness.eu\/wp-content\/uploads\/2023\/05\/Evolve-logo.svg","contentUrl":"https:\/\/evolve-fitness.eu\/wp-content\/uploads\/2023\/05\/Evolve-logo.svg","width":176,"height":20,"caption":"Evolve"},"image":{"@id":"https:\/\/evolve-fitness.eu\/fr\/#\/schema\/logo\/image\/"},"sameAs":["https:\/\/www.facebook.com\/EvolveFitnessEurope"]}]}},"_links":{"self":[{"href":"https:\/\/evolve-fitness.eu\/fr\/wp-json\/wp\/v2\/product\/227899","targetHints":{"allow":["GET"]}}],"collection":[{"href":"https:\/\/evolve-fitness.eu\/fr\/wp-json\/wp\/v2\/product"}],"about":[{"href":"https:\/\/evolve-fitness.eu\/fr\/wp-json\/wp\/v2\/types\/product"}],"wp:featuredmedia":[{"embeddable":true,"href":"https:\/\/evolve-fitness.eu\/fr\/wp-json\/wp\/v2\/media\/227903"}],"wp:attachment":[{"href":"https:\/\/evolve-fitness.eu\/fr\/wp-json\/wp\/v2\/media?parent=227899"}],"wp:term":[{"taxonomy":"product_brand","embeddable":true,"href":"https:\/\/evolve-fitness.eu\/fr\/wp-json\/wp\/v2\/product_brand?post=227899"},{"taxonomy":"product_cat","embeddable":true,"href":"https:\/\/evolve-fitness.eu\/fr\/wp-json\/wp\/v2\/product_cat?post=227899"},{"taxonomy":"product_tag","embeddable":true,"href":"https:\/\/evolve-fitness.eu\/fr\/wp-json\/wp\/v2\/product_tag?post=227899"}],"curies":[{"name":"wp","href":"https:\/\/api.w.org\/{rel}","templated":true}]}}