{"id":227960,"date":"2025-10-07T08:12:08","date_gmt":"2025-10-07T05:12:08","guid":{"rendered":"https:\/\/evolve-fitness.eu\/product\/evolve-prime-series-developpeur-de-fessiers-pr-325\/"},"modified":"2026-04-07T11:59:59","modified_gmt":"2026-04-07T08:59:59","slug":"evolve-prime-series-developpeur-de-fessiers-pr-325","status":"publish","type":"product","link":"https:\/\/evolve-fitness.eu\/fr\/produit\/evolve-prime-series-developpeur-de-fessiers-pr-325\/","title":{"rendered":"Evolve Prime Series D\u00e9veloppeur de fessiers (PR-325)"},"content":{"rendered":"\n<section class=\"wp-block-group alignfull black-content has-white-color has-darkgray-background-color has-text-color has-background is-layout-constrained wp-block-group-is-layout-constrained\" style=\"padding-top:var(--wp--preset--spacing--section-bottom);padding-bottom:var(--wp--preset--spacing--section-bottom)\">\n<div class=\"wp-block-columns alignwide mobile-reverse is-layout-flex wp-container-core-columns-is-layout-ca64bf2d wp-block-columns-is-layout-flex\" style=\"margin-bottom:var(--wp--preset--spacing--side-padding)\">\n<div class=\"wp-block-column is-vertically-aligned-center is-layout-flow wp-block-column-is-layout-flow\">\n<h3 class=\"wp-block-heading\" style=\"margin-bottom:var(--wp--preset--spacing--h-3-bottom)\"><strong><strong><strong><strong><strong><strong><strong>Durable et personnalisable<\/strong><\/strong><\/strong><\/strong><\/strong><\/strong><\/strong><\/h3>\n\n\n\n<p><strong><em><strong><em><strong><strong><strong><strong><strong>Bancs de fitness<\/strong><\/strong><\/strong><\/strong><\/strong><\/em><\/strong><\/em><\/strong><\/p>\n\n\n\n<p style=\"margin-bottom:var(--wp--preset--spacing--tb-section-padding)\">Am\u00e9liorez votre espace de fitness avec nos bancs Evolve. Fabriqu\u00e9s \u00e0 partir d&rsquo;une structure m\u00e9tallique solide utilisant la technologie de pointe de pulv\u00e9risation \u00e9lectrostatique de poudre thermodurcissable, ces bancs sont construits pour durer. Leur conception robuste leur permet de r\u00e9pondre aux exigences des particuliers, des salles de sport professionnelles et des centres de remise en forme commerciaux, y compris les bases militaires, les h\u00f4tels, les auberges et les centres de r\u00e9adaptation.<\/p>\n\n\n\n<h3 class=\"wp-block-heading\" style=\"margin-bottom:var(--wp--preset--spacing--h-3-bottom)\"><strong>Fonctionnel<\/strong> <strong>Stabilit\u00e9<\/strong><\/h3>\n\n\n\n<p><strong><em><strong><em><strong><strong><strong><strong><strong>Couvertures en PVC<\/strong><\/strong><\/strong><\/strong><\/strong><\/em><\/strong><\/em><\/strong><\/p>\n\n\n\n<p>Nos bancs Evolve sont con\u00e7us avec des couvre-pieds protecteurs <strong>en cuir microfibre<\/strong> qui prot\u00e8gent vos sols tout en garantissant une stabilit\u00e9 exceptionnelle, m\u00eame pendant les s\u00e9ances d&rsquo;entra\u00eenement les plus intenses. Con\u00e7us pour \u00eatre polyvalents, ces bancs offrent une exp\u00e9rience d&rsquo;entra\u00eenement fiable pour l&rsquo;ensemble du corps. Le rembourrage doux et confortable est rempli d&rsquo;une mousse dense et r\u00e9siliente qui conserve sa forme au fil du temps, tandis que le rev\u00eatement de haute qualit\u00e9 assure une durabilit\u00e9 durable.  <\/p>\n<\/div>\n\n\n\n<div class=\"wp-block-column is-vertically-aligned-center is-layout-flow wp-block-column-is-layout-flow\">\n<figure class=\"wp-block-image size-large\"><img loading=\"lazy\" decoding=\"async\" width=\"683\" height=\"1024\" src=\"https:\/\/evolve-fitness.eu\/wp-content\/uploads\/2023\/09\/A7_07059-683x1024.jpg\" alt=\"\" class=\"wp-image-8273\" srcset=\"https:\/\/evolve-fitness.eu\/wp-content\/uploads\/2023\/09\/A7_07059-683x1024.jpg 683w, https:\/\/evolve-fitness.eu\/wp-content\/uploads\/2023\/09\/A7_07059-300x450.jpg 300w, https:\/\/evolve-fitness.eu\/wp-content\/uploads\/2023\/09\/A7_07059-100x150.jpg 100w, https:\/\/evolve-fitness.eu\/wp-content\/uploads\/2023\/09\/A7_07059-600x900.jpg 600w, https:\/\/evolve-fitness.eu\/wp-content\/uploads\/2023\/09\/A7_07059-200x300.jpg 200w, https:\/\/evolve-fitness.eu\/wp-content\/uploads\/2023\/09\/A7_07059-768x1152.jpg 768w, https:\/\/evolve-fitness.eu\/wp-content\/uploads\/2023\/09\/A7_07059-1024x1536.jpg 1024w, https:\/\/evolve-fitness.eu\/wp-content\/uploads\/2023\/09\/A7_07059.jpg 1280w\" sizes=\"auto, (max-width: 683px) 100vw, 683px\" \/><\/figure>\n<\/div>\n<\/div>\n\n\n\n<div class=\"wp-block-columns alignwide is-layout-flex wp-container-core-columns-is-layout-c45ee707 wp-block-columns-is-layout-flex\" style=\"margin-bottom:var(--wp--preset--spacing--side-padding);padding-top:var(--wp--preset--spacing--side-padding)\">\n<div class=\"wp-block-column is-vertically-aligned-center is-layout-flow wp-block-column-is-layout-flow\">\n<figure class=\"wp-block-image size-large\"><img loading=\"lazy\" decoding=\"async\" width=\"1024\" height=\"1024\" src=\"https:\/\/evolve-fitness.eu\/wp-content\/uploads\/2025\/08\/Evolve-Prime-Series-Glute-Ham-Develope-EV-BN-PR-325-1024x1024.png\" alt=\"\" class=\"wp-image-202841\" srcset=\"https:\/\/evolve-fitness.eu\/wp-content\/uploads\/2025\/08\/Evolve-Prime-Series-Glute-Ham-Develope-EV-BN-PR-325-1024x1024.png 1024w, https:\/\/evolve-fitness.eu\/wp-content\/uploads\/2025\/08\/Evolve-Prime-Series-Glute-Ham-Develope-EV-BN-PR-325-300x300.png 300w, https:\/\/evolve-fitness.eu\/wp-content\/uploads\/2025\/08\/Evolve-Prime-Series-Glute-Ham-Develope-EV-BN-PR-325-150x150.png 150w, https:\/\/evolve-fitness.eu\/wp-content\/uploads\/2025\/08\/Evolve-Prime-Series-Glute-Ham-Develope-EV-BN-PR-325-768x768.png 768w, https:\/\/evolve-fitness.eu\/wp-content\/uploads\/2025\/08\/Evolve-Prime-Series-Glute-Ham-Develope-EV-BN-PR-325-1536x1536.png 1536w, https:\/\/evolve-fitness.eu\/wp-content\/uploads\/2025\/08\/Evolve-Prime-Series-Glute-Ham-Develope-EV-BN-PR-325-2048x2048.png 2048w, https:\/\/evolve-fitness.eu\/wp-content\/uploads\/2025\/08\/Evolve-Prime-Series-Glute-Ham-Develope-EV-BN-PR-325-600x600.png 600w\" sizes=\"auto, (max-width: 1024px) 100vw, 1024px\" \/><\/figure>\n<\/div>\n\n\n\n<div class=\"wp-block-column is-vertically-aligned-center is-layout-flow wp-block-column-is-layout-flow\">\n<h3 class=\"wp-block-heading\" style=\"margin-bottom:var(--wp--preset--spacing--h-3-bottom)\"><strong>Personnalis\u00e9 pour votre marque<\/strong><\/h3>\n\n\n\n<p><strong><em><strong><em>S&rsquo;harmoniser avec les couleurs de votre int\u00e9rieur<\/em><\/strong><\/em><\/strong><\/p>\n\n\n\n<p style=\"margin-bottom:var(--wp--preset--spacing--tb-section-padding)\">Am\u00e9liorez l&rsquo;image de marque de votre salle de sport en choisissant l&rsquo;\u00e9quipement Evolve. Nous proposons des options de personnalisation afin d&rsquo;harmoniser les couleurs de votre int\u00e9rieur. Vous pouvez m\u00eame personnaliser les couleurs du cadre et du rembourrage afin de les int\u00e9grer parfaitement \u00e0 l&rsquo;esth\u00e9tique de votre \u00e9tablissement. Obtenez l&rsquo;\u00e9quipement de fitness que vous attendiez &#8211; durable, \u00e9l\u00e9gant et adapt\u00e9 \u00e0 vos besoins sp\u00e9cifiques. Choisissez Evolve pour un \u00e9quipement de fitness de premier ordre qui excelle dans les environnements commerciaux et compl\u00e8te votre vision du design.<\/p>\n<\/div>\n<\/div>\n<\/section>\n","protected":false},"excerpt":{"rendered":"<p>Le d\u00e9veloppeur de fessiers et d&rsquo;ischio-jambiers Evolve Prime Series est un appareil d&rsquo;entra\u00eenement de qualit\u00e9 professionnelle con\u00e7u pour renforcer les fessiers, les ischio-jambiers et le bas du dos. Construit avec un cadre en acier durable, des r\u00e9glages ajustables et des rouleaux en mousse haute densit\u00e9 avec un rev\u00eatement en cuir PU, il assure \u00e0 la fois le confort et la stabilit\u00e9 pendant les s\u00e9ances d&rsquo;entra\u00eenement intenses. Id\u00e9al pour les athl\u00e8tes et les amateurs de musculation, il offre des performances fiables, une durabilit\u00e9 \u00e0 long terme et des options d&rsquo;entra\u00eenement polyvalentes pour d\u00e9velopper la puissance et la force fonctionnelle.  <\/p>\n","protected":false},"featured_media":210751,"template":"","meta":{"_acf_changed":false,"inline_featured_image":false},"product_brand":[],"product_cat":[1414,1851],"product_tag":[1418,1872],"class_list":{"0":"post-227960","1":"product","2":"type-product","3":"status-publish","4":"has-post-thumbnail","6":"product_cat-bancs","7":"product_cat-prime-series-bancs","8":"product_tag-banc","9":"product_tag-confort-fr","11":"first","12":"instock","13":"shipping-taxable","14":"purchasable","15":"product-type-simple"},"acf":{"long_title":"Evolve Prime Series D\u00e9veloppeur de fessiers (PR-325)","subtitle":"","specifications":[{"label":"SKU","text_value":"EV-BN-PR-325","icon":"x"},{"label":"Dimensions","text_value":"1595 x 1008 x 1436 - 1636 mm","icon":"x"},{"label":"Poids","text_value":"183 kg","icon":"x"},{"label":"Poids maximal de l'utilisateur  ","text_value":"180 kg","icon":"x"},{"label":"Epaisseur du cadre","text_value":"3 mm","icon":"x"},{"label":"Protecteurs de sol durables","text_value":"","icon":"v"},{"label":"Rembourrage \u00e9pais","text_value":"","icon":"v"},{"label":"Garantie","text_value":"2 ans","icon":"x"}]},"yoast_head":"<!-- This site is optimized with the Yoast SEO plugin v26.6 - https:\/\/yoast.com\/wordpress\/plugins\/seo\/ -->\n<title>Evolve Prime Series D\u00e9veloppeur de fessiers (PR-325) - Evolve<\/title>\n<meta name=\"description\" content=\"Le d\u00e9veloppeur de fessiers et de jambons Evolve Prime Series est un appareil d&#039;entra\u00eenement de qualit\u00e9 professionnelle con\u00e7u pour renforcer les fessiers, les ischio-jambiers et le bas du dos.\" \/>\n<meta name=\"robots\" content=\"index, follow, max-snippet:-1, max-image-preview:large, max-video-preview:-1\" \/>\n<link rel=\"canonical\" href=\"https:\/\/evolve-fitness.eu\/fr\/produit\/evolve-prime-series-developpeur-de-fessiers-pr-325\/\" \/>\n<meta property=\"og:locale\" content=\"fr_FR\" \/>\n<meta property=\"og:type\" content=\"article\" \/>\n<meta property=\"og:title\" content=\"Evolve Prime Series D\u00e9veloppeur de fessiers (PR-325) - Evolve\" \/>\n<meta property=\"og:description\" content=\"Le d\u00e9veloppeur de fessiers et de jambons Evolve Prime Series est un appareil d&#039;entra\u00eenement de qualit\u00e9 professionnelle con\u00e7u pour renforcer les fessiers, les ischio-jambiers et le bas du dos.\" \/>\n<meta property=\"og:url\" content=\"https:\/\/evolve-fitness.eu\/fr\/produit\/evolve-prime-series-developpeur-de-fessiers-pr-325\/\" \/>\n<meta property=\"og:site_name\" content=\"Evolve\" \/>\n<meta property=\"article:publisher\" content=\"https:\/\/www.facebook.com\/EvolveFitnessEurope\" \/>\n<meta property=\"article:modified_time\" content=\"2026-04-07T08:59:59+00:00\" \/>\n<meta property=\"og:image\" content=\"https:\/\/evolve-fitness.eu\/wp-content\/uploads\/2025\/10\/4-2.png\" \/>\n\t<meta property=\"og:image:width\" content=\"675\" \/>\n\t<meta property=\"og:image:height\" content=\"675\" \/>\n\t<meta property=\"og:image:type\" content=\"image\/png\" \/>\n<meta name=\"twitter:card\" content=\"summary_large_image\" \/>\n<script type=\"application\/ld+json\" class=\"yoast-schema-graph\">{\"@context\":\"https:\/\/schema.org\",\"@graph\":[{\"@type\":\"WebPage\",\"@id\":\"https:\/\/evolve-fitness.eu\/fr\/produit\/evolve-prime-series-developpeur-de-fessiers-pr-325\/\",\"url\":\"https:\/\/evolve-fitness.eu\/fr\/produit\/evolve-prime-series-developpeur-de-fessiers-pr-325\/\",\"name\":\"Evolve Prime Series D\u00e9veloppeur de fessiers (PR-325) - Evolve\",\"isPartOf\":{\"@id\":\"https:\/\/evolve-fitness.eu\/fr\/#website\"},\"primaryImageOfPage\":{\"@id\":\"https:\/\/evolve-fitness.eu\/fr\/produit\/evolve-prime-series-developpeur-de-fessiers-pr-325\/#primaryimage\"},\"image\":{\"@id\":\"https:\/\/evolve-fitness.eu\/fr\/produit\/evolve-prime-series-developpeur-de-fessiers-pr-325\/#primaryimage\"},\"thumbnailUrl\":\"https:\/\/evolve-fitness.eu\/wp-content\/uploads\/2025\/10\/4-2.png\",\"datePublished\":\"2025-10-07T05:12:08+00:00\",\"dateModified\":\"2026-04-07T08:59:59+00:00\",\"description\":\"Le d\u00e9veloppeur de fessiers et de jambons Evolve Prime Series est un appareil d'entra\u00eenement de qualit\u00e9 professionnelle con\u00e7u pour renforcer les fessiers, les ischio-jambiers et le bas du dos.\",\"breadcrumb\":{\"@id\":\"https:\/\/evolve-fitness.eu\/fr\/produit\/evolve-prime-series-developpeur-de-fessiers-pr-325\/#breadcrumb\"},\"inLanguage\":\"fr-FR\",\"potentialAction\":[{\"@type\":\"ReadAction\",\"target\":[\"https:\/\/evolve-fitness.eu\/fr\/produit\/evolve-prime-series-developpeur-de-fessiers-pr-325\/\"]}]},{\"@type\":\"ImageObject\",\"inLanguage\":\"fr-FR\",\"@id\":\"https:\/\/evolve-fitness.eu\/fr\/produit\/evolve-prime-series-developpeur-de-fessiers-pr-325\/#primaryimage\",\"url\":\"https:\/\/evolve-fitness.eu\/wp-content\/uploads\/2025\/10\/4-2.png\",\"contentUrl\":\"https:\/\/evolve-fitness.eu\/wp-content\/uploads\/2025\/10\/4-2.png\",\"width\":675,\"height\":675},{\"@type\":\"BreadcrumbList\",\"@id\":\"https:\/\/evolve-fitness.eu\/fr\/produit\/evolve-prime-series-developpeur-de-fessiers-pr-325\/#breadcrumb\",\"itemListElement\":[{\"@type\":\"ListItem\",\"position\":1,\"name\":\"Home\",\"item\":\"https:\/\/evolve-fitness.eu\/fr\/\"},{\"@type\":\"ListItem\",\"position\":2,\"name\":\"Produits\",\"item\":\"https:\/\/evolve-fitness.eu\/fr\/shop\/\"},{\"@type\":\"ListItem\",\"position\":3,\"name\":\"Evolve Prime Series D\u00e9veloppeur de fessiers (PR-325)\"}]},{\"@type\":\"WebSite\",\"@id\":\"https:\/\/evolve-fitness.eu\/fr\/#website\",\"url\":\"https:\/\/evolve-fitness.eu\/fr\/\",\"name\":\"Evolve\",\"description\":\"Your Evolved Gear Arrived\",\"publisher\":{\"@id\":\"https:\/\/evolve-fitness.eu\/fr\/#organization\"},\"potentialAction\":[{\"@type\":\"SearchAction\",\"target\":{\"@type\":\"EntryPoint\",\"urlTemplate\":\"https:\/\/evolve-fitness.eu\/fr\/?s={search_term_string}\"},\"query-input\":{\"@type\":\"PropertyValueSpecification\",\"valueRequired\":true,\"valueName\":\"search_term_string\"}}],\"inLanguage\":\"fr-FR\"},{\"@type\":\"Organization\",\"@id\":\"https:\/\/evolve-fitness.eu\/fr\/#organization\",\"name\":\"Evolve\",\"url\":\"https:\/\/evolve-fitness.eu\/fr\/\",\"logo\":{\"@type\":\"ImageObject\",\"inLanguage\":\"fr-FR\",\"@id\":\"https:\/\/evolve-fitness.eu\/fr\/#\/schema\/logo\/image\/\",\"url\":\"https:\/\/evolve-fitness.eu\/wp-content\/uploads\/2023\/05\/Evolve-logo.svg\",\"contentUrl\":\"https:\/\/evolve-fitness.eu\/wp-content\/uploads\/2023\/05\/Evolve-logo.svg\",\"width\":176,\"height\":20,\"caption\":\"Evolve\"},\"image\":{\"@id\":\"https:\/\/evolve-fitness.eu\/fr\/#\/schema\/logo\/image\/\"},\"sameAs\":[\"https:\/\/www.facebook.com\/EvolveFitnessEurope\"]}]}<\/script>\n<!-- \/ Yoast SEO plugin. -->","yoast_head_json":{"title":"Evolve Prime Series D\u00e9veloppeur de fessiers (PR-325) - Evolve","description":"Le d\u00e9veloppeur de fessiers et de jambons Evolve Prime Series est un appareil d'entra\u00eenement de qualit\u00e9 professionnelle con\u00e7u pour renforcer les fessiers, les ischio-jambiers et le bas du dos.","robots":{"index":"index","follow":"follow","max-snippet":"max-snippet:-1","max-image-preview":"max-image-preview:large","max-video-preview":"max-video-preview:-1"},"canonical":"https:\/\/evolve-fitness.eu\/fr\/produit\/evolve-prime-series-developpeur-de-fessiers-pr-325\/","og_locale":"fr_FR","og_type":"article","og_title":"Evolve Prime Series D\u00e9veloppeur de fessiers (PR-325) - Evolve","og_description":"Le d\u00e9veloppeur de fessiers et de jambons Evolve Prime Series est un appareil d'entra\u00eenement de qualit\u00e9 professionnelle con\u00e7u pour renforcer les fessiers, les ischio-jambiers et le bas du dos.","og_url":"https:\/\/evolve-fitness.eu\/fr\/produit\/evolve-prime-series-developpeur-de-fessiers-pr-325\/","og_site_name":"Evolve","article_publisher":"https:\/\/www.facebook.com\/EvolveFitnessEurope","article_modified_time":"2026-04-07T08:59:59+00:00","og_image":[{"width":675,"height":675,"url":"https:\/\/evolve-fitness.eu\/wp-content\/uploads\/2025\/10\/4-2.png","type":"image\/png"}],"twitter_card":"summary_large_image","schema":{"@context":"https:\/\/schema.org","@graph":[{"@type":"WebPage","@id":"https:\/\/evolve-fitness.eu\/fr\/produit\/evolve-prime-series-developpeur-de-fessiers-pr-325\/","url":"https:\/\/evolve-fitness.eu\/fr\/produit\/evolve-prime-series-developpeur-de-fessiers-pr-325\/","name":"Evolve Prime Series D\u00e9veloppeur de fessiers (PR-325) - Evolve","isPartOf":{"@id":"https:\/\/evolve-fitness.eu\/fr\/#website"},"primaryImageOfPage":{"@id":"https:\/\/evolve-fitness.eu\/fr\/produit\/evolve-prime-series-developpeur-de-fessiers-pr-325\/#primaryimage"},"image":{"@id":"https:\/\/evolve-fitness.eu\/fr\/produit\/evolve-prime-series-developpeur-de-fessiers-pr-325\/#primaryimage"},"thumbnailUrl":"https:\/\/evolve-fitness.eu\/wp-content\/uploads\/2025\/10\/4-2.png","datePublished":"2025-10-07T05:12:08+00:00","dateModified":"2026-04-07T08:59:59+00:00","description":"Le d\u00e9veloppeur de fessiers et de jambons Evolve Prime Series est un appareil d'entra\u00eenement de qualit\u00e9 professionnelle con\u00e7u pour renforcer les fessiers, les ischio-jambiers et le bas du dos.","breadcrumb":{"@id":"https:\/\/evolve-fitness.eu\/fr\/produit\/evolve-prime-series-developpeur-de-fessiers-pr-325\/#breadcrumb"},"inLanguage":"fr-FR","potentialAction":[{"@type":"ReadAction","target":["https:\/\/evolve-fitness.eu\/fr\/produit\/evolve-prime-series-developpeur-de-fessiers-pr-325\/"]}]},{"@type":"ImageObject","inLanguage":"fr-FR","@id":"https:\/\/evolve-fitness.eu\/fr\/produit\/evolve-prime-series-developpeur-de-fessiers-pr-325\/#primaryimage","url":"https:\/\/evolve-fitness.eu\/wp-content\/uploads\/2025\/10\/4-2.png","contentUrl":"https:\/\/evolve-fitness.eu\/wp-content\/uploads\/2025\/10\/4-2.png","width":675,"height":675},{"@type":"BreadcrumbList","@id":"https:\/\/evolve-fitness.eu\/fr\/produit\/evolve-prime-series-developpeur-de-fessiers-pr-325\/#breadcrumb","itemListElement":[{"@type":"ListItem","position":1,"name":"Home","item":"https:\/\/evolve-fitness.eu\/fr\/"},{"@type":"ListItem","position":2,"name":"Produits","item":"https:\/\/evolve-fitness.eu\/fr\/shop\/"},{"@type":"ListItem","position":3,"name":"Evolve Prime Series D\u00e9veloppeur de fessiers (PR-325)"}]},{"@type":"WebSite","@id":"https:\/\/evolve-fitness.eu\/fr\/#website","url":"https:\/\/evolve-fitness.eu\/fr\/","name":"Evolve","description":"Your Evolved Gear Arrived","publisher":{"@id":"https:\/\/evolve-fitness.eu\/fr\/#organization"},"potentialAction":[{"@type":"SearchAction","target":{"@type":"EntryPoint","urlTemplate":"https:\/\/evolve-fitness.eu\/fr\/?s={search_term_string}"},"query-input":{"@type":"PropertyValueSpecification","valueRequired":true,"valueName":"search_term_string"}}],"inLanguage":"fr-FR"},{"@type":"Organization","@id":"https:\/\/evolve-fitness.eu\/fr\/#organization","name":"Evolve","url":"https:\/\/evolve-fitness.eu\/fr\/","logo":{"@type":"ImageObject","inLanguage":"fr-FR","@id":"https:\/\/evolve-fitness.eu\/fr\/#\/schema\/logo\/image\/","url":"https:\/\/evolve-fitness.eu\/wp-content\/uploads\/2023\/05\/Evolve-logo.svg","contentUrl":"https:\/\/evolve-fitness.eu\/wp-content\/uploads\/2023\/05\/Evolve-logo.svg","width":176,"height":20,"caption":"Evolve"},"image":{"@id":"https:\/\/evolve-fitness.eu\/fr\/#\/schema\/logo\/image\/"},"sameAs":["https:\/\/www.facebook.com\/EvolveFitnessEurope"]}]}},"_links":{"self":[{"href":"https:\/\/evolve-fitness.eu\/fr\/wp-json\/wp\/v2\/product\/227960","targetHints":{"allow":["GET"]}}],"collection":[{"href":"https:\/\/evolve-fitness.eu\/fr\/wp-json\/wp\/v2\/product"}],"about":[{"href":"https:\/\/evolve-fitness.eu\/fr\/wp-json\/wp\/v2\/types\/product"}],"wp:featuredmedia":[{"embeddable":true,"href":"https:\/\/evolve-fitness.eu\/fr\/wp-json\/wp\/v2\/media\/210751"}],"wp:attachment":[{"href":"https:\/\/evolve-fitness.eu\/fr\/wp-json\/wp\/v2\/media?parent=227960"}],"wp:term":[{"taxonomy":"product_brand","embeddable":true,"href":"https:\/\/evolve-fitness.eu\/fr\/wp-json\/wp\/v2\/product_brand?post=227960"},{"taxonomy":"product_cat","embeddable":true,"href":"https:\/\/evolve-fitness.eu\/fr\/wp-json\/wp\/v2\/product_cat?post=227960"},{"taxonomy":"product_tag","embeddable":true,"href":"https:\/\/evolve-fitness.eu\/fr\/wp-json\/wp\/v2\/product_tag?post=227960"}],"curies":[{"name":"wp","href":"https:\/\/api.w.org\/{rel}","templated":true}]}}