{"id":228326,"date":"2025-09-10T11:23:54","date_gmt":"2025-09-10T08:23:54","guid":{"rendered":"https:\/\/evolve-fitness.eu\/product\/traineau-evolve-crossfit-sl-020\/"},"modified":"2026-04-08T11:54:38","modified_gmt":"2026-04-08T08:54:38","slug":"traineau-evolve-crossfit-sl-020","status":"publish","type":"product","link":"https:\/\/evolve-fitness.eu\/fr\/produit\/traineau-evolve-crossfit-sl-020\/","title":{"rendered":"Tra\u00eeneau Evolve Crossfit (SL-020)"},"content":{"rendered":"\n<section class=\"wp-block-group alignfull black-content has-white-color has-darkgray-background-color has-text-color has-background is-layout-constrained wp-block-group-is-layout-constrained\" style=\"padding-top:var(--wp--preset--spacing--section-bottom);padding-bottom:var(--wp--preset--spacing--section-bottom)\">\n<div class=\"wp-block-columns alignwide mobile-reverse is-layout-flex wp-container-core-columns-is-layout-ca64bf2d wp-block-columns-is-layout-flex\" style=\"margin-bottom:var(--wp--preset--spacing--side-padding)\">\n<div class=\"wp-block-column is-vertically-aligned-center is-layout-flow wp-block-column-is-layout-flow\">\n<h3 class=\"wp-block-heading\" style=\"margin-bottom:var(--wp--preset--spacing--h-3-bottom)\"><strong>Capacit\u00e9s de formation polyvalentes<\/strong><\/h3>\n\n\n\n<p><strong><em>Adaptable \u00e0 chaque athl\u00e8te<\/em><\/strong><\/p>\n\n\n\n<p style=\"margin-bottom:var(--wp--preset--spacing--tb-section-padding)\">La luge Evolve CrossFit se distingue par sa capacit\u00e9 \u00e0 accueillir un large \u00e9ventail d&rsquo;exercices, de la pouss\u00e9e \u00e0 la traction, permettant un entra\u00eenement complet du corps. Sa conception s&rsquo;adresse aux athl\u00e8tes de tous niveaux, am\u00e9liorant la force, la vitesse et l&rsquo;endurance gr\u00e2ce \u00e0 des routines d&rsquo;entra\u00eenement vari\u00e9es.<\/p>\n<\/div>\n\n\n\n<div class=\"wp-block-column is-vertically-aligned-center is-layout-flow wp-block-column-is-layout-flow\">\n<figure class=\"wp-block-image size-large\"><img decoding=\"async\" src=\"https:\/\/store.evolve-fitness.eu\/wp-content\/uploads\/2025\/09\/A7_03111-1024x683.jpg\" alt=\"\" class=\"wp-image-148075\"\/><\/figure>\n<\/div>\n<\/div>\n\n\n\n<div class=\"wp-block-columns alignwide is-layout-flex wp-container-core-columns-is-layout-c45ee707 wp-block-columns-is-layout-flex\" style=\"margin-bottom:var(--wp--preset--spacing--side-padding);padding-top:var(--wp--preset--spacing--side-padding)\">\n<div class=\"wp-block-column is-vertically-aligned-center is-layout-flow wp-block-column-is-layout-flow\">\n<figure class=\"wp-block-image size-large\"><img loading=\"lazy\" decoding=\"async\" width=\"683\" height=\"1024\" src=\"https:\/\/evolve-fitness.eu\/wp-content\/uploads\/2024\/01\/Evolve-Crossfit-Sled-C2-683x1024.jpg\" alt=\"\" class=\"wp-image-10769\" srcset=\"https:\/\/evolve-fitness.eu\/wp-content\/uploads\/2024\/01\/Evolve-Crossfit-Sled-C2-683x1024.jpg 683w, https:\/\/evolve-fitness.eu\/wp-content\/uploads\/2024\/01\/Evolve-Crossfit-Sled-C2-300x450.jpg 300w, https:\/\/evolve-fitness.eu\/wp-content\/uploads\/2024\/01\/Evolve-Crossfit-Sled-C2-100x150.jpg 100w, https:\/\/evolve-fitness.eu\/wp-content\/uploads\/2024\/01\/Evolve-Crossfit-Sled-C2-600x900.jpg 600w, https:\/\/evolve-fitness.eu\/wp-content\/uploads\/2024\/01\/Evolve-Crossfit-Sled-C2-200x300.jpg 200w, https:\/\/evolve-fitness.eu\/wp-content\/uploads\/2024\/01\/Evolve-Crossfit-Sled-C2-768x1152.jpg 768w, https:\/\/evolve-fitness.eu\/wp-content\/uploads\/2024\/01\/Evolve-Crossfit-Sled-C2-1024x1536.jpg 1024w, https:\/\/evolve-fitness.eu\/wp-content\/uploads\/2024\/01\/Evolve-Crossfit-Sled-C2-1365x2048.jpg 1365w, https:\/\/evolve-fitness.eu\/wp-content\/uploads\/2024\/01\/Evolve-Crossfit-Sled-C2.jpg 1373w\" sizes=\"auto, (max-width: 683px) 100vw, 683px\" \/><\/figure>\n<\/div>\n\n\n\n<div class=\"wp-block-column is-vertically-aligned-center is-layout-flow wp-block-column-is-layout-flow\">\n<h3 class=\"wp-block-heading\" style=\"margin-bottom:var(--wp--preset--spacing--h-3-bottom)\"><strong>Compatibilit\u00e9 des plaques de poids<\/strong><\/h3>\n\n\n\n<p><strong><em>Options de r\u00e9sistance renforc\u00e9e<\/em><\/strong><\/p>\n\n\n\n<p>La luge Evolve CrossFit est con\u00e7ue pour s&rsquo;int\u00e9grer parfaitement aux plaques de poids libres standard, ce qui permet d&rsquo;ajuster facilement l&rsquo;intensit\u00e9 de l&rsquo;entra\u00eenement. Cette compatibilit\u00e9 permet aux athl\u00e8tes d&rsquo;augmenter progressivement la r\u00e9sistance au fur et \u00e0 mesure qu&rsquo;ils deviennent plus forts, ce qui fait de la luge un outil adaptable pour un d\u00e9veloppement continu de la condition physique.<\/p>\n<\/div>\n<\/div>\n\n\n\n<div class=\"wp-block-columns alignwide is-layout-flex wp-container-core-columns-is-layout-c45ee707 wp-block-columns-is-layout-flex\" style=\"margin-bottom:var(--wp--preset--spacing--side-padding);padding-top:var(--wp--preset--spacing--side-padding)\">\n<div class=\"wp-block-column is-vertically-aligned-center is-layout-flow wp-block-column-is-layout-flow\">\n<h3 class=\"wp-block-heading\" style=\"margin-bottom:var(--wp--preset--spacing--h-3-bottom)\">Conception compacte et conviviale<\/h3>\n\n\n\n<p><strong><em>L&rsquo;efficacit\u00e9 au service de la commodit\u00e9<\/em><\/strong><\/p>\n\n\n\n<p style=\"margin-bottom:var(--wp--preset--spacing--tb-section-padding)\">Malgr\u00e9 sa fonctionnalit\u00e9 robuste, le tra\u00eeneau pr\u00e9sente un design compact, facilitant le stockage et le transport. Cet aspect convivial garantit l&rsquo;efficacit\u00e9 et l&rsquo;adaptabilit\u00e9 de votre installation de formation, qui s&rsquo;int\u00e8gre parfaitement dans n&rsquo;importe quel espace.<\/p>\n<\/div>\n\n\n\n<div class=\"wp-block-column is-vertically-aligned-center is-layout-flow wp-block-column-is-layout-flow\">\n<figure class=\"wp-block-image size-large\"><img decoding=\"async\" src=\"https:\/\/store.evolve-fitness.eu\/wp-content\/uploads\/2025\/09\/A7_03109-1024x683.jpg\" alt=\"\" class=\"wp-image-148082\"\/><\/figure>\n<\/div>\n<\/div>\n\n\n\n<div class=\"wp-block-columns alignwide is-layout-flex wp-container-core-columns-is-layout-c45ee707 wp-block-columns-is-layout-flex\" style=\"margin-bottom:var(--wp--preset--spacing--side-padding);padding-top:var(--wp--preset--spacing--side-padding)\">\n<div class=\"wp-block-column is-vertically-aligned-center is-layout-flow wp-block-column-is-layout-flow\">\n<figure class=\"wp-block-image size-large\"><img loading=\"lazy\" decoding=\"async\" width=\"1024\" height=\"683\" src=\"https:\/\/evolve-fitness.eu\/wp-content\/uploads\/2024\/01\/Evolve-Crossfit-Sled-C4-1024x683.jpg\" alt=\"\" class=\"wp-image-10773\" srcset=\"https:\/\/evolve-fitness.eu\/wp-content\/uploads\/2024\/01\/Evolve-Crossfit-Sled-C4-1024x683.jpg 1024w, https:\/\/evolve-fitness.eu\/wp-content\/uploads\/2024\/01\/Evolve-Crossfit-Sled-C4-300x200.jpg 300w, https:\/\/evolve-fitness.eu\/wp-content\/uploads\/2024\/01\/Evolve-Crossfit-Sled-C4-225x150.jpg 225w, https:\/\/evolve-fitness.eu\/wp-content\/uploads\/2024\/01\/Evolve-Crossfit-Sled-C4-600x400.jpg 600w, https:\/\/evolve-fitness.eu\/wp-content\/uploads\/2024\/01\/Evolve-Crossfit-Sled-C4-150x100.jpg 150w, https:\/\/evolve-fitness.eu\/wp-content\/uploads\/2024\/01\/Evolve-Crossfit-Sled-C4-768x512.jpg 768w, https:\/\/evolve-fitness.eu\/wp-content\/uploads\/2024\/01\/Evolve-Crossfit-Sled-C4-1536x1024.jpg 1536w, https:\/\/evolve-fitness.eu\/wp-content\/uploads\/2024\/01\/Evolve-Crossfit-Sled-C4-2048x1365.jpg 2048w\" sizes=\"auto, (max-width: 1024px) 100vw, 1024px\" \/><\/figure>\n<\/div>\n\n\n\n<div class=\"wp-block-column is-vertically-aligned-center is-layout-flow wp-block-column-is-layout-flow\">\n<h3 class=\"wp-block-heading\" style=\"margin-bottom:var(--wp--preset--spacing--h-3-bottom)\"><strong><strong><strong><strong>Durabilit\u00e9 in\u00e9gal\u00e9e<\/strong><\/strong><\/strong><\/strong><\/h3>\n\n\n\n<p><strong><em><strong>Construit pour durer<\/strong><\/em><\/strong><\/p>\n\n\n\n<p>Fabriqu\u00e9e avec des mat\u00e9riaux de premi\u00e8re qualit\u00e9, cette luge est con\u00e7ue pour durer. Il r\u00e9siste \u00e0 l&rsquo;usure d&rsquo;une utilisation quotidienne intensive, ce qui lui permet de rester un \u00e9l\u00e9ment essentiel de votre arsenal de remise en forme pendant de nombreuses ann\u00e9es.<\/p>\n<\/div>\n<\/div>\n<\/section>\n","protected":false},"excerpt":{"rendered":"<p>Lib\u00e9rez une puissance et une intensit\u00e9 de niveau sup\u00e9rieur avec la luge Evolve CrossFit, EV-CF-SL-020 &#8211; con\u00e7ue pour les athl\u00e8tes qui s&rsquo;efforcent d&rsquo;obtenir des r\u00e9sultats in\u00e9gal\u00e9s. Con\u00e7ue avec une construction renforc\u00e9e et un \u00e9quilibre optimal, cette luge offre des performances optimales sur toutes les surfaces d&rsquo;entra\u00eenement, qu&rsquo;il s&rsquo;agisse de salles de sport int\u00e9rieures ou de pistes ext\u00e9rieures, de gazon ou d&rsquo;asphalte.<br \/>\nParfaite pour la pouss\u00e9e, la traction et les exercices bas\u00e9s sur la r\u00e9sistance, la luge EV-CF-SL-020 permet un travail de vitesse explosif, une mise en condition et un d\u00e9veloppement de la force du corps entier. Son cadre compact mais robuste garantit la stabilit\u00e9 sous charge, tandis que sa conception intelligente permet de l&rsquo;adapter facilement \u00e0 divers styles d&rsquo;entra\u00eenement.  <\/p>\n","protected":false},"featured_media":206445,"template":"","meta":{"_acf_changed":false,"inline_featured_image":false},"product_brand":[],"product_cat":[13034,2855,3887],"product_tag":[],"class_list":{"0":"post-228326","1":"product","2":"type-product","3":"status-publish","4":"has-post-thumbnail","6":"product_cat-hyrox-gear","7":"product_cat-transversal-et-fonctionnel","8":"product_cat-equipement-fonctionnel","10":"first","11":"instock","12":"shipping-taxable","13":"purchasable","14":"product-type-simple"},"acf":{"long_title":"Tra\u00eeneau Evolve Crossfit (SL-020)","subtitle":"","specifications":[{"label":"SKU","text_value":"EV-CF-SL-020","icon":"x"},{"label":"Dimensions","text_value":"1090 \u00d7 603 x 1055 mm","icon":"x"},{"label":"Charge maximale","text_value":"200 kg","icon":"x"},{"label":"Poids","text_value":"31 kg","icon":"x"},{"label":"Garantie","text_value":"2 ans","icon":"x"}]},"yoast_head":"<!-- This site is optimized with the Yoast SEO plugin v26.6 - https:\/\/yoast.com\/wordpress\/plugins\/seo\/ -->\n<title>Tra\u00eeneau Evolve Crossfit (SL-020) - Evolve<\/title>\n<meta name=\"robots\" content=\"index, follow, max-snippet:-1, max-image-preview:large, max-video-preview:-1\" \/>\n<link rel=\"canonical\" href=\"https:\/\/evolve-fitness.eu\/fr\/produit\/traineau-evolve-crossfit-sl-020\/\" \/>\n<meta property=\"og:locale\" content=\"fr_FR\" \/>\n<meta property=\"og:type\" content=\"article\" \/>\n<meta property=\"og:title\" content=\"Tra\u00eeneau Evolve Crossfit (SL-020) - Evolve\" \/>\n<meta property=\"og:url\" content=\"https:\/\/evolve-fitness.eu\/fr\/produit\/traineau-evolve-crossfit-sl-020\/\" \/>\n<meta property=\"og:site_name\" content=\"Evolve\" \/>\n<meta property=\"article:publisher\" content=\"https:\/\/www.facebook.com\/EvolveFitnessEurope\" \/>\n<meta property=\"article:modified_time\" content=\"2026-04-08T08:54:38+00:00\" \/>\n<meta property=\"og:image\" content=\"https:\/\/evolve-fitness.eu\/wp-content\/uploads\/2025\/09\/Evolve-Sled-1-scaled.png\" \/>\n\t<meta property=\"og:image:width\" content=\"2560\" \/>\n\t<meta property=\"og:image:height\" content=\"2560\" \/>\n\t<meta property=\"og:image:type\" content=\"image\/png\" \/>\n<meta name=\"twitter:card\" content=\"summary_large_image\" \/>\n<script type=\"application\/ld+json\" class=\"yoast-schema-graph\">{\"@context\":\"https:\/\/schema.org\",\"@graph\":[{\"@type\":\"WebPage\",\"@id\":\"https:\/\/evolve-fitness.eu\/fr\/produit\/traineau-evolve-crossfit-sl-020\/\",\"url\":\"https:\/\/evolve-fitness.eu\/fr\/produit\/traineau-evolve-crossfit-sl-020\/\",\"name\":\"Tra\u00eeneau Evolve Crossfit (SL-020) - Evolve\",\"isPartOf\":{\"@id\":\"https:\/\/evolve-fitness.eu\/fr\/#website\"},\"primaryImageOfPage\":{\"@id\":\"https:\/\/evolve-fitness.eu\/fr\/produit\/traineau-evolve-crossfit-sl-020\/#primaryimage\"},\"image\":{\"@id\":\"https:\/\/evolve-fitness.eu\/fr\/produit\/traineau-evolve-crossfit-sl-020\/#primaryimage\"},\"thumbnailUrl\":\"https:\/\/evolve-fitness.eu\/wp-content\/uploads\/2025\/09\/Evolve-Sled-1-scaled.png\",\"datePublished\":\"2025-09-10T08:23:54+00:00\",\"dateModified\":\"2026-04-08T08:54:38+00:00\",\"breadcrumb\":{\"@id\":\"https:\/\/evolve-fitness.eu\/fr\/produit\/traineau-evolve-crossfit-sl-020\/#breadcrumb\"},\"inLanguage\":\"fr-FR\",\"potentialAction\":[{\"@type\":\"ReadAction\",\"target\":[\"https:\/\/evolve-fitness.eu\/fr\/produit\/traineau-evolve-crossfit-sl-020\/\"]}]},{\"@type\":\"ImageObject\",\"inLanguage\":\"fr-FR\",\"@id\":\"https:\/\/evolve-fitness.eu\/fr\/produit\/traineau-evolve-crossfit-sl-020\/#primaryimage\",\"url\":\"https:\/\/evolve-fitness.eu\/wp-content\/uploads\/2025\/09\/Evolve-Sled-1-scaled.png\",\"contentUrl\":\"https:\/\/evolve-fitness.eu\/wp-content\/uploads\/2025\/09\/Evolve-Sled-1-scaled.png\",\"width\":2560,\"height\":2560},{\"@type\":\"BreadcrumbList\",\"@id\":\"https:\/\/evolve-fitness.eu\/fr\/produit\/traineau-evolve-crossfit-sl-020\/#breadcrumb\",\"itemListElement\":[{\"@type\":\"ListItem\",\"position\":1,\"name\":\"Home\",\"item\":\"https:\/\/evolve-fitness.eu\/fr\/\"},{\"@type\":\"ListItem\",\"position\":2,\"name\":\"Produits\",\"item\":\"https:\/\/evolve-fitness.eu\/fr\/shop\/\"},{\"@type\":\"ListItem\",\"position\":3,\"name\":\"Tra\u00eeneau Evolve Crossfit (SL-020)\"}]},{\"@type\":\"WebSite\",\"@id\":\"https:\/\/evolve-fitness.eu\/fr\/#website\",\"url\":\"https:\/\/evolve-fitness.eu\/fr\/\",\"name\":\"Evolve\",\"description\":\"Your Evolved Gear Arrived\",\"publisher\":{\"@id\":\"https:\/\/evolve-fitness.eu\/fr\/#organization\"},\"potentialAction\":[{\"@type\":\"SearchAction\",\"target\":{\"@type\":\"EntryPoint\",\"urlTemplate\":\"https:\/\/evolve-fitness.eu\/fr\/?s={search_term_string}\"},\"query-input\":{\"@type\":\"PropertyValueSpecification\",\"valueRequired\":true,\"valueName\":\"search_term_string\"}}],\"inLanguage\":\"fr-FR\"},{\"@type\":\"Organization\",\"@id\":\"https:\/\/evolve-fitness.eu\/fr\/#organization\",\"name\":\"Evolve\",\"url\":\"https:\/\/evolve-fitness.eu\/fr\/\",\"logo\":{\"@type\":\"ImageObject\",\"inLanguage\":\"fr-FR\",\"@id\":\"https:\/\/evolve-fitness.eu\/fr\/#\/schema\/logo\/image\/\",\"url\":\"https:\/\/evolve-fitness.eu\/wp-content\/uploads\/2023\/05\/Evolve-logo.svg\",\"contentUrl\":\"https:\/\/evolve-fitness.eu\/wp-content\/uploads\/2023\/05\/Evolve-logo.svg\",\"width\":176,\"height\":20,\"caption\":\"Evolve\"},\"image\":{\"@id\":\"https:\/\/evolve-fitness.eu\/fr\/#\/schema\/logo\/image\/\"},\"sameAs\":[\"https:\/\/www.facebook.com\/EvolveFitnessEurope\"]}]}<\/script>\n<!-- \/ Yoast SEO plugin. -->","yoast_head_json":{"title":"Tra\u00eeneau Evolve Crossfit (SL-020) - Evolve","robots":{"index":"index","follow":"follow","max-snippet":"max-snippet:-1","max-image-preview":"max-image-preview:large","max-video-preview":"max-video-preview:-1"},"canonical":"https:\/\/evolve-fitness.eu\/fr\/produit\/traineau-evolve-crossfit-sl-020\/","og_locale":"fr_FR","og_type":"article","og_title":"Tra\u00eeneau Evolve Crossfit (SL-020) - Evolve","og_url":"https:\/\/evolve-fitness.eu\/fr\/produit\/traineau-evolve-crossfit-sl-020\/","og_site_name":"Evolve","article_publisher":"https:\/\/www.facebook.com\/EvolveFitnessEurope","article_modified_time":"2026-04-08T08:54:38+00:00","og_image":[{"width":2560,"height":2560,"url":"https:\/\/evolve-fitness.eu\/wp-content\/uploads\/2025\/09\/Evolve-Sled-1-scaled.png","type":"image\/png"}],"twitter_card":"summary_large_image","schema":{"@context":"https:\/\/schema.org","@graph":[{"@type":"WebPage","@id":"https:\/\/evolve-fitness.eu\/fr\/produit\/traineau-evolve-crossfit-sl-020\/","url":"https:\/\/evolve-fitness.eu\/fr\/produit\/traineau-evolve-crossfit-sl-020\/","name":"Tra\u00eeneau Evolve Crossfit (SL-020) - Evolve","isPartOf":{"@id":"https:\/\/evolve-fitness.eu\/fr\/#website"},"primaryImageOfPage":{"@id":"https:\/\/evolve-fitness.eu\/fr\/produit\/traineau-evolve-crossfit-sl-020\/#primaryimage"},"image":{"@id":"https:\/\/evolve-fitness.eu\/fr\/produit\/traineau-evolve-crossfit-sl-020\/#primaryimage"},"thumbnailUrl":"https:\/\/evolve-fitness.eu\/wp-content\/uploads\/2025\/09\/Evolve-Sled-1-scaled.png","datePublished":"2025-09-10T08:23:54+00:00","dateModified":"2026-04-08T08:54:38+00:00","breadcrumb":{"@id":"https:\/\/evolve-fitness.eu\/fr\/produit\/traineau-evolve-crossfit-sl-020\/#breadcrumb"},"inLanguage":"fr-FR","potentialAction":[{"@type":"ReadAction","target":["https:\/\/evolve-fitness.eu\/fr\/produit\/traineau-evolve-crossfit-sl-020\/"]}]},{"@type":"ImageObject","inLanguage":"fr-FR","@id":"https:\/\/evolve-fitness.eu\/fr\/produit\/traineau-evolve-crossfit-sl-020\/#primaryimage","url":"https:\/\/evolve-fitness.eu\/wp-content\/uploads\/2025\/09\/Evolve-Sled-1-scaled.png","contentUrl":"https:\/\/evolve-fitness.eu\/wp-content\/uploads\/2025\/09\/Evolve-Sled-1-scaled.png","width":2560,"height":2560},{"@type":"BreadcrumbList","@id":"https:\/\/evolve-fitness.eu\/fr\/produit\/traineau-evolve-crossfit-sl-020\/#breadcrumb","itemListElement":[{"@type":"ListItem","position":1,"name":"Home","item":"https:\/\/evolve-fitness.eu\/fr\/"},{"@type":"ListItem","position":2,"name":"Produits","item":"https:\/\/evolve-fitness.eu\/fr\/shop\/"},{"@type":"ListItem","position":3,"name":"Tra\u00eeneau Evolve Crossfit (SL-020)"}]},{"@type":"WebSite","@id":"https:\/\/evolve-fitness.eu\/fr\/#website","url":"https:\/\/evolve-fitness.eu\/fr\/","name":"Evolve","description":"Your Evolved Gear Arrived","publisher":{"@id":"https:\/\/evolve-fitness.eu\/fr\/#organization"},"potentialAction":[{"@type":"SearchAction","target":{"@type":"EntryPoint","urlTemplate":"https:\/\/evolve-fitness.eu\/fr\/?s={search_term_string}"},"query-input":{"@type":"PropertyValueSpecification","valueRequired":true,"valueName":"search_term_string"}}],"inLanguage":"fr-FR"},{"@type":"Organization","@id":"https:\/\/evolve-fitness.eu\/fr\/#organization","name":"Evolve","url":"https:\/\/evolve-fitness.eu\/fr\/","logo":{"@type":"ImageObject","inLanguage":"fr-FR","@id":"https:\/\/evolve-fitness.eu\/fr\/#\/schema\/logo\/image\/","url":"https:\/\/evolve-fitness.eu\/wp-content\/uploads\/2023\/05\/Evolve-logo.svg","contentUrl":"https:\/\/evolve-fitness.eu\/wp-content\/uploads\/2023\/05\/Evolve-logo.svg","width":176,"height":20,"caption":"Evolve"},"image":{"@id":"https:\/\/evolve-fitness.eu\/fr\/#\/schema\/logo\/image\/"},"sameAs":["https:\/\/www.facebook.com\/EvolveFitnessEurope"]}]}},"_links":{"self":[{"href":"https:\/\/evolve-fitness.eu\/fr\/wp-json\/wp\/v2\/product\/228326","targetHints":{"allow":["GET"]}}],"collection":[{"href":"https:\/\/evolve-fitness.eu\/fr\/wp-json\/wp\/v2\/product"}],"about":[{"href":"https:\/\/evolve-fitness.eu\/fr\/wp-json\/wp\/v2\/types\/product"}],"wp:featuredmedia":[{"embeddable":true,"href":"https:\/\/evolve-fitness.eu\/fr\/wp-json\/wp\/v2\/media\/206445"}],"wp:attachment":[{"href":"https:\/\/evolve-fitness.eu\/fr\/wp-json\/wp\/v2\/media?parent=228326"}],"wp:term":[{"taxonomy":"product_brand","embeddable":true,"href":"https:\/\/evolve-fitness.eu\/fr\/wp-json\/wp\/v2\/product_brand?post=228326"},{"taxonomy":"product_cat","embeddable":true,"href":"https:\/\/evolve-fitness.eu\/fr\/wp-json\/wp\/v2\/product_cat?post=228326"},{"taxonomy":"product_tag","embeddable":true,"href":"https:\/\/evolve-fitness.eu\/fr\/wp-json\/wp\/v2\/product_tag?post=228326"}],"curies":[{"name":"wp","href":"https:\/\/api.w.org\/{rel}","templated":true}]}}