{"id":228659,"date":"2025-02-14T13:27:48","date_gmt":"2025-02-14T11:27:48","guid":{"rendered":"https:\/\/evolve-fitness.eu\/product\/evolve-storage-system-vertical-dumbbells-storage-v1-st-010\/"},"modified":"2026-04-08T15:46:24","modified_gmt":"2026-04-08T12:46:24","slug":"evolve-storage-system-vertical-dumbbells-storage-v1-st-010","status":"publish","type":"product","link":"https:\/\/evolve-fitness.eu\/fr\/produit\/evolve-storage-system-vertical-dumbbells-storage-v1-st-010\/","title":{"rendered":"Evolve Storage System + Vertical Dumbbells Storage V1 (ST-010)"},"content":{"rendered":"\n<section class=\"wp-block-group alignfull has-lightgray-background-color has-background is-layout-constrained wp-block-group-is-layout-constrained\">\n<div class=\"wp-block-columns alignwide is-layout-flex wp-container-core-columns-is-layout-2edb0647 wp-block-columns-is-layout-flex\" style=\"margin-top:0;margin-bottom:0\">\n<div class=\"wp-block-column is-layout-flow wp-block-column-is-layout-flow\" style=\"flex-basis:33.33%\"><\/div>\n\n\n\n<div class=\"wp-block-column is-layout-flow wp-block-column-is-layout-flow\" style=\"flex-basis:66.66%\"><\/div>\n<\/div>\n<\/section>\n\n<section class=\"wp-block-group alignfull black-content has-white-color has-darkgray-background-color has-text-color has-background is-layout-constrained wp-block-group-is-layout-constrained\" style=\"padding-top:var(--wp--preset--spacing--section-bottom);padding-bottom:var(--wp--preset--spacing--section-bottom)\">\n<div class=\"wp-block-columns alignwide mobile-reverse is-layout-flex wp-container-core-columns-is-layout-ca64bf2d wp-block-columns-is-layout-flex\" style=\"margin-bottom:var(--wp--preset--spacing--side-padding)\">\n<div class=\"wp-block-column is-vertically-aligned-center is-layout-flow wp-block-column-is-layout-flow\">\n<h3 class=\"wp-block-heading\" style=\"margin-bottom:var(--wp--preset--spacing--h-3-bottom)\">Evolve Storage System + Vertical Dumbbells Storage V1<\/h3>\n\n\n\n<p><strong><em><strong>Pour un rangement efficace des \u00e9quipements sportifs<\/strong><\/em><\/strong><\/p>\n\n\n\n<p>Transformez votre espace d&rsquo;entra\u00eenement avec le <strong>syst\u00e8me de rangement Evolve + rangement vertical pour halt\u00e8res V1<\/strong>. Con\u00e7u pour \u00eatre fonctionnel et durable, ce syst\u00e8me mural permet \u00e0 votre salle de sport d&rsquo;\u00eatre organis\u00e9e, s\u00fbre et peu encombrante. Parfait pour les salles de CrossFit, les salles de sport commerciales et les studios \u00e0 domicile.  <\/p>\n\n\n\n<p><strong><strong>Le paquet comprend :<\/strong><\/strong><br\/>Vous recevrez un cadre de rangement complet pr\u00eat \u00e0 \u00eatre install\u00e9 :<\/p>\n\n\n\n<p><\/p>\n\n\n\n<ul class=\"wp-block-list\">\n<li><strong><a href=\"https:\/\/evolve-fitness.eu\/fr\/produit\/evolve-wall-stockage-des-plaques-de-pare-chocs-et-des-billes-1100-1800-mm\/\">Rangement des boules et plaques murales<\/a>:<\/strong> 2x EV-ST-WB (1800 mm) &#8211; Situ\u00e9 en haut et en bas.<\/li>\n\n\n\n<li><strong><a href=\"https:\/\/evolve-fitness.eu\/fr\/produit\/rangement-evolve-pour-halteres-1100-1800-mm\/\">Stockage des halt\u00e8res<\/a>:<\/strong> 2x EV-ST-DB (1800 mm) &#8211; Positionn\u00e9 dans la section centrale.<\/li>\n\n\n\n<li><strong><a href=\"https:\/\/evolve-fitness.eu\/fr\/produit\/evolve-single-double-vertical-dumbbell-storage-attachment-for-5-pairs\/\">Fixations verticales :<\/a><\/strong> 4x EV-ST-DS &#8211; Pour une organisation verticale s\u00e9curis\u00e9e des halt\u00e8res sur les c\u00f4t\u00e9s.<\/li>\n\n\n\n<li><strong><a href=\"https:\/\/evolve-fitness.eu\/fr\/produit\/montants-evolve-pour-systemes-de-rangement-120-190-cm\/\">Supports verticaux<\/a>:<\/strong> 2x EV-ST-UP (190 cm) &#8211; Assure une installation stable.<\/li>\n<\/ul>\n\n\n\n<p><\/p>\n\n\n\n<p><strong>Veuillez noter :<\/strong><br\/><em>Les images sont fournies \u00e0 titre d&rsquo;illustration. L&rsquo;ensemble comprend uniquement les supports de rangement. Les poids, les balles et les assiettes illustr\u00e9s ne sont pas inclus.  <\/em><\/p>\n\n\n\n<p><\/p>\n<\/div>\n\n\n\n<div class=\"wp-block-column is-vertically-aligned-center is-layout-flow wp-block-column-is-layout-flow\">\n<figure class=\"wp-block-image size-large\"><img loading=\"lazy\" decoding=\"async\" width=\"1024\" height=\"1024\" src=\"https:\/\/evolve-fitness.eu\/wp-content\/uploads\/2025\/02\/EV-RS-ST-010-1024x1024.png\" alt=\"\" class=\"wp-image-223104\" srcset=\"https:\/\/evolve-fitness.eu\/wp-content\/uploads\/2025\/02\/EV-RS-ST-010-1024x1024.png 1024w, https:\/\/evolve-fitness.eu\/wp-content\/uploads\/2025\/02\/EV-RS-ST-010-300x300.png 300w, https:\/\/evolve-fitness.eu\/wp-content\/uploads\/2025\/02\/EV-RS-ST-010-150x150.png 150w, https:\/\/evolve-fitness.eu\/wp-content\/uploads\/2025\/02\/EV-RS-ST-010-768x768.png 768w, https:\/\/evolve-fitness.eu\/wp-content\/uploads\/2025\/02\/EV-RS-ST-010-600x600.png 600w, https:\/\/evolve-fitness.eu\/wp-content\/uploads\/2025\/02\/EV-RS-ST-010.png 1080w\" sizes=\"auto, (max-width: 1024px) 100vw, 1024px\" \/><\/figure>\n<\/div>\n<\/div>\n<\/section>\n","protected":false},"excerpt":{"rendered":"<p>Con\u00e7u pour les environnements d&rsquo;entra\u00eenement \u00e0 haute intensit\u00e9, cet appareil commercial complet est la pi\u00e8ce ma\u00eetresse de toute salle de sport professionnelle. Sa conception modulaire prend en charge plusieurs utilisateurs simultan\u00e9ment, offrant des transitions transparentes entre le powerlifting, l&rsquo;entra\u00eenement au poids du corps et les exercices fonctionnels. La construction en acier renforc\u00e9 garantit une durabilit\u00e9 maximale sous de lourdes charges, tandis que les composants r\u00e9glables s&rsquo;adressent aux athl\u00e8tes de tous niveaux. Les solutions de rangement int\u00e9gr\u00e9es permettent d&rsquo;organiser les espaces d&rsquo;entra\u00eenement et les accessoires optionnels am\u00e9liorent la vari\u00e9t\u00e9 des entra\u00eenements. Que ce soit dans un centre de musculation, une salle de CrossFit ou un gymnase polyvalent, cet appareil offre la fiabilit\u00e9, la s\u00e9curit\u00e9 et la polyvalence n\u00e9cessaires pour des performances optimales et une grande long\u00e9vit\u00e9.    <\/p>\n","protected":false},"featured_media":182868,"template":"","meta":{"_acf_changed":false,"inline_featured_image":false},"product_brand":[],"product_cat":[13090,2855],"product_tag":[],"class_list":{"0":"post-228659","1":"product","2":"type-product","3":"status-publish","4":"has-post-thumbnail","6":"product_cat-stockage","7":"product_cat-transversal-et-fonctionnel","9":"first","10":"instock","11":"shipping-taxable","12":"purchasable","13":"product-type-simple"},"acf":{"long_title":"Evolve Storage System + Vertical Dumbbells Storage V1 (ST-010)","subtitle":"","specifications":[{"label":"SKU","text_value":"EV-RS-ST-010","icon":"x"},{"label":"Taille","text_value":"1900 mm","icon":"x"},{"label":"Largeur","text_value":"1950 mm","icon":"x"},{"label":"Garantie","text_value":"2 ans","icon":"x"}]},"yoast_head":"<!-- This site is optimized with the Yoast SEO plugin v27.4 - https:\/\/yoast.com\/product\/yoast-seo-wordpress\/ -->\n<title>Evolve Storage System + Vertical Dumbbells Storage V1 (ST-010) - Evolve<\/title>\n<meta name=\"robots\" content=\"index, follow, max-snippet:-1, max-image-preview:large, max-video-preview:-1\" \/>\n<link rel=\"canonical\" href=\"https:\/\/evolve-fitness.eu\/fr\/produit\/evolve-storage-system-vertical-dumbbells-storage-v1-st-010\/\" \/>\n<meta property=\"og:locale\" content=\"fr_FR\" \/>\n<meta property=\"og:type\" content=\"article\" \/>\n<meta property=\"og:title\" content=\"Evolve Storage System + Vertical Dumbbells Storage V1 (ST-010) - Evolve\" \/>\n<meta property=\"og:url\" content=\"https:\/\/evolve-fitness.eu\/fr\/produit\/evolve-storage-system-vertical-dumbbells-storage-v1-st-010\/\" \/>\n<meta property=\"og:site_name\" content=\"Evolve\" \/>\n<meta property=\"article:publisher\" content=\"https:\/\/www.facebook.com\/EvolveFitnessEurope\" \/>\n<meta property=\"article:modified_time\" content=\"2026-04-08T12:46:24+00:00\" \/>\n<meta property=\"og:image\" content=\"https:\/\/evolve-fitness.eu\/wp-content\/uploads\/2025\/02\/EV-RS-ST-010-11-Copy-1024x1024.png\" \/>\n\t<meta property=\"og:image:width\" content=\"1024\" \/>\n\t<meta property=\"og:image:height\" content=\"1024\" \/>\n\t<meta property=\"og:image:type\" content=\"image\/png\" \/>\n<meta name=\"twitter:card\" content=\"summary_large_image\" \/>\n<script type=\"application\/ld+json\" class=\"yoast-schema-graph\">{\"@context\":\"https:\\\/\\\/schema.org\",\"@graph\":[{\"@type\":\"WebPage\",\"@id\":\"https:\\\/\\\/evolve-fitness.eu\\\/fr\\\/produit\\\/evolve-storage-system-vertical-dumbbells-storage-v1-st-010\\\/\",\"url\":\"https:\\\/\\\/evolve-fitness.eu\\\/fr\\\/produit\\\/evolve-storage-system-vertical-dumbbells-storage-v1-st-010\\\/\",\"name\":\"Evolve Storage System + Vertical Dumbbells Storage V1 (ST-010) - Evolve\",\"isPartOf\":{\"@id\":\"https:\\\/\\\/evolve-fitness.eu\\\/fr\\\/#website\"},\"primaryImageOfPage\":{\"@id\":\"https:\\\/\\\/evolve-fitness.eu\\\/fr\\\/produit\\\/evolve-storage-system-vertical-dumbbells-storage-v1-st-010\\\/#primaryimage\"},\"image\":{\"@id\":\"https:\\\/\\\/evolve-fitness.eu\\\/fr\\\/produit\\\/evolve-storage-system-vertical-dumbbells-storage-v1-st-010\\\/#primaryimage\"},\"thumbnailUrl\":\"https:\\\/\\\/evolve-fitness.eu\\\/wp-content\\\/uploads\\\/2025\\\/02\\\/EV-RS-ST-010-11-Copy.png\",\"datePublished\":\"2025-02-14T11:27:48+00:00\",\"dateModified\":\"2026-04-08T12:46:24+00:00\",\"breadcrumb\":{\"@id\":\"https:\\\/\\\/evolve-fitness.eu\\\/fr\\\/produit\\\/evolve-storage-system-vertical-dumbbells-storage-v1-st-010\\\/#breadcrumb\"},\"inLanguage\":\"fr-FR\",\"potentialAction\":[{\"@type\":\"ReadAction\",\"target\":[\"https:\\\/\\\/evolve-fitness.eu\\\/fr\\\/produit\\\/evolve-storage-system-vertical-dumbbells-storage-v1-st-010\\\/\"]}]},{\"@type\":\"ImageObject\",\"inLanguage\":\"fr-FR\",\"@id\":\"https:\\\/\\\/evolve-fitness.eu\\\/fr\\\/produit\\\/evolve-storage-system-vertical-dumbbells-storage-v1-st-010\\\/#primaryimage\",\"url\":\"https:\\\/\\\/evolve-fitness.eu\\\/wp-content\\\/uploads\\\/2025\\\/02\\\/EV-RS-ST-010-11-Copy.png\",\"contentUrl\":\"https:\\\/\\\/evolve-fitness.eu\\\/wp-content\\\/uploads\\\/2025\\\/02\\\/EV-RS-ST-010-11-Copy.png\",\"width\":1920,\"height\":1920,\"caption\":\"EV-RS-ST-010\"},{\"@type\":\"BreadcrumbList\",\"@id\":\"https:\\\/\\\/evolve-fitness.eu\\\/fr\\\/produit\\\/evolve-storage-system-vertical-dumbbells-storage-v1-st-010\\\/#breadcrumb\",\"itemListElement\":[{\"@type\":\"ListItem\",\"position\":1,\"name\":\"Home\",\"item\":\"https:\\\/\\\/evolve-fitness.eu\\\/fr\\\/\"},{\"@type\":\"ListItem\",\"position\":2,\"name\":\"Produits\",\"item\":\"https:\\\/\\\/evolve-fitness.eu\\\/fr\\\/shop\\\/\"},{\"@type\":\"ListItem\",\"position\":3,\"name\":\"Evolve Storage System + Vertical Dumbbells Storage V1 (ST-010)\"}]},{\"@type\":\"WebSite\",\"@id\":\"https:\\\/\\\/evolve-fitness.eu\\\/fr\\\/#website\",\"url\":\"https:\\\/\\\/evolve-fitness.eu\\\/fr\\\/\",\"name\":\"Evolve\",\"description\":\"Your Evolved Gear Arrived\",\"publisher\":{\"@id\":\"https:\\\/\\\/evolve-fitness.eu\\\/fr\\\/#organization\"},\"potentialAction\":[{\"@type\":\"SearchAction\",\"target\":{\"@type\":\"EntryPoint\",\"urlTemplate\":\"https:\\\/\\\/evolve-fitness.eu\\\/fr\\\/?s={search_term_string}\"},\"query-input\":{\"@type\":\"PropertyValueSpecification\",\"valueRequired\":true,\"valueName\":\"search_term_string\"}}],\"inLanguage\":\"fr-FR\"},{\"@type\":\"Organization\",\"@id\":\"https:\\\/\\\/evolve-fitness.eu\\\/fr\\\/#organization\",\"name\":\"Evolve\",\"url\":\"https:\\\/\\\/evolve-fitness.eu\\\/fr\\\/\",\"logo\":{\"@type\":\"ImageObject\",\"inLanguage\":\"fr-FR\",\"@id\":\"https:\\\/\\\/evolve-fitness.eu\\\/fr\\\/#\\\/schema\\\/logo\\\/image\\\/\",\"url\":\"https:\\\/\\\/evolve-fitness.eu\\\/wp-content\\\/uploads\\\/2023\\\/05\\\/Evolve-logo.svg\",\"contentUrl\":\"https:\\\/\\\/evolve-fitness.eu\\\/wp-content\\\/uploads\\\/2023\\\/05\\\/Evolve-logo.svg\",\"width\":176,\"height\":20,\"caption\":\"Evolve\"},\"image\":{\"@id\":\"https:\\\/\\\/evolve-fitness.eu\\\/fr\\\/#\\\/schema\\\/logo\\\/image\\\/\"},\"sameAs\":[\"https:\\\/\\\/www.facebook.com\\\/EvolveFitnessEurope\"]}]}<\/script>\n<!-- \/ Yoast SEO plugin. -->","yoast_head_json":{"title":"Evolve Storage System + Vertical Dumbbells Storage V1 (ST-010) - Evolve","robots":{"index":"index","follow":"follow","max-snippet":"max-snippet:-1","max-image-preview":"max-image-preview:large","max-video-preview":"max-video-preview:-1"},"canonical":"https:\/\/evolve-fitness.eu\/fr\/produit\/evolve-storage-system-vertical-dumbbells-storage-v1-st-010\/","og_locale":"fr_FR","og_type":"article","og_title":"Evolve Storage System + Vertical Dumbbells Storage V1 (ST-010) - Evolve","og_url":"https:\/\/evolve-fitness.eu\/fr\/produit\/evolve-storage-system-vertical-dumbbells-storage-v1-st-010\/","og_site_name":"Evolve","article_publisher":"https:\/\/www.facebook.com\/EvolveFitnessEurope","article_modified_time":"2026-04-08T12:46:24+00:00","og_image":[{"width":1024,"height":1024,"url":"https:\/\/evolve-fitness.eu\/wp-content\/uploads\/2025\/02\/EV-RS-ST-010-11-Copy-1024x1024.png","type":"image\/png"}],"twitter_card":"summary_large_image","schema":{"@context":"https:\/\/schema.org","@graph":[{"@type":"WebPage","@id":"https:\/\/evolve-fitness.eu\/fr\/produit\/evolve-storage-system-vertical-dumbbells-storage-v1-st-010\/","url":"https:\/\/evolve-fitness.eu\/fr\/produit\/evolve-storage-system-vertical-dumbbells-storage-v1-st-010\/","name":"Evolve Storage System + Vertical Dumbbells Storage V1 (ST-010) - Evolve","isPartOf":{"@id":"https:\/\/evolve-fitness.eu\/fr\/#website"},"primaryImageOfPage":{"@id":"https:\/\/evolve-fitness.eu\/fr\/produit\/evolve-storage-system-vertical-dumbbells-storage-v1-st-010\/#primaryimage"},"image":{"@id":"https:\/\/evolve-fitness.eu\/fr\/produit\/evolve-storage-system-vertical-dumbbells-storage-v1-st-010\/#primaryimage"},"thumbnailUrl":"https:\/\/evolve-fitness.eu\/wp-content\/uploads\/2025\/02\/EV-RS-ST-010-11-Copy.png","datePublished":"2025-02-14T11:27:48+00:00","dateModified":"2026-04-08T12:46:24+00:00","breadcrumb":{"@id":"https:\/\/evolve-fitness.eu\/fr\/produit\/evolve-storage-system-vertical-dumbbells-storage-v1-st-010\/#breadcrumb"},"inLanguage":"fr-FR","potentialAction":[{"@type":"ReadAction","target":["https:\/\/evolve-fitness.eu\/fr\/produit\/evolve-storage-system-vertical-dumbbells-storage-v1-st-010\/"]}]},{"@type":"ImageObject","inLanguage":"fr-FR","@id":"https:\/\/evolve-fitness.eu\/fr\/produit\/evolve-storage-system-vertical-dumbbells-storage-v1-st-010\/#primaryimage","url":"https:\/\/evolve-fitness.eu\/wp-content\/uploads\/2025\/02\/EV-RS-ST-010-11-Copy.png","contentUrl":"https:\/\/evolve-fitness.eu\/wp-content\/uploads\/2025\/02\/EV-RS-ST-010-11-Copy.png","width":1920,"height":1920,"caption":"EV-RS-ST-010"},{"@type":"BreadcrumbList","@id":"https:\/\/evolve-fitness.eu\/fr\/produit\/evolve-storage-system-vertical-dumbbells-storage-v1-st-010\/#breadcrumb","itemListElement":[{"@type":"ListItem","position":1,"name":"Home","item":"https:\/\/evolve-fitness.eu\/fr\/"},{"@type":"ListItem","position":2,"name":"Produits","item":"https:\/\/evolve-fitness.eu\/fr\/shop\/"},{"@type":"ListItem","position":3,"name":"Evolve Storage System + Vertical Dumbbells Storage V1 (ST-010)"}]},{"@type":"WebSite","@id":"https:\/\/evolve-fitness.eu\/fr\/#website","url":"https:\/\/evolve-fitness.eu\/fr\/","name":"Evolve","description":"Your Evolved Gear Arrived","publisher":{"@id":"https:\/\/evolve-fitness.eu\/fr\/#organization"},"potentialAction":[{"@type":"SearchAction","target":{"@type":"EntryPoint","urlTemplate":"https:\/\/evolve-fitness.eu\/fr\/?s={search_term_string}"},"query-input":{"@type":"PropertyValueSpecification","valueRequired":true,"valueName":"search_term_string"}}],"inLanguage":"fr-FR"},{"@type":"Organization","@id":"https:\/\/evolve-fitness.eu\/fr\/#organization","name":"Evolve","url":"https:\/\/evolve-fitness.eu\/fr\/","logo":{"@type":"ImageObject","inLanguage":"fr-FR","@id":"https:\/\/evolve-fitness.eu\/fr\/#\/schema\/logo\/image\/","url":"https:\/\/evolve-fitness.eu\/wp-content\/uploads\/2023\/05\/Evolve-logo.svg","contentUrl":"https:\/\/evolve-fitness.eu\/wp-content\/uploads\/2023\/05\/Evolve-logo.svg","width":176,"height":20,"caption":"Evolve"},"image":{"@id":"https:\/\/evolve-fitness.eu\/fr\/#\/schema\/logo\/image\/"},"sameAs":["https:\/\/www.facebook.com\/EvolveFitnessEurope"]}]}},"_links":{"self":[{"href":"https:\/\/evolve-fitness.eu\/fr\/wp-json\/wp\/v2\/product\/228659","targetHints":{"allow":["GET"]}}],"collection":[{"href":"https:\/\/evolve-fitness.eu\/fr\/wp-json\/wp\/v2\/product"}],"about":[{"href":"https:\/\/evolve-fitness.eu\/fr\/wp-json\/wp\/v2\/types\/product"}],"wp:featuredmedia":[{"embeddable":true,"href":"https:\/\/evolve-fitness.eu\/fr\/wp-json\/wp\/v2\/media\/182868"}],"wp:attachment":[{"href":"https:\/\/evolve-fitness.eu\/fr\/wp-json\/wp\/v2\/media?parent=228659"}],"wp:term":[{"taxonomy":"product_brand","embeddable":true,"href":"https:\/\/evolve-fitness.eu\/fr\/wp-json\/wp\/v2\/product_brand?post=228659"},{"taxonomy":"product_cat","embeddable":true,"href":"https:\/\/evolve-fitness.eu\/fr\/wp-json\/wp\/v2\/product_cat?post=228659"},{"taxonomy":"product_tag","embeddable":true,"href":"https:\/\/evolve-fitness.eu\/fr\/wp-json\/wp\/v2\/product_tag?post=228659"}],"curies":[{"name":"wp","href":"https:\/\/api.w.org\/{rel}","templated":true}]}}