{"id":228726,"date":"2025-06-19T14:53:12","date_gmt":"2025-06-19T11:53:12","guid":{"rendered":"https:\/\/evolve-fitness.eu\/product\/evolve-cerakote-barbell-sets-with-bumper-weights-bs-ck-jeu-dhalteres-en-cerakote-evolve-avec-poids-pare-chocs\/"},"modified":"2026-04-08T15:57:07","modified_gmt":"2026-04-08T12:57:07","slug":"evolve-cerakote-barbell-sets-with-bumper-weights-bs-ck-jeu-dhalteres-en-cerakote-evolve-avec-poids-pare-chocs","status":"publish","type":"product","link":"https:\/\/evolve-fitness.eu\/fr\/produit\/evolve-cerakote-barbell-sets-with-bumper-weights-bs-ck-jeu-dhalteres-en-cerakote-evolve-avec-poids-pare-chocs\/","title":{"rendered":"Evolve Cerakote Barbell Sets With Bumper Weights (BS-CK) (Jeu d&rsquo;halt\u00e8res en cerakote Evolve avec poids pare-chocs)"},"content":{"rendered":"\n<section class=\"wp-block-group alignfull black-content has-white-color has-darkgray-background-color has-text-color has-background is-layout-constrained wp-block-group-is-layout-constrained\" style=\"padding-top:var(--wp--preset--spacing--section-bottom);padding-bottom:var(--wp--preset--spacing--section-bottom)\">\n<section class=\"wp-block-group alignfull black-content has-white-color has-darkgray-background-color has-text-color has-background is-layout-constrained wp-block-group-is-layout-constrained\" style=\"padding-top:var(--wp--preset--spacing--section-bottom);padding-bottom:var(--wp--preset--spacing--section-bottom)\">\n<div class=\"wp-block-columns alignwide mobile-reverse is-layout-flex wp-container-core-columns-is-layout-ca64bf2d wp-block-columns-is-layout-flex\" style=\"margin-bottom:var(--wp--preset--spacing--side-padding)\">\n<div class=\"wp-block-column is-vertically-aligned-center is-layout-flow wp-block-column-is-layout-flow\">\n<h3 class=\"wp-block-heading\" style=\"margin-bottom:var(--wp--preset--spacing--h-3-bottom)\"><strong><strong><strong>Ensemble complet d&rsquo;halt\u00e8res olympiques avec barre Cerakote, plaques Hi-Temp Bumper et colliers de blocage<\/strong><\/strong><\/strong><\/h3>\n\n\n\n<p style=\"margin-bottom:var(--wp--preset--spacing--tb-section-padding)\">Am\u00e9liorez votre entra\u00eenement de musculation avec cet ensemble d&rsquo;halt\u00e8res olympiques de premi\u00e8re qualit\u00e9, qui allie durabilit\u00e9, performance et s\u00e9curit\u00e9. Cet ensemble comprend la <strong>barre olympique Evolve Cerakote Series Man Bar (220 cm, 20 kg)<\/strong>, une s\u00e9lection de <strong>plaques Evolve Hi-Temp X Bumper Plates (5-25 kg)<\/strong> et une paire de <strong>colliers s\u00e9curis\u00e9s pour barre olympique &#8211; id\u00e9al<\/strong>pour les zones d&rsquo;entra\u00eenement fonctionnel et les environnements de levage professionnels. <\/p>\n<\/div>\n\n\n\n<div class=\"wp-block-column is-vertically-aligned-center is-layout-flow wp-block-column-is-layout-flow\">\n<figure class=\"wp-block-image size-large is-style-rounded\"><img loading=\"lazy\" decoding=\"async\" width=\"1024\" height=\"683\" src=\"https:\/\/evolve-fitness.eu\/wp-content\/uploads\/2025\/06\/A7_02372-1024x683.jpg\" alt=\"\" class=\"wp-image-200370\" srcset=\"https:\/\/evolve-fitness.eu\/wp-content\/uploads\/2025\/06\/A7_02372-1024x683.jpg 1024w, https:\/\/evolve-fitness.eu\/wp-content\/uploads\/2025\/06\/A7_02372-300x200.jpg 300w, https:\/\/evolve-fitness.eu\/wp-content\/uploads\/2025\/06\/A7_02372-150x100.jpg 150w, https:\/\/evolve-fitness.eu\/wp-content\/uploads\/2025\/06\/A7_02372-768x512.jpg 768w, https:\/\/evolve-fitness.eu\/wp-content\/uploads\/2025\/06\/A7_02372-1536x1024.jpg 1536w, https:\/\/evolve-fitness.eu\/wp-content\/uploads\/2025\/06\/A7_02372-2048x1365.jpg 2048w, https:\/\/evolve-fitness.eu\/wp-content\/uploads\/2025\/06\/A7_02372-600x400.jpg 600w, https:\/\/evolve-fitness.eu\/wp-content\/uploads\/2025\/06\/A7_02372-225x150.jpg 225w\" sizes=\"auto, (max-width: 1024px) 100vw, 1024px\" \/><\/figure>\n<\/div>\n<\/div>\n\n\n\n<div class=\"wp-block-columns alignwide is-layout-flex wp-container-core-columns-is-layout-c45ee707 wp-block-columns-is-layout-flex\" style=\"margin-bottom:var(--wp--preset--spacing--side-padding);padding-top:var(--wp--preset--spacing--side-padding)\">\n<div class=\"wp-block-column is-vertically-aligned-center is-layout-flow wp-block-column-is-layout-flow\">\n<figure class=\"wp-block-video\"><video height=\"1000\" style=\"aspect-ratio: 1000 \/ 1000;\" width=\"1000\" controls=\"\" src=\"https:\/\/store.evolve-fitness.eu\/wp-content\/uploads\/2025\/05\/EV-OB-CK-201-Evolve-Cerakote-Series-Olympic-Woman-201-cm-15-kg-1.mp4\"><\/video><\/figure>\n<\/div>\n\n\n\n<div class=\"wp-block-column is-vertically-aligned-center is-layout-flow wp-block-column-is-layout-flow\">\n<h3 class=\"wp-block-heading\" style=\"margin-bottom:var(--wp--preset--spacing--h-3-bottom)\"><strong><br\/><strong>Evolve Cerakote Series Olympic Man Bar &#8211; 220 cm \/ 20 kg<\/strong><\/strong><\/h3>\n\n\n\n<p style=\"margin-bottom:var(--wp--preset--spacing--tb-section-padding)\">D\u00e9couvrez le summum de la force et de la durabilit\u00e9 avec la barre olympique Evolve Cerakote, un choix de premier ordre pour l&rsquo;entra\u00eenement professionnel et les athl\u00e8tes \u00e0 domicile. D&rsquo;une longueur impressionnante de 220 cm et d&rsquo;un poids de 20 kg, cet halt\u00e8re est con\u00e7u pour supporter une charge maximale de 1043 kg, ce qui en fait l&rsquo;outil id\u00e9al pour soulever des charges lourdes. Dot\u00e9e de 8 roulements \u00e0 aiguilles et de 2 bagues en cuivre, elle assure une rotation fluide et une bonne stabilit\u00e9 pendant l&rsquo;utilisation.   Son diam\u00e8tre de douille de \u00d850 mm permet d&rsquo;accueillir des poids standard, tandis que le diam\u00e8tre de \u00d828 mm de la partie int\u00e9rieure de la barre am\u00e9liore la prise en main et le contr\u00f4le.  <\/p>\n<\/div>\n<\/div>\n\n\n\n<div class=\"wp-block-columns alignwide mobile-reverse is-layout-flex wp-container-core-columns-is-layout-ca64bf2d wp-block-columns-is-layout-flex\" style=\"margin-bottom:var(--wp--preset--spacing--side-padding)\">\n<div class=\"wp-block-column is-vertically-aligned-center is-layout-flow wp-block-column-is-layout-flow\">\n<h3 class=\"wp-block-heading\" style=\"margin-bottom:var(--wp--preset--spacing--h-3-bottom)\"><strong>S\u00e9curit\u00e9 et fiabilit\u00e9 &#8211; Colliers pour barres olympiques<\/strong><\/h3>\n\n\n\n<p style=\"margin-bottom:var(--wp--preset--spacing--tb-section-padding)\">Les colliers de barre olympique Evolve inclus sont con\u00e7us pour des changements de plaque rapides et s\u00fbrs. Con\u00e7us pour verrouiller les plaques de poids fermement en place pendant les lev\u00e9es de haute intensit\u00e9, ces colliers garantissent une installation stable et contr\u00f4l\u00e9e de l&rsquo;halt\u00e8re. Leur m\u00e9canisme de verrouillage rapide permet une installation et un retrait sans effort, sans compromettre la s\u00e9curit\u00e9 ou la stabilit\u00e9.  <\/p>\n<\/div>\n\n\n\n<div class=\"wp-block-column is-vertically-aligned-center is-layout-flow wp-block-column-is-layout-flow\">\n<figure class=\"wp-block-video\"><video height=\"1280\" style=\"aspect-ratio: 1920 \/ 1280;\" width=\"1920\" controls=\"\" src=\"https:\/\/store.evolve-fitness.eu\/wp-content\/uploads\/2025\/05\/EV-OC-CC-02-1.mp4\"><\/video><\/figure>\n<\/div>\n<\/div>\n\n\n\n<div class=\"wp-block-columns alignwide is-layout-flex wp-container-core-columns-is-layout-c45ee707 wp-block-columns-is-layout-flex\" style=\"margin-bottom:var(--wp--preset--spacing--side-padding);padding-top:var(--wp--preset--spacing--side-padding)\">\n<div class=\"wp-block-column is-vertically-aligned-center is-layout-flow wp-block-column-is-layout-flow\">\n<figure class=\"wp-block-image size-large is-style-rounded\"><img loading=\"lazy\" decoding=\"async\" width=\"1024\" height=\"683\" src=\"https:\/\/evolve-fitness.eu\/wp-content\/uploads\/2025\/06\/A7_02389-1024x683.jpg\" alt=\"\" class=\"wp-image-200395\" srcset=\"https:\/\/evolve-fitness.eu\/wp-content\/uploads\/2025\/06\/A7_02389-1024x683.jpg 1024w, https:\/\/evolve-fitness.eu\/wp-content\/uploads\/2025\/06\/A7_02389-300x200.jpg 300w, https:\/\/evolve-fitness.eu\/wp-content\/uploads\/2025\/06\/A7_02389-150x100.jpg 150w, https:\/\/evolve-fitness.eu\/wp-content\/uploads\/2025\/06\/A7_02389-768x512.jpg 768w, https:\/\/evolve-fitness.eu\/wp-content\/uploads\/2025\/06\/A7_02389-1536x1024.jpg 1536w, https:\/\/evolve-fitness.eu\/wp-content\/uploads\/2025\/06\/A7_02389-2048x1365.jpg 2048w, https:\/\/evolve-fitness.eu\/wp-content\/uploads\/2025\/06\/A7_02389-600x400.jpg 600w, https:\/\/evolve-fitness.eu\/wp-content\/uploads\/2025\/06\/A7_02389-225x150.jpg 225w\" sizes=\"auto, (max-width: 1024px) 100vw, 1024px\" \/><\/figure>\n<\/div>\n\n\n\n<div class=\"wp-block-column is-vertically-aligned-center is-layout-flow wp-block-column-is-layout-flow\">\n<h3 class=\"wp-block-heading\" style=\"margin-bottom:var(--wp--preset--spacing--h-3-bottom)\"><strong>Plaques de pare-chocs durables Hi-Temp<\/strong><\/h3>\n\n\n\n<p>Cet ensemble comprend les <strong>plaques Evolve Hi-Temp X Bumper<\/strong>, disponibles en plusieurs configurations (paires de 5, 10, 15, 20 et 25 kg). Fabriqu\u00e9es en caoutchouc haute densit\u00e9 et con\u00e7ues pour absorber les chocs en cas d&rsquo;impact, ces plaques sont id\u00e9ales pour r\u00e9duire le bruit et prot\u00e9ger les sols dans les environnements d&rsquo;entra\u00eenement intensif. Le mat\u00e9riau \u00e0 faible rebondissement garantit des performances s\u00fbres et constantes.  <\/p>\n<\/div>\n<\/div>\n\n\n\n<div class=\"wp-block-columns alignwide is-layout-flex wp-container-core-columns-is-layout-c45ee707 wp-block-columns-is-layout-flex\" style=\"margin-bottom:var(--wp--preset--spacing--side-padding);padding-top:var(--wp--preset--spacing--side-padding)\">\n<div class=\"wp-block-column is-vertically-aligned-center is-layout-flow wp-block-column-is-layout-flow\">\n<h3 class=\"wp-block-heading\" style=\"margin-bottom:var(--wp--preset--spacing--h-3-bottom)\"><strong>Variations de poids personnalisables<\/strong><\/h3>\n\n\n\n<p>Disponible en diff\u00e9rentes configurations, ce kit d&rsquo;halt\u00e8res peut \u00eatre adapt\u00e9 \u00e0 vos objectifs d&rsquo;entra\u00eenement, qu&rsquo;il s&rsquo;agisse de construire une salle de sport \u00e0 domicile ou d&rsquo;\u00e9quiper une installation commerciale. Choisissez la combinaison de plaques pare-chocs qui correspond \u00e0 vos besoins, avec des poids totaux allant de <strong>90 kg \u00e0 170+ kg.<\/strong> <\/p>\n<\/div>\n\n\n\n<div class=\"wp-block-column is-vertically-aligned-center is-layout-flow wp-block-column-is-layout-flow\">\n<div class=\"wp-block-columns is-layout-flex wp-container-core-columns-is-layout-9d6595d7 wp-block-columns-is-layout-flex\">\n<div class=\"wp-block-column is-layout-flow wp-block-column-is-layout-flow\">\n<figure class=\"wp-block-image size-large is-style-rounded\"><img loading=\"lazy\" decoding=\"async\" width=\"1024\" height=\"683\" src=\"https:\/\/evolve-fitness.eu\/wp-content\/uploads\/2025\/06\/A7_02383-1024x683.jpg\" alt=\"\" class=\"wp-image-200445\" srcset=\"https:\/\/evolve-fitness.eu\/wp-content\/uploads\/2025\/06\/A7_02383-1024x683.jpg 1024w, https:\/\/evolve-fitness.eu\/wp-content\/uploads\/2025\/06\/A7_02383-300x200.jpg 300w, https:\/\/evolve-fitness.eu\/wp-content\/uploads\/2025\/06\/A7_02383-150x100.jpg 150w, https:\/\/evolve-fitness.eu\/wp-content\/uploads\/2025\/06\/A7_02383-768x512.jpg 768w, https:\/\/evolve-fitness.eu\/wp-content\/uploads\/2025\/06\/A7_02383-1536x1024.jpg 1536w, https:\/\/evolve-fitness.eu\/wp-content\/uploads\/2025\/06\/A7_02383-2048x1365.jpg 2048w, https:\/\/evolve-fitness.eu\/wp-content\/uploads\/2025\/06\/A7_02383-600x400.jpg 600w, https:\/\/evolve-fitness.eu\/wp-content\/uploads\/2025\/06\/A7_02383-225x150.jpg 225w\" sizes=\"auto, (max-width: 1024px) 100vw, 1024px\" \/><\/figure>\n<\/div>\n<\/div>\n<\/div>\n<\/div>\n<\/section>\n<\/section>\n","protected":false},"excerpt":{"rendered":"<p>Am\u00e9liorez votre entra\u00eenement de musculation avec cet ensemble d&rsquo;halt\u00e8res olympiques de premi\u00e8re qualit\u00e9, qui allie durabilit\u00e9, performance et s\u00e9curit\u00e9. Cet ensemble comprend la barre olympique Evolve Cerakote Series Man Bar (220 cm, 20 kg), une s\u00e9lection de plaques Evolve Hi-Temp X Bumper Plates (5-25 kg) et une paire de colliers s\u00e9curis\u00e9s pour barre olympique &#8211; id\u00e9al pour les zones d&rsquo;entra\u00eenement fonctionnel et les environnements de levage professionnels. <\/p>\n","protected":false},"featured_media":200353,"template":"","meta":{"_acf_changed":false,"inline_featured_image":false},"product_brand":[],"product_cat":[13064,1452],"product_tag":[],"class_list":{"0":"post-228726","1":"product","2":"type-product","3":"status-publish","4":"has-post-thumbnail","6":"product_cat-bar-sets","7":"product_cat-poids-libres","9":"first","10":"instock","11":"shipping-taxable","12":"purchasable","13":"product-type-variable"},"acf":{"long_title":"Evolve Cerakote Barbell Sets With Bumper Weights (BS-CK) (Jeu d'halt\u00e8res en cerakote Evolve avec poids pare-chocs)","subtitle":"","specifications":[{"label":"SKU","text_value":"EV-BS-CK","icon":"x"}]},"yoast_head":"<!-- This site is optimized with the Yoast SEO plugin v26.6 - https:\/\/yoast.com\/wordpress\/plugins\/seo\/ -->\n<title>Evolve Cerakote Barbell Sets With Bumper Weights (BS-CK) (Jeu d&#039;halt\u00e8res en cerakote Evolve avec poids pare-chocs) - Evolve<\/title>\n<meta name=\"description\" content=\"Am\u00e9liorez votre entra\u00eenement de force avec cet ensemble. Cet ensemble comprend la barre olympique Evolve Cerakote Series, les pare-chocs Hi-Temp X et les colliers de barre.\" \/>\n<meta name=\"robots\" content=\"index, follow, max-snippet:-1, max-image-preview:large, max-video-preview:-1\" \/>\n<link rel=\"canonical\" href=\"https:\/\/evolve-fitness.eu\/fr\/produit\/evolve-cerakote-barbell-sets-with-bumper-weights-bs-ck-jeu-dhalteres-en-cerakote-evolve-avec-poids-pare-chocs\/\" \/>\n<meta property=\"og:locale\" content=\"fr_FR\" \/>\n<meta property=\"og:type\" content=\"article\" \/>\n<meta property=\"og:title\" content=\"Evolve Cerakote Barbell Sets With Bumper Weights (BS-CK) (Jeu d&#039;halt\u00e8res en cerakote Evolve avec poids pare-chocs) - Evolve\" \/>\n<meta property=\"og:description\" content=\"Am\u00e9liorez votre entra\u00eenement de force avec cet ensemble. Cet ensemble comprend la barre olympique Evolve Cerakote Series, les pare-chocs Hi-Temp X et les colliers de barre.\" \/>\n<meta property=\"og:url\" content=\"https:\/\/evolve-fitness.eu\/fr\/produit\/evolve-cerakote-barbell-sets-with-bumper-weights-bs-ck-jeu-dhalteres-en-cerakote-evolve-avec-poids-pare-chocs\/\" \/>\n<meta property=\"og:site_name\" content=\"Evolve\" \/>\n<meta property=\"article:publisher\" content=\"https:\/\/www.facebook.com\/EvolveFitnessEurope\" \/>\n<meta property=\"article:modified_time\" content=\"2026-04-08T12:57:07+00:00\" \/>\n<meta property=\"og:image\" content=\"https:\/\/evolve-fitness.eu\/wp-content\/uploads\/2025\/06\/Heading-1-1-scaled.png\" \/>\n\t<meta property=\"og:image:width\" content=\"2560\" \/>\n\t<meta property=\"og:image:height\" content=\"2560\" \/>\n\t<meta property=\"og:image:type\" content=\"image\/png\" \/>\n<meta name=\"twitter:card\" content=\"summary_large_image\" \/>\n<script type=\"application\/ld+json\" class=\"yoast-schema-graph\">{\"@context\":\"https:\/\/schema.org\",\"@graph\":[{\"@type\":\"WebPage\",\"@id\":\"https:\/\/evolve-fitness.eu\/fr\/produit\/evolve-cerakote-barbell-sets-with-bumper-weights-bs-ck-jeu-dhalteres-en-cerakote-evolve-avec-poids-pare-chocs\/\",\"url\":\"https:\/\/evolve-fitness.eu\/fr\/produit\/evolve-cerakote-barbell-sets-with-bumper-weights-bs-ck-jeu-dhalteres-en-cerakote-evolve-avec-poids-pare-chocs\/\",\"name\":\"Evolve Cerakote Barbell Sets With Bumper Weights (BS-CK) (Jeu d'halt\u00e8res en cerakote Evolve avec poids pare-chocs) - Evolve\",\"isPartOf\":{\"@id\":\"https:\/\/evolve-fitness.eu\/fr\/#website\"},\"primaryImageOfPage\":{\"@id\":\"https:\/\/evolve-fitness.eu\/fr\/produit\/evolve-cerakote-barbell-sets-with-bumper-weights-bs-ck-jeu-dhalteres-en-cerakote-evolve-avec-poids-pare-chocs\/#primaryimage\"},\"image\":{\"@id\":\"https:\/\/evolve-fitness.eu\/fr\/produit\/evolve-cerakote-barbell-sets-with-bumper-weights-bs-ck-jeu-dhalteres-en-cerakote-evolve-avec-poids-pare-chocs\/#primaryimage\"},\"thumbnailUrl\":\"https:\/\/evolve-fitness.eu\/wp-content\/uploads\/2025\/06\/Heading-1-1-scaled.png\",\"datePublished\":\"2025-06-19T11:53:12+00:00\",\"dateModified\":\"2026-04-08T12:57:07+00:00\",\"description\":\"Am\u00e9liorez votre entra\u00eenement de force avec cet ensemble. Cet ensemble comprend la barre olympique Evolve Cerakote Series, les pare-chocs Hi-Temp X et les colliers de barre.\",\"breadcrumb\":{\"@id\":\"https:\/\/evolve-fitness.eu\/fr\/produit\/evolve-cerakote-barbell-sets-with-bumper-weights-bs-ck-jeu-dhalteres-en-cerakote-evolve-avec-poids-pare-chocs\/#breadcrumb\"},\"inLanguage\":\"fr-FR\",\"potentialAction\":[{\"@type\":\"ReadAction\",\"target\":[\"https:\/\/evolve-fitness.eu\/fr\/produit\/evolve-cerakote-barbell-sets-with-bumper-weights-bs-ck-jeu-dhalteres-en-cerakote-evolve-avec-poids-pare-chocs\/\"]}]},{\"@type\":\"ImageObject\",\"inLanguage\":\"fr-FR\",\"@id\":\"https:\/\/evolve-fitness.eu\/fr\/produit\/evolve-cerakote-barbell-sets-with-bumper-weights-bs-ck-jeu-dhalteres-en-cerakote-evolve-avec-poids-pare-chocs\/#primaryimage\",\"url\":\"https:\/\/evolve-fitness.eu\/wp-content\/uploads\/2025\/06\/Heading-1-1-scaled.png\",\"contentUrl\":\"https:\/\/evolve-fitness.eu\/wp-content\/uploads\/2025\/06\/Heading-1-1-scaled.png\",\"width\":2560,\"height\":2560},{\"@type\":\"BreadcrumbList\",\"@id\":\"https:\/\/evolve-fitness.eu\/fr\/produit\/evolve-cerakote-barbell-sets-with-bumper-weights-bs-ck-jeu-dhalteres-en-cerakote-evolve-avec-poids-pare-chocs\/#breadcrumb\",\"itemListElement\":[{\"@type\":\"ListItem\",\"position\":1,\"name\":\"Home\",\"item\":\"https:\/\/evolve-fitness.eu\/fr\/\"},{\"@type\":\"ListItem\",\"position\":2,\"name\":\"Produits\",\"item\":\"https:\/\/evolve-fitness.eu\/fr\/shop\/\"},{\"@type\":\"ListItem\",\"position\":3,\"name\":\"Evolve Cerakote Barbell Sets With Bumper Weights (BS-CK) (Jeu d&#8217;halt\u00e8res en cerakote Evolve avec poids pare-chocs)\"}]},{\"@type\":\"WebSite\",\"@id\":\"https:\/\/evolve-fitness.eu\/fr\/#website\",\"url\":\"https:\/\/evolve-fitness.eu\/fr\/\",\"name\":\"Evolve\",\"description\":\"Your Evolved Gear Arrived\",\"publisher\":{\"@id\":\"https:\/\/evolve-fitness.eu\/fr\/#organization\"},\"potentialAction\":[{\"@type\":\"SearchAction\",\"target\":{\"@type\":\"EntryPoint\",\"urlTemplate\":\"https:\/\/evolve-fitness.eu\/fr\/?s={search_term_string}\"},\"query-input\":{\"@type\":\"PropertyValueSpecification\",\"valueRequired\":true,\"valueName\":\"search_term_string\"}}],\"inLanguage\":\"fr-FR\"},{\"@type\":\"Organization\",\"@id\":\"https:\/\/evolve-fitness.eu\/fr\/#organization\",\"name\":\"Evolve\",\"url\":\"https:\/\/evolve-fitness.eu\/fr\/\",\"logo\":{\"@type\":\"ImageObject\",\"inLanguage\":\"fr-FR\",\"@id\":\"https:\/\/evolve-fitness.eu\/fr\/#\/schema\/logo\/image\/\",\"url\":\"https:\/\/evolve-fitness.eu\/wp-content\/uploads\/2023\/05\/Evolve-logo.svg\",\"contentUrl\":\"https:\/\/evolve-fitness.eu\/wp-content\/uploads\/2023\/05\/Evolve-logo.svg\",\"width\":176,\"height\":20,\"caption\":\"Evolve\"},\"image\":{\"@id\":\"https:\/\/evolve-fitness.eu\/fr\/#\/schema\/logo\/image\/\"},\"sameAs\":[\"https:\/\/www.facebook.com\/EvolveFitnessEurope\"]}]}<\/script>\n<!-- \/ Yoast SEO plugin. -->","yoast_head_json":{"title":"Evolve Cerakote Barbell Sets With Bumper Weights (BS-CK) (Jeu d'halt\u00e8res en cerakote Evolve avec poids pare-chocs) - Evolve","description":"Am\u00e9liorez votre entra\u00eenement de force avec cet ensemble. Cet ensemble comprend la barre olympique Evolve Cerakote Series, les pare-chocs Hi-Temp X et les colliers de barre.","robots":{"index":"index","follow":"follow","max-snippet":"max-snippet:-1","max-image-preview":"max-image-preview:large","max-video-preview":"max-video-preview:-1"},"canonical":"https:\/\/evolve-fitness.eu\/fr\/produit\/evolve-cerakote-barbell-sets-with-bumper-weights-bs-ck-jeu-dhalteres-en-cerakote-evolve-avec-poids-pare-chocs\/","og_locale":"fr_FR","og_type":"article","og_title":"Evolve Cerakote Barbell Sets With Bumper Weights (BS-CK) (Jeu d'halt\u00e8res en cerakote Evolve avec poids pare-chocs) - Evolve","og_description":"Am\u00e9liorez votre entra\u00eenement de force avec cet ensemble. Cet ensemble comprend la barre olympique Evolve Cerakote Series, les pare-chocs Hi-Temp X et les colliers de barre.","og_url":"https:\/\/evolve-fitness.eu\/fr\/produit\/evolve-cerakote-barbell-sets-with-bumper-weights-bs-ck-jeu-dhalteres-en-cerakote-evolve-avec-poids-pare-chocs\/","og_site_name":"Evolve","article_publisher":"https:\/\/www.facebook.com\/EvolveFitnessEurope","article_modified_time":"2026-04-08T12:57:07+00:00","og_image":[{"width":2560,"height":2560,"url":"https:\/\/evolve-fitness.eu\/wp-content\/uploads\/2025\/06\/Heading-1-1-scaled.png","type":"image\/png"}],"twitter_card":"summary_large_image","schema":{"@context":"https:\/\/schema.org","@graph":[{"@type":"WebPage","@id":"https:\/\/evolve-fitness.eu\/fr\/produit\/evolve-cerakote-barbell-sets-with-bumper-weights-bs-ck-jeu-dhalteres-en-cerakote-evolve-avec-poids-pare-chocs\/","url":"https:\/\/evolve-fitness.eu\/fr\/produit\/evolve-cerakote-barbell-sets-with-bumper-weights-bs-ck-jeu-dhalteres-en-cerakote-evolve-avec-poids-pare-chocs\/","name":"Evolve Cerakote Barbell Sets With Bumper Weights (BS-CK) (Jeu d'halt\u00e8res en cerakote Evolve avec poids pare-chocs) - Evolve","isPartOf":{"@id":"https:\/\/evolve-fitness.eu\/fr\/#website"},"primaryImageOfPage":{"@id":"https:\/\/evolve-fitness.eu\/fr\/produit\/evolve-cerakote-barbell-sets-with-bumper-weights-bs-ck-jeu-dhalteres-en-cerakote-evolve-avec-poids-pare-chocs\/#primaryimage"},"image":{"@id":"https:\/\/evolve-fitness.eu\/fr\/produit\/evolve-cerakote-barbell-sets-with-bumper-weights-bs-ck-jeu-dhalteres-en-cerakote-evolve-avec-poids-pare-chocs\/#primaryimage"},"thumbnailUrl":"https:\/\/evolve-fitness.eu\/wp-content\/uploads\/2025\/06\/Heading-1-1-scaled.png","datePublished":"2025-06-19T11:53:12+00:00","dateModified":"2026-04-08T12:57:07+00:00","description":"Am\u00e9liorez votre entra\u00eenement de force avec cet ensemble. Cet ensemble comprend la barre olympique Evolve Cerakote Series, les pare-chocs Hi-Temp X et les colliers de barre.","breadcrumb":{"@id":"https:\/\/evolve-fitness.eu\/fr\/produit\/evolve-cerakote-barbell-sets-with-bumper-weights-bs-ck-jeu-dhalteres-en-cerakote-evolve-avec-poids-pare-chocs\/#breadcrumb"},"inLanguage":"fr-FR","potentialAction":[{"@type":"ReadAction","target":["https:\/\/evolve-fitness.eu\/fr\/produit\/evolve-cerakote-barbell-sets-with-bumper-weights-bs-ck-jeu-dhalteres-en-cerakote-evolve-avec-poids-pare-chocs\/"]}]},{"@type":"ImageObject","inLanguage":"fr-FR","@id":"https:\/\/evolve-fitness.eu\/fr\/produit\/evolve-cerakote-barbell-sets-with-bumper-weights-bs-ck-jeu-dhalteres-en-cerakote-evolve-avec-poids-pare-chocs\/#primaryimage","url":"https:\/\/evolve-fitness.eu\/wp-content\/uploads\/2025\/06\/Heading-1-1-scaled.png","contentUrl":"https:\/\/evolve-fitness.eu\/wp-content\/uploads\/2025\/06\/Heading-1-1-scaled.png","width":2560,"height":2560},{"@type":"BreadcrumbList","@id":"https:\/\/evolve-fitness.eu\/fr\/produit\/evolve-cerakote-barbell-sets-with-bumper-weights-bs-ck-jeu-dhalteres-en-cerakote-evolve-avec-poids-pare-chocs\/#breadcrumb","itemListElement":[{"@type":"ListItem","position":1,"name":"Home","item":"https:\/\/evolve-fitness.eu\/fr\/"},{"@type":"ListItem","position":2,"name":"Produits","item":"https:\/\/evolve-fitness.eu\/fr\/shop\/"},{"@type":"ListItem","position":3,"name":"Evolve Cerakote Barbell Sets With Bumper Weights (BS-CK) (Jeu d&#8217;halt\u00e8res en cerakote Evolve avec poids pare-chocs)"}]},{"@type":"WebSite","@id":"https:\/\/evolve-fitness.eu\/fr\/#website","url":"https:\/\/evolve-fitness.eu\/fr\/","name":"Evolve","description":"Your Evolved Gear Arrived","publisher":{"@id":"https:\/\/evolve-fitness.eu\/fr\/#organization"},"potentialAction":[{"@type":"SearchAction","target":{"@type":"EntryPoint","urlTemplate":"https:\/\/evolve-fitness.eu\/fr\/?s={search_term_string}"},"query-input":{"@type":"PropertyValueSpecification","valueRequired":true,"valueName":"search_term_string"}}],"inLanguage":"fr-FR"},{"@type":"Organization","@id":"https:\/\/evolve-fitness.eu\/fr\/#organization","name":"Evolve","url":"https:\/\/evolve-fitness.eu\/fr\/","logo":{"@type":"ImageObject","inLanguage":"fr-FR","@id":"https:\/\/evolve-fitness.eu\/fr\/#\/schema\/logo\/image\/","url":"https:\/\/evolve-fitness.eu\/wp-content\/uploads\/2023\/05\/Evolve-logo.svg","contentUrl":"https:\/\/evolve-fitness.eu\/wp-content\/uploads\/2023\/05\/Evolve-logo.svg","width":176,"height":20,"caption":"Evolve"},"image":{"@id":"https:\/\/evolve-fitness.eu\/fr\/#\/schema\/logo\/image\/"},"sameAs":["https:\/\/www.facebook.com\/EvolveFitnessEurope"]}]}},"_links":{"self":[{"href":"https:\/\/evolve-fitness.eu\/fr\/wp-json\/wp\/v2\/product\/228726","targetHints":{"allow":["GET"]}}],"collection":[{"href":"https:\/\/evolve-fitness.eu\/fr\/wp-json\/wp\/v2\/product"}],"about":[{"href":"https:\/\/evolve-fitness.eu\/fr\/wp-json\/wp\/v2\/types\/product"}],"wp:featuredmedia":[{"embeddable":true,"href":"https:\/\/evolve-fitness.eu\/fr\/wp-json\/wp\/v2\/media\/200353"}],"wp:attachment":[{"href":"https:\/\/evolve-fitness.eu\/fr\/wp-json\/wp\/v2\/media?parent=228726"}],"wp:term":[{"taxonomy":"product_brand","embeddable":true,"href":"https:\/\/evolve-fitness.eu\/fr\/wp-json\/wp\/v2\/product_brand?post=228726"},{"taxonomy":"product_cat","embeddable":true,"href":"https:\/\/evolve-fitness.eu\/fr\/wp-json\/wp\/v2\/product_cat?post=228726"},{"taxonomy":"product_tag","embeddable":true,"href":"https:\/\/evolve-fitness.eu\/fr\/wp-json\/wp\/v2\/product_tag?post=228726"}],"curies":[{"name":"wp","href":"https:\/\/api.w.org\/{rel}","templated":true}]}}