{"id":229182,"date":"2025-03-28T09:47:53","date_gmt":"2025-03-28T07:47:53","guid":{"rendered":"https:\/\/evolve-fitness.eu\/product\/porte-matelas-reglable-evolve-en-pose-libre-ah-300\/"},"modified":"2026-04-09T16:03:30","modified_gmt":"2026-04-09T13:03:30","slug":"porte-matelas-reglable-evolve-en-pose-libre-ah-300","status":"publish","type":"product","link":"https:\/\/evolve-fitness.eu\/fr\/produit\/porte-matelas-reglable-evolve-en-pose-libre-ah-300\/","title":{"rendered":"Porte-matelas r\u00e9glable Evolve en pose libre (AH-300)"},"content":{"rendered":"\n<section class=\"wp-block-group alignfull black-content has-white-color has-darkgray-background-color has-text-color has-background is-layout-constrained wp-block-group-is-layout-constrained\" style=\"padding-top:var(--wp--preset--spacing--section-bottom);padding-bottom:var(--wp--preset--spacing--section-bottom)\">\n<div class=\"wp-block-columns alignwide mobile-reverse is-layout-flex wp-container-core-columns-is-layout-ca64bf2d wp-block-columns-is-layout-flex\" style=\"margin-bottom:var(--wp--preset--spacing--side-padding)\">\n<div class=\"wp-block-column is-vertically-aligned-center is-layout-flow wp-block-column-is-layout-flow\">\n<h3 class=\"wp-block-heading\" style=\"margin-bottom:var(--wp--preset--spacing--h-3-bottom)\"><strong><strong>Porte-matelas r\u00e9glable autonome  <\/strong><\/strong><\/h3>\n\n\n\n<p>Le <strong>support de tapis r\u00e9glable autonome Evolve (AH-300<\/strong> ) est une solution de stockage pratique con\u00e7ue pour garder les tapis d&rsquo;entra\u00eenement organis\u00e9s, accessibles et hors du sol dans les salles de sport commerciales et domestiques. Sa construction autoportante permet un placement flexible sans avoir besoin d&rsquo;un montage mural. <\/p>\n\n\n\n<p>La conception r\u00e9glable permet d&rsquo;accueillir des tapis de tailles et d&rsquo;\u00e9paisseurs diff\u00e9rentes, ce qui le rend adapt\u00e9 aux tapis de yoga, de fitness, d&rsquo;\u00e9tirement et de r\u00e9\u00e9ducation. Le rangement vertical permet d&rsquo;optimiser l&rsquo;espace au sol tout en conservant une zone d&rsquo;entra\u00eenement propre et professionnelle. <\/p>\n<\/div>\n\n\n\n<div class=\"wp-block-column is-vertically-aligned-center is-layout-flow wp-block-column-is-layout-flow\">\n<figure class=\"wp-block-image size-large is-style-rounded\"><img loading=\"lazy\" decoding=\"async\" width=\"683\" height=\"1024\" src=\"https:\/\/evolve-fitness.eu\/wp-content\/uploads\/2025\/03\/A7_00863-683x1024.jpg\" alt=\"\" class=\"wp-image-222525\" srcset=\"https:\/\/evolve-fitness.eu\/wp-content\/uploads\/2025\/03\/A7_00863-683x1024.jpg 683w, https:\/\/evolve-fitness.eu\/wp-content\/uploads\/2025\/03\/A7_00863-200x300.jpg 200w, https:\/\/evolve-fitness.eu\/wp-content\/uploads\/2025\/03\/A7_00863-100x150.jpg 100w, https:\/\/evolve-fitness.eu\/wp-content\/uploads\/2025\/03\/A7_00863-768x1152.jpg 768w, https:\/\/evolve-fitness.eu\/wp-content\/uploads\/2025\/03\/A7_00863-1024x1536.jpg 1024w, https:\/\/evolve-fitness.eu\/wp-content\/uploads\/2025\/03\/A7_00863-300x450.jpg 300w, https:\/\/evolve-fitness.eu\/wp-content\/uploads\/2025\/03\/A7_00863-600x900.jpg 600w, https:\/\/evolve-fitness.eu\/wp-content\/uploads\/2025\/03\/A7_00863.jpg 1365w\" sizes=\"auto, (max-width: 683px) 100vw, 683px\" \/><\/figure>\n<\/div>\n<\/div>\n\n\n\n<div class=\"wp-block-columns alignwide mobile-reverse is-layout-flex wp-container-core-columns-is-layout-ca64bf2d wp-block-columns-is-layout-flex\" style=\"margin-bottom:var(--wp--preset--spacing--side-padding)\">\n<div class=\"wp-block-column is-layout-flow wp-block-column-is-layout-flow\">\n<figure class=\"wp-block-image size-large is-style-rounded\"><img loading=\"lazy\" decoding=\"async\" width=\"683\" height=\"1024\" src=\"https:\/\/evolve-fitness.eu\/wp-content\/uploads\/2025\/03\/A7_00889-683x1024.jpg\" alt=\"\" class=\"wp-image-222526\" srcset=\"https:\/\/evolve-fitness.eu\/wp-content\/uploads\/2025\/03\/A7_00889-683x1024.jpg 683w, https:\/\/evolve-fitness.eu\/wp-content\/uploads\/2025\/03\/A7_00889-200x300.jpg 200w, https:\/\/evolve-fitness.eu\/wp-content\/uploads\/2025\/03\/A7_00889-100x150.jpg 100w, https:\/\/evolve-fitness.eu\/wp-content\/uploads\/2025\/03\/A7_00889-768x1152.jpg 768w, https:\/\/evolve-fitness.eu\/wp-content\/uploads\/2025\/03\/A7_00889-1024x1536.jpg 1024w, https:\/\/evolve-fitness.eu\/wp-content\/uploads\/2025\/03\/A7_00889-300x450.jpg 300w, https:\/\/evolve-fitness.eu\/wp-content\/uploads\/2025\/03\/A7_00889-600x900.jpg 600w, https:\/\/evolve-fitness.eu\/wp-content\/uploads\/2025\/03\/A7_00889.jpg 1365w\" sizes=\"auto, (max-width: 683px) 100vw, 683px\" \/><\/figure>\n<\/div>\n\n\n\n<div class=\"wp-block-column is-vertically-aligned-center is-layout-flow wp-block-column-is-layout-flow\">\n<h3 class=\"wp-block-heading\" style=\"margin-bottom:var(--wp--preset--spacing--h-3-bottom)\"><strong><strong>MOUVEMENT SANS EFFORT<\/strong><\/strong><\/h3>\n\n\n\n<p>Le support est \u00e9quip\u00e9 de <strong>roues pivotantes robustes avec freins<\/strong>, permettant de se d\u00e9placer sans effort entre les zones d&rsquo;entra\u00eenement tout en conservant une bonne stabilit\u00e9 lorsqu&rsquo;il est positionn\u00e9. Les <strong>poign\u00e9es lat\u00e9rales<\/strong> ergonomiques rendent le repositionnement simple et s\u00fbr, m\u00eame lorsqu&rsquo;il est enti\u00e8rement charg\u00e9. <\/p>\n<\/div>\n<\/div>\n\n\n\n<div class=\"wp-block-columns alignwide mobile-reverse is-layout-flex wp-container-core-columns-is-layout-ca64bf2d wp-block-columns-is-layout-flex\" style=\"margin-bottom:var(--wp--preset--spacing--side-padding)\">\n<div class=\"wp-block-column is-vertically-aligned-center is-layout-flow wp-block-column-is-layout-flow\">\n<h3 class=\"wp-block-heading\" style=\"margin-bottom:var(--wp--preset--spacing--h-3-bottom)\"><strong><strong>adaptation facile \u00e0 diff\u00e9rentes largeurs de tapis<\/strong><\/strong><\/h3>\n\n\n\n<p>Ses <strong>supports lat\u00e9raux r\u00e9glables<\/strong> permettent de s&rsquo;adapter facilement \u00e0 diff\u00e9rentes largeurs de tapis, garantissant ainsi la compatibilit\u00e9 avec une large gamme de tapis d&rsquo;exercice. Le <strong>syst\u00e8me de bouton de verrouillage<\/strong> int\u00e9gr\u00e9 permet un r\u00e9glage rapide et s\u00fbr, maintenant les tapis stables pendant le stockage et le transport. <\/p>\n<\/div>\n\n\n\n<div class=\"wp-block-column is-vertically-aligned-center is-layout-flow wp-block-column-is-layout-flow\">\n<div class=\"wp-block-columns is-layout-flex wp-container-core-columns-is-layout-9d6595d7 wp-block-columns-is-layout-flex\">\n<div class=\"wp-block-column is-layout-flow wp-block-column-is-layout-flow\">\n<figure class=\"wp-block-image size-full is-style-rounded\"><img loading=\"lazy\" decoding=\"async\" width=\"683\" height=\"455\" src=\"https:\/\/evolve-fitness.eu\/wp-content\/uploads\/2026\/01\/Dizainas-be-pavadinimo-3-edited-1.png\" alt=\"\" class=\"wp-image-222531\" srcset=\"https:\/\/evolve-fitness.eu\/wp-content\/uploads\/2026\/01\/Dizainas-be-pavadinimo-3-edited-1.png 683w, https:\/\/evolve-fitness.eu\/wp-content\/uploads\/2026\/01\/Dizainas-be-pavadinimo-3-edited-1-300x200.png 300w, https:\/\/evolve-fitness.eu\/wp-content\/uploads\/2026\/01\/Dizainas-be-pavadinimo-3-edited-1-150x100.png 150w, https:\/\/evolve-fitness.eu\/wp-content\/uploads\/2026\/01\/Dizainas-be-pavadinimo-3-edited-1-600x400.png 600w, https:\/\/evolve-fitness.eu\/wp-content\/uploads\/2026\/01\/Dizainas-be-pavadinimo-3-edited-1-225x150.png 225w\" sizes=\"auto, (max-width: 683px) 100vw, 683px\" \/><\/figure>\n<\/div>\n<\/div>\n<\/div>\n<\/div>\n\n\n\n<div class=\"wp-block-columns alignwide mobile-reverse is-layout-flex wp-container-core-columns-is-layout-ca64bf2d wp-block-columns-is-layout-flex\" style=\"margin-bottom:var(--wp--preset--spacing--side-padding)\">\n<div class=\"wp-block-column is-layout-flow wp-block-column-is-layout-flow\">\n<figure class=\"wp-block-image size-large is-style-rounded\"><img loading=\"lazy\" decoding=\"async\" width=\"683\" height=\"1024\" src=\"https:\/\/evolve-fitness.eu\/wp-content\/uploads\/2025\/03\/A7_03222-683x1024.jpg\" alt=\"\" class=\"wp-image-222532\" srcset=\"https:\/\/evolve-fitness.eu\/wp-content\/uploads\/2025\/03\/A7_03222-683x1024.jpg 683w, https:\/\/evolve-fitness.eu\/wp-content\/uploads\/2025\/03\/A7_03222-200x300.jpg 200w, https:\/\/evolve-fitness.eu\/wp-content\/uploads\/2025\/03\/A7_03222-100x150.jpg 100w, https:\/\/evolve-fitness.eu\/wp-content\/uploads\/2025\/03\/A7_03222-768x1152.jpg 768w, https:\/\/evolve-fitness.eu\/wp-content\/uploads\/2025\/03\/A7_03222-1024x1536.jpg 1024w, https:\/\/evolve-fitness.eu\/wp-content\/uploads\/2025\/03\/A7_03222-1365x2048.jpg 1365w, https:\/\/evolve-fitness.eu\/wp-content\/uploads\/2025\/03\/A7_03222-300x450.jpg 300w, https:\/\/evolve-fitness.eu\/wp-content\/uploads\/2025\/03\/A7_03222-600x900.jpg 600w, https:\/\/evolve-fitness.eu\/wp-content\/uploads\/2025\/03\/A7_03222-scaled.jpg 1707w\" sizes=\"auto, (max-width: 683px) 100vw, 683px\" \/><\/figure>\n<\/div>\n\n\n\n<div class=\"wp-block-column is-vertically-aligned-center is-layout-flow wp-block-column-is-layout-flow\">\n<h3 class=\"wp-block-heading\" style=\"margin-bottom:var(--wp--preset--spacing--h-3-bottom)\"><strong><strong>Construit en acier durable<\/strong><\/strong><\/h3>\n\n\n\n<p>Construit en acier durable, le AH-300 garantit une stabilit\u00e9 et une fiabilit\u00e9 \u00e0 long terme dans le cadre d&rsquo;une utilisation quotidienne. La base solide offre un support s\u00fbr, tandis que la conception simple et fonctionnelle permet de charger et de retirer rapidement les tapis, am\u00e9liorant ainsi l&rsquo;efficacit\u00e9 globale de la salle de sport. <\/p>\n\n\n\n<p>Ce porte-matelas est un compl\u00e9ment id\u00e9al pour les clubs de fitness, les studios et les centres d&rsquo;entra\u00eenement \u00e0 la recherche d&rsquo;une solution de stockage des matelas organis\u00e9e, peu encombrante et professionnelle.<\/p>\n<\/div>\n<\/div>\n<\/section>\n","protected":false},"excerpt":{"rendered":"<p>Gardez votre espace d&rsquo;entra\u00eenement propre et organis\u00e9 avec le rack de rangement Evolve EV-RS-AH-300. Con\u00e7u pour ranger divers accessoires de fitness, ce rack robuste et compact assure un acc\u00e8s rapide \u00e0 votre \u00e9quipement tout en maintenant un espace d&rsquo;entra\u00eenement sans encombrement. <\/p>\n","protected":false},"featured_media":229187,"template":"","meta":{"_acf_changed":false,"inline_featured_image":false},"product_brand":[],"product_cat":[1452,2878,2951],"product_tag":[],"class_list":{"0":"post-229182","1":"product","2":"type-product","3":"status-publish","4":"has-post-thumbnail","6":"product_cat-poids-libres","7":"product_cat-rayonnages-et-solutions-de-stockage","8":"product_cat-studio-fr","10":"first","11":"instock","12":"shipping-taxable","13":"purchasable","14":"product-type-simple"},"acf":{"long_title":"Porte-matelas r\u00e9glable Evolve en pose libre (AH-300)","subtitle":"","specifications":[{"label":"SKU","text_value":"EV-RS-AH-300","icon":"x"}]},"yoast_head":"<!-- This site is optimized with the Yoast SEO plugin v27.4 - https:\/\/yoast.com\/product\/yoast-seo-wordpress\/ -->\n<title>Porte-matelas r\u00e9glable Evolve en pose libre (AH-300) - Evolve<\/title>\n<meta name=\"description\" content=\"Gardez votre espace d&#039;entra\u00eenement propre et organis\u00e9 avec le rack de stockage Evolve. Con\u00e7u pour ranger divers accessoires de fitness, ce rack robuste et compact vous permet d&#039;organiser votre espace d&#039;entra\u00eenement.\" \/>\n<meta name=\"robots\" content=\"index, follow, max-snippet:-1, max-image-preview:large, max-video-preview:-1\" \/>\n<link rel=\"canonical\" href=\"https:\/\/evolve-fitness.eu\/fr\/produit\/porte-matelas-reglable-evolve-en-pose-libre-ah-300\/\" \/>\n<meta property=\"og:locale\" content=\"fr_FR\" \/>\n<meta property=\"og:type\" content=\"article\" \/>\n<meta property=\"og:title\" content=\"Porte-matelas r\u00e9glable Evolve en pose libre (AH-300) - Evolve\" \/>\n<meta property=\"og:description\" content=\"Gardez votre espace d&#039;entra\u00eenement propre et organis\u00e9 avec le rack de stockage Evolve. Con\u00e7u pour ranger divers accessoires de fitness, ce rack robuste et compact vous permet d&#039;organiser votre espace d&#039;entra\u00eenement.\" \/>\n<meta property=\"og:url\" content=\"https:\/\/evolve-fitness.eu\/fr\/produit\/porte-matelas-reglable-evolve-en-pose-libre-ah-300\/\" \/>\n<meta property=\"og:site_name\" content=\"Evolve\" \/>\n<meta property=\"article:publisher\" content=\"https:\/\/www.facebook.com\/EvolveFitnessEurope\" \/>\n<meta property=\"article:modified_time\" content=\"2026-04-09T13:03:30+00:00\" \/>\n<meta property=\"og:image\" content=\"https:\/\/evolve-fitness.eu\/wp-content\/uploads\/2025\/03\/EV-RS-AH-300-1.png\" \/>\n\t<meta property=\"og:image:width\" content=\"1600\" \/>\n\t<meta property=\"og:image:height\" content=\"1600\" \/>\n\t<meta property=\"og:image:type\" content=\"image\/png\" \/>\n<meta name=\"twitter:card\" content=\"summary_large_image\" \/>\n<script type=\"application\/ld+json\" class=\"yoast-schema-graph\">{\"@context\":\"https:\\\/\\\/schema.org\",\"@graph\":[{\"@type\":\"WebPage\",\"@id\":\"https:\\\/\\\/evolve-fitness.eu\\\/fr\\\/produit\\\/porte-matelas-reglable-evolve-en-pose-libre-ah-300\\\/\",\"url\":\"https:\\\/\\\/evolve-fitness.eu\\\/fr\\\/produit\\\/porte-matelas-reglable-evolve-en-pose-libre-ah-300\\\/\",\"name\":\"Porte-matelas r\u00e9glable Evolve en pose libre (AH-300) - Evolve\",\"isPartOf\":{\"@id\":\"https:\\\/\\\/evolve-fitness.eu\\\/fr\\\/#website\"},\"primaryImageOfPage\":{\"@id\":\"https:\\\/\\\/evolve-fitness.eu\\\/fr\\\/produit\\\/porte-matelas-reglable-evolve-en-pose-libre-ah-300\\\/#primaryimage\"},\"image\":{\"@id\":\"https:\\\/\\\/evolve-fitness.eu\\\/fr\\\/produit\\\/porte-matelas-reglable-evolve-en-pose-libre-ah-300\\\/#primaryimage\"},\"thumbnailUrl\":\"https:\\\/\\\/evolve-fitness.eu\\\/wp-content\\\/uploads\\\/2025\\\/03\\\/EV-RS-AH-300-1.png\",\"datePublished\":\"2025-03-28T07:47:53+00:00\",\"dateModified\":\"2026-04-09T13:03:30+00:00\",\"description\":\"Gardez votre espace d'entra\u00eenement propre et organis\u00e9 avec le rack de stockage Evolve. Con\u00e7u pour ranger divers accessoires de fitness, ce rack robuste et compact vous permet d'organiser votre espace d'entra\u00eenement.\",\"breadcrumb\":{\"@id\":\"https:\\\/\\\/evolve-fitness.eu\\\/fr\\\/produit\\\/porte-matelas-reglable-evolve-en-pose-libre-ah-300\\\/#breadcrumb\"},\"inLanguage\":\"fr-FR\",\"potentialAction\":[{\"@type\":\"ReadAction\",\"target\":[\"https:\\\/\\\/evolve-fitness.eu\\\/fr\\\/produit\\\/porte-matelas-reglable-evolve-en-pose-libre-ah-300\\\/\"]}]},{\"@type\":\"ImageObject\",\"inLanguage\":\"fr-FR\",\"@id\":\"https:\\\/\\\/evolve-fitness.eu\\\/fr\\\/produit\\\/porte-matelas-reglable-evolve-en-pose-libre-ah-300\\\/#primaryimage\",\"url\":\"https:\\\/\\\/evolve-fitness.eu\\\/wp-content\\\/uploads\\\/2025\\\/03\\\/EV-RS-AH-300-1.png\",\"contentUrl\":\"https:\\\/\\\/evolve-fitness.eu\\\/wp-content\\\/uploads\\\/2025\\\/03\\\/EV-RS-AH-300-1.png\",\"width\":1600,\"height\":1600},{\"@type\":\"BreadcrumbList\",\"@id\":\"https:\\\/\\\/evolve-fitness.eu\\\/fr\\\/produit\\\/porte-matelas-reglable-evolve-en-pose-libre-ah-300\\\/#breadcrumb\",\"itemListElement\":[{\"@type\":\"ListItem\",\"position\":1,\"name\":\"Home\",\"item\":\"https:\\\/\\\/evolve-fitness.eu\\\/fr\\\/\"},{\"@type\":\"ListItem\",\"position\":2,\"name\":\"Produits\",\"item\":\"https:\\\/\\\/evolve-fitness.eu\\\/fr\\\/shop\\\/\"},{\"@type\":\"ListItem\",\"position\":3,\"name\":\"Porte-matelas r\u00e9glable Evolve en pose libre (AH-300)\"}]},{\"@type\":\"WebSite\",\"@id\":\"https:\\\/\\\/evolve-fitness.eu\\\/fr\\\/#website\",\"url\":\"https:\\\/\\\/evolve-fitness.eu\\\/fr\\\/\",\"name\":\"Evolve\",\"description\":\"Your Evolved Gear Arrived\",\"publisher\":{\"@id\":\"https:\\\/\\\/evolve-fitness.eu\\\/fr\\\/#organization\"},\"potentialAction\":[{\"@type\":\"SearchAction\",\"target\":{\"@type\":\"EntryPoint\",\"urlTemplate\":\"https:\\\/\\\/evolve-fitness.eu\\\/fr\\\/?s={search_term_string}\"},\"query-input\":{\"@type\":\"PropertyValueSpecification\",\"valueRequired\":true,\"valueName\":\"search_term_string\"}}],\"inLanguage\":\"fr-FR\"},{\"@type\":\"Organization\",\"@id\":\"https:\\\/\\\/evolve-fitness.eu\\\/fr\\\/#organization\",\"name\":\"Evolve\",\"url\":\"https:\\\/\\\/evolve-fitness.eu\\\/fr\\\/\",\"logo\":{\"@type\":\"ImageObject\",\"inLanguage\":\"fr-FR\",\"@id\":\"https:\\\/\\\/evolve-fitness.eu\\\/fr\\\/#\\\/schema\\\/logo\\\/image\\\/\",\"url\":\"https:\\\/\\\/evolve-fitness.eu\\\/wp-content\\\/uploads\\\/2023\\\/05\\\/Evolve-logo.svg\",\"contentUrl\":\"https:\\\/\\\/evolve-fitness.eu\\\/wp-content\\\/uploads\\\/2023\\\/05\\\/Evolve-logo.svg\",\"width\":176,\"height\":20,\"caption\":\"Evolve\"},\"image\":{\"@id\":\"https:\\\/\\\/evolve-fitness.eu\\\/fr\\\/#\\\/schema\\\/logo\\\/image\\\/\"},\"sameAs\":[\"https:\\\/\\\/www.facebook.com\\\/EvolveFitnessEurope\"]}]}<\/script>\n<!-- \/ Yoast SEO plugin. -->","yoast_head_json":{"title":"Porte-matelas r\u00e9glable Evolve en pose libre (AH-300) - Evolve","description":"Gardez votre espace d'entra\u00eenement propre et organis\u00e9 avec le rack de stockage Evolve. Con\u00e7u pour ranger divers accessoires de fitness, ce rack robuste et compact vous permet d'organiser votre espace d'entra\u00eenement.","robots":{"index":"index","follow":"follow","max-snippet":"max-snippet:-1","max-image-preview":"max-image-preview:large","max-video-preview":"max-video-preview:-1"},"canonical":"https:\/\/evolve-fitness.eu\/fr\/produit\/porte-matelas-reglable-evolve-en-pose-libre-ah-300\/","og_locale":"fr_FR","og_type":"article","og_title":"Porte-matelas r\u00e9glable Evolve en pose libre (AH-300) - Evolve","og_description":"Gardez votre espace d'entra\u00eenement propre et organis\u00e9 avec le rack de stockage Evolve. Con\u00e7u pour ranger divers accessoires de fitness, ce rack robuste et compact vous permet d'organiser votre espace d'entra\u00eenement.","og_url":"https:\/\/evolve-fitness.eu\/fr\/produit\/porte-matelas-reglable-evolve-en-pose-libre-ah-300\/","og_site_name":"Evolve","article_publisher":"https:\/\/www.facebook.com\/EvolveFitnessEurope","article_modified_time":"2026-04-09T13:03:30+00:00","og_image":[{"width":1600,"height":1600,"url":"https:\/\/evolve-fitness.eu\/wp-content\/uploads\/2025\/03\/EV-RS-AH-300-1.png","type":"image\/png"}],"twitter_card":"summary_large_image","schema":{"@context":"https:\/\/schema.org","@graph":[{"@type":"WebPage","@id":"https:\/\/evolve-fitness.eu\/fr\/produit\/porte-matelas-reglable-evolve-en-pose-libre-ah-300\/","url":"https:\/\/evolve-fitness.eu\/fr\/produit\/porte-matelas-reglable-evolve-en-pose-libre-ah-300\/","name":"Porte-matelas r\u00e9glable Evolve en pose libre (AH-300) - Evolve","isPartOf":{"@id":"https:\/\/evolve-fitness.eu\/fr\/#website"},"primaryImageOfPage":{"@id":"https:\/\/evolve-fitness.eu\/fr\/produit\/porte-matelas-reglable-evolve-en-pose-libre-ah-300\/#primaryimage"},"image":{"@id":"https:\/\/evolve-fitness.eu\/fr\/produit\/porte-matelas-reglable-evolve-en-pose-libre-ah-300\/#primaryimage"},"thumbnailUrl":"https:\/\/evolve-fitness.eu\/wp-content\/uploads\/2025\/03\/EV-RS-AH-300-1.png","datePublished":"2025-03-28T07:47:53+00:00","dateModified":"2026-04-09T13:03:30+00:00","description":"Gardez votre espace d'entra\u00eenement propre et organis\u00e9 avec le rack de stockage Evolve. Con\u00e7u pour ranger divers accessoires de fitness, ce rack robuste et compact vous permet d'organiser votre espace d'entra\u00eenement.","breadcrumb":{"@id":"https:\/\/evolve-fitness.eu\/fr\/produit\/porte-matelas-reglable-evolve-en-pose-libre-ah-300\/#breadcrumb"},"inLanguage":"fr-FR","potentialAction":[{"@type":"ReadAction","target":["https:\/\/evolve-fitness.eu\/fr\/produit\/porte-matelas-reglable-evolve-en-pose-libre-ah-300\/"]}]},{"@type":"ImageObject","inLanguage":"fr-FR","@id":"https:\/\/evolve-fitness.eu\/fr\/produit\/porte-matelas-reglable-evolve-en-pose-libre-ah-300\/#primaryimage","url":"https:\/\/evolve-fitness.eu\/wp-content\/uploads\/2025\/03\/EV-RS-AH-300-1.png","contentUrl":"https:\/\/evolve-fitness.eu\/wp-content\/uploads\/2025\/03\/EV-RS-AH-300-1.png","width":1600,"height":1600},{"@type":"BreadcrumbList","@id":"https:\/\/evolve-fitness.eu\/fr\/produit\/porte-matelas-reglable-evolve-en-pose-libre-ah-300\/#breadcrumb","itemListElement":[{"@type":"ListItem","position":1,"name":"Home","item":"https:\/\/evolve-fitness.eu\/fr\/"},{"@type":"ListItem","position":2,"name":"Produits","item":"https:\/\/evolve-fitness.eu\/fr\/shop\/"},{"@type":"ListItem","position":3,"name":"Porte-matelas r\u00e9glable Evolve en pose libre (AH-300)"}]},{"@type":"WebSite","@id":"https:\/\/evolve-fitness.eu\/fr\/#website","url":"https:\/\/evolve-fitness.eu\/fr\/","name":"Evolve","description":"Your Evolved Gear Arrived","publisher":{"@id":"https:\/\/evolve-fitness.eu\/fr\/#organization"},"potentialAction":[{"@type":"SearchAction","target":{"@type":"EntryPoint","urlTemplate":"https:\/\/evolve-fitness.eu\/fr\/?s={search_term_string}"},"query-input":{"@type":"PropertyValueSpecification","valueRequired":true,"valueName":"search_term_string"}}],"inLanguage":"fr-FR"},{"@type":"Organization","@id":"https:\/\/evolve-fitness.eu\/fr\/#organization","name":"Evolve","url":"https:\/\/evolve-fitness.eu\/fr\/","logo":{"@type":"ImageObject","inLanguage":"fr-FR","@id":"https:\/\/evolve-fitness.eu\/fr\/#\/schema\/logo\/image\/","url":"https:\/\/evolve-fitness.eu\/wp-content\/uploads\/2023\/05\/Evolve-logo.svg","contentUrl":"https:\/\/evolve-fitness.eu\/wp-content\/uploads\/2023\/05\/Evolve-logo.svg","width":176,"height":20,"caption":"Evolve"},"image":{"@id":"https:\/\/evolve-fitness.eu\/fr\/#\/schema\/logo\/image\/"},"sameAs":["https:\/\/www.facebook.com\/EvolveFitnessEurope"]}]}},"_links":{"self":[{"href":"https:\/\/evolve-fitness.eu\/fr\/wp-json\/wp\/v2\/product\/229182","targetHints":{"allow":["GET"]}}],"collection":[{"href":"https:\/\/evolve-fitness.eu\/fr\/wp-json\/wp\/v2\/product"}],"about":[{"href":"https:\/\/evolve-fitness.eu\/fr\/wp-json\/wp\/v2\/types\/product"}],"wp:featuredmedia":[{"embeddable":true,"href":"https:\/\/evolve-fitness.eu\/fr\/wp-json\/wp\/v2\/media\/229187"}],"wp:attachment":[{"href":"https:\/\/evolve-fitness.eu\/fr\/wp-json\/wp\/v2\/media?parent=229182"}],"wp:term":[{"taxonomy":"product_brand","embeddable":true,"href":"https:\/\/evolve-fitness.eu\/fr\/wp-json\/wp\/v2\/product_brand?post=229182"},{"taxonomy":"product_cat","embeddable":true,"href":"https:\/\/evolve-fitness.eu\/fr\/wp-json\/wp\/v2\/product_cat?post=229182"},{"taxonomy":"product_tag","embeddable":true,"href":"https:\/\/evolve-fitness.eu\/fr\/wp-json\/wp\/v2\/product_tag?post=229182"}],"curies":[{"name":"wp","href":"https:\/\/api.w.org\/{rel}","templated":true}]}}