{"id":229552,"date":"2026-04-14T14:24:44","date_gmt":"2026-04-14T11:24:44","guid":{"rendered":"https:\/\/evolve-fitness.eu\/product\/socle-de-basket-ball-enterre-evolve-140-b\/"},"modified":"2026-04-15T11:41:00","modified_gmt":"2026-04-15T08:41:00","slug":"socle-de-basket-ball-enterre-evolve-140-b","status":"publish","type":"product","link":"https:\/\/evolve-fitness.eu\/fr\/produit\/socle-de-basket-ball-enterre-evolve-140-b\/","title":{"rendered":"Socle de basket-ball enterr\u00e9 Evolve (IG-140-B)"},"content":{"rendered":"\n<section class=\"wp-block-group alignfull black-content has-white-color has-darkgray-background-color has-text-color has-background is-layout-constrained wp-block-group-is-layout-constrained\" style=\"padding-top:var(--wp--preset--spacing--section-bottom);padding-bottom:var(--wp--preset--spacing--section-bottom)\">\n<div class=\"wp-block-columns alignwide mobile-reverse is-layout-flex wp-container-core-columns-is-layout-ca64bf2d wp-block-columns-is-layout-flex\" style=\"margin-bottom:var(--wp--preset--spacing--side-padding)\">\n<div class=\"wp-block-column is-vertically-aligned-center is-layout-flow wp-block-column-is-layout-flow\">\n<h3 class=\"wp-block-heading\" style=\"margin-bottom:var(--wp--preset--spacing--h-3-bottom)\"><strong><strong>STAND de basket-ball de qualit\u00e9 professionnelle pour le jeu de comp\u00e9tition<\/strong><\/strong><\/h3>\n\n\n\n<p style=\"margin-bottom:var(--wp--preset--spacing--tb-section-padding)\">Le <strong>EV-BS-IG-140 d&rsquo;EVOLVE<\/strong> est un support de <strong>basket-ball <\/strong>de haute qualit\u00e9, con\u00e7u pour les joueurs s\u00e9rieux qui exigent une <strong>stabilit\u00e9, une durabilit\u00e9 et des performances de niveau professionnel<\/strong>. Dot\u00e9 d&rsquo;un <strong>panneau en verre tremp\u00e9<\/strong>, d&rsquo;un <strong>cadre en acier robuste<\/strong> et d&rsquo;un <strong>syst\u00e8me de r\u00e9glage de la hauteur<\/strong>, ce support est id\u00e9al pour une utilisation r\u00e9cr\u00e9ative et comp\u00e9titive sur les terrains priv\u00e9s, dans les \u00e9coles et les centres sportifs. <\/p>\n<\/div>\n\n\n\n<div class=\"wp-block-column is-vertically-aligned-center is-layout-flow wp-block-column-is-layout-flow\">\n<figure class=\"wp-block-video\"><video height=\"600\" style=\"aspect-ratio: 680 \/ 600;\" width=\"680\" controls=\"\" src=\"https:\/\/store.evolve-fitness.eu\/wp-content\/uploads\/2025\/03\/Evolve-krepsinio-stovas.mp4\"><\/video><\/figure>\n<\/div>\n<\/div>\n\n\n\n<div class=\"wp-block-columns alignwide is-layout-flex wp-container-core-columns-is-layout-c45ee707 wp-block-columns-is-layout-flex\" style=\"margin-bottom:var(--wp--preset--spacing--side-padding);padding-top:var(--wp--preset--spacing--side-padding)\">\n<div class=\"wp-block-column is-vertically-aligned-center is-layout-flow wp-block-column-is-layout-flow\">\n<div class=\"wp-block-columns is-layout-flex wp-container-core-columns-is-layout-9d6595d7 wp-block-columns-is-layout-flex\">\n<div class=\"wp-block-column is-layout-flow wp-block-column-is-layout-flow\">\n<figure class=\"wp-block-image size-full is-resized is-style-rounded\"><img decoding=\"async\" src=\"https:\/\/store.evolve-fitness.eu\/wp-content\/uploads\/2025\/03\/evolve-ev-bs-ig-140.jpg\" alt=\"\" class=\"wp-image-119997\" style=\"aspect-ratio:1.1333333333333333;object-fit:cover;width:757px;height:auto\"\/><\/figure>\n<\/div>\n<\/div>\n<\/div>\n\n\n\n<div class=\"wp-block-column is-vertically-aligned-center is-layout-flow wp-block-column-is-layout-flow\">\n<h3 class=\"wp-block-heading\" style=\"margin-bottom:var(--wp--preset--spacing--h-3-bottom)\">Les passionn\u00e9s de tous \u00e2ges<\/h3>\n\n\n\n<p>Que ce soit pour des jeux r\u00e9cr\u00e9atifs, un entra\u00eenement personnel ou une comp\u00e9tition amicale, c&rsquo;est un excellent choix pour les amateurs de basket-ball de tous \u00e2ges.<\/p>\n<\/div>\n<\/div>\n\n\n\n<div class=\"wp-block-columns alignwide mobile-reverse is-layout-flex wp-container-core-columns-is-layout-ca64bf2d wp-block-columns-is-layout-flex\" style=\"margin-bottom:var(--wp--preset--spacing--side-padding)\">\n<div class=\"wp-block-column is-vertically-aligned-center is-layout-flow wp-block-column-is-layout-flow\">\n<h3 class=\"wp-block-heading\" style=\"margin-bottom:var(--wp--preset--spacing--h-3-bottom)\"><strong>Panneau arri\u00e8re en verre tremp\u00e9 avec cadre renforc\u00e9<\/strong><\/h3>\n\n\n\n<p style=\"margin-bottom:var(--wp--preset--spacing--tb-section-padding)\"><strong>Taille du panneau arri\u00e8re : 136 x 80 cm Mat\u00e9riau : Verre tremp\u00e9 de 8 mm d&rsquo;\u00e9paisseur<\/strong> &#8211; offre une exp\u00e9rience de rebond professionnelle par rapport aux alternatives en polycarbonate plus fines. <strong>Cadre protecteur :<\/strong> Fabriqu\u00e9 en <strong>m\u00e9tal soud\u00e9 et rev\u00eatu de profil\u00e9s en aluminium anodis\u00e9<\/strong> pour une meilleure durabilit\u00e9 contre les conditions m\u00e9t\u00e9orologiques. <strong>Renforcement thermoplastique haute densit\u00e9 :<\/strong> Renforce la structure, minimise les vibrations et am\u00e9liore le rebond de la balle.<\/p>\n\n\n\n<p style=\"margin-bottom:var(--wp--preset--spacing--tb-section-padding)\"><\/p>\n<\/div>\n\n\n\n<div class=\"wp-block-column is-vertically-aligned-center is-layout-flow wp-block-column-is-layout-flow\">\n<figure class=\"wp-block-image size-large is-style-rounded\"><img decoding=\"async\" src=\"https:\/\/store.evolve-fitness.eu\/wp-content\/uploads\/2025\/03\/vlcsnap-2023-06-22-17h40m07s325-1-1024x576.png\" alt=\"\" class=\"wp-image-119597\"\/><\/figure>\n<\/div>\n<\/div>\n\n\n\n<div class=\"wp-block-columns alignwide is-layout-flex wp-container-core-columns-is-layout-c45ee707 wp-block-columns-is-layout-flex\" style=\"margin-bottom:var(--wp--preset--spacing--side-padding);padding-top:var(--wp--preset--spacing--side-padding)\">\n<div class=\"wp-block-column is-vertically-aligned-center is-layout-flow wp-block-column-is-layout-flow\">\n<div class=\"wp-block-columns is-layout-flex wp-container-core-columns-is-layout-9d6595d7 wp-block-columns-is-layout-flex\">\n<div class=\"wp-block-column is-layout-flow wp-block-column-is-layout-flow\">\n<figure class=\"wp-block-image size-full is-resized is-style-rounded\"><img decoding=\"async\" src=\"https:\/\/store.evolve-fitness.eu\/wp-content\/uploads\/2025\/03\/Basketball-stand-15.png\" alt=\"\" class=\"wp-image-119622\" style=\"aspect-ratio:1.1333333333333333;object-fit:cover;width:757px;height:auto\"\/><\/figure>\n<\/div>\n<\/div>\n<\/div>\n\n\n\n<div class=\"wp-block-column is-vertically-aligned-center is-layout-flow wp-block-column-is-layout-flow\">\n<h3 class=\"wp-block-heading\" style=\"margin-bottom:var(--wp--preset--spacing--h-3-bottom)\">Jante \u00e0 ressort de qualit\u00e9 professionnelle<\/h3>\n\n\n\n<p><strong>Diam\u00e8tre de la jante :<\/strong><strong>45 cm<\/strong> (taille standard). <strong>M\u00e9canisme \u00e0 ressort :<\/strong> Absorbe l&rsquo;impact, ce qui permet de r\u00e9aliser des dunks et de jouer \u00e0 haute intensit\u00e9. <strong>Ressorts couverts :<\/strong> Protection contre la corrosion et les dommages ext\u00e9rieurs.<\/p>\n<\/div>\n<\/div>\n\n\n\n<div class=\"wp-block-columns alignwide mobile-reverse is-layout-flex wp-container-core-columns-is-layout-ca64bf2d wp-block-columns-is-layout-flex\" style=\"margin-bottom:var(--wp--preset--spacing--side-padding)\">\n<div class=\"wp-block-column is-vertically-aligned-center is-layout-flow wp-block-column-is-layout-flow\">\n<h3 class=\"wp-block-heading\" style=\"margin-bottom:var(--wp--preset--spacing--h-3-bottom)\"><strong>Installation souterraine robuste<\/strong><\/h3>\n\n\n\n<p style=\"margin-bottom:var(--wp--preset--spacing--tb-section-padding)\">Contrairement aux syst\u00e8mes portables, ce <strong>panier de basket enterr\u00e9<\/strong> offre une <strong>stabilit\u00e9 exceptionnelle<\/strong> gr\u00e2ce \u00e0 un <strong>syst\u00e8me d&rsquo;ancrage s\u00fbr<\/strong>. La <strong>conception du poteau fixe<\/strong> garantit une exp\u00e9rience de jeu professionnelle avec un minimum de mouvement pendant le jeu.<\/p>\n\n\n\n<p style=\"margin-bottom:var(--wp--preset--spacing--tb-section-padding)\"><\/p>\n\n\n\n<p style=\"margin-bottom:var(--wp--preset--spacing--tb-section-padding)\"><\/p>\n\n\n\n<p style=\"margin-bottom:var(--wp--preset--spacing--tb-section-padding)\"><\/p>\n\n\n\n<p style=\"margin-bottom:var(--wp--preset--spacing--tb-section-padding)\"><\/p>\n<\/div>\n\n\n\n<div class=\"wp-block-column is-vertically-aligned-center is-layout-flow wp-block-column-is-layout-flow\">\n<figure class=\"wp-block-image size-full is-style-rounded\"><img decoding=\"async\" src=\"https:\/\/store.evolve-fitness.eu\/wp-content\/uploads\/2025\/03\/evolve-ev-bs-ig-140-1.jpg\" alt=\"\" class=\"wp-image-120022\"\/><\/figure>\n<\/div>\n<\/div>\n\n\n\n<div class=\"wp-block-columns alignwide is-layout-flex wp-container-core-columns-is-layout-c45ee707 wp-block-columns-is-layout-flex\" style=\"margin-bottom:var(--wp--preset--spacing--side-padding);padding-top:var(--wp--preset--spacing--side-padding)\">\n<div class=\"wp-block-column is-vertically-aligned-center is-layout-flow wp-block-column-is-layout-flow\">\n<div class=\"wp-block-columns is-layout-flex wp-container-core-columns-is-layout-9d6595d7 wp-block-columns-is-layout-flex\">\n<div class=\"wp-block-column is-layout-flow wp-block-column-is-layout-flow\">\n<figure class=\"wp-block-image size-full is-resized is-style-rounded\"><img decoding=\"async\" src=\"https:\/\/store.evolve-fitness.eu\/wp-content\/uploads\/2025\/03\/Basketball-stand-13.png\" alt=\"\" class=\"wp-image-119672\" style=\"aspect-ratio:1.1333333333333333;object-fit:cover;width:757px;height:auto\"\/><\/figure>\n<\/div>\n<\/div>\n<\/div>\n\n\n\n<div class=\"wp-block-column is-vertically-aligned-center is-layout-flow wp-block-column-is-layout-flow\">\n<h3 class=\"wp-block-heading\" style=\"margin-bottom:var(--wp--preset--spacing--h-3-bottom)\">Jante professionnelle \u00e0 ressort<\/h3>\n\n\n\n<p><strong>Diam\u00e8tre de la jante : 45 cm<\/strong> (taille standard). <strong>M\u00e9canisme \u00e0 ressort :<\/strong> Absorbe l&rsquo;impact, ce qui permet de r\u00e9aliser <strong>des dunks et de jouer de mani\u00e8re agressive<\/strong>. <strong>Ressorts couverts :<\/strong> Protection contre la <strong>corrosion<\/strong> et les <strong>dommages ext\u00e9rieurs<\/strong>. La construction en <strong>nylon robuste<\/strong> r\u00e9siste aux conditions ext\u00e9rieures. Le <strong>syst\u00e8me de fixation tubulaire<\/strong> garantit une durabilit\u00e9 sup\u00e9rieure et la s\u00e9curit\u00e9 du joueur.<\/p>\n<\/div>\n<\/div>\n\n\n\n<div class=\"wp-block-columns alignwide mobile-reverse is-layout-flex wp-container-core-columns-is-layout-ca64bf2d wp-block-columns-is-layout-flex\" style=\"margin-bottom:var(--wp--preset--spacing--side-padding)\">\n<div class=\"wp-block-column is-vertically-aligned-center is-layout-flow wp-block-column-is-layout-flow\">\n<h3 class=\"wp-block-heading\" style=\"margin-bottom:var(--wp--preset--spacing--h-3-bottom)\"><strong>Cadre en acier recouvert d&rsquo;\u00e9lectrophor\u00e8se pour une durabilit\u00e9 maximale<\/strong><\/h3>\n\n\n\n<p><\/p>\n\n\n\n<p style=\"margin-bottom:var(--wp--preset--spacing--tb-section-padding)\"><strong>Protection contre la rouille et les UV :<\/strong> Le <strong>rev\u00eatement \u00e9lectrophor\u00e8se<\/strong> avanc\u00e9 lie les mol\u00e9cules de peinture directement \u00e0 l&rsquo;acier, ce qui le rend beaucoup <strong>plus durable que le rev\u00eatement en poudre traditionnel<\/strong>. <strong>Rembourrage absorbant les chocs :<\/strong> Le cadre en acier est en outre <strong>prot\u00e9g\u00e9 par un rembourrage<\/strong>, ce qui r\u00e9duit les dommages m\u00e9caniques et accro\u00eet la s\u00e9curit\u00e9 pendant le jeu.<\/p>\n\n\n\n<p style=\"margin-bottom:var(--wp--preset--spacing--tb-section-padding)\"><\/p>\n\n\n\n<p style=\"margin-bottom:var(--wp--preset--spacing--tb-section-padding)\"><\/p>\n\n\n\n<p style=\"margin-bottom:var(--wp--preset--spacing--tb-section-padding)\"><\/p>\n\n\n\n<p style=\"margin-bottom:var(--wp--preset--spacing--tb-section-padding)\"><\/p>\n<\/div>\n\n\n\n<div class=\"wp-block-column is-vertically-aligned-center is-layout-flow wp-block-column-is-layout-flow\">\n<figure class=\"wp-block-image size-large is-style-rounded\"><img decoding=\"async\" src=\"https:\/\/store.evolve-fitness.eu\/wp-content\/uploads\/2025\/03\/vlcsnap-2023-06-22-17h45m54s417-1024x842.png\" alt=\"\" class=\"wp-image-119697\"\/><\/figure>\n<\/div>\n<\/div>\n<\/section>\n","protected":false},"excerpt":{"rendered":"<p>Le support de basket-ball enterr\u00e9 Evolve, EV-BD-PT-140-B, est un panier de basket-ball enterr\u00e9 de haute qualit\u00e9, con\u00e7u pour les joueurs s\u00e9rieux qui exigent stabilit\u00e9, durabilit\u00e9 et performances de niveau professionnel. Dot\u00e9 d&rsquo;un panneau en verre tremp\u00e9, d&rsquo;un cadre en acier robuste et d&rsquo;un syst\u00e8me de r\u00e9glage de la hauteur, ce panier est id\u00e9al pour une utilisation r\u00e9cr\u00e9ative et comp\u00e9titive sur les terrains priv\u00e9s, dans les \u00e9coles et les centres sportifs. <\/p>\n","protected":false},"featured_media":229553,"template":"","meta":{"_acf_changed":false,"inline_featured_image":false},"product_brand":[],"product_cat":[13103],"product_tag":[],"class_list":{"0":"post-229552","1":"product","2":"type-product","3":"status-publish","4":"has-post-thumbnail","6":"product_cat-equipement-de-basket-ball","8":"first","9":"instock","10":"shipping-taxable","11":"purchasable","12":"product-type-simple"},"acf":{"long_title":"Socle de basket-ball enterr\u00e9 Evolve (IG-140-B)","subtitle":"","specifications":[{"label":"Plage de r\u00e9glage de la hauteur","text_value":"230 cm - 305 cm","icon":"x"},{"label":"Mat\u00e9riau du cadre","text_value":"Tube d'acier de 10 x 10 cm","icon":"x"},{"label":"Mat\u00e9riau du panneau arri\u00e8re","text_value":"Verre tremp\u00e9 de 8 mm","icon":"x"},{"label":"Taille du panneau arri\u00e8re","text_value":"136 x 80 cm","icon":"x"},{"label":"Distance de projection (du panneau au poteau)","text_value":"60 cm","icon":"x"},{"label":"Type de jante","text_value":"Jante en acier \u00e0 ressort de 45 cm de qualit\u00e9 professionnelle (acier de 18 mm d'\u00e9paisseur)","icon":"x"},{"label":"Poids (avec emballage)","text_value":"78 kg","icon":"x"},{"label":"Emballage","text_value":"Livr\u00e9 en 2 bo\u00eetes","icon":"x"}]},"yoast_head":"<!-- This site is optimized with the Yoast SEO plugin v27.4 - https:\/\/yoast.com\/product\/yoast-seo-wordpress\/ -->\n<title>Socle de basket-ball enterr\u00e9 Evolve (IG-140-B) - Evolve<\/title>\n<meta name=\"robots\" content=\"index, follow, max-snippet:-1, max-image-preview:large, max-video-preview:-1\" \/>\n<link rel=\"canonical\" href=\"https:\/\/evolve-fitness.eu\/fr\/produit\/socle-de-basket-ball-enterre-evolve-140-b\/\" \/>\n<meta property=\"og:locale\" content=\"fr_FR\" \/>\n<meta property=\"og:type\" content=\"article\" \/>\n<meta property=\"og:title\" content=\"Socle de basket-ball enterr\u00e9 Evolve (IG-140-B) - Evolve\" \/>\n<meta property=\"og:url\" content=\"https:\/\/evolve-fitness.eu\/fr\/produit\/socle-de-basket-ball-enterre-evolve-140-b\/\" \/>\n<meta property=\"og:site_name\" content=\"Evolve\" \/>\n<meta property=\"article:publisher\" content=\"https:\/\/www.facebook.com\/EvolveFitnessEurope\" \/>\n<meta property=\"article:modified_time\" content=\"2026-04-15T08:41:00+00:00\" \/>\n<meta property=\"og:image\" content=\"https:\/\/evolve-fitness.eu\/wp-content\/uploads\/2026\/04\/EV-BS-IG-140.png\" \/>\n\t<meta property=\"og:image:width\" content=\"1080\" \/>\n\t<meta property=\"og:image:height\" content=\"1080\" \/>\n\t<meta property=\"og:image:type\" content=\"image\/png\" \/>\n<meta name=\"twitter:card\" content=\"summary_large_image\" \/>\n<script type=\"application\/ld+json\" class=\"yoast-schema-graph\">{\"@context\":\"https:\\\/\\\/schema.org\",\"@graph\":[{\"@type\":\"WebPage\",\"@id\":\"https:\\\/\\\/evolve-fitness.eu\\\/fr\\\/produit\\\/socle-de-basket-ball-enterre-evolve-140-b\\\/\",\"url\":\"https:\\\/\\\/evolve-fitness.eu\\\/fr\\\/produit\\\/socle-de-basket-ball-enterre-evolve-140-b\\\/\",\"name\":\"Socle de basket-ball enterr\u00e9 Evolve (IG-140-B) - Evolve\",\"isPartOf\":{\"@id\":\"https:\\\/\\\/evolve-fitness.eu\\\/fr\\\/#website\"},\"primaryImageOfPage\":{\"@id\":\"https:\\\/\\\/evolve-fitness.eu\\\/fr\\\/produit\\\/socle-de-basket-ball-enterre-evolve-140-b\\\/#primaryimage\"},\"image\":{\"@id\":\"https:\\\/\\\/evolve-fitness.eu\\\/fr\\\/produit\\\/socle-de-basket-ball-enterre-evolve-140-b\\\/#primaryimage\"},\"thumbnailUrl\":\"https:\\\/\\\/evolve-fitness.eu\\\/wp-content\\\/uploads\\\/2026\\\/04\\\/EV-BS-IG-140.png\",\"datePublished\":\"2026-04-14T11:24:44+00:00\",\"dateModified\":\"2026-04-15T08:41:00+00:00\",\"breadcrumb\":{\"@id\":\"https:\\\/\\\/evolve-fitness.eu\\\/fr\\\/produit\\\/socle-de-basket-ball-enterre-evolve-140-b\\\/#breadcrumb\"},\"inLanguage\":\"fr-FR\",\"potentialAction\":[{\"@type\":\"ReadAction\",\"target\":[\"https:\\\/\\\/evolve-fitness.eu\\\/fr\\\/produit\\\/socle-de-basket-ball-enterre-evolve-140-b\\\/\"]}]},{\"@type\":\"ImageObject\",\"inLanguage\":\"fr-FR\",\"@id\":\"https:\\\/\\\/evolve-fitness.eu\\\/fr\\\/produit\\\/socle-de-basket-ball-enterre-evolve-140-b\\\/#primaryimage\",\"url\":\"https:\\\/\\\/evolve-fitness.eu\\\/wp-content\\\/uploads\\\/2026\\\/04\\\/EV-BS-IG-140.png\",\"contentUrl\":\"https:\\\/\\\/evolve-fitness.eu\\\/wp-content\\\/uploads\\\/2026\\\/04\\\/EV-BS-IG-140.png\",\"width\":1080,\"height\":1080},{\"@type\":\"BreadcrumbList\",\"@id\":\"https:\\\/\\\/evolve-fitness.eu\\\/fr\\\/produit\\\/socle-de-basket-ball-enterre-evolve-140-b\\\/#breadcrumb\",\"itemListElement\":[{\"@type\":\"ListItem\",\"position\":1,\"name\":\"Home\",\"item\":\"https:\\\/\\\/evolve-fitness.eu\\\/fr\\\/\"},{\"@type\":\"ListItem\",\"position\":2,\"name\":\"Produits\",\"item\":\"https:\\\/\\\/evolve-fitness.eu\\\/fr\\\/shop\\\/\"},{\"@type\":\"ListItem\",\"position\":3,\"name\":\"Socle de basket-ball enterr\u00e9 Evolve (IG-140-B)\"}]},{\"@type\":\"WebSite\",\"@id\":\"https:\\\/\\\/evolve-fitness.eu\\\/fr\\\/#website\",\"url\":\"https:\\\/\\\/evolve-fitness.eu\\\/fr\\\/\",\"name\":\"Evolve\",\"description\":\"Your Evolved Gear Arrived\",\"publisher\":{\"@id\":\"https:\\\/\\\/evolve-fitness.eu\\\/fr\\\/#organization\"},\"potentialAction\":[{\"@type\":\"SearchAction\",\"target\":{\"@type\":\"EntryPoint\",\"urlTemplate\":\"https:\\\/\\\/evolve-fitness.eu\\\/fr\\\/?s={search_term_string}\"},\"query-input\":{\"@type\":\"PropertyValueSpecification\",\"valueRequired\":true,\"valueName\":\"search_term_string\"}}],\"inLanguage\":\"fr-FR\"},{\"@type\":\"Organization\",\"@id\":\"https:\\\/\\\/evolve-fitness.eu\\\/fr\\\/#organization\",\"name\":\"Evolve\",\"url\":\"https:\\\/\\\/evolve-fitness.eu\\\/fr\\\/\",\"logo\":{\"@type\":\"ImageObject\",\"inLanguage\":\"fr-FR\",\"@id\":\"https:\\\/\\\/evolve-fitness.eu\\\/fr\\\/#\\\/schema\\\/logo\\\/image\\\/\",\"url\":\"https:\\\/\\\/evolve-fitness.eu\\\/wp-content\\\/uploads\\\/2023\\\/05\\\/Evolve-logo.svg\",\"contentUrl\":\"https:\\\/\\\/evolve-fitness.eu\\\/wp-content\\\/uploads\\\/2023\\\/05\\\/Evolve-logo.svg\",\"width\":176,\"height\":20,\"caption\":\"Evolve\"},\"image\":{\"@id\":\"https:\\\/\\\/evolve-fitness.eu\\\/fr\\\/#\\\/schema\\\/logo\\\/image\\\/\"},\"sameAs\":[\"https:\\\/\\\/www.facebook.com\\\/EvolveFitnessEurope\"]}]}<\/script>\n<!-- \/ Yoast SEO plugin. -->","yoast_head_json":{"title":"Socle de basket-ball enterr\u00e9 Evolve (IG-140-B) - Evolve","robots":{"index":"index","follow":"follow","max-snippet":"max-snippet:-1","max-image-preview":"max-image-preview:large","max-video-preview":"max-video-preview:-1"},"canonical":"https:\/\/evolve-fitness.eu\/fr\/produit\/socle-de-basket-ball-enterre-evolve-140-b\/","og_locale":"fr_FR","og_type":"article","og_title":"Socle de basket-ball enterr\u00e9 Evolve (IG-140-B) - Evolve","og_url":"https:\/\/evolve-fitness.eu\/fr\/produit\/socle-de-basket-ball-enterre-evolve-140-b\/","og_site_name":"Evolve","article_publisher":"https:\/\/www.facebook.com\/EvolveFitnessEurope","article_modified_time":"2026-04-15T08:41:00+00:00","og_image":[{"width":1080,"height":1080,"url":"https:\/\/evolve-fitness.eu\/wp-content\/uploads\/2026\/04\/EV-BS-IG-140.png","type":"image\/png"}],"twitter_card":"summary_large_image","schema":{"@context":"https:\/\/schema.org","@graph":[{"@type":"WebPage","@id":"https:\/\/evolve-fitness.eu\/fr\/produit\/socle-de-basket-ball-enterre-evolve-140-b\/","url":"https:\/\/evolve-fitness.eu\/fr\/produit\/socle-de-basket-ball-enterre-evolve-140-b\/","name":"Socle de basket-ball enterr\u00e9 Evolve (IG-140-B) - Evolve","isPartOf":{"@id":"https:\/\/evolve-fitness.eu\/fr\/#website"},"primaryImageOfPage":{"@id":"https:\/\/evolve-fitness.eu\/fr\/produit\/socle-de-basket-ball-enterre-evolve-140-b\/#primaryimage"},"image":{"@id":"https:\/\/evolve-fitness.eu\/fr\/produit\/socle-de-basket-ball-enterre-evolve-140-b\/#primaryimage"},"thumbnailUrl":"https:\/\/evolve-fitness.eu\/wp-content\/uploads\/2026\/04\/EV-BS-IG-140.png","datePublished":"2026-04-14T11:24:44+00:00","dateModified":"2026-04-15T08:41:00+00:00","breadcrumb":{"@id":"https:\/\/evolve-fitness.eu\/fr\/produit\/socle-de-basket-ball-enterre-evolve-140-b\/#breadcrumb"},"inLanguage":"fr-FR","potentialAction":[{"@type":"ReadAction","target":["https:\/\/evolve-fitness.eu\/fr\/produit\/socle-de-basket-ball-enterre-evolve-140-b\/"]}]},{"@type":"ImageObject","inLanguage":"fr-FR","@id":"https:\/\/evolve-fitness.eu\/fr\/produit\/socle-de-basket-ball-enterre-evolve-140-b\/#primaryimage","url":"https:\/\/evolve-fitness.eu\/wp-content\/uploads\/2026\/04\/EV-BS-IG-140.png","contentUrl":"https:\/\/evolve-fitness.eu\/wp-content\/uploads\/2026\/04\/EV-BS-IG-140.png","width":1080,"height":1080},{"@type":"BreadcrumbList","@id":"https:\/\/evolve-fitness.eu\/fr\/produit\/socle-de-basket-ball-enterre-evolve-140-b\/#breadcrumb","itemListElement":[{"@type":"ListItem","position":1,"name":"Home","item":"https:\/\/evolve-fitness.eu\/fr\/"},{"@type":"ListItem","position":2,"name":"Produits","item":"https:\/\/evolve-fitness.eu\/fr\/shop\/"},{"@type":"ListItem","position":3,"name":"Socle de basket-ball enterr\u00e9 Evolve (IG-140-B)"}]},{"@type":"WebSite","@id":"https:\/\/evolve-fitness.eu\/fr\/#website","url":"https:\/\/evolve-fitness.eu\/fr\/","name":"Evolve","description":"Your Evolved Gear Arrived","publisher":{"@id":"https:\/\/evolve-fitness.eu\/fr\/#organization"},"potentialAction":[{"@type":"SearchAction","target":{"@type":"EntryPoint","urlTemplate":"https:\/\/evolve-fitness.eu\/fr\/?s={search_term_string}"},"query-input":{"@type":"PropertyValueSpecification","valueRequired":true,"valueName":"search_term_string"}}],"inLanguage":"fr-FR"},{"@type":"Organization","@id":"https:\/\/evolve-fitness.eu\/fr\/#organization","name":"Evolve","url":"https:\/\/evolve-fitness.eu\/fr\/","logo":{"@type":"ImageObject","inLanguage":"fr-FR","@id":"https:\/\/evolve-fitness.eu\/fr\/#\/schema\/logo\/image\/","url":"https:\/\/evolve-fitness.eu\/wp-content\/uploads\/2023\/05\/Evolve-logo.svg","contentUrl":"https:\/\/evolve-fitness.eu\/wp-content\/uploads\/2023\/05\/Evolve-logo.svg","width":176,"height":20,"caption":"Evolve"},"image":{"@id":"https:\/\/evolve-fitness.eu\/fr\/#\/schema\/logo\/image\/"},"sameAs":["https:\/\/www.facebook.com\/EvolveFitnessEurope"]}]}},"_links":{"self":[{"href":"https:\/\/evolve-fitness.eu\/fr\/wp-json\/wp\/v2\/product\/229552","targetHints":{"allow":["GET"]}}],"collection":[{"href":"https:\/\/evolve-fitness.eu\/fr\/wp-json\/wp\/v2\/product"}],"about":[{"href":"https:\/\/evolve-fitness.eu\/fr\/wp-json\/wp\/v2\/types\/product"}],"wp:featuredmedia":[{"embeddable":true,"href":"https:\/\/evolve-fitness.eu\/fr\/wp-json\/wp\/v2\/media\/229553"}],"wp:attachment":[{"href":"https:\/\/evolve-fitness.eu\/fr\/wp-json\/wp\/v2\/media?parent=229552"}],"wp:term":[{"taxonomy":"product_brand","embeddable":true,"href":"https:\/\/evolve-fitness.eu\/fr\/wp-json\/wp\/v2\/product_brand?post=229552"},{"taxonomy":"product_cat","embeddable":true,"href":"https:\/\/evolve-fitness.eu\/fr\/wp-json\/wp\/v2\/product_cat?post=229552"},{"taxonomy":"product_tag","embeddable":true,"href":"https:\/\/evolve-fitness.eu\/fr\/wp-json\/wp\/v2\/product_tag?post=229552"}],"curies":[{"name":"wp","href":"https:\/\/api.w.org\/{rel}","templated":true}]}}