{"id":229983,"date":"2026-04-15T13:39:20","date_gmt":"2026-04-15T10:39:20","guid":{"rendered":"https:\/\/evolve-fitness.eu\/product\/courts-de-padel-classiques\/"},"modified":"2026-04-17T13:53:15","modified_gmt":"2026-04-17T10:53:15","slug":"courts-de-padel-classiques","status":"publish","type":"product","link":"https:\/\/evolve-fitness.eu\/fr\/produit\/courts-de-padel-classiques\/","title":{"rendered":"Courts de padel classiques"},"content":{"rendered":"\n<section class=\"wp-block-group alignfull black-content has-white-color has-darkgray-background-color has-text-color has-background is-layout-constrained wp-block-group-is-layout-constrained\" style=\"padding-top:var(--wp--preset--spacing--section-bottom);padding-bottom:var(--wp--preset--spacing--section-bottom)\">\n<div class=\"wp-block-columns alignwide is-layout-flex wp-container-core-columns-is-layout-c45ee707 wp-block-columns-is-layout-flex\" style=\"margin-bottom:var(--wp--preset--spacing--side-padding);padding-top:var(--wp--preset--spacing--side-padding)\">\n<div class=\"wp-block-column is-vertically-aligned-center is-layout-flow wp-block-column-is-layout-flow\">\n<h3 class=\"wp-block-heading\" style=\"margin-bottom:var(--wp--preset--spacing--h-3-bottom)\"><strong>Equipement et renforcement structurel<\/strong><\/h3>\n\n\n\n<p><\/p>\n\n\n\n<p>Tous les poteaux de la structure m\u00e9tallique sont en outre renforc\u00e9s par des profil\u00e9s carr\u00e9s de grande section, ce qui accro\u00eet la solidit\u00e9, la rigidit\u00e9 et l&rsquo;int\u00e9grit\u00e9 structurelle globale. Cela garantit la fiabilit\u00e9 des performances du terrain, m\u00eame en cas d&rsquo;utilisation intensive et de conditions m\u00e9t\u00e9orologiques difficiles. <\/p>\n\n\n\n<p>Le court est \u00e9quip\u00e9 de 18 unit\u00e9s de panneaux en verre tremp\u00e9 G1 de 12 mm, de tubes en acier galvanis\u00e9 \u00e0 chaud de 3 mm, d&rsquo;un treillis en acier galvanis\u00e9 \u00e0 chaud de 4 mm, d&rsquo;un gazon artificiel renforc\u00e9, de lampes LED IP65 adapt\u00e9es \u00e0 une utilisation en ext\u00e9rieur, de boulons en acier inoxydable 304 et de toutes les fixations, joints et composants suppl\u00e9mentaires n\u00e9cessaires \u00e0 l&rsquo;installation compl\u00e8te du court.<\/p>\n<\/div>\n\n\n\n<div class=\"wp-block-column is-vertically-aligned-center is-layout-flow wp-block-column-is-layout-flow\">\n<figure class=\"wp-block-image size-full is-resized is-style-rounded\"><img loading=\"lazy\" decoding=\"async\" width=\"1080\" height=\"1080\" src=\"https:\/\/evolve-fitness.eu\/wp-content\/uploads\/2026\/04\/padel-2-1.png\" alt=\"\" class=\"wp-image-232252\" style=\"width:830px;height:auto\" srcset=\"https:\/\/evolve-fitness.eu\/wp-content\/uploads\/2026\/04\/padel-2-1.png 1080w, https:\/\/evolve-fitness.eu\/wp-content\/uploads\/2026\/04\/padel-2-1-300x300.png 300w, https:\/\/evolve-fitness.eu\/wp-content\/uploads\/2026\/04\/padel-2-1-1024x1024.png 1024w, https:\/\/evolve-fitness.eu\/wp-content\/uploads\/2026\/04\/padel-2-1-150x150.png 150w, https:\/\/evolve-fitness.eu\/wp-content\/uploads\/2026\/04\/padel-2-1-768x768.png 768w, https:\/\/evolve-fitness.eu\/wp-content\/uploads\/2026\/04\/padel-2-1-600x600.png 600w\" sizes=\"auto, (max-width: 1080px) 100vw, 1080px\" \/><\/figure>\n<\/div>\n<\/div>\n\n\n\n<div class=\"wp-block-columns alignwide mobile-reverse is-layout-flex wp-container-core-columns-is-layout-ca64bf2d wp-block-columns-is-layout-flex\" style=\"margin-bottom:var(--wp--preset--spacing--side-padding)\">\n<div class=\"wp-block-column is-vertically-aligned-center is-layout-flow wp-block-column-is-layout-flow\">\n<figure class=\"wp-block-image size-full is-resized is-style-rounded\"><img loading=\"lazy\" decoding=\"async\" width=\"600\" height=\"450\" src=\"https:\/\/evolve-fitness.eu\/wp-content\/uploads\/2026\/04\/Padel-clasic.png\" alt=\"\" class=\"wp-image-229973\" style=\"width:797px;height:auto\" srcset=\"https:\/\/evolve-fitness.eu\/wp-content\/uploads\/2026\/04\/Padel-clasic.png 600w, https:\/\/evolve-fitness.eu\/wp-content\/uploads\/2026\/04\/Padel-clasic-300x225.png 300w, https:\/\/evolve-fitness.eu\/wp-content\/uploads\/2026\/04\/Padel-clasic-150x113.png 150w, https:\/\/evolve-fitness.eu\/wp-content\/uploads\/2026\/04\/Padel-clasic-200x150.png 200w\" sizes=\"auto, (max-width: 600px) 100vw, 600px\" \/><\/figure>\n<\/div>\n\n\n\n<div class=\"wp-block-column is-vertically-aligned-center is-layout-flow wp-block-column-is-layout-flow\">\n<h3 class=\"wp-block-heading\" style=\"margin-bottom:var(--wp--preset--spacing--h-3-bottom)\">Colonnes et poutres<\/h3>\n\n\n\n<p><strong>Mat\u00e9riau et r\u00e9sistance \u00e0 la corrosion<\/strong><\/p>\n\n\n\n<p>Toutes les colonnes et les poutres sont en acier galvanis\u00e9 \u00e0 chaud de haute qualit\u00e9. Les dimensions des colonnes en acier sont de 80 \u00d7 80 \u00d7 3 mm. L&rsquo;acier galvanis\u00e9 \u00e0 chaud offre d&rsquo;excellentes propri\u00e9t\u00e9s anticorrosion &#8211; il ne rouille pas, ne s&rsquo;\u00e9caille pas et ne perd pas sa couleur, m\u00eame apr\u00e8s une utilisation ext\u00e9rieure de longue dur\u00e9e.  <\/p>\n\n\n\n<p><strong>Cl\u00f4ture en maille<\/strong><\/p>\n\n\n\n<p><strong>Double protection et bords s\u00fbrs<\/strong><\/p>\n\n\n\n<p>La cl\u00f4ture en treillis est fabriqu\u00e9e en acier galvanis\u00e9 \u00e0 chaud de haute qualit\u00e9. Le processus de fabrication se d\u00e9roule en deux \u00e9tapes : tout d&rsquo;abord, l&rsquo;acier et le grillage sont trait\u00e9s selon la m\u00e9thode de galvanisation \u00e0 chaud, et dans un deuxi\u00e8me temps, la surface est rev\u00eatue \u00e0 l&rsquo;aide de la technologie de rev\u00eatement \u00e9lectrostatique par poudrage. <\/p>\n\n\n\n<p>Le cadre de la maille est de 1 \u00d7 2 m, le diam\u00e8tre du fil est de 4 mm et l&rsquo;ouverture de la maille est de 50 \u00d7 50 mm. Les bords du grillage sont sp\u00e9cialement prot\u00e9g\u00e9s contre les rayures et les accrochages, ce qui garantit une utilisation s\u00fbre. <\/p>\n\n\n\n<p><strong>Boulons et \u00e9l\u00e9ments de fixation<\/strong><\/p>\n\n\n\n<p><strong>Acier inoxydable 304 &#8211; fiabilit\u00e9 pour une utilisation en ext\u00e9rieur<\/strong><\/p>\n\n\n\n<p>Tous les accessoires et les boulons sont fabriqu\u00e9s en acier inoxydable 304 destin\u00e9 \u00e0 \u00eatre install\u00e9 \u00e0 l&rsquo;ext\u00e9rieur. Ils ne rouillent pas pendant toute leur dur\u00e9e de vie, sont solides, ne se d\u00e9forment pas et pr\u00e9sentent une finition esth\u00e9tique de haute qualit\u00e9. <\/p>\n<\/div>\n<\/div>\n\n\n\n<div class=\"wp-block-columns alignwide mobile-reverse is-layout-flex wp-container-core-columns-is-layout-ca64bf2d wp-block-columns-is-layout-flex\" style=\"margin-bottom:var(--wp--preset--spacing--side-padding)\">\n<div class=\"wp-block-column is-vertically-aligned-center is-layout-flow wp-block-column-is-layout-flow\">\n<p><strong>Verre tremp\u00e9 (float)<\/strong><\/p>\n\n\n\n<p><strong>Panneaux en verre G1 de 12 mm pour la s\u00e9curit\u00e9 et la durabilit\u00e9<\/strong><\/p>\n\n\n\n<p>Un verre tremp\u00e9 sp\u00e9cial antid\u00e9flagrant de 12 mm d&rsquo;\u00e9paisseur est utilis\u00e9, conform\u00e9ment \u00e0 la norme europ\u00e9enne EN 12150-1. Certifications : SGCC, IGCC, ISO, CSI, SAI Global, AS\/NZS 4666, CCC, CE. <\/p>\n\n\n\n<p><strong>Propri\u00e9t\u00e9s :<\/strong> r\u00e9sistance \u00e0 l&rsquo;impact, test d&rsquo;impact sur sac de sable et conditions de fragmentation conformes \u00e0 la norme GB 15763.2-2005 (verre de s\u00e9curit\u00e9 pour les mat\u00e9riaux de construction, partie 2 &#8211; verre tremp\u00e9). Il est \u00e9galement conforme aux normes AS\/NZS 2208:1996, EN 12150-1, CAN\/CGSB 12.1-2017 et ANSI Z97.1-2015. <\/p>\n\n\n\n<p><strong>Dimensions :<\/strong> 2990 \u00d7 1995 mm<br\/><strong>Quantit\u00e9 :<\/strong> 18 pi\u00e8ces<br\/><strong>\u00c9paisseur :<\/strong> 12 mm<\/p>\n\n\n\n<p>Le verre flott\u00e9 utilis\u00e9 pour la production est de la plus haute qualit\u00e9 et exempt d&rsquo;impuret\u00e9s, ce qui r\u00e9duit consid\u00e9rablement le risque de rupture spontan\u00e9e apr\u00e8s la trempe et prolonge la dur\u00e9e de vie du verre.<\/p>\n\n\n\n<p><strong>Gazon artificiel pour les terrains de padel<\/strong><\/p>\n\n\n\n<p><strong>Solution professionnelle de gazon artificiel<\/strong><\/p>\n\n\n\n<p>Le terrain est \u00e9quip\u00e9 d&rsquo;un gazon artificiel de premi\u00e8re qualit\u00e9 sp\u00e9cialement con\u00e7u pour les terrains de padel. Il est conforme \u00e0 la norme GB\/T 20394-2006 pour le gazon artificiel sportif et offre une excellente r\u00e9sistance \u00e0 l&rsquo;usure, aux rayons UV, au feu et aux propri\u00e9t\u00e9s antibact\u00e9riennes. <\/p>\n\n\n\n<p><strong>Standard<\/strong><\/p>\n\n\n\n<p>Conforme \u00e0 la norme GB\/T 20394-2006 (norme de qualit\u00e9 sup\u00e9rieure pour le gazon artificiel sportif). Ce mod\u00e8le de gazon artificiel est l&rsquo;un des produits de la plus haute qualit\u00e9, sp\u00e9cialement con\u00e7u pour les terrains de padel. <\/p>\n\n\n\n<p><strong>Fibre et support de gazon artificiel<\/strong><\/p>\n\n\n\n<p><strong>Technologie KDK, support renforc\u00e9 et dur\u00e9e de vie plus longue<\/strong><\/p>\n\n\n\n<p>Les fibres de gazon sont fabriqu\u00e9es \u00e0 partir de granul\u00e9s de plastique PE \u00e0 haute densit\u00e9 lin\u00e9aire. Gr\u00e2ce \u00e0 la technologie KDK et \u00e0 un processus de fabrication sp\u00e9cial, les fibres de gazon conservent leur couleur et leur forme pendant une longue p\u00e9riode, ce qui prolonge la dur\u00e9e de vie de la surface. <\/p>\n\n\n\n<p>Le tissu de support est constitu\u00e9 d&rsquo;une armure serg\u00e9 double couche, qui offre une plus grande r\u00e9sistance \u00e0 la d\u00e9chirure et r\u00e9duit le risque de froissement qui peut se produire en raison des fils \u00e9pais et de la haute densit\u00e9. L&rsquo;envers est enduit d&rsquo;une couche de polyur\u00e9thane, qui s\u00e9curise au maximum les fibres et prolonge la dur\u00e9e de vie du produit. <\/p>\n\n\n\n<p><strong>Certificats et respect des normes<\/strong><\/p>\n\n\n\n<p>CE, ROHS, GB\/T 21604-2008 (test d&rsquo;irritation cutan\u00e9e), GB 21510-2008 (tests antibact\u00e9riens et antifongiques), Lisport (r\u00e9sistance \u00e0 l&rsquo;usure &#8211; 150 000 cycles), SGS (r\u00e9sistance aux UV &#8211; UVA 5000 heures), GB\/T 20394-2013 (test de r\u00e9sistance au feu), REACH 205 (norme europ\u00e9enne), GB\/T 20394-2019 (tous les tests), GB 36246-2018 (tous les tests).<\/p>\n<\/div>\n\n\n\n<div class=\"wp-block-column is-vertically-aligned-center is-layout-flow wp-block-column-is-layout-flow\">\n<figure class=\"wp-block-image size-full is-resized is-style-rounded\"><img loading=\"lazy\" decoding=\"async\" width=\"1080\" height=\"1080\" src=\"https:\/\/evolve-fitness.eu\/wp-content\/uploads\/2026\/04\/padel-2-1.png\" alt=\"\" class=\"wp-image-232252\" style=\"width:864px;height:auto\" srcset=\"https:\/\/evolve-fitness.eu\/wp-content\/uploads\/2026\/04\/padel-2-1.png 1080w, https:\/\/evolve-fitness.eu\/wp-content\/uploads\/2026\/04\/padel-2-1-300x300.png 300w, https:\/\/evolve-fitness.eu\/wp-content\/uploads\/2026\/04\/padel-2-1-1024x1024.png 1024w, https:\/\/evolve-fitness.eu\/wp-content\/uploads\/2026\/04\/padel-2-1-150x150.png 150w, https:\/\/evolve-fitness.eu\/wp-content\/uploads\/2026\/04\/padel-2-1-768x768.png 768w, https:\/\/evolve-fitness.eu\/wp-content\/uploads\/2026\/04\/padel-2-1-600x600.png 600w\" sizes=\"auto, (max-width: 1080px) 100vw, 1080px\" \/><\/figure>\n<\/div>\n<\/div>\n<\/section>\n","protected":false},"excerpt":{"rendered":"<p>Terrain de padel classique &#8211; une structure solide et durable<\/p>\n<p>Un terrain de padel classique dot\u00e9 d&rsquo;une structure solide, esth\u00e9tique et pratique con\u00e7ue pour une utilisation ext\u00e9rieure \u00e0 long terme. La partie vitr\u00e9e de la structure est renforc\u00e9e par 16 ensembles de colonnes, ce qui assure une plus grande stabilit\u00e9 et une fixation s\u00fbre des panneaux de verre. L&rsquo;ensemble de la structure m\u00e9tallique est con\u00e7u pour am\u00e9liorer consid\u00e9rablement la r\u00e9sistance aux charges de vent ext\u00e9rieures et pour garantir une utilisation s\u00fbre, m\u00eame dans des conditions environnementales difficiles.  <\/p>\n","protected":false},"featured_media":232258,"template":"","meta":{"_acf_changed":false,"inline_featured_image":false},"product_brand":[],"product_cat":[13118],"product_tag":[],"class_list":{"0":"post-229983","1":"product","2":"type-product","3":"status-publish","4":"has-post-thumbnail","6":"product_cat-courts-de-padel","8":"first","9":"instock","10":"shipping-taxable","11":"purchasable","12":"product-type-simple"},"acf":{"long_title":"Courts de padel classiques","subtitle":"","specifications":[{"label":"Longueur","text_value":"20 000 mm","icon":"x"},{"label":"Hauteur","text_value":"12 mm","icon":"x"},{"label":"Dimensions","text_value":"2990 \u00d7 1995 mm","icon":"x"},{"label":"Quantit\u00e9","text_value":"18 pi\u00e8ces.","icon":"x"},{"label":"Type de fil d'herbe","text_value":"10 000 Dtex","icon":"x"},{"label":"Couleur","text_value":"bleu (couleurs personnalis\u00e9es disponibles)","icon":"x"},{"label":"Densit\u00e9","text_value":"63,000 \/ m\u00b2","icon":"x"},{"label":"Jauge","text_value":"4,76 mm","icon":"x"},{"label":"Soutien","text_value":"PP+ PP+ PU mesh","icon":"x"},{"label":"Epaisseur du verre","text_value":"12 mm avec 8 trous de fixation frais\u00e9s","icon":"x"}]},"yoast_head":"<!-- This site is optimized with the Yoast SEO plugin v27.4 - https:\/\/yoast.com\/product\/yoast-seo-wordpress\/ -->\n<title>Courts de padel classiques - Evolve<\/title>\n<meta name=\"robots\" content=\"index, follow, max-snippet:-1, max-image-preview:large, max-video-preview:-1\" \/>\n<link rel=\"canonical\" href=\"https:\/\/evolve-fitness.eu\/fr\/produit\/courts-de-padel-classiques\/\" \/>\n<meta property=\"og:locale\" content=\"fr_FR\" \/>\n<meta property=\"og:type\" content=\"article\" \/>\n<meta property=\"og:title\" content=\"Courts de padel classiques - Evolve\" \/>\n<meta property=\"og:url\" content=\"https:\/\/evolve-fitness.eu\/fr\/produit\/courts-de-padel-classiques\/\" \/>\n<meta property=\"og:site_name\" content=\"Evolve\" \/>\n<meta property=\"article:publisher\" content=\"https:\/\/www.facebook.com\/EvolveFitnessEurope\" \/>\n<meta property=\"article:modified_time\" content=\"2026-04-17T10:53:15+00:00\" \/>\n<meta property=\"og:image\" content=\"https:\/\/evolve-fitness.eu\/wp-content\/uploads\/2026\/04\/padel-2-1.png\" \/>\n\t<meta property=\"og:image:width\" content=\"1080\" \/>\n\t<meta property=\"og:image:height\" content=\"1080\" \/>\n\t<meta property=\"og:image:type\" content=\"image\/png\" \/>\n<meta name=\"twitter:card\" content=\"summary_large_image\" \/>\n<script type=\"application\/ld+json\" class=\"yoast-schema-graph\">{\"@context\":\"https:\\\/\\\/schema.org\",\"@graph\":[{\"@type\":\"WebPage\",\"@id\":\"https:\\\/\\\/evolve-fitness.eu\\\/fr\\\/produit\\\/courts-de-padel-classiques\\\/\",\"url\":\"https:\\\/\\\/evolve-fitness.eu\\\/fr\\\/produit\\\/courts-de-padel-classiques\\\/\",\"name\":\"Courts de padel classiques - Evolve\",\"isPartOf\":{\"@id\":\"https:\\\/\\\/evolve-fitness.eu\\\/fr\\\/#website\"},\"primaryImageOfPage\":{\"@id\":\"https:\\\/\\\/evolve-fitness.eu\\\/fr\\\/produit\\\/courts-de-padel-classiques\\\/#primaryimage\"},\"image\":{\"@id\":\"https:\\\/\\\/evolve-fitness.eu\\\/fr\\\/produit\\\/courts-de-padel-classiques\\\/#primaryimage\"},\"thumbnailUrl\":\"https:\\\/\\\/evolve-fitness.eu\\\/wp-content\\\/uploads\\\/2026\\\/04\\\/padel-2-1.png\",\"datePublished\":\"2026-04-15T10:39:20+00:00\",\"dateModified\":\"2026-04-17T10:53:15+00:00\",\"breadcrumb\":{\"@id\":\"https:\\\/\\\/evolve-fitness.eu\\\/fr\\\/produit\\\/courts-de-padel-classiques\\\/#breadcrumb\"},\"inLanguage\":\"fr-FR\",\"potentialAction\":[{\"@type\":\"ReadAction\",\"target\":[\"https:\\\/\\\/evolve-fitness.eu\\\/fr\\\/produit\\\/courts-de-padel-classiques\\\/\"]}]},{\"@type\":\"ImageObject\",\"inLanguage\":\"fr-FR\",\"@id\":\"https:\\\/\\\/evolve-fitness.eu\\\/fr\\\/produit\\\/courts-de-padel-classiques\\\/#primaryimage\",\"url\":\"https:\\\/\\\/evolve-fitness.eu\\\/wp-content\\\/uploads\\\/2026\\\/04\\\/padel-2-1.png\",\"contentUrl\":\"https:\\\/\\\/evolve-fitness.eu\\\/wp-content\\\/uploads\\\/2026\\\/04\\\/padel-2-1.png\",\"width\":1080,\"height\":1080},{\"@type\":\"BreadcrumbList\",\"@id\":\"https:\\\/\\\/evolve-fitness.eu\\\/fr\\\/produit\\\/courts-de-padel-classiques\\\/#breadcrumb\",\"itemListElement\":[{\"@type\":\"ListItem\",\"position\":1,\"name\":\"Home\",\"item\":\"https:\\\/\\\/evolve-fitness.eu\\\/fr\\\/\"},{\"@type\":\"ListItem\",\"position\":2,\"name\":\"Produits\",\"item\":\"https:\\\/\\\/evolve-fitness.eu\\\/fr\\\/shop\\\/\"},{\"@type\":\"ListItem\",\"position\":3,\"name\":\"Courts de padel classiques\"}]},{\"@type\":\"WebSite\",\"@id\":\"https:\\\/\\\/evolve-fitness.eu\\\/fr\\\/#website\",\"url\":\"https:\\\/\\\/evolve-fitness.eu\\\/fr\\\/\",\"name\":\"Evolve\",\"description\":\"Your Evolved Gear Arrived\",\"publisher\":{\"@id\":\"https:\\\/\\\/evolve-fitness.eu\\\/fr\\\/#organization\"},\"potentialAction\":[{\"@type\":\"SearchAction\",\"target\":{\"@type\":\"EntryPoint\",\"urlTemplate\":\"https:\\\/\\\/evolve-fitness.eu\\\/fr\\\/?s={search_term_string}\"},\"query-input\":{\"@type\":\"PropertyValueSpecification\",\"valueRequired\":true,\"valueName\":\"search_term_string\"}}],\"inLanguage\":\"fr-FR\"},{\"@type\":\"Organization\",\"@id\":\"https:\\\/\\\/evolve-fitness.eu\\\/fr\\\/#organization\",\"name\":\"Evolve\",\"url\":\"https:\\\/\\\/evolve-fitness.eu\\\/fr\\\/\",\"logo\":{\"@type\":\"ImageObject\",\"inLanguage\":\"fr-FR\",\"@id\":\"https:\\\/\\\/evolve-fitness.eu\\\/fr\\\/#\\\/schema\\\/logo\\\/image\\\/\",\"url\":\"https:\\\/\\\/evolve-fitness.eu\\\/wp-content\\\/uploads\\\/2023\\\/05\\\/Evolve-logo.svg\",\"contentUrl\":\"https:\\\/\\\/evolve-fitness.eu\\\/wp-content\\\/uploads\\\/2023\\\/05\\\/Evolve-logo.svg\",\"width\":176,\"height\":20,\"caption\":\"Evolve\"},\"image\":{\"@id\":\"https:\\\/\\\/evolve-fitness.eu\\\/fr\\\/#\\\/schema\\\/logo\\\/image\\\/\"},\"sameAs\":[\"https:\\\/\\\/www.facebook.com\\\/EvolveFitnessEurope\"]}]}<\/script>\n<!-- \/ Yoast SEO plugin. -->","yoast_head_json":{"title":"Courts de padel classiques - Evolve","robots":{"index":"index","follow":"follow","max-snippet":"max-snippet:-1","max-image-preview":"max-image-preview:large","max-video-preview":"max-video-preview:-1"},"canonical":"https:\/\/evolve-fitness.eu\/fr\/produit\/courts-de-padel-classiques\/","og_locale":"fr_FR","og_type":"article","og_title":"Courts de padel classiques - Evolve","og_url":"https:\/\/evolve-fitness.eu\/fr\/produit\/courts-de-padel-classiques\/","og_site_name":"Evolve","article_publisher":"https:\/\/www.facebook.com\/EvolveFitnessEurope","article_modified_time":"2026-04-17T10:53:15+00:00","og_image":[{"width":1080,"height":1080,"url":"https:\/\/evolve-fitness.eu\/wp-content\/uploads\/2026\/04\/padel-2-1.png","type":"image\/png"}],"twitter_card":"summary_large_image","schema":{"@context":"https:\/\/schema.org","@graph":[{"@type":"WebPage","@id":"https:\/\/evolve-fitness.eu\/fr\/produit\/courts-de-padel-classiques\/","url":"https:\/\/evolve-fitness.eu\/fr\/produit\/courts-de-padel-classiques\/","name":"Courts de padel classiques - Evolve","isPartOf":{"@id":"https:\/\/evolve-fitness.eu\/fr\/#website"},"primaryImageOfPage":{"@id":"https:\/\/evolve-fitness.eu\/fr\/produit\/courts-de-padel-classiques\/#primaryimage"},"image":{"@id":"https:\/\/evolve-fitness.eu\/fr\/produit\/courts-de-padel-classiques\/#primaryimage"},"thumbnailUrl":"https:\/\/evolve-fitness.eu\/wp-content\/uploads\/2026\/04\/padel-2-1.png","datePublished":"2026-04-15T10:39:20+00:00","dateModified":"2026-04-17T10:53:15+00:00","breadcrumb":{"@id":"https:\/\/evolve-fitness.eu\/fr\/produit\/courts-de-padel-classiques\/#breadcrumb"},"inLanguage":"fr-FR","potentialAction":[{"@type":"ReadAction","target":["https:\/\/evolve-fitness.eu\/fr\/produit\/courts-de-padel-classiques\/"]}]},{"@type":"ImageObject","inLanguage":"fr-FR","@id":"https:\/\/evolve-fitness.eu\/fr\/produit\/courts-de-padel-classiques\/#primaryimage","url":"https:\/\/evolve-fitness.eu\/wp-content\/uploads\/2026\/04\/padel-2-1.png","contentUrl":"https:\/\/evolve-fitness.eu\/wp-content\/uploads\/2026\/04\/padel-2-1.png","width":1080,"height":1080},{"@type":"BreadcrumbList","@id":"https:\/\/evolve-fitness.eu\/fr\/produit\/courts-de-padel-classiques\/#breadcrumb","itemListElement":[{"@type":"ListItem","position":1,"name":"Home","item":"https:\/\/evolve-fitness.eu\/fr\/"},{"@type":"ListItem","position":2,"name":"Produits","item":"https:\/\/evolve-fitness.eu\/fr\/shop\/"},{"@type":"ListItem","position":3,"name":"Courts de padel classiques"}]},{"@type":"WebSite","@id":"https:\/\/evolve-fitness.eu\/fr\/#website","url":"https:\/\/evolve-fitness.eu\/fr\/","name":"Evolve","description":"Your Evolved Gear Arrived","publisher":{"@id":"https:\/\/evolve-fitness.eu\/fr\/#organization"},"potentialAction":[{"@type":"SearchAction","target":{"@type":"EntryPoint","urlTemplate":"https:\/\/evolve-fitness.eu\/fr\/?s={search_term_string}"},"query-input":{"@type":"PropertyValueSpecification","valueRequired":true,"valueName":"search_term_string"}}],"inLanguage":"fr-FR"},{"@type":"Organization","@id":"https:\/\/evolve-fitness.eu\/fr\/#organization","name":"Evolve","url":"https:\/\/evolve-fitness.eu\/fr\/","logo":{"@type":"ImageObject","inLanguage":"fr-FR","@id":"https:\/\/evolve-fitness.eu\/fr\/#\/schema\/logo\/image\/","url":"https:\/\/evolve-fitness.eu\/wp-content\/uploads\/2023\/05\/Evolve-logo.svg","contentUrl":"https:\/\/evolve-fitness.eu\/wp-content\/uploads\/2023\/05\/Evolve-logo.svg","width":176,"height":20,"caption":"Evolve"},"image":{"@id":"https:\/\/evolve-fitness.eu\/fr\/#\/schema\/logo\/image\/"},"sameAs":["https:\/\/www.facebook.com\/EvolveFitnessEurope"]}]}},"_links":{"self":[{"href":"https:\/\/evolve-fitness.eu\/fr\/wp-json\/wp\/v2\/product\/229983","targetHints":{"allow":["GET"]}}],"collection":[{"href":"https:\/\/evolve-fitness.eu\/fr\/wp-json\/wp\/v2\/product"}],"about":[{"href":"https:\/\/evolve-fitness.eu\/fr\/wp-json\/wp\/v2\/types\/product"}],"wp:featuredmedia":[{"embeddable":true,"href":"https:\/\/evolve-fitness.eu\/fr\/wp-json\/wp\/v2\/media\/232258"}],"wp:attachment":[{"href":"https:\/\/evolve-fitness.eu\/fr\/wp-json\/wp\/v2\/media?parent=229983"}],"wp:term":[{"taxonomy":"product_brand","embeddable":true,"href":"https:\/\/evolve-fitness.eu\/fr\/wp-json\/wp\/v2\/product_brand?post=229983"},{"taxonomy":"product_cat","embeddable":true,"href":"https:\/\/evolve-fitness.eu\/fr\/wp-json\/wp\/v2\/product_cat?post=229983"},{"taxonomy":"product_tag","embeddable":true,"href":"https:\/\/evolve-fitness.eu\/fr\/wp-json\/wp\/v2\/product_tag?post=229983"}],"curies":[{"name":"wp","href":"https:\/\/api.w.org\/{rel}","templated":true}]}}