{"id":230194,"date":"2026-04-15T15:24:43","date_gmt":"2026-04-15T12:24:43","guid":{"rendered":"https:\/\/evolve-fitness.eu\/product\/sol-sportif-en-polypropylene-evolve-ev-fl-pp-quantite-8-93-m%c2%b2\/"},"modified":"2026-04-16T13:53:31","modified_gmt":"2026-04-16T10:53:31","slug":"sol-sportif-en-polypropylene-evolve-ev-fl-pp-quantite-8-93-m%c2%b2","status":"publish","type":"product","link":"https:\/\/evolve-fitness.eu\/fr\/produit\/sol-sportif-en-polypropylene-evolve-ev-fl-pp-quantite-8-93-m%c2%b2\/","title":{"rendered":"Rev\u00eatement de sol sportif en polypropyl\u00e8ne Evolve (FL-PP)"},"content":{"rendered":"\n<section class=\"wp-block-group alignfull black-content has-white-color has-darkgray-background-color has-text-color has-background is-layout-constrained wp-block-group-is-layout-constrained\" style=\"padding-top:var(--wp--preset--spacing--section-bottom);padding-bottom:var(--wp--preset--spacing--section-bottom)\">\n<div class=\"wp-block-columns alignwide is-layout-flex wp-container-core-columns-is-layout-c45ee707 wp-block-columns-is-layout-flex\" style=\"margin-bottom:var(--wp--preset--spacing--side-padding);padding-top:var(--wp--preset--spacing--side-padding)\">\n<div class=\"wp-block-column is-vertically-aligned-center is-layout-flow wp-block-column-is-layout-flow\">\n<h3 class=\"wp-block-heading\" style=\"margin-bottom:var(--wp--preset--spacing--h-3-bottom)\"><strong>Rev\u00eatement de sol sportif durable en polypropyl\u00e8ne pour les espaces actifs<\/strong><\/h3>\n\n\n\n<p>Le rev\u00eatement de sol sportif en polypropyl\u00e8ne Evolve est une surface de haute qualit\u00e9, durable et pratique, con\u00e7ue pour une large gamme d&rsquo;espaces sportifs et de loisirs actifs. Fabriqu\u00e9 en polypropyl\u00e8ne de premi\u00e8re qualit\u00e9, il offre une excellente r\u00e9sistance aux dommages m\u00e9caniques, \u00e0 l&rsquo;exposition aux UV et \u00e0 l&rsquo;humidit\u00e9, ce qui le rend adapt\u00e9 \u00e0 un usage quotidien exigeant. Sa construction robuste le rend id\u00e9al pour des activit\u00e9s telles que la course \u00e0 pied, le football, le tennis et les aires de jeux pour enfants, tandis que son installation facile et rapide permet de r\u00e9duire les co\u00fbts d&rsquo;entretien et de r\u00e9paration. Disponible en marron et en gris, ce rev\u00eatement se fond naturellement dans diff\u00e9rents environnements et offre des performances durables pour les terrains de sport, les zones d&rsquo;activit\u00e9 en plein air et les espaces d&rsquo;entra\u00eenement.   <\/p>\n\n\n\n<p><\/p>\n\n\n\n<p><\/p>\n<\/div>\n\n\n\n<div class=\"wp-block-column is-vertically-aligned-center is-layout-flow wp-block-column-is-layout-flow\">\n<figure class=\"wp-block-image size-full\"><img loading=\"lazy\" decoding=\"async\" width=\"1080\" height=\"1080\" src=\"https:\/\/evolve-fitness.eu\/wp-content\/uploads\/2026\/04\/EV-FL-PP-1.png\" alt=\"\" class=\"wp-image-230149\" srcset=\"https:\/\/evolve-fitness.eu\/wp-content\/uploads\/2026\/04\/EV-FL-PP-1.png 1080w, https:\/\/evolve-fitness.eu\/wp-content\/uploads\/2026\/04\/EV-FL-PP-1-300x300.png 300w, https:\/\/evolve-fitness.eu\/wp-content\/uploads\/2026\/04\/EV-FL-PP-1-1024x1024.png 1024w, https:\/\/evolve-fitness.eu\/wp-content\/uploads\/2026\/04\/EV-FL-PP-1-150x150.png 150w, https:\/\/evolve-fitness.eu\/wp-content\/uploads\/2026\/04\/EV-FL-PP-1-768x768.png 768w, https:\/\/evolve-fitness.eu\/wp-content\/uploads\/2026\/04\/EV-FL-PP-1-600x600.png 600w\" sizes=\"auto, (max-width: 1080px) 100vw, 1080px\" \/><\/figure>\n<\/div>\n<\/div>\n\n\n\n<div class=\"wp-block-columns alignwide mobile-reverse is-layout-flex wp-container-core-columns-is-layout-ca64bf2d wp-block-columns-is-layout-flex\" style=\"margin-bottom:var(--wp--preset--spacing--side-padding)\">\n<div class=\"wp-block-column is-vertically-aligned-center is-layout-flow wp-block-column-is-layout-flow\">\n<div class=\"wp-block-columns is-layout-flex wp-container-core-columns-is-layout-9d6595d7 wp-block-columns-is-layout-flex\">\n<div class=\"wp-block-column is-layout-flow wp-block-column-is-layout-flow\" style=\"flex-basis:100%\">\n<figure class=\"wp-block-image size-full is-resized\"><img loading=\"lazy\" decoding=\"async\" width=\"1080\" height=\"1080\" src=\"https:\/\/evolve-fitness.eu\/wp-content\/uploads\/2026\/04\/EV-FL-PP-2.png\" alt=\"\" class=\"wp-image-230150\" style=\"width:710px;height:auto\" srcset=\"https:\/\/evolve-fitness.eu\/wp-content\/uploads\/2026\/04\/EV-FL-PP-2.png 1080w, https:\/\/evolve-fitness.eu\/wp-content\/uploads\/2026\/04\/EV-FL-PP-2-300x300.png 300w, https:\/\/evolve-fitness.eu\/wp-content\/uploads\/2026\/04\/EV-FL-PP-2-1024x1024.png 1024w, https:\/\/evolve-fitness.eu\/wp-content\/uploads\/2026\/04\/EV-FL-PP-2-150x150.png 150w, https:\/\/evolve-fitness.eu\/wp-content\/uploads\/2026\/04\/EV-FL-PP-2-768x768.png 768w, https:\/\/evolve-fitness.eu\/wp-content\/uploads\/2026\/04\/EV-FL-PP-2-600x600.png 600w\" sizes=\"auto, (max-width: 1080px) 100vw, 1080px\" \/><\/figure>\n<\/div>\n<\/div>\n<\/div>\n\n\n\n<div class=\"wp-block-column is-vertically-aligned-center is-layout-flow wp-block-column-is-layout-flow\">\n<h3 class=\"wp-block-heading\" style=\"margin-bottom:var(--wp--preset--spacing--h-3-bottom)\">Application polyvalente et d\u00e9tails de commande pratiques<\/h3>\n\n\n\n<p>Le rev\u00eatement de sol sportif en polypropyl\u00e8ne Evolve convient \u00e0 un large \u00e9ventail d&rsquo;environnements, notamment les terrains de football, de basket-ball, de tennis et de volley-ball, ainsi que les aires de loisirs, les zones d&rsquo;entra\u00eenement, les terrains de jeux pour enfants et d&rsquo;autres espaces sportifs ou de loisirs actifs en plein air. La quantit\u00e9 minimale de commande est de 1 bo\u00eete, couvrant 8,93 m\u00b2, chaque bo\u00eete pesant 33 kg. Ce rev\u00eatement est un excellent choix pour ceux qui recherchent une surface sportive durable, pratique et fiable, facile \u00e0 entretenir et convenant aussi bien \u00e0 une utilisation int\u00e9rieure qu&rsquo;ext\u00e9rieure.  <\/p>\n\n\n\n<p><\/p>\n<\/div>\n<\/div>\n<\/section>\n","protected":false},"excerpt":{"rendered":"<p>Le rev\u00eatement sportif en polypropyl\u00e8ne Evolve est une surface durable en polypropyl\u00e8ne con\u00e7ue pour une large gamme d&rsquo;espaces sportifs et de loisirs actifs. Ce rev\u00eatement est r\u00e9sistant \u00e0 un usage intensif, facile \u00e0 entretenir et parfaitement adapt\u00e9 aux espaces int\u00e9rieurs et ext\u00e9rieurs, en fonction du lieu d&rsquo;installation. C&rsquo;est un choix fiable pour ceux qui recherchent une surface sportive durable, pratique et facile \u00e0 installer.  <\/p>\n<p>Deux couleurs sont disponibles : marron ou gris.  <\/p>\n","protected":false},"featured_media":230195,"template":"","meta":{"_acf_changed":false,"inline_featured_image":false},"product_brand":[],"product_cat":[5260],"product_tag":[],"class_list":{"0":"post-230194","1":"product","2":"type-product","3":"status-publish","4":"has-post-thumbnail","6":"product_cat-revetements-de-sol","8":"first","9":"instock","10":"shipping-taxable","11":"purchasable","12":"product-type-variable"},"acf":{"long_title":"Rev\u00eatement de sol sportif en polypropyl\u00e8ne Evolve (FL-PP)  ","subtitle":"","specifications":[{"label":"SKU","text_value":"EV-FL-PP","icon":"x"},{"label":"Mat\u00e9riau","text_value":"polypropyl\u00e8ne","icon":"x"},{"label":"Couleur","text_value":"brun | gris","icon":"x"},{"label":"Dimensions d'une tuile","text_value":"8,93 m\u00b2","icon":"x"},{"label":"Poids","text_value":"33 kg (1 bo\u00eete)","icon":"x"},{"label":"R\u00e9sistance aux UV","text_value":"oui - aide \u00e0 pr\u00e9venir la d\u00e9coloration des couleurs dans des conditions ext\u00e9rieures","icon":"x"},{"label":"R\u00e9sistance \u00e0 l'humidit\u00e9","text_value":"montage direct avec des \u00e9l\u00e9ments de fixation sp\u00e9ciaux","icon":"v"},{"label":"Type de montage","text_value":"montage direct avec des \u00e9l\u00e9ments de fixation sp\u00e9ciaux","icon":"x"},{"label":"Maintenance","text_value":"facile \u00e0 nettoyer et \u00e0 entretenir \u00e0 l'aide de solutions de nettoyage standard","icon":"x"},{"label":"Absorption acoustique","text_value":"moyenne (il est recommand\u00e9 d'utiliser une isolation acoustique suppl\u00e9mentaire dans les pi\u00e8ces adjacentes si n\u00e9cessaire)","icon":"x"},{"label":"Quantit\u00e9 minimale de commande","text_value":"1 box (8,93 m\u00b2)","icon":"x"},{"label":"Poids d'une bo\u00eete","text_value":"33 kg","icon":"x"},{"label":"Domaines d'utilisation","text_value":"terrains de sport (football, basket-ball, tennis, volley-ball) | aires de r\u00e9cr\u00e9ation et d'entra\u00eenement | aires de jeux pour enfants | espaces sportifs ext\u00e9rieurs et aires de loisirs actifs","icon":"x"}],"product_frequently_asked_questions":null},"yoast_head":"<!-- This site is optimized with the Yoast SEO plugin v27.4 - https:\/\/yoast.com\/product\/yoast-seo-wordpress\/ -->\n<title>Rev\u00eatement de sol sportif en polypropyl\u00e8ne Evolve (FL-PP) - Evolve<\/title>\n<meta name=\"robots\" content=\"index, follow, max-snippet:-1, max-image-preview:large, max-video-preview:-1\" \/>\n<link rel=\"canonical\" href=\"https:\/\/evolve-fitness.eu\/fr\/produit\/sol-sportif-en-polypropylene-evolve-ev-fl-pp-quantite-8-93-m%c2%b2\/\" \/>\n<meta property=\"og:locale\" content=\"fr_FR\" \/>\n<meta property=\"og:type\" content=\"article\" \/>\n<meta property=\"og:title\" content=\"Rev\u00eatement de sol sportif en polypropyl\u00e8ne Evolve (FL-PP) - Evolve\" \/>\n<meta property=\"og:url\" content=\"https:\/\/evolve-fitness.eu\/fr\/produit\/sol-sportif-en-polypropylene-evolve-ev-fl-pp-quantite-8-93-m%c2%b2\/\" \/>\n<meta property=\"og:site_name\" content=\"Evolve\" \/>\n<meta property=\"article:publisher\" content=\"https:\/\/www.facebook.com\/EvolveFitnessEurope\" \/>\n<meta property=\"article:modified_time\" content=\"2026-04-16T10:53:31+00:00\" \/>\n<meta property=\"og:image\" content=\"https:\/\/evolve-fitness.eu\/wp-content\/uploads\/2026\/04\/EV-FL-PP-GR-1.png\" \/>\n\t<meta property=\"og:image:width\" content=\"1080\" \/>\n\t<meta property=\"og:image:height\" content=\"1080\" \/>\n\t<meta property=\"og:image:type\" content=\"image\/png\" \/>\n<meta name=\"twitter:card\" content=\"summary_large_image\" \/>\n<script type=\"application\/ld+json\" class=\"yoast-schema-graph\">{\"@context\":\"https:\\\/\\\/schema.org\",\"@graph\":[{\"@type\":\"WebPage\",\"@id\":\"https:\\\/\\\/evolve-fitness.eu\\\/fr\\\/produit\\\/sol-sportif-en-polypropylene-evolve-ev-fl-pp-quantite-8-93-m%c2%b2\\\/\",\"url\":\"https:\\\/\\\/evolve-fitness.eu\\\/fr\\\/produit\\\/sol-sportif-en-polypropylene-evolve-ev-fl-pp-quantite-8-93-m%c2%b2\\\/\",\"name\":\"Rev\u00eatement de sol sportif en polypropyl\u00e8ne Evolve (FL-PP) - Evolve\",\"isPartOf\":{\"@id\":\"https:\\\/\\\/evolve-fitness.eu\\\/fr\\\/#website\"},\"primaryImageOfPage\":{\"@id\":\"https:\\\/\\\/evolve-fitness.eu\\\/fr\\\/produit\\\/sol-sportif-en-polypropylene-evolve-ev-fl-pp-quantite-8-93-m%c2%b2\\\/#primaryimage\"},\"image\":{\"@id\":\"https:\\\/\\\/evolve-fitness.eu\\\/fr\\\/produit\\\/sol-sportif-en-polypropylene-evolve-ev-fl-pp-quantite-8-93-m%c2%b2\\\/#primaryimage\"},\"thumbnailUrl\":\"https:\\\/\\\/evolve-fitness.eu\\\/wp-content\\\/uploads\\\/2026\\\/04\\\/EV-FL-PP-GR-1.png\",\"datePublished\":\"2026-04-15T12:24:43+00:00\",\"dateModified\":\"2026-04-16T10:53:31+00:00\",\"breadcrumb\":{\"@id\":\"https:\\\/\\\/evolve-fitness.eu\\\/fr\\\/produit\\\/sol-sportif-en-polypropylene-evolve-ev-fl-pp-quantite-8-93-m%c2%b2\\\/#breadcrumb\"},\"inLanguage\":\"fr-FR\",\"potentialAction\":[{\"@type\":\"ReadAction\",\"target\":[\"https:\\\/\\\/evolve-fitness.eu\\\/fr\\\/produit\\\/sol-sportif-en-polypropylene-evolve-ev-fl-pp-quantite-8-93-m%c2%b2\\\/\"]}]},{\"@type\":\"ImageObject\",\"inLanguage\":\"fr-FR\",\"@id\":\"https:\\\/\\\/evolve-fitness.eu\\\/fr\\\/produit\\\/sol-sportif-en-polypropylene-evolve-ev-fl-pp-quantite-8-93-m%c2%b2\\\/#primaryimage\",\"url\":\"https:\\\/\\\/evolve-fitness.eu\\\/wp-content\\\/uploads\\\/2026\\\/04\\\/EV-FL-PP-GR-1.png\",\"contentUrl\":\"https:\\\/\\\/evolve-fitness.eu\\\/wp-content\\\/uploads\\\/2026\\\/04\\\/EV-FL-PP-GR-1.png\",\"width\":1080,\"height\":1080},{\"@type\":\"BreadcrumbList\",\"@id\":\"https:\\\/\\\/evolve-fitness.eu\\\/fr\\\/produit\\\/sol-sportif-en-polypropylene-evolve-ev-fl-pp-quantite-8-93-m%c2%b2\\\/#breadcrumb\",\"itemListElement\":[{\"@type\":\"ListItem\",\"position\":1,\"name\":\"Home\",\"item\":\"https:\\\/\\\/evolve-fitness.eu\\\/fr\\\/\"},{\"@type\":\"ListItem\",\"position\":2,\"name\":\"Produits\",\"item\":\"https:\\\/\\\/evolve-fitness.eu\\\/fr\\\/shop\\\/\"},{\"@type\":\"ListItem\",\"position\":3,\"name\":\"Rev\u00eatement de sol sportif en polypropyl\u00e8ne Evolve (FL-PP)\"}]},{\"@type\":\"WebSite\",\"@id\":\"https:\\\/\\\/evolve-fitness.eu\\\/fr\\\/#website\",\"url\":\"https:\\\/\\\/evolve-fitness.eu\\\/fr\\\/\",\"name\":\"Evolve\",\"description\":\"Your Evolved Gear Arrived\",\"publisher\":{\"@id\":\"https:\\\/\\\/evolve-fitness.eu\\\/fr\\\/#organization\"},\"potentialAction\":[{\"@type\":\"SearchAction\",\"target\":{\"@type\":\"EntryPoint\",\"urlTemplate\":\"https:\\\/\\\/evolve-fitness.eu\\\/fr\\\/?s={search_term_string}\"},\"query-input\":{\"@type\":\"PropertyValueSpecification\",\"valueRequired\":true,\"valueName\":\"search_term_string\"}}],\"inLanguage\":\"fr-FR\"},{\"@type\":\"Organization\",\"@id\":\"https:\\\/\\\/evolve-fitness.eu\\\/fr\\\/#organization\",\"name\":\"Evolve\",\"url\":\"https:\\\/\\\/evolve-fitness.eu\\\/fr\\\/\",\"logo\":{\"@type\":\"ImageObject\",\"inLanguage\":\"fr-FR\",\"@id\":\"https:\\\/\\\/evolve-fitness.eu\\\/fr\\\/#\\\/schema\\\/logo\\\/image\\\/\",\"url\":\"https:\\\/\\\/evolve-fitness.eu\\\/wp-content\\\/uploads\\\/2023\\\/05\\\/Evolve-logo.svg\",\"contentUrl\":\"https:\\\/\\\/evolve-fitness.eu\\\/wp-content\\\/uploads\\\/2023\\\/05\\\/Evolve-logo.svg\",\"width\":176,\"height\":20,\"caption\":\"Evolve\"},\"image\":{\"@id\":\"https:\\\/\\\/evolve-fitness.eu\\\/fr\\\/#\\\/schema\\\/logo\\\/image\\\/\"},\"sameAs\":[\"https:\\\/\\\/www.facebook.com\\\/EvolveFitnessEurope\"]}]}<\/script>\n<!-- \/ Yoast SEO plugin. -->","yoast_head_json":{"title":"Rev\u00eatement de sol sportif en polypropyl\u00e8ne Evolve (FL-PP) - Evolve","robots":{"index":"index","follow":"follow","max-snippet":"max-snippet:-1","max-image-preview":"max-image-preview:large","max-video-preview":"max-video-preview:-1"},"canonical":"https:\/\/evolve-fitness.eu\/fr\/produit\/sol-sportif-en-polypropylene-evolve-ev-fl-pp-quantite-8-93-m%c2%b2\/","og_locale":"fr_FR","og_type":"article","og_title":"Rev\u00eatement de sol sportif en polypropyl\u00e8ne Evolve (FL-PP) - Evolve","og_url":"https:\/\/evolve-fitness.eu\/fr\/produit\/sol-sportif-en-polypropylene-evolve-ev-fl-pp-quantite-8-93-m%c2%b2\/","og_site_name":"Evolve","article_publisher":"https:\/\/www.facebook.com\/EvolveFitnessEurope","article_modified_time":"2026-04-16T10:53:31+00:00","og_image":[{"width":1080,"height":1080,"url":"https:\/\/evolve-fitness.eu\/wp-content\/uploads\/2026\/04\/EV-FL-PP-GR-1.png","type":"image\/png"}],"twitter_card":"summary_large_image","schema":{"@context":"https:\/\/schema.org","@graph":[{"@type":"WebPage","@id":"https:\/\/evolve-fitness.eu\/fr\/produit\/sol-sportif-en-polypropylene-evolve-ev-fl-pp-quantite-8-93-m%c2%b2\/","url":"https:\/\/evolve-fitness.eu\/fr\/produit\/sol-sportif-en-polypropylene-evolve-ev-fl-pp-quantite-8-93-m%c2%b2\/","name":"Rev\u00eatement de sol sportif en polypropyl\u00e8ne Evolve (FL-PP) - Evolve","isPartOf":{"@id":"https:\/\/evolve-fitness.eu\/fr\/#website"},"primaryImageOfPage":{"@id":"https:\/\/evolve-fitness.eu\/fr\/produit\/sol-sportif-en-polypropylene-evolve-ev-fl-pp-quantite-8-93-m%c2%b2\/#primaryimage"},"image":{"@id":"https:\/\/evolve-fitness.eu\/fr\/produit\/sol-sportif-en-polypropylene-evolve-ev-fl-pp-quantite-8-93-m%c2%b2\/#primaryimage"},"thumbnailUrl":"https:\/\/evolve-fitness.eu\/wp-content\/uploads\/2026\/04\/EV-FL-PP-GR-1.png","datePublished":"2026-04-15T12:24:43+00:00","dateModified":"2026-04-16T10:53:31+00:00","breadcrumb":{"@id":"https:\/\/evolve-fitness.eu\/fr\/produit\/sol-sportif-en-polypropylene-evolve-ev-fl-pp-quantite-8-93-m%c2%b2\/#breadcrumb"},"inLanguage":"fr-FR","potentialAction":[{"@type":"ReadAction","target":["https:\/\/evolve-fitness.eu\/fr\/produit\/sol-sportif-en-polypropylene-evolve-ev-fl-pp-quantite-8-93-m%c2%b2\/"]}]},{"@type":"ImageObject","inLanguage":"fr-FR","@id":"https:\/\/evolve-fitness.eu\/fr\/produit\/sol-sportif-en-polypropylene-evolve-ev-fl-pp-quantite-8-93-m%c2%b2\/#primaryimage","url":"https:\/\/evolve-fitness.eu\/wp-content\/uploads\/2026\/04\/EV-FL-PP-GR-1.png","contentUrl":"https:\/\/evolve-fitness.eu\/wp-content\/uploads\/2026\/04\/EV-FL-PP-GR-1.png","width":1080,"height":1080},{"@type":"BreadcrumbList","@id":"https:\/\/evolve-fitness.eu\/fr\/produit\/sol-sportif-en-polypropylene-evolve-ev-fl-pp-quantite-8-93-m%c2%b2\/#breadcrumb","itemListElement":[{"@type":"ListItem","position":1,"name":"Home","item":"https:\/\/evolve-fitness.eu\/fr\/"},{"@type":"ListItem","position":2,"name":"Produits","item":"https:\/\/evolve-fitness.eu\/fr\/shop\/"},{"@type":"ListItem","position":3,"name":"Rev\u00eatement de sol sportif en polypropyl\u00e8ne Evolve (FL-PP)"}]},{"@type":"WebSite","@id":"https:\/\/evolve-fitness.eu\/fr\/#website","url":"https:\/\/evolve-fitness.eu\/fr\/","name":"Evolve","description":"Your Evolved Gear Arrived","publisher":{"@id":"https:\/\/evolve-fitness.eu\/fr\/#organization"},"potentialAction":[{"@type":"SearchAction","target":{"@type":"EntryPoint","urlTemplate":"https:\/\/evolve-fitness.eu\/fr\/?s={search_term_string}"},"query-input":{"@type":"PropertyValueSpecification","valueRequired":true,"valueName":"search_term_string"}}],"inLanguage":"fr-FR"},{"@type":"Organization","@id":"https:\/\/evolve-fitness.eu\/fr\/#organization","name":"Evolve","url":"https:\/\/evolve-fitness.eu\/fr\/","logo":{"@type":"ImageObject","inLanguage":"fr-FR","@id":"https:\/\/evolve-fitness.eu\/fr\/#\/schema\/logo\/image\/","url":"https:\/\/evolve-fitness.eu\/wp-content\/uploads\/2023\/05\/Evolve-logo.svg","contentUrl":"https:\/\/evolve-fitness.eu\/wp-content\/uploads\/2023\/05\/Evolve-logo.svg","width":176,"height":20,"caption":"Evolve"},"image":{"@id":"https:\/\/evolve-fitness.eu\/fr\/#\/schema\/logo\/image\/"},"sameAs":["https:\/\/www.facebook.com\/EvolveFitnessEurope"]}]}},"_links":{"self":[{"href":"https:\/\/evolve-fitness.eu\/fr\/wp-json\/wp\/v2\/product\/230194","targetHints":{"allow":["GET"]}}],"collection":[{"href":"https:\/\/evolve-fitness.eu\/fr\/wp-json\/wp\/v2\/product"}],"about":[{"href":"https:\/\/evolve-fitness.eu\/fr\/wp-json\/wp\/v2\/types\/product"}],"wp:featuredmedia":[{"embeddable":true,"href":"https:\/\/evolve-fitness.eu\/fr\/wp-json\/wp\/v2\/media\/230195"}],"wp:attachment":[{"href":"https:\/\/evolve-fitness.eu\/fr\/wp-json\/wp\/v2\/media?parent=230194"}],"wp:term":[{"taxonomy":"product_brand","embeddable":true,"href":"https:\/\/evolve-fitness.eu\/fr\/wp-json\/wp\/v2\/product_brand?post=230194"},{"taxonomy":"product_cat","embeddable":true,"href":"https:\/\/evolve-fitness.eu\/fr\/wp-json\/wp\/v2\/product_cat?post=230194"},{"taxonomy":"product_tag","embeddable":true,"href":"https:\/\/evolve-fitness.eu\/fr\/wp-json\/wp\/v2\/product_tag?post=230194"}],"curies":[{"name":"wp","href":"https:\/\/api.w.org\/{rel}","templated":true}]}}