{"id":230284,"date":"2026-04-16T08:42:57","date_gmt":"2026-04-16T05:42:57","guid":{"rendered":"https:\/\/evolve-fitness.eu\/?post_type=product&#038;p=230284"},"modified":"2026-04-16T11:04:41","modified_gmt":"2026-04-16T08:04:41","slug":"sol-sportif-en-polypropylene-evolve-ev-fl-pp-quantite-8-93-m%c2%b2-copy","status":"publish","type":"product","link":"https:\/\/evolve-fitness.eu\/fr\/produit\/sol-sportif-en-polypropylene-evolve-ev-fl-pp-quantite-8-93-m%c2%b2-copy\/","title":{"rendered":"Rev\u00eatement de sol sportif thermoplastique Evolve (FL-TP)"},"content":{"rendered":"\n<section class=\"wp-block-group alignfull black-content has-white-color has-darkgray-background-color has-text-color has-background is-layout-constrained wp-block-group-is-layout-constrained\" style=\"padding-top:var(--wp--preset--spacing--section-bottom);padding-bottom:var(--wp--preset--spacing--section-bottom)\">\n<div class=\"wp-block-columns alignwide is-layout-flex wp-container-core-columns-is-layout-c45ee707 wp-block-columns-is-layout-flex\" style=\"margin-bottom:var(--wp--preset--spacing--side-padding);padding-top:var(--wp--preset--spacing--side-padding)\">\n<div class=\"wp-block-column is-vertically-aligned-center is-layout-flow wp-block-column-is-layout-flow\">\n<h3 class=\"wp-block-heading\" style=\"margin-bottom:var(--wp--preset--spacing--h-3-bottom)\"><strong>Des sols sportifs durables et polyvalents<\/strong><\/h3>\n\n\n\n<p>Le rev\u00eatement sportif thermoplastique Evolve est une surface de haute qualit\u00e9, durable et polyvalente, con\u00e7ue pour une large gamme de terrains de sport. Aujourd&rsquo;hui, les crit\u00e8res les plus importants pour l&rsquo;installation d&rsquo;un terrain de sport sont la polyvalence et la durabilit\u00e9 \u00e0 long terme du rev\u00eatement de sol sportif. Ce rev\u00eatement est r\u00e9sistant \u00e0 un usage intensif, facile \u00e0 entretenir et parfaitement adapt\u00e9 aux espaces ext\u00e9rieurs. Le syst\u00e8me de rev\u00eatement de sol Evolve est facile \u00e0 installer, tandis que sa durabilit\u00e9 et sa praticit\u00e9 garantissent un haut niveau de satisfaction aux utilisateurs de terrains de sport et d&rsquo;autres espaces actifs.   <\/p>\n\n\n\n<p><\/p>\n\n\n\n<p><\/p>\n<\/div>\n\n\n\n<div class=\"wp-block-column is-vertically-aligned-center is-layout-flow wp-block-column-is-layout-flow\">\n<figure class=\"wp-block-image size-full\"><img loading=\"lazy\" decoding=\"async\" width=\"1080\" height=\"1080\" src=\"https:\/\/evolve-fitness.eu\/wp-content\/uploads\/2026\/04\/EV-FL-TP-1.png\" alt=\"\" class=\"wp-image-230303\" srcset=\"https:\/\/evolve-fitness.eu\/wp-content\/uploads\/2026\/04\/EV-FL-TP-1.png 1080w, https:\/\/evolve-fitness.eu\/wp-content\/uploads\/2026\/04\/EV-FL-TP-1-300x300.png 300w, https:\/\/evolve-fitness.eu\/wp-content\/uploads\/2026\/04\/EV-FL-TP-1-1024x1024.png 1024w, https:\/\/evolve-fitness.eu\/wp-content\/uploads\/2026\/04\/EV-FL-TP-1-150x150.png 150w, https:\/\/evolve-fitness.eu\/wp-content\/uploads\/2026\/04\/EV-FL-TP-1-768x768.png 768w, https:\/\/evolve-fitness.eu\/wp-content\/uploads\/2026\/04\/EV-FL-TP-1-600x600.png 600w\" sizes=\"auto, (max-width: 1080px) 100vw, 1080px\" \/><\/figure>\n<\/div>\n<\/div>\n\n\n\n<div class=\"wp-block-columns alignwide mobile-reverse is-layout-flex wp-container-core-columns-is-layout-ca64bf2d wp-block-columns-is-layout-flex\" style=\"margin-bottom:var(--wp--preset--spacing--side-padding)\">\n<div class=\"wp-block-column is-vertically-aligned-center is-layout-flow wp-block-column-is-layout-flow\">\n<div class=\"wp-block-columns is-layout-flex wp-container-core-columns-is-layout-9d6595d7 wp-block-columns-is-layout-flex\">\n<div class=\"wp-block-column is-layout-flow wp-block-column-is-layout-flow\" style=\"flex-basis:100%\">\n<figure class=\"wp-block-image size-full is-resized\"><img loading=\"lazy\" decoding=\"async\" width=\"1080\" height=\"1080\" src=\"https:\/\/evolve-fitness.eu\/wp-content\/uploads\/2026\/04\/EV-FL-TP-2-1.png\" alt=\"\" class=\"wp-image-230304\" style=\"width:710px;height:auto\" srcset=\"https:\/\/evolve-fitness.eu\/wp-content\/uploads\/2026\/04\/EV-FL-TP-2-1.png 1080w, https:\/\/evolve-fitness.eu\/wp-content\/uploads\/2026\/04\/EV-FL-TP-2-1-300x300.png 300w, https:\/\/evolve-fitness.eu\/wp-content\/uploads\/2026\/04\/EV-FL-TP-2-1-1024x1024.png 1024w, https:\/\/evolve-fitness.eu\/wp-content\/uploads\/2026\/04\/EV-FL-TP-2-1-150x150.png 150w, https:\/\/evolve-fitness.eu\/wp-content\/uploads\/2026\/04\/EV-FL-TP-2-1-768x768.png 768w, https:\/\/evolve-fitness.eu\/wp-content\/uploads\/2026\/04\/EV-FL-TP-2-1-600x600.png 600w\" sizes=\"auto, (max-width: 1080px) 100vw, 1080px\" \/><\/figure>\n<\/div>\n<\/div>\n<\/div>\n\n\n\n<div class=\"wp-block-column is-vertically-aligned-center is-layout-flow wp-block-column-is-layout-flow\">\n<h3 class=\"wp-block-heading\" style=\"margin-bottom:var(--wp--preset--spacing--h-3-bottom)\">Entretien pratique et personnalisation<\/h3>\n\n\n\n<p>Le sol sportif thermoplastique Evolve est facile \u00e0 entretenir et \u00e0 nettoyer gr\u00e2ce \u00e0 sa surface perm\u00e9able \u00e0 l&rsquo;eau, qui permet un balayage ou un lavage sans effort. Le rev\u00eatement est dot\u00e9 d&rsquo;un syst\u00e8me d&rsquo;installation flottant, de sorte qu&rsquo;aucun adh\u00e9sif ou mat\u00e9riel de fixation n&rsquo;est n\u00e9cessaire lors de l&rsquo;assemblage. Il peut \u00e9galement \u00eatre personnalis\u00e9 avec diff\u00e9rentes lignes de cour, combinaisons de couleurs, logos et \u00e9l\u00e9ments graphiques. La quantit\u00e9 minimale de commande est de 1 bo\u00eete (8,93 m\u00b2), et le poids de 1 bo\u00eete est de 36 kg. Ce rev\u00eatement est un excellent choix pour ceux qui recherchent une surface sportive durable et pratique, offrant d&rsquo;excellentes propri\u00e9t\u00e9s d&rsquo;absorption des chocs, ce qui le rend id\u00e9al pour les terrains de sport professionnels et amateurs, tout en ne n\u00e9cessitant que des co\u00fbts d&rsquo;entretien minimes.    <\/p>\n\n\n\n<p><\/p>\n<\/div>\n<\/div>\n<\/section>\n","protected":false},"excerpt":{"rendered":"<p>Le rev\u00eatement thermoplastique des courts ext\u00e9rieurs est id\u00e9al pour le tennis, le football, le basket-ball, le handball, le volley-ball, le badminton, etc. Ce rev\u00eatement se distingue par ses excellentes propri\u00e9t\u00e9s d&rsquo;absorption des chocs. Il r\u00e9siste au gel et aux rayons UV, ne se d\u00e9colore pas au soleil et reste stable.  <\/p>\n<p>Disponible en deux couleurs : vert ou bleu.<\/p>\n","protected":false},"featured_media":230370,"template":"","meta":{"_acf_changed":false,"inline_featured_image":false},"product_brand":[],"product_cat":[5260],"product_tag":[],"class_list":{"0":"post-230284","1":"product","2":"type-product","3":"status-publish","4":"has-post-thumbnail","6":"product_cat-revetements-de-sol","8":"first","9":"instock","10":"shipping-taxable","11":"purchasable","12":"product-type-variable"},"acf":{"long_title":"Sol sportif thermoplastique Evolve (FL-TP)  ","subtitle":"","specifications":[{"label":"SKU","text_value":"EV-FL-TP","icon":"x"},{"label":"Mat\u00e9riau","text_value":"thermoplastique r\u00e9sistant aux intemp\u00e9ries","icon":"x"},{"label":"Dimensions","text_value":"30,48 x 30,48 x 1,4 cm","icon":"x"},{"label":"Poids","text_value":"370 g (une tuile)","icon":"x"},{"label":"Structure","text_value":"double grille","icon":"x"},{"label":"Type de connexion","text_value":"double languette de verrouillage de chaque c\u00f4t\u00e9 pour un montage facile et rapide","icon":"x"},{"label":"Couleurs","text_value":"vert ou bleu","icon":"x"},{"label":"R\u00e9sistance aux UV","text_value":"oui - ne provoque pas d'alt\u00e9ration de la couleur dans des conditions ext\u00e9rieures","icon":"x"},{"label":"R\u00e9sistance \u00e0 l'humidit\u00e9","text_value":"moyenne (il est recommand\u00e9 d'utiliser une isolation acoustique suppl\u00e9mentaire dans les pi\u00e8ces adjacentes si n\u00e9cessaire)","icon":"v"},{"label":"Type d'installation","text_value":"syst\u00e8me flottant - aucun adh\u00e9sif ou mat\u00e9riel de fixation n'est n\u00e9cessaire","icon":"x"},{"label":"Domaines d'utilisation","text_value":"terrains de tennis | terrains de basket-ball | terrains de football | terrains de handball | terrains de volley-ball | terrains de badminton | terrains de sport polyvalents","icon":"x"},{"label":"Poids d'une bo\u00eete","text_value":"36 kg","icon":"x"},{"label":"Nettoyage","text_value":"facile \u00e0 nettoyer - surface perm\u00e9able \u00e0 l'eau, simple balayage ou lavage","icon":"x"},{"label":"Assembl\u00e9e","text_value":"syst\u00e8me flottant - aucun adh\u00e9sif ou mat\u00e9riel de fixation n'est n\u00e9cessaire","icon":"x"},{"label":"Personnalisation","text_value":"diff\u00e9rents marquages de lignes, combinaisons de couleurs, logos et \u00e9l\u00e9ments graphiques sont disponibles","icon":"x"},{"label":"R\u00e9sistance aux UV","text_value":"ne se d\u00e9colore pas \u00e0 la lumi\u00e8re du soleil et ne pr\u00e9sente pas d'usure visible pendant au moins 5 ans","icon":"x"},{"label":"S\u00e9chage rapide","text_value":"surface perm\u00e9able \u00e0 l'eau - il ne reste pas d'eau apr\u00e8s la pluie","icon":"x"},{"label":"Absorption des chocs","text_value":"excellentes propri\u00e9t\u00e9s d'absorption des chocs pour un jeu en toute s\u00e9curit\u00e9","icon":"x"},{"label":"R\u00e9sistance au gel","text_value":"reste stable et flexible pendant l'hiver","icon":"x"},{"label":"Traction","text_value":"des propri\u00e9t\u00e9s de surface optimales pour un jeu efficace","icon":"x"},{"label":"Flexibilit\u00e9 lat\u00e9rale","text_value":"permet un mouvement confortable","icon":"x"}],"product_frequently_asked_questions":null},"yoast_head":"<!-- This site is optimized with the Yoast SEO plugin v27.4 - https:\/\/yoast.com\/product\/yoast-seo-wordpress\/ -->\n<title>Rev\u00eatement de sol sportif thermoplastique Evolve (FL-TP) - Evolve<\/title>\n<meta name=\"robots\" content=\"index, follow, max-snippet:-1, max-image-preview:large, max-video-preview:-1\" \/>\n<link rel=\"canonical\" href=\"https:\/\/evolve-fitness.eu\/fr\/produit\/sol-sportif-en-polypropylene-evolve-ev-fl-pp-quantite-8-93-m%c2%b2-copy\/\" \/>\n<meta property=\"og:locale\" content=\"fr_FR\" \/>\n<meta property=\"og:type\" content=\"article\" \/>\n<meta property=\"og:title\" content=\"Rev\u00eatement de sol sportif thermoplastique Evolve (FL-TP) - Evolve\" \/>\n<meta property=\"og:url\" content=\"https:\/\/evolve-fitness.eu\/fr\/produit\/sol-sportif-en-polypropylene-evolve-ev-fl-pp-quantite-8-93-m%c2%b2-copy\/\" \/>\n<meta property=\"og:site_name\" content=\"Evolve\" \/>\n<meta property=\"article:publisher\" content=\"https:\/\/www.facebook.com\/EvolveFitnessEurope\" \/>\n<meta property=\"article:modified_time\" content=\"2026-04-16T08:04:41+00:00\" \/>\n<meta property=\"og:image\" content=\"https:\/\/evolve-fitness.eu\/wp-content\/uploads\/2026\/04\/ev-fl-tp-1-1.png\" \/>\n\t<meta property=\"og:image:width\" content=\"1080\" \/>\n\t<meta property=\"og:image:height\" content=\"1080\" \/>\n\t<meta property=\"og:image:type\" content=\"image\/png\" \/>\n<meta name=\"twitter:card\" content=\"summary_large_image\" \/>\n<script type=\"application\/ld+json\" class=\"yoast-schema-graph\">{\"@context\":\"https:\\\/\\\/schema.org\",\"@graph\":[{\"@type\":\"WebPage\",\"@id\":\"https:\\\/\\\/evolve-fitness.eu\\\/fr\\\/produit\\\/sol-sportif-en-polypropylene-evolve-ev-fl-pp-quantite-8-93-m%c2%b2-copy\\\/\",\"url\":\"https:\\\/\\\/evolve-fitness.eu\\\/fr\\\/produit\\\/sol-sportif-en-polypropylene-evolve-ev-fl-pp-quantite-8-93-m%c2%b2-copy\\\/\",\"name\":\"Rev\u00eatement de sol sportif thermoplastique Evolve (FL-TP) - Evolve\",\"isPartOf\":{\"@id\":\"https:\\\/\\\/evolve-fitness.eu\\\/fr\\\/#website\"},\"primaryImageOfPage\":{\"@id\":\"https:\\\/\\\/evolve-fitness.eu\\\/fr\\\/produit\\\/sol-sportif-en-polypropylene-evolve-ev-fl-pp-quantite-8-93-m%c2%b2-copy\\\/#primaryimage\"},\"image\":{\"@id\":\"https:\\\/\\\/evolve-fitness.eu\\\/fr\\\/produit\\\/sol-sportif-en-polypropylene-evolve-ev-fl-pp-quantite-8-93-m%c2%b2-copy\\\/#primaryimage\"},\"thumbnailUrl\":\"https:\\\/\\\/evolve-fitness.eu\\\/wp-content\\\/uploads\\\/2026\\\/04\\\/ev-fl-tp-1-1.png\",\"datePublished\":\"2026-04-16T05:42:57+00:00\",\"dateModified\":\"2026-04-16T08:04:41+00:00\",\"breadcrumb\":{\"@id\":\"https:\\\/\\\/evolve-fitness.eu\\\/fr\\\/produit\\\/sol-sportif-en-polypropylene-evolve-ev-fl-pp-quantite-8-93-m%c2%b2-copy\\\/#breadcrumb\"},\"inLanguage\":\"fr-FR\",\"potentialAction\":[{\"@type\":\"ReadAction\",\"target\":[\"https:\\\/\\\/evolve-fitness.eu\\\/fr\\\/produit\\\/sol-sportif-en-polypropylene-evolve-ev-fl-pp-quantite-8-93-m%c2%b2-copy\\\/\"]}]},{\"@type\":\"ImageObject\",\"inLanguage\":\"fr-FR\",\"@id\":\"https:\\\/\\\/evolve-fitness.eu\\\/fr\\\/produit\\\/sol-sportif-en-polypropylene-evolve-ev-fl-pp-quantite-8-93-m%c2%b2-copy\\\/#primaryimage\",\"url\":\"https:\\\/\\\/evolve-fitness.eu\\\/wp-content\\\/uploads\\\/2026\\\/04\\\/ev-fl-tp-1-1.png\",\"contentUrl\":\"https:\\\/\\\/evolve-fitness.eu\\\/wp-content\\\/uploads\\\/2026\\\/04\\\/ev-fl-tp-1-1.png\",\"width\":1080,\"height\":1080},{\"@type\":\"BreadcrumbList\",\"@id\":\"https:\\\/\\\/evolve-fitness.eu\\\/fr\\\/produit\\\/sol-sportif-en-polypropylene-evolve-ev-fl-pp-quantite-8-93-m%c2%b2-copy\\\/#breadcrumb\",\"itemListElement\":[{\"@type\":\"ListItem\",\"position\":1,\"name\":\"Home\",\"item\":\"https:\\\/\\\/evolve-fitness.eu\\\/fr\\\/\"},{\"@type\":\"ListItem\",\"position\":2,\"name\":\"Produits\",\"item\":\"https:\\\/\\\/evolve-fitness.eu\\\/fr\\\/shop\\\/\"},{\"@type\":\"ListItem\",\"position\":3,\"name\":\"Rev\u00eatement de sol sportif thermoplastique Evolve (FL-TP)\"}]},{\"@type\":\"WebSite\",\"@id\":\"https:\\\/\\\/evolve-fitness.eu\\\/fr\\\/#website\",\"url\":\"https:\\\/\\\/evolve-fitness.eu\\\/fr\\\/\",\"name\":\"Evolve\",\"description\":\"Your Evolved Gear Arrived\",\"publisher\":{\"@id\":\"https:\\\/\\\/evolve-fitness.eu\\\/fr\\\/#organization\"},\"potentialAction\":[{\"@type\":\"SearchAction\",\"target\":{\"@type\":\"EntryPoint\",\"urlTemplate\":\"https:\\\/\\\/evolve-fitness.eu\\\/fr\\\/?s={search_term_string}\"},\"query-input\":{\"@type\":\"PropertyValueSpecification\",\"valueRequired\":true,\"valueName\":\"search_term_string\"}}],\"inLanguage\":\"fr-FR\"},{\"@type\":\"Organization\",\"@id\":\"https:\\\/\\\/evolve-fitness.eu\\\/fr\\\/#organization\",\"name\":\"Evolve\",\"url\":\"https:\\\/\\\/evolve-fitness.eu\\\/fr\\\/\",\"logo\":{\"@type\":\"ImageObject\",\"inLanguage\":\"fr-FR\",\"@id\":\"https:\\\/\\\/evolve-fitness.eu\\\/fr\\\/#\\\/schema\\\/logo\\\/image\\\/\",\"url\":\"https:\\\/\\\/evolve-fitness.eu\\\/wp-content\\\/uploads\\\/2023\\\/05\\\/Evolve-logo.svg\",\"contentUrl\":\"https:\\\/\\\/evolve-fitness.eu\\\/wp-content\\\/uploads\\\/2023\\\/05\\\/Evolve-logo.svg\",\"width\":176,\"height\":20,\"caption\":\"Evolve\"},\"image\":{\"@id\":\"https:\\\/\\\/evolve-fitness.eu\\\/fr\\\/#\\\/schema\\\/logo\\\/image\\\/\"},\"sameAs\":[\"https:\\\/\\\/www.facebook.com\\\/EvolveFitnessEurope\"]}]}<\/script>\n<!-- \/ Yoast SEO plugin. -->","yoast_head_json":{"title":"Rev\u00eatement de sol sportif thermoplastique Evolve (FL-TP) - Evolve","robots":{"index":"index","follow":"follow","max-snippet":"max-snippet:-1","max-image-preview":"max-image-preview:large","max-video-preview":"max-video-preview:-1"},"canonical":"https:\/\/evolve-fitness.eu\/fr\/produit\/sol-sportif-en-polypropylene-evolve-ev-fl-pp-quantite-8-93-m%c2%b2-copy\/","og_locale":"fr_FR","og_type":"article","og_title":"Rev\u00eatement de sol sportif thermoplastique Evolve (FL-TP) - Evolve","og_url":"https:\/\/evolve-fitness.eu\/fr\/produit\/sol-sportif-en-polypropylene-evolve-ev-fl-pp-quantite-8-93-m%c2%b2-copy\/","og_site_name":"Evolve","article_publisher":"https:\/\/www.facebook.com\/EvolveFitnessEurope","article_modified_time":"2026-04-16T08:04:41+00:00","og_image":[{"width":1080,"height":1080,"url":"https:\/\/evolve-fitness.eu\/wp-content\/uploads\/2026\/04\/ev-fl-tp-1-1.png","type":"image\/png"}],"twitter_card":"summary_large_image","schema":{"@context":"https:\/\/schema.org","@graph":[{"@type":"WebPage","@id":"https:\/\/evolve-fitness.eu\/fr\/produit\/sol-sportif-en-polypropylene-evolve-ev-fl-pp-quantite-8-93-m%c2%b2-copy\/","url":"https:\/\/evolve-fitness.eu\/fr\/produit\/sol-sportif-en-polypropylene-evolve-ev-fl-pp-quantite-8-93-m%c2%b2-copy\/","name":"Rev\u00eatement de sol sportif thermoplastique Evolve (FL-TP) - Evolve","isPartOf":{"@id":"https:\/\/evolve-fitness.eu\/fr\/#website"},"primaryImageOfPage":{"@id":"https:\/\/evolve-fitness.eu\/fr\/produit\/sol-sportif-en-polypropylene-evolve-ev-fl-pp-quantite-8-93-m%c2%b2-copy\/#primaryimage"},"image":{"@id":"https:\/\/evolve-fitness.eu\/fr\/produit\/sol-sportif-en-polypropylene-evolve-ev-fl-pp-quantite-8-93-m%c2%b2-copy\/#primaryimage"},"thumbnailUrl":"https:\/\/evolve-fitness.eu\/wp-content\/uploads\/2026\/04\/ev-fl-tp-1-1.png","datePublished":"2026-04-16T05:42:57+00:00","dateModified":"2026-04-16T08:04:41+00:00","breadcrumb":{"@id":"https:\/\/evolve-fitness.eu\/fr\/produit\/sol-sportif-en-polypropylene-evolve-ev-fl-pp-quantite-8-93-m%c2%b2-copy\/#breadcrumb"},"inLanguage":"fr-FR","potentialAction":[{"@type":"ReadAction","target":["https:\/\/evolve-fitness.eu\/fr\/produit\/sol-sportif-en-polypropylene-evolve-ev-fl-pp-quantite-8-93-m%c2%b2-copy\/"]}]},{"@type":"ImageObject","inLanguage":"fr-FR","@id":"https:\/\/evolve-fitness.eu\/fr\/produit\/sol-sportif-en-polypropylene-evolve-ev-fl-pp-quantite-8-93-m%c2%b2-copy\/#primaryimage","url":"https:\/\/evolve-fitness.eu\/wp-content\/uploads\/2026\/04\/ev-fl-tp-1-1.png","contentUrl":"https:\/\/evolve-fitness.eu\/wp-content\/uploads\/2026\/04\/ev-fl-tp-1-1.png","width":1080,"height":1080},{"@type":"BreadcrumbList","@id":"https:\/\/evolve-fitness.eu\/fr\/produit\/sol-sportif-en-polypropylene-evolve-ev-fl-pp-quantite-8-93-m%c2%b2-copy\/#breadcrumb","itemListElement":[{"@type":"ListItem","position":1,"name":"Home","item":"https:\/\/evolve-fitness.eu\/fr\/"},{"@type":"ListItem","position":2,"name":"Produits","item":"https:\/\/evolve-fitness.eu\/fr\/shop\/"},{"@type":"ListItem","position":3,"name":"Rev\u00eatement de sol sportif thermoplastique Evolve (FL-TP)"}]},{"@type":"WebSite","@id":"https:\/\/evolve-fitness.eu\/fr\/#website","url":"https:\/\/evolve-fitness.eu\/fr\/","name":"Evolve","description":"Your Evolved Gear Arrived","publisher":{"@id":"https:\/\/evolve-fitness.eu\/fr\/#organization"},"potentialAction":[{"@type":"SearchAction","target":{"@type":"EntryPoint","urlTemplate":"https:\/\/evolve-fitness.eu\/fr\/?s={search_term_string}"},"query-input":{"@type":"PropertyValueSpecification","valueRequired":true,"valueName":"search_term_string"}}],"inLanguage":"fr-FR"},{"@type":"Organization","@id":"https:\/\/evolve-fitness.eu\/fr\/#organization","name":"Evolve","url":"https:\/\/evolve-fitness.eu\/fr\/","logo":{"@type":"ImageObject","inLanguage":"fr-FR","@id":"https:\/\/evolve-fitness.eu\/fr\/#\/schema\/logo\/image\/","url":"https:\/\/evolve-fitness.eu\/wp-content\/uploads\/2023\/05\/Evolve-logo.svg","contentUrl":"https:\/\/evolve-fitness.eu\/wp-content\/uploads\/2023\/05\/Evolve-logo.svg","width":176,"height":20,"caption":"Evolve"},"image":{"@id":"https:\/\/evolve-fitness.eu\/fr\/#\/schema\/logo\/image\/"},"sameAs":["https:\/\/www.facebook.com\/EvolveFitnessEurope"]}]}},"_links":{"self":[{"href":"https:\/\/evolve-fitness.eu\/fr\/wp-json\/wp\/v2\/product\/230284","targetHints":{"allow":["GET"]}}],"collection":[{"href":"https:\/\/evolve-fitness.eu\/fr\/wp-json\/wp\/v2\/product"}],"about":[{"href":"https:\/\/evolve-fitness.eu\/fr\/wp-json\/wp\/v2\/types\/product"}],"wp:featuredmedia":[{"embeddable":true,"href":"https:\/\/evolve-fitness.eu\/fr\/wp-json\/wp\/v2\/media\/230370"}],"wp:attachment":[{"href":"https:\/\/evolve-fitness.eu\/fr\/wp-json\/wp\/v2\/media?parent=230284"}],"wp:term":[{"taxonomy":"product_brand","embeddable":true,"href":"https:\/\/evolve-fitness.eu\/fr\/wp-json\/wp\/v2\/product_brand?post=230284"},{"taxonomy":"product_cat","embeddable":true,"href":"https:\/\/evolve-fitness.eu\/fr\/wp-json\/wp\/v2\/product_cat?post=230284"},{"taxonomy":"product_tag","embeddable":true,"href":"https:\/\/evolve-fitness.eu\/fr\/wp-json\/wp\/v2\/product_tag?post=230284"}],"curies":[{"name":"wp","href":"https:\/\/api.w.org\/{rel}","templated":true}]}}