{"id":232364,"date":"2026-02-13T13:50:01","date_gmt":"2026-02-13T11:50:01","guid":{"rendered":"https:\/\/evolve-fitness.eu\/product\/ensemble-dechelles-en-bois-evolve-avec-montants-gw-010\/"},"modified":"2026-02-13T13:50:01","modified_gmt":"2026-02-13T11:50:01","slug":"ensemble-dechelles-en-bois-evolve-avec-montants-gw-010","status":"publish","type":"product","link":"https:\/\/evolve-fitness.eu\/fr\/produit\/ensemble-dechelles-en-bois-evolve-avec-montants-gw-010\/","title":{"rendered":"Ensemble d&rsquo;\u00e9chelles en bois Evolve avec montants (GW-010)"},"content":{"rendered":"","protected":false},"excerpt":{"rendered":"<p>L&rsquo;ensemble d&rsquo;\u00e9chelles en bois Evolve avec montants est un accessoire d&rsquo;entra\u00eenement professionnel con\u00e7u pour \u00eatre mont\u00e9 sur des syst\u00e8mes d&rsquo;\u00e9tag\u00e8res murales ou autoportantes. Ce composant permet d&rsquo;effectuer en toute s\u00e9curit\u00e9 et confortablement des exercices de mobilit\u00e9, d&rsquo;\u00e9tirement et de coordination. <\/p>\n<p>L&rsquo;\u00e9quipement est con\u00e7u pour une utilisation intensive dans les salles de sport, les centres de r\u00e9\u00e9ducation ou les zones d&rsquo;entra\u00eenement fonctionnel o\u00f9 la sensation de prise en main naturelle, la stabilit\u00e9 et la durabilit\u00e9 \u00e0 long terme sont tr\u00e8s importantes.<\/p>\n<p>\n","protected":false},"featured_media":232365,"template":"","meta":{"_acf_changed":false,"inline_featured_image":false},"product_brand":[],"product_cat":[2856,2857,2951],"product_tag":[],"class_list":{"0":"post-232364","1":"product","2":"type-product","3":"status-publish","4":"has-post-thumbnail","6":"product_cat-composants-de-lappareil-de-forage","7":"product_cat-pieces-principales","8":"product_cat-studio-fr","10":"first","11":"instock","12":"shipping-taxable","13":"purchasable","14":"product-type-simple"},"acf":{"long_title":"Ensemble d'\u00e9chelles en bois Evolve avec montants (GW-010)","subtitle":"","specifications":[{"label":"SKU","text_value":"EV-AT-GW-010","icon":"x"},{"label":"Hauteur","text_value":"2700 mm","icon":"x"},{"label":"Largeur","text_value":"1100 mm","icon":"x"},{"label":"Espacement des \u00e9chelons","text_value":"175 mm","icon":"x"},{"label":"Diam\u00e8tre","text_value":"\u00d8 30 mm","icon":"x"},{"label":"La construction","text_value":"Cadre en acier et bois","icon":"x"},{"label":"Utilisation","text_value":"Commercial \/ Professionnel","icon":"x"},{"label":"Garantie","text_value":"2 ans","icon":"x"}],"product_frequently_asked_questions":null},"yoast_head":"<!-- This site is optimized with the Yoast SEO plugin v27.4 - https:\/\/yoast.com\/product\/yoast-seo-wordpress\/ -->\n<title>Ensemble d&#039;\u00e9chelles en bois Evolve avec montants (GW-010) - Evolve<\/title>\n<meta name=\"description\" content=\"La plaque de base Evolve - 110 cm est une fondation structurelle robuste con\u00e7ue pour assurer une stabilit\u00e9 et un alignement maximums lors de la connexion de deux montants.\" \/>\n<meta name=\"robots\" content=\"index, follow, max-snippet:-1, max-image-preview:large, max-video-preview:-1\" \/>\n<link rel=\"canonical\" href=\"https:\/\/evolve-fitness.eu\/fr\/produit\/ensemble-dechelles-en-bois-evolve-avec-montants-gw-010\/\" \/>\n<meta property=\"og:locale\" content=\"fr_FR\" \/>\n<meta property=\"og:type\" content=\"article\" \/>\n<meta property=\"og:title\" content=\"Ensemble d&#039;\u00e9chelles en bois Evolve avec montants (GW-010) - Evolve\" \/>\n<meta property=\"og:description\" content=\"La plaque de base Evolve - 110 cm est une fondation structurelle robuste con\u00e7ue pour assurer une stabilit\u00e9 et un alignement maximums lors de la connexion de deux montants.\" \/>\n<meta property=\"og:url\" content=\"https:\/\/evolve-fitness.eu\/fr\/produit\/ensemble-dechelles-en-bois-evolve-avec-montants-gw-010\/\" \/>\n<meta property=\"og:site_name\" content=\"Evolve\" \/>\n<meta property=\"article:publisher\" content=\"https:\/\/www.facebook.com\/EvolveFitnessEurope\" \/>\n<meta property=\"og:image\" content=\"https:\/\/evolve-fitness.eu\/wp-content\/uploads\/2026\/02\/EV-AT-GW-010.png\" \/>\n\t<meta property=\"og:image:width\" content=\"1080\" \/>\n\t<meta property=\"og:image:height\" content=\"1080\" \/>\n\t<meta property=\"og:image:type\" content=\"image\/png\" \/>\n<meta name=\"twitter:card\" content=\"summary_large_image\" \/>\n<script type=\"application\/ld+json\" class=\"yoast-schema-graph\">{\"@context\":\"https:\\\/\\\/schema.org\",\"@graph\":[{\"@type\":\"WebPage\",\"@id\":\"https:\\\/\\\/evolve-fitness.eu\\\/fr\\\/produit\\\/ensemble-dechelles-en-bois-evolve-avec-montants-gw-010\\\/\",\"url\":\"https:\\\/\\\/evolve-fitness.eu\\\/fr\\\/produit\\\/ensemble-dechelles-en-bois-evolve-avec-montants-gw-010\\\/\",\"name\":\"Ensemble d'\u00e9chelles en bois Evolve avec montants (GW-010) - Evolve\",\"isPartOf\":{\"@id\":\"https:\\\/\\\/evolve-fitness.eu\\\/fr\\\/#website\"},\"primaryImageOfPage\":{\"@id\":\"https:\\\/\\\/evolve-fitness.eu\\\/fr\\\/produit\\\/ensemble-dechelles-en-bois-evolve-avec-montants-gw-010\\\/#primaryimage\"},\"image\":{\"@id\":\"https:\\\/\\\/evolve-fitness.eu\\\/fr\\\/produit\\\/ensemble-dechelles-en-bois-evolve-avec-montants-gw-010\\\/#primaryimage\"},\"thumbnailUrl\":\"https:\\\/\\\/evolve-fitness.eu\\\/wp-content\\\/uploads\\\/2026\\\/02\\\/EV-AT-GW-010.png\",\"datePublished\":\"2026-02-13T11:50:01+00:00\",\"description\":\"La plaque de base Evolve - 110 cm est une fondation structurelle robuste con\u00e7ue pour assurer une stabilit\u00e9 et un alignement maximums lors de la connexion de deux montants.\",\"breadcrumb\":{\"@id\":\"https:\\\/\\\/evolve-fitness.eu\\\/fr\\\/produit\\\/ensemble-dechelles-en-bois-evolve-avec-montants-gw-010\\\/#breadcrumb\"},\"inLanguage\":\"fr-FR\",\"potentialAction\":[{\"@type\":\"ReadAction\",\"target\":[\"https:\\\/\\\/evolve-fitness.eu\\\/fr\\\/produit\\\/ensemble-dechelles-en-bois-evolve-avec-montants-gw-010\\\/\"]}]},{\"@type\":\"ImageObject\",\"inLanguage\":\"fr-FR\",\"@id\":\"https:\\\/\\\/evolve-fitness.eu\\\/fr\\\/produit\\\/ensemble-dechelles-en-bois-evolve-avec-montants-gw-010\\\/#primaryimage\",\"url\":\"https:\\\/\\\/evolve-fitness.eu\\\/wp-content\\\/uploads\\\/2026\\\/02\\\/EV-AT-GW-010.png\",\"contentUrl\":\"https:\\\/\\\/evolve-fitness.eu\\\/wp-content\\\/uploads\\\/2026\\\/02\\\/EV-AT-GW-010.png\",\"width\":1080,\"height\":1080},{\"@type\":\"BreadcrumbList\",\"@id\":\"https:\\\/\\\/evolve-fitness.eu\\\/fr\\\/produit\\\/ensemble-dechelles-en-bois-evolve-avec-montants-gw-010\\\/#breadcrumb\",\"itemListElement\":[{\"@type\":\"ListItem\",\"position\":1,\"name\":\"Home\",\"item\":\"https:\\\/\\\/evolve-fitness.eu\\\/fr\\\/\"},{\"@type\":\"ListItem\",\"position\":2,\"name\":\"Produits\",\"item\":\"https:\\\/\\\/evolve-fitness.eu\\\/fr\\\/shop\\\/\"},{\"@type\":\"ListItem\",\"position\":3,\"name\":\"Ensemble d&#8217;\u00e9chelles en bois Evolve avec montants (GW-010)\"}]},{\"@type\":\"WebSite\",\"@id\":\"https:\\\/\\\/evolve-fitness.eu\\\/fr\\\/#website\",\"url\":\"https:\\\/\\\/evolve-fitness.eu\\\/fr\\\/\",\"name\":\"Evolve\",\"description\":\"Your Evolved Gear Arrived\",\"publisher\":{\"@id\":\"https:\\\/\\\/evolve-fitness.eu\\\/fr\\\/#organization\"},\"potentialAction\":[{\"@type\":\"SearchAction\",\"target\":{\"@type\":\"EntryPoint\",\"urlTemplate\":\"https:\\\/\\\/evolve-fitness.eu\\\/fr\\\/?s={search_term_string}\"},\"query-input\":{\"@type\":\"PropertyValueSpecification\",\"valueRequired\":true,\"valueName\":\"search_term_string\"}}],\"inLanguage\":\"fr-FR\"},{\"@type\":\"Organization\",\"@id\":\"https:\\\/\\\/evolve-fitness.eu\\\/fr\\\/#organization\",\"name\":\"Evolve\",\"url\":\"https:\\\/\\\/evolve-fitness.eu\\\/fr\\\/\",\"logo\":{\"@type\":\"ImageObject\",\"inLanguage\":\"fr-FR\",\"@id\":\"https:\\\/\\\/evolve-fitness.eu\\\/fr\\\/#\\\/schema\\\/logo\\\/image\\\/\",\"url\":\"https:\\\/\\\/evolve-fitness.eu\\\/wp-content\\\/uploads\\\/2023\\\/05\\\/Evolve-logo.svg\",\"contentUrl\":\"https:\\\/\\\/evolve-fitness.eu\\\/wp-content\\\/uploads\\\/2023\\\/05\\\/Evolve-logo.svg\",\"width\":176,\"height\":20,\"caption\":\"Evolve\"},\"image\":{\"@id\":\"https:\\\/\\\/evolve-fitness.eu\\\/fr\\\/#\\\/schema\\\/logo\\\/image\\\/\"},\"sameAs\":[\"https:\\\/\\\/www.facebook.com\\\/EvolveFitnessEurope\"]}]}<\/script>\n<!-- \/ Yoast SEO plugin. -->","yoast_head_json":{"title":"Ensemble d'\u00e9chelles en bois Evolve avec montants (GW-010) - Evolve","description":"La plaque de base Evolve - 110 cm est une fondation structurelle robuste con\u00e7ue pour assurer une stabilit\u00e9 et un alignement maximums lors de la connexion de deux montants.","robots":{"index":"index","follow":"follow","max-snippet":"max-snippet:-1","max-image-preview":"max-image-preview:large","max-video-preview":"max-video-preview:-1"},"canonical":"https:\/\/evolve-fitness.eu\/fr\/produit\/ensemble-dechelles-en-bois-evolve-avec-montants-gw-010\/","og_locale":"fr_FR","og_type":"article","og_title":"Ensemble d'\u00e9chelles en bois Evolve avec montants (GW-010) - Evolve","og_description":"La plaque de base Evolve - 110 cm est une fondation structurelle robuste con\u00e7ue pour assurer une stabilit\u00e9 et un alignement maximums lors de la connexion de deux montants.","og_url":"https:\/\/evolve-fitness.eu\/fr\/produit\/ensemble-dechelles-en-bois-evolve-avec-montants-gw-010\/","og_site_name":"Evolve","article_publisher":"https:\/\/www.facebook.com\/EvolveFitnessEurope","og_image":[{"width":1080,"height":1080,"url":"https:\/\/evolve-fitness.eu\/wp-content\/uploads\/2026\/02\/EV-AT-GW-010.png","type":"image\/png"}],"twitter_card":"summary_large_image","schema":{"@context":"https:\/\/schema.org","@graph":[{"@type":"WebPage","@id":"https:\/\/evolve-fitness.eu\/fr\/produit\/ensemble-dechelles-en-bois-evolve-avec-montants-gw-010\/","url":"https:\/\/evolve-fitness.eu\/fr\/produit\/ensemble-dechelles-en-bois-evolve-avec-montants-gw-010\/","name":"Ensemble d'\u00e9chelles en bois Evolve avec montants (GW-010) - Evolve","isPartOf":{"@id":"https:\/\/evolve-fitness.eu\/fr\/#website"},"primaryImageOfPage":{"@id":"https:\/\/evolve-fitness.eu\/fr\/produit\/ensemble-dechelles-en-bois-evolve-avec-montants-gw-010\/#primaryimage"},"image":{"@id":"https:\/\/evolve-fitness.eu\/fr\/produit\/ensemble-dechelles-en-bois-evolve-avec-montants-gw-010\/#primaryimage"},"thumbnailUrl":"https:\/\/evolve-fitness.eu\/wp-content\/uploads\/2026\/02\/EV-AT-GW-010.png","datePublished":"2026-02-13T11:50:01+00:00","description":"La plaque de base Evolve - 110 cm est une fondation structurelle robuste con\u00e7ue pour assurer une stabilit\u00e9 et un alignement maximums lors de la connexion de deux montants.","breadcrumb":{"@id":"https:\/\/evolve-fitness.eu\/fr\/produit\/ensemble-dechelles-en-bois-evolve-avec-montants-gw-010\/#breadcrumb"},"inLanguage":"fr-FR","potentialAction":[{"@type":"ReadAction","target":["https:\/\/evolve-fitness.eu\/fr\/produit\/ensemble-dechelles-en-bois-evolve-avec-montants-gw-010\/"]}]},{"@type":"ImageObject","inLanguage":"fr-FR","@id":"https:\/\/evolve-fitness.eu\/fr\/produit\/ensemble-dechelles-en-bois-evolve-avec-montants-gw-010\/#primaryimage","url":"https:\/\/evolve-fitness.eu\/wp-content\/uploads\/2026\/02\/EV-AT-GW-010.png","contentUrl":"https:\/\/evolve-fitness.eu\/wp-content\/uploads\/2026\/02\/EV-AT-GW-010.png","width":1080,"height":1080},{"@type":"BreadcrumbList","@id":"https:\/\/evolve-fitness.eu\/fr\/produit\/ensemble-dechelles-en-bois-evolve-avec-montants-gw-010\/#breadcrumb","itemListElement":[{"@type":"ListItem","position":1,"name":"Home","item":"https:\/\/evolve-fitness.eu\/fr\/"},{"@type":"ListItem","position":2,"name":"Produits","item":"https:\/\/evolve-fitness.eu\/fr\/shop\/"},{"@type":"ListItem","position":3,"name":"Ensemble d&#8217;\u00e9chelles en bois Evolve avec montants (GW-010)"}]},{"@type":"WebSite","@id":"https:\/\/evolve-fitness.eu\/fr\/#website","url":"https:\/\/evolve-fitness.eu\/fr\/","name":"Evolve","description":"Your Evolved Gear Arrived","publisher":{"@id":"https:\/\/evolve-fitness.eu\/fr\/#organization"},"potentialAction":[{"@type":"SearchAction","target":{"@type":"EntryPoint","urlTemplate":"https:\/\/evolve-fitness.eu\/fr\/?s={search_term_string}"},"query-input":{"@type":"PropertyValueSpecification","valueRequired":true,"valueName":"search_term_string"}}],"inLanguage":"fr-FR"},{"@type":"Organization","@id":"https:\/\/evolve-fitness.eu\/fr\/#organization","name":"Evolve","url":"https:\/\/evolve-fitness.eu\/fr\/","logo":{"@type":"ImageObject","inLanguage":"fr-FR","@id":"https:\/\/evolve-fitness.eu\/fr\/#\/schema\/logo\/image\/","url":"https:\/\/evolve-fitness.eu\/wp-content\/uploads\/2023\/05\/Evolve-logo.svg","contentUrl":"https:\/\/evolve-fitness.eu\/wp-content\/uploads\/2023\/05\/Evolve-logo.svg","width":176,"height":20,"caption":"Evolve"},"image":{"@id":"https:\/\/evolve-fitness.eu\/fr\/#\/schema\/logo\/image\/"},"sameAs":["https:\/\/www.facebook.com\/EvolveFitnessEurope"]}]}},"_links":{"self":[{"href":"https:\/\/evolve-fitness.eu\/fr\/wp-json\/wp\/v2\/product\/232364","targetHints":{"allow":["GET"]}}],"collection":[{"href":"https:\/\/evolve-fitness.eu\/fr\/wp-json\/wp\/v2\/product"}],"about":[{"href":"https:\/\/evolve-fitness.eu\/fr\/wp-json\/wp\/v2\/types\/product"}],"wp:featuredmedia":[{"embeddable":true,"href":"https:\/\/evolve-fitness.eu\/fr\/wp-json\/wp\/v2\/media\/232365"}],"wp:attachment":[{"href":"https:\/\/evolve-fitness.eu\/fr\/wp-json\/wp\/v2\/media?parent=232364"}],"wp:term":[{"taxonomy":"product_brand","embeddable":true,"href":"https:\/\/evolve-fitness.eu\/fr\/wp-json\/wp\/v2\/product_brand?post=232364"},{"taxonomy":"product_cat","embeddable":true,"href":"https:\/\/evolve-fitness.eu\/fr\/wp-json\/wp\/v2\/product_cat?post=232364"},{"taxonomy":"product_tag","embeddable":true,"href":"https:\/\/evolve-fitness.eu\/fr\/wp-json\/wp\/v2\/product_tag?post=232364"}],"curies":[{"name":"wp","href":"https:\/\/api.w.org\/{rel}","templated":true}]}}