{"id":235278,"date":"2025-10-14T16:25:13","date_gmt":"2025-10-14T13:25:13","guid":{"rendered":"https:\/\/evolve-fitness.eu\/product\/evolve-econ-series-half-rack-smith-machine-chargee-de-plaques-ec-230\/"},"modified":"2025-10-14T16:25:13","modified_gmt":"2025-10-14T13:25:13","slug":"evolve-econ-series-half-rack-smith-machine-chargee-de-plaques-ec-230","status":"publish","type":"product","link":"https:\/\/evolve-fitness.eu\/fr\/produit\/evolve-econ-series-half-rack-smith-machine-chargee-de-plaques-ec-230\/","title":{"rendered":"Evolve Econ Series Half Rack &amp; Smith Machine charg\u00e9e de plaques (EC-230)"},"content":{"rendered":"","protected":false},"excerpt":{"rendered":"<p>L&rsquo;Evolve Econ Series Plate Loaded Half Rack and Smith Machine (EC-230) est une station de musculation multifonctionnelle con\u00e7ue pour une polyvalence totale de l&rsquo;entra\u00eenement. Il combine la stabilit\u00e9 d&rsquo;un appareil Smith et la libert\u00e9 d&rsquo;un demi-rack, ce qui permet de r\u00e9aliser des exercices avec halt\u00e8res en toute s\u00e9curit\u00e9 et de mani\u00e8re contr\u00f4l\u00e9e. Dot\u00e9e d&rsquo;un cadre durable et d&rsquo;une r\u00e9sistance \u00e0 plaques lisse, elle est id\u00e9ale pour les salles de sport commerciales et professionnelles.  <\/p>\n","protected":false},"featured_media":235299,"template":"","meta":{"_acf_changed":false,"inline_featured_image":false},"product_brand":[],"product_cat":[5427,5194],"product_tag":[13217,13161,1866,13216],"class_list":{"0":"post-235278","1":"product","2":"type-product","3":"status-publish","4":"has-post-thumbnail","6":"product_cat-econ-series-plate-loaded-machines","7":"product_cat-machines-a-plateau","8":"product_tag-attachement-de-la-rangee-assise","9":"product_tag-hack-squat","10":"product_tag-la-force","11":"product_tag-machine-de-smith","13":"first","14":"instock","15":"shipping-taxable","16":"purchasable","17":"product-type-simple"},"acf":{"long_title":"Evolve Econ Series Half Rack & Smith Machine charg\u00e9e de plaques (EC-230)","subtitle":"","specifications":[{"label":"SKU","text_value":"EV-PL-EC-230","icon":"x"},{"label":"Dimensions","text_value":"1404 x 1850 x 2343 mm","icon":"x"},{"label":"Poids","text_value":"77,5 kg","icon":"x"},{"label":"Max. charge","text_value":"250 kg","icon":"x"},{"label":"Garantie","text_value":"2 ans","icon":"x"}],"product_frequently_asked_questions":null},"yoast_head":"<!-- This site is optimized with the Yoast SEO plugin v27.4 - https:\/\/yoast.com\/product\/yoast-seo-wordpress\/ -->\n<title>Evolve Econ Series Half Rack &amp; Smith Machine charg\u00e9e de plaques (EC-230) - Evolve<\/title>\n<meta name=\"description\" content=\"L&#039;appareil de musculation Evolve Econ Series Half Rack &amp; Smith Machine avec chargeur de plaques et accessoire Lat Pulldown\/Seated Row est un appareil multifonctionnel d&#039;entra\u00eenement de la force.\" \/>\n<meta name=\"robots\" content=\"index, follow, max-snippet:-1, max-image-preview:large, max-video-preview:-1\" \/>\n<link rel=\"canonical\" href=\"https:\/\/evolve-fitness.eu\/fr\/produit\/evolve-econ-series-half-rack-smith-machine-chargee-de-plaques-ec-230\/\" \/>\n<meta property=\"og:locale\" content=\"fr_FR\" \/>\n<meta property=\"og:type\" content=\"article\" \/>\n<meta property=\"og:title\" content=\"Evolve Econ Series Half Rack &amp; Smith Machine charg\u00e9e de plaques (EC-230) - Evolve\" \/>\n<meta property=\"og:description\" content=\"L&#039;appareil de musculation Evolve Econ Series Half Rack &amp; Smith Machine avec chargeur de plaques et accessoire Lat Pulldown\/Seated Row est un appareil multifonctionnel d&#039;entra\u00eenement de la force.\" \/>\n<meta property=\"og:url\" content=\"https:\/\/evolve-fitness.eu\/fr\/produit\/evolve-econ-series-half-rack-smith-machine-chargee-de-plaques-ec-230\/\" \/>\n<meta property=\"og:site_name\" content=\"Evolve\" \/>\n<meta property=\"article:publisher\" content=\"https:\/\/www.facebook.com\/EvolveFitnessEurope\" \/>\n<meta property=\"og:image\" content=\"https:\/\/evolve-fitness.eu\/wp-content\/uploads\/2025\/10\/EC-230.png\" \/>\n\t<meta property=\"og:image:width\" content=\"450\" \/>\n\t<meta property=\"og:image:height\" content=\"338\" \/>\n\t<meta property=\"og:image:type\" content=\"image\/png\" \/>\n<meta name=\"twitter:card\" content=\"summary_large_image\" \/>\n<script type=\"application\/ld+json\" class=\"yoast-schema-graph\">{\"@context\":\"https:\\\/\\\/schema.org\",\"@graph\":[{\"@type\":\"WebPage\",\"@id\":\"https:\\\/\\\/evolve-fitness.eu\\\/fr\\\/produit\\\/evolve-econ-series-half-rack-smith-machine-chargee-de-plaques-ec-230\\\/\",\"url\":\"https:\\\/\\\/evolve-fitness.eu\\\/fr\\\/produit\\\/evolve-econ-series-half-rack-smith-machine-chargee-de-plaques-ec-230\\\/\",\"name\":\"Evolve Econ Series Half Rack &amp; Smith Machine charg\u00e9e de plaques (EC-230) - Evolve\",\"isPartOf\":{\"@id\":\"https:\\\/\\\/evolve-fitness.eu\\\/fr\\\/#website\"},\"primaryImageOfPage\":{\"@id\":\"https:\\\/\\\/evolve-fitness.eu\\\/fr\\\/produit\\\/evolve-econ-series-half-rack-smith-machine-chargee-de-plaques-ec-230\\\/#primaryimage\"},\"image\":{\"@id\":\"https:\\\/\\\/evolve-fitness.eu\\\/fr\\\/produit\\\/evolve-econ-series-half-rack-smith-machine-chargee-de-plaques-ec-230\\\/#primaryimage\"},\"thumbnailUrl\":\"https:\\\/\\\/evolve-fitness.eu\\\/wp-content\\\/uploads\\\/2025\\\/10\\\/EC-230.png\",\"datePublished\":\"2025-10-14T13:25:13+00:00\",\"description\":\"L'appareil de musculation Evolve Econ Series Half Rack & Smith Machine avec chargeur de plaques et accessoire Lat Pulldown\\\/Seated Row est un appareil multifonctionnel d'entra\u00eenement de la force.\",\"breadcrumb\":{\"@id\":\"https:\\\/\\\/evolve-fitness.eu\\\/fr\\\/produit\\\/evolve-econ-series-half-rack-smith-machine-chargee-de-plaques-ec-230\\\/#breadcrumb\"},\"inLanguage\":\"fr-FR\",\"potentialAction\":[{\"@type\":\"ReadAction\",\"target\":[\"https:\\\/\\\/evolve-fitness.eu\\\/fr\\\/produit\\\/evolve-econ-series-half-rack-smith-machine-chargee-de-plaques-ec-230\\\/\"]}]},{\"@type\":\"ImageObject\",\"inLanguage\":\"fr-FR\",\"@id\":\"https:\\\/\\\/evolve-fitness.eu\\\/fr\\\/produit\\\/evolve-econ-series-half-rack-smith-machine-chargee-de-plaques-ec-230\\\/#primaryimage\",\"url\":\"https:\\\/\\\/evolve-fitness.eu\\\/wp-content\\\/uploads\\\/2025\\\/10\\\/EC-230.png\",\"contentUrl\":\"https:\\\/\\\/evolve-fitness.eu\\\/wp-content\\\/uploads\\\/2025\\\/10\\\/EC-230.png\",\"width\":450,\"height\":338},{\"@type\":\"BreadcrumbList\",\"@id\":\"https:\\\/\\\/evolve-fitness.eu\\\/fr\\\/produit\\\/evolve-econ-series-half-rack-smith-machine-chargee-de-plaques-ec-230\\\/#breadcrumb\",\"itemListElement\":[{\"@type\":\"ListItem\",\"position\":1,\"name\":\"Home\",\"item\":\"https:\\\/\\\/evolve-fitness.eu\\\/fr\\\/\"},{\"@type\":\"ListItem\",\"position\":2,\"name\":\"Produits\",\"item\":\"https:\\\/\\\/evolve-fitness.eu\\\/fr\\\/shop\\\/\"},{\"@type\":\"ListItem\",\"position\":3,\"name\":\"Evolve Econ Series Half Rack &amp; Smith Machine charg\u00e9e de plaques (EC-230)\"}]},{\"@type\":\"WebSite\",\"@id\":\"https:\\\/\\\/evolve-fitness.eu\\\/fr\\\/#website\",\"url\":\"https:\\\/\\\/evolve-fitness.eu\\\/fr\\\/\",\"name\":\"Evolve\",\"description\":\"Your Evolved Gear Arrived\",\"publisher\":{\"@id\":\"https:\\\/\\\/evolve-fitness.eu\\\/fr\\\/#organization\"},\"potentialAction\":[{\"@type\":\"SearchAction\",\"target\":{\"@type\":\"EntryPoint\",\"urlTemplate\":\"https:\\\/\\\/evolve-fitness.eu\\\/fr\\\/?s={search_term_string}\"},\"query-input\":{\"@type\":\"PropertyValueSpecification\",\"valueRequired\":true,\"valueName\":\"search_term_string\"}}],\"inLanguage\":\"fr-FR\"},{\"@type\":\"Organization\",\"@id\":\"https:\\\/\\\/evolve-fitness.eu\\\/fr\\\/#organization\",\"name\":\"Evolve\",\"url\":\"https:\\\/\\\/evolve-fitness.eu\\\/fr\\\/\",\"logo\":{\"@type\":\"ImageObject\",\"inLanguage\":\"fr-FR\",\"@id\":\"https:\\\/\\\/evolve-fitness.eu\\\/fr\\\/#\\\/schema\\\/logo\\\/image\\\/\",\"url\":\"https:\\\/\\\/evolve-fitness.eu\\\/wp-content\\\/uploads\\\/2023\\\/05\\\/Evolve-logo.svg\",\"contentUrl\":\"https:\\\/\\\/evolve-fitness.eu\\\/wp-content\\\/uploads\\\/2023\\\/05\\\/Evolve-logo.svg\",\"width\":176,\"height\":20,\"caption\":\"Evolve\"},\"image\":{\"@id\":\"https:\\\/\\\/evolve-fitness.eu\\\/fr\\\/#\\\/schema\\\/logo\\\/image\\\/\"},\"sameAs\":[\"https:\\\/\\\/www.facebook.com\\\/EvolveFitnessEurope\"]}]}<\/script>\n<!-- \/ Yoast SEO plugin. -->","yoast_head_json":{"title":"Evolve Econ Series Half Rack &amp; Smith Machine charg\u00e9e de plaques (EC-230) - Evolve","description":"L'appareil de musculation Evolve Econ Series Half Rack & Smith Machine avec chargeur de plaques et accessoire Lat Pulldown\/Seated Row est un appareil multifonctionnel d'entra\u00eenement de la force.","robots":{"index":"index","follow":"follow","max-snippet":"max-snippet:-1","max-image-preview":"max-image-preview:large","max-video-preview":"max-video-preview:-1"},"canonical":"https:\/\/evolve-fitness.eu\/fr\/produit\/evolve-econ-series-half-rack-smith-machine-chargee-de-plaques-ec-230\/","og_locale":"fr_FR","og_type":"article","og_title":"Evolve Econ Series Half Rack &amp; Smith Machine charg\u00e9e de plaques (EC-230) - Evolve","og_description":"L'appareil de musculation Evolve Econ Series Half Rack & Smith Machine avec chargeur de plaques et accessoire Lat Pulldown\/Seated Row est un appareil multifonctionnel d'entra\u00eenement de la force.","og_url":"https:\/\/evolve-fitness.eu\/fr\/produit\/evolve-econ-series-half-rack-smith-machine-chargee-de-plaques-ec-230\/","og_site_name":"Evolve","article_publisher":"https:\/\/www.facebook.com\/EvolveFitnessEurope","og_image":[{"width":450,"height":338,"url":"https:\/\/evolve-fitness.eu\/wp-content\/uploads\/2025\/10\/EC-230.png","type":"image\/png"}],"twitter_card":"summary_large_image","schema":{"@context":"https:\/\/schema.org","@graph":[{"@type":"WebPage","@id":"https:\/\/evolve-fitness.eu\/fr\/produit\/evolve-econ-series-half-rack-smith-machine-chargee-de-plaques-ec-230\/","url":"https:\/\/evolve-fitness.eu\/fr\/produit\/evolve-econ-series-half-rack-smith-machine-chargee-de-plaques-ec-230\/","name":"Evolve Econ Series Half Rack &amp; Smith Machine charg\u00e9e de plaques (EC-230) - Evolve","isPartOf":{"@id":"https:\/\/evolve-fitness.eu\/fr\/#website"},"primaryImageOfPage":{"@id":"https:\/\/evolve-fitness.eu\/fr\/produit\/evolve-econ-series-half-rack-smith-machine-chargee-de-plaques-ec-230\/#primaryimage"},"image":{"@id":"https:\/\/evolve-fitness.eu\/fr\/produit\/evolve-econ-series-half-rack-smith-machine-chargee-de-plaques-ec-230\/#primaryimage"},"thumbnailUrl":"https:\/\/evolve-fitness.eu\/wp-content\/uploads\/2025\/10\/EC-230.png","datePublished":"2025-10-14T13:25:13+00:00","description":"L'appareil de musculation Evolve Econ Series Half Rack & Smith Machine avec chargeur de plaques et accessoire Lat Pulldown\/Seated Row est un appareil multifonctionnel d'entra\u00eenement de la force.","breadcrumb":{"@id":"https:\/\/evolve-fitness.eu\/fr\/produit\/evolve-econ-series-half-rack-smith-machine-chargee-de-plaques-ec-230\/#breadcrumb"},"inLanguage":"fr-FR","potentialAction":[{"@type":"ReadAction","target":["https:\/\/evolve-fitness.eu\/fr\/produit\/evolve-econ-series-half-rack-smith-machine-chargee-de-plaques-ec-230\/"]}]},{"@type":"ImageObject","inLanguage":"fr-FR","@id":"https:\/\/evolve-fitness.eu\/fr\/produit\/evolve-econ-series-half-rack-smith-machine-chargee-de-plaques-ec-230\/#primaryimage","url":"https:\/\/evolve-fitness.eu\/wp-content\/uploads\/2025\/10\/EC-230.png","contentUrl":"https:\/\/evolve-fitness.eu\/wp-content\/uploads\/2025\/10\/EC-230.png","width":450,"height":338},{"@type":"BreadcrumbList","@id":"https:\/\/evolve-fitness.eu\/fr\/produit\/evolve-econ-series-half-rack-smith-machine-chargee-de-plaques-ec-230\/#breadcrumb","itemListElement":[{"@type":"ListItem","position":1,"name":"Home","item":"https:\/\/evolve-fitness.eu\/fr\/"},{"@type":"ListItem","position":2,"name":"Produits","item":"https:\/\/evolve-fitness.eu\/fr\/shop\/"},{"@type":"ListItem","position":3,"name":"Evolve Econ Series Half Rack &amp; Smith Machine charg\u00e9e de plaques (EC-230)"}]},{"@type":"WebSite","@id":"https:\/\/evolve-fitness.eu\/fr\/#website","url":"https:\/\/evolve-fitness.eu\/fr\/","name":"Evolve","description":"Your Evolved Gear Arrived","publisher":{"@id":"https:\/\/evolve-fitness.eu\/fr\/#organization"},"potentialAction":[{"@type":"SearchAction","target":{"@type":"EntryPoint","urlTemplate":"https:\/\/evolve-fitness.eu\/fr\/?s={search_term_string}"},"query-input":{"@type":"PropertyValueSpecification","valueRequired":true,"valueName":"search_term_string"}}],"inLanguage":"fr-FR"},{"@type":"Organization","@id":"https:\/\/evolve-fitness.eu\/fr\/#organization","name":"Evolve","url":"https:\/\/evolve-fitness.eu\/fr\/","logo":{"@type":"ImageObject","inLanguage":"fr-FR","@id":"https:\/\/evolve-fitness.eu\/fr\/#\/schema\/logo\/image\/","url":"https:\/\/evolve-fitness.eu\/wp-content\/uploads\/2023\/05\/Evolve-logo.svg","contentUrl":"https:\/\/evolve-fitness.eu\/wp-content\/uploads\/2023\/05\/Evolve-logo.svg","width":176,"height":20,"caption":"Evolve"},"image":{"@id":"https:\/\/evolve-fitness.eu\/fr\/#\/schema\/logo\/image\/"},"sameAs":["https:\/\/www.facebook.com\/EvolveFitnessEurope"]}]}},"_links":{"self":[{"href":"https:\/\/evolve-fitness.eu\/fr\/wp-json\/wp\/v2\/product\/235278","targetHints":{"allow":["GET"]}}],"collection":[{"href":"https:\/\/evolve-fitness.eu\/fr\/wp-json\/wp\/v2\/product"}],"about":[{"href":"https:\/\/evolve-fitness.eu\/fr\/wp-json\/wp\/v2\/types\/product"}],"wp:featuredmedia":[{"embeddable":true,"href":"https:\/\/evolve-fitness.eu\/fr\/wp-json\/wp\/v2\/media\/235299"}],"wp:attachment":[{"href":"https:\/\/evolve-fitness.eu\/fr\/wp-json\/wp\/v2\/media?parent=235278"}],"wp:term":[{"taxonomy":"product_brand","embeddable":true,"href":"https:\/\/evolve-fitness.eu\/fr\/wp-json\/wp\/v2\/product_brand?post=235278"},{"taxonomy":"product_cat","embeddable":true,"href":"https:\/\/evolve-fitness.eu\/fr\/wp-json\/wp\/v2\/product_cat?post=235278"},{"taxonomy":"product_tag","embeddable":true,"href":"https:\/\/evolve-fitness.eu\/fr\/wp-json\/wp\/v2\/product_tag?post=235278"}],"curies":[{"name":"wp","href":"https:\/\/api.w.org\/{rel}","templated":true}]}}