{"id":236041,"date":"2026-02-23T13:51:27","date_gmt":"2026-02-23T11:51:27","guid":{"rendered":"https:\/\/evolve-fitness.eu\/product\/evolve-powerlifting-rack-de-plaques-dacier-pp-010\/"},"modified":"2026-04-23T09:04:25","modified_gmt":"2026-04-23T06:04:25","slug":"evolve-powerlifting-rack-de-plaques-dacier-pp-010","status":"publish","type":"product","link":"https:\/\/evolve-fitness.eu\/fr\/produit\/evolve-powerlifting-rack-de-plaques-dacier-pp-010\/","title":{"rendered":"Evolve Powerlifting Rack de plaques d&rsquo;acier (PP-010)"},"content":{"rendered":"\n<section class=\"wp-block-group alignfull black-content has-white-color has-darkgray-background-color has-text-color has-background is-layout-constrained wp-block-group-is-layout-constrained\" style=\"padding-top:var(--wp--preset--spacing--section-bottom);padding-bottom:var(--wp--preset--spacing--section-bottom)\">\n<div class=\"wp-block-columns alignwide mobile-reverse is-layout-flex wp-container-core-columns-is-layout-ca64bf2d wp-block-columns-is-layout-flex\" style=\"margin-bottom:var(--wp--preset--spacing--side-padding)\">\n<div class=\"wp-block-column is-vertically-aligned-center is-layout-flow wp-block-column-is-layout-flow\">\n<h3 class=\"wp-block-heading\" style=\"margin-bottom:var(--wp--preset--spacing--h-3-bottom)\"><strong><strong><strong><strong><strong><strong><strong><strong><strong>STOCKAGE COMPACT ET EFFICACE DES PLAQUES<\/strong><\/strong><\/strong><\/strong><\/strong><\/strong><\/strong><\/strong><\/strong><\/h3>\n\n\n\n<p>Le Evolve Powerlifting Steel Plates Rack est con\u00e7u pour fournir une solution de stockage propre et organis\u00e9e pour les plaques de powerlifting en acier. Son empreinte compacte maximise l&rsquo;espace au sol tout en gardant les plaques facilement accessibles pendant les s\u00e9ances d&rsquo;entra\u00eenement intenses. Id\u00e9al pour les zones de musculation, les zones de powerlifting et les salles de sport professionnelles.  <\/p>\n<\/div>\n\n\n\n<div class=\"wp-block-column is-vertically-aligned-center is-layout-flow wp-block-column-is-layout-flow\">\n<figure class=\"wp-block-image size-full is-resized\"><img loading=\"lazy\" decoding=\"async\" width=\"810\" height=\"810\" src=\"https:\/\/evolve-fitness.eu\/wp-content\/uploads\/2026\/02\/2.png\" alt=\"\" class=\"wp-image-223277\" style=\"width:660px;height:auto\" srcset=\"https:\/\/evolve-fitness.eu\/wp-content\/uploads\/2026\/02\/2.png 810w, https:\/\/evolve-fitness.eu\/wp-content\/uploads\/2026\/02\/2-300x300.png 300w, https:\/\/evolve-fitness.eu\/wp-content\/uploads\/2026\/02\/2-150x150.png 150w, https:\/\/evolve-fitness.eu\/wp-content\/uploads\/2026\/02\/2-768x768.png 768w, https:\/\/evolve-fitness.eu\/wp-content\/uploads\/2026\/02\/2-600x600.png 600w\" sizes=\"auto, (max-width: 810px) 100vw, 810px\" \/><\/figure>\n<\/div>\n<\/div>\n\n\n\n<div class=\"wp-block-columns alignwide is-layout-flex wp-container-core-columns-is-layout-c45ee707 wp-block-columns-is-layout-flex\" style=\"margin-bottom:var(--wp--preset--spacing--side-padding);padding-top:var(--wp--preset--spacing--side-padding)\">\n<div class=\"wp-block-column is-vertically-aligned-center is-layout-flow wp-block-column-is-layout-flow\">\n<figure class=\"wp-block-image size-full\"><img loading=\"lazy\" decoding=\"async\" width=\"810\" height=\"810\" src=\"https:\/\/evolve-fitness.eu\/wp-content\/uploads\/2026\/02\/1.png\" alt=\"\" class=\"wp-image-223278\" srcset=\"https:\/\/evolve-fitness.eu\/wp-content\/uploads\/2026\/02\/1.png 810w, https:\/\/evolve-fitness.eu\/wp-content\/uploads\/2026\/02\/1-300x300.png 300w, https:\/\/evolve-fitness.eu\/wp-content\/uploads\/2026\/02\/1-150x150.png 150w, https:\/\/evolve-fitness.eu\/wp-content\/uploads\/2026\/02\/1-768x768.png 768w, https:\/\/evolve-fitness.eu\/wp-content\/uploads\/2026\/02\/1-600x600.png 600w\" sizes=\"auto, (max-width: 810px) 100vw, 810px\" \/><\/figure>\n<\/div>\n\n\n\n<div class=\"wp-block-column is-vertically-aligned-center is-layout-constrained wp-block-column-is-layout-constrained\">\n<h3 class=\"wp-block-heading\" style=\"margin-bottom:var(--wp--preset--spacing--h-3-bottom)\"><strong><strong><strong><strong><strong><strong><strong><strong><strong>CONSTRUCTION EN ACIER ROBUSTE<\/strong><\/strong><\/strong><\/strong><\/strong><\/strong><\/strong><\/strong><\/strong><\/h3>\n\n\n\n<p>Fabriqu\u00e9 en acier de haute qualit\u00e9 et recouvert d&rsquo;un rev\u00eatement en poudre durable, le rack est con\u00e7u pour r\u00e9sister \u00e0 de lourdes charges et \u00e0 une utilisation quotidienne constante. Le cadre renforc\u00e9 assure une stabilit\u00e9 maximale, tandis que la finition de qualit\u00e9 sup\u00e9rieure prot\u00e8ge contre les rayures, la corrosion et l&rsquo;usure. <\/p>\n<\/div>\n<\/div>\n\n\n\n<div class=\"wp-block-columns alignwide mobile-reverse is-layout-flex wp-container-core-columns-is-layout-ca64bf2d wp-block-columns-is-layout-flex\" style=\"margin-bottom:var(--wp--preset--spacing--side-padding)\">\n<div class=\"wp-block-column is-vertically-aligned-center is-layout-flow wp-block-column-is-layout-flow\">\n<h3 class=\"wp-block-heading\" style=\"margin-bottom:var(--wp--preset--spacing--h-3-bottom)\"><strong><strong><strong><strong><strong><strong><strong><strong><strong>CONCEPTION ORGANIS\u00c9E ET S\u00c9CURIS\u00c9E<\/strong><\/strong><\/strong><\/strong><\/strong><\/strong><\/strong><\/strong><\/strong><\/h3>\n\n\n\n<p>Des fentes individuelles pour les plaques permettent de s\u00e9parer les poids de mani\u00e8re ordonn\u00e9e, ce qui \u00e9vite les dommages et permet une s\u00e9lection rapide des plaques. La structure angulaire permet un chargement et un d\u00e9chargement en douceur, ce qui contribue \u00e0 maintenir un flux d&rsquo;entra\u00eenement efficace dans les salles de sport tr\u00e8s fr\u00e9quent\u00e9es. <\/p>\n<\/div>\n\n\n\n<div class=\"wp-block-column is-vertically-aligned-center is-layout-flow wp-block-column-is-layout-flow\">\n<figure class=\"wp-block-image size-full is-resized\"><img loading=\"lazy\" decoding=\"async\" width=\"810\" height=\"810\" src=\"https:\/\/evolve-fitness.eu\/wp-content\/uploads\/2026\/02\/4.png\" alt=\"\" class=\"wp-image-223279\" style=\"width:660px;height:auto\" srcset=\"https:\/\/evolve-fitness.eu\/wp-content\/uploads\/2026\/02\/4.png 810w, https:\/\/evolve-fitness.eu\/wp-content\/uploads\/2026\/02\/4-300x300.png 300w, https:\/\/evolve-fitness.eu\/wp-content\/uploads\/2026\/02\/4-150x150.png 150w, https:\/\/evolve-fitness.eu\/wp-content\/uploads\/2026\/02\/4-768x768.png 768w, https:\/\/evolve-fitness.eu\/wp-content\/uploads\/2026\/02\/4-600x600.png 600w\" sizes=\"auto, (max-width: 810px) 100vw, 810px\" \/><\/figure>\n<\/div>\n<\/div>\n\n\n\n<div class=\"wp-block-columns alignwide is-layout-flex wp-container-core-columns-is-layout-c45ee707 wp-block-columns-is-layout-flex\" style=\"margin-bottom:var(--wp--preset--spacing--side-padding);padding-top:var(--wp--preset--spacing--side-padding)\">\n<div class=\"wp-block-column is-vertically-aligned-center is-layout-flow wp-block-column-is-layout-flow\">\n<figure class=\"wp-block-image size-full\"><img loading=\"lazy\" decoding=\"async\" width=\"810\" height=\"810\" src=\"https:\/\/evolve-fitness.eu\/wp-content\/uploads\/2026\/02\/3.png\" alt=\"\" class=\"wp-image-223280\" srcset=\"https:\/\/evolve-fitness.eu\/wp-content\/uploads\/2026\/02\/3.png 810w, https:\/\/evolve-fitness.eu\/wp-content\/uploads\/2026\/02\/3-300x300.png 300w, https:\/\/evolve-fitness.eu\/wp-content\/uploads\/2026\/02\/3-150x150.png 150w, https:\/\/evolve-fitness.eu\/wp-content\/uploads\/2026\/02\/3-768x768.png 768w, https:\/\/evolve-fitness.eu\/wp-content\/uploads\/2026\/02\/3-600x600.png 600w\" sizes=\"auto, (max-width: 810px) 100vw, 810px\" \/><\/figure>\n<\/div>\n\n\n\n<div class=\"wp-block-column is-vertically-aligned-center is-layout-constrained wp-block-column-is-layout-constrained\">\n<h3 class=\"wp-block-heading\" style=\"margin-bottom:var(--wp--preset--spacing--h-3-bottom)\"><strong><strong><strong><strong><strong><strong><strong><strong><strong>CON\u00c7U POUR LES ESPACES DE FORMATION PROFESSIONNELLE<\/strong><\/strong><\/strong><\/strong><\/strong><\/strong><\/strong><\/strong><\/strong><\/h3>\n\n\n\n<p>Que ce soit dans une salle de sport commerciale, un club de powerlifting ou un centre d&rsquo;entra\u00eenement d&rsquo;\u00e9lite, le rack \u00e0 plaques en acier Evolve offre durabilit\u00e9, fonctionnalit\u00e9 et un aspect professionnel qui compl\u00e8te toute zone d&rsquo;entra\u00eenement de musculation.<\/p>\n<\/div>\n<\/div>\n<\/section>\n","protected":false},"excerpt":{"rendered":"<p>Le rack \u00e0 plaques en acier Evolve Powerlifting est une solution de stockage compacte et r\u00e9sistante con\u00e7ue pour les environnements d&rsquo;entra\u00eenement de force professionnels. Construit en acier durable avec une finition en poudre de premi\u00e8re qualit\u00e9, il fournit un stockage s\u00fbr et organis\u00e9 pour les plaques de powerlifting tout en maximisant l&rsquo;espace au sol de la salle de sport. Sa conception stable et fonctionnelle garantit un acc\u00e8s facile, des performances durables et un espace d&rsquo;entra\u00eenement propre et professionnel.    <\/p>\n","protected":false},"featured_media":236042,"template":"","meta":{"_acf_changed":false,"inline_featured_image":false},"product_brand":[],"product_cat":[1452,2878],"product_tag":[],"class_list":{"0":"post-236041","1":"product","2":"type-product","3":"status-publish","4":"has-post-thumbnail","6":"product_cat-poids-libres","7":"product_cat-rayonnages-et-solutions-de-stockage","9":"first","10":"instock","11":"shipping-taxable","12":"purchasable","13":"product-type-simple"},"acf":{"long_title":"  Evolve Powerlifting Rack de plaques d'acier","subtitle":"","specifications":[{"label":"SKU","text_value":"EV-RS-PP-010","icon":"x"},{"label":"Dimensions","text_value":"1434 x 586 x 800 mm","icon":"x"},{"label":"Poids","text_value":"42,5 kg","icon":"x"},{"label":"Garantie","text_value":"2 ans","icon":"x"}],"product_frequently_asked_questions":null},"yoast_head":"<!-- This site is optimized with the Yoast SEO plugin v27.4 - https:\/\/yoast.com\/product\/yoast-seo-wordpress\/ -->\n<title>Evolve Powerlifting Rack de plaques d&#039;acier (PP-010) - Evolve<\/title>\n<meta name=\"description\" content=\"Le rack de plaques en acier Evolve Powerlifting est une solution de stockage compacte et r\u00e9sistante con\u00e7ue pour les environnements d&#039;entra\u00eenement de force professionnels.\" \/>\n<meta name=\"robots\" content=\"index, follow, max-snippet:-1, max-image-preview:large, max-video-preview:-1\" \/>\n<link rel=\"canonical\" href=\"https:\/\/evolve-fitness.eu\/fr\/produit\/evolve-powerlifting-rack-de-plaques-dacier-pp-010\/\" \/>\n<meta property=\"og:locale\" content=\"fr_FR\" \/>\n<meta property=\"og:type\" content=\"article\" \/>\n<meta property=\"og:title\" content=\"Evolve Powerlifting Rack de plaques d&#039;acier (PP-010) - Evolve\" \/>\n<meta property=\"og:description\" content=\"Le rack de plaques en acier Evolve Powerlifting est une solution de stockage compacte et r\u00e9sistante con\u00e7ue pour les environnements d&#039;entra\u00eenement de force professionnels.\" \/>\n<meta property=\"og:url\" content=\"https:\/\/evolve-fitness.eu\/fr\/produit\/evolve-powerlifting-rack-de-plaques-dacier-pp-010\/\" \/>\n<meta property=\"og:site_name\" content=\"Evolve\" \/>\n<meta property=\"article:publisher\" content=\"https:\/\/www.facebook.com\/EvolveFitnessEurope\" \/>\n<meta property=\"article:modified_time\" content=\"2026-04-23T06:04:25+00:00\" \/>\n<meta property=\"og:image\" content=\"https:\/\/evolve-fitness.eu\/wp-content\/uploads\/2026\/02\/2.png\" \/>\n\t<meta property=\"og:image:width\" content=\"810\" \/>\n\t<meta property=\"og:image:height\" content=\"810\" \/>\n\t<meta property=\"og:image:type\" content=\"image\/png\" \/>\n<meta name=\"twitter:card\" content=\"summary_large_image\" \/>\n<script type=\"application\/ld+json\" class=\"yoast-schema-graph\">{\"@context\":\"https:\\\/\\\/schema.org\",\"@graph\":[{\"@type\":\"WebPage\",\"@id\":\"https:\\\/\\\/evolve-fitness.eu\\\/fr\\\/produit\\\/evolve-powerlifting-rack-de-plaques-dacier-pp-010\\\/\",\"url\":\"https:\\\/\\\/evolve-fitness.eu\\\/fr\\\/produit\\\/evolve-powerlifting-rack-de-plaques-dacier-pp-010\\\/\",\"name\":\"Evolve Powerlifting Rack de plaques d'acier (PP-010) - Evolve\",\"isPartOf\":{\"@id\":\"https:\\\/\\\/evolve-fitness.eu\\\/fr\\\/#website\"},\"primaryImageOfPage\":{\"@id\":\"https:\\\/\\\/evolve-fitness.eu\\\/fr\\\/produit\\\/evolve-powerlifting-rack-de-plaques-dacier-pp-010\\\/#primaryimage\"},\"image\":{\"@id\":\"https:\\\/\\\/evolve-fitness.eu\\\/fr\\\/produit\\\/evolve-powerlifting-rack-de-plaques-dacier-pp-010\\\/#primaryimage\"},\"thumbnailUrl\":\"https:\\\/\\\/evolve-fitness.eu\\\/wp-content\\\/uploads\\\/2026\\\/02\\\/2.png\",\"datePublished\":\"2026-02-23T11:51:27+00:00\",\"dateModified\":\"2026-04-23T06:04:25+00:00\",\"description\":\"Le rack de plaques en acier Evolve Powerlifting est une solution de stockage compacte et r\u00e9sistante con\u00e7ue pour les environnements d'entra\u00eenement de force professionnels.\",\"breadcrumb\":{\"@id\":\"https:\\\/\\\/evolve-fitness.eu\\\/fr\\\/produit\\\/evolve-powerlifting-rack-de-plaques-dacier-pp-010\\\/#breadcrumb\"},\"inLanguage\":\"fr-FR\",\"potentialAction\":[{\"@type\":\"ReadAction\",\"target\":[\"https:\\\/\\\/evolve-fitness.eu\\\/fr\\\/produit\\\/evolve-powerlifting-rack-de-plaques-dacier-pp-010\\\/\"]}]},{\"@type\":\"ImageObject\",\"inLanguage\":\"fr-FR\",\"@id\":\"https:\\\/\\\/evolve-fitness.eu\\\/fr\\\/produit\\\/evolve-powerlifting-rack-de-plaques-dacier-pp-010\\\/#primaryimage\",\"url\":\"https:\\\/\\\/evolve-fitness.eu\\\/wp-content\\\/uploads\\\/2026\\\/02\\\/2.png\",\"contentUrl\":\"https:\\\/\\\/evolve-fitness.eu\\\/wp-content\\\/uploads\\\/2026\\\/02\\\/2.png\",\"width\":810,\"height\":810},{\"@type\":\"BreadcrumbList\",\"@id\":\"https:\\\/\\\/evolve-fitness.eu\\\/fr\\\/produit\\\/evolve-powerlifting-rack-de-plaques-dacier-pp-010\\\/#breadcrumb\",\"itemListElement\":[{\"@type\":\"ListItem\",\"position\":1,\"name\":\"Home\",\"item\":\"https:\\\/\\\/evolve-fitness.eu\\\/fr\\\/\"},{\"@type\":\"ListItem\",\"position\":2,\"name\":\"Produits\",\"item\":\"https:\\\/\\\/evolve-fitness.eu\\\/fr\\\/shop\\\/\"},{\"@type\":\"ListItem\",\"position\":3,\"name\":\"Evolve Powerlifting Rack de plaques d&#8217;acier (PP-010)\"}]},{\"@type\":\"WebSite\",\"@id\":\"https:\\\/\\\/evolve-fitness.eu\\\/fr\\\/#website\",\"url\":\"https:\\\/\\\/evolve-fitness.eu\\\/fr\\\/\",\"name\":\"Evolve\",\"description\":\"Your Evolved Gear Arrived\",\"publisher\":{\"@id\":\"https:\\\/\\\/evolve-fitness.eu\\\/fr\\\/#organization\"},\"potentialAction\":[{\"@type\":\"SearchAction\",\"target\":{\"@type\":\"EntryPoint\",\"urlTemplate\":\"https:\\\/\\\/evolve-fitness.eu\\\/fr\\\/?s={search_term_string}\"},\"query-input\":{\"@type\":\"PropertyValueSpecification\",\"valueRequired\":true,\"valueName\":\"search_term_string\"}}],\"inLanguage\":\"fr-FR\"},{\"@type\":\"Organization\",\"@id\":\"https:\\\/\\\/evolve-fitness.eu\\\/fr\\\/#organization\",\"name\":\"Evolve\",\"url\":\"https:\\\/\\\/evolve-fitness.eu\\\/fr\\\/\",\"logo\":{\"@type\":\"ImageObject\",\"inLanguage\":\"fr-FR\",\"@id\":\"https:\\\/\\\/evolve-fitness.eu\\\/fr\\\/#\\\/schema\\\/logo\\\/image\\\/\",\"url\":\"https:\\\/\\\/evolve-fitness.eu\\\/wp-content\\\/uploads\\\/2023\\\/05\\\/Evolve-logo.svg\",\"contentUrl\":\"https:\\\/\\\/evolve-fitness.eu\\\/wp-content\\\/uploads\\\/2023\\\/05\\\/Evolve-logo.svg\",\"width\":176,\"height\":20,\"caption\":\"Evolve\"},\"image\":{\"@id\":\"https:\\\/\\\/evolve-fitness.eu\\\/fr\\\/#\\\/schema\\\/logo\\\/image\\\/\"},\"sameAs\":[\"https:\\\/\\\/www.facebook.com\\\/EvolveFitnessEurope\"]}]}<\/script>\n<!-- \/ Yoast SEO plugin. -->","yoast_head_json":{"title":"Evolve Powerlifting Rack de plaques d'acier (PP-010) - Evolve","description":"Le rack de plaques en acier Evolve Powerlifting est une solution de stockage compacte et r\u00e9sistante con\u00e7ue pour les environnements d'entra\u00eenement de force professionnels.","robots":{"index":"index","follow":"follow","max-snippet":"max-snippet:-1","max-image-preview":"max-image-preview:large","max-video-preview":"max-video-preview:-1"},"canonical":"https:\/\/evolve-fitness.eu\/fr\/produit\/evolve-powerlifting-rack-de-plaques-dacier-pp-010\/","og_locale":"fr_FR","og_type":"article","og_title":"Evolve Powerlifting Rack de plaques d'acier (PP-010) - Evolve","og_description":"Le rack de plaques en acier Evolve Powerlifting est une solution de stockage compacte et r\u00e9sistante con\u00e7ue pour les environnements d'entra\u00eenement de force professionnels.","og_url":"https:\/\/evolve-fitness.eu\/fr\/produit\/evolve-powerlifting-rack-de-plaques-dacier-pp-010\/","og_site_name":"Evolve","article_publisher":"https:\/\/www.facebook.com\/EvolveFitnessEurope","article_modified_time":"2026-04-23T06:04:25+00:00","og_image":[{"width":810,"height":810,"url":"https:\/\/evolve-fitness.eu\/wp-content\/uploads\/2026\/02\/2.png","type":"image\/png"}],"twitter_card":"summary_large_image","schema":{"@context":"https:\/\/schema.org","@graph":[{"@type":"WebPage","@id":"https:\/\/evolve-fitness.eu\/fr\/produit\/evolve-powerlifting-rack-de-plaques-dacier-pp-010\/","url":"https:\/\/evolve-fitness.eu\/fr\/produit\/evolve-powerlifting-rack-de-plaques-dacier-pp-010\/","name":"Evolve Powerlifting Rack de plaques d'acier (PP-010) - Evolve","isPartOf":{"@id":"https:\/\/evolve-fitness.eu\/fr\/#website"},"primaryImageOfPage":{"@id":"https:\/\/evolve-fitness.eu\/fr\/produit\/evolve-powerlifting-rack-de-plaques-dacier-pp-010\/#primaryimage"},"image":{"@id":"https:\/\/evolve-fitness.eu\/fr\/produit\/evolve-powerlifting-rack-de-plaques-dacier-pp-010\/#primaryimage"},"thumbnailUrl":"https:\/\/evolve-fitness.eu\/wp-content\/uploads\/2026\/02\/2.png","datePublished":"2026-02-23T11:51:27+00:00","dateModified":"2026-04-23T06:04:25+00:00","description":"Le rack de plaques en acier Evolve Powerlifting est une solution de stockage compacte et r\u00e9sistante con\u00e7ue pour les environnements d'entra\u00eenement de force professionnels.","breadcrumb":{"@id":"https:\/\/evolve-fitness.eu\/fr\/produit\/evolve-powerlifting-rack-de-plaques-dacier-pp-010\/#breadcrumb"},"inLanguage":"fr-FR","potentialAction":[{"@type":"ReadAction","target":["https:\/\/evolve-fitness.eu\/fr\/produit\/evolve-powerlifting-rack-de-plaques-dacier-pp-010\/"]}]},{"@type":"ImageObject","inLanguage":"fr-FR","@id":"https:\/\/evolve-fitness.eu\/fr\/produit\/evolve-powerlifting-rack-de-plaques-dacier-pp-010\/#primaryimage","url":"https:\/\/evolve-fitness.eu\/wp-content\/uploads\/2026\/02\/2.png","contentUrl":"https:\/\/evolve-fitness.eu\/wp-content\/uploads\/2026\/02\/2.png","width":810,"height":810},{"@type":"BreadcrumbList","@id":"https:\/\/evolve-fitness.eu\/fr\/produit\/evolve-powerlifting-rack-de-plaques-dacier-pp-010\/#breadcrumb","itemListElement":[{"@type":"ListItem","position":1,"name":"Home","item":"https:\/\/evolve-fitness.eu\/fr\/"},{"@type":"ListItem","position":2,"name":"Produits","item":"https:\/\/evolve-fitness.eu\/fr\/shop\/"},{"@type":"ListItem","position":3,"name":"Evolve Powerlifting Rack de plaques d&#8217;acier (PP-010)"}]},{"@type":"WebSite","@id":"https:\/\/evolve-fitness.eu\/fr\/#website","url":"https:\/\/evolve-fitness.eu\/fr\/","name":"Evolve","description":"Your Evolved Gear Arrived","publisher":{"@id":"https:\/\/evolve-fitness.eu\/fr\/#organization"},"potentialAction":[{"@type":"SearchAction","target":{"@type":"EntryPoint","urlTemplate":"https:\/\/evolve-fitness.eu\/fr\/?s={search_term_string}"},"query-input":{"@type":"PropertyValueSpecification","valueRequired":true,"valueName":"search_term_string"}}],"inLanguage":"fr-FR"},{"@type":"Organization","@id":"https:\/\/evolve-fitness.eu\/fr\/#organization","name":"Evolve","url":"https:\/\/evolve-fitness.eu\/fr\/","logo":{"@type":"ImageObject","inLanguage":"fr-FR","@id":"https:\/\/evolve-fitness.eu\/fr\/#\/schema\/logo\/image\/","url":"https:\/\/evolve-fitness.eu\/wp-content\/uploads\/2023\/05\/Evolve-logo.svg","contentUrl":"https:\/\/evolve-fitness.eu\/wp-content\/uploads\/2023\/05\/Evolve-logo.svg","width":176,"height":20,"caption":"Evolve"},"image":{"@id":"https:\/\/evolve-fitness.eu\/fr\/#\/schema\/logo\/image\/"},"sameAs":["https:\/\/www.facebook.com\/EvolveFitnessEurope"]}]}},"_links":{"self":[{"href":"https:\/\/evolve-fitness.eu\/fr\/wp-json\/wp\/v2\/product\/236041","targetHints":{"allow":["GET"]}}],"collection":[{"href":"https:\/\/evolve-fitness.eu\/fr\/wp-json\/wp\/v2\/product"}],"about":[{"href":"https:\/\/evolve-fitness.eu\/fr\/wp-json\/wp\/v2\/types\/product"}],"wp:featuredmedia":[{"embeddable":true,"href":"https:\/\/evolve-fitness.eu\/fr\/wp-json\/wp\/v2\/media\/236042"}],"wp:attachment":[{"href":"https:\/\/evolve-fitness.eu\/fr\/wp-json\/wp\/v2\/media?parent=236041"}],"wp:term":[{"taxonomy":"product_brand","embeddable":true,"href":"https:\/\/evolve-fitness.eu\/fr\/wp-json\/wp\/v2\/product_brand?post=236041"},{"taxonomy":"product_cat","embeddable":true,"href":"https:\/\/evolve-fitness.eu\/fr\/wp-json\/wp\/v2\/product_cat?post=236041"},{"taxonomy":"product_tag","embeddable":true,"href":"https:\/\/evolve-fitness.eu\/fr\/wp-json\/wp\/v2\/product_tag?post=236041"}],"curies":[{"name":"wp","href":"https:\/\/api.w.org\/{rel}","templated":true}]}}