{"id":236137,"date":"2025-06-26T12:16:41","date_gmt":"2025-06-26T09:16:41","guid":{"rendered":"https:\/\/evolve-fitness.eu\/product\/evolve-ultra-series-plate-loaded-smith-flat-decline-chest-press\/"},"modified":"2026-04-23T09:08:36","modified_gmt":"2026-04-23T06:08:36","slug":"evolve-ultra-series-plate-loaded-smith-flat-decline-chest-press","status":"publish","type":"product","link":"https:\/\/evolve-fitness.eu\/fr\/produit\/evolve-ultra-series-plate-loaded-smith-flat-decline-chest-press\/","title":{"rendered":"Evolve Ultra Series Plate-Loaded Smith Flat &amp; Decline Chest Press"},"content":{"rendered":"\n<section class=\"wp-block-group alignfull has-lightgray-background-color has-background is-layout-constrained wp-block-group-is-layout-constrained\">\n<div class=\"wp-block-columns alignwide is-layout-flex wp-container-core-columns-is-layout-2edb0647 wp-block-columns-is-layout-flex\" style=\"margin-top:0;margin-bottom:0\">\n<div class=\"wp-block-column is-layout-flow wp-block-column-is-layout-flow\" style=\"flex-basis:33.33%\"><\/div>\n\n\n\n<div class=\"wp-block-column is-layout-flow wp-block-column-is-layout-flow\" style=\"flex-basis:66.66%\"><\/div>\n<\/div>\n<\/section>\n\n<section class=\"wp-block-group alignfull black-content has-white-color has-darkgray-background-color has-text-color has-background is-layout-constrained wp-block-group-is-layout-constrained\" style=\"padding-top:var(--wp--preset--spacing--section-bottom);padding-bottom:var(--wp--preset--spacing--section-bottom)\">\n<div class=\"wp-block-columns alignwide mobile-reverse is-layout-flex wp-container-core-columns-is-layout-ca64bf2d wp-block-columns-is-layout-flex\" style=\"margin-bottom:var(--wp--preset--spacing--side-padding)\">\n<div class=\"wp-block-column is-vertically-aligned-center is-layout-flow wp-block-column-is-layout-flow\">\n<h3 class=\"wp-block-heading\" style=\"margin-bottom:var(--wp--preset--spacing--h-3-bottom)\"><strong><strong><strong><strong><strong><strong><strong><strong><strong><strong><strong>Evolve Ultra Series Plate-Loaded Smith Flat &amp; Decline Chest Press<\/strong><\/strong><\/strong><\/strong><\/strong><\/strong><\/strong><\/strong><\/strong><\/strong><\/strong><\/h3>\n\n\n\n<p style=\"margin-bottom:var(--wp--preset--spacing--tb-section-padding)\"><strong>Double fonction (plat et d\u00e9clin\u00e9)<\/strong> Passez sans effort d&rsquo;un angle plat \u00e0 un angle d\u00e9clin\u00e9 pour activer les muscles pectoraux sup\u00e9rieurs et inf\u00e9rieurs. Cette polyvalence permet de d\u00e9velopper l&rsquo;ensemble de la poitrine sans avoir besoin de plusieurs machines. <strong>Syst\u00e8me de r\u00e9sistance \u00e0 plaques<\/strong> Les plaques de poids standard permettent de personnaliser la r\u00e9sistance, ce qui est id\u00e9al pour les utilisateurs, qu&rsquo;ils soient novices ou exp\u00e9riment\u00e9s. Les barres de rangement des plaques int\u00e9gr\u00e9es permettent d&rsquo;organiser votre espace et de le rendre plus efficace. <strong>Conception ergonomique et s\u00fbre<\/strong> \u00c9quip\u00e9 de poign\u00e9es antid\u00e9rapantes et d&rsquo;un guide robuste de type Smith pour un contr\u00f4le fluide et s\u00fbr de la trajectoire de la barre. Le si\u00e8ge et le dossier faciles \u00e0 r\u00e9gler offrent un positionnement optimal et un soutien des articulations. <strong>Construction robuste<\/strong> Construit avec un cadre en acier renforc\u00e9 et un rev\u00eatement en poudre r\u00e9sistant \u00e0 la corrosion. Il offre une durabilit\u00e9 et une stabilit\u00e9 exceptionnelles, id\u00e9ales pour une utilisation commerciale intensive ou un entra\u00eenement intensif \u00e0 domicile. Encombrement <strong>r\u00e9duit<\/strong> Con\u00e7u pour maximiser l&rsquo;utilit\u00e9 dans un encombrement r\u00e9duit. Id\u00e9ale pour les installations o\u00f9 des presses \u00e0 plat et \u00e0 d\u00e9clin sont n\u00e9cessaires mais o\u00f9 l&rsquo;espace est limit\u00e9.     <\/p>\n<\/div>\n\n\n\n<div class=\"wp-block-column is-vertically-aligned-center is-layout-flow wp-block-column-is-layout-flow\">\n<figure class=\"wp-block-image size-full is-style-rounded\"><img loading=\"lazy\" decoding=\"async\" width=\"2200\" height=\"2200\" src=\"https:\/\/evolve-fitness.eu\/wp-content\/uploads\/2025\/06\/Evolve-Ultra-Series-Plate-Loaded-Smith-Flat-Decline-Chest-Press.png\" alt=\"\" class=\"wp-image-200086\" srcset=\"https:\/\/evolve-fitness.eu\/wp-content\/uploads\/2025\/06\/Evolve-Ultra-Series-Plate-Loaded-Smith-Flat-Decline-Chest-Press.png 2200w, https:\/\/evolve-fitness.eu\/wp-content\/uploads\/2025\/06\/Evolve-Ultra-Series-Plate-Loaded-Smith-Flat-Decline-Chest-Press-300x300.png 300w, https:\/\/evolve-fitness.eu\/wp-content\/uploads\/2025\/06\/Evolve-Ultra-Series-Plate-Loaded-Smith-Flat-Decline-Chest-Press-1024x1024.png 1024w, https:\/\/evolve-fitness.eu\/wp-content\/uploads\/2025\/06\/Evolve-Ultra-Series-Plate-Loaded-Smith-Flat-Decline-Chest-Press-150x150.png 150w, https:\/\/evolve-fitness.eu\/wp-content\/uploads\/2025\/06\/Evolve-Ultra-Series-Plate-Loaded-Smith-Flat-Decline-Chest-Press-768x768.png 768w, https:\/\/evolve-fitness.eu\/wp-content\/uploads\/2025\/06\/Evolve-Ultra-Series-Plate-Loaded-Smith-Flat-Decline-Chest-Press-1536x1536.png 1536w, https:\/\/evolve-fitness.eu\/wp-content\/uploads\/2025\/06\/Evolve-Ultra-Series-Plate-Loaded-Smith-Flat-Decline-Chest-Press-2048x2048.png 2048w, https:\/\/evolve-fitness.eu\/wp-content\/uploads\/2025\/06\/Evolve-Ultra-Series-Plate-Loaded-Smith-Flat-Decline-Chest-Press-600x600.png 600w\" sizes=\"auto, (max-width: 2200px) 100vw, 2200px\" \/><\/figure>\n<\/div>\n<\/div>\n\n\n\n<h3 class=\"wp-block-heading\" style=\"margin-bottom:var(--wp--preset--spacing--h-3-bottom)\"><\/h3>\n<\/section>\n","protected":false},"excerpt":{"rendered":"<p>Am\u00e9liorez votre entra\u00eenement de la poitrine avec l&rsquo;appareil polyvalent Evolve Ultra Series Plate-Loaded Smith Flat &amp; Decline Chest Press. Con\u00e7ue pour la pr\u00e9cision et la puissance, cette machine offre une exp\u00e9rience efficace de pressage de la poitrine \u00e0 plat et en d\u00e9clin dans un seul design peu encombrant. <\/p>\n","protected":false},"featured_media":200146,"template":"","meta":{"_acf_changed":false,"inline_featured_image":false},"product_brand":[],"product_cat":[5194,5333],"product_tag":[],"class_list":{"0":"post-236137","1":"product","2":"type-product","3":"status-publish","4":"has-post-thumbnail","6":"product_cat-machines-a-plateau","7":"product_cat-ultra-series-plate-loaded-machines","9":"first","10":"instock","11":"shipping-taxable","12":"purchasable","13":"product-type-simple"},"acf":{"long_title":"Evolve Ultra Series Plate-Loaded Smith Flat & Decline Chest Press","subtitle":"","specifications":[{"label":"SKU","text_value":"EV-PL-UL-570","icon":"x"},{"label":"Dimension","text_value":"2142 x 1625 x 1632 mm","icon":"x"},{"label":"Poids maximal de l'utilisateur","text_value":"180 kg","icon":"x"},{"label":"Poids","text_value":"225 kg","icon":"x"},{"label":"Peinture anticorrosion","text_value":"","icon":"v"},{"label":"Cadre m\u00e9tallique sans ar\u00eates vives","text_value":"","icon":"v"},{"label":"Protecteurs de sol durables","text_value":"","icon":"v"},{"label":"Poign\u00e9es antid\u00e9rapantes","text_value":"","icon":"v"},{"label":"Rembourrage \u00e9pais","text_value":"","icon":"v"},{"label":"Garantie","text_value":"2 ans","icon":"x"}],"product_frequently_asked_questions":null},"yoast_head":"<!-- This site is optimized with the Yoast SEO plugin v27.4 - https:\/\/yoast.com\/product\/yoast-seo-wordpress\/ -->\n<title>Evolve Ultra Series Plate-Loaded Smith Flat &amp; Decline Chest Press - Evolve<\/title>\n<meta name=\"description\" content=\"Am\u00e9liorez votre entra\u00eenement de la poitrine avec la presse polyvalente Evolve Ultra Series Chest Press Smith Flat &amp; Decline charg\u00e9e de plaques. Con\u00e7ue pour la pr\u00e9cision et la puissance\" \/>\n<meta name=\"robots\" content=\"index, follow, max-snippet:-1, max-image-preview:large, max-video-preview:-1\" \/>\n<link rel=\"canonical\" href=\"https:\/\/evolve-fitness.eu\/fr\/produit\/evolve-ultra-series-plate-loaded-smith-flat-decline-chest-press\/\" \/>\n<meta property=\"og:locale\" content=\"fr_FR\" \/>\n<meta property=\"og:type\" content=\"article\" \/>\n<meta property=\"og:title\" content=\"Evolve Ultra Series Plate-Loaded Smith Flat &amp; Decline Chest Press - Evolve\" \/>\n<meta property=\"og:description\" content=\"Am\u00e9liorez votre entra\u00eenement de la poitrine avec la presse polyvalente Evolve Ultra Series Chest Press Smith Flat &amp; Decline charg\u00e9e de plaques. Con\u00e7ue pour la pr\u00e9cision et la puissance\" \/>\n<meta property=\"og:url\" content=\"https:\/\/evolve-fitness.eu\/fr\/produit\/evolve-ultra-series-plate-loaded-smith-flat-decline-chest-press\/\" \/>\n<meta property=\"og:site_name\" content=\"Evolve\" \/>\n<meta property=\"article:publisher\" content=\"https:\/\/www.facebook.com\/EvolveFitnessEurope\" \/>\n<meta property=\"article:modified_time\" content=\"2026-04-23T06:08:36+00:00\" \/>\n<meta property=\"og:image\" content=\"https:\/\/evolve-fitness.eu\/wp-content\/uploads\/2025\/06\/Evolve-Ultra-Series-Plate-Loaded-Smith-Flat-Decline-Chest-Press-1-1024x1024.png\" \/>\n\t<meta property=\"og:image:width\" content=\"1024\" \/>\n\t<meta property=\"og:image:height\" content=\"1024\" \/>\n\t<meta property=\"og:image:type\" content=\"image\/png\" \/>\n<meta name=\"twitter:card\" content=\"summary_large_image\" \/>\n<script type=\"application\/ld+json\" class=\"yoast-schema-graph\">{\"@context\":\"https:\\\/\\\/schema.org\",\"@graph\":[{\"@type\":\"WebPage\",\"@id\":\"https:\\\/\\\/evolve-fitness.eu\\\/fr\\\/produit\\\/evolve-ultra-series-plate-loaded-smith-flat-decline-chest-press\\\/\",\"url\":\"https:\\\/\\\/evolve-fitness.eu\\\/fr\\\/produit\\\/evolve-ultra-series-plate-loaded-smith-flat-decline-chest-press\\\/\",\"name\":\"Evolve Ultra Series Plate-Loaded Smith Flat &amp; Decline Chest Press - Evolve\",\"isPartOf\":{\"@id\":\"https:\\\/\\\/evolve-fitness.eu\\\/fr\\\/#website\"},\"primaryImageOfPage\":{\"@id\":\"https:\\\/\\\/evolve-fitness.eu\\\/fr\\\/produit\\\/evolve-ultra-series-plate-loaded-smith-flat-decline-chest-press\\\/#primaryimage\"},\"image\":{\"@id\":\"https:\\\/\\\/evolve-fitness.eu\\\/fr\\\/produit\\\/evolve-ultra-series-plate-loaded-smith-flat-decline-chest-press\\\/#primaryimage\"},\"thumbnailUrl\":\"https:\\\/\\\/evolve-fitness.eu\\\/wp-content\\\/uploads\\\/2025\\\/06\\\/Evolve-Ultra-Series-Plate-Loaded-Smith-Flat-Decline-Chest-Press-1.png\",\"datePublished\":\"2025-06-26T09:16:41+00:00\",\"dateModified\":\"2026-04-23T06:08:36+00:00\",\"description\":\"Am\u00e9liorez votre entra\u00eenement de la poitrine avec la presse polyvalente Evolve Ultra Series Chest Press Smith Flat & Decline charg\u00e9e de plaques. Con\u00e7ue pour la pr\u00e9cision et la puissance\",\"breadcrumb\":{\"@id\":\"https:\\\/\\\/evolve-fitness.eu\\\/fr\\\/produit\\\/evolve-ultra-series-plate-loaded-smith-flat-decline-chest-press\\\/#breadcrumb\"},\"inLanguage\":\"fr-FR\",\"potentialAction\":[{\"@type\":\"ReadAction\",\"target\":[\"https:\\\/\\\/evolve-fitness.eu\\\/fr\\\/produit\\\/evolve-ultra-series-plate-loaded-smith-flat-decline-chest-press\\\/\"]}]},{\"@type\":\"ImageObject\",\"inLanguage\":\"fr-FR\",\"@id\":\"https:\\\/\\\/evolve-fitness.eu\\\/fr\\\/produit\\\/evolve-ultra-series-plate-loaded-smith-flat-decline-chest-press\\\/#primaryimage\",\"url\":\"https:\\\/\\\/evolve-fitness.eu\\\/wp-content\\\/uploads\\\/2025\\\/06\\\/Evolve-Ultra-Series-Plate-Loaded-Smith-Flat-Decline-Chest-Press-1.png\",\"contentUrl\":\"https:\\\/\\\/evolve-fitness.eu\\\/wp-content\\\/uploads\\\/2025\\\/06\\\/Evolve-Ultra-Series-Plate-Loaded-Smith-Flat-Decline-Chest-Press-1.png\",\"width\":2200,\"height\":2200},{\"@type\":\"BreadcrumbList\",\"@id\":\"https:\\\/\\\/evolve-fitness.eu\\\/fr\\\/produit\\\/evolve-ultra-series-plate-loaded-smith-flat-decline-chest-press\\\/#breadcrumb\",\"itemListElement\":[{\"@type\":\"ListItem\",\"position\":1,\"name\":\"Home\",\"item\":\"https:\\\/\\\/evolve-fitness.eu\\\/fr\\\/\"},{\"@type\":\"ListItem\",\"position\":2,\"name\":\"Produits\",\"item\":\"https:\\\/\\\/evolve-fitness.eu\\\/fr\\\/shop\\\/\"},{\"@type\":\"ListItem\",\"position\":3,\"name\":\"Evolve Ultra Series Plate-Loaded Smith Flat &amp; Decline Chest Press\"}]},{\"@type\":\"WebSite\",\"@id\":\"https:\\\/\\\/evolve-fitness.eu\\\/fr\\\/#website\",\"url\":\"https:\\\/\\\/evolve-fitness.eu\\\/fr\\\/\",\"name\":\"Evolve\",\"description\":\"Your Evolved Gear Arrived\",\"publisher\":{\"@id\":\"https:\\\/\\\/evolve-fitness.eu\\\/fr\\\/#organization\"},\"potentialAction\":[{\"@type\":\"SearchAction\",\"target\":{\"@type\":\"EntryPoint\",\"urlTemplate\":\"https:\\\/\\\/evolve-fitness.eu\\\/fr\\\/?s={search_term_string}\"},\"query-input\":{\"@type\":\"PropertyValueSpecification\",\"valueRequired\":true,\"valueName\":\"search_term_string\"}}],\"inLanguage\":\"fr-FR\"},{\"@type\":\"Organization\",\"@id\":\"https:\\\/\\\/evolve-fitness.eu\\\/fr\\\/#organization\",\"name\":\"Evolve\",\"url\":\"https:\\\/\\\/evolve-fitness.eu\\\/fr\\\/\",\"logo\":{\"@type\":\"ImageObject\",\"inLanguage\":\"fr-FR\",\"@id\":\"https:\\\/\\\/evolve-fitness.eu\\\/fr\\\/#\\\/schema\\\/logo\\\/image\\\/\",\"url\":\"https:\\\/\\\/evolve-fitness.eu\\\/wp-content\\\/uploads\\\/2023\\\/05\\\/Evolve-logo.svg\",\"contentUrl\":\"https:\\\/\\\/evolve-fitness.eu\\\/wp-content\\\/uploads\\\/2023\\\/05\\\/Evolve-logo.svg\",\"width\":176,\"height\":20,\"caption\":\"Evolve\"},\"image\":{\"@id\":\"https:\\\/\\\/evolve-fitness.eu\\\/fr\\\/#\\\/schema\\\/logo\\\/image\\\/\"},\"sameAs\":[\"https:\\\/\\\/www.facebook.com\\\/EvolveFitnessEurope\"]}]}<\/script>\n<!-- \/ Yoast SEO plugin. -->","yoast_head_json":{"title":"Evolve Ultra Series Plate-Loaded Smith Flat &amp; Decline Chest Press - Evolve","description":"Am\u00e9liorez votre entra\u00eenement de la poitrine avec la presse polyvalente Evolve Ultra Series Chest Press Smith Flat & Decline charg\u00e9e de plaques. Con\u00e7ue pour la pr\u00e9cision et la puissance","robots":{"index":"index","follow":"follow","max-snippet":"max-snippet:-1","max-image-preview":"max-image-preview:large","max-video-preview":"max-video-preview:-1"},"canonical":"https:\/\/evolve-fitness.eu\/fr\/produit\/evolve-ultra-series-plate-loaded-smith-flat-decline-chest-press\/","og_locale":"fr_FR","og_type":"article","og_title":"Evolve Ultra Series Plate-Loaded Smith Flat &amp; Decline Chest Press - Evolve","og_description":"Am\u00e9liorez votre entra\u00eenement de la poitrine avec la presse polyvalente Evolve Ultra Series Chest Press Smith Flat & Decline charg\u00e9e de plaques. Con\u00e7ue pour la pr\u00e9cision et la puissance","og_url":"https:\/\/evolve-fitness.eu\/fr\/produit\/evolve-ultra-series-plate-loaded-smith-flat-decline-chest-press\/","og_site_name":"Evolve","article_publisher":"https:\/\/www.facebook.com\/EvolveFitnessEurope","article_modified_time":"2026-04-23T06:08:36+00:00","og_image":[{"width":1024,"height":1024,"url":"https:\/\/evolve-fitness.eu\/wp-content\/uploads\/2025\/06\/Evolve-Ultra-Series-Plate-Loaded-Smith-Flat-Decline-Chest-Press-1-1024x1024.png","type":"image\/png"}],"twitter_card":"summary_large_image","schema":{"@context":"https:\/\/schema.org","@graph":[{"@type":"WebPage","@id":"https:\/\/evolve-fitness.eu\/fr\/produit\/evolve-ultra-series-plate-loaded-smith-flat-decline-chest-press\/","url":"https:\/\/evolve-fitness.eu\/fr\/produit\/evolve-ultra-series-plate-loaded-smith-flat-decline-chest-press\/","name":"Evolve Ultra Series Plate-Loaded Smith Flat &amp; Decline Chest Press - Evolve","isPartOf":{"@id":"https:\/\/evolve-fitness.eu\/fr\/#website"},"primaryImageOfPage":{"@id":"https:\/\/evolve-fitness.eu\/fr\/produit\/evolve-ultra-series-plate-loaded-smith-flat-decline-chest-press\/#primaryimage"},"image":{"@id":"https:\/\/evolve-fitness.eu\/fr\/produit\/evolve-ultra-series-plate-loaded-smith-flat-decline-chest-press\/#primaryimage"},"thumbnailUrl":"https:\/\/evolve-fitness.eu\/wp-content\/uploads\/2025\/06\/Evolve-Ultra-Series-Plate-Loaded-Smith-Flat-Decline-Chest-Press-1.png","datePublished":"2025-06-26T09:16:41+00:00","dateModified":"2026-04-23T06:08:36+00:00","description":"Am\u00e9liorez votre entra\u00eenement de la poitrine avec la presse polyvalente Evolve Ultra Series Chest Press Smith Flat & Decline charg\u00e9e de plaques. Con\u00e7ue pour la pr\u00e9cision et la puissance","breadcrumb":{"@id":"https:\/\/evolve-fitness.eu\/fr\/produit\/evolve-ultra-series-plate-loaded-smith-flat-decline-chest-press\/#breadcrumb"},"inLanguage":"fr-FR","potentialAction":[{"@type":"ReadAction","target":["https:\/\/evolve-fitness.eu\/fr\/produit\/evolve-ultra-series-plate-loaded-smith-flat-decline-chest-press\/"]}]},{"@type":"ImageObject","inLanguage":"fr-FR","@id":"https:\/\/evolve-fitness.eu\/fr\/produit\/evolve-ultra-series-plate-loaded-smith-flat-decline-chest-press\/#primaryimage","url":"https:\/\/evolve-fitness.eu\/wp-content\/uploads\/2025\/06\/Evolve-Ultra-Series-Plate-Loaded-Smith-Flat-Decline-Chest-Press-1.png","contentUrl":"https:\/\/evolve-fitness.eu\/wp-content\/uploads\/2025\/06\/Evolve-Ultra-Series-Plate-Loaded-Smith-Flat-Decline-Chest-Press-1.png","width":2200,"height":2200},{"@type":"BreadcrumbList","@id":"https:\/\/evolve-fitness.eu\/fr\/produit\/evolve-ultra-series-plate-loaded-smith-flat-decline-chest-press\/#breadcrumb","itemListElement":[{"@type":"ListItem","position":1,"name":"Home","item":"https:\/\/evolve-fitness.eu\/fr\/"},{"@type":"ListItem","position":2,"name":"Produits","item":"https:\/\/evolve-fitness.eu\/fr\/shop\/"},{"@type":"ListItem","position":3,"name":"Evolve Ultra Series Plate-Loaded Smith Flat &amp; Decline Chest Press"}]},{"@type":"WebSite","@id":"https:\/\/evolve-fitness.eu\/fr\/#website","url":"https:\/\/evolve-fitness.eu\/fr\/","name":"Evolve","description":"Your Evolved Gear Arrived","publisher":{"@id":"https:\/\/evolve-fitness.eu\/fr\/#organization"},"potentialAction":[{"@type":"SearchAction","target":{"@type":"EntryPoint","urlTemplate":"https:\/\/evolve-fitness.eu\/fr\/?s={search_term_string}"},"query-input":{"@type":"PropertyValueSpecification","valueRequired":true,"valueName":"search_term_string"}}],"inLanguage":"fr-FR"},{"@type":"Organization","@id":"https:\/\/evolve-fitness.eu\/fr\/#organization","name":"Evolve","url":"https:\/\/evolve-fitness.eu\/fr\/","logo":{"@type":"ImageObject","inLanguage":"fr-FR","@id":"https:\/\/evolve-fitness.eu\/fr\/#\/schema\/logo\/image\/","url":"https:\/\/evolve-fitness.eu\/wp-content\/uploads\/2023\/05\/Evolve-logo.svg","contentUrl":"https:\/\/evolve-fitness.eu\/wp-content\/uploads\/2023\/05\/Evolve-logo.svg","width":176,"height":20,"caption":"Evolve"},"image":{"@id":"https:\/\/evolve-fitness.eu\/fr\/#\/schema\/logo\/image\/"},"sameAs":["https:\/\/www.facebook.com\/EvolveFitnessEurope"]}]}},"_links":{"self":[{"href":"https:\/\/evolve-fitness.eu\/fr\/wp-json\/wp\/v2\/product\/236137","targetHints":{"allow":["GET"]}}],"collection":[{"href":"https:\/\/evolve-fitness.eu\/fr\/wp-json\/wp\/v2\/product"}],"about":[{"href":"https:\/\/evolve-fitness.eu\/fr\/wp-json\/wp\/v2\/types\/product"}],"wp:featuredmedia":[{"embeddable":true,"href":"https:\/\/evolve-fitness.eu\/fr\/wp-json\/wp\/v2\/media\/200146"}],"wp:attachment":[{"href":"https:\/\/evolve-fitness.eu\/fr\/wp-json\/wp\/v2\/media?parent=236137"}],"wp:term":[{"taxonomy":"product_brand","embeddable":true,"href":"https:\/\/evolve-fitness.eu\/fr\/wp-json\/wp\/v2\/product_brand?post=236137"},{"taxonomy":"product_cat","embeddable":true,"href":"https:\/\/evolve-fitness.eu\/fr\/wp-json\/wp\/v2\/product_cat?post=236137"},{"taxonomy":"product_tag","embeddable":true,"href":"https:\/\/evolve-fitness.eu\/fr\/wp-json\/wp\/v2\/product_tag?post=236137"}],"curies":[{"name":"wp","href":"https:\/\/api.w.org\/{rel}","templated":true}]}}