{"id":236147,"date":"2025-06-26T12:57:53","date_gmt":"2025-06-26T09:57:53","guid":{"rendered":"https:\/\/evolve-fitness.eu\/product\/serie-evolve-ultra-rangee-de-smith-chargee-de-plaques\/"},"modified":"2026-04-23T09:09:05","modified_gmt":"2026-04-23T06:09:05","slug":"serie-evolve-ultra-rangee-de-smith-chargee-de-plaques","status":"publish","type":"product","link":"https:\/\/evolve-fitness.eu\/fr\/produit\/serie-evolve-ultra-rangee-de-smith-chargee-de-plaques\/","title":{"rendered":"S\u00e9rie Evolve Ultra, rang\u00e9e de Smith charg\u00e9e de plaques"},"content":{"rendered":"\n<section class=\"wp-block-group alignfull has-lightgray-background-color has-background is-layout-constrained wp-block-group-is-layout-constrained\">\n<div class=\"wp-block-columns alignwide is-layout-flex wp-container-core-columns-is-layout-2edb0647 wp-block-columns-is-layout-flex\" style=\"margin-top:0;margin-bottom:0\">\n<div class=\"wp-block-column is-layout-flow wp-block-column-is-layout-flow\" style=\"flex-basis:33.33%\"><\/div>\n\n\n\n<div class=\"wp-block-column is-layout-flow wp-block-column-is-layout-flow\" style=\"flex-basis:66.66%\"><\/div>\n<\/div>\n<\/section>\n\n<section class=\"wp-block-group alignfull black-content has-white-color has-darkgray-background-color has-text-color has-background is-layout-constrained wp-block-group-is-layout-constrained\" style=\"padding-top:var(--wp--preset--spacing--section-bottom);padding-bottom:var(--wp--preset--spacing--section-bottom)\">\n<div class=\"wp-block-columns alignwide mobile-reverse is-layout-flex wp-container-core-columns-is-layout-ca64bf2d wp-block-columns-is-layout-flex\" style=\"margin-bottom:var(--wp--preset--spacing--side-padding)\">\n<div class=\"wp-block-column is-vertically-aligned-center is-layout-flow wp-block-column-is-layout-flow\">\n<h3 class=\"wp-block-heading\" style=\"margin-bottom:var(--wp--preset--spacing--h-3-bottom)\"><strong><strong><strong><strong><strong><strong><strong><strong><strong><strong><strong>S\u00e9rie Evolve Ultra, rang\u00e9e de Smith charg\u00e9e de plaques<\/strong><\/strong><\/strong><\/strong><\/strong><\/strong><\/strong><\/strong><\/strong><\/strong><\/strong><\/h3>\n\n\n\n<p style=\"margin-bottom:var(--wp--preset--spacing--tb-section-padding)\"><strong>R\u00e9sistance sur plaques<\/strong> &#8211; Personnalisez l&rsquo;intensit\u00e9 de l&rsquo;entra\u00eenement en utilisant des plaques de poids standard ; id\u00e9al pour les athl\u00e8tes de tous niveaux et am\u00e9liore l&rsquo;efficacit\u00e9 de l&rsquo;entra\u00eenement gr\u00e2ce \u00e0 des changements de plaques faciles. <strong>Mouvement guid\u00e9 \u00e0 la barre de Smith<\/strong> &#8211; Assure une trajectoire d&rsquo;aviron coh\u00e9rente et s\u00fbre, combinant les avantages du mouvement en poids libre et de la stabilit\u00e9. <strong>Position de rame ergonomique<\/strong> &#8211; Le coussin thoracique et les poign\u00e9es inclin\u00e9s positionnent le corps pour un engagement musculaire optimal, r\u00e9duisant ainsi la tension sur les poignets et le bas du dos. <strong>Construction robuste<\/strong> &#8211; Construit avec de l&rsquo;acier de qualit\u00e9 commerciale et des finitions de premi\u00e8re qualit\u00e9, garantissant la durabilit\u00e9 dans les salles de sport \u00e0 usage intensif. <strong>Rangement int\u00e9gr\u00e9 des<\/strong> plaques &#8211; Permet de garder l&rsquo;espace d&rsquo;entra\u00eenement propre et organis\u00e9, avec des poteaux de rangement pratiques pour les plaques. Encombrement <strong>r\u00e9duit<\/strong> &#8211; Con\u00e7u pour maximiser l&rsquo;espace dans les salles de sport commerciales et domestiques sans sacrifier les performances.     <\/p>\n<\/div>\n\n\n\n<div class=\"wp-block-column is-vertically-aligned-center is-layout-flow wp-block-column-is-layout-flow\">\n<figure class=\"wp-block-image size-full is-style-rounded\"><img loading=\"lazy\" decoding=\"async\" width=\"2200\" height=\"2200\" src=\"https:\/\/evolve-fitness.eu\/wp-content\/uploads\/2025\/06\/EV-PL-UL-590-Evolve-Ultra-Series-Plate-Loaded-Smith-Row.png\" alt=\"\" class=\"wp-image-200167\" srcset=\"https:\/\/evolve-fitness.eu\/wp-content\/uploads\/2025\/06\/EV-PL-UL-590-Evolve-Ultra-Series-Plate-Loaded-Smith-Row.png 2200w, https:\/\/evolve-fitness.eu\/wp-content\/uploads\/2025\/06\/EV-PL-UL-590-Evolve-Ultra-Series-Plate-Loaded-Smith-Row-300x300.png 300w, https:\/\/evolve-fitness.eu\/wp-content\/uploads\/2025\/06\/EV-PL-UL-590-Evolve-Ultra-Series-Plate-Loaded-Smith-Row-1024x1024.png 1024w, https:\/\/evolve-fitness.eu\/wp-content\/uploads\/2025\/06\/EV-PL-UL-590-Evolve-Ultra-Series-Plate-Loaded-Smith-Row-150x150.png 150w, https:\/\/evolve-fitness.eu\/wp-content\/uploads\/2025\/06\/EV-PL-UL-590-Evolve-Ultra-Series-Plate-Loaded-Smith-Row-768x768.png 768w, https:\/\/evolve-fitness.eu\/wp-content\/uploads\/2025\/06\/EV-PL-UL-590-Evolve-Ultra-Series-Plate-Loaded-Smith-Row-1536x1536.png 1536w, https:\/\/evolve-fitness.eu\/wp-content\/uploads\/2025\/06\/EV-PL-UL-590-Evolve-Ultra-Series-Plate-Loaded-Smith-Row-2048x2048.png 2048w, https:\/\/evolve-fitness.eu\/wp-content\/uploads\/2025\/06\/EV-PL-UL-590-Evolve-Ultra-Series-Plate-Loaded-Smith-Row-600x600.png 600w\" sizes=\"auto, (max-width: 2200px) 100vw, 2200px\" \/><\/figure>\n<\/div>\n<\/div>\n\n\n\n<h3 class=\"wp-block-heading\" style=\"margin-bottom:var(--wp--preset--spacing--h-3-bottom)\"><\/h3>\n<\/section>\n","protected":false},"excerpt":{"rendered":"<p>L&rsquo;appareil Evolve Ultra Series Smith Row (EV-PL-UL-590) est con\u00e7u pour d\u00e9velopper les muscles du milieu et du haut du dos avec pr\u00e9cision et puissance. Dot\u00e9 d&rsquo;un m\u00e9canisme de barre de Smith guid\u00e9 pour un mouvement fluide et contr\u00f4l\u00e9, cet appareil favorise l&rsquo;alignement de la forme et la s\u00e9curit\u00e9 sous des charges importantes.   <\/p>\n","protected":false},"featured_media":200175,"template":"","meta":{"_acf_changed":false,"inline_featured_image":false},"product_brand":[],"product_cat":[5194,5333],"product_tag":[],"class_list":{"0":"post-236147","1":"product","2":"type-product","3":"status-publish","4":"has-post-thumbnail","6":"product_cat-machines-a-plateau","7":"product_cat-ultra-series-plate-loaded-machines","9":"first","10":"instock","11":"shipping-taxable","12":"purchasable","13":"product-type-simple"},"acf":{"long_title":"S\u00e9rie Evolve Ultra, rang\u00e9e de Smith charg\u00e9e de plaques","subtitle":"","specifications":[{"label":"SKU","text_value":"EV-PL-UL-590","icon":"x"},{"label":"Dimension","text_value":"1717 x 1737 x 1107 mm","icon":"x"},{"label":"Poids maximal de l'utilisateur","text_value":"180 kg","icon":"x"},{"label":"Poids","text_value":"161 kg","icon":"x"},{"label":"Poign\u00e9es antid\u00e9rapantes","text_value":"","icon":"v"},{"label":"Cadre m\u00e9tallique sans ar\u00eates vives","text_value":"","icon":"v"},{"label":"Protecteurs de sol durables","text_value":"","icon":"v"},{"label":"Poign\u00e9es antid\u00e9rapantes","text_value":"","icon":"v"},{"label":"Rembourrage \u00e9pais","text_value":"","icon":"v"},{"label":"Garantie","text_value":"2 ans","icon":"x"}],"product_frequently_asked_questions":null},"yoast_head":"<!-- This site is optimized with the Yoast SEO plugin v27.4 - https:\/\/yoast.com\/product\/yoast-seo-wordpress\/ -->\n<title>S\u00e9rie Evolve Ultra, rang\u00e9e de Smith charg\u00e9e de plaques - Evolve<\/title>\n<meta name=\"description\" content=\"Le banc de musculation Evolve Ultra Series (EV-PL-UL-590) est con\u00e7u pour d\u00e9velopper les muscles du milieu et du haut du dos avec pr\u00e9cision et puissance.\" \/>\n<meta name=\"robots\" content=\"index, follow, max-snippet:-1, max-image-preview:large, max-video-preview:-1\" \/>\n<link rel=\"canonical\" href=\"https:\/\/evolve-fitness.eu\/fr\/produit\/serie-evolve-ultra-rangee-de-smith-chargee-de-plaques\/\" \/>\n<meta property=\"og:locale\" content=\"fr_FR\" \/>\n<meta property=\"og:type\" content=\"article\" \/>\n<meta property=\"og:title\" content=\"S\u00e9rie Evolve Ultra, rang\u00e9e de Smith charg\u00e9e de plaques - Evolve\" \/>\n<meta property=\"og:description\" content=\"Le banc de musculation Evolve Ultra Series (EV-PL-UL-590) est con\u00e7u pour d\u00e9velopper les muscles du milieu et du haut du dos avec pr\u00e9cision et puissance.\" \/>\n<meta property=\"og:url\" content=\"https:\/\/evolve-fitness.eu\/fr\/produit\/serie-evolve-ultra-rangee-de-smith-chargee-de-plaques\/\" \/>\n<meta property=\"og:site_name\" content=\"Evolve\" \/>\n<meta property=\"article:publisher\" content=\"https:\/\/www.facebook.com\/EvolveFitnessEurope\" \/>\n<meta property=\"article:modified_time\" content=\"2026-04-23T06:09:05+00:00\" \/>\n<meta property=\"og:image\" content=\"https:\/\/evolve-fitness.eu\/wp-content\/uploads\/2025\/06\/EV-PL-UL-590-Evolve-Ultra-Series-Plate-Loaded-Smith-Row-1024x1024.png\" \/>\n\t<meta property=\"og:image:width\" content=\"1024\" \/>\n\t<meta property=\"og:image:height\" content=\"1024\" \/>\n\t<meta property=\"og:image:type\" content=\"image\/png\" \/>\n<meta name=\"twitter:card\" content=\"summary_large_image\" \/>\n<script type=\"application\/ld+json\" class=\"yoast-schema-graph\">{\"@context\":\"https:\\\/\\\/schema.org\",\"@graph\":[{\"@type\":\"WebPage\",\"@id\":\"https:\\\/\\\/evolve-fitness.eu\\\/fr\\\/produit\\\/serie-evolve-ultra-rangee-de-smith-chargee-de-plaques\\\/\",\"url\":\"https:\\\/\\\/evolve-fitness.eu\\\/fr\\\/produit\\\/serie-evolve-ultra-rangee-de-smith-chargee-de-plaques\\\/\",\"name\":\"S\u00e9rie Evolve Ultra, rang\u00e9e de Smith charg\u00e9e de plaques - Evolve\",\"isPartOf\":{\"@id\":\"https:\\\/\\\/evolve-fitness.eu\\\/fr\\\/#website\"},\"primaryImageOfPage\":{\"@id\":\"https:\\\/\\\/evolve-fitness.eu\\\/fr\\\/produit\\\/serie-evolve-ultra-rangee-de-smith-chargee-de-plaques\\\/#primaryimage\"},\"image\":{\"@id\":\"https:\\\/\\\/evolve-fitness.eu\\\/fr\\\/produit\\\/serie-evolve-ultra-rangee-de-smith-chargee-de-plaques\\\/#primaryimage\"},\"thumbnailUrl\":\"https:\\\/\\\/evolve-fitness.eu\\\/wp-content\\\/uploads\\\/2025\\\/06\\\/EV-PL-UL-590-Evolve-Ultra-Series-Plate-Loaded-Smith-Row.png\",\"datePublished\":\"2025-06-26T09:57:53+00:00\",\"dateModified\":\"2026-04-23T06:09:05+00:00\",\"description\":\"Le banc de musculation Evolve Ultra Series (EV-PL-UL-590) est con\u00e7u pour d\u00e9velopper les muscles du milieu et du haut du dos avec pr\u00e9cision et puissance.\",\"breadcrumb\":{\"@id\":\"https:\\\/\\\/evolve-fitness.eu\\\/fr\\\/produit\\\/serie-evolve-ultra-rangee-de-smith-chargee-de-plaques\\\/#breadcrumb\"},\"inLanguage\":\"fr-FR\",\"potentialAction\":[{\"@type\":\"ReadAction\",\"target\":[\"https:\\\/\\\/evolve-fitness.eu\\\/fr\\\/produit\\\/serie-evolve-ultra-rangee-de-smith-chargee-de-plaques\\\/\"]}]},{\"@type\":\"ImageObject\",\"inLanguage\":\"fr-FR\",\"@id\":\"https:\\\/\\\/evolve-fitness.eu\\\/fr\\\/produit\\\/serie-evolve-ultra-rangee-de-smith-chargee-de-plaques\\\/#primaryimage\",\"url\":\"https:\\\/\\\/evolve-fitness.eu\\\/wp-content\\\/uploads\\\/2025\\\/06\\\/EV-PL-UL-590-Evolve-Ultra-Series-Plate-Loaded-Smith-Row.png\",\"contentUrl\":\"https:\\\/\\\/evolve-fitness.eu\\\/wp-content\\\/uploads\\\/2025\\\/06\\\/EV-PL-UL-590-Evolve-Ultra-Series-Plate-Loaded-Smith-Row.png\",\"width\":2200,\"height\":2200},{\"@type\":\"BreadcrumbList\",\"@id\":\"https:\\\/\\\/evolve-fitness.eu\\\/fr\\\/produit\\\/serie-evolve-ultra-rangee-de-smith-chargee-de-plaques\\\/#breadcrumb\",\"itemListElement\":[{\"@type\":\"ListItem\",\"position\":1,\"name\":\"Home\",\"item\":\"https:\\\/\\\/evolve-fitness.eu\\\/fr\\\/\"},{\"@type\":\"ListItem\",\"position\":2,\"name\":\"Produits\",\"item\":\"https:\\\/\\\/evolve-fitness.eu\\\/fr\\\/shop\\\/\"},{\"@type\":\"ListItem\",\"position\":3,\"name\":\"S\u00e9rie Evolve Ultra, rang\u00e9e de Smith charg\u00e9e de plaques\"}]},{\"@type\":\"WebSite\",\"@id\":\"https:\\\/\\\/evolve-fitness.eu\\\/fr\\\/#website\",\"url\":\"https:\\\/\\\/evolve-fitness.eu\\\/fr\\\/\",\"name\":\"Evolve\",\"description\":\"Your Evolved Gear Arrived\",\"publisher\":{\"@id\":\"https:\\\/\\\/evolve-fitness.eu\\\/fr\\\/#organization\"},\"potentialAction\":[{\"@type\":\"SearchAction\",\"target\":{\"@type\":\"EntryPoint\",\"urlTemplate\":\"https:\\\/\\\/evolve-fitness.eu\\\/fr\\\/?s={search_term_string}\"},\"query-input\":{\"@type\":\"PropertyValueSpecification\",\"valueRequired\":true,\"valueName\":\"search_term_string\"}}],\"inLanguage\":\"fr-FR\"},{\"@type\":\"Organization\",\"@id\":\"https:\\\/\\\/evolve-fitness.eu\\\/fr\\\/#organization\",\"name\":\"Evolve\",\"url\":\"https:\\\/\\\/evolve-fitness.eu\\\/fr\\\/\",\"logo\":{\"@type\":\"ImageObject\",\"inLanguage\":\"fr-FR\",\"@id\":\"https:\\\/\\\/evolve-fitness.eu\\\/fr\\\/#\\\/schema\\\/logo\\\/image\\\/\",\"url\":\"https:\\\/\\\/evolve-fitness.eu\\\/wp-content\\\/uploads\\\/2023\\\/05\\\/Evolve-logo.svg\",\"contentUrl\":\"https:\\\/\\\/evolve-fitness.eu\\\/wp-content\\\/uploads\\\/2023\\\/05\\\/Evolve-logo.svg\",\"width\":176,\"height\":20,\"caption\":\"Evolve\"},\"image\":{\"@id\":\"https:\\\/\\\/evolve-fitness.eu\\\/fr\\\/#\\\/schema\\\/logo\\\/image\\\/\"},\"sameAs\":[\"https:\\\/\\\/www.facebook.com\\\/EvolveFitnessEurope\"]}]}<\/script>\n<!-- \/ Yoast SEO plugin. -->","yoast_head_json":{"title":"S\u00e9rie Evolve Ultra, rang\u00e9e de Smith charg\u00e9e de plaques - Evolve","description":"Le banc de musculation Evolve Ultra Series (EV-PL-UL-590) est con\u00e7u pour d\u00e9velopper les muscles du milieu et du haut du dos avec pr\u00e9cision et puissance.","robots":{"index":"index","follow":"follow","max-snippet":"max-snippet:-1","max-image-preview":"max-image-preview:large","max-video-preview":"max-video-preview:-1"},"canonical":"https:\/\/evolve-fitness.eu\/fr\/produit\/serie-evolve-ultra-rangee-de-smith-chargee-de-plaques\/","og_locale":"fr_FR","og_type":"article","og_title":"S\u00e9rie Evolve Ultra, rang\u00e9e de Smith charg\u00e9e de plaques - Evolve","og_description":"Le banc de musculation Evolve Ultra Series (EV-PL-UL-590) est con\u00e7u pour d\u00e9velopper les muscles du milieu et du haut du dos avec pr\u00e9cision et puissance.","og_url":"https:\/\/evolve-fitness.eu\/fr\/produit\/serie-evolve-ultra-rangee-de-smith-chargee-de-plaques\/","og_site_name":"Evolve","article_publisher":"https:\/\/www.facebook.com\/EvolveFitnessEurope","article_modified_time":"2026-04-23T06:09:05+00:00","og_image":[{"width":1024,"height":1024,"url":"https:\/\/evolve-fitness.eu\/wp-content\/uploads\/2025\/06\/EV-PL-UL-590-Evolve-Ultra-Series-Plate-Loaded-Smith-Row-1024x1024.png","type":"image\/png"}],"twitter_card":"summary_large_image","schema":{"@context":"https:\/\/schema.org","@graph":[{"@type":"WebPage","@id":"https:\/\/evolve-fitness.eu\/fr\/produit\/serie-evolve-ultra-rangee-de-smith-chargee-de-plaques\/","url":"https:\/\/evolve-fitness.eu\/fr\/produit\/serie-evolve-ultra-rangee-de-smith-chargee-de-plaques\/","name":"S\u00e9rie Evolve Ultra, rang\u00e9e de Smith charg\u00e9e de plaques - Evolve","isPartOf":{"@id":"https:\/\/evolve-fitness.eu\/fr\/#website"},"primaryImageOfPage":{"@id":"https:\/\/evolve-fitness.eu\/fr\/produit\/serie-evolve-ultra-rangee-de-smith-chargee-de-plaques\/#primaryimage"},"image":{"@id":"https:\/\/evolve-fitness.eu\/fr\/produit\/serie-evolve-ultra-rangee-de-smith-chargee-de-plaques\/#primaryimage"},"thumbnailUrl":"https:\/\/evolve-fitness.eu\/wp-content\/uploads\/2025\/06\/EV-PL-UL-590-Evolve-Ultra-Series-Plate-Loaded-Smith-Row.png","datePublished":"2025-06-26T09:57:53+00:00","dateModified":"2026-04-23T06:09:05+00:00","description":"Le banc de musculation Evolve Ultra Series (EV-PL-UL-590) est con\u00e7u pour d\u00e9velopper les muscles du milieu et du haut du dos avec pr\u00e9cision et puissance.","breadcrumb":{"@id":"https:\/\/evolve-fitness.eu\/fr\/produit\/serie-evolve-ultra-rangee-de-smith-chargee-de-plaques\/#breadcrumb"},"inLanguage":"fr-FR","potentialAction":[{"@type":"ReadAction","target":["https:\/\/evolve-fitness.eu\/fr\/produit\/serie-evolve-ultra-rangee-de-smith-chargee-de-plaques\/"]}]},{"@type":"ImageObject","inLanguage":"fr-FR","@id":"https:\/\/evolve-fitness.eu\/fr\/produit\/serie-evolve-ultra-rangee-de-smith-chargee-de-plaques\/#primaryimage","url":"https:\/\/evolve-fitness.eu\/wp-content\/uploads\/2025\/06\/EV-PL-UL-590-Evolve-Ultra-Series-Plate-Loaded-Smith-Row.png","contentUrl":"https:\/\/evolve-fitness.eu\/wp-content\/uploads\/2025\/06\/EV-PL-UL-590-Evolve-Ultra-Series-Plate-Loaded-Smith-Row.png","width":2200,"height":2200},{"@type":"BreadcrumbList","@id":"https:\/\/evolve-fitness.eu\/fr\/produit\/serie-evolve-ultra-rangee-de-smith-chargee-de-plaques\/#breadcrumb","itemListElement":[{"@type":"ListItem","position":1,"name":"Home","item":"https:\/\/evolve-fitness.eu\/fr\/"},{"@type":"ListItem","position":2,"name":"Produits","item":"https:\/\/evolve-fitness.eu\/fr\/shop\/"},{"@type":"ListItem","position":3,"name":"S\u00e9rie Evolve Ultra, rang\u00e9e de Smith charg\u00e9e de plaques"}]},{"@type":"WebSite","@id":"https:\/\/evolve-fitness.eu\/fr\/#website","url":"https:\/\/evolve-fitness.eu\/fr\/","name":"Evolve","description":"Your Evolved Gear Arrived","publisher":{"@id":"https:\/\/evolve-fitness.eu\/fr\/#organization"},"potentialAction":[{"@type":"SearchAction","target":{"@type":"EntryPoint","urlTemplate":"https:\/\/evolve-fitness.eu\/fr\/?s={search_term_string}"},"query-input":{"@type":"PropertyValueSpecification","valueRequired":true,"valueName":"search_term_string"}}],"inLanguage":"fr-FR"},{"@type":"Organization","@id":"https:\/\/evolve-fitness.eu\/fr\/#organization","name":"Evolve","url":"https:\/\/evolve-fitness.eu\/fr\/","logo":{"@type":"ImageObject","inLanguage":"fr-FR","@id":"https:\/\/evolve-fitness.eu\/fr\/#\/schema\/logo\/image\/","url":"https:\/\/evolve-fitness.eu\/wp-content\/uploads\/2023\/05\/Evolve-logo.svg","contentUrl":"https:\/\/evolve-fitness.eu\/wp-content\/uploads\/2023\/05\/Evolve-logo.svg","width":176,"height":20,"caption":"Evolve"},"image":{"@id":"https:\/\/evolve-fitness.eu\/fr\/#\/schema\/logo\/image\/"},"sameAs":["https:\/\/www.facebook.com\/EvolveFitnessEurope"]}]}},"_links":{"self":[{"href":"https:\/\/evolve-fitness.eu\/fr\/wp-json\/wp\/v2\/product\/236147","targetHints":{"allow":["GET"]}}],"collection":[{"href":"https:\/\/evolve-fitness.eu\/fr\/wp-json\/wp\/v2\/product"}],"about":[{"href":"https:\/\/evolve-fitness.eu\/fr\/wp-json\/wp\/v2\/types\/product"}],"wp:featuredmedia":[{"embeddable":true,"href":"https:\/\/evolve-fitness.eu\/fr\/wp-json\/wp\/v2\/media\/200175"}],"wp:attachment":[{"href":"https:\/\/evolve-fitness.eu\/fr\/wp-json\/wp\/v2\/media?parent=236147"}],"wp:term":[{"taxonomy":"product_brand","embeddable":true,"href":"https:\/\/evolve-fitness.eu\/fr\/wp-json\/wp\/v2\/product_brand?post=236147"},{"taxonomy":"product_cat","embeddable":true,"href":"https:\/\/evolve-fitness.eu\/fr\/wp-json\/wp\/v2\/product_cat?post=236147"},{"taxonomy":"product_tag","embeddable":true,"href":"https:\/\/evolve-fitness.eu\/fr\/wp-json\/wp\/v2\/product_tag?post=236147"}],"curies":[{"name":"wp","href":"https:\/\/api.w.org\/{rel}","templated":true}]}}