{"id":236405,"date":"2025-03-19T09:22:22","date_gmt":"2025-03-19T07:22:22","guid":{"rendered":"https:\/\/evolve-fitness.eu\/product\/serie-evolve-prime-rangee-dy-assise-et-chargee-de-plaques-ev-pl-pr-013\/"},"modified":"2026-04-23T09:14:53","modified_gmt":"2026-04-23T06:14:53","slug":"serie-evolve-prime-rangee-dy-assise-et-chargee-de-plaques-ev-pl-pr-013","status":"publish","type":"product","link":"https:\/\/evolve-fitness.eu\/fr\/produit\/serie-evolve-prime-rangee-dy-assise-et-chargee-de-plaques-ev-pl-pr-013\/","title":{"rendered":"S\u00e9rie Evolve Prime, rang\u00e9e DY assise et charg\u00e9e de plaques, EV-PL-PR-013"},"content":{"rendered":"\n<section class=\"wp-block-group alignfull has-lightgray-background-color has-background is-layout-constrained wp-block-group-is-layout-constrained\">\n<div class=\"wp-block-columns alignwide is-layout-flex wp-container-core-columns-is-layout-2edb0647 wp-block-columns-is-layout-flex\" style=\"margin-top:0;margin-bottom:0\">\n<div class=\"wp-block-column is-layout-flow wp-block-column-is-layout-flow\" style=\"flex-basis:33.33%\"><\/div>\n\n\n\n<div class=\"wp-block-column is-layout-flow wp-block-column-is-layout-flow\" style=\"flex-basis:66.66%\"><\/div>\n<\/div>\n<\/section>\n\n<section class=\"wp-block-group alignfull black-content has-white-color has-darkgray-background-color has-text-color has-background is-layout-constrained wp-block-group-is-layout-constrained\" style=\"padding-top:var(--wp--preset--spacing--section-bottom);padding-bottom:var(--wp--preset--spacing--section-bottom)\">\n<h3 class=\"wp-block-heading has-text-align-center\"><strong><strong>EVOLVE PLATE LOADED PRIME SERIES<\/strong><\/strong><\/h3>\n\n\n\n<p>Avec la s\u00e9rie Evolve Plate Loaded Prime, l&rsquo;excellence est la norme. Am\u00e9liorez votre entra\u00eenement musculaire avec des machines con\u00e7ues pour le confort, la durabilit\u00e9 et la performance. D\u00e9couvrez d\u00e8s aujourd&rsquo;hui l&rsquo;ensemble de la gamme et red\u00e9finissez votre parcours de remise en forme.  <\/p>\n\n\n\n<section class=\"wp-block-group alignfull black-content has-white-color has-darkgray-background-color has-text-color has-background is-layout-constrained wp-block-group-is-layout-constrained\" style=\"padding-top:var(--wp--preset--spacing--section-bottom);padding-bottom:var(--wp--preset--spacing--section-bottom)\">\n<div class=\"wp-block-columns alignwide mobile-reverse is-layout-flex wp-container-core-columns-is-layout-ca64bf2d wp-block-columns-is-layout-flex\" style=\"margin-bottom:var(--wp--preset--spacing--side-padding)\">\n<div class=\"wp-block-column is-vertically-aligned-center is-layout-flow wp-block-column-is-layout-flow\">\n<h3 class=\"wp-block-heading\" style=\"margin-bottom:var(--wp--preset--spacing--h-3-bottom)\"><strong><strong><strong><strong>Engagement sup\u00e9rieur du dos<\/strong><\/strong><\/strong><\/strong><\/h3>\n\n\n\n<p><strong><em><strong><strong>avec la biom\u00e9canique de pr\u00e9cision<\/strong><\/strong><\/em><\/strong><\/p>\n\n\n\n<p style=\"margin-bottom:var(--wp--preset--spacing--tb-section-padding)\">L&rsquo;appareil <strong>Evolve Prime Series Seated DY Row<\/strong> est con\u00e7u pour maximiser l&rsquo;activation des muscles du dos tout en maintenant une forme et un contr\u00f4le corrects. Dot\u00e9 d&rsquo;un si\u00e8ge ergonomique, d&rsquo;un coussin thoracique inclin\u00e9 et d&rsquo;un syst\u00e8me de r\u00e9sistance \u00e0 plaques, cet appareil cible les lombaires, les trap\u00e8zes et les delto\u00efdes arri\u00e8re avec pr\u00e9cision. Le mouvement ind\u00e9pendant des bras favorise un d\u00e9veloppement musculaire \u00e9quilibr\u00e9, tandis que les poign\u00e9es r\u00e9glables s&rsquo;adaptent \u00e0 diff\u00e9rentes positions de prise pour un entra\u00eenement personnalis\u00e9. Construit pour la force et la durabilit\u00e9, ce rameur est id\u00e9al pour les athl\u00e8tes et les amateurs de fitness qui cherchent \u00e0 am\u00e9liorer la puissance du haut du corps.   <\/p>\n\n\n\n<h3 class=\"wp-block-heading\" style=\"margin-bottom:var(--wp--preset--spacing--h-3-bottom)\"><strong><strong><strong><strong><strong><strong>Ciblez votre dos avec une efficacit\u00e9 in\u00e9gal\u00e9e<\/strong><\/strong><\/strong><\/strong><\/strong><\/strong><\/h3>\n\n\n\n<p><strong><em><strong>Optimisation biom\u00e9canique pour une activation musculaire maximale<\/strong><\/em><\/strong><\/p>\n\n\n\n<p>L&rsquo;<strong>Evolve Prime Series Plate Loaded Seated DY Row<\/strong> assure un mouvement de traction naturel qui am\u00e9liore l&rsquo;engagement du dos et minimise les tensions inutiles. Le support thoracique stabilise le torse, ce qui permet aux utilisateurs de se concentrer enti\u00e8rement sur la contraction et le contr\u00f4le. Le syst\u00e8me \u00e0 plaques permet une r\u00e9sistance progressive, ce qui le rend adapt\u00e9 \u00e0 tous les niveaux de condition physique. Que vous cherchiez \u00e0 vous renforcer, \u00e0 am\u00e9liorer votre posture ou \u00e0 augmenter votre masse musculaire, cet appareil vous offre un entra\u00eenement du dos puissant et efficace \u00e0 chaque r\u00e9p\u00e9tition.   <\/p>\n<\/div>\n\n\n\n<div class=\"wp-block-column is-vertically-aligned-center is-layout-flow wp-block-column-is-layout-flow\">\n<figure class=\"wp-block-image size-large\"><img loading=\"lazy\" decoding=\"async\" width=\"1024\" height=\"1024\" src=\"https:\/\/evolve-fitness.eu\/wp-content\/uploads\/2025\/03\/EV-PL-PR-013-Evolve-Prime-Series-Plate-Loaded-Seated-DY-Row-Recovered-1024x1024.png\" alt=\"EV-PL-PR-013\" class=\"wp-image-187161\" srcset=\"https:\/\/evolve-fitness.eu\/wp-content\/uploads\/2025\/03\/EV-PL-PR-013-Evolve-Prime-Series-Plate-Loaded-Seated-DY-Row-Recovered-1024x1024.png 1024w, https:\/\/evolve-fitness.eu\/wp-content\/uploads\/2025\/03\/EV-PL-PR-013-Evolve-Prime-Series-Plate-Loaded-Seated-DY-Row-Recovered-300x300.png 300w, https:\/\/evolve-fitness.eu\/wp-content\/uploads\/2025\/03\/EV-PL-PR-013-Evolve-Prime-Series-Plate-Loaded-Seated-DY-Row-Recovered-150x150.png 150w, https:\/\/evolve-fitness.eu\/wp-content\/uploads\/2025\/03\/EV-PL-PR-013-Evolve-Prime-Series-Plate-Loaded-Seated-DY-Row-Recovered-768x768.png 768w, https:\/\/evolve-fitness.eu\/wp-content\/uploads\/2025\/03\/EV-PL-PR-013-Evolve-Prime-Series-Plate-Loaded-Seated-DY-Row-Recovered-1536x1536.png 1536w, https:\/\/evolve-fitness.eu\/wp-content\/uploads\/2025\/03\/EV-PL-PR-013-Evolve-Prime-Series-Plate-Loaded-Seated-DY-Row-Recovered-2048x2048.png 2048w, https:\/\/evolve-fitness.eu\/wp-content\/uploads\/2025\/03\/EV-PL-PR-013-Evolve-Prime-Series-Plate-Loaded-Seated-DY-Row-Recovered-600x600.png 600w\" sizes=\"auto, (max-width: 1024px) 100vw, 1024px\" \/><\/figure>\n<\/div>\n<\/div>\n<\/section>\n<\/section>\n","protected":false},"excerpt":{"rendered":"<p>L&rsquo;Evolve Prime Series Seated DY Row (EV-PL-PR-013) est un appareil de musculation de haute performance con\u00e7u pour maximiser l&rsquo;engagement des muscles du dos avec une r\u00e9sistance contr\u00f4l\u00e9e et charg\u00e9e de plaques. Con\u00e7u pour une biom\u00e9canique sup\u00e9rieure, cet appareil cible efficacement le latissimus dorsi, les rhombo\u00efdes, les trap\u00e8zes et les delto\u00efdes arri\u00e8re, ce qui favorise le d\u00e9veloppement et la puissance du haut du corps. Gr\u00e2ce \u00e0 son si\u00e8ge ergonomique et \u00e0 ses poign\u00e9es inclin\u00e9es, il garantit une posture optimale et l&rsquo;efficacit\u00e9 des mouvements, ce qui en fait un outil essentiel pour les athl\u00e8tes, les bodybuilders et les amateurs de fitness qui souhaitent am\u00e9liorer la force du dos et la d\u00e9finition des muscles.  <\/p>\n","protected":false},"featured_media":187169,"template":"","meta":{"_acf_changed":false,"inline_featured_image":false},"product_brand":[],"product_cat":[5194,5195],"product_tag":[],"class_list":{"0":"post-236405","1":"product","2":"type-product","3":"status-publish","4":"has-post-thumbnail","6":"product_cat-machines-a-plateau","7":"product_cat-prime-series-plate-loaded-fr","9":"first","10":"instock","11":"shipping-taxable","12":"purchasable","13":"product-type-simple"},"acf":{"long_title":"S\u00e9rie Evolve Prime, rang\u00e9e DY assise et charg\u00e9e de plaques, EV-PL-PR-013","subtitle":"","specifications":[{"label":"SKU","text_value":"EV-PL-PR-013","icon":"x"},{"label":"Dimensions","text_value":"1465 x 1625 x 2140 mm","icon":"x"},{"label":"Poids","text_value":"160 kg","icon":"x"},{"label":"Peinture anticorrosion","text_value":"","icon":"v"},{"label":"Cadre m\u00e9tallique sans ar\u00eates vives","text_value":"","icon":"v"},{"label":"Protecteurs de sol durables","text_value":"","icon":"v"},{"label":"Poign\u00e9es antid\u00e9rapantes","text_value":"","icon":"v"},{"label":"Rembourrage \u00e9pais","text_value":"","icon":"v"},{"label":"Garantie","text_value":"2 ans","icon":"x"}],"product_frequently_asked_questions":null},"yoast_head":"<!-- This site is optimized with the Yoast SEO plugin v27.4 - https:\/\/yoast.com\/product\/yoast-seo-wordpress\/ -->\n<title>S\u00e9rie Evolve Prime, rang\u00e9e DY assise et charg\u00e9e de plaques, EV-PL-PR-013 - Evolve<\/title>\n<meta name=\"robots\" content=\"index, follow, max-snippet:-1, max-image-preview:large, max-video-preview:-1\" \/>\n<link rel=\"canonical\" href=\"https:\/\/evolve-fitness.eu\/fr\/produit\/serie-evolve-prime-rangee-dy-assise-et-chargee-de-plaques-ev-pl-pr-013\/\" \/>\n<meta property=\"og:locale\" content=\"fr_FR\" \/>\n<meta property=\"og:type\" content=\"article\" \/>\n<meta property=\"og:title\" content=\"S\u00e9rie Evolve Prime, rang\u00e9e DY assise et charg\u00e9e de plaques, EV-PL-PR-013 - Evolve\" \/>\n<meta property=\"og:url\" content=\"https:\/\/evolve-fitness.eu\/fr\/produit\/serie-evolve-prime-rangee-dy-assise-et-chargee-de-plaques-ev-pl-pr-013\/\" \/>\n<meta property=\"og:site_name\" content=\"Evolve\" \/>\n<meta property=\"article:publisher\" content=\"https:\/\/www.facebook.com\/EvolveFitnessEurope\" \/>\n<meta property=\"article:modified_time\" content=\"2026-04-23T06:14:53+00:00\" \/>\n<meta property=\"og:image\" content=\"https:\/\/evolve-fitness.eu\/wp-content\/uploads\/2025\/03\/EV-PL-PR-013-Evolve-Prime-Series-Plate-Loaded-Seated-DY-Row-Recovered.png\" \/>\n\t<meta property=\"og:image:width\" content=\"3000\" \/>\n\t<meta property=\"og:image:height\" content=\"3000\" \/>\n\t<meta property=\"og:image:type\" content=\"image\/png\" \/>\n<meta name=\"twitter:card\" content=\"summary_large_image\" \/>\n<script type=\"application\/ld+json\" class=\"yoast-schema-graph\">{\"@context\":\"https:\\\/\\\/schema.org\",\"@graph\":[{\"@type\":\"WebPage\",\"@id\":\"https:\\\/\\\/evolve-fitness.eu\\\/fr\\\/produit\\\/serie-evolve-prime-rangee-dy-assise-et-chargee-de-plaques-ev-pl-pr-013\\\/\",\"url\":\"https:\\\/\\\/evolve-fitness.eu\\\/fr\\\/produit\\\/serie-evolve-prime-rangee-dy-assise-et-chargee-de-plaques-ev-pl-pr-013\\\/\",\"name\":\"S\u00e9rie Evolve Prime, rang\u00e9e DY assise et charg\u00e9e de plaques, EV-PL-PR-013 - Evolve\",\"isPartOf\":{\"@id\":\"https:\\\/\\\/evolve-fitness.eu\\\/fr\\\/#website\"},\"primaryImageOfPage\":{\"@id\":\"https:\\\/\\\/evolve-fitness.eu\\\/fr\\\/produit\\\/serie-evolve-prime-rangee-dy-assise-et-chargee-de-plaques-ev-pl-pr-013\\\/#primaryimage\"},\"image\":{\"@id\":\"https:\\\/\\\/evolve-fitness.eu\\\/fr\\\/produit\\\/serie-evolve-prime-rangee-dy-assise-et-chargee-de-plaques-ev-pl-pr-013\\\/#primaryimage\"},\"thumbnailUrl\":\"https:\\\/\\\/evolve-fitness.eu\\\/wp-content\\\/uploads\\\/2025\\\/03\\\/EV-PL-PR-013-Evolve-Prime-Series-Plate-Loaded-Seated-DY-Row-Recovered.png\",\"datePublished\":\"2025-03-19T07:22:22+00:00\",\"dateModified\":\"2026-04-23T06:14:53+00:00\",\"breadcrumb\":{\"@id\":\"https:\\\/\\\/evolve-fitness.eu\\\/fr\\\/produit\\\/serie-evolve-prime-rangee-dy-assise-et-chargee-de-plaques-ev-pl-pr-013\\\/#breadcrumb\"},\"inLanguage\":\"fr-FR\",\"potentialAction\":[{\"@type\":\"ReadAction\",\"target\":[\"https:\\\/\\\/evolve-fitness.eu\\\/fr\\\/produit\\\/serie-evolve-prime-rangee-dy-assise-et-chargee-de-plaques-ev-pl-pr-013\\\/\"]}]},{\"@type\":\"ImageObject\",\"inLanguage\":\"fr-FR\",\"@id\":\"https:\\\/\\\/evolve-fitness.eu\\\/fr\\\/produit\\\/serie-evolve-prime-rangee-dy-assise-et-chargee-de-plaques-ev-pl-pr-013\\\/#primaryimage\",\"url\":\"https:\\\/\\\/evolve-fitness.eu\\\/wp-content\\\/uploads\\\/2025\\\/03\\\/EV-PL-PR-013-Evolve-Prime-Series-Plate-Loaded-Seated-DY-Row-Recovered.png\",\"contentUrl\":\"https:\\\/\\\/evolve-fitness.eu\\\/wp-content\\\/uploads\\\/2025\\\/03\\\/EV-PL-PR-013-Evolve-Prime-Series-Plate-Loaded-Seated-DY-Row-Recovered.png\",\"width\":3000,\"height\":3000,\"caption\":\"EV-PL-PR-013\"},{\"@type\":\"BreadcrumbList\",\"@id\":\"https:\\\/\\\/evolve-fitness.eu\\\/fr\\\/produit\\\/serie-evolve-prime-rangee-dy-assise-et-chargee-de-plaques-ev-pl-pr-013\\\/#breadcrumb\",\"itemListElement\":[{\"@type\":\"ListItem\",\"position\":1,\"name\":\"Home\",\"item\":\"https:\\\/\\\/evolve-fitness.eu\\\/fr\\\/\"},{\"@type\":\"ListItem\",\"position\":2,\"name\":\"Produits\",\"item\":\"https:\\\/\\\/evolve-fitness.eu\\\/fr\\\/shop\\\/\"},{\"@type\":\"ListItem\",\"position\":3,\"name\":\"S\u00e9rie Evolve Prime, rang\u00e9e DY assise et charg\u00e9e de plaques, EV-PL-PR-013\"}]},{\"@type\":\"WebSite\",\"@id\":\"https:\\\/\\\/evolve-fitness.eu\\\/fr\\\/#website\",\"url\":\"https:\\\/\\\/evolve-fitness.eu\\\/fr\\\/\",\"name\":\"Evolve\",\"description\":\"Your Evolved Gear Arrived\",\"publisher\":{\"@id\":\"https:\\\/\\\/evolve-fitness.eu\\\/fr\\\/#organization\"},\"potentialAction\":[{\"@type\":\"SearchAction\",\"target\":{\"@type\":\"EntryPoint\",\"urlTemplate\":\"https:\\\/\\\/evolve-fitness.eu\\\/fr\\\/?s={search_term_string}\"},\"query-input\":{\"@type\":\"PropertyValueSpecification\",\"valueRequired\":true,\"valueName\":\"search_term_string\"}}],\"inLanguage\":\"fr-FR\"},{\"@type\":\"Organization\",\"@id\":\"https:\\\/\\\/evolve-fitness.eu\\\/fr\\\/#organization\",\"name\":\"Evolve\",\"url\":\"https:\\\/\\\/evolve-fitness.eu\\\/fr\\\/\",\"logo\":{\"@type\":\"ImageObject\",\"inLanguage\":\"fr-FR\",\"@id\":\"https:\\\/\\\/evolve-fitness.eu\\\/fr\\\/#\\\/schema\\\/logo\\\/image\\\/\",\"url\":\"https:\\\/\\\/evolve-fitness.eu\\\/wp-content\\\/uploads\\\/2023\\\/05\\\/Evolve-logo.svg\",\"contentUrl\":\"https:\\\/\\\/evolve-fitness.eu\\\/wp-content\\\/uploads\\\/2023\\\/05\\\/Evolve-logo.svg\",\"width\":176,\"height\":20,\"caption\":\"Evolve\"},\"image\":{\"@id\":\"https:\\\/\\\/evolve-fitness.eu\\\/fr\\\/#\\\/schema\\\/logo\\\/image\\\/\"},\"sameAs\":[\"https:\\\/\\\/www.facebook.com\\\/EvolveFitnessEurope\"]}]}<\/script>\n<!-- \/ Yoast SEO plugin. -->","yoast_head_json":{"title":"S\u00e9rie Evolve Prime, rang\u00e9e DY assise et charg\u00e9e de plaques, EV-PL-PR-013 - Evolve","robots":{"index":"index","follow":"follow","max-snippet":"max-snippet:-1","max-image-preview":"max-image-preview:large","max-video-preview":"max-video-preview:-1"},"canonical":"https:\/\/evolve-fitness.eu\/fr\/produit\/serie-evolve-prime-rangee-dy-assise-et-chargee-de-plaques-ev-pl-pr-013\/","og_locale":"fr_FR","og_type":"article","og_title":"S\u00e9rie Evolve Prime, rang\u00e9e DY assise et charg\u00e9e de plaques, EV-PL-PR-013 - Evolve","og_url":"https:\/\/evolve-fitness.eu\/fr\/produit\/serie-evolve-prime-rangee-dy-assise-et-chargee-de-plaques-ev-pl-pr-013\/","og_site_name":"Evolve","article_publisher":"https:\/\/www.facebook.com\/EvolveFitnessEurope","article_modified_time":"2026-04-23T06:14:53+00:00","og_image":[{"width":3000,"height":3000,"url":"https:\/\/evolve-fitness.eu\/wp-content\/uploads\/2025\/03\/EV-PL-PR-013-Evolve-Prime-Series-Plate-Loaded-Seated-DY-Row-Recovered.png","type":"image\/png"}],"twitter_card":"summary_large_image","schema":{"@context":"https:\/\/schema.org","@graph":[{"@type":"WebPage","@id":"https:\/\/evolve-fitness.eu\/fr\/produit\/serie-evolve-prime-rangee-dy-assise-et-chargee-de-plaques-ev-pl-pr-013\/","url":"https:\/\/evolve-fitness.eu\/fr\/produit\/serie-evolve-prime-rangee-dy-assise-et-chargee-de-plaques-ev-pl-pr-013\/","name":"S\u00e9rie Evolve Prime, rang\u00e9e DY assise et charg\u00e9e de plaques, EV-PL-PR-013 - Evolve","isPartOf":{"@id":"https:\/\/evolve-fitness.eu\/fr\/#website"},"primaryImageOfPage":{"@id":"https:\/\/evolve-fitness.eu\/fr\/produit\/serie-evolve-prime-rangee-dy-assise-et-chargee-de-plaques-ev-pl-pr-013\/#primaryimage"},"image":{"@id":"https:\/\/evolve-fitness.eu\/fr\/produit\/serie-evolve-prime-rangee-dy-assise-et-chargee-de-plaques-ev-pl-pr-013\/#primaryimage"},"thumbnailUrl":"https:\/\/evolve-fitness.eu\/wp-content\/uploads\/2025\/03\/EV-PL-PR-013-Evolve-Prime-Series-Plate-Loaded-Seated-DY-Row-Recovered.png","datePublished":"2025-03-19T07:22:22+00:00","dateModified":"2026-04-23T06:14:53+00:00","breadcrumb":{"@id":"https:\/\/evolve-fitness.eu\/fr\/produit\/serie-evolve-prime-rangee-dy-assise-et-chargee-de-plaques-ev-pl-pr-013\/#breadcrumb"},"inLanguage":"fr-FR","potentialAction":[{"@type":"ReadAction","target":["https:\/\/evolve-fitness.eu\/fr\/produit\/serie-evolve-prime-rangee-dy-assise-et-chargee-de-plaques-ev-pl-pr-013\/"]}]},{"@type":"ImageObject","inLanguage":"fr-FR","@id":"https:\/\/evolve-fitness.eu\/fr\/produit\/serie-evolve-prime-rangee-dy-assise-et-chargee-de-plaques-ev-pl-pr-013\/#primaryimage","url":"https:\/\/evolve-fitness.eu\/wp-content\/uploads\/2025\/03\/EV-PL-PR-013-Evolve-Prime-Series-Plate-Loaded-Seated-DY-Row-Recovered.png","contentUrl":"https:\/\/evolve-fitness.eu\/wp-content\/uploads\/2025\/03\/EV-PL-PR-013-Evolve-Prime-Series-Plate-Loaded-Seated-DY-Row-Recovered.png","width":3000,"height":3000,"caption":"EV-PL-PR-013"},{"@type":"BreadcrumbList","@id":"https:\/\/evolve-fitness.eu\/fr\/produit\/serie-evolve-prime-rangee-dy-assise-et-chargee-de-plaques-ev-pl-pr-013\/#breadcrumb","itemListElement":[{"@type":"ListItem","position":1,"name":"Home","item":"https:\/\/evolve-fitness.eu\/fr\/"},{"@type":"ListItem","position":2,"name":"Produits","item":"https:\/\/evolve-fitness.eu\/fr\/shop\/"},{"@type":"ListItem","position":3,"name":"S\u00e9rie Evolve Prime, rang\u00e9e DY assise et charg\u00e9e de plaques, EV-PL-PR-013"}]},{"@type":"WebSite","@id":"https:\/\/evolve-fitness.eu\/fr\/#website","url":"https:\/\/evolve-fitness.eu\/fr\/","name":"Evolve","description":"Your Evolved Gear Arrived","publisher":{"@id":"https:\/\/evolve-fitness.eu\/fr\/#organization"},"potentialAction":[{"@type":"SearchAction","target":{"@type":"EntryPoint","urlTemplate":"https:\/\/evolve-fitness.eu\/fr\/?s={search_term_string}"},"query-input":{"@type":"PropertyValueSpecification","valueRequired":true,"valueName":"search_term_string"}}],"inLanguage":"fr-FR"},{"@type":"Organization","@id":"https:\/\/evolve-fitness.eu\/fr\/#organization","name":"Evolve","url":"https:\/\/evolve-fitness.eu\/fr\/","logo":{"@type":"ImageObject","inLanguage":"fr-FR","@id":"https:\/\/evolve-fitness.eu\/fr\/#\/schema\/logo\/image\/","url":"https:\/\/evolve-fitness.eu\/wp-content\/uploads\/2023\/05\/Evolve-logo.svg","contentUrl":"https:\/\/evolve-fitness.eu\/wp-content\/uploads\/2023\/05\/Evolve-logo.svg","width":176,"height":20,"caption":"Evolve"},"image":{"@id":"https:\/\/evolve-fitness.eu\/fr\/#\/schema\/logo\/image\/"},"sameAs":["https:\/\/www.facebook.com\/EvolveFitnessEurope"]}]}},"_links":{"self":[{"href":"https:\/\/evolve-fitness.eu\/fr\/wp-json\/wp\/v2\/product\/236405","targetHints":{"allow":["GET"]}}],"collection":[{"href":"https:\/\/evolve-fitness.eu\/fr\/wp-json\/wp\/v2\/product"}],"about":[{"href":"https:\/\/evolve-fitness.eu\/fr\/wp-json\/wp\/v2\/types\/product"}],"wp:featuredmedia":[{"embeddable":true,"href":"https:\/\/evolve-fitness.eu\/fr\/wp-json\/wp\/v2\/media\/187169"}],"wp:attachment":[{"href":"https:\/\/evolve-fitness.eu\/fr\/wp-json\/wp\/v2\/media?parent=236405"}],"wp:term":[{"taxonomy":"product_brand","embeddable":true,"href":"https:\/\/evolve-fitness.eu\/fr\/wp-json\/wp\/v2\/product_brand?post=236405"},{"taxonomy":"product_cat","embeddable":true,"href":"https:\/\/evolve-fitness.eu\/fr\/wp-json\/wp\/v2\/product_cat?post=236405"},{"taxonomy":"product_tag","embeddable":true,"href":"https:\/\/evolve-fitness.eu\/fr\/wp-json\/wp\/v2\/product_tag?post=236405"}],"curies":[{"name":"wp","href":"https:\/\/api.w.org\/{rel}","templated":true}]}}